{"id":32554,"date":"2023-09-12T15:28:17","date_gmt":"2023-09-12T13:28:17","guid":{"rendered":"https:\/\/shezamme.com\/?post_type=product&#038;p=32554"},"modified":"2025-03-22T16:15:06","modified_gmt":"2025-03-22T15:15:06","slug":"dzieciece-adidas-yeezy-boost-350-v2-israfil","status":"publish","type":"product","link":"https:\/\/shezamme.com\/en\/sklep\/buty\/kids\/adidas-yeezy-kids\/buty-dla-dzieci-adidas-yeezy-350\/dzieciece-adidas-yeezy-boost-350-v2-israfil\/","title":{"rendered":"Dzieci\u0119ce Adidas Yeezy Boost 350 V2 Israfil"},"content":{"rendered":"<h2 class=\"\" data-start=\"0\" data-end=\"63\">Komfort i ziemista paleta w dzieci\u0119cej ods\u0142onie Yeezy 350 V2<\/h2>\n<p class=\"\" data-start=\"65\" data-end=\"382\">Adidas Yeezy Boost 350 V2 &#8222;Israfil&#8221; (GS) to dzieci\u0119ca wersja kultowego modelu, \u0142\u0105cz\u0105ca elastyczny Primeknit z zr\u00f3wnowa\u017con\u0105 kolorystyk\u0105. Szaroniebieska cholewka z jasnymi, \u017c\u00f3\u0142to-be\u017cowymi akcentami tworzy spokojn\u0105, a zarazem dynamiczn\u0105 kompozycj\u0119, uzupe\u0142nion\u0105 p\u00f3\u0142przezroczystym paskiem bocznym w cieplejszym odcieniu.<\/p>\n<p class=\"\" data-start=\"384\" data-end=\"707\">Dzi\u0119ki amortyzacji Boost but oferuje mi\u0119kko\u015b\u0107 i spr\u0119\u017cysto\u015b\u0107 przy ka\u017cdym kroku, a gumowa podeszwa z zygzakowatym bie\u017cnikiem zapewnia stabilno\u015b\u0107 w codziennym u\u017cytkowaniu. Konstrukcja sock-fit oraz opcjonalny system sznurowania umo\u017cliwiaj\u0105 \u0142atwe dopasowanie, czyni\u0105c ten model idealnym wyborem dla m\u0142odszych fan\u00f3w serii Yeezy.<\/p>","protected":false},"excerpt":{"rendered":"<article class=\"group\/turn w-full text-token-text-primary focus-visible:outline-2 focus-visible:outline-offset-[-4px]\" dir=\"auto\" data-testid=\"conversation-turn-76\" data-scroll-anchor=\"true\">\n<div class=\"text-base my-auto mx-auto py-[18px] px-6\">\n<div class=\"mx-auto flex flex-1 text-base gap-4 md:gap-5 lg:gap-6 md:max-w-3xl lg:max-w-[40rem] xl:max-w-[48rem]\">\n<div class=\"group\/conversation-turn relative flex w-full min-w-0 flex-col agent-turn @xs\/thread:px-0 @sm\/thread:px-1.5 @md\/thread:px-4\">\n<div class=\"flex-col gap-1 md:gap-3\">\n<div class=\"flex max-w-full flex-col flex-grow\">\n<div class=\"min-h-8 text-message relative flex w-full flex-col items-end gap-2 whitespace-normal break-words text-start [.text-message+&amp;]:mt-5\" dir=\"auto\" data-message-author-role=\"assistant\" data-message-id=\"343b919b-e411-43a4-9152-11fe8123cc50\" data-message-model-slug=\"gpt-4o\">\n<div class=\"flex w-full flex-col gap-1 empty:hidden first:pt-[3px]\">\n<div class=\"markdown prose w-full break-words dark:prose-invert light\">\n<h2 class=\"\" data-start=\"0\" data-end=\"55\">Dzieci\u0119cy komfort i stonowana estetyka w stylu Yeezy<\/h2>\n<p class=\"\" data-start=\"57\" data-end=\"447\">Adidas Yeezy Boost 350 V2 &#8222;Israfil&#8221; (GS) \u0142\u0105czy przewiewny Primeknit z ziemist\u0105 palet\u0105 szaroniebieskich i be\u017cowych ton\u00f3w, tworz\u0105c harmonijny, nowoczesny look. P\u00f3\u0142przezroczysty pasek boczny dodaje g\u0142\u0119bi, a amortyzacja Boost gwarantuje wygod\u0119 przez ca\u0142y dzie\u0144. Dzi\u0119ki elastycznemu dopasowaniu i trwa\u0142ej podeszwie z zygzakowatym bie\u017cnikiem, model idealnie sprawdza si\u0119 w dzieci\u0119cym u\u017cytkowaniu.<\/p>\n<\/div>\n<\/div>\n<\/div>\n<\/div>\n<div class=\"mb-2 flex gap-3 -ml-2\">\n<div class=\"flex items-center justify-start rounded-xl p-1\">\n<div><\/div>\n<\/div>\n<\/div>\n<div class=\"mt-3 w-full empty:hidden\">\n<div class=\"text-center\"><\/div>\n<\/div>\n<\/div>\n<div class=\"absolute\">\n<div class=\"flex items-center justify-center\"><\/div>\n<\/div>\n<\/div>\n<\/div>\n<\/div>\n<\/article>\n<div class=\"pointer-events-none h-px w-px\" aria-hidden=\"true\" data-edge=\"true\"><\/div>\n","protected":false},"featured_media":32579,"template":"","meta":{"_acf_changed":false},"pwb-brand":[749],"product_brand":[],"product_cat":[16,505,899,937,93,906],"product_tag":[1008,1009],"class_list":{"0":"post-32554","1":"product","2":"type-product","3":"status-publish","4":"has-post-thumbnail","6":"pwb-brand-air-jordan","7":"product_cat-buty","8":"product_cat-kids","9":"product_cat-adidas-yeezy-kids","10":"product_cat-buty-dla-dzieci-adidas-yeezy-350","11":"product_cat-nike","12":"product_cat-wszystkie-buty-kids","13":"product_tag-kobieta","14":"product_tag-mezczyzna","16":"first","17":"onbackorder","18":"taxable","19":"shipping-taxable","20":"purchasable","21":"product-type-variable","22":"has-default-attributes"},"acf":[],"yoast_head":"<!-- This site is optimized with the Yoast SEO plugin v27.2 - https:\/\/yoast.com\/product\/yoast-seo-wordpress\/ -->\n<title>Dzieci\u0119ce Adidas Yeezy Boost 350 V2 Israfil - SHEZAMME<\/title>\n<meta name=\"description\" content=\"Dzieci\u0119ce Adidas Yeezy Boost 350 V2 Israfil | Luksusowe i autentyczne przedmioty w jednym miejscu. B\u0105d\u017a na bie\u017c\u0105co i sprawd\u017a nasz\u0105 ofert\u0119 ju\u017c teraz\" \/>\n<meta name=\"robots\" content=\"index, follow, max-snippet:-1, max-image-preview:large, max-video-preview:-1\" \/>\n<link rel=\"canonical\" href=\"https:\/\/shezamme.com\/en\/sklep\/sneakers-2\/kids\/adidas-yeezy-kids\/kids-shoes-adidas-yeezy-350\/dzieciece-adidas-yeezy-boost-350-v2-israfil\/\" \/>\n<meta property=\"og:locale\" content=\"en_US\" \/>\n<meta property=\"og:type\" content=\"article\" \/>\n<meta property=\"og:title\" content=\"Dzieci\u0119ce Adidas Yeezy Boost 350 V2 Israfil - SHEZAMME\" \/>\n<meta property=\"og:description\" content=\"Dzieci\u0119ce Adidas Yeezy Boost 350 V2 Israfil | Luksusowe i autentyczne przedmioty w jednym miejscu. B\u0105d\u017a na bie\u017c\u0105co i sprawd\u017a nasz\u0105 ofert\u0119 ju\u017c teraz\" \/>\n<meta property=\"og:url\" content=\"https:\/\/shezamme.com\/en\/sklep\/sneakers-2\/kids\/adidas-yeezy-kids\/kids-shoes-adidas-yeezy-350\/dzieciece-adidas-yeezy-boost-350-v2-israfil\/\" \/>\n<meta property=\"og:site_name\" content=\"SHEZAMME - Yeezy, Jordan, Supreme i inne oryginalne rzeczy\" \/>\n<meta property=\"article:publisher\" content=\"https:\/\/www.facebook.com\/SHEZAMME\/\" \/>\n<meta property=\"article:modified_time\" content=\"2025-03-22T15:15:06+00:00\" \/>\n<meta property=\"og:image\" content=\"https:\/\/shezamme.com\/wp-content\/uploads\/2023\/09\/IMG_4229.jpg\" \/>\n\t<meta property=\"og:image:width\" content=\"1170\" \/>\n\t<meta property=\"og:image:height\" content=\"1054\" \/>\n\t<meta property=\"og:image:type\" content=\"image\/jpeg\" \/>\n<meta name=\"twitter:card\" content=\"summary_large_image\" \/>\n<meta name=\"twitter:site\" content=\"@SHEZAMME\" \/>\n<meta name=\"twitter:label1\" content=\"Est. reading time\" \/>\n\t<meta name=\"twitter:data1\" content=\"1 minute\" \/>\n<script type=\"application\/ld+json\" class=\"yoast-schema-graph\">{\"@context\":\"https:\/\/schema.org\",\"@graph\":[{\"@type\":\"WebPage\",\"@id\":\"https:\/\/shezamme.com\/sklep\/buty\/kids\/adidas-yeezy-kids\/buty-dla-dzieci-adidas-yeezy-350\/dzieciece-adidas-yeezy-boost-350-v2-israfil\/\",\"url\":\"https:\/\/shezamme.com\/sklep\/buty\/kids\/adidas-yeezy-kids\/buty-dla-dzieci-adidas-yeezy-350\/dzieciece-adidas-yeezy-boost-350-v2-israfil\/\",\"name\":\"Dzieci\u0119ce Adidas Yeezy Boost 350 V2 Israfil - SHEZAMME\",\"isPartOf\":{\"@id\":\"https:\/\/shezamme.com\/#website\"},\"primaryImageOfPage\":{\"@id\":\"https:\/\/shezamme.com\/sklep\/buty\/kids\/adidas-yeezy-kids\/buty-dla-dzieci-adidas-yeezy-350\/dzieciece-adidas-yeezy-boost-350-v2-israfil\/#primaryimage\"},\"image\":{\"@id\":\"https:\/\/shezamme.com\/sklep\/buty\/kids\/adidas-yeezy-kids\/buty-dla-dzieci-adidas-yeezy-350\/dzieciece-adidas-yeezy-boost-350-v2-israfil\/#primaryimage\"},\"thumbnailUrl\":\"https:\/\/shezamme.com\/wp-content\/uploads\/2023\/09\/IMG_4229.jpg\",\"datePublished\":\"2023-09-12T13:28:17+00:00\",\"dateModified\":\"2025-03-22T15:15:06+00:00\",\"description\":\"Dzieci\u0119ce Adidas Yeezy Boost 350 V2 Israfil | Luksusowe i autentyczne przedmioty w jednym miejscu. B\u0105d\u017a na bie\u017c\u0105co i sprawd\u017a nasz\u0105 ofert\u0119 ju\u017c teraz\",\"breadcrumb\":{\"@id\":\"https:\/\/shezamme.com\/sklep\/buty\/kids\/adidas-yeezy-kids\/buty-dla-dzieci-adidas-yeezy-350\/dzieciece-adidas-yeezy-boost-350-v2-israfil\/#breadcrumb\"},\"inLanguage\":\"en-US\",\"potentialAction\":[{\"@type\":\"ReadAction\",\"target\":[\"https:\/\/shezamme.com\/sklep\/buty\/kids\/adidas-yeezy-kids\/buty-dla-dzieci-adidas-yeezy-350\/dzieciece-adidas-yeezy-boost-350-v2-israfil\/\"]}]},{\"@type\":\"ImageObject\",\"inLanguage\":\"en-US\",\"@id\":\"https:\/\/shezamme.com\/sklep\/buty\/kids\/adidas-yeezy-kids\/buty-dla-dzieci-adidas-yeezy-350\/dzieciece-adidas-yeezy-boost-350-v2-israfil\/#primaryimage\",\"url\":\"https:\/\/shezamme.com\/wp-content\/uploads\/2023\/09\/IMG_4229.jpg\",\"contentUrl\":\"https:\/\/shezamme.com\/wp-content\/uploads\/2023\/09\/IMG_4229.jpg\",\"width\":1170,\"height\":1054,\"caption\":\"Dzieci\u0119ce Adidas Yeezy Boost 350 V2 Israfil\"},{\"@type\":\"BreadcrumbList\",\"@id\":\"https:\/\/shezamme.com\/sklep\/buty\/kids\/adidas-yeezy-kids\/buty-dla-dzieci-adidas-yeezy-350\/dzieciece-adidas-yeezy-boost-350-v2-israfil\/#breadcrumb\",\"itemListElement\":[{\"@type\":\"ListItem\",\"position\":1,\"name\":\"Strona g\u0142\u00f3wna\",\"item\":\"https:\/\/shezamme.com\/\"},{\"@type\":\"ListItem\",\"position\":2,\"name\":\"Sklep\",\"item\":\"https:\/\/shezamme.com\/sklep\/\"},{\"@type\":\"ListItem\",\"position\":3,\"name\":\"Dzieci\u0119ce Adidas Yeezy Boost 350 V2 Israfil\"}]},{\"@type\":\"WebSite\",\"@id\":\"https:\/\/shezamme.com\/#website\",\"url\":\"https:\/\/shezamme.com\/\",\"name\":\"SHEZAMME - Sneakersy, Streetwear i luksusowe marki\",\"description\":\"Oryginalne i ekskluzywne przedmioty w jednym miejscu. Sprawd\u017a nasze produkty ju\u017c teraz i b\u0105d\u017a na bie\u017c\u0105co z wszystkimi premierami.\",\"publisher\":{\"@id\":\"https:\/\/shezamme.com\/#organization\"},\"potentialAction\":[{\"@type\":\"SearchAction\",\"target\":{\"@type\":\"EntryPoint\",\"urlTemplate\":\"https:\/\/shezamme.com\/?s={search_term_string}\"},\"query-input\":{\"@type\":\"PropertyValueSpecification\",\"valueRequired\":true,\"valueName\":\"search_term_string\"}}],\"inLanguage\":\"en-US\"},{\"@type\":\"Organization\",\"@id\":\"https:\/\/shezamme.com\/#organization\",\"name\":\"SHEZAMME - Sneakersy, Streetwear i luksusowe marki\",\"url\":\"https:\/\/shezamme.com\/\",\"logo\":{\"@type\":\"ImageObject\",\"inLanguage\":\"en-US\",\"@id\":\"https:\/\/shezamme.com\/#\/schema\/logo\/image\/\",\"url\":\"https:\/\/shezamme.com\/wp-content\/uploads\/2023\/02\/0x0.png\",\"contentUrl\":\"https:\/\/shezamme.com\/wp-content\/uploads\/2023\/02\/0x0.png\",\"width\":2000,\"height\":2000,\"caption\":\"SHEZAMME - Sneakersy, Streetwear i luksusowe marki\"},\"image\":{\"@id\":\"https:\/\/shezamme.com\/#\/schema\/logo\/image\/\"},\"sameAs\":[\"https:\/\/www.facebook.com\/SHEZAMME\/\",\"https:\/\/x.com\/SHEZAMME\",\"https:\/\/www.instagram.com\/shezamme\/\",\"https:\/\/www.youtube.com\/channel\/UCsTJxi_9fODHdO_1bmJbqvQ\",\"https:\/\/www.tiktok.com\/shezamme.com\"]}]}<\/script>\n<!-- \/ Yoast SEO plugin. -->","yoast_head_json":{"title":"Dzieci\u0119ce Adidas Yeezy Boost 350 V2 Israfil - SHEZAMME","description":"Dzieci\u0119ce Adidas Yeezy Boost 350 V2 Israfil | Luksusowe i autentyczne przedmioty w jednym miejscu. B\u0105d\u017a na bie\u017c\u0105co i sprawd\u017a nasz\u0105 ofert\u0119 ju\u017c teraz","robots":{"index":"index","follow":"follow","max-snippet":"max-snippet:-1","max-image-preview":"max-image-preview:large","max-video-preview":"max-video-preview:-1"},"canonical":"https:\/\/shezamme.com\/en\/sklep\/sneakers-2\/kids\/adidas-yeezy-kids\/kids-shoes-adidas-yeezy-350\/dzieciece-adidas-yeezy-boost-350-v2-israfil\/","og_locale":"en_US","og_type":"article","og_title":"Dzieci\u0119ce Adidas Yeezy Boost 350 V2 Israfil - SHEZAMME","og_description":"Dzieci\u0119ce Adidas Yeezy Boost 350 V2 Israfil | Luksusowe i autentyczne przedmioty w jednym miejscu. B\u0105d\u017a na bie\u017c\u0105co i sprawd\u017a nasz\u0105 ofert\u0119 ju\u017c teraz","og_url":"https:\/\/shezamme.com\/en\/sklep\/sneakers-2\/kids\/adidas-yeezy-kids\/kids-shoes-adidas-yeezy-350\/dzieciece-adidas-yeezy-boost-350-v2-israfil\/","og_site_name":"SHEZAMME - Yeezy, Jordan, Supreme i inne oryginalne rzeczy","article_publisher":"https:\/\/www.facebook.com\/SHEZAMME\/","article_modified_time":"2025-03-22T15:15:06+00:00","og_image":[{"width":1170,"height":1054,"url":"https:\/\/shezamme.com\/wp-content\/uploads\/2023\/09\/IMG_4229.jpg","type":"image\/jpeg"}],"twitter_card":"summary_large_image","twitter_site":"@SHEZAMME","twitter_misc":{"Est. reading time":"1 minute"},"schema":{"@context":"https:\/\/schema.org","@graph":[{"@type":"WebPage","@id":"https:\/\/shezamme.com\/sklep\/buty\/kids\/adidas-yeezy-kids\/buty-dla-dzieci-adidas-yeezy-350\/dzieciece-adidas-yeezy-boost-350-v2-israfil\/","url":"https:\/\/shezamme.com\/sklep\/buty\/kids\/adidas-yeezy-kids\/buty-dla-dzieci-adidas-yeezy-350\/dzieciece-adidas-yeezy-boost-350-v2-israfil\/","name":"Dzieci\u0119ce Adidas Yeezy Boost 350 V2 Israfil - SHEZAMME","isPartOf":{"@id":"https:\/\/shezamme.com\/#website"},"primaryImageOfPage":{"@id":"https:\/\/shezamme.com\/sklep\/buty\/kids\/adidas-yeezy-kids\/buty-dla-dzieci-adidas-yeezy-350\/dzieciece-adidas-yeezy-boost-350-v2-israfil\/#primaryimage"},"image":{"@id":"https:\/\/shezamme.com\/sklep\/buty\/kids\/adidas-yeezy-kids\/buty-dla-dzieci-adidas-yeezy-350\/dzieciece-adidas-yeezy-boost-350-v2-israfil\/#primaryimage"},"thumbnailUrl":"https:\/\/shezamme.com\/wp-content\/uploads\/2023\/09\/IMG_4229.jpg","datePublished":"2023-09-12T13:28:17+00:00","dateModified":"2025-03-22T15:15:06+00:00","description":"Dzieci\u0119ce Adidas Yeezy Boost 350 V2 Israfil | Luksusowe i autentyczne przedmioty w jednym miejscu. B\u0105d\u017a na bie\u017c\u0105co i sprawd\u017a nasz\u0105 ofert\u0119 ju\u017c teraz","breadcrumb":{"@id":"https:\/\/shezamme.com\/sklep\/buty\/kids\/adidas-yeezy-kids\/buty-dla-dzieci-adidas-yeezy-350\/dzieciece-adidas-yeezy-boost-350-v2-israfil\/#breadcrumb"},"inLanguage":"en-US","potentialAction":[{"@type":"ReadAction","target":["https:\/\/shezamme.com\/sklep\/buty\/kids\/adidas-yeezy-kids\/buty-dla-dzieci-adidas-yeezy-350\/dzieciece-adidas-yeezy-boost-350-v2-israfil\/"]}]},{"@type":"ImageObject","inLanguage":"en-US","@id":"https:\/\/shezamme.com\/sklep\/buty\/kids\/adidas-yeezy-kids\/buty-dla-dzieci-adidas-yeezy-350\/dzieciece-adidas-yeezy-boost-350-v2-israfil\/#primaryimage","url":"https:\/\/shezamme.com\/wp-content\/uploads\/2023\/09\/IMG_4229.jpg","contentUrl":"https:\/\/shezamme.com\/wp-content\/uploads\/2023\/09\/IMG_4229.jpg","width":1170,"height":1054,"caption":"Dzieci\u0119ce Adidas Yeezy Boost 350 V2 Israfil"},{"@type":"BreadcrumbList","@id":"https:\/\/shezamme.com\/sklep\/buty\/kids\/adidas-yeezy-kids\/buty-dla-dzieci-adidas-yeezy-350\/dzieciece-adidas-yeezy-boost-350-v2-israfil\/#breadcrumb","itemListElement":[{"@type":"ListItem","position":1,"name":"Strona g\u0142\u00f3wna","item":"https:\/\/shezamme.com\/"},{"@type":"ListItem","position":2,"name":"Sklep","item":"https:\/\/shezamme.com\/sklep\/"},{"@type":"ListItem","position":3,"name":"Dzieci\u0119ce Adidas Yeezy Boost 350 V2 Israfil"}]},{"@type":"WebSite","@id":"https:\/\/shezamme.com\/#website","url":"https:\/\/shezamme.com\/","name":"SHEZAMME - Sneakers, Streetwear and luxury brands","description":"Original and exclusive items in one place. Check out our products now and stay up to date with all launches.","publisher":{"@id":"https:\/\/shezamme.com\/#organization"},"potentialAction":[{"@type":"SearchAction","target":{"@type":"EntryPoint","urlTemplate":"https:\/\/shezamme.com\/?s={search_term_string}"},"query-input":{"@type":"PropertyValueSpecification","valueRequired":true,"valueName":"search_term_string"}}],"inLanguage":"en-US"},{"@type":"Organization","@id":"https:\/\/shezamme.com\/#organization","name":"SHEZAMME - Sneakers, Streetwear and luxury brands","url":"https:\/\/shezamme.com\/","logo":{"@type":"ImageObject","inLanguage":"en-US","@id":"https:\/\/shezamme.com\/#\/schema\/logo\/image\/","url":"https:\/\/shezamme.com\/wp-content\/uploads\/2023\/02\/0x0.png","contentUrl":"https:\/\/shezamme.com\/wp-content\/uploads\/2023\/02\/0x0.png","width":2000,"height":2000,"caption":"SHEZAMME - Sneakersy, Streetwear i luksusowe marki"},"image":{"@id":"https:\/\/shezamme.com\/#\/schema\/logo\/image\/"},"sameAs":["https:\/\/www.facebook.com\/SHEZAMME\/","https:\/\/x.com\/SHEZAMME","https:\/\/www.instagram.com\/shezamme\/","https:\/\/www.youtube.com\/channel\/UCsTJxi_9fODHdO_1bmJbqvQ","https:\/\/www.tiktok.com\/shezamme.com"]}]}},"brands":[{"id":749,"name":"Jordan","slug":"air-jordan"}],"_links":{"self":[{"href":"https:\/\/shezamme.com\/en\/wp-json\/wp\/v2\/product\/32554","targetHints":{"allow":["GET"]}}],"collection":[{"href":"https:\/\/shezamme.com\/en\/wp-json\/wp\/v2\/product"}],"about":[{"href":"https:\/\/shezamme.com\/en\/wp-json\/wp\/v2\/types\/product"}],"wp:featuredmedia":[{"embeddable":true,"href":"https:\/\/shezamme.com\/en\/wp-json\/wp\/v2\/media\/32579"}],"wp:attachment":[{"href":"https:\/\/shezamme.com\/en\/wp-json\/wp\/v2\/media?parent=32554"}],"wp:term":[{"taxonomy":"pwb-brand","embeddable":true,"href":"https:\/\/shezamme.com\/en\/wp-json\/wp\/v2\/pwb-brand?post=32554"},{"taxonomy":"product_brand","embeddable":true,"href":"https:\/\/shezamme.com\/en\/wp-json\/wp\/v2\/product_brand?post=32554"},{"taxonomy":"product_cat","embeddable":true,"href":"https:\/\/shezamme.com\/en\/wp-json\/wp\/v2\/product_cat?post=32554"},{"taxonomy":"product_tag","embeddable":true,"href":"https:\/\/shezamme.com\/en\/wp-json\/wp\/v2\/product_tag?post=32554"}],"curies":[{"name":"wp","href":"https:\/\/api.w.org\/{rel}","templated":true}]}}