{"id":32195,"date":"2023-09-11T21:55:08","date_gmt":"2023-09-11T19:55:08","guid":{"rendered":"https:\/\/shezamme.com\/?post_type=product&#038;p=32195"},"modified":"2024-10-30T19:54:32","modified_gmt":"2024-10-30T18:54:32","slug":"teczka-travis-scott-utopia","status":"publish","type":"product","link":"https:\/\/shezamme.com\/en\/sklep\/akcesoria\/teczka-travis-scott-utopia\/","title":{"rendered":"Teczka Travis Scott Utopia"},"content":{"rendered":"<p>Teczka Travis Scott Utopia to wyj\u0105tkowa i limitowana edycja, kt\u00f3ra przenosi fan\u00f3w artysty w fascynuj\u0105cy \u015bwiat jego tw\u00f3rczo\u015bci. Wykonana z wysokiej jako\u015bci materia\u0142\u00f3w, ta teczka nie tylko spe\u0142nia swoj\u0105 funkcj\u0119 przechowywania dokument\u00f3w, ale tak\u017ce jest wyj\u0105tkowym kolekcjonerskim przedmiotem.<\/p>\n<p>Frontowa cz\u0119\u015b\u0107 teczki zdobiona jest grafik\u0105 nawi\u0105zuj\u0105c\u0105 do albumu &#8222;Utopia&#8221; Travisa Scotta, co stanowi ho\u0142d dla jego artystycznych dokona\u0144. Wyj\u0105tkowy design i dba\u0142o\u015b\u0107 o szczeg\u00f3\u0142y sprawiaj\u0105, \u017ce teczka ta to nie tylko praktyczny element codziennego \u017cycia, ale tak\u017ce wyraz mi\u0142o\u015bci i lojalno\u015bci wobec artysty.<\/p>\n<p>Zamykana na solidny suwak, teczka zapewnia bezpieczne przechowywanie wa\u017cnych dokument\u00f3w, notatek czy akcesori\u00f3w. Dzi\u0119ki wygodnemu uchwytowi mo\u017cna j\u0105 \u0142atwo przenosi\u0107. To idealny spos\u00f3b na wyra\u017cenie swojego fanatyzmu wobec Travisa Scotta i uczczenie jego tw\u00f3rczo\u015bci.<\/p>","protected":false},"excerpt":{"rendered":"<p>Teczka Travis Scott Utopia<br \/>\nStan: Nowy<\/p>\n<p>Teczka Travis Scott Utopia to wyj\u0105tkowy przedmiot, kt\u00f3ry \u0142\u0105czy w sobie funkcjonalno\u015b\u0107 i artystyczny wyraz. Zdobiona grafik\u0105 nawi\u0105zuj\u0105c\u0105 do albumu &#8222;Utopia&#8221;, stanowi nie tylko praktyczny gad\u017cet, ale tak\u017ce wyj\u0105tkowy spos\u00f3b na wyra\u017cenie swojego fanatyzmu wobec Travisa Scotta i jego tw\u00f3rczo\u015bci. To niezast\u0105piona pozycja w kolekcji ka\u017cdego fana artysty.<\/p>","protected":false},"featured_media":71651,"template":"","meta":{"_acf_changed":false,"_yoast_wpseo_focuskw":"Teczka Travis Scott Utopia","_yoast_wpseo_title":"","_yoast_wpseo_metadesc":""},"pwb-brand":[762],"product_brand":[],"product_cat":[23],"product_tag":[],"class_list":{"0":"post-32195","1":"product","2":"type-product","3":"status-publish","4":"has-post-thumbnail","6":"pwb-brand-cactus-jack","7":"product_cat-akcesoria","9":"first","10":"onbackorder","11":"taxable","12":"shipping-taxable","13":"purchasable","14":"product-type-variable"},"acf":[],"yoast_head":"<!-- This site is optimized with the Yoast SEO plugin v27.3 - https:\/\/yoast.com\/product\/yoast-seo-wordpress\/ -->\n<title>Teczka Travis Scott Utopia - SHEZAMME<\/title>\n<meta name=\"description\" content=\"Teczka Travis Scott Utopia | Luksusowe i autentyczne przedmioty w jednym miejscu. B\u0105d\u017a na bie\u017c\u0105co i sprawd\u017a nasz\u0105 ofert\u0119 ju\u017c teraz\" \/>\n<meta name=\"robots\" content=\"index, follow, max-snippet:-1, max-image-preview:large, max-video-preview:-1\" \/>\n<link rel=\"canonical\" href=\"https:\/\/shezamme.com\/en\/sklep\/accesories\/teczka-travis-scott-utopia\/\" \/>\n<meta property=\"og:locale\" content=\"en_US\" \/>\n<meta property=\"og:type\" content=\"article\" \/>\n<meta property=\"og:title\" content=\"Teczka Travis Scott Utopia - SHEZAMME\" \/>\n<meta property=\"og:description\" content=\"Teczka Travis Scott Utopia | Luksusowe i autentyczne przedmioty w jednym miejscu. B\u0105d\u017a na bie\u017c\u0105co i sprawd\u017a nasz\u0105 ofert\u0119 ju\u017c teraz\" \/>\n<meta property=\"og:url\" content=\"https:\/\/shezamme.com\/en\/sklep\/accesories\/teczka-travis-scott-utopia\/\" \/>\n<meta property=\"og:site_name\" content=\"SHEZAMME - Yeezy, Jordan, Supreme i inne oryginalne rzeczy\" \/>\n<meta property=\"article:publisher\" content=\"https:\/\/www.facebook.com\/SHEZAMME\/\" \/>\n<meta property=\"article:modified_time\" content=\"2024-10-30T18:54:32+00:00\" \/>\n<meta property=\"og:image\" content=\"https:\/\/shezamme.com\/wp-content\/uploads\/2023\/09\/Nowy-projekt-2024-05-09T125732.762.webp\" \/>\n\t<meta property=\"og:image:width\" content=\"850\" \/>\n\t<meta property=\"og:image:height\" content=\"850\" \/>\n\t<meta property=\"og:image:type\" content=\"image\/webp\" \/>\n<meta name=\"twitter:card\" content=\"summary_large_image\" \/>\n<meta name=\"twitter:site\" content=\"@SHEZAMME\" \/>\n<meta name=\"twitter:label1\" content=\"Est. reading time\" \/>\n\t<meta name=\"twitter:data1\" content=\"1 minute\" \/>\n<script type=\"application\/ld+json\" class=\"yoast-schema-graph\">{\"@context\":\"https:\\\/\\\/schema.org\",\"@graph\":[{\"@type\":\"WebPage\",\"@id\":\"https:\\\/\\\/shezamme.com\\\/sklep\\\/akcesoria\\\/teczka-travis-scott-utopia\\\/\",\"url\":\"https:\\\/\\\/shezamme.com\\\/sklep\\\/akcesoria\\\/teczka-travis-scott-utopia\\\/\",\"name\":\"Teczka Travis Scott Utopia - SHEZAMME\",\"isPartOf\":{\"@id\":\"https:\\\/\\\/shezamme.com\\\/#website\"},\"primaryImageOfPage\":{\"@id\":\"https:\\\/\\\/shezamme.com\\\/sklep\\\/akcesoria\\\/teczka-travis-scott-utopia\\\/#primaryimage\"},\"image\":{\"@id\":\"https:\\\/\\\/shezamme.com\\\/sklep\\\/akcesoria\\\/teczka-travis-scott-utopia\\\/#primaryimage\"},\"thumbnailUrl\":\"https:\\\/\\\/shezamme.com\\\/wp-content\\\/uploads\\\/2023\\\/09\\\/Nowy-projekt-2024-05-09T125732.762.webp\",\"datePublished\":\"2023-09-11T19:55:08+00:00\",\"dateModified\":\"2024-10-30T18:54:32+00:00\",\"description\":\"Teczka Travis Scott Utopia | Luksusowe i autentyczne przedmioty w jednym miejscu. B\u0105d\u017a na bie\u017c\u0105co i sprawd\u017a nasz\u0105 ofert\u0119 ju\u017c teraz\",\"breadcrumb\":{\"@id\":\"https:\\\/\\\/shezamme.com\\\/sklep\\\/akcesoria\\\/teczka-travis-scott-utopia\\\/#breadcrumb\"},\"inLanguage\":\"en-US\",\"potentialAction\":[{\"@type\":\"ReadAction\",\"target\":[\"https:\\\/\\\/shezamme.com\\\/sklep\\\/akcesoria\\\/teczka-travis-scott-utopia\\\/\"]}]},{\"@type\":\"ImageObject\",\"inLanguage\":\"en-US\",\"@id\":\"https:\\\/\\\/shezamme.com\\\/sklep\\\/akcesoria\\\/teczka-travis-scott-utopia\\\/#primaryimage\",\"url\":\"https:\\\/\\\/shezamme.com\\\/wp-content\\\/uploads\\\/2023\\\/09\\\/Nowy-projekt-2024-05-09T125732.762.webp\",\"contentUrl\":\"https:\\\/\\\/shezamme.com\\\/wp-content\\\/uploads\\\/2023\\\/09\\\/Nowy-projekt-2024-05-09T125732.762.webp\",\"width\":850,\"height\":850,\"caption\":\"Travis Scott Utopia suitcase\"},{\"@type\":\"BreadcrumbList\",\"@id\":\"https:\\\/\\\/shezamme.com\\\/sklep\\\/akcesoria\\\/teczka-travis-scott-utopia\\\/#breadcrumb\",\"itemListElement\":[{\"@type\":\"ListItem\",\"position\":1,\"name\":\"Strona g\u0142\u00f3wna\",\"item\":\"https:\\\/\\\/shezamme.com\\\/\"},{\"@type\":\"ListItem\",\"position\":2,\"name\":\"Sklep\",\"item\":\"https:\\\/\\\/shezamme.com\\\/en\\\/sklep\\\/\"},{\"@type\":\"ListItem\",\"position\":3,\"name\":\"Teczka Travis Scott Utopia\"}]},{\"@type\":\"WebSite\",\"@id\":\"https:\\\/\\\/shezamme.com\\\/#website\",\"url\":\"https:\\\/\\\/shezamme.com\\\/\",\"name\":\"SHEZAMME - Sneakersy, Streetwear i luksusowe marki\",\"description\":\"Oryginalne i ekskluzywne przedmioty w jednym miejscu. Sprawd\u017a nasze produkty ju\u017c teraz i b\u0105d\u017a na bie\u017c\u0105co z wszystkimi premierami.\",\"publisher\":{\"@id\":\"https:\\\/\\\/shezamme.com\\\/#organization\"},\"potentialAction\":[{\"@type\":\"SearchAction\",\"target\":{\"@type\":\"EntryPoint\",\"urlTemplate\":\"https:\\\/\\\/shezamme.com\\\/?s={search_term_string}\"},\"query-input\":{\"@type\":\"PropertyValueSpecification\",\"valueRequired\":true,\"valueName\":\"search_term_string\"}}],\"inLanguage\":\"en-US\"},{\"@type\":\"Organization\",\"@id\":\"https:\\\/\\\/shezamme.com\\\/#organization\",\"name\":\"SHEZAMME - Sneakersy, Streetwear i luksusowe marki\",\"url\":\"https:\\\/\\\/shezamme.com\\\/\",\"logo\":{\"@type\":\"ImageObject\",\"inLanguage\":\"en-US\",\"@id\":\"https:\\\/\\\/shezamme.com\\\/#\\\/schema\\\/logo\\\/image\\\/\",\"url\":\"https:\\\/\\\/shezamme.com\\\/wp-content\\\/uploads\\\/2023\\\/02\\\/0x0.png\",\"contentUrl\":\"https:\\\/\\\/shezamme.com\\\/wp-content\\\/uploads\\\/2023\\\/02\\\/0x0.png\",\"width\":2000,\"height\":2000,\"caption\":\"SHEZAMME - Sneakersy, Streetwear i luksusowe marki\"},\"image\":{\"@id\":\"https:\\\/\\\/shezamme.com\\\/#\\\/schema\\\/logo\\\/image\\\/\"},\"sameAs\":[\"https:\\\/\\\/www.facebook.com\\\/SHEZAMME\\\/\",\"https:\\\/\\\/x.com\\\/SHEZAMME\",\"https:\\\/\\\/www.instagram.com\\\/shezamme\\\/\",\"https:\\\/\\\/www.youtube.com\\\/channel\\\/UCsTJxi_9fODHdO_1bmJbqvQ\",\"https:\\\/\\\/www.tiktok.com\\\/shezamme.com\"]}]}<\/script>\n<!-- \/ Yoast SEO plugin. -->","yoast_head_json":{"title":"Teczka Travis Scott Utopia - SHEZAMME","description":"Teczka Travis Scott Utopia | Luksusowe i autentyczne przedmioty w jednym miejscu. B\u0105d\u017a na bie\u017c\u0105co i sprawd\u017a nasz\u0105 ofert\u0119 ju\u017c teraz","robots":{"index":"index","follow":"follow","max-snippet":"max-snippet:-1","max-image-preview":"max-image-preview:large","max-video-preview":"max-video-preview:-1"},"canonical":"https:\/\/shezamme.com\/en\/sklep\/accesories\/teczka-travis-scott-utopia\/","og_locale":"en_US","og_type":"article","og_title":"Teczka Travis Scott Utopia - SHEZAMME","og_description":"Teczka Travis Scott Utopia | Luksusowe i autentyczne przedmioty w jednym miejscu. B\u0105d\u017a na bie\u017c\u0105co i sprawd\u017a nasz\u0105 ofert\u0119 ju\u017c teraz","og_url":"https:\/\/shezamme.com\/en\/sklep\/accesories\/teczka-travis-scott-utopia\/","og_site_name":"SHEZAMME - Yeezy, Jordan, Supreme i inne oryginalne rzeczy","article_publisher":"https:\/\/www.facebook.com\/SHEZAMME\/","article_modified_time":"2024-10-30T18:54:32+00:00","og_image":[{"width":850,"height":850,"url":"https:\/\/shezamme.com\/wp-content\/uploads\/2023\/09\/Nowy-projekt-2024-05-09T125732.762.webp","type":"image\/webp"}],"twitter_card":"summary_large_image","twitter_site":"@SHEZAMME","twitter_misc":{"Est. reading time":"1 minute"},"schema":{"@context":"https:\/\/schema.org","@graph":[{"@type":"WebPage","@id":"https:\/\/shezamme.com\/sklep\/akcesoria\/teczka-travis-scott-utopia\/","url":"https:\/\/shezamme.com\/sklep\/akcesoria\/teczka-travis-scott-utopia\/","name":"Teczka Travis Scott Utopia - SHEZAMME","isPartOf":{"@id":"https:\/\/shezamme.com\/#website"},"primaryImageOfPage":{"@id":"https:\/\/shezamme.com\/sklep\/akcesoria\/teczka-travis-scott-utopia\/#primaryimage"},"image":{"@id":"https:\/\/shezamme.com\/sklep\/akcesoria\/teczka-travis-scott-utopia\/#primaryimage"},"thumbnailUrl":"https:\/\/shezamme.com\/wp-content\/uploads\/2023\/09\/Nowy-projekt-2024-05-09T125732.762.webp","datePublished":"2023-09-11T19:55:08+00:00","dateModified":"2024-10-30T18:54:32+00:00","description":"Teczka Travis Scott Utopia | Luksusowe i autentyczne przedmioty w jednym miejscu. B\u0105d\u017a na bie\u017c\u0105co i sprawd\u017a nasz\u0105 ofert\u0119 ju\u017c teraz","breadcrumb":{"@id":"https:\/\/shezamme.com\/sklep\/akcesoria\/teczka-travis-scott-utopia\/#breadcrumb"},"inLanguage":"en-US","potentialAction":[{"@type":"ReadAction","target":["https:\/\/shezamme.com\/sklep\/akcesoria\/teczka-travis-scott-utopia\/"]}]},{"@type":"ImageObject","inLanguage":"en-US","@id":"https:\/\/shezamme.com\/sklep\/akcesoria\/teczka-travis-scott-utopia\/#primaryimage","url":"https:\/\/shezamme.com\/wp-content\/uploads\/2023\/09\/Nowy-projekt-2024-05-09T125732.762.webp","contentUrl":"https:\/\/shezamme.com\/wp-content\/uploads\/2023\/09\/Nowy-projekt-2024-05-09T125732.762.webp","width":850,"height":850,"caption":"Travis Scott Utopia suitcase"},{"@type":"BreadcrumbList","@id":"https:\/\/shezamme.com\/sklep\/akcesoria\/teczka-travis-scott-utopia\/#breadcrumb","itemListElement":[{"@type":"ListItem","position":1,"name":"Strona g\u0142\u00f3wna","item":"https:\/\/shezamme.com\/"},{"@type":"ListItem","position":2,"name":"Sklep","item":"https:\/\/shezamme.com\/en\/sklep\/"},{"@type":"ListItem","position":3,"name":"Teczka Travis Scott Utopia"}]},{"@type":"WebSite","@id":"https:\/\/shezamme.com\/#website","url":"https:\/\/shezamme.com\/","name":"SHEZAMME - Sneakers, Streetwear and luxury brands","description":"Original and exclusive items in one place. Check out our products now and stay up to date with all launches.","publisher":{"@id":"https:\/\/shezamme.com\/#organization"},"potentialAction":[{"@type":"SearchAction","target":{"@type":"EntryPoint","urlTemplate":"https:\/\/shezamme.com\/?s={search_term_string}"},"query-input":{"@type":"PropertyValueSpecification","valueRequired":true,"valueName":"search_term_string"}}],"inLanguage":"en-US"},{"@type":"Organization","@id":"https:\/\/shezamme.com\/#organization","name":"SHEZAMME - Sneakers, Streetwear and luxury brands","url":"https:\/\/shezamme.com\/","logo":{"@type":"ImageObject","inLanguage":"en-US","@id":"https:\/\/shezamme.com\/#\/schema\/logo\/image\/","url":"https:\/\/shezamme.com\/wp-content\/uploads\/2023\/02\/0x0.png","contentUrl":"https:\/\/shezamme.com\/wp-content\/uploads\/2023\/02\/0x0.png","width":2000,"height":2000,"caption":"SHEZAMME - Sneakersy, Streetwear i luksusowe marki"},"image":{"@id":"https:\/\/shezamme.com\/#\/schema\/logo\/image\/"},"sameAs":["https:\/\/www.facebook.com\/SHEZAMME\/","https:\/\/x.com\/SHEZAMME","https:\/\/www.instagram.com\/shezamme\/","https:\/\/www.youtube.com\/channel\/UCsTJxi_9fODHdO_1bmJbqvQ","https:\/\/www.tiktok.com\/shezamme.com"]}]}},"brands":[{"id":762,"name":"Cactus Jack","slug":"cactus-jack"}],"_links":{"self":[{"href":"https:\/\/shezamme.com\/en\/wp-json\/wp\/v2\/product\/32195","targetHints":{"allow":["GET"]}}],"collection":[{"href":"https:\/\/shezamme.com\/en\/wp-json\/wp\/v2\/product"}],"about":[{"href":"https:\/\/shezamme.com\/en\/wp-json\/wp\/v2\/types\/product"}],"wp:featuredmedia":[{"embeddable":true,"href":"https:\/\/shezamme.com\/en\/wp-json\/wp\/v2\/media\/71651"}],"wp:attachment":[{"href":"https:\/\/shezamme.com\/en\/wp-json\/wp\/v2\/media?parent=32195"}],"wp:term":[{"taxonomy":"pwb-brand","embeddable":true,"href":"https:\/\/shezamme.com\/en\/wp-json\/wp\/v2\/pwb-brand?post=32195"},{"taxonomy":"product_brand","embeddable":true,"href":"https:\/\/shezamme.com\/en\/wp-json\/wp\/v2\/product_brand?post=32195"},{"taxonomy":"product_cat","embeddable":true,"href":"https:\/\/shezamme.com\/en\/wp-json\/wp\/v2\/product_cat?post=32195"},{"taxonomy":"product_tag","embeddable":true,"href":"https:\/\/shezamme.com\/en\/wp-json\/wp\/v2\/product_tag?post=32195"}],"curies":[{"name":"wp","href":"https:\/\/api.w.org\/{rel}","templated":true}]}}