{"id":32183,"date":"2023-09-11T11:45:15","date_gmt":"2023-09-11T09:45:15","guid":{"rendered":"https:\/\/shezamme.com\/?post_type=product&#038;p=32183"},"modified":"2025-03-23T14:17:29","modified_gmt":"2025-03-23T13:17:29","slug":"dzieciece-adidas-yeezy-boost-350-v2-beluga-reflective","status":"publish","type":"product","link":"https:\/\/shezamme.com\/en\/sklep\/buty\/kids\/adidas-yeezy-kids\/buty-dla-dzieci-adidas-yeezy-350\/dzieciece-adidas-yeezy-boost-350-v2-beluga-reflective\/","title":{"rendered":"Dzieci\u0119ce Adidas Yeezy Boost 350 V2 Beluga Reflective"},"content":{"rendered":"<h2 class=\"\" data-start=\"0\" data-end=\"63\">Kultowy design w wersji dzieci\u0119cej z technologi\u0105 refleksyjn\u0105<\/h2>\n<p class=\"\" data-start=\"65\" data-end=\"618\">Adidas Yeezy Boost 350 V2 Kids &#8222;Beluga Reflective&#8221; to dzieci\u0119ca ods\u0142ona jednego z najbardziej rozpoznawalnych modeli w historii wsp\u00f3\u0142pracy Kanye Westa z Adidasem. But zachowuje charakterystyczny wygl\u0105d wersji dla doros\u0142ych, w tym <strong data-start=\"295\" data-end=\"342\">cholewk\u0119 Primeknit z w\u0142\u00f3knami 3M Reflective<\/strong>, kt\u00f3ra odbija \u015bwiat\u0142o w ciemnych warunkach, zwi\u0119kszaj\u0105c widoczno\u015b\u0107 i nadaj\u0105c ca\u0142o\u015bci dynamiczny wygl\u0105d. Klasyczna kolorystyka <strong data-start=\"469\" data-end=\"517\">Beluga Grey z kontrastowym paskiem Solar Red<\/strong> z napisem &#8222;SPLY-350&#8221; pozostaje wierna orygina\u0142owi, podkre\u015blaj\u0105c kolekcjonersk\u0105 warto\u015b\u0107 tej edycji.<\/p>\n<p class=\"\" data-start=\"620\" data-end=\"945\">Zoptymalizowana konstrukcja buta odpowiada na potrzeby m\u0142odszych u\u017cytkownik\u00f3w \u2013 <strong data-start=\"700\" data-end=\"738\">elastyczne sznurowanie typu bungee<\/strong> u\u0142atwia zak\u0142adanie, a <strong data-start=\"761\" data-end=\"792\">bezszwowa, mi\u0119kka wy\u015bci\u00f3\u0142ka<\/strong> zapewnia wygod\u0119 nawet przy d\u0142u\u017cszym noszeniu. Dodatkowo, przemy\u015blana forma cholewki i podeszwy zosta\u0142a dostosowana do anatomicznej budowy stopy dziecka.<\/p>\n<h2 class=\"\" data-start=\"947\" data-end=\"997\">Amortyzacja i trwa\u0142o\u015b\u0107 w codziennym u\u017cytkowaniu<\/h2>\n<p class=\"\" data-start=\"999\" data-end=\"1314\">Model &#8222;Beluga Reflective&#8221; w wersji Kids zosta\u0142 wyposa\u017cony w <strong data-start=\"1059\" data-end=\"1101\">pe\u0142nowymiarow\u0105 podeszw\u0119 \u015brodkow\u0105 Boost<\/strong>, kt\u00f3ra odpowiada za doskona\u0142\u0105 amortyzacj\u0119 i spr\u0119\u017cysto\u015b\u0107 przy ka\u017cdym kroku. Dzi\u0119ki temu but nie tylko wygl\u0105da efektownie, ale r\u00f3wnie\u017c gwarantuje odpowiedni komfort i ochron\u0119 stopy podczas codziennych aktywno\u015bci.<\/p>\n<p class=\"\" data-start=\"1316\" data-end=\"1707\"><strong data-start=\"1316\" data-end=\"1356\">P\u00f3\u0142przezroczysta podeszwa zewn\u0119trzna<\/strong> z charakterystycznym bie\u017cnikiem typu ripple-grip oferuje dobr\u0105 przyczepno\u015b\u0107 na zr\u00f3\u017cnicowanych nawierzchniach, zwi\u0119kszaj\u0105c stabilno\u015b\u0107 ruchu. Model pozostaje rzadko dost\u0119pny w sprzeda\u017cy, co czyni go <strong data-start=\"1554\" data-end=\"1593\">po\u017c\u0105danym tak\u017ce w wersji dzieci\u0119cej<\/strong> \u2013 zar\u00f3wno przez rodzic\u00f3w szukaj\u0105cych jako\u015bciowego obuwia, jak i kolekcjoner\u00f3w zainteresowanych pe\u0142n\u0105 lini\u0105 Yeezy.<\/p>","protected":false},"excerpt":{"rendered":"<article class=\"group\/turn w-full text-token-text-primary focus-visible:outline-2 focus-visible:outline-offset-[-4px]\" dir=\"auto\" data-testid=\"conversation-turn-12\" data-scroll-anchor=\"true\">\n<div class=\"text-base my-auto mx-auto py-[18px] px-6\">\n<div class=\"mx-auto flex flex-1 text-base gap-4 md:gap-5 lg:gap-6 md:max-w-3xl lg:max-w-[40rem] xl:max-w-[48rem]\">\n<div class=\"group\/conversation-turn relative flex w-full min-w-0 flex-col agent-turn @xs\/thread:px-0 @sm\/thread:px-1.5 @md\/thread:px-4\">\n<div class=\"flex-col gap-1 md:gap-3\">\n<div class=\"flex max-w-full flex-col flex-grow\">\n<div class=\"min-h-8 text-message relative flex w-full flex-col items-end gap-2 whitespace-normal break-words text-start [.text-message+&amp;]:mt-5\" dir=\"auto\" data-message-author-role=\"assistant\" data-message-id=\"c41d3bf6-7e91-4629-9660-cce78d806d8a\" data-message-model-slug=\"gpt-4o\">\n<div class=\"flex w-full flex-col gap-1 empty:hidden first:pt-[3px]\">\n<div class=\"markdown prose w-full break-words dark:prose-invert light\">\n<h2 class=\"\" data-start=\"0\" data-end=\"49\">Ikoniczny styl Yeezy w wersji dla najm\u0142odszych<\/h2>\n<p class=\"\" data-start=\"51\" data-end=\"568\">Adidas Yeezy Boost 350 V2 Kids &#8222;Beluga Reflective&#8221; to dzieci\u0119ca edycja kultowego modelu, oferuj\u0105ca po\u0142\u0105czenie komfortu i nowoczesnego wygl\u0105du. Cholewka z odblaskowego Primeknitu 3M zapewnia widoczno\u015b\u0107 w s\u0142abym \u015bwietle, a elastyczne sznurowanie u\u0142atwia codzienne u\u017cytkowanie. Podeszwa Boost gwarantuje mi\u0119kko\u015b\u0107 i spr\u0119\u017cysto\u015b\u0107 przez ca\u0142y dzie\u0144, a gumowy bie\u017cnik ripple-grip odpowiada za przyczepno\u015b\u0107. Klasyczne po\u0142\u0105czenie szaro\u015bci i Solar Red nadaje modelowi rozpoznawalny charakter, ceniony r\u00f3wnie\u017c w wersji dla dzieci.<\/p>\n<\/div>\n<\/div>\n<\/div>\n<\/div>\n<\/div>\n<div class=\"absolute\">\n<div class=\"flex items-center justify-center\"><\/div>\n<\/div>\n<\/div>\n<\/div>\n<\/div>\n<\/article>\n<div class=\"pointer-events-none h-px w-px\" aria-hidden=\"true\" data-edge=\"true\"><\/div>\n","protected":false},"featured_media":32193,"template":"","meta":{"_acf_changed":false},"pwb-brand":[749],"product_brand":[],"product_cat":[16,505,899,937,93,906],"product_tag":[1008,1009],"class_list":{"0":"post-32183","1":"product","2":"type-product","3":"status-publish","4":"has-post-thumbnail","6":"pwb-brand-air-jordan","7":"product_cat-buty","8":"product_cat-kids","9":"product_cat-adidas-yeezy-kids","10":"product_cat-buty-dla-dzieci-adidas-yeezy-350","11":"product_cat-nike","12":"product_cat-wszystkie-buty-kids","13":"product_tag-kobieta","14":"product_tag-mezczyzna","16":"first","17":"onbackorder","18":"taxable","19":"shipping-taxable","20":"purchasable","21":"product-type-variable","22":"has-default-attributes"},"acf":[],"yoast_head":"<!-- This site is optimized with the Yoast SEO plugin v27.2 - https:\/\/yoast.com\/product\/yoast-seo-wordpress\/ -->\n<title>Dzieci\u0119ce Adidas Yeezy Boost 350 V2 Beluga Reflective - SHEZAMME<\/title>\n<meta name=\"description\" content=\"Dzieci\u0119ce Adidas Yeezy Boost 350 V2 Beluga Reflective | Luksusowe i autentyczne przedmioty w jednym miejscu. B\u0105d\u017a na bie\u017c\u0105co i sprawd\u017a nasz\u0105 ofert\u0119 ju\u017c teraz\" \/>\n<meta name=\"robots\" content=\"index, follow, max-snippet:-1, max-image-preview:large, max-video-preview:-1\" \/>\n<link rel=\"canonical\" href=\"https:\/\/shezamme.com\/en\/sklep\/sneakers-2\/kids\/adidas-yeezy-kids\/kids-shoes-adidas-yeezy-350\/dzieciece-adidas-yeezy-boost-350-v2-beluga-reflective\/\" \/>\n<meta property=\"og:locale\" content=\"en_US\" \/>\n<meta property=\"og:type\" content=\"article\" \/>\n<meta property=\"og:title\" content=\"Dzieci\u0119ce Adidas Yeezy Boost 350 V2 Beluga Reflective - SHEZAMME\" \/>\n<meta property=\"og:description\" content=\"Dzieci\u0119ce Adidas Yeezy Boost 350 V2 Beluga Reflective | Luksusowe i autentyczne przedmioty w jednym miejscu. B\u0105d\u017a na bie\u017c\u0105co i sprawd\u017a nasz\u0105 ofert\u0119 ju\u017c teraz\" \/>\n<meta property=\"og:url\" content=\"https:\/\/shezamme.com\/en\/sklep\/sneakers-2\/kids\/adidas-yeezy-kids\/kids-shoes-adidas-yeezy-350\/dzieciece-adidas-yeezy-boost-350-v2-beluga-reflective\/\" \/>\n<meta property=\"og:site_name\" content=\"SHEZAMME - Yeezy, Jordan, Supreme i inne oryginalne rzeczy\" \/>\n<meta property=\"article:publisher\" content=\"https:\/\/www.facebook.com\/SHEZAMME\/\" \/>\n<meta property=\"article:modified_time\" content=\"2025-03-23T13:17:29+00:00\" \/>\n<meta property=\"og:image\" content=\"https:\/\/shezamme.com\/wp-content\/uploads\/2023\/09\/IMG_4148.jpg\" \/>\n\t<meta property=\"og:image:width\" content=\"1170\" \/>\n\t<meta property=\"og:image:height\" content=\"1078\" \/>\n\t<meta property=\"og:image:type\" content=\"image\/jpeg\" \/>\n<meta name=\"twitter:card\" content=\"summary_large_image\" \/>\n<meta name=\"twitter:site\" content=\"@SHEZAMME\" \/>\n<meta name=\"twitter:label1\" content=\"Est. reading time\" \/>\n\t<meta name=\"twitter:data1\" content=\"1 minute\" \/>\n<script type=\"application\/ld+json\" class=\"yoast-schema-graph\">{\"@context\":\"https:\/\/schema.org\",\"@graph\":[{\"@type\":\"WebPage\",\"@id\":\"https:\/\/shezamme.com\/sklep\/buty\/kids\/adidas-yeezy-kids\/buty-dla-dzieci-adidas-yeezy-350\/dzieciece-adidas-yeezy-boost-350-v2-beluga-reflective\/\",\"url\":\"https:\/\/shezamme.com\/sklep\/buty\/kids\/adidas-yeezy-kids\/buty-dla-dzieci-adidas-yeezy-350\/dzieciece-adidas-yeezy-boost-350-v2-beluga-reflective\/\",\"name\":\"Dzieci\u0119ce Adidas Yeezy Boost 350 V2 Beluga Reflective - SHEZAMME\",\"isPartOf\":{\"@id\":\"https:\/\/shezamme.com\/#website\"},\"primaryImageOfPage\":{\"@id\":\"https:\/\/shezamme.com\/sklep\/buty\/kids\/adidas-yeezy-kids\/buty-dla-dzieci-adidas-yeezy-350\/dzieciece-adidas-yeezy-boost-350-v2-beluga-reflective\/#primaryimage\"},\"image\":{\"@id\":\"https:\/\/shezamme.com\/sklep\/buty\/kids\/adidas-yeezy-kids\/buty-dla-dzieci-adidas-yeezy-350\/dzieciece-adidas-yeezy-boost-350-v2-beluga-reflective\/#primaryimage\"},\"thumbnailUrl\":\"https:\/\/shezamme.com\/wp-content\/uploads\/2023\/09\/IMG_4148.jpg\",\"datePublished\":\"2023-09-11T09:45:15+00:00\",\"dateModified\":\"2025-03-23T13:17:29+00:00\",\"description\":\"Dzieci\u0119ce Adidas Yeezy Boost 350 V2 Beluga Reflective | Luksusowe i autentyczne przedmioty w jednym miejscu. B\u0105d\u017a na bie\u017c\u0105co i sprawd\u017a nasz\u0105 ofert\u0119 ju\u017c teraz\",\"breadcrumb\":{\"@id\":\"https:\/\/shezamme.com\/sklep\/buty\/kids\/adidas-yeezy-kids\/buty-dla-dzieci-adidas-yeezy-350\/dzieciece-adidas-yeezy-boost-350-v2-beluga-reflective\/#breadcrumb\"},\"inLanguage\":\"en-US\",\"potentialAction\":[{\"@type\":\"ReadAction\",\"target\":[\"https:\/\/shezamme.com\/sklep\/buty\/kids\/adidas-yeezy-kids\/buty-dla-dzieci-adidas-yeezy-350\/dzieciece-adidas-yeezy-boost-350-v2-beluga-reflective\/\"]}]},{\"@type\":\"ImageObject\",\"inLanguage\":\"en-US\",\"@id\":\"https:\/\/shezamme.com\/sklep\/buty\/kids\/adidas-yeezy-kids\/buty-dla-dzieci-adidas-yeezy-350\/dzieciece-adidas-yeezy-boost-350-v2-beluga-reflective\/#primaryimage\",\"url\":\"https:\/\/shezamme.com\/wp-content\/uploads\/2023\/09\/IMG_4148.jpg\",\"contentUrl\":\"https:\/\/shezamme.com\/wp-content\/uploads\/2023\/09\/IMG_4148.jpg\",\"width\":1170,\"height\":1078,\"caption\":\"Dzieci\u0119ce Adidas Yeezy Boost 350 V2 Beluga Reflective\"},{\"@type\":\"BreadcrumbList\",\"@id\":\"https:\/\/shezamme.com\/sklep\/buty\/kids\/adidas-yeezy-kids\/buty-dla-dzieci-adidas-yeezy-350\/dzieciece-adidas-yeezy-boost-350-v2-beluga-reflective\/#breadcrumb\",\"itemListElement\":[{\"@type\":\"ListItem\",\"position\":1,\"name\":\"Strona g\u0142\u00f3wna\",\"item\":\"https:\/\/shezamme.com\/\"},{\"@type\":\"ListItem\",\"position\":2,\"name\":\"Sklep\",\"item\":\"https:\/\/shezamme.com\/sklep\/\"},{\"@type\":\"ListItem\",\"position\":3,\"name\":\"Dzieci\u0119ce Adidas Yeezy Boost 350 V2 Beluga Reflective\"}]},{\"@type\":\"WebSite\",\"@id\":\"https:\/\/shezamme.com\/#website\",\"url\":\"https:\/\/shezamme.com\/\",\"name\":\"SHEZAMME - Sneakersy, Streetwear i luksusowe marki\",\"description\":\"Oryginalne i ekskluzywne przedmioty w jednym miejscu. Sprawd\u017a nasze produkty ju\u017c teraz i b\u0105d\u017a na bie\u017c\u0105co z wszystkimi premierami.\",\"publisher\":{\"@id\":\"https:\/\/shezamme.com\/#organization\"},\"potentialAction\":[{\"@type\":\"SearchAction\",\"target\":{\"@type\":\"EntryPoint\",\"urlTemplate\":\"https:\/\/shezamme.com\/?s={search_term_string}\"},\"query-input\":{\"@type\":\"PropertyValueSpecification\",\"valueRequired\":true,\"valueName\":\"search_term_string\"}}],\"inLanguage\":\"en-US\"},{\"@type\":\"Organization\",\"@id\":\"https:\/\/shezamme.com\/#organization\",\"name\":\"SHEZAMME - Sneakersy, Streetwear i luksusowe marki\",\"url\":\"https:\/\/shezamme.com\/\",\"logo\":{\"@type\":\"ImageObject\",\"inLanguage\":\"en-US\",\"@id\":\"https:\/\/shezamme.com\/#\/schema\/logo\/image\/\",\"url\":\"https:\/\/shezamme.com\/wp-content\/uploads\/2023\/02\/0x0.png\",\"contentUrl\":\"https:\/\/shezamme.com\/wp-content\/uploads\/2023\/02\/0x0.png\",\"width\":2000,\"height\":2000,\"caption\":\"SHEZAMME - Sneakersy, Streetwear i luksusowe marki\"},\"image\":{\"@id\":\"https:\/\/shezamme.com\/#\/schema\/logo\/image\/\"},\"sameAs\":[\"https:\/\/www.facebook.com\/SHEZAMME\/\",\"https:\/\/x.com\/SHEZAMME\",\"https:\/\/www.instagram.com\/shezamme\/\",\"https:\/\/www.youtube.com\/channel\/UCsTJxi_9fODHdO_1bmJbqvQ\",\"https:\/\/www.tiktok.com\/shezamme.com\"]}]}<\/script>\n<!-- \/ Yoast SEO plugin. -->","yoast_head_json":{"title":"Dzieci\u0119ce Adidas Yeezy Boost 350 V2 Beluga Reflective - SHEZAMME","description":"Dzieci\u0119ce Adidas Yeezy Boost 350 V2 Beluga Reflective | Luksusowe i autentyczne przedmioty w jednym miejscu. B\u0105d\u017a na bie\u017c\u0105co i sprawd\u017a nasz\u0105 ofert\u0119 ju\u017c teraz","robots":{"index":"index","follow":"follow","max-snippet":"max-snippet:-1","max-image-preview":"max-image-preview:large","max-video-preview":"max-video-preview:-1"},"canonical":"https:\/\/shezamme.com\/en\/sklep\/sneakers-2\/kids\/adidas-yeezy-kids\/kids-shoes-adidas-yeezy-350\/dzieciece-adidas-yeezy-boost-350-v2-beluga-reflective\/","og_locale":"en_US","og_type":"article","og_title":"Dzieci\u0119ce Adidas Yeezy Boost 350 V2 Beluga Reflective - SHEZAMME","og_description":"Dzieci\u0119ce Adidas Yeezy Boost 350 V2 Beluga Reflective | Luksusowe i autentyczne przedmioty w jednym miejscu. B\u0105d\u017a na bie\u017c\u0105co i sprawd\u017a nasz\u0105 ofert\u0119 ju\u017c teraz","og_url":"https:\/\/shezamme.com\/en\/sklep\/sneakers-2\/kids\/adidas-yeezy-kids\/kids-shoes-adidas-yeezy-350\/dzieciece-adidas-yeezy-boost-350-v2-beluga-reflective\/","og_site_name":"SHEZAMME - Yeezy, Jordan, Supreme i inne oryginalne rzeczy","article_publisher":"https:\/\/www.facebook.com\/SHEZAMME\/","article_modified_time":"2025-03-23T13:17:29+00:00","og_image":[{"width":1170,"height":1078,"url":"https:\/\/shezamme.com\/wp-content\/uploads\/2023\/09\/IMG_4148.jpg","type":"image\/jpeg"}],"twitter_card":"summary_large_image","twitter_site":"@SHEZAMME","twitter_misc":{"Est. reading time":"1 minute"},"schema":{"@context":"https:\/\/schema.org","@graph":[{"@type":"WebPage","@id":"https:\/\/shezamme.com\/sklep\/buty\/kids\/adidas-yeezy-kids\/buty-dla-dzieci-adidas-yeezy-350\/dzieciece-adidas-yeezy-boost-350-v2-beluga-reflective\/","url":"https:\/\/shezamme.com\/sklep\/buty\/kids\/adidas-yeezy-kids\/buty-dla-dzieci-adidas-yeezy-350\/dzieciece-adidas-yeezy-boost-350-v2-beluga-reflective\/","name":"Dzieci\u0119ce Adidas Yeezy Boost 350 V2 Beluga Reflective - SHEZAMME","isPartOf":{"@id":"https:\/\/shezamme.com\/#website"},"primaryImageOfPage":{"@id":"https:\/\/shezamme.com\/sklep\/buty\/kids\/adidas-yeezy-kids\/buty-dla-dzieci-adidas-yeezy-350\/dzieciece-adidas-yeezy-boost-350-v2-beluga-reflective\/#primaryimage"},"image":{"@id":"https:\/\/shezamme.com\/sklep\/buty\/kids\/adidas-yeezy-kids\/buty-dla-dzieci-adidas-yeezy-350\/dzieciece-adidas-yeezy-boost-350-v2-beluga-reflective\/#primaryimage"},"thumbnailUrl":"https:\/\/shezamme.com\/wp-content\/uploads\/2023\/09\/IMG_4148.jpg","datePublished":"2023-09-11T09:45:15+00:00","dateModified":"2025-03-23T13:17:29+00:00","description":"Dzieci\u0119ce Adidas Yeezy Boost 350 V2 Beluga Reflective | Luksusowe i autentyczne przedmioty w jednym miejscu. B\u0105d\u017a na bie\u017c\u0105co i sprawd\u017a nasz\u0105 ofert\u0119 ju\u017c teraz","breadcrumb":{"@id":"https:\/\/shezamme.com\/sklep\/buty\/kids\/adidas-yeezy-kids\/buty-dla-dzieci-adidas-yeezy-350\/dzieciece-adidas-yeezy-boost-350-v2-beluga-reflective\/#breadcrumb"},"inLanguage":"en-US","potentialAction":[{"@type":"ReadAction","target":["https:\/\/shezamme.com\/sklep\/buty\/kids\/adidas-yeezy-kids\/buty-dla-dzieci-adidas-yeezy-350\/dzieciece-adidas-yeezy-boost-350-v2-beluga-reflective\/"]}]},{"@type":"ImageObject","inLanguage":"en-US","@id":"https:\/\/shezamme.com\/sklep\/buty\/kids\/adidas-yeezy-kids\/buty-dla-dzieci-adidas-yeezy-350\/dzieciece-adidas-yeezy-boost-350-v2-beluga-reflective\/#primaryimage","url":"https:\/\/shezamme.com\/wp-content\/uploads\/2023\/09\/IMG_4148.jpg","contentUrl":"https:\/\/shezamme.com\/wp-content\/uploads\/2023\/09\/IMG_4148.jpg","width":1170,"height":1078,"caption":"Dzieci\u0119ce Adidas Yeezy Boost 350 V2 Beluga Reflective"},{"@type":"BreadcrumbList","@id":"https:\/\/shezamme.com\/sklep\/buty\/kids\/adidas-yeezy-kids\/buty-dla-dzieci-adidas-yeezy-350\/dzieciece-adidas-yeezy-boost-350-v2-beluga-reflective\/#breadcrumb","itemListElement":[{"@type":"ListItem","position":1,"name":"Strona g\u0142\u00f3wna","item":"https:\/\/shezamme.com\/"},{"@type":"ListItem","position":2,"name":"Sklep","item":"https:\/\/shezamme.com\/sklep\/"},{"@type":"ListItem","position":3,"name":"Dzieci\u0119ce Adidas Yeezy Boost 350 V2 Beluga Reflective"}]},{"@type":"WebSite","@id":"https:\/\/shezamme.com\/#website","url":"https:\/\/shezamme.com\/","name":"SHEZAMME - Sneakers, Streetwear and luxury brands","description":"Original and exclusive items in one place. Check out our products now and stay up to date with all launches.","publisher":{"@id":"https:\/\/shezamme.com\/#organization"},"potentialAction":[{"@type":"SearchAction","target":{"@type":"EntryPoint","urlTemplate":"https:\/\/shezamme.com\/?s={search_term_string}"},"query-input":{"@type":"PropertyValueSpecification","valueRequired":true,"valueName":"search_term_string"}}],"inLanguage":"en-US"},{"@type":"Organization","@id":"https:\/\/shezamme.com\/#organization","name":"SHEZAMME - Sneakers, Streetwear and luxury brands","url":"https:\/\/shezamme.com\/","logo":{"@type":"ImageObject","inLanguage":"en-US","@id":"https:\/\/shezamme.com\/#\/schema\/logo\/image\/","url":"https:\/\/shezamme.com\/wp-content\/uploads\/2023\/02\/0x0.png","contentUrl":"https:\/\/shezamme.com\/wp-content\/uploads\/2023\/02\/0x0.png","width":2000,"height":2000,"caption":"SHEZAMME - Sneakersy, Streetwear i luksusowe marki"},"image":{"@id":"https:\/\/shezamme.com\/#\/schema\/logo\/image\/"},"sameAs":["https:\/\/www.facebook.com\/SHEZAMME\/","https:\/\/x.com\/SHEZAMME","https:\/\/www.instagram.com\/shezamme\/","https:\/\/www.youtube.com\/channel\/UCsTJxi_9fODHdO_1bmJbqvQ","https:\/\/www.tiktok.com\/shezamme.com"]}]}},"brands":[{"id":749,"name":"Jordan","slug":"air-jordan"}],"_links":{"self":[{"href":"https:\/\/shezamme.com\/en\/wp-json\/wp\/v2\/product\/32183","targetHints":{"allow":["GET"]}}],"collection":[{"href":"https:\/\/shezamme.com\/en\/wp-json\/wp\/v2\/product"}],"about":[{"href":"https:\/\/shezamme.com\/en\/wp-json\/wp\/v2\/types\/product"}],"wp:featuredmedia":[{"embeddable":true,"href":"https:\/\/shezamme.com\/en\/wp-json\/wp\/v2\/media\/32193"}],"wp:attachment":[{"href":"https:\/\/shezamme.com\/en\/wp-json\/wp\/v2\/media?parent=32183"}],"wp:term":[{"taxonomy":"pwb-brand","embeddable":true,"href":"https:\/\/shezamme.com\/en\/wp-json\/wp\/v2\/pwb-brand?post=32183"},{"taxonomy":"product_brand","embeddable":true,"href":"https:\/\/shezamme.com\/en\/wp-json\/wp\/v2\/product_brand?post=32183"},{"taxonomy":"product_cat","embeddable":true,"href":"https:\/\/shezamme.com\/en\/wp-json\/wp\/v2\/product_cat?post=32183"},{"taxonomy":"product_tag","embeddable":true,"href":"https:\/\/shezamme.com\/en\/wp-json\/wp\/v2\/product_tag?post=32183"}],"curies":[{"name":"wp","href":"https:\/\/api.w.org\/{rel}","templated":true}]}}