{"id":3208,"date":"2022-07-30T21:23:33","date_gmt":"2022-07-30T19:23:33","guid":{"rendered":"https:\/\/staging1.waw.pl\/?post_type=product&#038;p=3208"},"modified":"2025-01-01T22:43:21","modified_gmt":"2025-01-01T21:43:21","slug":"nike-air-jordan-1-high-patent-bred","status":"publish","type":"product","link":"https:\/\/shezamme.com\/en\/sklep\/buty\/air-jordan\/air-jordan-1-high\/nike-air-jordan-1-high-patent-bred\/","title":{"rendered":"Air Jordan 1 High &#8222;Patent Bred&#8221;"},"content":{"rendered":"<h2>Air Jordan 1 High &#8222;Patent Bred&#8221; \u2013 luksusowy po\u0142ysk klasyki<\/h2>\n<p>Model Air Jordan 1 &#8222;Patent Bred&#8221; przyci\u0105ga wzrok kultow\u0105 kolorystyk\u0105 czerni i czerwieni &#8222;Bred&#8221;, wykonan\u0105 z lakierowanej sk\u00f3ry, kt\u00f3ra nadaje mu wyj\u0105tkowy blask i elegancj\u0119. Wykorzystanie po\u0142yskuj\u0105cego materia\u0142u tworzy stylowy, wyr\u00f3\u017cniaj\u0105cy si\u0119 wygl\u0105d, idealny dla fan\u00f3w odwa\u017cnych rozwi\u0105za\u0144.<\/p>\n<h2>Kolekcjonerskie detale i komfort AJ1<\/h2>\n<p>Kultowe logo &#8222;Wings&#8221; i &#8222;Nike Air&#8221; zachowuj\u0105 autentyczno\u015b\u0107 modelu, a subtelny napis &#8222;Family&#8221; na wewn\u0119trznej stronie ko\u0142nierza dodaje wyj\u0105tkowej warto\u015bci kolekcjonerskiej. Dzi\u0119ki amortyzowanej podeszwie Air i perforowanemu toeboxowi, &#8222;Patent Bred&#8221; oferuje wygod\u0119 i przewiewno\u015b\u0107, idealny zar\u00f3wno na co dzie\u0144, jak i do kolekcji sneaker\u00f3w.<\/p>","protected":false},"excerpt":{"rendered":"<h2>Air Jordan 1 High &#8222;Patent Bred&#8221; \u2013 po\u0142ysk ikony w odwa\u017cnym stylu<\/h2>\n<p>Model Air Jordan 1 &#8222;Patent Bred&#8221; to klasyczne po\u0142\u0105czenie czerni i czerwieni w nowej, lakierowanej ods\u0142onie, kt\u00f3ra nadaje mu luksusowy charakter i intensywny po\u0142ysk. Detal &#8222;Family&#8221; wyt\u0142oczony na ko\u0142nierzu dodaje mu unikalnej warto\u015bci, a amortyzacja Air zapewnia komfort przez ca\u0142y dzie\u0144. Idealny wyb\u00f3r dla tych, kt\u00f3rzy ceni\u0105 eleganck\u0105 klasyk\u0119 w wyj\u0105tkowym wydaniu.<\/p>","protected":false},"featured_media":3286,"template":"","meta":{"_acf_changed":false,"_yoast_wpseo_focuskw":"Nike Air Jordan 1 High \"Patent Bred\"","_yoast_wpseo_title":"","_yoast_wpseo_metadesc":""},"pwb-brand":[749,756],"product_brand":[],"product_cat":[16,17,18,93],"product_tag":[1008,1009],"class_list":{"0":"post-3208","1":"product","2":"type-product","3":"status-publish","4":"has-post-thumbnail","6":"pwb-brand-air-jordan","7":"pwb-brand-nike","8":"product_cat-buty","9":"product_cat-air-jordan","10":"product_cat-air-jordan-1-high","11":"product_cat-nike","12":"product_tag-kobieta","13":"product_tag-mezczyzna","15":"first","16":"instock","17":"taxable","18":"shipping-taxable","19":"purchasable","20":"product-type-variable","21":"has-default-attributes"},"acf":[],"yoast_head":"<!-- This site is optimized with the Yoast SEO plugin v27.3 - https:\/\/yoast.com\/product\/yoast-seo-wordpress\/ -->\n<title>Air Jordan 1 High &quot;Patent Bred&quot; - SHEZAMME<\/title>\n<meta name=\"description\" content=\"Air Jordan 1 High &quot;Patent Bred&quot; | Luksusowe i autentyczne przedmioty w jednym miejscu. B\u0105d\u017a na bie\u017c\u0105co i sprawd\u017a nasz\u0105 ofert\u0119 ju\u017c teraz\" \/>\n<meta name=\"robots\" content=\"index, follow, max-snippet:-1, max-image-preview:large, max-video-preview:-1\" \/>\n<link rel=\"canonical\" href=\"https:\/\/shezamme.com\/en\/sklep\/sneakers-2\/air-jordan\/air-jordan-1-high\/nike-air-jordan-1-high-patent-bred\/\" \/>\n<meta property=\"og:locale\" content=\"en_US\" \/>\n<meta property=\"og:type\" content=\"article\" \/>\n<meta property=\"og:title\" content=\"Air Jordan 1 High &quot;Patent Bred&quot; - SHEZAMME\" \/>\n<meta property=\"og:description\" content=\"Air Jordan 1 High &quot;Patent Bred&quot; | Luksusowe i autentyczne przedmioty w jednym miejscu. B\u0105d\u017a na bie\u017c\u0105co i sprawd\u017a nasz\u0105 ofert\u0119 ju\u017c teraz\" \/>\n<meta property=\"og:url\" content=\"https:\/\/shezamme.com\/en\/sklep\/sneakers-2\/air-jordan\/air-jordan-1-high\/nike-air-jordan-1-high-patent-bred\/\" \/>\n<meta property=\"og:site_name\" content=\"SHEZAMME - Yeezy, Jordan, Supreme i inne oryginalne rzeczy\" \/>\n<meta property=\"article:publisher\" content=\"https:\/\/www.facebook.com\/SHEZAMME\/\" \/>\n<meta property=\"article:modified_time\" content=\"2025-01-01T21:43:21+00:00\" \/>\n<meta property=\"og:image\" content=\"https:\/\/shezamme.com\/wp-content\/uploads\/2022\/07\/patent2.jpg\" \/>\n\t<meta property=\"og:image:width\" content=\"1125\" \/>\n\t<meta property=\"og:image:height\" content=\"1058\" \/>\n\t<meta property=\"og:image:type\" content=\"image\/jpeg\" \/>\n<meta name=\"twitter:card\" content=\"summary_large_image\" \/>\n<meta name=\"twitter:site\" content=\"@SHEZAMME\" \/>\n<meta name=\"twitter:label1\" content=\"Est. reading time\" \/>\n\t<meta name=\"twitter:data1\" content=\"1 minute\" \/>\n<script type=\"application\/ld+json\" class=\"yoast-schema-graph\">{\"@context\":\"https:\\\/\\\/schema.org\",\"@graph\":[{\"@type\":\"WebPage\",\"@id\":\"https:\\\/\\\/shezamme.com\\\/sklep\\\/buty\\\/air-jordan\\\/air-jordan-1-high\\\/nike-air-jordan-1-high-patent-bred\\\/\",\"url\":\"https:\\\/\\\/shezamme.com\\\/sklep\\\/buty\\\/air-jordan\\\/air-jordan-1-high\\\/nike-air-jordan-1-high-patent-bred\\\/\",\"name\":\"Air Jordan 1 High \\\"Patent Bred\\\" - SHEZAMME\",\"isPartOf\":{\"@id\":\"https:\\\/\\\/shezamme.com\\\/#website\"},\"primaryImageOfPage\":{\"@id\":\"https:\\\/\\\/shezamme.com\\\/sklep\\\/buty\\\/air-jordan\\\/air-jordan-1-high\\\/nike-air-jordan-1-high-patent-bred\\\/#primaryimage\"},\"image\":{\"@id\":\"https:\\\/\\\/shezamme.com\\\/sklep\\\/buty\\\/air-jordan\\\/air-jordan-1-high\\\/nike-air-jordan-1-high-patent-bred\\\/#primaryimage\"},\"thumbnailUrl\":\"https:\\\/\\\/shezamme.com\\\/wp-content\\\/uploads\\\/2022\\\/07\\\/patent2.jpg\",\"datePublished\":\"2022-07-30T19:23:33+00:00\",\"dateModified\":\"2025-01-01T21:43:21+00:00\",\"description\":\"Air Jordan 1 High \\\"Patent Bred\\\" | Luksusowe i autentyczne przedmioty w jednym miejscu. B\u0105d\u017a na bie\u017c\u0105co i sprawd\u017a nasz\u0105 ofert\u0119 ju\u017c teraz\",\"breadcrumb\":{\"@id\":\"https:\\\/\\\/shezamme.com\\\/sklep\\\/buty\\\/air-jordan\\\/air-jordan-1-high\\\/nike-air-jordan-1-high-patent-bred\\\/#breadcrumb\"},\"inLanguage\":\"en-US\",\"potentialAction\":[{\"@type\":\"ReadAction\",\"target\":[\"https:\\\/\\\/shezamme.com\\\/sklep\\\/buty\\\/air-jordan\\\/air-jordan-1-high\\\/nike-air-jordan-1-high-patent-bred\\\/\"]}]},{\"@type\":\"ImageObject\",\"inLanguage\":\"en-US\",\"@id\":\"https:\\\/\\\/shezamme.com\\\/sklep\\\/buty\\\/air-jordan\\\/air-jordan-1-high\\\/nike-air-jordan-1-high-patent-bred\\\/#primaryimage\",\"url\":\"https:\\\/\\\/shezamme.com\\\/wp-content\\\/uploads\\\/2022\\\/07\\\/patent2.jpg\",\"contentUrl\":\"https:\\\/\\\/shezamme.com\\\/wp-content\\\/uploads\\\/2022\\\/07\\\/patent2.jpg\",\"width\":1125,\"height\":1058,\"caption\":\"Nike Air Jordan 1 High \\\"Patent Bred\\\"\"},{\"@type\":\"BreadcrumbList\",\"@id\":\"https:\\\/\\\/shezamme.com\\\/sklep\\\/buty\\\/air-jordan\\\/air-jordan-1-high\\\/nike-air-jordan-1-high-patent-bred\\\/#breadcrumb\",\"itemListElement\":[{\"@type\":\"ListItem\",\"position\":1,\"name\":\"Strona g\u0142\u00f3wna\",\"item\":\"https:\\\/\\\/shezamme.com\\\/\"},{\"@type\":\"ListItem\",\"position\":2,\"name\":\"Sklep\",\"item\":\"https:\\\/\\\/shezamme.com\\\/en\\\/sklep\\\/\"},{\"@type\":\"ListItem\",\"position\":3,\"name\":\"Nike Air Jordan 1 High &#8220;Patent Bred&#8221;\"}]},{\"@type\":\"WebSite\",\"@id\":\"https:\\\/\\\/shezamme.com\\\/#website\",\"url\":\"https:\\\/\\\/shezamme.com\\\/\",\"name\":\"SHEZAMME - Sneakersy, Streetwear i luksusowe marki\",\"description\":\"Oryginalne i ekskluzywne przedmioty w jednym miejscu. Sprawd\u017a nasze produkty ju\u017c teraz i b\u0105d\u017a na bie\u017c\u0105co z wszystkimi premierami.\",\"publisher\":{\"@id\":\"https:\\\/\\\/shezamme.com\\\/#organization\"},\"potentialAction\":[{\"@type\":\"SearchAction\",\"target\":{\"@type\":\"EntryPoint\",\"urlTemplate\":\"https:\\\/\\\/shezamme.com\\\/?s={search_term_string}\"},\"query-input\":{\"@type\":\"PropertyValueSpecification\",\"valueRequired\":true,\"valueName\":\"search_term_string\"}}],\"inLanguage\":\"en-US\"},{\"@type\":\"Organization\",\"@id\":\"https:\\\/\\\/shezamme.com\\\/#organization\",\"name\":\"SHEZAMME - Sneakersy, Streetwear i luksusowe marki\",\"url\":\"https:\\\/\\\/shezamme.com\\\/\",\"logo\":{\"@type\":\"ImageObject\",\"inLanguage\":\"en-US\",\"@id\":\"https:\\\/\\\/shezamme.com\\\/#\\\/schema\\\/logo\\\/image\\\/\",\"url\":\"https:\\\/\\\/shezamme.com\\\/wp-content\\\/uploads\\\/2023\\\/02\\\/0x0.png\",\"contentUrl\":\"https:\\\/\\\/shezamme.com\\\/wp-content\\\/uploads\\\/2023\\\/02\\\/0x0.png\",\"width\":2000,\"height\":2000,\"caption\":\"SHEZAMME - Sneakersy, Streetwear i luksusowe marki\"},\"image\":{\"@id\":\"https:\\\/\\\/shezamme.com\\\/#\\\/schema\\\/logo\\\/image\\\/\"},\"sameAs\":[\"https:\\\/\\\/www.facebook.com\\\/SHEZAMME\\\/\",\"https:\\\/\\\/x.com\\\/SHEZAMME\",\"https:\\\/\\\/www.instagram.com\\\/shezamme\\\/\",\"https:\\\/\\\/www.youtube.com\\\/channel\\\/UCsTJxi_9fODHdO_1bmJbqvQ\",\"https:\\\/\\\/www.tiktok.com\\\/shezamme.com\"]}]}<\/script>\n<!-- \/ Yoast SEO plugin. -->","yoast_head_json":{"title":"Air Jordan 1 High \"Patent Bred\" - SHEZAMME","description":"Air Jordan 1 High \"Patent Bred\" | Luksusowe i autentyczne przedmioty w jednym miejscu. B\u0105d\u017a na bie\u017c\u0105co i sprawd\u017a nasz\u0105 ofert\u0119 ju\u017c teraz","robots":{"index":"index","follow":"follow","max-snippet":"max-snippet:-1","max-image-preview":"max-image-preview:large","max-video-preview":"max-video-preview:-1"},"canonical":"https:\/\/shezamme.com\/en\/sklep\/sneakers-2\/air-jordan\/air-jordan-1-high\/nike-air-jordan-1-high-patent-bred\/","og_locale":"en_US","og_type":"article","og_title":"Air Jordan 1 High \"Patent Bred\" - SHEZAMME","og_description":"Air Jordan 1 High \"Patent Bred\" | Luksusowe i autentyczne przedmioty w jednym miejscu. B\u0105d\u017a na bie\u017c\u0105co i sprawd\u017a nasz\u0105 ofert\u0119 ju\u017c teraz","og_url":"https:\/\/shezamme.com\/en\/sklep\/sneakers-2\/air-jordan\/air-jordan-1-high\/nike-air-jordan-1-high-patent-bred\/","og_site_name":"SHEZAMME - Yeezy, Jordan, Supreme i inne oryginalne rzeczy","article_publisher":"https:\/\/www.facebook.com\/SHEZAMME\/","article_modified_time":"2025-01-01T21:43:21+00:00","og_image":[{"width":1125,"height":1058,"url":"https:\/\/shezamme.com\/wp-content\/uploads\/2022\/07\/patent2.jpg","type":"image\/jpeg"}],"twitter_card":"summary_large_image","twitter_site":"@SHEZAMME","twitter_misc":{"Est. reading time":"1 minute"},"schema":{"@context":"https:\/\/schema.org","@graph":[{"@type":"WebPage","@id":"https:\/\/shezamme.com\/sklep\/buty\/air-jordan\/air-jordan-1-high\/nike-air-jordan-1-high-patent-bred\/","url":"https:\/\/shezamme.com\/sklep\/buty\/air-jordan\/air-jordan-1-high\/nike-air-jordan-1-high-patent-bred\/","name":"Air Jordan 1 High \"Patent Bred\" - SHEZAMME","isPartOf":{"@id":"https:\/\/shezamme.com\/#website"},"primaryImageOfPage":{"@id":"https:\/\/shezamme.com\/sklep\/buty\/air-jordan\/air-jordan-1-high\/nike-air-jordan-1-high-patent-bred\/#primaryimage"},"image":{"@id":"https:\/\/shezamme.com\/sklep\/buty\/air-jordan\/air-jordan-1-high\/nike-air-jordan-1-high-patent-bred\/#primaryimage"},"thumbnailUrl":"https:\/\/shezamme.com\/wp-content\/uploads\/2022\/07\/patent2.jpg","datePublished":"2022-07-30T19:23:33+00:00","dateModified":"2025-01-01T21:43:21+00:00","description":"Air Jordan 1 High \"Patent Bred\" | Luksusowe i autentyczne przedmioty w jednym miejscu. B\u0105d\u017a na bie\u017c\u0105co i sprawd\u017a nasz\u0105 ofert\u0119 ju\u017c teraz","breadcrumb":{"@id":"https:\/\/shezamme.com\/sklep\/buty\/air-jordan\/air-jordan-1-high\/nike-air-jordan-1-high-patent-bred\/#breadcrumb"},"inLanguage":"en-US","potentialAction":[{"@type":"ReadAction","target":["https:\/\/shezamme.com\/sklep\/buty\/air-jordan\/air-jordan-1-high\/nike-air-jordan-1-high-patent-bred\/"]}]},{"@type":"ImageObject","inLanguage":"en-US","@id":"https:\/\/shezamme.com\/sklep\/buty\/air-jordan\/air-jordan-1-high\/nike-air-jordan-1-high-patent-bred\/#primaryimage","url":"https:\/\/shezamme.com\/wp-content\/uploads\/2022\/07\/patent2.jpg","contentUrl":"https:\/\/shezamme.com\/wp-content\/uploads\/2022\/07\/patent2.jpg","width":1125,"height":1058,"caption":"Nike Air Jordan 1 High \"Patent Bred\""},{"@type":"BreadcrumbList","@id":"https:\/\/shezamme.com\/sklep\/buty\/air-jordan\/air-jordan-1-high\/nike-air-jordan-1-high-patent-bred\/#breadcrumb","itemListElement":[{"@type":"ListItem","position":1,"name":"Strona g\u0142\u00f3wna","item":"https:\/\/shezamme.com\/"},{"@type":"ListItem","position":2,"name":"Sklep","item":"https:\/\/shezamme.com\/en\/sklep\/"},{"@type":"ListItem","position":3,"name":"Nike Air Jordan 1 High &#8220;Patent Bred&#8221;"}]},{"@type":"WebSite","@id":"https:\/\/shezamme.com\/#website","url":"https:\/\/shezamme.com\/","name":"SHEZAMME - Sneakers, Streetwear and luxury brands","description":"Original and exclusive items in one place. Check out our products now and stay up to date with all launches.","publisher":{"@id":"https:\/\/shezamme.com\/#organization"},"potentialAction":[{"@type":"SearchAction","target":{"@type":"EntryPoint","urlTemplate":"https:\/\/shezamme.com\/?s={search_term_string}"},"query-input":{"@type":"PropertyValueSpecification","valueRequired":true,"valueName":"search_term_string"}}],"inLanguage":"en-US"},{"@type":"Organization","@id":"https:\/\/shezamme.com\/#organization","name":"SHEZAMME - Sneakers, Streetwear and luxury brands","url":"https:\/\/shezamme.com\/","logo":{"@type":"ImageObject","inLanguage":"en-US","@id":"https:\/\/shezamme.com\/#\/schema\/logo\/image\/","url":"https:\/\/shezamme.com\/wp-content\/uploads\/2023\/02\/0x0.png","contentUrl":"https:\/\/shezamme.com\/wp-content\/uploads\/2023\/02\/0x0.png","width":2000,"height":2000,"caption":"SHEZAMME - Sneakersy, Streetwear i luksusowe marki"},"image":{"@id":"https:\/\/shezamme.com\/#\/schema\/logo\/image\/"},"sameAs":["https:\/\/www.facebook.com\/SHEZAMME\/","https:\/\/x.com\/SHEZAMME","https:\/\/www.instagram.com\/shezamme\/","https:\/\/www.youtube.com\/channel\/UCsTJxi_9fODHdO_1bmJbqvQ","https:\/\/www.tiktok.com\/shezamme.com"]}]}},"brands":[{"id":749,"name":"Jordan","slug":"air-jordan"},{"id":756,"name":"Nike","slug":"nike"}],"_links":{"self":[{"href":"https:\/\/shezamme.com\/en\/wp-json\/wp\/v2\/product\/3208","targetHints":{"allow":["GET"]}}],"collection":[{"href":"https:\/\/shezamme.com\/en\/wp-json\/wp\/v2\/product"}],"about":[{"href":"https:\/\/shezamme.com\/en\/wp-json\/wp\/v2\/types\/product"}],"wp:featuredmedia":[{"embeddable":true,"href":"https:\/\/shezamme.com\/en\/wp-json\/wp\/v2\/media\/3286"}],"wp:attachment":[{"href":"https:\/\/shezamme.com\/en\/wp-json\/wp\/v2\/media?parent=3208"}],"wp:term":[{"taxonomy":"pwb-brand","embeddable":true,"href":"https:\/\/shezamme.com\/en\/wp-json\/wp\/v2\/pwb-brand?post=3208"},{"taxonomy":"product_brand","embeddable":true,"href":"https:\/\/shezamme.com\/en\/wp-json\/wp\/v2\/product_brand?post=3208"},{"taxonomy":"product_cat","embeddable":true,"href":"https:\/\/shezamme.com\/en\/wp-json\/wp\/v2\/product_cat?post=3208"},{"taxonomy":"product_tag","embeddable":true,"href":"https:\/\/shezamme.com\/en\/wp-json\/wp\/v2\/product_tag?post=3208"}],"curies":[{"name":"wp","href":"https:\/\/api.w.org\/{rel}","templated":true}]}}