{"id":31684,"date":"2023-08-28T15:45:16","date_gmt":"2023-08-28T13:45:16","guid":{"rendered":"https:\/\/shezamme.com\/?post_type=product&#038;p=31684"},"modified":"2025-03-24T23:07:43","modified_gmt":"2025-03-24T22:07:43","slug":"adidas-yeezy-knit-rnr-boot-sulfur","status":"publish","type":"product","link":"https:\/\/shezamme.com\/en\/sklep\/buty\/yeezy\/buty-adidas-yeezy-knit-rnr\/adidas-yeezy-knit-rnr-boot-sulfur\/","title":{"rendered":"Adidas Yeezy Knit RNR Boot Sulfur"},"content":{"rendered":"<div class=\"flex-shrink-0 flex flex-col relative items-end\">\n<div class=\"pt-0\">\n<div class=\"gizmo-shadow-stroke flex h-8 w-8 items-center justify-center overflow-hidden rounded-full\">\n<div class=\"h-full w-full\">\n<h2 class=\"gizmo-shadow-stroke overflow-hidden rounded-full\"><span style=\"font-size: 24px\">Odwa\u017cny Styl i Niezawodna Funkcjonalno\u015b\u0107<\/span><\/h2>\n<\/div>\n<\/div>\n<\/div>\n<\/div>\n<div class=\"group\/conversation-turn relative flex w-full min-w-0 flex-col agent-turn\">\n<div class=\"flex-col gap-1 md:gap-3\">\n<div class=\"flex max-w-full flex-col flex-grow\">\n<div class=\"min-h-8 text-message flex w-full flex-col items-end gap-2 whitespace-normal break-words [.text-message+&amp;]:mt-5\" dir=\"auto\" data-message-author-role=\"assistant\" data-message-id=\"ccf99f91-9fe4-4048-9d60-d344a5abb986\" data-message-model-slug=\"gpt-4o\">\n<div class=\"flex w-full flex-col gap-1 empty:hidden first:pt-[3px]\">\n<div class=\"markdown prose w-full break-words dark:prose-invert dark\">\n<p>Adidas Yeezy Knit RNR Boot &#8222;Sulfur&#8221; przyci\u0105ga wzrok \u017c\u00f3\u0142tawym odcieniem inspirowanym siark\u0105, idealnym na zimowe stylizacje. Przeskalowany, monolityczny design nadaje mu masywny, futurystyczny charakter, charakterystyczny dla kolekcji Yeezy.<\/p>\n<h2>Wodoodporno\u015b\u0107 i Stabilno\u015b\u0107 na Zim\u0119<\/h2>\n<p>Wytrzyma\u0142a, wodoodporna tkanina chroni przed wilgoci\u0105, zapewniaj\u0105c ciep\u0142o i oddychalno\u015b\u0107. Mocny bie\u017cnik podeszwy gwarantuje przyczepno\u015b\u0107 w trudnych warunkach, a wy\u015bcie\u0142any ko\u0142nierz i anatomiczna wk\u0142adka oferuj\u0105 komfort przez ca\u0142y dzie\u0144. Unisexowy model sprawdzi si\u0119 zar\u00f3wno w funkcjonalnych, jak i streetwearowych zestawach.<\/p>\n<\/div>\n<\/div>\n<\/div>\n<\/div>\n<\/div>\n<\/div>\n","protected":false},"excerpt":{"rendered":"<h2>Odporno\u015b\u0107 i Styl w Futurystycznej Formie<\/h2>\n<p>Adidas Yeezy Knit RNR Boot &#8222;Sulfur&#8221; wyr\u00f3\u017cnia si\u0119 intensywnym \u017c\u00f3\u0142tym odcieniem i przeskalowan\u0105 sylwetk\u0105, kt\u00f3ra przyci\u0105ga spojrzenia. Wodoodporna tkanina i solidny bie\u017cnik podeszwy zapewniaj\u0105 ochron\u0119 oraz stabilno\u015b\u0107 w zimowych warunkach. Unisexowy model, idealny do funkcjonalnych i streetwearowych stylizacji na ch\u0142odne dni.<\/p>","protected":false},"featured_media":31701,"template":"","meta":{"_acf_changed":false,"_yoast_wpseo_focuskw":"Adidas Yeezy Knit RNR Boot Sulfur","_yoast_wpseo_title":"","_yoast_wpseo_metadesc":""},"pwb-brand":[748,750],"product_brand":[],"product_cat":[16,63,930,894],"product_tag":[1008,1009],"class_list":{"0":"post-31684","1":"product","2":"type-product","3":"status-publish","4":"has-post-thumbnail","6":"pwb-brand-adidas","7":"pwb-brand-yeezy","8":"product_cat-buty","9":"product_cat-yeezy","10":"product_cat-buty-adidas-yeezy-knit-rnr","11":"product_cat-nowe","12":"product_tag-kobieta","13":"product_tag-mezczyzna","15":"first","16":"onbackorder","17":"taxable","18":"shipping-taxable","19":"purchasable","20":"product-type-variable","21":"has-default-attributes"},"acf":[],"yoast_head":"<!-- This site is optimized with the Yoast SEO plugin v27.2 - https:\/\/yoast.com\/product\/yoast-seo-wordpress\/ -->\n<title>Adidas Yeezy Knit RNR Boot Sulfur - SHEZAMME<\/title>\n<meta name=\"description\" content=\"Adidas Yeezy Knit RNR Boot Sulfur | Luksusowe i autentyczne przedmioty w jednym miejscu. B\u0105d\u017a na bie\u017c\u0105co i sprawd\u017a nasz\u0105 ofert\u0119 ju\u017c teraz\" \/>\n<meta name=\"robots\" content=\"index, follow, max-snippet:-1, max-image-preview:large, max-video-preview:-1\" \/>\n<link rel=\"canonical\" href=\"https:\/\/shezamme.com\/en\/sklep\/sneakers-2\/yeezy\/adidas-yeezy-knit-rnr\/adidas-yeezy-knit-rnr-boot-sulfur\/\" \/>\n<meta property=\"og:locale\" content=\"en_US\" \/>\n<meta property=\"og:type\" content=\"article\" \/>\n<meta property=\"og:title\" content=\"Adidas Yeezy Knit RNR Boot Sulfur - SHEZAMME\" \/>\n<meta property=\"og:description\" content=\"Adidas Yeezy Knit RNR Boot Sulfur | Luksusowe i autentyczne przedmioty w jednym miejscu. B\u0105d\u017a na bie\u017c\u0105co i sprawd\u017a nasz\u0105 ofert\u0119 ju\u017c teraz\" \/>\n<meta property=\"og:url\" content=\"https:\/\/shezamme.com\/en\/sklep\/sneakers-2\/yeezy\/adidas-yeezy-knit-rnr\/adidas-yeezy-knit-rnr-boot-sulfur\/\" \/>\n<meta property=\"og:site_name\" content=\"SHEZAMME - Yeezy, Jordan, Supreme i inne oryginalne rzeczy\" \/>\n<meta property=\"article:publisher\" content=\"https:\/\/www.facebook.com\/SHEZAMME\/\" \/>\n<meta property=\"article:modified_time\" content=\"2025-03-24T22:07:43+00:00\" \/>\n<meta property=\"og:image\" content=\"https:\/\/shezamme.com\/wp-content\/uploads\/2023\/08\/IMG_3703.jpg\" \/>\n\t<meta property=\"og:image:width\" content=\"1170\" \/>\n\t<meta property=\"og:image:height\" content=\"1081\" \/>\n\t<meta property=\"og:image:type\" content=\"image\/jpeg\" \/>\n<meta name=\"twitter:card\" content=\"summary_large_image\" \/>\n<meta name=\"twitter:site\" content=\"@SHEZAMME\" \/>\n<script type=\"application\/ld+json\" class=\"yoast-schema-graph\">{\"@context\":\"https:\/\/schema.org\",\"@graph\":[{\"@type\":\"WebPage\",\"@id\":\"https:\/\/shezamme.com\/sklep\/buty\/yeezy\/buty-adidas-yeezy-knit-rnr\/adidas-yeezy-knit-rnr-boot-sulfur\/\",\"url\":\"https:\/\/shezamme.com\/sklep\/buty\/yeezy\/buty-adidas-yeezy-knit-rnr\/adidas-yeezy-knit-rnr-boot-sulfur\/\",\"name\":\"Adidas Yeezy Knit RNR Boot Sulfur - SHEZAMME\",\"isPartOf\":{\"@id\":\"https:\/\/shezamme.com\/#website\"},\"primaryImageOfPage\":{\"@id\":\"https:\/\/shezamme.com\/sklep\/buty\/yeezy\/buty-adidas-yeezy-knit-rnr\/adidas-yeezy-knit-rnr-boot-sulfur\/#primaryimage\"},\"image\":{\"@id\":\"https:\/\/shezamme.com\/sklep\/buty\/yeezy\/buty-adidas-yeezy-knit-rnr\/adidas-yeezy-knit-rnr-boot-sulfur\/#primaryimage\"},\"thumbnailUrl\":\"https:\/\/shezamme.com\/wp-content\/uploads\/2023\/08\/IMG_3703.jpg\",\"datePublished\":\"2023-08-28T13:45:16+00:00\",\"dateModified\":\"2025-03-24T22:07:43+00:00\",\"description\":\"Adidas Yeezy Knit RNR Boot Sulfur | Luksusowe i autentyczne przedmioty w jednym miejscu. B\u0105d\u017a na bie\u017c\u0105co i sprawd\u017a nasz\u0105 ofert\u0119 ju\u017c teraz\",\"breadcrumb\":{\"@id\":\"https:\/\/shezamme.com\/sklep\/buty\/yeezy\/buty-adidas-yeezy-knit-rnr\/adidas-yeezy-knit-rnr-boot-sulfur\/#breadcrumb\"},\"inLanguage\":\"en-US\",\"potentialAction\":[{\"@type\":\"ReadAction\",\"target\":[\"https:\/\/shezamme.com\/sklep\/buty\/yeezy\/buty-adidas-yeezy-knit-rnr\/adidas-yeezy-knit-rnr-boot-sulfur\/\"]}]},{\"@type\":\"ImageObject\",\"inLanguage\":\"en-US\",\"@id\":\"https:\/\/shezamme.com\/sklep\/buty\/yeezy\/buty-adidas-yeezy-knit-rnr\/adidas-yeezy-knit-rnr-boot-sulfur\/#primaryimage\",\"url\":\"https:\/\/shezamme.com\/wp-content\/uploads\/2023\/08\/IMG_3703.jpg\",\"contentUrl\":\"https:\/\/shezamme.com\/wp-content\/uploads\/2023\/08\/IMG_3703.jpg\",\"width\":1170,\"height\":1081,\"caption\":\"Adidas Yeezy Knit RNR Boot Sulfur\"},{\"@type\":\"BreadcrumbList\",\"@id\":\"https:\/\/shezamme.com\/sklep\/buty\/yeezy\/buty-adidas-yeezy-knit-rnr\/adidas-yeezy-knit-rnr-boot-sulfur\/#breadcrumb\",\"itemListElement\":[{\"@type\":\"ListItem\",\"position\":1,\"name\":\"Strona g\u0142\u00f3wna\",\"item\":\"https:\/\/shezamme.com\/\"},{\"@type\":\"ListItem\",\"position\":2,\"name\":\"Sklep\",\"item\":\"https:\/\/shezamme.com\/sklep\/\"},{\"@type\":\"ListItem\",\"position\":3,\"name\":\"Adidas Yeezy Knit RNR Boot Sulfur\"}]},{\"@type\":\"WebSite\",\"@id\":\"https:\/\/shezamme.com\/#website\",\"url\":\"https:\/\/shezamme.com\/\",\"name\":\"SHEZAMME - Sneakersy, Streetwear i luksusowe marki\",\"description\":\"Oryginalne i ekskluzywne przedmioty w jednym miejscu. Sprawd\u017a nasze produkty ju\u017c teraz i b\u0105d\u017a na bie\u017c\u0105co z wszystkimi premierami.\",\"publisher\":{\"@id\":\"https:\/\/shezamme.com\/#organization\"},\"potentialAction\":[{\"@type\":\"SearchAction\",\"target\":{\"@type\":\"EntryPoint\",\"urlTemplate\":\"https:\/\/shezamme.com\/?s={search_term_string}\"},\"query-input\":{\"@type\":\"PropertyValueSpecification\",\"valueRequired\":true,\"valueName\":\"search_term_string\"}}],\"inLanguage\":\"en-US\"},{\"@type\":\"Organization\",\"@id\":\"https:\/\/shezamme.com\/#organization\",\"name\":\"SHEZAMME - Sneakersy, Streetwear i luksusowe marki\",\"url\":\"https:\/\/shezamme.com\/\",\"logo\":{\"@type\":\"ImageObject\",\"inLanguage\":\"en-US\",\"@id\":\"https:\/\/shezamme.com\/#\/schema\/logo\/image\/\",\"url\":\"https:\/\/shezamme.com\/wp-content\/uploads\/2023\/02\/0x0.png\",\"contentUrl\":\"https:\/\/shezamme.com\/wp-content\/uploads\/2023\/02\/0x0.png\",\"width\":2000,\"height\":2000,\"caption\":\"SHEZAMME - Sneakersy, Streetwear i luksusowe marki\"},\"image\":{\"@id\":\"https:\/\/shezamme.com\/#\/schema\/logo\/image\/\"},\"sameAs\":[\"https:\/\/www.facebook.com\/SHEZAMME\/\",\"https:\/\/x.com\/SHEZAMME\",\"https:\/\/www.instagram.com\/shezamme\/\",\"https:\/\/www.youtube.com\/channel\/UCsTJxi_9fODHdO_1bmJbqvQ\",\"https:\/\/www.tiktok.com\/shezamme.com\"]}]}<\/script>\n<!-- \/ Yoast SEO plugin. -->","yoast_head_json":{"title":"Adidas Yeezy Knit RNR Boot Sulfur - SHEZAMME","description":"Adidas Yeezy Knit RNR Boot Sulfur | Luksusowe i autentyczne przedmioty w jednym miejscu. B\u0105d\u017a na bie\u017c\u0105co i sprawd\u017a nasz\u0105 ofert\u0119 ju\u017c teraz","robots":{"index":"index","follow":"follow","max-snippet":"max-snippet:-1","max-image-preview":"max-image-preview:large","max-video-preview":"max-video-preview:-1"},"canonical":"https:\/\/shezamme.com\/en\/sklep\/sneakers-2\/yeezy\/adidas-yeezy-knit-rnr\/adidas-yeezy-knit-rnr-boot-sulfur\/","og_locale":"en_US","og_type":"article","og_title":"Adidas Yeezy Knit RNR Boot Sulfur - SHEZAMME","og_description":"Adidas Yeezy Knit RNR Boot Sulfur | Luksusowe i autentyczne przedmioty w jednym miejscu. B\u0105d\u017a na bie\u017c\u0105co i sprawd\u017a nasz\u0105 ofert\u0119 ju\u017c teraz","og_url":"https:\/\/shezamme.com\/en\/sklep\/sneakers-2\/yeezy\/adidas-yeezy-knit-rnr\/adidas-yeezy-knit-rnr-boot-sulfur\/","og_site_name":"SHEZAMME - Yeezy, Jordan, Supreme i inne oryginalne rzeczy","article_publisher":"https:\/\/www.facebook.com\/SHEZAMME\/","article_modified_time":"2025-03-24T22:07:43+00:00","og_image":[{"width":1170,"height":1081,"url":"https:\/\/shezamme.com\/wp-content\/uploads\/2023\/08\/IMG_3703.jpg","type":"image\/jpeg"}],"twitter_card":"summary_large_image","twitter_site":"@SHEZAMME","schema":{"@context":"https:\/\/schema.org","@graph":[{"@type":"WebPage","@id":"https:\/\/shezamme.com\/sklep\/buty\/yeezy\/buty-adidas-yeezy-knit-rnr\/adidas-yeezy-knit-rnr-boot-sulfur\/","url":"https:\/\/shezamme.com\/sklep\/buty\/yeezy\/buty-adidas-yeezy-knit-rnr\/adidas-yeezy-knit-rnr-boot-sulfur\/","name":"Adidas Yeezy Knit RNR Boot Sulfur - SHEZAMME","isPartOf":{"@id":"https:\/\/shezamme.com\/#website"},"primaryImageOfPage":{"@id":"https:\/\/shezamme.com\/sklep\/buty\/yeezy\/buty-adidas-yeezy-knit-rnr\/adidas-yeezy-knit-rnr-boot-sulfur\/#primaryimage"},"image":{"@id":"https:\/\/shezamme.com\/sklep\/buty\/yeezy\/buty-adidas-yeezy-knit-rnr\/adidas-yeezy-knit-rnr-boot-sulfur\/#primaryimage"},"thumbnailUrl":"https:\/\/shezamme.com\/wp-content\/uploads\/2023\/08\/IMG_3703.jpg","datePublished":"2023-08-28T13:45:16+00:00","dateModified":"2025-03-24T22:07:43+00:00","description":"Adidas Yeezy Knit RNR Boot Sulfur | Luksusowe i autentyczne przedmioty w jednym miejscu. B\u0105d\u017a na bie\u017c\u0105co i sprawd\u017a nasz\u0105 ofert\u0119 ju\u017c teraz","breadcrumb":{"@id":"https:\/\/shezamme.com\/sklep\/buty\/yeezy\/buty-adidas-yeezy-knit-rnr\/adidas-yeezy-knit-rnr-boot-sulfur\/#breadcrumb"},"inLanguage":"en-US","potentialAction":[{"@type":"ReadAction","target":["https:\/\/shezamme.com\/sklep\/buty\/yeezy\/buty-adidas-yeezy-knit-rnr\/adidas-yeezy-knit-rnr-boot-sulfur\/"]}]},{"@type":"ImageObject","inLanguage":"en-US","@id":"https:\/\/shezamme.com\/sklep\/buty\/yeezy\/buty-adidas-yeezy-knit-rnr\/adidas-yeezy-knit-rnr-boot-sulfur\/#primaryimage","url":"https:\/\/shezamme.com\/wp-content\/uploads\/2023\/08\/IMG_3703.jpg","contentUrl":"https:\/\/shezamme.com\/wp-content\/uploads\/2023\/08\/IMG_3703.jpg","width":1170,"height":1081,"caption":"Adidas Yeezy Knit RNR Boot Sulfur"},{"@type":"BreadcrumbList","@id":"https:\/\/shezamme.com\/sklep\/buty\/yeezy\/buty-adidas-yeezy-knit-rnr\/adidas-yeezy-knit-rnr-boot-sulfur\/#breadcrumb","itemListElement":[{"@type":"ListItem","position":1,"name":"Strona g\u0142\u00f3wna","item":"https:\/\/shezamme.com\/"},{"@type":"ListItem","position":2,"name":"Sklep","item":"https:\/\/shezamme.com\/sklep\/"},{"@type":"ListItem","position":3,"name":"Adidas Yeezy Knit RNR Boot Sulfur"}]},{"@type":"WebSite","@id":"https:\/\/shezamme.com\/#website","url":"https:\/\/shezamme.com\/","name":"SHEZAMME - Sneakers, Streetwear and luxury brands","description":"Original and exclusive items in one place. Check out our products now and stay up to date with all launches.","publisher":{"@id":"https:\/\/shezamme.com\/#organization"},"potentialAction":[{"@type":"SearchAction","target":{"@type":"EntryPoint","urlTemplate":"https:\/\/shezamme.com\/?s={search_term_string}"},"query-input":{"@type":"PropertyValueSpecification","valueRequired":true,"valueName":"search_term_string"}}],"inLanguage":"en-US"},{"@type":"Organization","@id":"https:\/\/shezamme.com\/#organization","name":"SHEZAMME - Sneakers, Streetwear and luxury brands","url":"https:\/\/shezamme.com\/","logo":{"@type":"ImageObject","inLanguage":"en-US","@id":"https:\/\/shezamme.com\/#\/schema\/logo\/image\/","url":"https:\/\/shezamme.com\/wp-content\/uploads\/2023\/02\/0x0.png","contentUrl":"https:\/\/shezamme.com\/wp-content\/uploads\/2023\/02\/0x0.png","width":2000,"height":2000,"caption":"SHEZAMME - Sneakersy, Streetwear i luksusowe marki"},"image":{"@id":"https:\/\/shezamme.com\/#\/schema\/logo\/image\/"},"sameAs":["https:\/\/www.facebook.com\/SHEZAMME\/","https:\/\/x.com\/SHEZAMME","https:\/\/www.instagram.com\/shezamme\/","https:\/\/www.youtube.com\/channel\/UCsTJxi_9fODHdO_1bmJbqvQ","https:\/\/www.tiktok.com\/shezamme.com"]}]}},"brands":[{"id":748,"name":"Adidas","slug":"adidas"},{"id":750,"name":"Yeezy","slug":"yeezy"}],"_links":{"self":[{"href":"https:\/\/shezamme.com\/en\/wp-json\/wp\/v2\/product\/31684","targetHints":{"allow":["GET"]}}],"collection":[{"href":"https:\/\/shezamme.com\/en\/wp-json\/wp\/v2\/product"}],"about":[{"href":"https:\/\/shezamme.com\/en\/wp-json\/wp\/v2\/types\/product"}],"wp:featuredmedia":[{"embeddable":true,"href":"https:\/\/shezamme.com\/en\/wp-json\/wp\/v2\/media\/31701"}],"wp:attachment":[{"href":"https:\/\/shezamme.com\/en\/wp-json\/wp\/v2\/media?parent=31684"}],"wp:term":[{"taxonomy":"pwb-brand","embeddable":true,"href":"https:\/\/shezamme.com\/en\/wp-json\/wp\/v2\/pwb-brand?post=31684"},{"taxonomy":"product_brand","embeddable":true,"href":"https:\/\/shezamme.com\/en\/wp-json\/wp\/v2\/product_brand?post=31684"},{"taxonomy":"product_cat","embeddable":true,"href":"https:\/\/shezamme.com\/en\/wp-json\/wp\/v2\/product_cat?post=31684"},{"taxonomy":"product_tag","embeddable":true,"href":"https:\/\/shezamme.com\/en\/wp-json\/wp\/v2\/product_tag?post=31684"}],"curies":[{"name":"wp","href":"https:\/\/api.w.org\/{rel}","templated":true}]}}