{"id":29457,"date":"2023-06-28T13:43:46","date_gmt":"2023-06-28T11:43:46","guid":{"rendered":"https:\/\/shezamme.com\/?post_type=product&#038;p=29457"},"modified":"2025-05-19T19:20:38","modified_gmt":"2025-05-19T17:20:38","slug":"nike-air-force-1-low-x-louis-vuitton-white-comet-red","status":"publish","type":"product","link":"https:\/\/shezamme.com\/en\/sklep\/buty\/inne\/louis-vuitton\/nike-air-force-1-low-x-louis-vuitton-white-comet-red\/","title":{"rendered":"Nike Air Force 1 Low x Louis Vuitton White Comet Red"},"content":{"rendered":"<h2>Wyj\u0105tkowa wsp\u00f3\u0142praca: Nike Air Force 1 Low x Louis Vuitton White Comet Red<\/h2>\n<p>Nike Air Force 1 Low x Louis Vuitton White Comet Red to sneakersy b\u0119d\u0105ce symbolem perfekcyjnego po\u0142\u0105czenia streetwearu i luksusu. Cholewka z wysokiej jako\u015bci sk\u00f3ry ciel\u0119cej, ozdobiona subtelnym t\u0142oczonym monogramem Louis Vuitton, wyr\u00f3\u017cnia si\u0119 wyrafinowan\u0105 elegancj\u0105. Biel modelu podkre\u015blaj\u0105 czerwone akcenty na podeszwie i detalach, kt\u00f3re dodaj\u0105 butom dynamiki i wyrazisto\u015bci. Sk\u00f3rzana wy\u015bci\u00f3\u0142ka gwarantuje komfort, a gumowa podeszwa, charakterystyczna dla Air Force 1, zapewnia trwa\u0142o\u015b\u0107 i przyczepno\u015b\u0107.<\/p>\n<h2>Streetwearowy luksus w najlepszym wydaniu<\/h2>\n<p>Model White Comet Red to idealne sneakersy dla mi\u0142o\u015bnik\u00f3w modowej indywidualno\u015bci. Po\u0142\u0105czenie sportowego stylu Nike z rzemios\u0142em Louis Vuitton sprawia, \u017ce buty s\u0105 zar\u00f3wno funkcjonalne, jak i kolekcjonerskie. Elegancka kolorystyka i charakterystyczne detale brandingowe obu marek tworz\u0105 projekt, kt\u00f3ry doskonale odnajdzie si\u0119 w casualowych stylizacjach, dodaj\u0105c im luksusowego akcentu.<\/p>","protected":false},"excerpt":{"rendered":"<div class=\"flex-1 overflow-hidden @container\/thread\">\n<div class=\"h-full\">\n<div class=\"react-scroll-to-bottom--css-jwkir-79elbk h-full\">\n<div class=\"react-scroll-to-bottom--css-jwkir-1n7m0yu\">\n<div class=\"flex flex-col text-sm md:pb-9\">\n<article class=\"w-full scroll-mb-[var(--thread-trailing-height,150px)] text-token-text-primary focus-visible:outline-2 focus-visible:outline-offset-[-4px]\" dir=\"auto\" data-testid=\"conversation-turn-61\" data-scroll-anchor=\"true\">\n<div class=\"m-auto text-base py-[18px] px-3 md:px-4 w-full md:px-5 lg:px-4 xl:px-5\">\n<div class=\"mx-auto flex flex-1 gap-4 text-base md:gap-5 lg:gap-6 md:max-w-3xl lg:max-w-[40rem] xl:max-w-[48rem]\">\n<div class=\"group\/conversation-turn relative flex w-full min-w-0 flex-col agent-turn\">\n<div class=\"flex-col gap-1 md:gap-3\">\n<div class=\"flex max-w-full flex-col flex-grow\">\n<div class=\"min-h-8 text-message flex w-full flex-col items-end gap-2 whitespace-normal break-words text-start [.text-message+&amp;]:mt-5\" dir=\"auto\" data-message-author-role=\"assistant\" data-message-id=\"9b2c37ee-962b-4e45-a2f0-c3be5e90849a\" data-message-model-slug=\"gpt-4o\">\n<div class=\"flex w-full flex-col gap-1 empty:hidden first:pt-[3px]\">\n<div class=\"markdown prose w-full break-words dark:prose-invert light\">\n<h2>Luksus w ruchu: Nike Air Force 1 Low x Louis Vuitton White Comet Red<\/h2>\n<p>Nike Air Force 1 Low x Louis Vuitton White Comet Red to unikalne sneakersy z t\u0142oczonym monogramem LV i czerwonymi akcentami. Po\u0142\u0105czenie sportowego stylu i ekskluzywnego designu czyni je idealnym wyborem dla mi\u0142o\u015bnik\u00f3w streetwearu.<\/p>\n<\/div>\n<\/div>\n<\/div>\n<\/div>\n<div class=\"mb-2 flex gap-3 empty:hidden -ml-2\">\n<div class=\"items-center justify-start rounded-xl p-1 flex\">\n<div class=\"flex items-center\"><button class=\"rounded-lg text-token-text-secondary hover:bg-token-main-surface-secondary\" aria-label=\"Read aloud\" data-testid=\"voice-play-turn-action-button\"><\/button><button class=\"rounded-lg text-token-text-secondary hover:bg-token-main-surface-secondary\" aria-label=\"Kopiuj\" data-testid=\"copy-turn-action-button\"><\/button><\/p>\n<div class=\"flex\"><\/div>\n<\/div>\n<\/div>\n<\/div>\n<div class=\"pr-2 lg:pr-0\"><\/div>\n<div class=\"mt-3 w-full empty:hidden\">\n<div class=\"text-center\"><\/div>\n<\/div>\n<\/div>\n<\/div>\n<\/div>\n<\/div>\n<\/article>\n<\/div>\n<\/div>\n<\/div>\n<\/div>\n<\/div>\n<div class=\"md:pt-0 dark:border-white\/20 md:border-transparent md:dark:border-transparent w-full\">\n<div>\n<div class=\"m-auto text-base px-3 md:px-4 w-full md:px-5 lg:px-4 xl:px-5\">\n<div class=\"mx-auto flex flex-1 gap-4 text-base md:gap-5 lg:gap-6 md:max-w-3xl lg:max-w-[40rem] xl:max-w-[48rem]\">\n<div class=\"flex justify-center\"><\/div>\n<\/div>\n<\/div>\n<\/div>\n<\/div>\n","protected":false},"featured_media":29473,"template":"","meta":{"_acf_changed":false,"_yoast_wpseo_focuskw":"Nike Air Force 1 Low x Louis Vuitton White Comet Red","_yoast_wpseo_title":"","_yoast_wpseo_metadesc":""},"pwb-brand":[890,756],"product_brand":[],"product_cat":[16,898,865,92,171],"product_tag":[1008,1009],"class_list":{"0":"post-29457","1":"product","2":"type-product","3":"status-publish","4":"has-post-thumbnail","6":"pwb-brand-louis-vuitton","7":"pwb-brand-nike","8":"product_cat-buty","9":"product_cat-hype-grail","10":"product_cat-louis-vuitton","11":"product_cat-air-force-1","12":"product_cat-inne","13":"product_tag-kobieta","14":"product_tag-mezczyzna","16":"first","17":"onbackorder","18":"taxable","19":"shipping-taxable","20":"purchasable","21":"product-type-variable","22":"has-default-attributes"},"acf":[],"yoast_head":"<!-- This site is optimized with the Yoast SEO plugin v27.3 - https:\/\/yoast.com\/product\/yoast-seo-wordpress\/ -->\n<title>Nike Air Force 1 Low x Louis Vuitton White Comet Red - SHEZAMME<\/title>\n<meta name=\"description\" content=\"Nike Air Force 1 Low x Louis Vuitton White Comet Red | Luksusowe i autentyczne przedmioty w jednym miejscu. B\u0105d\u017a na bie\u017c\u0105co i sprawd\u017a nasz\u0105 ofert\u0119 ju\u017c teraz\" \/>\n<meta name=\"robots\" content=\"index, follow, max-snippet:-1, max-image-preview:large, max-video-preview:-1\" \/>\n<link rel=\"canonical\" href=\"https:\/\/shezamme.com\/en\/sklep\/sneakers-2\/others\/louis-vuitton\/nike-air-force-1-low-x-louis-vuitton-white-comet-red\/\" \/>\n<meta property=\"og:locale\" content=\"en_US\" \/>\n<meta property=\"og:type\" content=\"article\" \/>\n<meta property=\"og:title\" content=\"Nike Air Force 1 Low x Louis Vuitton White Comet Red - SHEZAMME\" \/>\n<meta property=\"og:description\" content=\"Nike Air Force 1 Low x Louis Vuitton White Comet Red | Luksusowe i autentyczne przedmioty w jednym miejscu. B\u0105d\u017a na bie\u017c\u0105co i sprawd\u017a nasz\u0105 ofert\u0119 ju\u017c teraz\" \/>\n<meta property=\"og:url\" content=\"https:\/\/shezamme.com\/en\/sklep\/sneakers-2\/others\/louis-vuitton\/nike-air-force-1-low-x-louis-vuitton-white-comet-red\/\" \/>\n<meta property=\"og:site_name\" content=\"SHEZAMME - Yeezy, Jordan, Supreme i inne oryginalne rzeczy\" \/>\n<meta property=\"article:publisher\" content=\"https:\/\/www.facebook.com\/SHEZAMME\/\" \/>\n<meta property=\"article:modified_time\" content=\"2025-05-19T17:20:38+00:00\" \/>\n<meta property=\"og:image\" content=\"https:\/\/shezamme.com\/wp-content\/uploads\/2023\/06\/IMG_1751.jpg\" \/>\n\t<meta property=\"og:image:width\" content=\"1170\" \/>\n\t<meta property=\"og:image:height\" content=\"1082\" \/>\n\t<meta property=\"og:image:type\" content=\"image\/jpeg\" \/>\n<meta name=\"twitter:card\" content=\"summary_large_image\" \/>\n<meta name=\"twitter:site\" content=\"@SHEZAMME\" \/>\n<meta name=\"twitter:label1\" content=\"Est. reading time\" \/>\n\t<meta name=\"twitter:data1\" content=\"1 minute\" \/>\n<script type=\"application\/ld+json\" class=\"yoast-schema-graph\">{\"@context\":\"https:\\\/\\\/schema.org\",\"@graph\":[{\"@type\":\"WebPage\",\"@id\":\"https:\\\/\\\/shezamme.com\\\/sklep\\\/buty\\\/inne\\\/louis-vuitton\\\/nike-air-force-1-low-x-louis-vuitton-white-comet-red\\\/\",\"url\":\"https:\\\/\\\/shezamme.com\\\/sklep\\\/buty\\\/inne\\\/louis-vuitton\\\/nike-air-force-1-low-x-louis-vuitton-white-comet-red\\\/\",\"name\":\"Nike Air Force 1 Low x Louis Vuitton White Comet Red - SHEZAMME\",\"isPartOf\":{\"@id\":\"https:\\\/\\\/shezamme.com\\\/#website\"},\"primaryImageOfPage\":{\"@id\":\"https:\\\/\\\/shezamme.com\\\/sklep\\\/buty\\\/inne\\\/louis-vuitton\\\/nike-air-force-1-low-x-louis-vuitton-white-comet-red\\\/#primaryimage\"},\"image\":{\"@id\":\"https:\\\/\\\/shezamme.com\\\/sklep\\\/buty\\\/inne\\\/louis-vuitton\\\/nike-air-force-1-low-x-louis-vuitton-white-comet-red\\\/#primaryimage\"},\"thumbnailUrl\":\"https:\\\/\\\/shezamme.com\\\/wp-content\\\/uploads\\\/2023\\\/06\\\/IMG_1751.jpg\",\"datePublished\":\"2023-06-28T11:43:46+00:00\",\"dateModified\":\"2025-05-19T17:20:38+00:00\",\"description\":\"Nike Air Force 1 Low x Louis Vuitton White Comet Red | Luksusowe i autentyczne przedmioty w jednym miejscu. B\u0105d\u017a na bie\u017c\u0105co i sprawd\u017a nasz\u0105 ofert\u0119 ju\u017c teraz\",\"breadcrumb\":{\"@id\":\"https:\\\/\\\/shezamme.com\\\/sklep\\\/buty\\\/inne\\\/louis-vuitton\\\/nike-air-force-1-low-x-louis-vuitton-white-comet-red\\\/#breadcrumb\"},\"inLanguage\":\"en-US\",\"potentialAction\":[{\"@type\":\"ReadAction\",\"target\":[\"https:\\\/\\\/shezamme.com\\\/sklep\\\/buty\\\/inne\\\/louis-vuitton\\\/nike-air-force-1-low-x-louis-vuitton-white-comet-red\\\/\"]}]},{\"@type\":\"ImageObject\",\"inLanguage\":\"en-US\",\"@id\":\"https:\\\/\\\/shezamme.com\\\/sklep\\\/buty\\\/inne\\\/louis-vuitton\\\/nike-air-force-1-low-x-louis-vuitton-white-comet-red\\\/#primaryimage\",\"url\":\"https:\\\/\\\/shezamme.com\\\/wp-content\\\/uploads\\\/2023\\\/06\\\/IMG_1751.jpg\",\"contentUrl\":\"https:\\\/\\\/shezamme.com\\\/wp-content\\\/uploads\\\/2023\\\/06\\\/IMG_1751.jpg\",\"width\":1170,\"height\":1082,\"caption\":\"Nike Air Force 1 Low x Louis Vuitton White Comet Red\"},{\"@type\":\"BreadcrumbList\",\"@id\":\"https:\\\/\\\/shezamme.com\\\/sklep\\\/buty\\\/inne\\\/louis-vuitton\\\/nike-air-force-1-low-x-louis-vuitton-white-comet-red\\\/#breadcrumb\",\"itemListElement\":[{\"@type\":\"ListItem\",\"position\":1,\"name\":\"Strona g\u0142\u00f3wna\",\"item\":\"https:\\\/\\\/shezamme.com\\\/\"},{\"@type\":\"ListItem\",\"position\":2,\"name\":\"Sklep\",\"item\":\"https:\\\/\\\/shezamme.com\\\/en\\\/sklep\\\/\"},{\"@type\":\"ListItem\",\"position\":3,\"name\":\"Nike Air Force 1 Low x Louis Vuitton White Comet Red\"}]},{\"@type\":\"WebSite\",\"@id\":\"https:\\\/\\\/shezamme.com\\\/#website\",\"url\":\"https:\\\/\\\/shezamme.com\\\/\",\"name\":\"SHEZAMME - Sneakersy, Streetwear i luksusowe marki\",\"description\":\"Oryginalne i ekskluzywne przedmioty w jednym miejscu. Sprawd\u017a nasze produkty ju\u017c teraz i b\u0105d\u017a na bie\u017c\u0105co z wszystkimi premierami.\",\"publisher\":{\"@id\":\"https:\\\/\\\/shezamme.com\\\/#organization\"},\"potentialAction\":[{\"@type\":\"SearchAction\",\"target\":{\"@type\":\"EntryPoint\",\"urlTemplate\":\"https:\\\/\\\/shezamme.com\\\/?s={search_term_string}\"},\"query-input\":{\"@type\":\"PropertyValueSpecification\",\"valueRequired\":true,\"valueName\":\"search_term_string\"}}],\"inLanguage\":\"en-US\"},{\"@type\":\"Organization\",\"@id\":\"https:\\\/\\\/shezamme.com\\\/#organization\",\"name\":\"SHEZAMME - Sneakersy, Streetwear i luksusowe marki\",\"url\":\"https:\\\/\\\/shezamme.com\\\/\",\"logo\":{\"@type\":\"ImageObject\",\"inLanguage\":\"en-US\",\"@id\":\"https:\\\/\\\/shezamme.com\\\/#\\\/schema\\\/logo\\\/image\\\/\",\"url\":\"https:\\\/\\\/shezamme.com\\\/wp-content\\\/uploads\\\/2023\\\/02\\\/0x0.png\",\"contentUrl\":\"https:\\\/\\\/shezamme.com\\\/wp-content\\\/uploads\\\/2023\\\/02\\\/0x0.png\",\"width\":2000,\"height\":2000,\"caption\":\"SHEZAMME - Sneakersy, Streetwear i luksusowe marki\"},\"image\":{\"@id\":\"https:\\\/\\\/shezamme.com\\\/#\\\/schema\\\/logo\\\/image\\\/\"},\"sameAs\":[\"https:\\\/\\\/www.facebook.com\\\/SHEZAMME\\\/\",\"https:\\\/\\\/x.com\\\/SHEZAMME\",\"https:\\\/\\\/www.instagram.com\\\/shezamme\\\/\",\"https:\\\/\\\/www.youtube.com\\\/channel\\\/UCsTJxi_9fODHdO_1bmJbqvQ\",\"https:\\\/\\\/www.tiktok.com\\\/shezamme.com\"]}]}<\/script>\n<!-- \/ Yoast SEO plugin. -->","yoast_head_json":{"title":"Nike Air Force 1 Low x Louis Vuitton White Comet Red - SHEZAMME","description":"Nike Air Force 1 Low x Louis Vuitton White Comet Red | Luksusowe i autentyczne przedmioty w jednym miejscu. B\u0105d\u017a na bie\u017c\u0105co i sprawd\u017a nasz\u0105 ofert\u0119 ju\u017c teraz","robots":{"index":"index","follow":"follow","max-snippet":"max-snippet:-1","max-image-preview":"max-image-preview:large","max-video-preview":"max-video-preview:-1"},"canonical":"https:\/\/shezamme.com\/en\/sklep\/sneakers-2\/others\/louis-vuitton\/nike-air-force-1-low-x-louis-vuitton-white-comet-red\/","og_locale":"en_US","og_type":"article","og_title":"Nike Air Force 1 Low x Louis Vuitton White Comet Red - SHEZAMME","og_description":"Nike Air Force 1 Low x Louis Vuitton White Comet Red | Luksusowe i autentyczne przedmioty w jednym miejscu. B\u0105d\u017a na bie\u017c\u0105co i sprawd\u017a nasz\u0105 ofert\u0119 ju\u017c teraz","og_url":"https:\/\/shezamme.com\/en\/sklep\/sneakers-2\/others\/louis-vuitton\/nike-air-force-1-low-x-louis-vuitton-white-comet-red\/","og_site_name":"SHEZAMME - Yeezy, Jordan, Supreme i inne oryginalne rzeczy","article_publisher":"https:\/\/www.facebook.com\/SHEZAMME\/","article_modified_time":"2025-05-19T17:20:38+00:00","og_image":[{"width":1170,"height":1082,"url":"https:\/\/shezamme.com\/wp-content\/uploads\/2023\/06\/IMG_1751.jpg","type":"image\/jpeg"}],"twitter_card":"summary_large_image","twitter_site":"@SHEZAMME","twitter_misc":{"Est. reading time":"1 minute"},"schema":{"@context":"https:\/\/schema.org","@graph":[{"@type":"WebPage","@id":"https:\/\/shezamme.com\/sklep\/buty\/inne\/louis-vuitton\/nike-air-force-1-low-x-louis-vuitton-white-comet-red\/","url":"https:\/\/shezamme.com\/sklep\/buty\/inne\/louis-vuitton\/nike-air-force-1-low-x-louis-vuitton-white-comet-red\/","name":"Nike Air Force 1 Low x Louis Vuitton White Comet Red - SHEZAMME","isPartOf":{"@id":"https:\/\/shezamme.com\/#website"},"primaryImageOfPage":{"@id":"https:\/\/shezamme.com\/sklep\/buty\/inne\/louis-vuitton\/nike-air-force-1-low-x-louis-vuitton-white-comet-red\/#primaryimage"},"image":{"@id":"https:\/\/shezamme.com\/sklep\/buty\/inne\/louis-vuitton\/nike-air-force-1-low-x-louis-vuitton-white-comet-red\/#primaryimage"},"thumbnailUrl":"https:\/\/shezamme.com\/wp-content\/uploads\/2023\/06\/IMG_1751.jpg","datePublished":"2023-06-28T11:43:46+00:00","dateModified":"2025-05-19T17:20:38+00:00","description":"Nike Air Force 1 Low x Louis Vuitton White Comet Red | Luksusowe i autentyczne przedmioty w jednym miejscu. B\u0105d\u017a na bie\u017c\u0105co i sprawd\u017a nasz\u0105 ofert\u0119 ju\u017c teraz","breadcrumb":{"@id":"https:\/\/shezamme.com\/sklep\/buty\/inne\/louis-vuitton\/nike-air-force-1-low-x-louis-vuitton-white-comet-red\/#breadcrumb"},"inLanguage":"en-US","potentialAction":[{"@type":"ReadAction","target":["https:\/\/shezamme.com\/sklep\/buty\/inne\/louis-vuitton\/nike-air-force-1-low-x-louis-vuitton-white-comet-red\/"]}]},{"@type":"ImageObject","inLanguage":"en-US","@id":"https:\/\/shezamme.com\/sklep\/buty\/inne\/louis-vuitton\/nike-air-force-1-low-x-louis-vuitton-white-comet-red\/#primaryimage","url":"https:\/\/shezamme.com\/wp-content\/uploads\/2023\/06\/IMG_1751.jpg","contentUrl":"https:\/\/shezamme.com\/wp-content\/uploads\/2023\/06\/IMG_1751.jpg","width":1170,"height":1082,"caption":"Nike Air Force 1 Low x Louis Vuitton White Comet Red"},{"@type":"BreadcrumbList","@id":"https:\/\/shezamme.com\/sklep\/buty\/inne\/louis-vuitton\/nike-air-force-1-low-x-louis-vuitton-white-comet-red\/#breadcrumb","itemListElement":[{"@type":"ListItem","position":1,"name":"Strona g\u0142\u00f3wna","item":"https:\/\/shezamme.com\/"},{"@type":"ListItem","position":2,"name":"Sklep","item":"https:\/\/shezamme.com\/en\/sklep\/"},{"@type":"ListItem","position":3,"name":"Nike Air Force 1 Low x Louis Vuitton White Comet Red"}]},{"@type":"WebSite","@id":"https:\/\/shezamme.com\/#website","url":"https:\/\/shezamme.com\/","name":"SHEZAMME - Sneakers, Streetwear and luxury brands","description":"Original and exclusive items in one place. Check out our products now and stay up to date with all launches.","publisher":{"@id":"https:\/\/shezamme.com\/#organization"},"potentialAction":[{"@type":"SearchAction","target":{"@type":"EntryPoint","urlTemplate":"https:\/\/shezamme.com\/?s={search_term_string}"},"query-input":{"@type":"PropertyValueSpecification","valueRequired":true,"valueName":"search_term_string"}}],"inLanguage":"en-US"},{"@type":"Organization","@id":"https:\/\/shezamme.com\/#organization","name":"SHEZAMME - Sneakers, Streetwear and luxury brands","url":"https:\/\/shezamme.com\/","logo":{"@type":"ImageObject","inLanguage":"en-US","@id":"https:\/\/shezamme.com\/#\/schema\/logo\/image\/","url":"https:\/\/shezamme.com\/wp-content\/uploads\/2023\/02\/0x0.png","contentUrl":"https:\/\/shezamme.com\/wp-content\/uploads\/2023\/02\/0x0.png","width":2000,"height":2000,"caption":"SHEZAMME - Sneakersy, Streetwear i luksusowe marki"},"image":{"@id":"https:\/\/shezamme.com\/#\/schema\/logo\/image\/"},"sameAs":["https:\/\/www.facebook.com\/SHEZAMME\/","https:\/\/x.com\/SHEZAMME","https:\/\/www.instagram.com\/shezamme\/","https:\/\/www.youtube.com\/channel\/UCsTJxi_9fODHdO_1bmJbqvQ","https:\/\/www.tiktok.com\/shezamme.com"]}]}},"brands":[{"id":890,"name":"Louis Vuitton","slug":"louis-vuitton"},{"id":756,"name":"Nike","slug":"nike"}],"_links":{"self":[{"href":"https:\/\/shezamme.com\/en\/wp-json\/wp\/v2\/product\/29457","targetHints":{"allow":["GET"]}}],"collection":[{"href":"https:\/\/shezamme.com\/en\/wp-json\/wp\/v2\/product"}],"about":[{"href":"https:\/\/shezamme.com\/en\/wp-json\/wp\/v2\/types\/product"}],"wp:featuredmedia":[{"embeddable":true,"href":"https:\/\/shezamme.com\/en\/wp-json\/wp\/v2\/media\/29473"}],"wp:attachment":[{"href":"https:\/\/shezamme.com\/en\/wp-json\/wp\/v2\/media?parent=29457"}],"wp:term":[{"taxonomy":"pwb-brand","embeddable":true,"href":"https:\/\/shezamme.com\/en\/wp-json\/wp\/v2\/pwb-brand?post=29457"},{"taxonomy":"product_brand","embeddable":true,"href":"https:\/\/shezamme.com\/en\/wp-json\/wp\/v2\/product_brand?post=29457"},{"taxonomy":"product_cat","embeddable":true,"href":"https:\/\/shezamme.com\/en\/wp-json\/wp\/v2\/product_cat?post=29457"},{"taxonomy":"product_tag","embeddable":true,"href":"https:\/\/shezamme.com\/en\/wp-json\/wp\/v2\/product_tag?post=29457"}],"curies":[{"name":"wp","href":"https:\/\/api.w.org\/{rel}","templated":true}]}}