{"id":29427,"date":"2023-06-28T13:15:09","date_gmt":"2023-06-28T11:15:09","guid":{"rendered":"https:\/\/shezamme.com\/?post_type=product&#038;p=29427"},"modified":"2024-12-30T17:08:00","modified_gmt":"2024-12-30T16:08:00","slug":"a-bathing-ape-bape-sta-low-kanye-west-college-dropout","status":"publish","type":"product","link":"https:\/\/shezamme.com\/en\/sklep\/buty\/inne\/bape-sta\/a-bathing-ape-bape-sta-low-kanye-west-college-dropout\/","title":{"rendered":"A Bathing Ape Bape Sta Low Kanye West College Dropout"},"content":{"rendered":"<h2>Ikoniczne sneakersy inspirowane albumem College Dropout<\/h2>\n<p><strong>A Bathing Ape Bape Sta Low Kanye West College Dropout<\/strong> to wyj\u0105tkowe buty stworzone z okazji wsp\u00f3\u0142pracy mi\u0119dzy A Bathing Ape a Kanye Westem. Inspirowane debiutanckim albumem artysty, sneakersy te \u0142\u0105cz\u0105 klasyczn\u0105 sylwetk\u0119 Bape Sta z bogactwem detali nawi\u0105zuj\u0105cych do estetyki \u201eCollege Dropout.\u201d Kolorystyka w ciep\u0142ych, ziemistych barwach, uzupe\u0142niona akcentami czerwieni, \u017c\u00f3\u0142ci i z\u0142ota, doskonale oddaje klimat ikonicznej ok\u0142adki albumu. Hafty i grafiki podkre\u015blaj\u0105 unikalny charakter projektu, tworz\u0105c idealne po\u0142\u0105czenie mody i muzyki.<\/p>\n<h2>Wysoka jako\u015b\u0107 i kolekcjonerska warto\u015b\u0107<\/h2>\n<p>Buty wykonano z wysokogatunkowej sk\u00f3ry, kt\u00f3ra zapewnia elegancj\u0119 i trwa\u0142o\u015b\u0107. Mi\u0119kka podszewka dba o komfort noszenia, a gumowa podeszwa gwarantuje doskona\u0142\u0105 przyczepno\u015b\u0107, czyni\u0105c je idealnym wyborem zar\u00f3wno na co dzie\u0144, jak i na specjalne okazje. Charakterystyczne logo Bape Sta na bokach oraz limitowana liczba egzemplarzy sprawiaj\u0105, \u017ce ten model jest nie tylko praktyczny, ale tak\u017ce kolekcjonerski.<\/p>\n<p><strong>A Bathing Ape Bape Sta Low Kanye West College Dropout<\/strong> to idealne sneakersy dla fan\u00f3w Kanye Westa, streetwearu i unikatowych edycji, kt\u00f3re \u0142\u0105cz\u0105 wygod\u0119 z artystycznym wyrazem.<\/p>","protected":false},"excerpt":{"rendered":"<h2>Sneakersy inspirowane ikon\u0105 muzyki<\/h2>\n<p><strong>A Bathing Ape Bape Sta Low Kanye West College Dropout<\/strong> to limitowane sneakersy nawi\u0105zuj\u0105ce do debiutanckiego albumu Kanye Westa. Wykonane z wysokiej jako\u015bci sk\u00f3ry, wyr\u00f3\u017cniaj\u0105 si\u0119 ciep\u0142\u0105 kolorystyk\u0105 oraz detalami inspirowanymi \u201eCollege Dropout.\u201d To idealne po\u0142\u0105czenie streetwearu i muzycznej historii.<\/p>\n<p>A Bathing Ape Bape Sta Low Kanye West College Dropout to limitowana edycja but\u00f3w, kt\u00f3re \u0142\u0105cz\u0105 unikalny styl marki A Bathing Ape z inspiracj\u0105 albumem &#8222;College Dropout&#8221; Kanye Westa. Wykonane z najwy\u017cszej jako\u015bci materia\u0142\u00f3w, te minimalistyczne buty w odcieniach czerni i bieli s\u0105 eleganckie i trwa\u0142e. Dodatkowe detale, takie jak logo Kanye Westa i napis &#8222;College Dropout&#8221; na podeszwie, podkre\u015blaj\u0105 ich autentyczno\u015b\u0107. To niezwyk\u0142e obuwie jest prawdziw\u0105 pere\u0142k\u0105 dla fan\u00f3w mody i muzyki, kt\u00f3rzy ceni\u0105 sobie ekskluzywno\u015b\u0107 i styl.<\/p>","protected":false},"featured_media":29438,"template":"","meta":{"_acf_changed":false,"_yoast_wpseo_focuskw":"A Bathing Ape Bape Sta Low Kanye West College Dropout","_yoast_wpseo_title":"","_yoast_wpseo_metadesc":""},"pwb-brand":[766],"product_brand":[],"product_cat":[16,813,898,171],"product_tag":[1008,1009],"class_list":{"0":"post-29427","1":"product","2":"type-product","3":"status-publish","4":"has-post-thumbnail","6":"pwb-brand-bape","7":"product_cat-buty","8":"product_cat-bape-sta","9":"product_cat-hype-grail","10":"product_cat-inne","11":"product_tag-kobieta","12":"product_tag-mezczyzna","14":"first","15":"onbackorder","16":"taxable","17":"shipping-taxable","18":"purchasable","19":"product-type-variable","20":"has-default-attributes"},"acf":[],"yoast_head":"<!-- This site is optimized with the Yoast SEO plugin v27.4 - https:\/\/yoast.com\/product\/yoast-seo-wordpress\/ -->\n<title>A Bathing Ape Bape Sta Low Kanye West College Dropout - SHEZAMME<\/title>\n<meta name=\"description\" content=\"A Bathing Ape Bape Sta Low Kanye West College Dropout | Luksusowe i autentyczne przedmioty w jednym miejscu. B\u0105d\u017a na bie\u017c\u0105co i sprawd\u017a nasz\u0105 ofert\u0119 ju\u017c teraz\" \/>\n<meta name=\"robots\" content=\"index, follow, max-snippet:-1, max-image-preview:large, max-video-preview:-1\" \/>\n<link rel=\"canonical\" href=\"https:\/\/shezamme.com\/en\/sklep\/sneakers-2\/others\/bape-sta\/a-bathing-ape-bape-sta-low-kanye-west-college-dropout\/\" \/>\n<meta property=\"og:locale\" content=\"en_US\" \/>\n<meta property=\"og:type\" content=\"article\" \/>\n<meta property=\"og:title\" content=\"A Bathing Ape Bape Sta Low Kanye West College Dropout - SHEZAMME\" \/>\n<meta property=\"og:description\" content=\"A Bathing Ape Bape Sta Low Kanye West College Dropout | Luksusowe i autentyczne przedmioty w jednym miejscu. B\u0105d\u017a na bie\u017c\u0105co i sprawd\u017a nasz\u0105 ofert\u0119 ju\u017c teraz\" \/>\n<meta property=\"og:url\" content=\"https:\/\/shezamme.com\/en\/sklep\/sneakers-2\/others\/bape-sta\/a-bathing-ape-bape-sta-low-kanye-west-college-dropout\/\" \/>\n<meta property=\"og:site_name\" content=\"SHEZAMME - Yeezy, Jordan, Supreme i inne oryginalne rzeczy\" \/>\n<meta property=\"article:publisher\" content=\"https:\/\/www.facebook.com\/SHEZAMME\/\" \/>\n<meta property=\"article:modified_time\" content=\"2024-12-30T16:08:00+00:00\" \/>\n<meta property=\"og:image\" content=\"https:\/\/shezamme.com\/wp-content\/uploads\/2023\/06\/IMG_1744.jpg\" \/>\n\t<meta property=\"og:image:width\" content=\"1170\" \/>\n\t<meta property=\"og:image:height\" content=\"1107\" \/>\n\t<meta property=\"og:image:type\" content=\"image\/jpeg\" \/>\n<meta name=\"twitter:card\" content=\"summary_large_image\" \/>\n<meta name=\"twitter:site\" content=\"@SHEZAMME\" \/>\n<meta name=\"twitter:label1\" content=\"Est. reading time\" \/>\n\t<meta name=\"twitter:data1\" content=\"1 minute\" \/>\n<script type=\"application\/ld+json\" class=\"yoast-schema-graph\">{\"@context\":\"https:\\\/\\\/schema.org\",\"@graph\":[{\"@type\":\"WebPage\",\"@id\":\"https:\\\/\\\/shezamme.com\\\/sklep\\\/buty\\\/inne\\\/bape-sta\\\/a-bathing-ape-bape-sta-low-kanye-west-college-dropout\\\/\",\"url\":\"https:\\\/\\\/shezamme.com\\\/sklep\\\/buty\\\/inne\\\/bape-sta\\\/a-bathing-ape-bape-sta-low-kanye-west-college-dropout\\\/\",\"name\":\"A Bathing Ape Bape Sta Low Kanye West College Dropout - SHEZAMME\",\"isPartOf\":{\"@id\":\"https:\\\/\\\/shezamme.com\\\/#website\"},\"primaryImageOfPage\":{\"@id\":\"https:\\\/\\\/shezamme.com\\\/sklep\\\/buty\\\/inne\\\/bape-sta\\\/a-bathing-ape-bape-sta-low-kanye-west-college-dropout\\\/#primaryimage\"},\"image\":{\"@id\":\"https:\\\/\\\/shezamme.com\\\/sklep\\\/buty\\\/inne\\\/bape-sta\\\/a-bathing-ape-bape-sta-low-kanye-west-college-dropout\\\/#primaryimage\"},\"thumbnailUrl\":\"https:\\\/\\\/shezamme.com\\\/wp-content\\\/uploads\\\/2023\\\/06\\\/IMG_1744.jpg\",\"datePublished\":\"2023-06-28T11:15:09+00:00\",\"dateModified\":\"2024-12-30T16:08:00+00:00\",\"description\":\"A Bathing Ape Bape Sta Low Kanye West College Dropout | Luksusowe i autentyczne przedmioty w jednym miejscu. B\u0105d\u017a na bie\u017c\u0105co i sprawd\u017a nasz\u0105 ofert\u0119 ju\u017c teraz\",\"breadcrumb\":{\"@id\":\"https:\\\/\\\/shezamme.com\\\/sklep\\\/buty\\\/inne\\\/bape-sta\\\/a-bathing-ape-bape-sta-low-kanye-west-college-dropout\\\/#breadcrumb\"},\"inLanguage\":\"en-US\",\"potentialAction\":[{\"@type\":\"ReadAction\",\"target\":[\"https:\\\/\\\/shezamme.com\\\/sklep\\\/buty\\\/inne\\\/bape-sta\\\/a-bathing-ape-bape-sta-low-kanye-west-college-dropout\\\/\"]}]},{\"@type\":\"ImageObject\",\"inLanguage\":\"en-US\",\"@id\":\"https:\\\/\\\/shezamme.com\\\/sklep\\\/buty\\\/inne\\\/bape-sta\\\/a-bathing-ape-bape-sta-low-kanye-west-college-dropout\\\/#primaryimage\",\"url\":\"https:\\\/\\\/shezamme.com\\\/wp-content\\\/uploads\\\/2023\\\/06\\\/IMG_1744.jpg\",\"contentUrl\":\"https:\\\/\\\/shezamme.com\\\/wp-content\\\/uploads\\\/2023\\\/06\\\/IMG_1744.jpg\",\"width\":1170,\"height\":1107,\"caption\":\"A Bathing Ape Bape Sta Low Kanye West College Dropout\"},{\"@type\":\"BreadcrumbList\",\"@id\":\"https:\\\/\\\/shezamme.com\\\/sklep\\\/buty\\\/inne\\\/bape-sta\\\/a-bathing-ape-bape-sta-low-kanye-west-college-dropout\\\/#breadcrumb\",\"itemListElement\":[{\"@type\":\"ListItem\",\"position\":1,\"name\":\"Strona g\u0142\u00f3wna\",\"item\":\"https:\\\/\\\/shezamme.com\\\/\"},{\"@type\":\"ListItem\",\"position\":2,\"name\":\"Sklep\",\"item\":\"https:\\\/\\\/shezamme.com\\\/en\\\/sklep\\\/\"},{\"@type\":\"ListItem\",\"position\":3,\"name\":\"A Bathing Ape Bape Sta Low Kanye West College Dropout\"}]},{\"@type\":\"WebSite\",\"@id\":\"https:\\\/\\\/shezamme.com\\\/#website\",\"url\":\"https:\\\/\\\/shezamme.com\\\/\",\"name\":\"SHEZAMME - Sneakersy, Streetwear i luksusowe marki\",\"description\":\"Oryginalne i ekskluzywne przedmioty w jednym miejscu. Sprawd\u017a nasze produkty ju\u017c teraz i b\u0105d\u017a na bie\u017c\u0105co z wszystkimi premierami.\",\"publisher\":{\"@id\":\"https:\\\/\\\/shezamme.com\\\/#organization\"},\"potentialAction\":[{\"@type\":\"SearchAction\",\"target\":{\"@type\":\"EntryPoint\",\"urlTemplate\":\"https:\\\/\\\/shezamme.com\\\/?s={search_term_string}\"},\"query-input\":{\"@type\":\"PropertyValueSpecification\",\"valueRequired\":true,\"valueName\":\"search_term_string\"}}],\"inLanguage\":\"en-US\"},{\"@type\":\"Organization\",\"@id\":\"https:\\\/\\\/shezamme.com\\\/#organization\",\"name\":\"SHEZAMME - Sneakersy, Streetwear i luksusowe marki\",\"url\":\"https:\\\/\\\/shezamme.com\\\/\",\"logo\":{\"@type\":\"ImageObject\",\"inLanguage\":\"en-US\",\"@id\":\"https:\\\/\\\/shezamme.com\\\/#\\\/schema\\\/logo\\\/image\\\/\",\"url\":\"https:\\\/\\\/shezamme.com\\\/wp-content\\\/uploads\\\/2023\\\/02\\\/0x0.png\",\"contentUrl\":\"https:\\\/\\\/shezamme.com\\\/wp-content\\\/uploads\\\/2023\\\/02\\\/0x0.png\",\"width\":2000,\"height\":2000,\"caption\":\"SHEZAMME - Sneakersy, Streetwear i luksusowe marki\"},\"image\":{\"@id\":\"https:\\\/\\\/shezamme.com\\\/#\\\/schema\\\/logo\\\/image\\\/\"},\"sameAs\":[\"https:\\\/\\\/www.facebook.com\\\/SHEZAMME\\\/\",\"https:\\\/\\\/x.com\\\/SHEZAMME\",\"https:\\\/\\\/www.instagram.com\\\/shezamme\\\/\",\"https:\\\/\\\/www.youtube.com\\\/channel\\\/UCsTJxi_9fODHdO_1bmJbqvQ\",\"https:\\\/\\\/www.tiktok.com\\\/shezamme.com\"]}]}<\/script>\n<!-- \/ Yoast SEO plugin. -->","yoast_head_json":{"title":"A Bathing Ape Bape Sta Low Kanye West College Dropout - SHEZAMME","description":"A Bathing Ape Bape Sta Low Kanye West College Dropout | Luksusowe i autentyczne przedmioty w jednym miejscu. B\u0105d\u017a na bie\u017c\u0105co i sprawd\u017a nasz\u0105 ofert\u0119 ju\u017c teraz","robots":{"index":"index","follow":"follow","max-snippet":"max-snippet:-1","max-image-preview":"max-image-preview:large","max-video-preview":"max-video-preview:-1"},"canonical":"https:\/\/shezamme.com\/en\/sklep\/sneakers-2\/others\/bape-sta\/a-bathing-ape-bape-sta-low-kanye-west-college-dropout\/","og_locale":"en_US","og_type":"article","og_title":"A Bathing Ape Bape Sta Low Kanye West College Dropout - SHEZAMME","og_description":"A Bathing Ape Bape Sta Low Kanye West College Dropout | Luksusowe i autentyczne przedmioty w jednym miejscu. B\u0105d\u017a na bie\u017c\u0105co i sprawd\u017a nasz\u0105 ofert\u0119 ju\u017c teraz","og_url":"https:\/\/shezamme.com\/en\/sklep\/sneakers-2\/others\/bape-sta\/a-bathing-ape-bape-sta-low-kanye-west-college-dropout\/","og_site_name":"SHEZAMME - Yeezy, Jordan, Supreme i inne oryginalne rzeczy","article_publisher":"https:\/\/www.facebook.com\/SHEZAMME\/","article_modified_time":"2024-12-30T16:08:00+00:00","og_image":[{"width":1170,"height":1107,"url":"https:\/\/shezamme.com\/wp-content\/uploads\/2023\/06\/IMG_1744.jpg","type":"image\/jpeg"}],"twitter_card":"summary_large_image","twitter_site":"@SHEZAMME","twitter_misc":{"Est. reading time":"1 minute"},"schema":{"@context":"https:\/\/schema.org","@graph":[{"@type":"WebPage","@id":"https:\/\/shezamme.com\/sklep\/buty\/inne\/bape-sta\/a-bathing-ape-bape-sta-low-kanye-west-college-dropout\/","url":"https:\/\/shezamme.com\/sklep\/buty\/inne\/bape-sta\/a-bathing-ape-bape-sta-low-kanye-west-college-dropout\/","name":"A Bathing Ape Bape Sta Low Kanye West College Dropout - SHEZAMME","isPartOf":{"@id":"https:\/\/shezamme.com\/#website"},"primaryImageOfPage":{"@id":"https:\/\/shezamme.com\/sklep\/buty\/inne\/bape-sta\/a-bathing-ape-bape-sta-low-kanye-west-college-dropout\/#primaryimage"},"image":{"@id":"https:\/\/shezamme.com\/sklep\/buty\/inne\/bape-sta\/a-bathing-ape-bape-sta-low-kanye-west-college-dropout\/#primaryimage"},"thumbnailUrl":"https:\/\/shezamme.com\/wp-content\/uploads\/2023\/06\/IMG_1744.jpg","datePublished":"2023-06-28T11:15:09+00:00","dateModified":"2024-12-30T16:08:00+00:00","description":"A Bathing Ape Bape Sta Low Kanye West College Dropout | Luksusowe i autentyczne przedmioty w jednym miejscu. B\u0105d\u017a na bie\u017c\u0105co i sprawd\u017a nasz\u0105 ofert\u0119 ju\u017c teraz","breadcrumb":{"@id":"https:\/\/shezamme.com\/sklep\/buty\/inne\/bape-sta\/a-bathing-ape-bape-sta-low-kanye-west-college-dropout\/#breadcrumb"},"inLanguage":"en-US","potentialAction":[{"@type":"ReadAction","target":["https:\/\/shezamme.com\/sklep\/buty\/inne\/bape-sta\/a-bathing-ape-bape-sta-low-kanye-west-college-dropout\/"]}]},{"@type":"ImageObject","inLanguage":"en-US","@id":"https:\/\/shezamme.com\/sklep\/buty\/inne\/bape-sta\/a-bathing-ape-bape-sta-low-kanye-west-college-dropout\/#primaryimage","url":"https:\/\/shezamme.com\/wp-content\/uploads\/2023\/06\/IMG_1744.jpg","contentUrl":"https:\/\/shezamme.com\/wp-content\/uploads\/2023\/06\/IMG_1744.jpg","width":1170,"height":1107,"caption":"A Bathing Ape Bape Sta Low Kanye West College Dropout"},{"@type":"BreadcrumbList","@id":"https:\/\/shezamme.com\/sklep\/buty\/inne\/bape-sta\/a-bathing-ape-bape-sta-low-kanye-west-college-dropout\/#breadcrumb","itemListElement":[{"@type":"ListItem","position":1,"name":"Strona g\u0142\u00f3wna","item":"https:\/\/shezamme.com\/"},{"@type":"ListItem","position":2,"name":"Sklep","item":"https:\/\/shezamme.com\/en\/sklep\/"},{"@type":"ListItem","position":3,"name":"A Bathing Ape Bape Sta Low Kanye West College Dropout"}]},{"@type":"WebSite","@id":"https:\/\/shezamme.com\/#website","url":"https:\/\/shezamme.com\/","name":"SHEZAMME - Sneakers, Streetwear and luxury brands","description":"Original and exclusive items in one place. Check out our products now and stay up to date with all launches.","publisher":{"@id":"https:\/\/shezamme.com\/#organization"},"potentialAction":[{"@type":"SearchAction","target":{"@type":"EntryPoint","urlTemplate":"https:\/\/shezamme.com\/?s={search_term_string}"},"query-input":{"@type":"PropertyValueSpecification","valueRequired":true,"valueName":"search_term_string"}}],"inLanguage":"en-US"},{"@type":"Organization","@id":"https:\/\/shezamme.com\/#organization","name":"SHEZAMME - Sneakers, Streetwear and luxury brands","url":"https:\/\/shezamme.com\/","logo":{"@type":"ImageObject","inLanguage":"en-US","@id":"https:\/\/shezamme.com\/#\/schema\/logo\/image\/","url":"https:\/\/shezamme.com\/wp-content\/uploads\/2023\/02\/0x0.png","contentUrl":"https:\/\/shezamme.com\/wp-content\/uploads\/2023\/02\/0x0.png","width":2000,"height":2000,"caption":"SHEZAMME - Sneakersy, Streetwear i luksusowe marki"},"image":{"@id":"https:\/\/shezamme.com\/#\/schema\/logo\/image\/"},"sameAs":["https:\/\/www.facebook.com\/SHEZAMME\/","https:\/\/x.com\/SHEZAMME","https:\/\/www.instagram.com\/shezamme\/","https:\/\/www.youtube.com\/channel\/UCsTJxi_9fODHdO_1bmJbqvQ","https:\/\/www.tiktok.com\/shezamme.com"]}]}},"brands":[{"id":766,"name":"BAPE","slug":"bape"}],"_links":{"self":[{"href":"https:\/\/shezamme.com\/en\/wp-json\/wp\/v2\/product\/29427","targetHints":{"allow":["GET"]}}],"collection":[{"href":"https:\/\/shezamme.com\/en\/wp-json\/wp\/v2\/product"}],"about":[{"href":"https:\/\/shezamme.com\/en\/wp-json\/wp\/v2\/types\/product"}],"wp:featuredmedia":[{"embeddable":true,"href":"https:\/\/shezamme.com\/en\/wp-json\/wp\/v2\/media\/29438"}],"wp:attachment":[{"href":"https:\/\/shezamme.com\/en\/wp-json\/wp\/v2\/media?parent=29427"}],"wp:term":[{"taxonomy":"pwb-brand","embeddable":true,"href":"https:\/\/shezamme.com\/en\/wp-json\/wp\/v2\/pwb-brand?post=29427"},{"taxonomy":"product_brand","embeddable":true,"href":"https:\/\/shezamme.com\/en\/wp-json\/wp\/v2\/product_brand?post=29427"},{"taxonomy":"product_cat","embeddable":true,"href":"https:\/\/shezamme.com\/en\/wp-json\/wp\/v2\/product_cat?post=29427"},{"taxonomy":"product_tag","embeddable":true,"href":"https:\/\/shezamme.com\/en\/wp-json\/wp\/v2\/product_tag?post=29427"}],"curies":[{"name":"wp","href":"https:\/\/api.w.org\/{rel}","templated":true}]}}