{"id":28930,"date":"2023-06-13T18:14:57","date_gmt":"2023-06-13T16:14:57","guid":{"rendered":"https:\/\/shezamme.com\/?post_type=product&#038;p=28930"},"modified":"2025-03-04T22:30:18","modified_gmt":"2025-03-04T21:30:18","slug":"adidas-yeezy-500-super-moon-yellow","status":"publish","type":"product","link":"https:\/\/shezamme.com\/en\/sklep\/buty\/yeezy\/yeezy-500\/adidas-yeezy-500-super-moon-yellow\/","title":{"rendered":"Adidas Yeezy 500 Super Moon Yellow"},"content":{"rendered":"<h2>Adidas Yeezy 500 &#8222;Super Moon Yellow&#8221; \u2013 wyrazisty styl i komfort na co dzie\u0144<\/h2>\n<p>Model Yeezy 500 &#8222;Super Moon Yellow&#8221; zachwyca intensywnym, \u017c\u00f3\u0142tawym odcieniem, kt\u00f3ry dodaje charakteru ka\u017cdej stylizacji. Cholewka z zamszu, siateczki i sk\u00f3ry gwarantuje trwa\u0142o\u015b\u0107 oraz wentylacj\u0119, a system amortyzacji adiPRENE+ zapewnia wygod\u0119 nawet przy d\u0142ugim noszeniu.<\/p>\n<h2>Masywny design i doskona\u0142a przyczepno\u015b\u0107<\/h2>\n<p>Charakterystyczna, chunky sylwetka w stylu retro \u0142\u0105czy estetyk\u0119 z funkcjonalno\u015bci\u0105. Gumowa podeszwa z bie\u017cnikiem zwi\u0119ksza stabilno\u015b\u0107 na ka\u017cdej nawierzchni, czyni\u0105c &#8222;Super Moon Yellow&#8221; doskona\u0142ym wyborem dla fan\u00f3w unikalnego streetwearu.<\/p>","protected":false},"excerpt":{"rendered":"<h2>Adidas Yeezy 500 &#8222;Super Moon Yellow&#8221; \u2013 wyrazista kolorystyka i wygoda<\/h2>\n<p>Model &#8222;Super Moon Yellow&#8221; przyci\u0105ga uwag\u0119 odwa\u017cnym, \u017c\u00f3\u0142tawym odcieniem, idealnym do wyr\u00f3\u017cniaj\u0105cych si\u0119 stylizacji. Cholewka z po\u0142\u0105czenia zamszu, siateczki i sk\u00f3ry oferuje trwa\u0142o\u015b\u0107 i oddychalno\u015b\u0107, a amortyzacja adiPRENE+ zapewnia ca\u0142odzienny komfort. Masywna, gumowa podeszwa z bie\u017cnikiem dba o stabilno\u015b\u0107, wpisuj\u0105c si\u0119 w modny styl chunky sneakers.<\/p>","protected":false},"featured_media":28948,"template":"","meta":{"_acf_changed":false},"pwb-brand":[748,750],"product_brand":[],"product_cat":[16,63,309],"product_tag":[1008,1009],"class_list":{"0":"post-28930","1":"product","2":"type-product","3":"status-publish","4":"has-post-thumbnail","6":"pwb-brand-adidas","7":"pwb-brand-yeezy","8":"product_cat-buty","9":"product_cat-yeezy","10":"product_cat-yeezy-500","11":"product_tag-kobieta","12":"product_tag-mezczyzna","14":"first","15":"onbackorder","16":"taxable","17":"shipping-taxable","18":"purchasable","19":"product-type-variable","20":"has-default-attributes"},"acf":[],"yoast_head":"<!-- This site is optimized with the Yoast SEO plugin v27.2 - https:\/\/yoast.com\/product\/yoast-seo-wordpress\/ -->\n<title>Adidas Yeezy 500 Super Moon Yellow - SHEZAMME<\/title>\n<meta name=\"description\" content=\"Adidas Yeezy 500 Super Moon Yellow | Luksusowe i autentyczne przedmioty w jednym miejscu. B\u0105d\u017a na bie\u017c\u0105co i sprawd\u017a nasz\u0105 ofert\u0119 ju\u017c teraz\" \/>\n<meta name=\"robots\" content=\"index, follow, max-snippet:-1, max-image-preview:large, max-video-preview:-1\" \/>\n<link rel=\"canonical\" href=\"https:\/\/shezamme.com\/en\/sklep\/sneakers-2\/yeezy\/yeezy-500\/adidas-yeezy-500-super-moon-yellow\/\" \/>\n<meta property=\"og:locale\" content=\"en_US\" \/>\n<meta property=\"og:type\" content=\"article\" \/>\n<meta property=\"og:title\" content=\"Adidas Yeezy 500 Super Moon Yellow - SHEZAMME\" \/>\n<meta property=\"og:description\" content=\"Adidas Yeezy 500 Super Moon Yellow | Luksusowe i autentyczne przedmioty w jednym miejscu. B\u0105d\u017a na bie\u017c\u0105co i sprawd\u017a nasz\u0105 ofert\u0119 ju\u017c teraz\" \/>\n<meta property=\"og:url\" content=\"https:\/\/shezamme.com\/en\/sklep\/sneakers-2\/yeezy\/yeezy-500\/adidas-yeezy-500-super-moon-yellow\/\" \/>\n<meta property=\"og:site_name\" content=\"SHEZAMME - Yeezy, Jordan, Supreme i inne oryginalne rzeczy\" \/>\n<meta property=\"article:publisher\" content=\"https:\/\/www.facebook.com\/SHEZAMME\/\" \/>\n<meta property=\"article:modified_time\" content=\"2025-03-04T21:30:18+00:00\" \/>\n<meta property=\"og:image\" content=\"https:\/\/shezamme.com\/wp-content\/uploads\/2023\/06\/IMG_1291-1.jpg\" \/>\n\t<meta property=\"og:image:width\" content=\"1170\" \/>\n\t<meta property=\"og:image:height\" content=\"1042\" \/>\n\t<meta property=\"og:image:type\" content=\"image\/jpeg\" \/>\n<meta name=\"twitter:card\" content=\"summary_large_image\" \/>\n<meta name=\"twitter:site\" content=\"@SHEZAMME\" \/>\n<script type=\"application\/ld+json\" class=\"yoast-schema-graph\">{\"@context\":\"https:\/\/schema.org\",\"@graph\":[{\"@type\":\"WebPage\",\"@id\":\"https:\/\/shezamme.com\/sklep\/buty\/yeezy\/yeezy-500\/adidas-yeezy-500-super-moon-yellow\/\",\"url\":\"https:\/\/shezamme.com\/sklep\/buty\/yeezy\/yeezy-500\/adidas-yeezy-500-super-moon-yellow\/\",\"name\":\"Adidas Yeezy 500 Super Moon Yellow - SHEZAMME\",\"isPartOf\":{\"@id\":\"https:\/\/shezamme.com\/#website\"},\"primaryImageOfPage\":{\"@id\":\"https:\/\/shezamme.com\/sklep\/buty\/yeezy\/yeezy-500\/adidas-yeezy-500-super-moon-yellow\/#primaryimage\"},\"image\":{\"@id\":\"https:\/\/shezamme.com\/sklep\/buty\/yeezy\/yeezy-500\/adidas-yeezy-500-super-moon-yellow\/#primaryimage\"},\"thumbnailUrl\":\"https:\/\/shezamme.com\/wp-content\/uploads\/2023\/06\/IMG_1291-1.jpg\",\"datePublished\":\"2023-06-13T16:14:57+00:00\",\"dateModified\":\"2025-03-04T21:30:18+00:00\",\"description\":\"Adidas Yeezy 500 Super Moon Yellow | Luksusowe i autentyczne przedmioty w jednym miejscu. B\u0105d\u017a na bie\u017c\u0105co i sprawd\u017a nasz\u0105 ofert\u0119 ju\u017c teraz\",\"breadcrumb\":{\"@id\":\"https:\/\/shezamme.com\/sklep\/buty\/yeezy\/yeezy-500\/adidas-yeezy-500-super-moon-yellow\/#breadcrumb\"},\"inLanguage\":\"en-US\",\"potentialAction\":[{\"@type\":\"ReadAction\",\"target\":[\"https:\/\/shezamme.com\/sklep\/buty\/yeezy\/yeezy-500\/adidas-yeezy-500-super-moon-yellow\/\"]}]},{\"@type\":\"ImageObject\",\"inLanguage\":\"en-US\",\"@id\":\"https:\/\/shezamme.com\/sklep\/buty\/yeezy\/yeezy-500\/adidas-yeezy-500-super-moon-yellow\/#primaryimage\",\"url\":\"https:\/\/shezamme.com\/wp-content\/uploads\/2023\/06\/IMG_1291-1.jpg\",\"contentUrl\":\"https:\/\/shezamme.com\/wp-content\/uploads\/2023\/06\/IMG_1291-1.jpg\",\"width\":1170,\"height\":1042,\"caption\":\"Adidas Yeezy 500 Super Moon Yellow\"},{\"@type\":\"BreadcrumbList\",\"@id\":\"https:\/\/shezamme.com\/sklep\/buty\/yeezy\/yeezy-500\/adidas-yeezy-500-super-moon-yellow\/#breadcrumb\",\"itemListElement\":[{\"@type\":\"ListItem\",\"position\":1,\"name\":\"Strona g\u0142\u00f3wna\",\"item\":\"https:\/\/shezamme.com\/\"},{\"@type\":\"ListItem\",\"position\":2,\"name\":\"Sklep\",\"item\":\"https:\/\/shezamme.com\/sklep\/\"},{\"@type\":\"ListItem\",\"position\":3,\"name\":\"Adidas Yeezy 500 Super Moon Yellow\"}]},{\"@type\":\"WebSite\",\"@id\":\"https:\/\/shezamme.com\/#website\",\"url\":\"https:\/\/shezamme.com\/\",\"name\":\"SHEZAMME - Sneakersy, Streetwear i luksusowe marki\",\"description\":\"Oryginalne i ekskluzywne przedmioty w jednym miejscu. Sprawd\u017a nasze produkty ju\u017c teraz i b\u0105d\u017a na bie\u017c\u0105co z wszystkimi premierami.\",\"publisher\":{\"@id\":\"https:\/\/shezamme.com\/#organization\"},\"potentialAction\":[{\"@type\":\"SearchAction\",\"target\":{\"@type\":\"EntryPoint\",\"urlTemplate\":\"https:\/\/shezamme.com\/?s={search_term_string}\"},\"query-input\":{\"@type\":\"PropertyValueSpecification\",\"valueRequired\":true,\"valueName\":\"search_term_string\"}}],\"inLanguage\":\"en-US\"},{\"@type\":\"Organization\",\"@id\":\"https:\/\/shezamme.com\/#organization\",\"name\":\"SHEZAMME - Sneakersy, Streetwear i luksusowe marki\",\"url\":\"https:\/\/shezamme.com\/\",\"logo\":{\"@type\":\"ImageObject\",\"inLanguage\":\"en-US\",\"@id\":\"https:\/\/shezamme.com\/#\/schema\/logo\/image\/\",\"url\":\"https:\/\/shezamme.com\/wp-content\/uploads\/2023\/02\/0x0.png\",\"contentUrl\":\"https:\/\/shezamme.com\/wp-content\/uploads\/2023\/02\/0x0.png\",\"width\":2000,\"height\":2000,\"caption\":\"SHEZAMME - Sneakersy, Streetwear i luksusowe marki\"},\"image\":{\"@id\":\"https:\/\/shezamme.com\/#\/schema\/logo\/image\/\"},\"sameAs\":[\"https:\/\/www.facebook.com\/SHEZAMME\/\",\"https:\/\/x.com\/SHEZAMME\",\"https:\/\/www.instagram.com\/shezamme\/\",\"https:\/\/www.youtube.com\/channel\/UCsTJxi_9fODHdO_1bmJbqvQ\",\"https:\/\/www.tiktok.com\/shezamme.com\"]}]}<\/script>\n<!-- \/ Yoast SEO plugin. -->","yoast_head_json":{"title":"Adidas Yeezy 500 Super Moon Yellow - SHEZAMME","description":"Adidas Yeezy 500 Super Moon Yellow | Luksusowe i autentyczne przedmioty w jednym miejscu. B\u0105d\u017a na bie\u017c\u0105co i sprawd\u017a nasz\u0105 ofert\u0119 ju\u017c teraz","robots":{"index":"index","follow":"follow","max-snippet":"max-snippet:-1","max-image-preview":"max-image-preview:large","max-video-preview":"max-video-preview:-1"},"canonical":"https:\/\/shezamme.com\/en\/sklep\/sneakers-2\/yeezy\/yeezy-500\/adidas-yeezy-500-super-moon-yellow\/","og_locale":"en_US","og_type":"article","og_title":"Adidas Yeezy 500 Super Moon Yellow - SHEZAMME","og_description":"Adidas Yeezy 500 Super Moon Yellow | Luksusowe i autentyczne przedmioty w jednym miejscu. B\u0105d\u017a na bie\u017c\u0105co i sprawd\u017a nasz\u0105 ofert\u0119 ju\u017c teraz","og_url":"https:\/\/shezamme.com\/en\/sklep\/sneakers-2\/yeezy\/yeezy-500\/adidas-yeezy-500-super-moon-yellow\/","og_site_name":"SHEZAMME - Yeezy, Jordan, Supreme i inne oryginalne rzeczy","article_publisher":"https:\/\/www.facebook.com\/SHEZAMME\/","article_modified_time":"2025-03-04T21:30:18+00:00","og_image":[{"width":1170,"height":1042,"url":"https:\/\/shezamme.com\/wp-content\/uploads\/2023\/06\/IMG_1291-1.jpg","type":"image\/jpeg"}],"twitter_card":"summary_large_image","twitter_site":"@SHEZAMME","schema":{"@context":"https:\/\/schema.org","@graph":[{"@type":"WebPage","@id":"https:\/\/shezamme.com\/sklep\/buty\/yeezy\/yeezy-500\/adidas-yeezy-500-super-moon-yellow\/","url":"https:\/\/shezamme.com\/sklep\/buty\/yeezy\/yeezy-500\/adidas-yeezy-500-super-moon-yellow\/","name":"Adidas Yeezy 500 Super Moon Yellow - SHEZAMME","isPartOf":{"@id":"https:\/\/shezamme.com\/#website"},"primaryImageOfPage":{"@id":"https:\/\/shezamme.com\/sklep\/buty\/yeezy\/yeezy-500\/adidas-yeezy-500-super-moon-yellow\/#primaryimage"},"image":{"@id":"https:\/\/shezamme.com\/sklep\/buty\/yeezy\/yeezy-500\/adidas-yeezy-500-super-moon-yellow\/#primaryimage"},"thumbnailUrl":"https:\/\/shezamme.com\/wp-content\/uploads\/2023\/06\/IMG_1291-1.jpg","datePublished":"2023-06-13T16:14:57+00:00","dateModified":"2025-03-04T21:30:18+00:00","description":"Adidas Yeezy 500 Super Moon Yellow | Luksusowe i autentyczne przedmioty w jednym miejscu. B\u0105d\u017a na bie\u017c\u0105co i sprawd\u017a nasz\u0105 ofert\u0119 ju\u017c teraz","breadcrumb":{"@id":"https:\/\/shezamme.com\/sklep\/buty\/yeezy\/yeezy-500\/adidas-yeezy-500-super-moon-yellow\/#breadcrumb"},"inLanguage":"en-US","potentialAction":[{"@type":"ReadAction","target":["https:\/\/shezamme.com\/sklep\/buty\/yeezy\/yeezy-500\/adidas-yeezy-500-super-moon-yellow\/"]}]},{"@type":"ImageObject","inLanguage":"en-US","@id":"https:\/\/shezamme.com\/sklep\/buty\/yeezy\/yeezy-500\/adidas-yeezy-500-super-moon-yellow\/#primaryimage","url":"https:\/\/shezamme.com\/wp-content\/uploads\/2023\/06\/IMG_1291-1.jpg","contentUrl":"https:\/\/shezamme.com\/wp-content\/uploads\/2023\/06\/IMG_1291-1.jpg","width":1170,"height":1042,"caption":"Adidas Yeezy 500 Super Moon Yellow"},{"@type":"BreadcrumbList","@id":"https:\/\/shezamme.com\/sklep\/buty\/yeezy\/yeezy-500\/adidas-yeezy-500-super-moon-yellow\/#breadcrumb","itemListElement":[{"@type":"ListItem","position":1,"name":"Strona g\u0142\u00f3wna","item":"https:\/\/shezamme.com\/"},{"@type":"ListItem","position":2,"name":"Sklep","item":"https:\/\/shezamme.com\/sklep\/"},{"@type":"ListItem","position":3,"name":"Adidas Yeezy 500 Super Moon Yellow"}]},{"@type":"WebSite","@id":"https:\/\/shezamme.com\/#website","url":"https:\/\/shezamme.com\/","name":"SHEZAMME - Sneakers, Streetwear and luxury brands","description":"Original and exclusive items in one place. Check out our products now and stay up to date with all launches.","publisher":{"@id":"https:\/\/shezamme.com\/#organization"},"potentialAction":[{"@type":"SearchAction","target":{"@type":"EntryPoint","urlTemplate":"https:\/\/shezamme.com\/?s={search_term_string}"},"query-input":{"@type":"PropertyValueSpecification","valueRequired":true,"valueName":"search_term_string"}}],"inLanguage":"en-US"},{"@type":"Organization","@id":"https:\/\/shezamme.com\/#organization","name":"SHEZAMME - Sneakers, Streetwear and luxury brands","url":"https:\/\/shezamme.com\/","logo":{"@type":"ImageObject","inLanguage":"en-US","@id":"https:\/\/shezamme.com\/#\/schema\/logo\/image\/","url":"https:\/\/shezamme.com\/wp-content\/uploads\/2023\/02\/0x0.png","contentUrl":"https:\/\/shezamme.com\/wp-content\/uploads\/2023\/02\/0x0.png","width":2000,"height":2000,"caption":"SHEZAMME - Sneakersy, Streetwear i luksusowe marki"},"image":{"@id":"https:\/\/shezamme.com\/#\/schema\/logo\/image\/"},"sameAs":["https:\/\/www.facebook.com\/SHEZAMME\/","https:\/\/x.com\/SHEZAMME","https:\/\/www.instagram.com\/shezamme\/","https:\/\/www.youtube.com\/channel\/UCsTJxi_9fODHdO_1bmJbqvQ","https:\/\/www.tiktok.com\/shezamme.com"]}]}},"brands":[{"id":748,"name":"Adidas","slug":"adidas"},{"id":750,"name":"Yeezy","slug":"yeezy"}],"_links":{"self":[{"href":"https:\/\/shezamme.com\/en\/wp-json\/wp\/v2\/product\/28930","targetHints":{"allow":["GET"]}}],"collection":[{"href":"https:\/\/shezamme.com\/en\/wp-json\/wp\/v2\/product"}],"about":[{"href":"https:\/\/shezamme.com\/en\/wp-json\/wp\/v2\/types\/product"}],"wp:featuredmedia":[{"embeddable":true,"href":"https:\/\/shezamme.com\/en\/wp-json\/wp\/v2\/media\/28948"}],"wp:attachment":[{"href":"https:\/\/shezamme.com\/en\/wp-json\/wp\/v2\/media?parent=28930"}],"wp:term":[{"taxonomy":"pwb-brand","embeddable":true,"href":"https:\/\/shezamme.com\/en\/wp-json\/wp\/v2\/pwb-brand?post=28930"},{"taxonomy":"product_brand","embeddable":true,"href":"https:\/\/shezamme.com\/en\/wp-json\/wp\/v2\/product_brand?post=28930"},{"taxonomy":"product_cat","embeddable":true,"href":"https:\/\/shezamme.com\/en\/wp-json\/wp\/v2\/product_cat?post=28930"},{"taxonomy":"product_tag","embeddable":true,"href":"https:\/\/shezamme.com\/en\/wp-json\/wp\/v2\/product_tag?post=28930"}],"curies":[{"name":"wp","href":"https:\/\/api.w.org\/{rel}","templated":true}]}}