{"id":28577,"date":"2023-05-31T12:35:26","date_gmt":"2023-05-31T10:35:26","guid":{"rendered":"https:\/\/shezamme.com\/?post_type=product&#038;p=28577"},"modified":"2025-09-09T18:04:16","modified_gmt":"2025-09-09T16:04:16","slug":"louis-vuitton-trainer-monogram-denim-orange","status":"publish","type":"product","link":"https:\/\/shezamme.com\/en\/sklep\/buty\/inne\/louis-vuitton\/louis-vuitton-trainer-monogram-denim-orange\/","title":{"rendered":"Louis Vuitton Trainer Monogram Denim Orange"},"content":{"rendered":"<div class=\"flex-shrink-0 flex flex-col relative items-end\">\n<div>\n<div class=\"pt-0\">\n<div class=\"gizmo-shadow-stroke flex h-8 w-8 items-center justify-center overflow-hidden rounded-full\">\n<div class=\"h-full w-full\">\n<h2 class=\"gizmo-shadow-stroke overflow-hidden rounded-full\"><span style=\"font-size: 28px\">Wyrazisty luksus: Louis Vuitton Trainer Monogram Denim Orange<\/span><\/h2>\n<\/div>\n<\/div>\n<\/div>\n<\/div>\n<\/div>\n<div class=\"group\/conversation-turn relative flex w-full min-w-0 flex-col agent-turn\">\n<div class=\"flex-col gap-1 md:gap-3\">\n<div class=\"flex max-w-full flex-col flex-grow\">\n<div class=\"min-h-8 text-message flex w-full flex-col items-end gap-2 whitespace-normal break-words text-start [.text-message+&amp;]:mt-5\" dir=\"auto\" data-message-author-role=\"assistant\" data-message-id=\"477233dc-a765-4b29-9296-8004b12deda3\" data-message-model-slug=\"gpt-4o\">\n<div class=\"flex w-full flex-col gap-1 empty:hidden first:pt-[3px]\">\n<div class=\"markdown prose w-full break-words dark:prose-invert light\">\n<p>Louis Vuitton Trainer Monogram Denim Orange to sneakersy, kt\u00f3re \u0142\u0105cz\u0105 koszykarski styl retro z intensywn\u0105, pomara\u0144czow\u0105 kolorystyk\u0105, tworz\u0105c odwa\u017cny i luksusowy design. Cholewka wykonana z wysokiej jako\u015bci denimu z nadrukiem monogramu Louis Vuitton, wzbogacona sk\u00f3rzanymi wstawkami, zapewnia unikalny charakter i trwa\u0142o\u015b\u0107. Sk\u00f3rzana wy\u015bci\u00f3\u0142ka gwarantuje komfort noszenia, a gumowa, antypo\u015blizgowa podeszwa z logo Louis Vuitton dodaje stabilno\u015bci i stylowego wyko\u0144czenia.<\/p>\n<h2>Idealne po\u0142\u0105czenie stylu i funkcjonalno\u015bci<\/h2>\n<p>Model Monogram Denim Orange to wszechstronne sneakersy, kt\u00f3re doskonale pasuj\u0105 zar\u00f3wno do codziennych, jak i bardziej odwa\u017cnych stylizacji. Wyrazista kolorystyka pomara\u0144czowego denimu w po\u0142\u0105czeniu z luksusowym wyko\u0144czeniem sprawia, \u017ce buty s\u0105 wyj\u0105tkowym dodatkiem dla os\u00f3b ceni\u0105cych modow\u0105 indywidualno\u015b\u0107 i najwy\u017csz\u0105 jako\u015b\u0107 wykonania. To po\u0142\u0105czenie funkcjonalno\u015bci z luksusowym stylem, kt\u00f3re nie pozostawia oboj\u0119tnym.<\/p>\n<\/div>\n<\/div>\n<\/div>\n<\/div>\n<\/div>\n<\/div>\n","protected":false},"excerpt":{"rendered":"<h2>Odwa\u017cny styl: Louis Vuitton Trainer Monogram Denim Orange<\/h2>\n<p>Louis Vuitton Trainer Monogram Denim Orange \u0142\u0105czy intensywny pomara\u0144czowy denim z monogramem LV i sk\u00f3rzanymi detalami. To unikalne sneakersy, kt\u00f3re podkre\u015bl\u0105 Tw\u00f3j styl w ka\u017cdej casualowej lub wyrazistej stylizacji.<\/p>","protected":false},"featured_media":28588,"template":"","meta":{"_acf_changed":false},"pwb-brand":[890],"product_brand":[],"product_cat":[16,865,171],"product_tag":[1008,1009],"class_list":{"0":"post-28577","1":"product","2":"type-product","3":"status-publish","4":"has-post-thumbnail","6":"pwb-brand-louis-vuitton","7":"product_cat-buty","8":"product_cat-louis-vuitton","9":"product_cat-inne","10":"product_tag-kobieta","11":"product_tag-mezczyzna","13":"first","14":"onbackorder","15":"taxable","16":"shipping-taxable","17":"purchasable","18":"product-type-variable","19":"has-default-attributes"},"acf":[],"yoast_head":"<!-- This site is optimized with the Yoast SEO plugin v27.2 - https:\/\/yoast.com\/product\/yoast-seo-wordpress\/ -->\n<title>Louis Vuitton Trainer Monogram Denim Orange - SHEZAMME<\/title>\n<meta name=\"description\" content=\"Louis Vuitton Trainer Monogram Denim Orange | Luksusowe i autentyczne przedmioty w jednym miejscu. B\u0105d\u017a na bie\u017c\u0105co i sprawd\u017a nasz\u0105 ofert\u0119 ju\u017c teraz\" \/>\n<meta name=\"robots\" content=\"index, follow, max-snippet:-1, max-image-preview:large, max-video-preview:-1\" \/>\n<link rel=\"canonical\" href=\"https:\/\/shezamme.com\/en\/sklep\/sneakers-2\/others\/louis-vuitton\/louis-vuitton-trainer-monogram-denim-orange\/\" \/>\n<meta property=\"og:locale\" content=\"en_US\" \/>\n<meta property=\"og:type\" content=\"article\" \/>\n<meta property=\"og:title\" content=\"Louis Vuitton Trainer Monogram Denim Orange - SHEZAMME\" \/>\n<meta property=\"og:description\" content=\"Louis Vuitton Trainer Monogram Denim Orange | Luksusowe i autentyczne przedmioty w jednym miejscu. B\u0105d\u017a na bie\u017c\u0105co i sprawd\u017a nasz\u0105 ofert\u0119 ju\u017c teraz\" \/>\n<meta property=\"og:url\" content=\"https:\/\/shezamme.com\/en\/sklep\/sneakers-2\/others\/louis-vuitton\/louis-vuitton-trainer-monogram-denim-orange\/\" \/>\n<meta property=\"og:site_name\" content=\"SHEZAMME - Yeezy, Jordan, Supreme i inne oryginalne rzeczy\" \/>\n<meta property=\"article:publisher\" content=\"https:\/\/www.facebook.com\/SHEZAMME\/\" \/>\n<meta property=\"article:modified_time\" content=\"2025-09-09T16:04:16+00:00\" \/>\n<meta property=\"og:image\" content=\"https:\/\/shezamme.com\/wp-content\/uploads\/2023\/05\/IMG_0753-2.jpg\" \/>\n\t<meta property=\"og:image:width\" content=\"1170\" \/>\n\t<meta property=\"og:image:height\" content=\"1090\" \/>\n\t<meta property=\"og:image:type\" content=\"image\/jpeg\" \/>\n<meta name=\"twitter:card\" content=\"summary_large_image\" \/>\n<meta name=\"twitter:site\" content=\"@SHEZAMME\" \/>\n<meta name=\"twitter:label1\" content=\"Est. reading time\" \/>\n\t<meta name=\"twitter:data1\" content=\"1 minute\" \/>\n<script type=\"application\/ld+json\" class=\"yoast-schema-graph\">{\"@context\":\"https:\/\/schema.org\",\"@graph\":[{\"@type\":\"WebPage\",\"@id\":\"https:\/\/shezamme.com\/sklep\/buty\/inne\/louis-vuitton\/louis-vuitton-trainer-monogram-denim-orange\/\",\"url\":\"https:\/\/shezamme.com\/sklep\/buty\/inne\/louis-vuitton\/louis-vuitton-trainer-monogram-denim-orange\/\",\"name\":\"Louis Vuitton Trainer Monogram Denim Orange - SHEZAMME\",\"isPartOf\":{\"@id\":\"https:\/\/shezamme.com\/#website\"},\"primaryImageOfPage\":{\"@id\":\"https:\/\/shezamme.com\/sklep\/buty\/inne\/louis-vuitton\/louis-vuitton-trainer-monogram-denim-orange\/#primaryimage\"},\"image\":{\"@id\":\"https:\/\/shezamme.com\/sklep\/buty\/inne\/louis-vuitton\/louis-vuitton-trainer-monogram-denim-orange\/#primaryimage\"},\"thumbnailUrl\":\"https:\/\/shezamme.com\/wp-content\/uploads\/2023\/05\/IMG_0753-2.jpg\",\"datePublished\":\"2023-05-31T10:35:26+00:00\",\"dateModified\":\"2025-09-09T16:04:16+00:00\",\"description\":\"Louis Vuitton Trainer Monogram Denim Orange | Luksusowe i autentyczne przedmioty w jednym miejscu. B\u0105d\u017a na bie\u017c\u0105co i sprawd\u017a nasz\u0105 ofert\u0119 ju\u017c teraz\",\"breadcrumb\":{\"@id\":\"https:\/\/shezamme.com\/sklep\/buty\/inne\/louis-vuitton\/louis-vuitton-trainer-monogram-denim-orange\/#breadcrumb\"},\"inLanguage\":\"en-US\",\"potentialAction\":[{\"@type\":\"ReadAction\",\"target\":[\"https:\/\/shezamme.com\/sklep\/buty\/inne\/louis-vuitton\/louis-vuitton-trainer-monogram-denim-orange\/\"]}]},{\"@type\":\"ImageObject\",\"inLanguage\":\"en-US\",\"@id\":\"https:\/\/shezamme.com\/sklep\/buty\/inne\/louis-vuitton\/louis-vuitton-trainer-monogram-denim-orange\/#primaryimage\",\"url\":\"https:\/\/shezamme.com\/wp-content\/uploads\/2023\/05\/IMG_0753-2.jpg\",\"contentUrl\":\"https:\/\/shezamme.com\/wp-content\/uploads\/2023\/05\/IMG_0753-2.jpg\",\"width\":1170,\"height\":1090,\"caption\":\"Louis Vuitton Trainer Monogram Denim Orange\"},{\"@type\":\"BreadcrumbList\",\"@id\":\"https:\/\/shezamme.com\/sklep\/buty\/inne\/louis-vuitton\/louis-vuitton-trainer-monogram-denim-orange\/#breadcrumb\",\"itemListElement\":[{\"@type\":\"ListItem\",\"position\":1,\"name\":\"Strona g\u0142\u00f3wna\",\"item\":\"https:\/\/shezamme.com\/\"},{\"@type\":\"ListItem\",\"position\":2,\"name\":\"Sklep\",\"item\":\"https:\/\/shezamme.com\/sklep\/\"},{\"@type\":\"ListItem\",\"position\":3,\"name\":\"Louis Vuitton Trainer Monogram Denim Orange\"}]},{\"@type\":\"WebSite\",\"@id\":\"https:\/\/shezamme.com\/#website\",\"url\":\"https:\/\/shezamme.com\/\",\"name\":\"SHEZAMME - Sneakersy, Streetwear i luksusowe marki\",\"description\":\"Oryginalne i ekskluzywne przedmioty w jednym miejscu. Sprawd\u017a nasze produkty ju\u017c teraz i b\u0105d\u017a na bie\u017c\u0105co z wszystkimi premierami.\",\"publisher\":{\"@id\":\"https:\/\/shezamme.com\/#organization\"},\"potentialAction\":[{\"@type\":\"SearchAction\",\"target\":{\"@type\":\"EntryPoint\",\"urlTemplate\":\"https:\/\/shezamme.com\/?s={search_term_string}\"},\"query-input\":{\"@type\":\"PropertyValueSpecification\",\"valueRequired\":true,\"valueName\":\"search_term_string\"}}],\"inLanguage\":\"en-US\"},{\"@type\":\"Organization\",\"@id\":\"https:\/\/shezamme.com\/#organization\",\"name\":\"SHEZAMME - Sneakersy, Streetwear i luksusowe marki\",\"url\":\"https:\/\/shezamme.com\/\",\"logo\":{\"@type\":\"ImageObject\",\"inLanguage\":\"en-US\",\"@id\":\"https:\/\/shezamme.com\/#\/schema\/logo\/image\/\",\"url\":\"https:\/\/shezamme.com\/wp-content\/uploads\/2023\/02\/0x0.png\",\"contentUrl\":\"https:\/\/shezamme.com\/wp-content\/uploads\/2023\/02\/0x0.png\",\"width\":2000,\"height\":2000,\"caption\":\"SHEZAMME - Sneakersy, Streetwear i luksusowe marki\"},\"image\":{\"@id\":\"https:\/\/shezamme.com\/#\/schema\/logo\/image\/\"},\"sameAs\":[\"https:\/\/www.facebook.com\/SHEZAMME\/\",\"https:\/\/x.com\/SHEZAMME\",\"https:\/\/www.instagram.com\/shezamme\/\",\"https:\/\/www.youtube.com\/channel\/UCsTJxi_9fODHdO_1bmJbqvQ\",\"https:\/\/www.tiktok.com\/shezamme.com\"]}]}<\/script>\n<!-- \/ Yoast SEO plugin. -->","yoast_head_json":{"title":"Louis Vuitton Trainer Monogram Denim Orange - SHEZAMME","description":"Louis Vuitton Trainer Monogram Denim Orange | Luksusowe i autentyczne przedmioty w jednym miejscu. B\u0105d\u017a na bie\u017c\u0105co i sprawd\u017a nasz\u0105 ofert\u0119 ju\u017c teraz","robots":{"index":"index","follow":"follow","max-snippet":"max-snippet:-1","max-image-preview":"max-image-preview:large","max-video-preview":"max-video-preview:-1"},"canonical":"https:\/\/shezamme.com\/en\/sklep\/sneakers-2\/others\/louis-vuitton\/louis-vuitton-trainer-monogram-denim-orange\/","og_locale":"en_US","og_type":"article","og_title":"Louis Vuitton Trainer Monogram Denim Orange - SHEZAMME","og_description":"Louis Vuitton Trainer Monogram Denim Orange | Luksusowe i autentyczne przedmioty w jednym miejscu. B\u0105d\u017a na bie\u017c\u0105co i sprawd\u017a nasz\u0105 ofert\u0119 ju\u017c teraz","og_url":"https:\/\/shezamme.com\/en\/sklep\/sneakers-2\/others\/louis-vuitton\/louis-vuitton-trainer-monogram-denim-orange\/","og_site_name":"SHEZAMME - Yeezy, Jordan, Supreme i inne oryginalne rzeczy","article_publisher":"https:\/\/www.facebook.com\/SHEZAMME\/","article_modified_time":"2025-09-09T16:04:16+00:00","og_image":[{"width":1170,"height":1090,"url":"https:\/\/shezamme.com\/wp-content\/uploads\/2023\/05\/IMG_0753-2.jpg","type":"image\/jpeg"}],"twitter_card":"summary_large_image","twitter_site":"@SHEZAMME","twitter_misc":{"Est. reading time":"1 minute"},"schema":{"@context":"https:\/\/schema.org","@graph":[{"@type":"WebPage","@id":"https:\/\/shezamme.com\/sklep\/buty\/inne\/louis-vuitton\/louis-vuitton-trainer-monogram-denim-orange\/","url":"https:\/\/shezamme.com\/sklep\/buty\/inne\/louis-vuitton\/louis-vuitton-trainer-monogram-denim-orange\/","name":"Louis Vuitton Trainer Monogram Denim Orange - SHEZAMME","isPartOf":{"@id":"https:\/\/shezamme.com\/#website"},"primaryImageOfPage":{"@id":"https:\/\/shezamme.com\/sklep\/buty\/inne\/louis-vuitton\/louis-vuitton-trainer-monogram-denim-orange\/#primaryimage"},"image":{"@id":"https:\/\/shezamme.com\/sklep\/buty\/inne\/louis-vuitton\/louis-vuitton-trainer-monogram-denim-orange\/#primaryimage"},"thumbnailUrl":"https:\/\/shezamme.com\/wp-content\/uploads\/2023\/05\/IMG_0753-2.jpg","datePublished":"2023-05-31T10:35:26+00:00","dateModified":"2025-09-09T16:04:16+00:00","description":"Louis Vuitton Trainer Monogram Denim Orange | Luksusowe i autentyczne przedmioty w jednym miejscu. B\u0105d\u017a na bie\u017c\u0105co i sprawd\u017a nasz\u0105 ofert\u0119 ju\u017c teraz","breadcrumb":{"@id":"https:\/\/shezamme.com\/sklep\/buty\/inne\/louis-vuitton\/louis-vuitton-trainer-monogram-denim-orange\/#breadcrumb"},"inLanguage":"en-US","potentialAction":[{"@type":"ReadAction","target":["https:\/\/shezamme.com\/sklep\/buty\/inne\/louis-vuitton\/louis-vuitton-trainer-monogram-denim-orange\/"]}]},{"@type":"ImageObject","inLanguage":"en-US","@id":"https:\/\/shezamme.com\/sklep\/buty\/inne\/louis-vuitton\/louis-vuitton-trainer-monogram-denim-orange\/#primaryimage","url":"https:\/\/shezamme.com\/wp-content\/uploads\/2023\/05\/IMG_0753-2.jpg","contentUrl":"https:\/\/shezamme.com\/wp-content\/uploads\/2023\/05\/IMG_0753-2.jpg","width":1170,"height":1090,"caption":"Louis Vuitton Trainer Monogram Denim Orange"},{"@type":"BreadcrumbList","@id":"https:\/\/shezamme.com\/sklep\/buty\/inne\/louis-vuitton\/louis-vuitton-trainer-monogram-denim-orange\/#breadcrumb","itemListElement":[{"@type":"ListItem","position":1,"name":"Strona g\u0142\u00f3wna","item":"https:\/\/shezamme.com\/"},{"@type":"ListItem","position":2,"name":"Sklep","item":"https:\/\/shezamme.com\/sklep\/"},{"@type":"ListItem","position":3,"name":"Louis Vuitton Trainer Monogram Denim Orange"}]},{"@type":"WebSite","@id":"https:\/\/shezamme.com\/#website","url":"https:\/\/shezamme.com\/","name":"SHEZAMME - Sneakers, Streetwear and luxury brands","description":"Original and exclusive items in one place. Check out our products now and stay up to date with all launches.","publisher":{"@id":"https:\/\/shezamme.com\/#organization"},"potentialAction":[{"@type":"SearchAction","target":{"@type":"EntryPoint","urlTemplate":"https:\/\/shezamme.com\/?s={search_term_string}"},"query-input":{"@type":"PropertyValueSpecification","valueRequired":true,"valueName":"search_term_string"}}],"inLanguage":"en-US"},{"@type":"Organization","@id":"https:\/\/shezamme.com\/#organization","name":"SHEZAMME - Sneakers, Streetwear and luxury brands","url":"https:\/\/shezamme.com\/","logo":{"@type":"ImageObject","inLanguage":"en-US","@id":"https:\/\/shezamme.com\/#\/schema\/logo\/image\/","url":"https:\/\/shezamme.com\/wp-content\/uploads\/2023\/02\/0x0.png","contentUrl":"https:\/\/shezamme.com\/wp-content\/uploads\/2023\/02\/0x0.png","width":2000,"height":2000,"caption":"SHEZAMME - Sneakersy, Streetwear i luksusowe marki"},"image":{"@id":"https:\/\/shezamme.com\/#\/schema\/logo\/image\/"},"sameAs":["https:\/\/www.facebook.com\/SHEZAMME\/","https:\/\/x.com\/SHEZAMME","https:\/\/www.instagram.com\/shezamme\/","https:\/\/www.youtube.com\/channel\/UCsTJxi_9fODHdO_1bmJbqvQ","https:\/\/www.tiktok.com\/shezamme.com"]}]}},"brands":[{"id":890,"name":"Louis Vuitton","slug":"louis-vuitton"}],"_links":{"self":[{"href":"https:\/\/shezamme.com\/en\/wp-json\/wp\/v2\/product\/28577","targetHints":{"allow":["GET"]}}],"collection":[{"href":"https:\/\/shezamme.com\/en\/wp-json\/wp\/v2\/product"}],"about":[{"href":"https:\/\/shezamme.com\/en\/wp-json\/wp\/v2\/types\/product"}],"wp:featuredmedia":[{"embeddable":true,"href":"https:\/\/shezamme.com\/en\/wp-json\/wp\/v2\/media\/28588"}],"wp:attachment":[{"href":"https:\/\/shezamme.com\/en\/wp-json\/wp\/v2\/media?parent=28577"}],"wp:term":[{"taxonomy":"pwb-brand","embeddable":true,"href":"https:\/\/shezamme.com\/en\/wp-json\/wp\/v2\/pwb-brand?post=28577"},{"taxonomy":"product_brand","embeddable":true,"href":"https:\/\/shezamme.com\/en\/wp-json\/wp\/v2\/product_brand?post=28577"},{"taxonomy":"product_cat","embeddable":true,"href":"https:\/\/shezamme.com\/en\/wp-json\/wp\/v2\/product_cat?post=28577"},{"taxonomy":"product_tag","embeddable":true,"href":"https:\/\/shezamme.com\/en\/wp-json\/wp\/v2\/product_tag?post=28577"}],"curies":[{"name":"wp","href":"https:\/\/api.w.org\/{rel}","templated":true}]}}