{"id":27949,"date":"2023-05-16T12:13:31","date_gmt":"2023-05-16T10:13:31","guid":{"rendered":"https:\/\/shezamme.com\/?post_type=product&#038;p=27949"},"modified":"2025-03-15T16:57:18","modified_gmt":"2025-03-15T15:57:18","slug":"air-jordan-3-retro-white-cement-reimagined-td","status":"publish","type":"product","link":"https:\/\/shezamme.com\/en\/sklep\/buty\/kids\/air-jordan-kids\/air-jordan-3-retro-white-cement-reimagined-td\/","title":{"rendered":"Air Jordan 3 Retro White Cement Reimagined (TD)"},"content":{"rendered":"<h2 data-start=\"0\" data-end=\"46\">Klasyczna sylwetka w najmniejszym wydaniu<\/h2>\n<p data-start=\"48\" data-end=\"313\">Air Jordan 3 Retro &#8222;White Cement Reimagined&#8221; (TD) to miniaturowa wersja kultowego modelu, zachowuj\u0105ca wszystkie ikoniczne detale. Sk\u00f3rzana cholewka z efektem postarzenia, elephant print na panelach bocznych i czerwone akcenty Jumpman nadaj\u0105 butom retro charakter.<\/p>\n<h2 data-start=\"315\" data-end=\"365\">Komfort i \u0142atwo\u015b\u0107 zak\u0142adania dla najm\u0142odszych<\/h2>\n<p data-start=\"367\" data-end=\"607\" data-is-last-node=\"\" data-is-only-node=\"\">Mi\u0119kka wk\u0142adka zapewnia wygod\u0119 ma\u0142ym stopom, a gumowa podeszwa gwarantuje stabilno\u015b\u0107 i przyczepno\u015b\u0107. Dzi\u0119ki elastycznym sznur\u00f3wkom model ten jest \u0142atwy do zak\u0142adania, co czyni go idealnym wyborem dla najm\u0142odszych fan\u00f3w sneakersowej klasyki.<\/p>","protected":false},"excerpt":{"rendered":"<h2 data-start=\"0\" data-end=\"43\">Kultowy styl w wersji dla najm\u0142odszych<\/h2>\n<p data-start=\"45\" data-end=\"359\" data-is-last-node=\"\" data-is-only-node=\"\">Air Jordan 3 Retro &#8222;White Cement Reimagined&#8221; (TD) to klasyczna sylwetka w dzieci\u0119cym wydaniu. Sk\u00f3rzana cholewka z efektem postarzenia, elephant print na panelach bocznych i czerwone detale Jumpman nadaj\u0105 butom ponadczasowy charakter. Mi\u0119kka wk\u0142adka i elastyczne sznur\u00f3wki zapewniaj\u0105 wygod\u0119 oraz \u0142atwo\u015b\u0107 zak\u0142adania.<\/p>","protected":false},"featured_media":27959,"template":"","meta":{"_acf_changed":false,"_yoast_wpseo_focuskw":"Air Jordan 3 Retro White Cement Reimagined (TD)","_yoast_wpseo_title":"","_yoast_wpseo_metadesc":""},"pwb-brand":[749],"product_brand":[],"product_cat":[16,505,900,93,906],"product_tag":[1008,1009],"class_list":{"0":"post-27949","1":"product","2":"type-product","3":"status-publish","4":"has-post-thumbnail","6":"pwb-brand-air-jordan","7":"product_cat-buty","8":"product_cat-kids","9":"product_cat-air-jordan-kids","10":"product_cat-nike","11":"product_cat-wszystkie-buty-kids","12":"product_tag-kobieta","13":"product_tag-mezczyzna","15":"first","16":"onbackorder","17":"taxable","18":"shipping-taxable","19":"purchasable","20":"product-type-variable"},"acf":[],"yoast_head":"<!-- This site is optimized with the Yoast SEO plugin v27.2 - https:\/\/yoast.com\/product\/yoast-seo-wordpress\/ -->\n<title>Air Jordan 3 Retro White Cement Reimagined (TD) - SHEZAMME<\/title>\n<meta name=\"description\" content=\"Air Jordan 3 Retro White Cement Reimagined (TD) | Luksusowe i autentyczne przedmioty w jednym miejscu. B\u0105d\u017a na bie\u017c\u0105co i sprawd\u017a nasz\u0105 ofert\u0119 ju\u017c teraz\" \/>\n<meta name=\"robots\" content=\"index, follow, max-snippet:-1, max-image-preview:large, max-video-preview:-1\" \/>\n<link rel=\"canonical\" href=\"https:\/\/shezamme.com\/en\/sklep\/sneakers-2\/kids\/air-jordan-kids\/air-jordan-3-retro-white-cement-reimagined-td\/\" \/>\n<meta property=\"og:locale\" content=\"en_US\" \/>\n<meta property=\"og:type\" content=\"article\" \/>\n<meta property=\"og:title\" content=\"Air Jordan 3 Retro White Cement Reimagined (TD) - SHEZAMME\" \/>\n<meta property=\"og:description\" content=\"Air Jordan 3 Retro White Cement Reimagined (TD) | Luksusowe i autentyczne przedmioty w jednym miejscu. B\u0105d\u017a na bie\u017c\u0105co i sprawd\u017a nasz\u0105 ofert\u0119 ju\u017c teraz\" \/>\n<meta property=\"og:url\" content=\"https:\/\/shezamme.com\/en\/sklep\/sneakers-2\/kids\/air-jordan-kids\/air-jordan-3-retro-white-cement-reimagined-td\/\" \/>\n<meta property=\"og:site_name\" content=\"SHEZAMME - Yeezy, Jordan, Supreme i inne oryginalne rzeczy\" \/>\n<meta property=\"article:publisher\" content=\"https:\/\/www.facebook.com\/SHEZAMME\/\" \/>\n<meta property=\"article:modified_time\" content=\"2025-03-15T15:57:18+00:00\" \/>\n<meta property=\"og:image\" content=\"https:\/\/shezamme.com\/wp-content\/uploads\/2023\/05\/IMG_0198-2.jpg\" \/>\n\t<meta property=\"og:image:width\" content=\"1170\" \/>\n\t<meta property=\"og:image:height\" content=\"1160\" \/>\n\t<meta property=\"og:image:type\" content=\"image\/jpeg\" \/>\n<meta name=\"twitter:card\" content=\"summary_large_image\" \/>\n<meta name=\"twitter:site\" content=\"@SHEZAMME\" \/>\n<script type=\"application\/ld+json\" class=\"yoast-schema-graph\">{\"@context\":\"https:\/\/schema.org\",\"@graph\":[{\"@type\":\"WebPage\",\"@id\":\"https:\/\/shezamme.com\/sklep\/buty\/kids\/air-jordan-kids\/air-jordan-3-retro-white-cement-reimagined-td\/\",\"url\":\"https:\/\/shezamme.com\/sklep\/buty\/kids\/air-jordan-kids\/air-jordan-3-retro-white-cement-reimagined-td\/\",\"name\":\"Air Jordan 3 Retro White Cement Reimagined (TD) - SHEZAMME\",\"isPartOf\":{\"@id\":\"https:\/\/shezamme.com\/#website\"},\"primaryImageOfPage\":{\"@id\":\"https:\/\/shezamme.com\/sklep\/buty\/kids\/air-jordan-kids\/air-jordan-3-retro-white-cement-reimagined-td\/#primaryimage\"},\"image\":{\"@id\":\"https:\/\/shezamme.com\/sklep\/buty\/kids\/air-jordan-kids\/air-jordan-3-retro-white-cement-reimagined-td\/#primaryimage\"},\"thumbnailUrl\":\"https:\/\/shezamme.com\/wp-content\/uploads\/2023\/05\/IMG_0198-2.jpg\",\"datePublished\":\"2023-05-16T10:13:31+00:00\",\"dateModified\":\"2025-03-15T15:57:18+00:00\",\"description\":\"Air Jordan 3 Retro White Cement Reimagined (TD) | Luksusowe i autentyczne przedmioty w jednym miejscu. B\u0105d\u017a na bie\u017c\u0105co i sprawd\u017a nasz\u0105 ofert\u0119 ju\u017c teraz\",\"breadcrumb\":{\"@id\":\"https:\/\/shezamme.com\/sklep\/buty\/kids\/air-jordan-kids\/air-jordan-3-retro-white-cement-reimagined-td\/#breadcrumb\"},\"inLanguage\":\"en-US\",\"potentialAction\":[{\"@type\":\"ReadAction\",\"target\":[\"https:\/\/shezamme.com\/sklep\/buty\/kids\/air-jordan-kids\/air-jordan-3-retro-white-cement-reimagined-td\/\"]}]},{\"@type\":\"ImageObject\",\"inLanguage\":\"en-US\",\"@id\":\"https:\/\/shezamme.com\/sklep\/buty\/kids\/air-jordan-kids\/air-jordan-3-retro-white-cement-reimagined-td\/#primaryimage\",\"url\":\"https:\/\/shezamme.com\/wp-content\/uploads\/2023\/05\/IMG_0198-2.jpg\",\"contentUrl\":\"https:\/\/shezamme.com\/wp-content\/uploads\/2023\/05\/IMG_0198-2.jpg\",\"width\":1170,\"height\":1160,\"caption\":\"Air Jordan 3 Retro White Cement Reimagined (TD)\"},{\"@type\":\"BreadcrumbList\",\"@id\":\"https:\/\/shezamme.com\/sklep\/buty\/kids\/air-jordan-kids\/air-jordan-3-retro-white-cement-reimagined-td\/#breadcrumb\",\"itemListElement\":[{\"@type\":\"ListItem\",\"position\":1,\"name\":\"Strona g\u0142\u00f3wna\",\"item\":\"https:\/\/shezamme.com\/\"},{\"@type\":\"ListItem\",\"position\":2,\"name\":\"Sklep\",\"item\":\"https:\/\/shezamme.com\/sklep\/\"},{\"@type\":\"ListItem\",\"position\":3,\"name\":\"Air Jordan 3 Retro White Cement Reimagined (TD)\"}]},{\"@type\":\"WebSite\",\"@id\":\"https:\/\/shezamme.com\/#website\",\"url\":\"https:\/\/shezamme.com\/\",\"name\":\"SHEZAMME - Sneakersy, Streetwear i luksusowe marki\",\"description\":\"Oryginalne i ekskluzywne przedmioty w jednym miejscu. Sprawd\u017a nasze produkty ju\u017c teraz i b\u0105d\u017a na bie\u017c\u0105co z wszystkimi premierami.\",\"publisher\":{\"@id\":\"https:\/\/shezamme.com\/#organization\"},\"potentialAction\":[{\"@type\":\"SearchAction\",\"target\":{\"@type\":\"EntryPoint\",\"urlTemplate\":\"https:\/\/shezamme.com\/?s={search_term_string}\"},\"query-input\":{\"@type\":\"PropertyValueSpecification\",\"valueRequired\":true,\"valueName\":\"search_term_string\"}}],\"inLanguage\":\"en-US\"},{\"@type\":\"Organization\",\"@id\":\"https:\/\/shezamme.com\/#organization\",\"name\":\"SHEZAMME - Sneakersy, Streetwear i luksusowe marki\",\"url\":\"https:\/\/shezamme.com\/\",\"logo\":{\"@type\":\"ImageObject\",\"inLanguage\":\"en-US\",\"@id\":\"https:\/\/shezamme.com\/#\/schema\/logo\/image\/\",\"url\":\"https:\/\/shezamme.com\/wp-content\/uploads\/2023\/02\/0x0.png\",\"contentUrl\":\"https:\/\/shezamme.com\/wp-content\/uploads\/2023\/02\/0x0.png\",\"width\":2000,\"height\":2000,\"caption\":\"SHEZAMME - Sneakersy, Streetwear i luksusowe marki\"},\"image\":{\"@id\":\"https:\/\/shezamme.com\/#\/schema\/logo\/image\/\"},\"sameAs\":[\"https:\/\/www.facebook.com\/SHEZAMME\/\",\"https:\/\/x.com\/SHEZAMME\",\"https:\/\/www.instagram.com\/shezamme\/\",\"https:\/\/www.youtube.com\/channel\/UCsTJxi_9fODHdO_1bmJbqvQ\",\"https:\/\/www.tiktok.com\/shezamme.com\"]}]}<\/script>\n<!-- \/ Yoast SEO plugin. -->","yoast_head_json":{"title":"Air Jordan 3 Retro White Cement Reimagined (TD) - SHEZAMME","description":"Air Jordan 3 Retro White Cement Reimagined (TD) | Luksusowe i autentyczne przedmioty w jednym miejscu. B\u0105d\u017a na bie\u017c\u0105co i sprawd\u017a nasz\u0105 ofert\u0119 ju\u017c teraz","robots":{"index":"index","follow":"follow","max-snippet":"max-snippet:-1","max-image-preview":"max-image-preview:large","max-video-preview":"max-video-preview:-1"},"canonical":"https:\/\/shezamme.com\/en\/sklep\/sneakers-2\/kids\/air-jordan-kids\/air-jordan-3-retro-white-cement-reimagined-td\/","og_locale":"en_US","og_type":"article","og_title":"Air Jordan 3 Retro White Cement Reimagined (TD) - SHEZAMME","og_description":"Air Jordan 3 Retro White Cement Reimagined (TD) | Luksusowe i autentyczne przedmioty w jednym miejscu. B\u0105d\u017a na bie\u017c\u0105co i sprawd\u017a nasz\u0105 ofert\u0119 ju\u017c teraz","og_url":"https:\/\/shezamme.com\/en\/sklep\/sneakers-2\/kids\/air-jordan-kids\/air-jordan-3-retro-white-cement-reimagined-td\/","og_site_name":"SHEZAMME - Yeezy, Jordan, Supreme i inne oryginalne rzeczy","article_publisher":"https:\/\/www.facebook.com\/SHEZAMME\/","article_modified_time":"2025-03-15T15:57:18+00:00","og_image":[{"width":1170,"height":1160,"url":"https:\/\/shezamme.com\/wp-content\/uploads\/2023\/05\/IMG_0198-2.jpg","type":"image\/jpeg"}],"twitter_card":"summary_large_image","twitter_site":"@SHEZAMME","schema":{"@context":"https:\/\/schema.org","@graph":[{"@type":"WebPage","@id":"https:\/\/shezamme.com\/sklep\/buty\/kids\/air-jordan-kids\/air-jordan-3-retro-white-cement-reimagined-td\/","url":"https:\/\/shezamme.com\/sklep\/buty\/kids\/air-jordan-kids\/air-jordan-3-retro-white-cement-reimagined-td\/","name":"Air Jordan 3 Retro White Cement Reimagined (TD) - SHEZAMME","isPartOf":{"@id":"https:\/\/shezamme.com\/#website"},"primaryImageOfPage":{"@id":"https:\/\/shezamme.com\/sklep\/buty\/kids\/air-jordan-kids\/air-jordan-3-retro-white-cement-reimagined-td\/#primaryimage"},"image":{"@id":"https:\/\/shezamme.com\/sklep\/buty\/kids\/air-jordan-kids\/air-jordan-3-retro-white-cement-reimagined-td\/#primaryimage"},"thumbnailUrl":"https:\/\/shezamme.com\/wp-content\/uploads\/2023\/05\/IMG_0198-2.jpg","datePublished":"2023-05-16T10:13:31+00:00","dateModified":"2025-03-15T15:57:18+00:00","description":"Air Jordan 3 Retro White Cement Reimagined (TD) | Luksusowe i autentyczne przedmioty w jednym miejscu. B\u0105d\u017a na bie\u017c\u0105co i sprawd\u017a nasz\u0105 ofert\u0119 ju\u017c teraz","breadcrumb":{"@id":"https:\/\/shezamme.com\/sklep\/buty\/kids\/air-jordan-kids\/air-jordan-3-retro-white-cement-reimagined-td\/#breadcrumb"},"inLanguage":"en-US","potentialAction":[{"@type":"ReadAction","target":["https:\/\/shezamme.com\/sklep\/buty\/kids\/air-jordan-kids\/air-jordan-3-retro-white-cement-reimagined-td\/"]}]},{"@type":"ImageObject","inLanguage":"en-US","@id":"https:\/\/shezamme.com\/sklep\/buty\/kids\/air-jordan-kids\/air-jordan-3-retro-white-cement-reimagined-td\/#primaryimage","url":"https:\/\/shezamme.com\/wp-content\/uploads\/2023\/05\/IMG_0198-2.jpg","contentUrl":"https:\/\/shezamme.com\/wp-content\/uploads\/2023\/05\/IMG_0198-2.jpg","width":1170,"height":1160,"caption":"Air Jordan 3 Retro White Cement Reimagined (TD)"},{"@type":"BreadcrumbList","@id":"https:\/\/shezamme.com\/sklep\/buty\/kids\/air-jordan-kids\/air-jordan-3-retro-white-cement-reimagined-td\/#breadcrumb","itemListElement":[{"@type":"ListItem","position":1,"name":"Strona g\u0142\u00f3wna","item":"https:\/\/shezamme.com\/"},{"@type":"ListItem","position":2,"name":"Sklep","item":"https:\/\/shezamme.com\/sklep\/"},{"@type":"ListItem","position":3,"name":"Air Jordan 3 Retro White Cement Reimagined (TD)"}]},{"@type":"WebSite","@id":"https:\/\/shezamme.com\/#website","url":"https:\/\/shezamme.com\/","name":"SHEZAMME - Sneakers, Streetwear and luxury brands","description":"Original and exclusive items in one place. Check out our products now and stay up to date with all launches.","publisher":{"@id":"https:\/\/shezamme.com\/#organization"},"potentialAction":[{"@type":"SearchAction","target":{"@type":"EntryPoint","urlTemplate":"https:\/\/shezamme.com\/?s={search_term_string}"},"query-input":{"@type":"PropertyValueSpecification","valueRequired":true,"valueName":"search_term_string"}}],"inLanguage":"en-US"},{"@type":"Organization","@id":"https:\/\/shezamme.com\/#organization","name":"SHEZAMME - Sneakers, Streetwear and luxury brands","url":"https:\/\/shezamme.com\/","logo":{"@type":"ImageObject","inLanguage":"en-US","@id":"https:\/\/shezamme.com\/#\/schema\/logo\/image\/","url":"https:\/\/shezamme.com\/wp-content\/uploads\/2023\/02\/0x0.png","contentUrl":"https:\/\/shezamme.com\/wp-content\/uploads\/2023\/02\/0x0.png","width":2000,"height":2000,"caption":"SHEZAMME - Sneakersy, Streetwear i luksusowe marki"},"image":{"@id":"https:\/\/shezamme.com\/#\/schema\/logo\/image\/"},"sameAs":["https:\/\/www.facebook.com\/SHEZAMME\/","https:\/\/x.com\/SHEZAMME","https:\/\/www.instagram.com\/shezamme\/","https:\/\/www.youtube.com\/channel\/UCsTJxi_9fODHdO_1bmJbqvQ","https:\/\/www.tiktok.com\/shezamme.com"]}]}},"brands":[{"id":749,"name":"Jordan","slug":"air-jordan"}],"_links":{"self":[{"href":"https:\/\/shezamme.com\/en\/wp-json\/wp\/v2\/product\/27949","targetHints":{"allow":["GET"]}}],"collection":[{"href":"https:\/\/shezamme.com\/en\/wp-json\/wp\/v2\/product"}],"about":[{"href":"https:\/\/shezamme.com\/en\/wp-json\/wp\/v2\/types\/product"}],"wp:featuredmedia":[{"embeddable":true,"href":"https:\/\/shezamme.com\/en\/wp-json\/wp\/v2\/media\/27959"}],"wp:attachment":[{"href":"https:\/\/shezamme.com\/en\/wp-json\/wp\/v2\/media?parent=27949"}],"wp:term":[{"taxonomy":"pwb-brand","embeddable":true,"href":"https:\/\/shezamme.com\/en\/wp-json\/wp\/v2\/pwb-brand?post=27949"},{"taxonomy":"product_brand","embeddable":true,"href":"https:\/\/shezamme.com\/en\/wp-json\/wp\/v2\/product_brand?post=27949"},{"taxonomy":"product_cat","embeddable":true,"href":"https:\/\/shezamme.com\/en\/wp-json\/wp\/v2\/product_cat?post=27949"},{"taxonomy":"product_tag","embeddable":true,"href":"https:\/\/shezamme.com\/en\/wp-json\/wp\/v2\/product_tag?post=27949"}],"curies":[{"name":"wp","href":"https:\/\/api.w.org\/{rel}","templated":true}]}}