{"id":27903,"date":"2023-05-16T11:51:27","date_gmt":"2023-05-16T09:51:27","guid":{"rendered":"https:\/\/shezamme.com\/?post_type=product&#038;p=27903"},"modified":"2025-03-17T23:33:29","modified_gmt":"2025-03-17T22:33:29","slug":"travis-scott-x-air-jordan-1-low-og-sp-olive-td","status":"publish","type":"product","link":"https:\/\/shezamme.com\/en\/sklep\/buty\/kids\/air-jordan-kids\/travis-scott-x-air-jordan-1-low-og-sp-olive-td\/","title":{"rendered":"Travis Scott x Air Jordan 1  Low OG SP Olive (TD)"},"content":{"rendered":"<h2 data-start=\"0\" data-end=\"60\">Ikoniczny styl Travisa Scotta w wersji dla najm\u0142odszych<\/h2>\n<p data-start=\"62\" data-end=\"383\">Travis Scott x Air Jordan 1 Low OG SP \u201eOlive\u201d (TD) to dzieci\u0119ca ods\u0142ona kultowej kolaboracji, \u0142\u0105cz\u0105ca streetwearowy charakter z wygod\u0105. Cholewka z zamszu i sk\u00f3ry naturalnej w czarno-oliwkowej kolorystyce podkre\u015bla unikalny styl modelu, a odwr\u00f3cony Swoosh i haftowane logo Cactus Jack nadaj\u0105 mu charakterystyczny wygl\u0105d.<\/p>\n<h2 data-start=\"385\" data-end=\"422\">Komfort i trwa\u0142o\u015b\u0107 na ma\u0142e kroki<\/h2>\n<p data-start=\"424\" data-end=\"668\" data-is-last-node=\"\" data-is-only-node=\"\">Gumowa podeszwa zapewnia przyczepno\u015b\u0107 i trwa\u0142o\u015b\u0107, a amortyzuj\u0105ca wk\u0142adka dba o wygod\u0119 najm\u0142odszych. Klasyczne sznurowanie gwarantuje dopasowanie, sprawiaj\u0105c, \u017ce ten model to idealne po\u0142\u0105czenie ekskluzywnego designu i codziennej funkcjonalno\u015bci.<\/p>","protected":false},"excerpt":{"rendered":"<h2 data-start=\"0\" data-end=\"50\">Styl Travisa Scotta w wersji dla najm\u0142odszych<\/h2>\n<p data-start=\"52\" data-end=\"387\" data-is-last-node=\"\" data-is-only-node=\"\">Travis Scott x Air Jordan 1 Low OG SP \u201eOlive\u201d (TD) to wyj\u0105tkowy model dla ma\u0142ych sneakerhead\u00f3w. Zamszowo-sk\u00f3rzana cholewka w oliwkowej tonacji, charakterystyczny odwr\u00f3cony Swoosh i haftowane detale Cactus Jack nadaj\u0105 mu unikalny wygl\u0105d. Dzi\u0119ki gumowej podeszwie i amortyzuj\u0105cej wk\u0142adce buty zapewniaj\u0105 wygod\u0119 oraz trwa\u0142o\u015b\u0107 na co dzie\u0144.<\/p>","protected":false},"featured_media":27916,"template":"","meta":{"_acf_changed":false},"pwb-brand":[749],"product_brand":[],"product_cat":[16,505,900,93,906],"product_tag":[1008,1009],"class_list":{"0":"post-27903","1":"product","2":"type-product","3":"status-publish","4":"has-post-thumbnail","6":"pwb-brand-air-jordan","7":"product_cat-buty","8":"product_cat-kids","9":"product_cat-air-jordan-kids","10":"product_cat-nike","11":"product_cat-wszystkie-buty-kids","12":"product_tag-kobieta","13":"product_tag-mezczyzna","15":"first","16":"onbackorder","17":"taxable","18":"shipping-taxable","19":"purchasable","20":"product-type-variable"},"acf":[],"yoast_head":"<!-- This site is optimized with the Yoast SEO plugin v27.2 - https:\/\/yoast.com\/product\/yoast-seo-wordpress\/ -->\n<title>Travis Scott x Air Jordan 1 Low OG SP Olive (TD) - SHEZAMME<\/title>\n<meta name=\"description\" content=\"Travis Scott x Air Jordan 1 Low OG SP Olive (TD) | Luksusowe i autentyczne przedmioty w jednym miejscu. B\u0105d\u017a na bie\u017c\u0105co i sprawd\u017a nasz\u0105 ofert\u0119 ju\u017c teraz\" \/>\n<meta name=\"robots\" content=\"index, follow, max-snippet:-1, max-image-preview:large, max-video-preview:-1\" \/>\n<link rel=\"canonical\" href=\"https:\/\/shezamme.com\/en\/sklep\/sneakers-2\/kids\/air-jordan-kids\/travis-scott-x-air-jordan-1-low-og-sp-olive-td\/\" \/>\n<meta property=\"og:locale\" content=\"en_US\" \/>\n<meta property=\"og:type\" content=\"article\" \/>\n<meta property=\"og:title\" content=\"Travis Scott x Air Jordan 1 Low OG SP Olive (TD) - SHEZAMME\" \/>\n<meta property=\"og:description\" content=\"Travis Scott x Air Jordan 1 Low OG SP Olive (TD) | Luksusowe i autentyczne przedmioty w jednym miejscu. B\u0105d\u017a na bie\u017c\u0105co i sprawd\u017a nasz\u0105 ofert\u0119 ju\u017c teraz\" \/>\n<meta property=\"og:url\" content=\"https:\/\/shezamme.com\/en\/sklep\/sneakers-2\/kids\/air-jordan-kids\/travis-scott-x-air-jordan-1-low-og-sp-olive-td\/\" \/>\n<meta property=\"og:site_name\" content=\"SHEZAMME - Yeezy, Jordan, Supreme i inne oryginalne rzeczy\" \/>\n<meta property=\"article:publisher\" content=\"https:\/\/www.facebook.com\/SHEZAMME\/\" \/>\n<meta property=\"article:modified_time\" content=\"2025-03-17T22:33:29+00:00\" \/>\n<meta property=\"og:image\" content=\"https:\/\/shezamme.com\/wp-content\/uploads\/2023\/05\/IMG_0186.jpg\" \/>\n\t<meta property=\"og:image:width\" content=\"1170\" \/>\n\t<meta property=\"og:image:height\" content=\"1111\" \/>\n\t<meta property=\"og:image:type\" content=\"image\/jpeg\" \/>\n<meta name=\"twitter:card\" content=\"summary_large_image\" \/>\n<meta name=\"twitter:site\" content=\"@SHEZAMME\" \/>\n<meta name=\"twitter:label1\" content=\"Est. reading time\" \/>\n\t<meta name=\"twitter:data1\" content=\"1 minute\" \/>\n<script type=\"application\/ld+json\" class=\"yoast-schema-graph\">{\"@context\":\"https:\/\/schema.org\",\"@graph\":[{\"@type\":\"WebPage\",\"@id\":\"https:\/\/shezamme.com\/sklep\/buty\/kids\/air-jordan-kids\/travis-scott-x-air-jordan-1-low-og-sp-olive-td\/\",\"url\":\"https:\/\/shezamme.com\/sklep\/buty\/kids\/air-jordan-kids\/travis-scott-x-air-jordan-1-low-og-sp-olive-td\/\",\"name\":\"Travis Scott x Air Jordan 1 Low OG SP Olive (TD) - SHEZAMME\",\"isPartOf\":{\"@id\":\"https:\/\/shezamme.com\/#website\"},\"primaryImageOfPage\":{\"@id\":\"https:\/\/shezamme.com\/sklep\/buty\/kids\/air-jordan-kids\/travis-scott-x-air-jordan-1-low-og-sp-olive-td\/#primaryimage\"},\"image\":{\"@id\":\"https:\/\/shezamme.com\/sklep\/buty\/kids\/air-jordan-kids\/travis-scott-x-air-jordan-1-low-og-sp-olive-td\/#primaryimage\"},\"thumbnailUrl\":\"https:\/\/shezamme.com\/wp-content\/uploads\/2023\/05\/IMG_0186.jpg\",\"datePublished\":\"2023-05-16T09:51:27+00:00\",\"dateModified\":\"2025-03-17T22:33:29+00:00\",\"description\":\"Travis Scott x Air Jordan 1 Low OG SP Olive (TD) | Luksusowe i autentyczne przedmioty w jednym miejscu. B\u0105d\u017a na bie\u017c\u0105co i sprawd\u017a nasz\u0105 ofert\u0119 ju\u017c teraz\",\"breadcrumb\":{\"@id\":\"https:\/\/shezamme.com\/sklep\/buty\/kids\/air-jordan-kids\/travis-scott-x-air-jordan-1-low-og-sp-olive-td\/#breadcrumb\"},\"inLanguage\":\"en-US\",\"potentialAction\":[{\"@type\":\"ReadAction\",\"target\":[\"https:\/\/shezamme.com\/sklep\/buty\/kids\/air-jordan-kids\/travis-scott-x-air-jordan-1-low-og-sp-olive-td\/\"]}]},{\"@type\":\"ImageObject\",\"inLanguage\":\"en-US\",\"@id\":\"https:\/\/shezamme.com\/sklep\/buty\/kids\/air-jordan-kids\/travis-scott-x-air-jordan-1-low-og-sp-olive-td\/#primaryimage\",\"url\":\"https:\/\/shezamme.com\/wp-content\/uploads\/2023\/05\/IMG_0186.jpg\",\"contentUrl\":\"https:\/\/shezamme.com\/wp-content\/uploads\/2023\/05\/IMG_0186.jpg\",\"width\":1170,\"height\":1111,\"caption\":\"Travis Scott x Air Jordan 1 Low OG SP Olive (TD)\"},{\"@type\":\"BreadcrumbList\",\"@id\":\"https:\/\/shezamme.com\/sklep\/buty\/kids\/air-jordan-kids\/travis-scott-x-air-jordan-1-low-og-sp-olive-td\/#breadcrumb\",\"itemListElement\":[{\"@type\":\"ListItem\",\"position\":1,\"name\":\"Strona g\u0142\u00f3wna\",\"item\":\"https:\/\/shezamme.com\/\"},{\"@type\":\"ListItem\",\"position\":2,\"name\":\"Sklep\",\"item\":\"https:\/\/shezamme.com\/sklep\/\"},{\"@type\":\"ListItem\",\"position\":3,\"name\":\"Travis Scott x Air Jordan 1 Low OG SP Olive (TD)\"}]},{\"@type\":\"WebSite\",\"@id\":\"https:\/\/shezamme.com\/#website\",\"url\":\"https:\/\/shezamme.com\/\",\"name\":\"SHEZAMME - Sneakersy, Streetwear i luksusowe marki\",\"description\":\"Oryginalne i ekskluzywne przedmioty w jednym miejscu. Sprawd\u017a nasze produkty ju\u017c teraz i b\u0105d\u017a na bie\u017c\u0105co z wszystkimi premierami.\",\"publisher\":{\"@id\":\"https:\/\/shezamme.com\/#organization\"},\"potentialAction\":[{\"@type\":\"SearchAction\",\"target\":{\"@type\":\"EntryPoint\",\"urlTemplate\":\"https:\/\/shezamme.com\/?s={search_term_string}\"},\"query-input\":{\"@type\":\"PropertyValueSpecification\",\"valueRequired\":true,\"valueName\":\"search_term_string\"}}],\"inLanguage\":\"en-US\"},{\"@type\":\"Organization\",\"@id\":\"https:\/\/shezamme.com\/#organization\",\"name\":\"SHEZAMME - Sneakersy, Streetwear i luksusowe marki\",\"url\":\"https:\/\/shezamme.com\/\",\"logo\":{\"@type\":\"ImageObject\",\"inLanguage\":\"en-US\",\"@id\":\"https:\/\/shezamme.com\/#\/schema\/logo\/image\/\",\"url\":\"https:\/\/shezamme.com\/wp-content\/uploads\/2023\/02\/0x0.png\",\"contentUrl\":\"https:\/\/shezamme.com\/wp-content\/uploads\/2023\/02\/0x0.png\",\"width\":2000,\"height\":2000,\"caption\":\"SHEZAMME - Sneakersy, Streetwear i luksusowe marki\"},\"image\":{\"@id\":\"https:\/\/shezamme.com\/#\/schema\/logo\/image\/\"},\"sameAs\":[\"https:\/\/www.facebook.com\/SHEZAMME\/\",\"https:\/\/x.com\/SHEZAMME\",\"https:\/\/www.instagram.com\/shezamme\/\",\"https:\/\/www.youtube.com\/channel\/UCsTJxi_9fODHdO_1bmJbqvQ\",\"https:\/\/www.tiktok.com\/shezamme.com\"]}]}<\/script>\n<!-- \/ Yoast SEO plugin. -->","yoast_head_json":{"title":"Travis Scott x Air Jordan 1 Low OG SP Olive (TD) - SHEZAMME","description":"Travis Scott x Air Jordan 1 Low OG SP Olive (TD) | Luksusowe i autentyczne przedmioty w jednym miejscu. B\u0105d\u017a na bie\u017c\u0105co i sprawd\u017a nasz\u0105 ofert\u0119 ju\u017c teraz","robots":{"index":"index","follow":"follow","max-snippet":"max-snippet:-1","max-image-preview":"max-image-preview:large","max-video-preview":"max-video-preview:-1"},"canonical":"https:\/\/shezamme.com\/en\/sklep\/sneakers-2\/kids\/air-jordan-kids\/travis-scott-x-air-jordan-1-low-og-sp-olive-td\/","og_locale":"en_US","og_type":"article","og_title":"Travis Scott x Air Jordan 1 Low OG SP Olive (TD) - SHEZAMME","og_description":"Travis Scott x Air Jordan 1 Low OG SP Olive (TD) | Luksusowe i autentyczne przedmioty w jednym miejscu. B\u0105d\u017a na bie\u017c\u0105co i sprawd\u017a nasz\u0105 ofert\u0119 ju\u017c teraz","og_url":"https:\/\/shezamme.com\/en\/sklep\/sneakers-2\/kids\/air-jordan-kids\/travis-scott-x-air-jordan-1-low-og-sp-olive-td\/","og_site_name":"SHEZAMME - Yeezy, Jordan, Supreme i inne oryginalne rzeczy","article_publisher":"https:\/\/www.facebook.com\/SHEZAMME\/","article_modified_time":"2025-03-17T22:33:29+00:00","og_image":[{"width":1170,"height":1111,"url":"https:\/\/shezamme.com\/wp-content\/uploads\/2023\/05\/IMG_0186.jpg","type":"image\/jpeg"}],"twitter_card":"summary_large_image","twitter_site":"@SHEZAMME","twitter_misc":{"Est. reading time":"1 minute"},"schema":{"@context":"https:\/\/schema.org","@graph":[{"@type":"WebPage","@id":"https:\/\/shezamme.com\/sklep\/buty\/kids\/air-jordan-kids\/travis-scott-x-air-jordan-1-low-og-sp-olive-td\/","url":"https:\/\/shezamme.com\/sklep\/buty\/kids\/air-jordan-kids\/travis-scott-x-air-jordan-1-low-og-sp-olive-td\/","name":"Travis Scott x Air Jordan 1 Low OG SP Olive (TD) - SHEZAMME","isPartOf":{"@id":"https:\/\/shezamme.com\/#website"},"primaryImageOfPage":{"@id":"https:\/\/shezamme.com\/sklep\/buty\/kids\/air-jordan-kids\/travis-scott-x-air-jordan-1-low-og-sp-olive-td\/#primaryimage"},"image":{"@id":"https:\/\/shezamme.com\/sklep\/buty\/kids\/air-jordan-kids\/travis-scott-x-air-jordan-1-low-og-sp-olive-td\/#primaryimage"},"thumbnailUrl":"https:\/\/shezamme.com\/wp-content\/uploads\/2023\/05\/IMG_0186.jpg","datePublished":"2023-05-16T09:51:27+00:00","dateModified":"2025-03-17T22:33:29+00:00","description":"Travis Scott x Air Jordan 1 Low OG SP Olive (TD) | Luksusowe i autentyczne przedmioty w jednym miejscu. B\u0105d\u017a na bie\u017c\u0105co i sprawd\u017a nasz\u0105 ofert\u0119 ju\u017c teraz","breadcrumb":{"@id":"https:\/\/shezamme.com\/sklep\/buty\/kids\/air-jordan-kids\/travis-scott-x-air-jordan-1-low-og-sp-olive-td\/#breadcrumb"},"inLanguage":"en-US","potentialAction":[{"@type":"ReadAction","target":["https:\/\/shezamme.com\/sklep\/buty\/kids\/air-jordan-kids\/travis-scott-x-air-jordan-1-low-og-sp-olive-td\/"]}]},{"@type":"ImageObject","inLanguage":"en-US","@id":"https:\/\/shezamme.com\/sklep\/buty\/kids\/air-jordan-kids\/travis-scott-x-air-jordan-1-low-og-sp-olive-td\/#primaryimage","url":"https:\/\/shezamme.com\/wp-content\/uploads\/2023\/05\/IMG_0186.jpg","contentUrl":"https:\/\/shezamme.com\/wp-content\/uploads\/2023\/05\/IMG_0186.jpg","width":1170,"height":1111,"caption":"Travis Scott x Air Jordan 1 Low OG SP Olive (TD)"},{"@type":"BreadcrumbList","@id":"https:\/\/shezamme.com\/sklep\/buty\/kids\/air-jordan-kids\/travis-scott-x-air-jordan-1-low-og-sp-olive-td\/#breadcrumb","itemListElement":[{"@type":"ListItem","position":1,"name":"Strona g\u0142\u00f3wna","item":"https:\/\/shezamme.com\/"},{"@type":"ListItem","position":2,"name":"Sklep","item":"https:\/\/shezamme.com\/sklep\/"},{"@type":"ListItem","position":3,"name":"Travis Scott x Air Jordan 1 Low OG SP Olive (TD)"}]},{"@type":"WebSite","@id":"https:\/\/shezamme.com\/#website","url":"https:\/\/shezamme.com\/","name":"SHEZAMME - Sneakers, Streetwear and luxury brands","description":"Original and exclusive items in one place. Check out our products now and stay up to date with all launches.","publisher":{"@id":"https:\/\/shezamme.com\/#organization"},"potentialAction":[{"@type":"SearchAction","target":{"@type":"EntryPoint","urlTemplate":"https:\/\/shezamme.com\/?s={search_term_string}"},"query-input":{"@type":"PropertyValueSpecification","valueRequired":true,"valueName":"search_term_string"}}],"inLanguage":"en-US"},{"@type":"Organization","@id":"https:\/\/shezamme.com\/#organization","name":"SHEZAMME - Sneakers, Streetwear and luxury brands","url":"https:\/\/shezamme.com\/","logo":{"@type":"ImageObject","inLanguage":"en-US","@id":"https:\/\/shezamme.com\/#\/schema\/logo\/image\/","url":"https:\/\/shezamme.com\/wp-content\/uploads\/2023\/02\/0x0.png","contentUrl":"https:\/\/shezamme.com\/wp-content\/uploads\/2023\/02\/0x0.png","width":2000,"height":2000,"caption":"SHEZAMME - Sneakersy, Streetwear i luksusowe marki"},"image":{"@id":"https:\/\/shezamme.com\/#\/schema\/logo\/image\/"},"sameAs":["https:\/\/www.facebook.com\/SHEZAMME\/","https:\/\/x.com\/SHEZAMME","https:\/\/www.instagram.com\/shezamme\/","https:\/\/www.youtube.com\/channel\/UCsTJxi_9fODHdO_1bmJbqvQ","https:\/\/www.tiktok.com\/shezamme.com"]}]}},"brands":[{"id":749,"name":"Jordan","slug":"air-jordan"}],"_links":{"self":[{"href":"https:\/\/shezamme.com\/en\/wp-json\/wp\/v2\/product\/27903","targetHints":{"allow":["GET"]}}],"collection":[{"href":"https:\/\/shezamme.com\/en\/wp-json\/wp\/v2\/product"}],"about":[{"href":"https:\/\/shezamme.com\/en\/wp-json\/wp\/v2\/types\/product"}],"wp:featuredmedia":[{"embeddable":true,"href":"https:\/\/shezamme.com\/en\/wp-json\/wp\/v2\/media\/27916"}],"wp:attachment":[{"href":"https:\/\/shezamme.com\/en\/wp-json\/wp\/v2\/media?parent=27903"}],"wp:term":[{"taxonomy":"pwb-brand","embeddable":true,"href":"https:\/\/shezamme.com\/en\/wp-json\/wp\/v2\/pwb-brand?post=27903"},{"taxonomy":"product_brand","embeddable":true,"href":"https:\/\/shezamme.com\/en\/wp-json\/wp\/v2\/product_brand?post=27903"},{"taxonomy":"product_cat","embeddable":true,"href":"https:\/\/shezamme.com\/en\/wp-json\/wp\/v2\/product_cat?post=27903"},{"taxonomy":"product_tag","embeddable":true,"href":"https:\/\/shezamme.com\/en\/wp-json\/wp\/v2\/product_tag?post=27903"}],"curies":[{"name":"wp","href":"https:\/\/api.w.org\/{rel}","templated":true}]}}