{"id":27390,"date":"2023-04-25T12:09:20","date_gmt":"2023-04-25T10:09:20","guid":{"rendered":"https:\/\/shezamme.com\/?post_type=product&#038;p=27390"},"modified":"2025-05-19T18:20:54","modified_gmt":"2025-05-19T16:20:54","slug":"air-jordan-1-retro-low-og-sp-travis-scott-olive-womens","status":"publish","type":"product","link":"https:\/\/shezamme.com\/en\/sklep\/buty\/nike\/nike-travis-scott\/air-jordan-1-retro-low-og-sp-travis-scott-olive-womens\/","title":{"rendered":"Air Jordan 1 Retro Low OG SP Travis Scott Olive (Women&#039;s)"},"content":{"rendered":"<h2>Air Jordan 1 Retro Low OG SP &#8222;Travis Scott Olive&#8221; (Women&#8217;s) \u2013 unikalna edycja w stylu streetwear<\/h2>\n<p>Damski model Air Jordan 1 Retro Low OG SP &#8222;Travis Scott Olive&#8221; to limitowana wersja, kt\u00f3ra \u0142\u0105czy ziemist\u0105 oliwkow\u0105 ziele\u0144 z klasycznymi akcentami czerni, bieli i subteln\u0105 czerwieni\u0105. Cholewka z po\u0142\u0105czenia zamszu i sk\u00f3ry zapewnia luksusowy wygl\u0105d oraz trwa\u0142o\u015b\u0107.<\/p>\n<h2>Ikoniczne detale i komfort Nike Air<\/h2>\n<p>Model wyr\u00f3\u017cnia si\u0119 odwr\u00f3conym logo Swoosh i subtelnymi akcentami Cactus Jack, dodaj\u0105cymi kolekcjonerskiego charakteru. Technologia Nike Air dba o wygod\u0119 i wsparcie, a oliwkowa podeszwa z wzorem trakcji sprawdzi si\u0119 na r\u00f3\u017cnych nawierzchniach \u2013 idealny wyb\u00f3r do stylowych miejskich stylizacji.<\/p>","protected":false},"excerpt":{"rendered":"<h2>Air Jordan 1 Retro Low OG SP &#8222;Travis Scott Olive&#8221; (Women&#8217;s) \u2013 limitowany styl z charakterem<\/h2>\n<p>Air Jordan 1 Retro Low OG SP &#8222;Travis Scott Olive&#8221; w wersji damskiej \u0142\u0105czy oliwkow\u0105 ziele\u0144 z akcentami czerni, bieli i czerwieni, tworz\u0105c wyj\u0105tkow\u0105, ziemist\u0105 palet\u0119. Sk\u00f3rzano-zamszowa cholewka zapewnia elegancj\u0119 i trwa\u0142o\u015b\u0107, a odwr\u00f3cone logo Swoosh i detale Cactus Jack podkre\u015blaj\u0105 unikalno\u015b\u0107 edycji. Komfortowa amortyzacja Nike Air sprawia, \u017ce model ten jest idealny do codziennych stylizacji z luksusowym akcentem.<\/p>","protected":false},"featured_media":27391,"template":"","meta":{"_acf_changed":false},"pwb-brand":[749,1086],"product_brand":[],"product_cat":[16,17,158,1161,1163],"product_tag":[1008,1009],"class_list":{"0":"post-27390","1":"product","2":"type-product","3":"status-publish","4":"has-post-thumbnail","6":"pwb-brand-air-jordan","7":"pwb-brand-travis-scott","8":"product_cat-buty","9":"product_cat-air-jordan","10":"product_cat-air-jordan-1-low","11":"product_cat-nike-air-jordan-x-travis-scott","12":"product_cat-nike-travis-scott","13":"product_tag-kobieta","14":"product_tag-mezczyzna","16":"first","17":"instock","18":"taxable","19":"shipping-taxable","20":"purchasable","21":"product-type-variable","22":"has-default-attributes"},"acf":[],"yoast_head":"<!-- This site is optimized with the Yoast SEO plugin v27.2 - https:\/\/yoast.com\/product\/yoast-seo-wordpress\/ -->\n<title>Air Jordan 1 Retro Low OG SP Travis Scott Olive (Women&#039;s) - SHEZAMME<\/title>\n<meta name=\"description\" content=\"Air Jordan 1 Retro Low OG SP Travis Scott Olive (Women&#039;s) | Luksusowe i autentyczne przedmioty w jednym miejscu. B\u0105d\u017a na bie\u017c\u0105co i sprawd\u017a nasz\u0105 ofert\u0119 ju\u017c teraz\" \/>\n<meta name=\"robots\" content=\"index, follow, max-snippet:-1, max-image-preview:large, max-video-preview:-1\" \/>\n<link rel=\"canonical\" href=\"https:\/\/shezamme.com\/en\/sklep\/sneakers-2\/nike\/nike-travis-scott\/air-jordan-1-retro-low-og-sp-travis-scott-olive-womens\/\" \/>\n<meta property=\"og:locale\" content=\"en_US\" \/>\n<meta property=\"og:type\" content=\"article\" \/>\n<meta property=\"og:title\" content=\"Air Jordan 1 Retro Low OG SP Travis Scott Olive (Women&#039;s) - SHEZAMME\" \/>\n<meta property=\"og:description\" content=\"Air Jordan 1 Retro Low OG SP Travis Scott Olive (Women&#039;s) | Luksusowe i autentyczne przedmioty w jednym miejscu. B\u0105d\u017a na bie\u017c\u0105co i sprawd\u017a nasz\u0105 ofert\u0119 ju\u017c teraz\" \/>\n<meta property=\"og:url\" content=\"https:\/\/shezamme.com\/en\/sklep\/sneakers-2\/nike\/nike-travis-scott\/air-jordan-1-retro-low-og-sp-travis-scott-olive-womens\/\" \/>\n<meta property=\"og:site_name\" content=\"SHEZAMME - Yeezy, Jordan, Supreme i inne oryginalne rzeczy\" \/>\n<meta property=\"article:publisher\" content=\"https:\/\/www.facebook.com\/SHEZAMME\/\" \/>\n<meta property=\"article:modified_time\" content=\"2025-05-19T16:20:54+00:00\" \/>\n<meta property=\"og:image\" content=\"https:\/\/shezamme.com\/wp-content\/uploads\/2023\/04\/IMG_9421.jpg\" \/>\n\t<meta property=\"og:image:width\" content=\"1170\" \/>\n\t<meta property=\"og:image:height\" content=\"1048\" \/>\n\t<meta property=\"og:image:type\" content=\"image\/jpeg\" \/>\n<meta name=\"twitter:card\" content=\"summary_large_image\" \/>\n<meta name=\"twitter:site\" content=\"@SHEZAMME\" \/>\n<meta name=\"twitter:label1\" content=\"Est. reading time\" \/>\n\t<meta name=\"twitter:data1\" content=\"1 minute\" \/>\n<script type=\"application\/ld+json\" class=\"yoast-schema-graph\">{\"@context\":\"https:\/\/schema.org\",\"@graph\":[{\"@type\":\"WebPage\",\"@id\":\"https:\/\/shezamme.com\/sklep\/buty\/nike\/nike-travis-scott\/air-jordan-1-retro-low-og-sp-travis-scott-olive-womens\/\",\"url\":\"https:\/\/shezamme.com\/sklep\/buty\/nike\/nike-travis-scott\/air-jordan-1-retro-low-og-sp-travis-scott-olive-womens\/\",\"name\":\"Air Jordan 1 Retro Low OG SP Travis Scott Olive (Women's) - SHEZAMME\",\"isPartOf\":{\"@id\":\"https:\/\/shezamme.com\/#website\"},\"primaryImageOfPage\":{\"@id\":\"https:\/\/shezamme.com\/sklep\/buty\/nike\/nike-travis-scott\/air-jordan-1-retro-low-og-sp-travis-scott-olive-womens\/#primaryimage\"},\"image\":{\"@id\":\"https:\/\/shezamme.com\/sklep\/buty\/nike\/nike-travis-scott\/air-jordan-1-retro-low-og-sp-travis-scott-olive-womens\/#primaryimage\"},\"thumbnailUrl\":\"https:\/\/shezamme.com\/wp-content\/uploads\/2023\/04\/IMG_9421.jpg\",\"datePublished\":\"2023-04-25T10:09:20+00:00\",\"dateModified\":\"2025-05-19T16:20:54+00:00\",\"description\":\"Air Jordan 1 Retro Low OG SP Travis Scott Olive (Women's) | Luksusowe i autentyczne przedmioty w jednym miejscu. B\u0105d\u017a na bie\u017c\u0105co i sprawd\u017a nasz\u0105 ofert\u0119 ju\u017c teraz\",\"breadcrumb\":{\"@id\":\"https:\/\/shezamme.com\/sklep\/buty\/nike\/nike-travis-scott\/air-jordan-1-retro-low-og-sp-travis-scott-olive-womens\/#breadcrumb\"},\"inLanguage\":\"en-US\",\"potentialAction\":[{\"@type\":\"ReadAction\",\"target\":[\"https:\/\/shezamme.com\/sklep\/buty\/nike\/nike-travis-scott\/air-jordan-1-retro-low-og-sp-travis-scott-olive-womens\/\"]}]},{\"@type\":\"ImageObject\",\"inLanguage\":\"en-US\",\"@id\":\"https:\/\/shezamme.com\/sklep\/buty\/nike\/nike-travis-scott\/air-jordan-1-retro-low-og-sp-travis-scott-olive-womens\/#primaryimage\",\"url\":\"https:\/\/shezamme.com\/wp-content\/uploads\/2023\/04\/IMG_9421.jpg\",\"contentUrl\":\"https:\/\/shezamme.com\/wp-content\/uploads\/2023\/04\/IMG_9421.jpg\",\"width\":1170,\"height\":1048,\"caption\":\"Jordan 1 Retro Low OG SP Travis Scott Olive (Women's)\"},{\"@type\":\"BreadcrumbList\",\"@id\":\"https:\/\/shezamme.com\/sklep\/buty\/nike\/nike-travis-scott\/air-jordan-1-retro-low-og-sp-travis-scott-olive-womens\/#breadcrumb\",\"itemListElement\":[{\"@type\":\"ListItem\",\"position\":1,\"name\":\"Strona g\u0142\u00f3wna\",\"item\":\"https:\/\/shezamme.com\/\"},{\"@type\":\"ListItem\",\"position\":2,\"name\":\"Sklep\",\"item\":\"https:\/\/shezamme.com\/sklep\/\"},{\"@type\":\"ListItem\",\"position\":3,\"name\":\"Air Jordan 1 Retro Low OG SP Travis Scott Olive (Women&#8217;s)\"}]},{\"@type\":\"WebSite\",\"@id\":\"https:\/\/shezamme.com\/#website\",\"url\":\"https:\/\/shezamme.com\/\",\"name\":\"SHEZAMME - Sneakersy, Streetwear i luksusowe marki\",\"description\":\"Oryginalne i ekskluzywne przedmioty w jednym miejscu. Sprawd\u017a nasze produkty ju\u017c teraz i b\u0105d\u017a na bie\u017c\u0105co z wszystkimi premierami.\",\"publisher\":{\"@id\":\"https:\/\/shezamme.com\/#organization\"},\"potentialAction\":[{\"@type\":\"SearchAction\",\"target\":{\"@type\":\"EntryPoint\",\"urlTemplate\":\"https:\/\/shezamme.com\/?s={search_term_string}\"},\"query-input\":{\"@type\":\"PropertyValueSpecification\",\"valueRequired\":true,\"valueName\":\"search_term_string\"}}],\"inLanguage\":\"en-US\"},{\"@type\":\"Organization\",\"@id\":\"https:\/\/shezamme.com\/#organization\",\"name\":\"SHEZAMME - Sneakersy, Streetwear i luksusowe marki\",\"url\":\"https:\/\/shezamme.com\/\",\"logo\":{\"@type\":\"ImageObject\",\"inLanguage\":\"en-US\",\"@id\":\"https:\/\/shezamme.com\/#\/schema\/logo\/image\/\",\"url\":\"https:\/\/shezamme.com\/wp-content\/uploads\/2023\/02\/0x0.png\",\"contentUrl\":\"https:\/\/shezamme.com\/wp-content\/uploads\/2023\/02\/0x0.png\",\"width\":2000,\"height\":2000,\"caption\":\"SHEZAMME - Sneakersy, Streetwear i luksusowe marki\"},\"image\":{\"@id\":\"https:\/\/shezamme.com\/#\/schema\/logo\/image\/\"},\"sameAs\":[\"https:\/\/www.facebook.com\/SHEZAMME\/\",\"https:\/\/x.com\/SHEZAMME\",\"https:\/\/www.instagram.com\/shezamme\/\",\"https:\/\/www.youtube.com\/channel\/UCsTJxi_9fODHdO_1bmJbqvQ\",\"https:\/\/www.tiktok.com\/shezamme.com\"]}]}<\/script>\n<!-- \/ Yoast SEO plugin. -->","yoast_head_json":{"title":"Air Jordan 1 Retro Low OG SP Travis Scott Olive (Women's) - SHEZAMME","description":"Air Jordan 1 Retro Low OG SP Travis Scott Olive (Women's) | Luksusowe i autentyczne przedmioty w jednym miejscu. B\u0105d\u017a na bie\u017c\u0105co i sprawd\u017a nasz\u0105 ofert\u0119 ju\u017c teraz","robots":{"index":"index","follow":"follow","max-snippet":"max-snippet:-1","max-image-preview":"max-image-preview:large","max-video-preview":"max-video-preview:-1"},"canonical":"https:\/\/shezamme.com\/en\/sklep\/sneakers-2\/nike\/nike-travis-scott\/air-jordan-1-retro-low-og-sp-travis-scott-olive-womens\/","og_locale":"en_US","og_type":"article","og_title":"Air Jordan 1 Retro Low OG SP Travis Scott Olive (Women's) - SHEZAMME","og_description":"Air Jordan 1 Retro Low OG SP Travis Scott Olive (Women's) | Luksusowe i autentyczne przedmioty w jednym miejscu. B\u0105d\u017a na bie\u017c\u0105co i sprawd\u017a nasz\u0105 ofert\u0119 ju\u017c teraz","og_url":"https:\/\/shezamme.com\/en\/sklep\/sneakers-2\/nike\/nike-travis-scott\/air-jordan-1-retro-low-og-sp-travis-scott-olive-womens\/","og_site_name":"SHEZAMME - Yeezy, Jordan, Supreme i inne oryginalne rzeczy","article_publisher":"https:\/\/www.facebook.com\/SHEZAMME\/","article_modified_time":"2025-05-19T16:20:54+00:00","og_image":[{"width":1170,"height":1048,"url":"https:\/\/shezamme.com\/wp-content\/uploads\/2023\/04\/IMG_9421.jpg","type":"image\/jpeg"}],"twitter_card":"summary_large_image","twitter_site":"@SHEZAMME","twitter_misc":{"Est. reading time":"1 minute"},"schema":{"@context":"https:\/\/schema.org","@graph":[{"@type":"WebPage","@id":"https:\/\/shezamme.com\/sklep\/buty\/nike\/nike-travis-scott\/air-jordan-1-retro-low-og-sp-travis-scott-olive-womens\/","url":"https:\/\/shezamme.com\/sklep\/buty\/nike\/nike-travis-scott\/air-jordan-1-retro-low-og-sp-travis-scott-olive-womens\/","name":"Air Jordan 1 Retro Low OG SP Travis Scott Olive (Women's) - SHEZAMME","isPartOf":{"@id":"https:\/\/shezamme.com\/#website"},"primaryImageOfPage":{"@id":"https:\/\/shezamme.com\/sklep\/buty\/nike\/nike-travis-scott\/air-jordan-1-retro-low-og-sp-travis-scott-olive-womens\/#primaryimage"},"image":{"@id":"https:\/\/shezamme.com\/sklep\/buty\/nike\/nike-travis-scott\/air-jordan-1-retro-low-og-sp-travis-scott-olive-womens\/#primaryimage"},"thumbnailUrl":"https:\/\/shezamme.com\/wp-content\/uploads\/2023\/04\/IMG_9421.jpg","datePublished":"2023-04-25T10:09:20+00:00","dateModified":"2025-05-19T16:20:54+00:00","description":"Air Jordan 1 Retro Low OG SP Travis Scott Olive (Women's) | Luksusowe i autentyczne przedmioty w jednym miejscu. B\u0105d\u017a na bie\u017c\u0105co i sprawd\u017a nasz\u0105 ofert\u0119 ju\u017c teraz","breadcrumb":{"@id":"https:\/\/shezamme.com\/sklep\/buty\/nike\/nike-travis-scott\/air-jordan-1-retro-low-og-sp-travis-scott-olive-womens\/#breadcrumb"},"inLanguage":"en-US","potentialAction":[{"@type":"ReadAction","target":["https:\/\/shezamme.com\/sklep\/buty\/nike\/nike-travis-scott\/air-jordan-1-retro-low-og-sp-travis-scott-olive-womens\/"]}]},{"@type":"ImageObject","inLanguage":"en-US","@id":"https:\/\/shezamme.com\/sklep\/buty\/nike\/nike-travis-scott\/air-jordan-1-retro-low-og-sp-travis-scott-olive-womens\/#primaryimage","url":"https:\/\/shezamme.com\/wp-content\/uploads\/2023\/04\/IMG_9421.jpg","contentUrl":"https:\/\/shezamme.com\/wp-content\/uploads\/2023\/04\/IMG_9421.jpg","width":1170,"height":1048,"caption":"Jordan 1 Retro Low OG SP Travis Scott Olive (Women's)"},{"@type":"BreadcrumbList","@id":"https:\/\/shezamme.com\/sklep\/buty\/nike\/nike-travis-scott\/air-jordan-1-retro-low-og-sp-travis-scott-olive-womens\/#breadcrumb","itemListElement":[{"@type":"ListItem","position":1,"name":"Strona g\u0142\u00f3wna","item":"https:\/\/shezamme.com\/"},{"@type":"ListItem","position":2,"name":"Sklep","item":"https:\/\/shezamme.com\/sklep\/"},{"@type":"ListItem","position":3,"name":"Air Jordan 1 Retro Low OG SP Travis Scott Olive (Women&#8217;s)"}]},{"@type":"WebSite","@id":"https:\/\/shezamme.com\/#website","url":"https:\/\/shezamme.com\/","name":"SHEZAMME - Sneakers, Streetwear and luxury brands","description":"Original and exclusive items in one place. Check out our products now and stay up to date with all launches.","publisher":{"@id":"https:\/\/shezamme.com\/#organization"},"potentialAction":[{"@type":"SearchAction","target":{"@type":"EntryPoint","urlTemplate":"https:\/\/shezamme.com\/?s={search_term_string}"},"query-input":{"@type":"PropertyValueSpecification","valueRequired":true,"valueName":"search_term_string"}}],"inLanguage":"en-US"},{"@type":"Organization","@id":"https:\/\/shezamme.com\/#organization","name":"SHEZAMME - Sneakers, Streetwear and luxury brands","url":"https:\/\/shezamme.com\/","logo":{"@type":"ImageObject","inLanguage":"en-US","@id":"https:\/\/shezamme.com\/#\/schema\/logo\/image\/","url":"https:\/\/shezamme.com\/wp-content\/uploads\/2023\/02\/0x0.png","contentUrl":"https:\/\/shezamme.com\/wp-content\/uploads\/2023\/02\/0x0.png","width":2000,"height":2000,"caption":"SHEZAMME - Sneakersy, Streetwear i luksusowe marki"},"image":{"@id":"https:\/\/shezamme.com\/#\/schema\/logo\/image\/"},"sameAs":["https:\/\/www.facebook.com\/SHEZAMME\/","https:\/\/x.com\/SHEZAMME","https:\/\/www.instagram.com\/shezamme\/","https:\/\/www.youtube.com\/channel\/UCsTJxi_9fODHdO_1bmJbqvQ","https:\/\/www.tiktok.com\/shezamme.com"]}]}},"brands":[{"id":749,"name":"Jordan","slug":"air-jordan"},{"id":1086,"name":"Travis Scott","slug":"travis-scott"}],"_links":{"self":[{"href":"https:\/\/shezamme.com\/en\/wp-json\/wp\/v2\/product\/27390","targetHints":{"allow":["GET"]}}],"collection":[{"href":"https:\/\/shezamme.com\/en\/wp-json\/wp\/v2\/product"}],"about":[{"href":"https:\/\/shezamme.com\/en\/wp-json\/wp\/v2\/types\/product"}],"wp:featuredmedia":[{"embeddable":true,"href":"https:\/\/shezamme.com\/en\/wp-json\/wp\/v2\/media\/27391"}],"wp:attachment":[{"href":"https:\/\/shezamme.com\/en\/wp-json\/wp\/v2\/media?parent=27390"}],"wp:term":[{"taxonomy":"pwb-brand","embeddable":true,"href":"https:\/\/shezamme.com\/en\/wp-json\/wp\/v2\/pwb-brand?post=27390"},{"taxonomy":"product_brand","embeddable":true,"href":"https:\/\/shezamme.com\/en\/wp-json\/wp\/v2\/product_brand?post=27390"},{"taxonomy":"product_cat","embeddable":true,"href":"https:\/\/shezamme.com\/en\/wp-json\/wp\/v2\/product_cat?post=27390"},{"taxonomy":"product_tag","embeddable":true,"href":"https:\/\/shezamme.com\/en\/wp-json\/wp\/v2\/product_tag?post=27390"}],"curies":[{"name":"wp","href":"https:\/\/api.w.org\/{rel}","templated":true}]}}