{"id":27229,"date":"2023-04-21T11:46:23","date_gmt":"2023-04-21T09:46:23","guid":{"rendered":"https:\/\/shezamme.com\/?post_type=product&#038;p=27229"},"modified":"2025-04-03T09:05:32","modified_gmt":"2025-04-03T07:05:32","slug":"new-balance-9060-sea-salt-white","status":"publish","type":"product","link":"https:\/\/shezamme.com\/en\/sklep\/buty\/new-balance\/new-balance-9060\/new-balance-9060-sea-salt-white\/","title":{"rendered":"New Balance 9060 Sea Salt White"},"content":{"rendered":"<h2 class=\"\" data-start=\"0\" data-end=\"55\">Nowoczesna sylwetka w neutralnej, kapsu\u0142owej palecie<\/h2>\n<p class=\"\" data-start=\"57\" data-end=\"503\"><strong data-start=\"57\" data-end=\"96\">New Balance 9060 \u2013 Sea Salt \/ White<\/strong> to po\u0142\u0105czenie progresywnej formy z wyrafinowan\u0105 kolorystyk\u0105, inspirowan\u0105 estetyk\u0105 Y2K i archiwalnymi modelami z serii 99X. Jasne tony ciep\u0142ej bieli, kremu i szaro\u015bci tworz\u0105 harmonijny, minimalistyczny wygl\u0105d, kt\u00f3ry sprawdzi si\u0119 zar\u00f3wno w miejskich, jak i bardziej wywa\u017conych stylizacjach. Dynamiczne linie i przeskalowana sylwetka nadaj\u0105 butom wyrazisty, futurystyczny charakter bez zb\u0119dnego przerysowania.<\/p>\n<h2 class=\"\" data-start=\"505\" data-end=\"554\">Komfort u\u017cytkowy i detaliczna jako\u015b\u0107 wykonania<\/h2>\n<p class=\"\" data-start=\"556\" data-end=\"1080\">Cholewka wykonana z <em data-start=\"576\" data-end=\"592\">zamszu premium<\/em> and <em data-start=\"598\" data-end=\"626\">przewiewnej siateczki mesh<\/em> zapewnia doskona\u0142\u0105 wentylacj\u0119 i subtelne wra\u017cenie luksusu. Podeszwa, oparta na technologiach <em data-start=\"720\" data-end=\"728\">ABZORB<\/em> i <em data-start=\"731\" data-end=\"736\">SBS<\/em>, oferuje pe\u0142n\u0105 amortyzacj\u0119 i stabilno\u015b\u0107 przy codziennym u\u017cytkowaniu. Klasyczne logo \u201eN\u201d oraz oznaczenie \u201e9060\u201d na j\u0119zyku wpisuj\u0105 si\u0119 w estetyk\u0119 marki, uzupe\u0142niaj\u0105c ca\u0142o\u015b\u0107 o techniczne, ale sp\u00f3jne detale. Neutralny wariant <em data-start=\"959\" data-end=\"977\">Sea Salt \/ White<\/em> to unisexowa propozycja, idealna zar\u00f3wno do garderoby kapsu\u0142owej, jak i jako subtelny statement piece.<\/p>","protected":false},"excerpt":{"rendered":"<h2 class=\"\" data-start=\"0\" data-end=\"46\">Neutralna elegancja w futurystycznej formie<\/h2>\n<p class=\"\" data-start=\"48\" data-end=\"428\"><strong data-start=\"48\" data-end=\"87\">New Balance 9060 \u2013 Sea Salt \/ White<\/strong> to unisexowe sneakersy, kt\u00f3re \u0142\u0105cz\u0105 nowoczesny design z subteln\u0105, kremowo-bia\u0142\u0105 kolorystyk\u0105. Cholewka z siateczki i zamszu zapewnia lekko\u015b\u0107 i przewiewno\u015b\u0107, a masywna podeszwa z technologi\u0105 ABZORB i SBS gwarantuje komfort na co dzie\u0144. To model idealny do minimalistycznych stylizacji, kapsu\u0142owej garderoby i streetwearu w stonowanej tonacji.<\/p>","protected":false},"featured_media":27242,"template":"","meta":{"_acf_changed":false},"pwb-brand":[769],"product_brand":[],"product_cat":[16,321,876],"product_tag":[1008,1009],"class_list":{"0":"post-27229","1":"product","2":"type-product","3":"status-publish","4":"has-post-thumbnail","6":"pwb-brand-new-balance","7":"product_cat-buty","8":"product_cat-new-balance","9":"product_cat-new-balance-9060","10":"product_tag-kobieta","11":"product_tag-mezczyzna","13":"first","14":"onbackorder","15":"taxable","16":"shipping-taxable","17":"purchasable","18":"product-type-variable","19":"has-default-attributes"},"acf":[],"yoast_head":"<!-- This site is optimized with the Yoast SEO plugin v27.2 - https:\/\/yoast.com\/product\/yoast-seo-wordpress\/ -->\n<title>New Balance 9060 Sea Salt White - SHEZAMME<\/title>\n<meta name=\"description\" content=\"New Balance 9060 Sea Salt White | Luksusowe i autentyczne przedmioty w jednym miejscu. B\u0105d\u017a na bie\u017c\u0105co i sprawd\u017a nasz\u0105 ofert\u0119 ju\u017c teraz\" \/>\n<meta name=\"robots\" content=\"index, follow, max-snippet:-1, max-image-preview:large, max-video-preview:-1\" \/>\n<link rel=\"canonical\" href=\"https:\/\/shezamme.com\/en\/sklep\/sneakers-2\/new-balance\/new-balance-9060\/new-balance-9060-sea-salt-white\/\" \/>\n<meta property=\"og:locale\" content=\"en_US\" \/>\n<meta property=\"og:type\" content=\"article\" \/>\n<meta property=\"og:title\" content=\"New Balance 9060 Sea Salt White - SHEZAMME\" \/>\n<meta property=\"og:description\" content=\"New Balance 9060 Sea Salt White | Luksusowe i autentyczne przedmioty w jednym miejscu. B\u0105d\u017a na bie\u017c\u0105co i sprawd\u017a nasz\u0105 ofert\u0119 ju\u017c teraz\" \/>\n<meta property=\"og:url\" content=\"https:\/\/shezamme.com\/en\/sklep\/sneakers-2\/new-balance\/new-balance-9060\/new-balance-9060-sea-salt-white\/\" \/>\n<meta property=\"og:site_name\" content=\"SHEZAMME - Yeezy, Jordan, Supreme i inne oryginalne rzeczy\" \/>\n<meta property=\"article:publisher\" content=\"https:\/\/www.facebook.com\/SHEZAMME\/\" \/>\n<meta property=\"article:modified_time\" content=\"2025-04-03T07:05:32+00:00\" \/>\n<meta property=\"og:image\" content=\"https:\/\/shezamme.com\/wp-content\/uploads\/2023\/04\/IMG_9292.jpg\" \/>\n\t<meta property=\"og:image:width\" content=\"1170\" \/>\n\t<meta property=\"og:image:height\" content=\"1093\" \/>\n\t<meta property=\"og:image:type\" content=\"image\/jpeg\" \/>\n<meta name=\"twitter:card\" content=\"summary_large_image\" \/>\n<meta name=\"twitter:site\" content=\"@SHEZAMME\" \/>\n<meta name=\"twitter:label1\" content=\"Est. reading time\" \/>\n\t<meta name=\"twitter:data1\" content=\"1 minute\" \/>\n<script type=\"application\/ld+json\" class=\"yoast-schema-graph\">{\"@context\":\"https:\/\/schema.org\",\"@graph\":[{\"@type\":\"WebPage\",\"@id\":\"https:\/\/shezamme.com\/sklep\/buty\/new-balance\/new-balance-9060\/new-balance-9060-sea-salt-white\/\",\"url\":\"https:\/\/shezamme.com\/sklep\/buty\/new-balance\/new-balance-9060\/new-balance-9060-sea-salt-white\/\",\"name\":\"New Balance 9060 Sea Salt White - SHEZAMME\",\"isPartOf\":{\"@id\":\"https:\/\/shezamme.com\/#website\"},\"primaryImageOfPage\":{\"@id\":\"https:\/\/shezamme.com\/sklep\/buty\/new-balance\/new-balance-9060\/new-balance-9060-sea-salt-white\/#primaryimage\"},\"image\":{\"@id\":\"https:\/\/shezamme.com\/sklep\/buty\/new-balance\/new-balance-9060\/new-balance-9060-sea-salt-white\/#primaryimage\"},\"thumbnailUrl\":\"https:\/\/shezamme.com\/wp-content\/uploads\/2023\/04\/IMG_9292.jpg\",\"datePublished\":\"2023-04-21T09:46:23+00:00\",\"dateModified\":\"2025-04-03T07:05:32+00:00\",\"description\":\"New Balance 9060 Sea Salt White | Luksusowe i autentyczne przedmioty w jednym miejscu. B\u0105d\u017a na bie\u017c\u0105co i sprawd\u017a nasz\u0105 ofert\u0119 ju\u017c teraz\",\"breadcrumb\":{\"@id\":\"https:\/\/shezamme.com\/sklep\/buty\/new-balance\/new-balance-9060\/new-balance-9060-sea-salt-white\/#breadcrumb\"},\"inLanguage\":\"en-US\",\"potentialAction\":[{\"@type\":\"ReadAction\",\"target\":[\"https:\/\/shezamme.com\/sklep\/buty\/new-balance\/new-balance-9060\/new-balance-9060-sea-salt-white\/\"]}]},{\"@type\":\"ImageObject\",\"inLanguage\":\"en-US\",\"@id\":\"https:\/\/shezamme.com\/sklep\/buty\/new-balance\/new-balance-9060\/new-balance-9060-sea-salt-white\/#primaryimage\",\"url\":\"https:\/\/shezamme.com\/wp-content\/uploads\/2023\/04\/IMG_9292.jpg\",\"contentUrl\":\"https:\/\/shezamme.com\/wp-content\/uploads\/2023\/04\/IMG_9292.jpg\",\"width\":1170,\"height\":1093,\"caption\":\"New Balance 9060 Sea Salt White\"},{\"@type\":\"BreadcrumbList\",\"@id\":\"https:\/\/shezamme.com\/sklep\/buty\/new-balance\/new-balance-9060\/new-balance-9060-sea-salt-white\/#breadcrumb\",\"itemListElement\":[{\"@type\":\"ListItem\",\"position\":1,\"name\":\"Strona g\u0142\u00f3wna\",\"item\":\"https:\/\/shezamme.com\/\"},{\"@type\":\"ListItem\",\"position\":2,\"name\":\"Sklep\",\"item\":\"https:\/\/shezamme.com\/sklep\/\"},{\"@type\":\"ListItem\",\"position\":3,\"name\":\"New Balance 9060 Sea Salt White\"}]},{\"@type\":\"WebSite\",\"@id\":\"https:\/\/shezamme.com\/#website\",\"url\":\"https:\/\/shezamme.com\/\",\"name\":\"SHEZAMME - Sneakersy, Streetwear i luksusowe marki\",\"description\":\"Oryginalne i ekskluzywne przedmioty w jednym miejscu. Sprawd\u017a nasze produkty ju\u017c teraz i b\u0105d\u017a na bie\u017c\u0105co z wszystkimi premierami.\",\"publisher\":{\"@id\":\"https:\/\/shezamme.com\/#organization\"},\"potentialAction\":[{\"@type\":\"SearchAction\",\"target\":{\"@type\":\"EntryPoint\",\"urlTemplate\":\"https:\/\/shezamme.com\/?s={search_term_string}\"},\"query-input\":{\"@type\":\"PropertyValueSpecification\",\"valueRequired\":true,\"valueName\":\"search_term_string\"}}],\"inLanguage\":\"en-US\"},{\"@type\":\"Organization\",\"@id\":\"https:\/\/shezamme.com\/#organization\",\"name\":\"SHEZAMME - Sneakersy, Streetwear i luksusowe marki\",\"url\":\"https:\/\/shezamme.com\/\",\"logo\":{\"@type\":\"ImageObject\",\"inLanguage\":\"en-US\",\"@id\":\"https:\/\/shezamme.com\/#\/schema\/logo\/image\/\",\"url\":\"https:\/\/shezamme.com\/wp-content\/uploads\/2023\/02\/0x0.png\",\"contentUrl\":\"https:\/\/shezamme.com\/wp-content\/uploads\/2023\/02\/0x0.png\",\"width\":2000,\"height\":2000,\"caption\":\"SHEZAMME - Sneakersy, Streetwear i luksusowe marki\"},\"image\":{\"@id\":\"https:\/\/shezamme.com\/#\/schema\/logo\/image\/\"},\"sameAs\":[\"https:\/\/www.facebook.com\/SHEZAMME\/\",\"https:\/\/x.com\/SHEZAMME\",\"https:\/\/www.instagram.com\/shezamme\/\",\"https:\/\/www.youtube.com\/channel\/UCsTJxi_9fODHdO_1bmJbqvQ\",\"https:\/\/www.tiktok.com\/shezamme.com\"]}]}<\/script>\n<!-- \/ Yoast SEO plugin. -->","yoast_head_json":{"title":"New Balance 9060 Sea Salt White - SHEZAMME","description":"New Balance 9060 Sea Salt White | Luksusowe i autentyczne przedmioty w jednym miejscu. B\u0105d\u017a na bie\u017c\u0105co i sprawd\u017a nasz\u0105 ofert\u0119 ju\u017c teraz","robots":{"index":"index","follow":"follow","max-snippet":"max-snippet:-1","max-image-preview":"max-image-preview:large","max-video-preview":"max-video-preview:-1"},"canonical":"https:\/\/shezamme.com\/en\/sklep\/sneakers-2\/new-balance\/new-balance-9060\/new-balance-9060-sea-salt-white\/","og_locale":"en_US","og_type":"article","og_title":"New Balance 9060 Sea Salt White - SHEZAMME","og_description":"New Balance 9060 Sea Salt White | Luksusowe i autentyczne przedmioty w jednym miejscu. B\u0105d\u017a na bie\u017c\u0105co i sprawd\u017a nasz\u0105 ofert\u0119 ju\u017c teraz","og_url":"https:\/\/shezamme.com\/en\/sklep\/sneakers-2\/new-balance\/new-balance-9060\/new-balance-9060-sea-salt-white\/","og_site_name":"SHEZAMME - Yeezy, Jordan, Supreme i inne oryginalne rzeczy","article_publisher":"https:\/\/www.facebook.com\/SHEZAMME\/","article_modified_time":"2025-04-03T07:05:32+00:00","og_image":[{"width":1170,"height":1093,"url":"https:\/\/shezamme.com\/wp-content\/uploads\/2023\/04\/IMG_9292.jpg","type":"image\/jpeg"}],"twitter_card":"summary_large_image","twitter_site":"@SHEZAMME","twitter_misc":{"Est. reading time":"1 minute"},"schema":{"@context":"https:\/\/schema.org","@graph":[{"@type":"WebPage","@id":"https:\/\/shezamme.com\/sklep\/buty\/new-balance\/new-balance-9060\/new-balance-9060-sea-salt-white\/","url":"https:\/\/shezamme.com\/sklep\/buty\/new-balance\/new-balance-9060\/new-balance-9060-sea-salt-white\/","name":"New Balance 9060 Sea Salt White - SHEZAMME","isPartOf":{"@id":"https:\/\/shezamme.com\/#website"},"primaryImageOfPage":{"@id":"https:\/\/shezamme.com\/sklep\/buty\/new-balance\/new-balance-9060\/new-balance-9060-sea-salt-white\/#primaryimage"},"image":{"@id":"https:\/\/shezamme.com\/sklep\/buty\/new-balance\/new-balance-9060\/new-balance-9060-sea-salt-white\/#primaryimage"},"thumbnailUrl":"https:\/\/shezamme.com\/wp-content\/uploads\/2023\/04\/IMG_9292.jpg","datePublished":"2023-04-21T09:46:23+00:00","dateModified":"2025-04-03T07:05:32+00:00","description":"New Balance 9060 Sea Salt White | Luksusowe i autentyczne przedmioty w jednym miejscu. B\u0105d\u017a na bie\u017c\u0105co i sprawd\u017a nasz\u0105 ofert\u0119 ju\u017c teraz","breadcrumb":{"@id":"https:\/\/shezamme.com\/sklep\/buty\/new-balance\/new-balance-9060\/new-balance-9060-sea-salt-white\/#breadcrumb"},"inLanguage":"en-US","potentialAction":[{"@type":"ReadAction","target":["https:\/\/shezamme.com\/sklep\/buty\/new-balance\/new-balance-9060\/new-balance-9060-sea-salt-white\/"]}]},{"@type":"ImageObject","inLanguage":"en-US","@id":"https:\/\/shezamme.com\/sklep\/buty\/new-balance\/new-balance-9060\/new-balance-9060-sea-salt-white\/#primaryimage","url":"https:\/\/shezamme.com\/wp-content\/uploads\/2023\/04\/IMG_9292.jpg","contentUrl":"https:\/\/shezamme.com\/wp-content\/uploads\/2023\/04\/IMG_9292.jpg","width":1170,"height":1093,"caption":"New Balance 9060 Sea Salt White"},{"@type":"BreadcrumbList","@id":"https:\/\/shezamme.com\/sklep\/buty\/new-balance\/new-balance-9060\/new-balance-9060-sea-salt-white\/#breadcrumb","itemListElement":[{"@type":"ListItem","position":1,"name":"Strona g\u0142\u00f3wna","item":"https:\/\/shezamme.com\/"},{"@type":"ListItem","position":2,"name":"Sklep","item":"https:\/\/shezamme.com\/sklep\/"},{"@type":"ListItem","position":3,"name":"New Balance 9060 Sea Salt White"}]},{"@type":"WebSite","@id":"https:\/\/shezamme.com\/#website","url":"https:\/\/shezamme.com\/","name":"SHEZAMME - Sneakers, Streetwear and luxury brands","description":"Original and exclusive items in one place. Check out our products now and stay up to date with all launches.","publisher":{"@id":"https:\/\/shezamme.com\/#organization"},"potentialAction":[{"@type":"SearchAction","target":{"@type":"EntryPoint","urlTemplate":"https:\/\/shezamme.com\/?s={search_term_string}"},"query-input":{"@type":"PropertyValueSpecification","valueRequired":true,"valueName":"search_term_string"}}],"inLanguage":"en-US"},{"@type":"Organization","@id":"https:\/\/shezamme.com\/#organization","name":"SHEZAMME - Sneakers, Streetwear and luxury brands","url":"https:\/\/shezamme.com\/","logo":{"@type":"ImageObject","inLanguage":"en-US","@id":"https:\/\/shezamme.com\/#\/schema\/logo\/image\/","url":"https:\/\/shezamme.com\/wp-content\/uploads\/2023\/02\/0x0.png","contentUrl":"https:\/\/shezamme.com\/wp-content\/uploads\/2023\/02\/0x0.png","width":2000,"height":2000,"caption":"SHEZAMME - Sneakersy, Streetwear i luksusowe marki"},"image":{"@id":"https:\/\/shezamme.com\/#\/schema\/logo\/image\/"},"sameAs":["https:\/\/www.facebook.com\/SHEZAMME\/","https:\/\/x.com\/SHEZAMME","https:\/\/www.instagram.com\/shezamme\/","https:\/\/www.youtube.com\/channel\/UCsTJxi_9fODHdO_1bmJbqvQ","https:\/\/www.tiktok.com\/shezamme.com"]}]}},"brands":[{"id":769,"name":"New Balance","slug":"new-balance"}],"_links":{"self":[{"href":"https:\/\/shezamme.com\/en\/wp-json\/wp\/v2\/product\/27229","targetHints":{"allow":["GET"]}}],"collection":[{"href":"https:\/\/shezamme.com\/en\/wp-json\/wp\/v2\/product"}],"about":[{"href":"https:\/\/shezamme.com\/en\/wp-json\/wp\/v2\/types\/product"}],"wp:featuredmedia":[{"embeddable":true,"href":"https:\/\/shezamme.com\/en\/wp-json\/wp\/v2\/media\/27242"}],"wp:attachment":[{"href":"https:\/\/shezamme.com\/en\/wp-json\/wp\/v2\/media?parent=27229"}],"wp:term":[{"taxonomy":"pwb-brand","embeddable":true,"href":"https:\/\/shezamme.com\/en\/wp-json\/wp\/v2\/pwb-brand?post=27229"},{"taxonomy":"product_brand","embeddable":true,"href":"https:\/\/shezamme.com\/en\/wp-json\/wp\/v2\/product_brand?post=27229"},{"taxonomy":"product_cat","embeddable":true,"href":"https:\/\/shezamme.com\/en\/wp-json\/wp\/v2\/product_cat?post=27229"},{"taxonomy":"product_tag","embeddable":true,"href":"https:\/\/shezamme.com\/en\/wp-json\/wp\/v2\/product_tag?post=27229"}],"curies":[{"name":"wp","href":"https:\/\/api.w.org\/{rel}","templated":true}]}}