{"id":27213,"date":"2023-04-21T11:38:43","date_gmt":"2023-04-21T09:38:43","guid":{"rendered":"https:\/\/shezamme.com\/?post_type=product&#038;p=27213"},"modified":"2025-04-03T09:08:57","modified_gmt":"2025-04-03T07:08:57","slug":"new-balance-9060-rain-cloud-grey","status":"publish","type":"product","link":"https:\/\/shezamme.com\/en\/sklep\/buty\/new-balance\/new-balance-9060\/new-balance-9060-rain-cloud-grey\/","title":{"rendered":"New Balance 9060 Rain Cloud Grey"},"content":{"rendered":"<h2 class=\"\" data-start=\"0\" data-end=\"56\">Ikoniczna szaro\u015b\u0107 i nowoczesna sylwetka w modelu 9060<\/h2>\n<p class=\"\" data-start=\"58\" data-end=\"476\"><strong data-start=\"58\" data-end=\"98\">New Balance 9060 \u2013 Rain Cloud \/ Grey<\/strong> to jeden z najbardziej rozpoznawalnych wariant\u00f3w kolorystycznych tej progresywnej serii. Odcienie ch\u0142odnej szaro\u015bci tworz\u0105 sp\u00f3jny, miejski look, kt\u00f3ry idealnie wpisuje si\u0119 w estetyk\u0119 techwearu i minimalistycznych stylizacji. Przeskalowana forma, agresywna podeszwa i dynamiczne linie nadaj\u0105 modelowi futurystyczny charakter, \u0142\u0105cz\u0105c archiwalne inspiracje z nowoczesnym designem.<\/p>\n<h2 class=\"\" data-start=\"478\" data-end=\"534\">Komfort technologiczny i wszechstronno\u015b\u0107 stylizacyjna<\/h2>\n<p class=\"\" data-start=\"536\" data-end=\"1060\">Cholewka z <em data-start=\"547\" data-end=\"563\">zamszu premium<\/em> i <em data-start=\"566\" data-end=\"582\">siateczki mesh<\/em> zapewnia trwa\u0142o\u015b\u0107, przewiewno\u015b\u0107 i lekk\u0105 struktur\u0119. Podeszwa z technologiami <em data-start=\"659\" data-end=\"667\">ABZORB<\/em> i <em data-start=\"670\" data-end=\"675\">SBS<\/em> gwarantuje zaawansowan\u0105 amortyzacj\u0119 i wsparcie przez ca\u0142y dzie\u0144. Branding w postaci bocznego \u201eN\u201d, oznaczenia \u201e9060\u201d na j\u0119zyku i logo NB na pi\u0119cie utrzymany jest w stonowanej, technicznej estetyce. Wariant <em data-start=\"881\" data-end=\"900\">Rain Cloud \/ Grey<\/em> to unisexowa propozycja idealna zar\u00f3wno do tonalnych zestawie\u0144, jak i bardziej odwa\u017cnych miejskich look\u00f3w \u2013 uznawana za definicyjny \u201ecore grey\u201d modelu NB 9060.<\/p>","protected":false},"excerpt":{"rendered":"<h2 class=\"\" data-start=\"0\" data-end=\"53\">Klasyczna szaro\u015b\u0107 w futurystycznym wydaniu NB 9060<\/h2>\n<p class=\"\" data-start=\"55\" data-end=\"449\"><strong data-start=\"55\" data-end=\"95\">New Balance 9060 \u2013 Rain Cloud \/ Grey<\/strong> to unisexowe sneakersy, kt\u00f3re \u0142\u0105cz\u0105 kultow\u0105 palet\u0119 szaro\u015bci z przeskalowan\u0105, nowoczesn\u0105 sylwetk\u0105 inspirowan\u0105 archiwami Y2K. Cholewka z siateczki i zamszu zapewnia przewiewno\u015b\u0107 i trwa\u0142o\u015b\u0107, a masywna podeszwa z technologi\u0105 ABZORB i SBS gwarantuje komfort przez ca\u0142y dzie\u0144. To wszechstronny model lifestyle\u2019owy, idealny do techwearu i tonalnych stylizacji.<\/p>","protected":false},"featured_media":27214,"template":"","meta":{"_acf_changed":false},"pwb-brand":[769],"product_brand":[],"product_cat":[16,321,876],"product_tag":[1008,1009],"class_list":{"0":"post-27213","1":"product","2":"type-product","3":"status-publish","4":"has-post-thumbnail","6":"pwb-brand-new-balance","7":"product_cat-buty","8":"product_cat-new-balance","9":"product_cat-new-balance-9060","10":"product_tag-kobieta","11":"product_tag-mezczyzna","13":"first","14":"onbackorder","15":"taxable","16":"shipping-taxable","17":"purchasable","18":"product-type-variable","19":"has-default-attributes"},"acf":[],"yoast_head":"<!-- This site is optimized with the Yoast SEO plugin v27.2 - https:\/\/yoast.com\/product\/yoast-seo-wordpress\/ -->\n<title>New Balance 9060 Rain Cloud Grey - SHEZAMME<\/title>\n<meta name=\"description\" content=\"New Balance 9060 Rain Cloud Grey | Luksusowe i autentyczne przedmioty w jednym miejscu. B\u0105d\u017a na bie\u017c\u0105co i sprawd\u017a nasz\u0105 ofert\u0119 ju\u017c teraz\" \/>\n<meta name=\"robots\" content=\"index, follow, max-snippet:-1, max-image-preview:large, max-video-preview:-1\" \/>\n<link rel=\"canonical\" href=\"https:\/\/shezamme.com\/en\/sklep\/sneakers-2\/new-balance\/new-balance-9060\/new-balance-9060-rain-cloud-grey\/\" \/>\n<meta property=\"og:locale\" content=\"en_US\" \/>\n<meta property=\"og:type\" content=\"article\" \/>\n<meta property=\"og:title\" content=\"New Balance 9060 Rain Cloud Grey - SHEZAMME\" \/>\n<meta property=\"og:description\" content=\"New Balance 9060 Rain Cloud Grey | Luksusowe i autentyczne przedmioty w jednym miejscu. B\u0105d\u017a na bie\u017c\u0105co i sprawd\u017a nasz\u0105 ofert\u0119 ju\u017c teraz\" \/>\n<meta property=\"og:url\" content=\"https:\/\/shezamme.com\/en\/sklep\/sneakers-2\/new-balance\/new-balance-9060\/new-balance-9060-rain-cloud-grey\/\" \/>\n<meta property=\"og:site_name\" content=\"SHEZAMME - Yeezy, Jordan, Supreme i inne oryginalne rzeczy\" \/>\n<meta property=\"article:publisher\" content=\"https:\/\/www.facebook.com\/SHEZAMME\/\" \/>\n<meta property=\"article:modified_time\" content=\"2025-04-03T07:08:57+00:00\" \/>\n<meta property=\"og:image\" content=\"https:\/\/shezamme.com\/wp-content\/uploads\/2023\/04\/IMG_9288.jpg\" \/>\n\t<meta property=\"og:image:width\" content=\"1170\" \/>\n\t<meta property=\"og:image:height\" content=\"1095\" \/>\n\t<meta property=\"og:image:type\" content=\"image\/jpeg\" \/>\n<meta name=\"twitter:card\" content=\"summary_large_image\" \/>\n<meta name=\"twitter:site\" content=\"@SHEZAMME\" \/>\n<meta name=\"twitter:label1\" content=\"Est. reading time\" \/>\n\t<meta name=\"twitter:data1\" content=\"1 minute\" \/>\n<script type=\"application\/ld+json\" class=\"yoast-schema-graph\">{\"@context\":\"https:\/\/schema.org\",\"@graph\":[{\"@type\":\"WebPage\",\"@id\":\"https:\/\/shezamme.com\/sklep\/buty\/new-balance\/new-balance-9060\/new-balance-9060-rain-cloud-grey\/\",\"url\":\"https:\/\/shezamme.com\/sklep\/buty\/new-balance\/new-balance-9060\/new-balance-9060-rain-cloud-grey\/\",\"name\":\"New Balance 9060 Rain Cloud Grey - SHEZAMME\",\"isPartOf\":{\"@id\":\"https:\/\/shezamme.com\/#website\"},\"primaryImageOfPage\":{\"@id\":\"https:\/\/shezamme.com\/sklep\/buty\/new-balance\/new-balance-9060\/new-balance-9060-rain-cloud-grey\/#primaryimage\"},\"image\":{\"@id\":\"https:\/\/shezamme.com\/sklep\/buty\/new-balance\/new-balance-9060\/new-balance-9060-rain-cloud-grey\/#primaryimage\"},\"thumbnailUrl\":\"https:\/\/shezamme.com\/wp-content\/uploads\/2023\/04\/IMG_9288.jpg\",\"datePublished\":\"2023-04-21T09:38:43+00:00\",\"dateModified\":\"2025-04-03T07:08:57+00:00\",\"description\":\"New Balance 9060 Rain Cloud Grey | Luksusowe i autentyczne przedmioty w jednym miejscu. B\u0105d\u017a na bie\u017c\u0105co i sprawd\u017a nasz\u0105 ofert\u0119 ju\u017c teraz\",\"breadcrumb\":{\"@id\":\"https:\/\/shezamme.com\/sklep\/buty\/new-balance\/new-balance-9060\/new-balance-9060-rain-cloud-grey\/#breadcrumb\"},\"inLanguage\":\"en-US\",\"potentialAction\":[{\"@type\":\"ReadAction\",\"target\":[\"https:\/\/shezamme.com\/sklep\/buty\/new-balance\/new-balance-9060\/new-balance-9060-rain-cloud-grey\/\"]}]},{\"@type\":\"ImageObject\",\"inLanguage\":\"en-US\",\"@id\":\"https:\/\/shezamme.com\/sklep\/buty\/new-balance\/new-balance-9060\/new-balance-9060-rain-cloud-grey\/#primaryimage\",\"url\":\"https:\/\/shezamme.com\/wp-content\/uploads\/2023\/04\/IMG_9288.jpg\",\"contentUrl\":\"https:\/\/shezamme.com\/wp-content\/uploads\/2023\/04\/IMG_9288.jpg\",\"width\":1170,\"height\":1095,\"caption\":\"New Balance 9060 Rain Cloud Grey\"},{\"@type\":\"BreadcrumbList\",\"@id\":\"https:\/\/shezamme.com\/sklep\/buty\/new-balance\/new-balance-9060\/new-balance-9060-rain-cloud-grey\/#breadcrumb\",\"itemListElement\":[{\"@type\":\"ListItem\",\"position\":1,\"name\":\"Strona g\u0142\u00f3wna\",\"item\":\"https:\/\/shezamme.com\/\"},{\"@type\":\"ListItem\",\"position\":2,\"name\":\"Sklep\",\"item\":\"https:\/\/shezamme.com\/sklep\/\"},{\"@type\":\"ListItem\",\"position\":3,\"name\":\"New Balance 9060 Rain Cloud Grey\"}]},{\"@type\":\"WebSite\",\"@id\":\"https:\/\/shezamme.com\/#website\",\"url\":\"https:\/\/shezamme.com\/\",\"name\":\"SHEZAMME - Sneakersy, Streetwear i luksusowe marki\",\"description\":\"Oryginalne i ekskluzywne przedmioty w jednym miejscu. Sprawd\u017a nasze produkty ju\u017c teraz i b\u0105d\u017a na bie\u017c\u0105co z wszystkimi premierami.\",\"publisher\":{\"@id\":\"https:\/\/shezamme.com\/#organization\"},\"potentialAction\":[{\"@type\":\"SearchAction\",\"target\":{\"@type\":\"EntryPoint\",\"urlTemplate\":\"https:\/\/shezamme.com\/?s={search_term_string}\"},\"query-input\":{\"@type\":\"PropertyValueSpecification\",\"valueRequired\":true,\"valueName\":\"search_term_string\"}}],\"inLanguage\":\"en-US\"},{\"@type\":\"Organization\",\"@id\":\"https:\/\/shezamme.com\/#organization\",\"name\":\"SHEZAMME - Sneakersy, Streetwear i luksusowe marki\",\"url\":\"https:\/\/shezamme.com\/\",\"logo\":{\"@type\":\"ImageObject\",\"inLanguage\":\"en-US\",\"@id\":\"https:\/\/shezamme.com\/#\/schema\/logo\/image\/\",\"url\":\"https:\/\/shezamme.com\/wp-content\/uploads\/2023\/02\/0x0.png\",\"contentUrl\":\"https:\/\/shezamme.com\/wp-content\/uploads\/2023\/02\/0x0.png\",\"width\":2000,\"height\":2000,\"caption\":\"SHEZAMME - Sneakersy, Streetwear i luksusowe marki\"},\"image\":{\"@id\":\"https:\/\/shezamme.com\/#\/schema\/logo\/image\/\"},\"sameAs\":[\"https:\/\/www.facebook.com\/SHEZAMME\/\",\"https:\/\/x.com\/SHEZAMME\",\"https:\/\/www.instagram.com\/shezamme\/\",\"https:\/\/www.youtube.com\/channel\/UCsTJxi_9fODHdO_1bmJbqvQ\",\"https:\/\/www.tiktok.com\/shezamme.com\"]}]}<\/script>\n<!-- \/ Yoast SEO plugin. -->","yoast_head_json":{"title":"New Balance 9060 Rain Cloud Grey - SHEZAMME","description":"New Balance 9060 Rain Cloud Grey | Luksusowe i autentyczne przedmioty w jednym miejscu. B\u0105d\u017a na bie\u017c\u0105co i sprawd\u017a nasz\u0105 ofert\u0119 ju\u017c teraz","robots":{"index":"index","follow":"follow","max-snippet":"max-snippet:-1","max-image-preview":"max-image-preview:large","max-video-preview":"max-video-preview:-1"},"canonical":"https:\/\/shezamme.com\/en\/sklep\/sneakers-2\/new-balance\/new-balance-9060\/new-balance-9060-rain-cloud-grey\/","og_locale":"en_US","og_type":"article","og_title":"New Balance 9060 Rain Cloud Grey - SHEZAMME","og_description":"New Balance 9060 Rain Cloud Grey | Luksusowe i autentyczne przedmioty w jednym miejscu. B\u0105d\u017a na bie\u017c\u0105co i sprawd\u017a nasz\u0105 ofert\u0119 ju\u017c teraz","og_url":"https:\/\/shezamme.com\/en\/sklep\/sneakers-2\/new-balance\/new-balance-9060\/new-balance-9060-rain-cloud-grey\/","og_site_name":"SHEZAMME - Yeezy, Jordan, Supreme i inne oryginalne rzeczy","article_publisher":"https:\/\/www.facebook.com\/SHEZAMME\/","article_modified_time":"2025-04-03T07:08:57+00:00","og_image":[{"width":1170,"height":1095,"url":"https:\/\/shezamme.com\/wp-content\/uploads\/2023\/04\/IMG_9288.jpg","type":"image\/jpeg"}],"twitter_card":"summary_large_image","twitter_site":"@SHEZAMME","twitter_misc":{"Est. reading time":"1 minute"},"schema":{"@context":"https:\/\/schema.org","@graph":[{"@type":"WebPage","@id":"https:\/\/shezamme.com\/sklep\/buty\/new-balance\/new-balance-9060\/new-balance-9060-rain-cloud-grey\/","url":"https:\/\/shezamme.com\/sklep\/buty\/new-balance\/new-balance-9060\/new-balance-9060-rain-cloud-grey\/","name":"New Balance 9060 Rain Cloud Grey - SHEZAMME","isPartOf":{"@id":"https:\/\/shezamme.com\/#website"},"primaryImageOfPage":{"@id":"https:\/\/shezamme.com\/sklep\/buty\/new-balance\/new-balance-9060\/new-balance-9060-rain-cloud-grey\/#primaryimage"},"image":{"@id":"https:\/\/shezamme.com\/sklep\/buty\/new-balance\/new-balance-9060\/new-balance-9060-rain-cloud-grey\/#primaryimage"},"thumbnailUrl":"https:\/\/shezamme.com\/wp-content\/uploads\/2023\/04\/IMG_9288.jpg","datePublished":"2023-04-21T09:38:43+00:00","dateModified":"2025-04-03T07:08:57+00:00","description":"New Balance 9060 Rain Cloud Grey | Luksusowe i autentyczne przedmioty w jednym miejscu. B\u0105d\u017a na bie\u017c\u0105co i sprawd\u017a nasz\u0105 ofert\u0119 ju\u017c teraz","breadcrumb":{"@id":"https:\/\/shezamme.com\/sklep\/buty\/new-balance\/new-balance-9060\/new-balance-9060-rain-cloud-grey\/#breadcrumb"},"inLanguage":"en-US","potentialAction":[{"@type":"ReadAction","target":["https:\/\/shezamme.com\/sklep\/buty\/new-balance\/new-balance-9060\/new-balance-9060-rain-cloud-grey\/"]}]},{"@type":"ImageObject","inLanguage":"en-US","@id":"https:\/\/shezamme.com\/sklep\/buty\/new-balance\/new-balance-9060\/new-balance-9060-rain-cloud-grey\/#primaryimage","url":"https:\/\/shezamme.com\/wp-content\/uploads\/2023\/04\/IMG_9288.jpg","contentUrl":"https:\/\/shezamme.com\/wp-content\/uploads\/2023\/04\/IMG_9288.jpg","width":1170,"height":1095,"caption":"New Balance 9060 Rain Cloud Grey"},{"@type":"BreadcrumbList","@id":"https:\/\/shezamme.com\/sklep\/buty\/new-balance\/new-balance-9060\/new-balance-9060-rain-cloud-grey\/#breadcrumb","itemListElement":[{"@type":"ListItem","position":1,"name":"Strona g\u0142\u00f3wna","item":"https:\/\/shezamme.com\/"},{"@type":"ListItem","position":2,"name":"Sklep","item":"https:\/\/shezamme.com\/sklep\/"},{"@type":"ListItem","position":3,"name":"New Balance 9060 Rain Cloud Grey"}]},{"@type":"WebSite","@id":"https:\/\/shezamme.com\/#website","url":"https:\/\/shezamme.com\/","name":"SHEZAMME - Sneakers, Streetwear and luxury brands","description":"Original and exclusive items in one place. Check out our products now and stay up to date with all launches.","publisher":{"@id":"https:\/\/shezamme.com\/#organization"},"potentialAction":[{"@type":"SearchAction","target":{"@type":"EntryPoint","urlTemplate":"https:\/\/shezamme.com\/?s={search_term_string}"},"query-input":{"@type":"PropertyValueSpecification","valueRequired":true,"valueName":"search_term_string"}}],"inLanguage":"en-US"},{"@type":"Organization","@id":"https:\/\/shezamme.com\/#organization","name":"SHEZAMME - Sneakers, Streetwear and luxury brands","url":"https:\/\/shezamme.com\/","logo":{"@type":"ImageObject","inLanguage":"en-US","@id":"https:\/\/shezamme.com\/#\/schema\/logo\/image\/","url":"https:\/\/shezamme.com\/wp-content\/uploads\/2023\/02\/0x0.png","contentUrl":"https:\/\/shezamme.com\/wp-content\/uploads\/2023\/02\/0x0.png","width":2000,"height":2000,"caption":"SHEZAMME - Sneakersy, Streetwear i luksusowe marki"},"image":{"@id":"https:\/\/shezamme.com\/#\/schema\/logo\/image\/"},"sameAs":["https:\/\/www.facebook.com\/SHEZAMME\/","https:\/\/x.com\/SHEZAMME","https:\/\/www.instagram.com\/shezamme\/","https:\/\/www.youtube.com\/channel\/UCsTJxi_9fODHdO_1bmJbqvQ","https:\/\/www.tiktok.com\/shezamme.com"]}]}},"brands":[{"id":769,"name":"New Balance","slug":"new-balance"}],"_links":{"self":[{"href":"https:\/\/shezamme.com\/en\/wp-json\/wp\/v2\/product\/27213","targetHints":{"allow":["GET"]}}],"collection":[{"href":"https:\/\/shezamme.com\/en\/wp-json\/wp\/v2\/product"}],"about":[{"href":"https:\/\/shezamme.com\/en\/wp-json\/wp\/v2\/types\/product"}],"wp:featuredmedia":[{"embeddable":true,"href":"https:\/\/shezamme.com\/en\/wp-json\/wp\/v2\/media\/27214"}],"wp:attachment":[{"href":"https:\/\/shezamme.com\/en\/wp-json\/wp\/v2\/media?parent=27213"}],"wp:term":[{"taxonomy":"pwb-brand","embeddable":true,"href":"https:\/\/shezamme.com\/en\/wp-json\/wp\/v2\/pwb-brand?post=27213"},{"taxonomy":"product_brand","embeddable":true,"href":"https:\/\/shezamme.com\/en\/wp-json\/wp\/v2\/product_brand?post=27213"},{"taxonomy":"product_cat","embeddable":true,"href":"https:\/\/shezamme.com\/en\/wp-json\/wp\/v2\/product_cat?post=27213"},{"taxonomy":"product_tag","embeddable":true,"href":"https:\/\/shezamme.com\/en\/wp-json\/wp\/v2\/product_tag?post=27213"}],"curies":[{"name":"wp","href":"https:\/\/api.w.org\/{rel}","templated":true}]}}