{"id":26775,"date":"2023-04-17T12:58:23","date_gmt":"2023-04-17T10:58:23","guid":{"rendered":"https:\/\/shezamme.com\/?post_type=product&#038;p=26775"},"modified":"2025-03-30T15:30:28","modified_gmt":"2025-03-30T13:30:28","slug":"adidas-campus-00s-forest-glade","status":"publish","type":"product","link":"https:\/\/shezamme.com\/en\/sklep\/buty\/adidas\/adidas-campus\/adidas-campus-00s-forest-glade\/","title":{"rendered":"Adidas Campus 00s Forest Glade"},"content":{"rendered":"<h2 class=\"\" data-start=\"0\" data-end=\"54\">Skate\u2019owa estetyka Y2K w klasycznej sylwetce Campus<\/h2>\n<p class=\"\" data-start=\"56\" data-end=\"512\">Adidas Originals Campus 00s w kolorystyce Forest Glade \/ Cloud White to reinterpretacja ikonicznego modelu z silnym wp\u0142ywem stylistyki deskorolkowej z pocz\u0105tku lat 2000. Cholewka z naturalnego zamszu w g\u0142\u0119bokiej zieleni wyr\u00f3\u017cnia si\u0119 struktur\u0105 i trwa\u0142o\u015bci\u0105, a oversize\u2019owe bia\u0142e paski i masywniejsza sylwetka nadaj\u0105 ca\u0142o\u015bci autentyczny charakter streetwearu Y2K. T\u0142oczone logo Trefoil oraz z\u0142oty napis \u201eCAMPUS\u201d dodaj\u0105 klasycznych akcent\u00f3w z archiw\u00f3w Adidas.<\/p>\n<h2 class=\"\" data-start=\"514\" data-end=\"560\">Funkcjonalna konstrukcja i codzienna wygoda<\/h2>\n<p class=\"\" data-start=\"562\" data-end=\"1001\">Model opiera si\u0119 na solidnej podeszwie typu cupsole z gumy, kt\u00f3ra zapewnia dobr\u0105 przyczepno\u015b\u0107 i lekk\u0105 amortyzacj\u0119 \u2013 rozwi\u0105zanie zaczerpni\u0119te z but\u00f3w skate\u2019owych. Niska, swobodna forma oraz tekstylna wy\u015bci\u00f3\u0142ka wp\u0142ywaj\u0105 na komfort noszenia i przewiewno\u015b\u0107, czyni\u0105c Campus 00s idealnym wyborem do lu\u017anych, miejskich stylizacji. Forest Glade \/ Cloud White to wersja, kt\u00f3ra \u0142\u0105czy archiwalne DNA marki z nowoczesnym podej\u015bciem do mody codziennej.<\/p>","protected":false},"excerpt":{"rendered":"<p>Skate\u2019owa estetyka Y2K w klasycznej sylwetce Campus Adidas Originals Campus 00s w kolorystyce Forest Glade \/ Cloud White to reinterpretacja ikonicznego modelu z silnym wp\u0142ywem stylistyki deskorolkowej z pocz\u0105tku lat 2000. Cholewka z naturalnego zamszu w g\u0142\u0119bokiej zieleni wyr\u00f3\u017cnia si\u0119 struktur\u0105 i trwa\u0142o\u015bci\u0105, a oversize\u2019owe bia\u0142e paski i masywniejsza sylwetka nadaj\u0105 ca\u0142o\u015bci autentyczny charakter streetwearu &hellip;<\/p>","protected":false},"featured_media":26792,"template":"","meta":{"_acf_changed":false,"_yoast_wpseo_focuskw":"Campus 00s Forest Glade","_yoast_wpseo_title":"","_yoast_wpseo_metadesc":""},"pwb-brand":[748],"product_brand":[],"product_cat":[16,875,76],"product_tag":[1008,1009],"class_list":{"0":"post-26775","1":"product","2":"type-product","3":"status-publish","4":"has-post-thumbnail","6":"pwb-brand-adidas","7":"product_cat-buty","8":"product_cat-adidas-campus","9":"product_cat-adidas","10":"product_tag-kobieta","11":"product_tag-mezczyzna","13":"first","14":"onbackorder","15":"taxable","16":"shipping-taxable","17":"purchasable","18":"product-type-variable","19":"has-default-attributes"},"acf":[],"yoast_head":"<!-- This site is optimized with the Yoast SEO plugin v27.4 - https:\/\/yoast.com\/product\/yoast-seo-wordpress\/ -->\n<title>Adidas Campus 00s Forest Glade - SHEZAMME<\/title>\n<meta name=\"description\" content=\"Adidas Campus 00s Forest Glade | Luksusowe i autentyczne przedmioty w jednym miejscu. B\u0105d\u017a na bie\u017c\u0105co i sprawd\u017a nasz\u0105 ofert\u0119 ju\u017c teraz\" \/>\n<meta name=\"robots\" content=\"index, follow, max-snippet:-1, max-image-preview:large, max-video-preview:-1\" \/>\n<link rel=\"canonical\" href=\"https:\/\/shezamme.com\/en\/sklep\/sneakers-2\/adidas\/adidas-campus\/adidas-campus-00s-forest-glade\/\" \/>\n<meta property=\"og:locale\" content=\"en_US\" \/>\n<meta property=\"og:type\" content=\"article\" \/>\n<meta property=\"og:title\" content=\"Adidas Campus 00s Forest Glade - SHEZAMME\" \/>\n<meta property=\"og:description\" content=\"Adidas Campus 00s Forest Glade | Luksusowe i autentyczne przedmioty w jednym miejscu. B\u0105d\u017a na bie\u017c\u0105co i sprawd\u017a nasz\u0105 ofert\u0119 ju\u017c teraz\" \/>\n<meta property=\"og:url\" content=\"https:\/\/shezamme.com\/en\/sklep\/sneakers-2\/adidas\/adidas-campus\/adidas-campus-00s-forest-glade\/\" \/>\n<meta property=\"og:site_name\" content=\"SHEZAMME - Yeezy, Jordan, Supreme i inne oryginalne rzeczy\" \/>\n<meta property=\"article:publisher\" content=\"https:\/\/www.facebook.com\/SHEZAMME\/\" \/>\n<meta property=\"article:modified_time\" content=\"2025-03-30T13:30:28+00:00\" \/>\n<meta property=\"og:image\" content=\"https:\/\/shezamme.com\/wp-content\/uploads\/2023\/04\/IMG_9086.jpg\" \/>\n\t<meta property=\"og:image:width\" content=\"1170\" \/>\n\t<meta property=\"og:image:height\" content=\"1056\" \/>\n\t<meta property=\"og:image:type\" content=\"image\/jpeg\" \/>\n<meta name=\"twitter:card\" content=\"summary_large_image\" \/>\n<meta name=\"twitter:site\" content=\"@SHEZAMME\" \/>\n<meta name=\"twitter:label1\" content=\"Est. reading time\" \/>\n\t<meta name=\"twitter:data1\" content=\"1 minute\" \/>\n<script type=\"application\/ld+json\" class=\"yoast-schema-graph\">{\"@context\":\"https:\\\/\\\/schema.org\",\"@graph\":[{\"@type\":\"WebPage\",\"@id\":\"https:\\\/\\\/shezamme.com\\\/sklep\\\/buty\\\/adidas\\\/adidas-campus\\\/adidas-campus-00s-forest-glade\\\/\",\"url\":\"https:\\\/\\\/shezamme.com\\\/sklep\\\/buty\\\/adidas\\\/adidas-campus\\\/adidas-campus-00s-forest-glade\\\/\",\"name\":\"Adidas Campus 00s Forest Glade - SHEZAMME\",\"isPartOf\":{\"@id\":\"https:\\\/\\\/shezamme.com\\\/#website\"},\"primaryImageOfPage\":{\"@id\":\"https:\\\/\\\/shezamme.com\\\/sklep\\\/buty\\\/adidas\\\/adidas-campus\\\/adidas-campus-00s-forest-glade\\\/#primaryimage\"},\"image\":{\"@id\":\"https:\\\/\\\/shezamme.com\\\/sklep\\\/buty\\\/adidas\\\/adidas-campus\\\/adidas-campus-00s-forest-glade\\\/#primaryimage\"},\"thumbnailUrl\":\"https:\\\/\\\/shezamme.com\\\/wp-content\\\/uploads\\\/2023\\\/04\\\/IMG_9086.jpg\",\"datePublished\":\"2023-04-17T10:58:23+00:00\",\"dateModified\":\"2025-03-30T13:30:28+00:00\",\"description\":\"Adidas Campus 00s Forest Glade | Luksusowe i autentyczne przedmioty w jednym miejscu. B\u0105d\u017a na bie\u017c\u0105co i sprawd\u017a nasz\u0105 ofert\u0119 ju\u017c teraz\",\"breadcrumb\":{\"@id\":\"https:\\\/\\\/shezamme.com\\\/sklep\\\/buty\\\/adidas\\\/adidas-campus\\\/adidas-campus-00s-forest-glade\\\/#breadcrumb\"},\"inLanguage\":\"en-US\",\"potentialAction\":[{\"@type\":\"ReadAction\",\"target\":[\"https:\\\/\\\/shezamme.com\\\/sklep\\\/buty\\\/adidas\\\/adidas-campus\\\/adidas-campus-00s-forest-glade\\\/\"]}]},{\"@type\":\"ImageObject\",\"inLanguage\":\"en-US\",\"@id\":\"https:\\\/\\\/shezamme.com\\\/sklep\\\/buty\\\/adidas\\\/adidas-campus\\\/adidas-campus-00s-forest-glade\\\/#primaryimage\",\"url\":\"https:\\\/\\\/shezamme.com\\\/wp-content\\\/uploads\\\/2023\\\/04\\\/IMG_9086.jpg\",\"contentUrl\":\"https:\\\/\\\/shezamme.com\\\/wp-content\\\/uploads\\\/2023\\\/04\\\/IMG_9086.jpg\",\"width\":1170,\"height\":1056,\"caption\":\"Campus 00s Forest Glade\"},{\"@type\":\"BreadcrumbList\",\"@id\":\"https:\\\/\\\/shezamme.com\\\/sklep\\\/buty\\\/adidas\\\/adidas-campus\\\/adidas-campus-00s-forest-glade\\\/#breadcrumb\",\"itemListElement\":[{\"@type\":\"ListItem\",\"position\":1,\"name\":\"Strona g\u0142\u00f3wna\",\"item\":\"https:\\\/\\\/shezamme.com\\\/\"},{\"@type\":\"ListItem\",\"position\":2,\"name\":\"Sklep\",\"item\":\"https:\\\/\\\/shezamme.com\\\/en\\\/sklep\\\/\"},{\"@type\":\"ListItem\",\"position\":3,\"name\":\"Adidas Campus 00s Forest Glade\"}]},{\"@type\":\"WebSite\",\"@id\":\"https:\\\/\\\/shezamme.com\\\/#website\",\"url\":\"https:\\\/\\\/shezamme.com\\\/\",\"name\":\"SHEZAMME - Sneakersy, Streetwear i luksusowe marki\",\"description\":\"Oryginalne i ekskluzywne przedmioty w jednym miejscu. Sprawd\u017a nasze produkty ju\u017c teraz i b\u0105d\u017a na bie\u017c\u0105co z wszystkimi premierami.\",\"publisher\":{\"@id\":\"https:\\\/\\\/shezamme.com\\\/#organization\"},\"potentialAction\":[{\"@type\":\"SearchAction\",\"target\":{\"@type\":\"EntryPoint\",\"urlTemplate\":\"https:\\\/\\\/shezamme.com\\\/?s={search_term_string}\"},\"query-input\":{\"@type\":\"PropertyValueSpecification\",\"valueRequired\":true,\"valueName\":\"search_term_string\"}}],\"inLanguage\":\"en-US\"},{\"@type\":\"Organization\",\"@id\":\"https:\\\/\\\/shezamme.com\\\/#organization\",\"name\":\"SHEZAMME - Sneakersy, Streetwear i luksusowe marki\",\"url\":\"https:\\\/\\\/shezamme.com\\\/\",\"logo\":{\"@type\":\"ImageObject\",\"inLanguage\":\"en-US\",\"@id\":\"https:\\\/\\\/shezamme.com\\\/#\\\/schema\\\/logo\\\/image\\\/\",\"url\":\"https:\\\/\\\/shezamme.com\\\/wp-content\\\/uploads\\\/2023\\\/02\\\/0x0.png\",\"contentUrl\":\"https:\\\/\\\/shezamme.com\\\/wp-content\\\/uploads\\\/2023\\\/02\\\/0x0.png\",\"width\":2000,\"height\":2000,\"caption\":\"SHEZAMME - Sneakersy, Streetwear i luksusowe marki\"},\"image\":{\"@id\":\"https:\\\/\\\/shezamme.com\\\/#\\\/schema\\\/logo\\\/image\\\/\"},\"sameAs\":[\"https:\\\/\\\/www.facebook.com\\\/SHEZAMME\\\/\",\"https:\\\/\\\/x.com\\\/SHEZAMME\",\"https:\\\/\\\/www.instagram.com\\\/shezamme\\\/\",\"https:\\\/\\\/www.youtube.com\\\/channel\\\/UCsTJxi_9fODHdO_1bmJbqvQ\",\"https:\\\/\\\/www.tiktok.com\\\/shezamme.com\"]}]}<\/script>\n<!-- \/ Yoast SEO plugin. -->","yoast_head_json":{"title":"Adidas Campus 00s Forest Glade - SHEZAMME","description":"Adidas Campus 00s Forest Glade | Luksusowe i autentyczne przedmioty w jednym miejscu. B\u0105d\u017a na bie\u017c\u0105co i sprawd\u017a nasz\u0105 ofert\u0119 ju\u017c teraz","robots":{"index":"index","follow":"follow","max-snippet":"max-snippet:-1","max-image-preview":"max-image-preview:large","max-video-preview":"max-video-preview:-1"},"canonical":"https:\/\/shezamme.com\/en\/sklep\/sneakers-2\/adidas\/adidas-campus\/adidas-campus-00s-forest-glade\/","og_locale":"en_US","og_type":"article","og_title":"Adidas Campus 00s Forest Glade - SHEZAMME","og_description":"Adidas Campus 00s Forest Glade | Luksusowe i autentyczne przedmioty w jednym miejscu. B\u0105d\u017a na bie\u017c\u0105co i sprawd\u017a nasz\u0105 ofert\u0119 ju\u017c teraz","og_url":"https:\/\/shezamme.com\/en\/sklep\/sneakers-2\/adidas\/adidas-campus\/adidas-campus-00s-forest-glade\/","og_site_name":"SHEZAMME - Yeezy, Jordan, Supreme i inne oryginalne rzeczy","article_publisher":"https:\/\/www.facebook.com\/SHEZAMME\/","article_modified_time":"2025-03-30T13:30:28+00:00","og_image":[{"width":1170,"height":1056,"url":"https:\/\/shezamme.com\/wp-content\/uploads\/2023\/04\/IMG_9086.jpg","type":"image\/jpeg"}],"twitter_card":"summary_large_image","twitter_site":"@SHEZAMME","twitter_misc":{"Est. reading time":"1 minute"},"schema":{"@context":"https:\/\/schema.org","@graph":[{"@type":"WebPage","@id":"https:\/\/shezamme.com\/sklep\/buty\/adidas\/adidas-campus\/adidas-campus-00s-forest-glade\/","url":"https:\/\/shezamme.com\/sklep\/buty\/adidas\/adidas-campus\/adidas-campus-00s-forest-glade\/","name":"Adidas Campus 00s Forest Glade - SHEZAMME","isPartOf":{"@id":"https:\/\/shezamme.com\/#website"},"primaryImageOfPage":{"@id":"https:\/\/shezamme.com\/sklep\/buty\/adidas\/adidas-campus\/adidas-campus-00s-forest-glade\/#primaryimage"},"image":{"@id":"https:\/\/shezamme.com\/sklep\/buty\/adidas\/adidas-campus\/adidas-campus-00s-forest-glade\/#primaryimage"},"thumbnailUrl":"https:\/\/shezamme.com\/wp-content\/uploads\/2023\/04\/IMG_9086.jpg","datePublished":"2023-04-17T10:58:23+00:00","dateModified":"2025-03-30T13:30:28+00:00","description":"Adidas Campus 00s Forest Glade | Luksusowe i autentyczne przedmioty w jednym miejscu. B\u0105d\u017a na bie\u017c\u0105co i sprawd\u017a nasz\u0105 ofert\u0119 ju\u017c teraz","breadcrumb":{"@id":"https:\/\/shezamme.com\/sklep\/buty\/adidas\/adidas-campus\/adidas-campus-00s-forest-glade\/#breadcrumb"},"inLanguage":"en-US","potentialAction":[{"@type":"ReadAction","target":["https:\/\/shezamme.com\/sklep\/buty\/adidas\/adidas-campus\/adidas-campus-00s-forest-glade\/"]}]},{"@type":"ImageObject","inLanguage":"en-US","@id":"https:\/\/shezamme.com\/sklep\/buty\/adidas\/adidas-campus\/adidas-campus-00s-forest-glade\/#primaryimage","url":"https:\/\/shezamme.com\/wp-content\/uploads\/2023\/04\/IMG_9086.jpg","contentUrl":"https:\/\/shezamme.com\/wp-content\/uploads\/2023\/04\/IMG_9086.jpg","width":1170,"height":1056,"caption":"Campus 00s Forest Glade"},{"@type":"BreadcrumbList","@id":"https:\/\/shezamme.com\/sklep\/buty\/adidas\/adidas-campus\/adidas-campus-00s-forest-glade\/#breadcrumb","itemListElement":[{"@type":"ListItem","position":1,"name":"Strona g\u0142\u00f3wna","item":"https:\/\/shezamme.com\/"},{"@type":"ListItem","position":2,"name":"Sklep","item":"https:\/\/shezamme.com\/en\/sklep\/"},{"@type":"ListItem","position":3,"name":"Adidas Campus 00s Forest Glade"}]},{"@type":"WebSite","@id":"https:\/\/shezamme.com\/#website","url":"https:\/\/shezamme.com\/","name":"SHEZAMME - Sneakers, Streetwear and luxury brands","description":"Original and exclusive items in one place. Check out our products now and stay up to date with all launches.","publisher":{"@id":"https:\/\/shezamme.com\/#organization"},"potentialAction":[{"@type":"SearchAction","target":{"@type":"EntryPoint","urlTemplate":"https:\/\/shezamme.com\/?s={search_term_string}"},"query-input":{"@type":"PropertyValueSpecification","valueRequired":true,"valueName":"search_term_string"}}],"inLanguage":"en-US"},{"@type":"Organization","@id":"https:\/\/shezamme.com\/#organization","name":"SHEZAMME - Sneakers, Streetwear and luxury brands","url":"https:\/\/shezamme.com\/","logo":{"@type":"ImageObject","inLanguage":"en-US","@id":"https:\/\/shezamme.com\/#\/schema\/logo\/image\/","url":"https:\/\/shezamme.com\/wp-content\/uploads\/2023\/02\/0x0.png","contentUrl":"https:\/\/shezamme.com\/wp-content\/uploads\/2023\/02\/0x0.png","width":2000,"height":2000,"caption":"SHEZAMME - Sneakersy, Streetwear i luksusowe marki"},"image":{"@id":"https:\/\/shezamme.com\/#\/schema\/logo\/image\/"},"sameAs":["https:\/\/www.facebook.com\/SHEZAMME\/","https:\/\/x.com\/SHEZAMME","https:\/\/www.instagram.com\/shezamme\/","https:\/\/www.youtube.com\/channel\/UCsTJxi_9fODHdO_1bmJbqvQ","https:\/\/www.tiktok.com\/shezamme.com"]}]}},"brands":[{"id":748,"name":"Adidas","slug":"adidas"}],"_links":{"self":[{"href":"https:\/\/shezamme.com\/en\/wp-json\/wp\/v2\/product\/26775","targetHints":{"allow":["GET"]}}],"collection":[{"href":"https:\/\/shezamme.com\/en\/wp-json\/wp\/v2\/product"}],"about":[{"href":"https:\/\/shezamme.com\/en\/wp-json\/wp\/v2\/types\/product"}],"wp:featuredmedia":[{"embeddable":true,"href":"https:\/\/shezamme.com\/en\/wp-json\/wp\/v2\/media\/26792"}],"wp:attachment":[{"href":"https:\/\/shezamme.com\/en\/wp-json\/wp\/v2\/media?parent=26775"}],"wp:term":[{"taxonomy":"pwb-brand","embeddable":true,"href":"https:\/\/shezamme.com\/en\/wp-json\/wp\/v2\/pwb-brand?post=26775"},{"taxonomy":"product_brand","embeddable":true,"href":"https:\/\/shezamme.com\/en\/wp-json\/wp\/v2\/product_brand?post=26775"},{"taxonomy":"product_cat","embeddable":true,"href":"https:\/\/shezamme.com\/en\/wp-json\/wp\/v2\/product_cat?post=26775"},{"taxonomy":"product_tag","embeddable":true,"href":"https:\/\/shezamme.com\/en\/wp-json\/wp\/v2\/product_tag?post=26775"}],"curies":[{"name":"wp","href":"https:\/\/api.w.org\/{rel}","templated":true}]}}