{"id":26583,"date":"2023-04-05T15:38:34","date_gmt":"2023-04-05T13:38:34","guid":{"rendered":"https:\/\/shezamme.com\/?post_type=product&#038;p=26583"},"modified":"2025-03-16T16:08:24","modified_gmt":"2025-03-16T15:08:24","slug":"nike-sb-dunk-low-pro-qs-fly-streetwear","status":"publish","type":"product","link":"https:\/\/shezamme.com\/en\/sklep\/buty\/dunk\/buty-nike-dunk-sb\/nike-sb-dunk-low-pro-qs-fly-streetwear\/","title":{"rendered":"Nike SB Dunk Low Pro QS Fly Streetwear"},"content":{"rendered":"<h2 data-start=\"0\" data-end=\"62\">Unikalne po\u0142\u0105czenie skateboardingu i chi\u0144skiego rzemios\u0142a<\/h2>\n<p data-start=\"64\" data-end=\"408\">Nike SB Dunk Low Pro QS x Fly Streetwear to limitowana edycja inspirowana azjatyck\u0105 kultur\u0105 uliczn\u0105. Bia\u0142a sk\u00f3rzano-zamszowa cholewka ozdobiona jest haftowanymi niebieskimi pi\u00f3rami, nawi\u0105zuj\u0105cymi do tradycyjnych zapachowych saszetek sprzedawanych na ulicach Szanghaju. Zielone akcenty dodaj\u0105 kontrastu, podkre\u015blaj\u0105c unikalny charakter modelu.<\/p>\n<h2 data-start=\"410\" data-end=\"450\">Komfort i funkcjonalno\u015b\u0107 w stylu SB<\/h2>\n<p data-start=\"452\" data-end=\"771\" data-is-last-node=\"\" data-is-only-node=\"\">Model posiada grub\u0105, wy\u015bcie\u0142an\u0105 konstrukcj\u0119 j\u0119zyka dla lepszego dopasowania oraz amortyzacj\u0119 Zoom Air w wk\u0142adce, zapewniaj\u0105c\u0105 wygod\u0119 podczas jazdy na desce. Gumowa podeszwa z klasycznym wzorem trakcji gwarantuje doskona\u0142\u0105 przyczepno\u015b\u0107, a branding Fly Streetwear na wk\u0142adce podkre\u015bla wyj\u0105tkowy charakter tej kolaboracji.<\/p>","protected":false},"excerpt":{"rendered":"<h2 data-start=\"0\" data-end=\"56\">Skateboarding w ho\u0142dzie chi\u0144skiej kulturze ulicznej<\/h2>\n<p data-start=\"58\" data-end=\"424\" data-is-last-node=\"\" data-is-only-node=\"\">Nike SB Dunk Low Pro QS x Fly Streetwear to unikalne po\u0142\u0105czenie deskorolkowego stylu z azjatyckim rzemios\u0142em. Bia\u0142a cholewka z zamszu i sk\u00f3ry premium ozdobiona jest haftowanymi niebieskimi pi\u00f3rami, inspirowanymi tradycyjnymi zapachowymi saszetkami z Szanghaju. Dzi\u0119ki amortyzacji Zoom Air i gumowej podeszwie model zapewnia komfort i doskona\u0142\u0105 przyczepno\u015b\u0107 na desce.<\/p>","protected":false},"featured_media":26603,"template":"","meta":{"_acf_changed":false,"_yoast_wpseo_focuskw":"Nike SB Dunk Low Pro QS Fly Streetwear","_yoast_wpseo_title":"","_yoast_wpseo_metadesc":""},"pwb-brand":[756],"product_brand":[],"product_cat":[16,105,943],"product_tag":[1008,1009],"class_list":{"0":"post-26583","1":"product","2":"type-product","3":"status-publish","4":"has-post-thumbnail","6":"pwb-brand-nike","7":"product_cat-buty","8":"product_cat-dunk","9":"product_cat-buty-nike-dunk-sb","10":"product_tag-kobieta","11":"product_tag-mezczyzna","13":"first","14":"onbackorder","15":"taxable","16":"shipping-taxable","17":"purchasable","18":"product-type-variable","19":"has-default-attributes"},"acf":[],"yoast_head":"<!-- This site is optimized with the Yoast SEO plugin v27.4 - https:\/\/yoast.com\/product\/yoast-seo-wordpress\/ -->\n<title>Nike SB Dunk Low Pro QS Fly Streetwear - SHEZAMME<\/title>\n<meta name=\"description\" content=\"Nike SB Dunk Low Pro QS Fly Streetwear | Luksusowe i autentyczne przedmioty w jednym miejscu. B\u0105d\u017a na bie\u017c\u0105co i sprawd\u017a nasz\u0105 ofert\u0119 ju\u017c teraz\" \/>\n<meta name=\"robots\" content=\"index, follow, max-snippet:-1, max-image-preview:large, max-video-preview:-1\" \/>\n<link rel=\"canonical\" href=\"https:\/\/shezamme.com\/en\/sklep\/sneakers-2\/dunk\/nike-dunk-low\/nike-sb-dunk-low-pro-qs-fly-streetwear\/\" \/>\n<meta property=\"og:locale\" content=\"en_US\" \/>\n<meta property=\"og:type\" content=\"article\" \/>\n<meta property=\"og:title\" content=\"Nike SB Dunk Low Pro QS Fly Streetwear - SHEZAMME\" \/>\n<meta property=\"og:description\" content=\"Nike SB Dunk Low Pro QS Fly Streetwear | Luksusowe i autentyczne przedmioty w jednym miejscu. B\u0105d\u017a na bie\u017c\u0105co i sprawd\u017a nasz\u0105 ofert\u0119 ju\u017c teraz\" \/>\n<meta property=\"og:url\" content=\"https:\/\/shezamme.com\/en\/sklep\/sneakers-2\/dunk\/nike-dunk-low\/nike-sb-dunk-low-pro-qs-fly-streetwear\/\" \/>\n<meta property=\"og:site_name\" content=\"SHEZAMME - Yeezy, Jordan, Supreme i inne oryginalne rzeczy\" \/>\n<meta property=\"article:publisher\" content=\"https:\/\/www.facebook.com\/SHEZAMME\/\" \/>\n<meta property=\"article:modified_time\" content=\"2025-03-16T15:08:24+00:00\" \/>\n<meta property=\"og:image\" content=\"https:\/\/shezamme.com\/wp-content\/uploads\/2023\/04\/IMG_8513.jpg\" \/>\n\t<meta property=\"og:image:width\" content=\"1170\" \/>\n\t<meta property=\"og:image:height\" content=\"1093\" \/>\n\t<meta property=\"og:image:type\" content=\"image\/jpeg\" \/>\n<meta name=\"twitter:card\" content=\"summary_large_image\" \/>\n<meta name=\"twitter:site\" content=\"@SHEZAMME\" \/>\n<meta name=\"twitter:label1\" content=\"Est. reading time\" \/>\n\t<meta name=\"twitter:data1\" content=\"1 minute\" \/>\n<script type=\"application\/ld+json\" class=\"yoast-schema-graph\">{\"@context\":\"https:\\\/\\\/schema.org\",\"@graph\":[{\"@type\":\"WebPage\",\"@id\":\"https:\\\/\\\/shezamme.com\\\/sklep\\\/buty\\\/dunk\\\/nike-dunk-low\\\/nike-sb-dunk-low-pro-qs-fly-streetwear\\\/\",\"url\":\"https:\\\/\\\/shezamme.com\\\/sklep\\\/buty\\\/dunk\\\/nike-dunk-low\\\/nike-sb-dunk-low-pro-qs-fly-streetwear\\\/\",\"name\":\"Nike SB Dunk Low Pro QS Fly Streetwear - SHEZAMME\",\"isPartOf\":{\"@id\":\"https:\\\/\\\/shezamme.com\\\/#website\"},\"primaryImageOfPage\":{\"@id\":\"https:\\\/\\\/shezamme.com\\\/sklep\\\/buty\\\/dunk\\\/nike-dunk-low\\\/nike-sb-dunk-low-pro-qs-fly-streetwear\\\/#primaryimage\"},\"image\":{\"@id\":\"https:\\\/\\\/shezamme.com\\\/sklep\\\/buty\\\/dunk\\\/nike-dunk-low\\\/nike-sb-dunk-low-pro-qs-fly-streetwear\\\/#primaryimage\"},\"thumbnailUrl\":\"https:\\\/\\\/shezamme.com\\\/wp-content\\\/uploads\\\/2023\\\/04\\\/IMG_8513.jpg\",\"datePublished\":\"2023-04-05T13:38:34+00:00\",\"dateModified\":\"2025-03-16T15:08:24+00:00\",\"description\":\"Nike SB Dunk Low Pro QS Fly Streetwear | Luksusowe i autentyczne przedmioty w jednym miejscu. B\u0105d\u017a na bie\u017c\u0105co i sprawd\u017a nasz\u0105 ofert\u0119 ju\u017c teraz\",\"breadcrumb\":{\"@id\":\"https:\\\/\\\/shezamme.com\\\/sklep\\\/buty\\\/dunk\\\/nike-dunk-low\\\/nike-sb-dunk-low-pro-qs-fly-streetwear\\\/#breadcrumb\"},\"inLanguage\":\"en-US\",\"potentialAction\":[{\"@type\":\"ReadAction\",\"target\":[\"https:\\\/\\\/shezamme.com\\\/sklep\\\/buty\\\/dunk\\\/nike-dunk-low\\\/nike-sb-dunk-low-pro-qs-fly-streetwear\\\/\"]}]},{\"@type\":\"ImageObject\",\"inLanguage\":\"en-US\",\"@id\":\"https:\\\/\\\/shezamme.com\\\/sklep\\\/buty\\\/dunk\\\/nike-dunk-low\\\/nike-sb-dunk-low-pro-qs-fly-streetwear\\\/#primaryimage\",\"url\":\"https:\\\/\\\/shezamme.com\\\/wp-content\\\/uploads\\\/2023\\\/04\\\/IMG_8513.jpg\",\"contentUrl\":\"https:\\\/\\\/shezamme.com\\\/wp-content\\\/uploads\\\/2023\\\/04\\\/IMG_8513.jpg\",\"width\":1170,\"height\":1093,\"caption\":\"Nike SB Dunk Low Pro QS Fly Streetwear\"},{\"@type\":\"BreadcrumbList\",\"@id\":\"https:\\\/\\\/shezamme.com\\\/sklep\\\/buty\\\/dunk\\\/nike-dunk-low\\\/nike-sb-dunk-low-pro-qs-fly-streetwear\\\/#breadcrumb\",\"itemListElement\":[{\"@type\":\"ListItem\",\"position\":1,\"name\":\"Strona g\u0142\u00f3wna\",\"item\":\"https:\\\/\\\/shezamme.com\\\/\"},{\"@type\":\"ListItem\",\"position\":2,\"name\":\"Sklep\",\"item\":\"https:\\\/\\\/shezamme.com\\\/en\\\/sklep\\\/\"},{\"@type\":\"ListItem\",\"position\":3,\"name\":\"Nike SB Dunk Low Pro QS Fly Streetwear\"}]},{\"@type\":\"WebSite\",\"@id\":\"https:\\\/\\\/shezamme.com\\\/#website\",\"url\":\"https:\\\/\\\/shezamme.com\\\/\",\"name\":\"SHEZAMME - Sneakersy, Streetwear i luksusowe marki\",\"description\":\"Oryginalne i ekskluzywne przedmioty w jednym miejscu. Sprawd\u017a nasze produkty ju\u017c teraz i b\u0105d\u017a na bie\u017c\u0105co z wszystkimi premierami.\",\"publisher\":{\"@id\":\"https:\\\/\\\/shezamme.com\\\/#organization\"},\"potentialAction\":[{\"@type\":\"SearchAction\",\"target\":{\"@type\":\"EntryPoint\",\"urlTemplate\":\"https:\\\/\\\/shezamme.com\\\/?s={search_term_string}\"},\"query-input\":{\"@type\":\"PropertyValueSpecification\",\"valueRequired\":true,\"valueName\":\"search_term_string\"}}],\"inLanguage\":\"en-US\"},{\"@type\":\"Organization\",\"@id\":\"https:\\\/\\\/shezamme.com\\\/#organization\",\"name\":\"SHEZAMME - Sneakersy, Streetwear i luksusowe marki\",\"url\":\"https:\\\/\\\/shezamme.com\\\/\",\"logo\":{\"@type\":\"ImageObject\",\"inLanguage\":\"en-US\",\"@id\":\"https:\\\/\\\/shezamme.com\\\/#\\\/schema\\\/logo\\\/image\\\/\",\"url\":\"https:\\\/\\\/shezamme.com\\\/wp-content\\\/uploads\\\/2023\\\/02\\\/0x0.png\",\"contentUrl\":\"https:\\\/\\\/shezamme.com\\\/wp-content\\\/uploads\\\/2023\\\/02\\\/0x0.png\",\"width\":2000,\"height\":2000,\"caption\":\"SHEZAMME - Sneakersy, Streetwear i luksusowe marki\"},\"image\":{\"@id\":\"https:\\\/\\\/shezamme.com\\\/#\\\/schema\\\/logo\\\/image\\\/\"},\"sameAs\":[\"https:\\\/\\\/www.facebook.com\\\/SHEZAMME\\\/\",\"https:\\\/\\\/x.com\\\/SHEZAMME\",\"https:\\\/\\\/www.instagram.com\\\/shezamme\\\/\",\"https:\\\/\\\/www.youtube.com\\\/channel\\\/UCsTJxi_9fODHdO_1bmJbqvQ\",\"https:\\\/\\\/www.tiktok.com\\\/shezamme.com\"]}]}<\/script>\n<!-- \/ Yoast SEO plugin. -->","yoast_head_json":{"title":"Nike SB Dunk Low Pro QS Fly Streetwear - SHEZAMME","description":"Nike SB Dunk Low Pro QS Fly Streetwear | Luksusowe i autentyczne przedmioty w jednym miejscu. B\u0105d\u017a na bie\u017c\u0105co i sprawd\u017a nasz\u0105 ofert\u0119 ju\u017c teraz","robots":{"index":"index","follow":"follow","max-snippet":"max-snippet:-1","max-image-preview":"max-image-preview:large","max-video-preview":"max-video-preview:-1"},"canonical":"https:\/\/shezamme.com\/en\/sklep\/sneakers-2\/dunk\/nike-dunk-low\/nike-sb-dunk-low-pro-qs-fly-streetwear\/","og_locale":"en_US","og_type":"article","og_title":"Nike SB Dunk Low Pro QS Fly Streetwear - SHEZAMME","og_description":"Nike SB Dunk Low Pro QS Fly Streetwear | Luksusowe i autentyczne przedmioty w jednym miejscu. B\u0105d\u017a na bie\u017c\u0105co i sprawd\u017a nasz\u0105 ofert\u0119 ju\u017c teraz","og_url":"https:\/\/shezamme.com\/en\/sklep\/sneakers-2\/dunk\/nike-dunk-low\/nike-sb-dunk-low-pro-qs-fly-streetwear\/","og_site_name":"SHEZAMME - Yeezy, Jordan, Supreme i inne oryginalne rzeczy","article_publisher":"https:\/\/www.facebook.com\/SHEZAMME\/","article_modified_time":"2025-03-16T15:08:24+00:00","og_image":[{"width":1170,"height":1093,"url":"https:\/\/shezamme.com\/wp-content\/uploads\/2023\/04\/IMG_8513.jpg","type":"image\/jpeg"}],"twitter_card":"summary_large_image","twitter_site":"@SHEZAMME","twitter_misc":{"Est. reading time":"1 minute"},"schema":{"@context":"https:\/\/schema.org","@graph":[{"@type":"WebPage","@id":"https:\/\/shezamme.com\/sklep\/buty\/dunk\/nike-dunk-low\/nike-sb-dunk-low-pro-qs-fly-streetwear\/","url":"https:\/\/shezamme.com\/sklep\/buty\/dunk\/nike-dunk-low\/nike-sb-dunk-low-pro-qs-fly-streetwear\/","name":"Nike SB Dunk Low Pro QS Fly Streetwear - SHEZAMME","isPartOf":{"@id":"https:\/\/shezamme.com\/#website"},"primaryImageOfPage":{"@id":"https:\/\/shezamme.com\/sklep\/buty\/dunk\/nike-dunk-low\/nike-sb-dunk-low-pro-qs-fly-streetwear\/#primaryimage"},"image":{"@id":"https:\/\/shezamme.com\/sklep\/buty\/dunk\/nike-dunk-low\/nike-sb-dunk-low-pro-qs-fly-streetwear\/#primaryimage"},"thumbnailUrl":"https:\/\/shezamme.com\/wp-content\/uploads\/2023\/04\/IMG_8513.jpg","datePublished":"2023-04-05T13:38:34+00:00","dateModified":"2025-03-16T15:08:24+00:00","description":"Nike SB Dunk Low Pro QS Fly Streetwear | Luksusowe i autentyczne przedmioty w jednym miejscu. B\u0105d\u017a na bie\u017c\u0105co i sprawd\u017a nasz\u0105 ofert\u0119 ju\u017c teraz","breadcrumb":{"@id":"https:\/\/shezamme.com\/sklep\/buty\/dunk\/nike-dunk-low\/nike-sb-dunk-low-pro-qs-fly-streetwear\/#breadcrumb"},"inLanguage":"en-US","potentialAction":[{"@type":"ReadAction","target":["https:\/\/shezamme.com\/sklep\/buty\/dunk\/nike-dunk-low\/nike-sb-dunk-low-pro-qs-fly-streetwear\/"]}]},{"@type":"ImageObject","inLanguage":"en-US","@id":"https:\/\/shezamme.com\/sklep\/buty\/dunk\/nike-dunk-low\/nike-sb-dunk-low-pro-qs-fly-streetwear\/#primaryimage","url":"https:\/\/shezamme.com\/wp-content\/uploads\/2023\/04\/IMG_8513.jpg","contentUrl":"https:\/\/shezamme.com\/wp-content\/uploads\/2023\/04\/IMG_8513.jpg","width":1170,"height":1093,"caption":"Nike SB Dunk Low Pro QS Fly Streetwear"},{"@type":"BreadcrumbList","@id":"https:\/\/shezamme.com\/sklep\/buty\/dunk\/nike-dunk-low\/nike-sb-dunk-low-pro-qs-fly-streetwear\/#breadcrumb","itemListElement":[{"@type":"ListItem","position":1,"name":"Strona g\u0142\u00f3wna","item":"https:\/\/shezamme.com\/"},{"@type":"ListItem","position":2,"name":"Sklep","item":"https:\/\/shezamme.com\/en\/sklep\/"},{"@type":"ListItem","position":3,"name":"Nike SB Dunk Low Pro QS Fly Streetwear"}]},{"@type":"WebSite","@id":"https:\/\/shezamme.com\/#website","url":"https:\/\/shezamme.com\/","name":"SHEZAMME - Sneakers, Streetwear and luxury brands","description":"Original and exclusive items in one place. Check out our products now and stay up to date with all launches.","publisher":{"@id":"https:\/\/shezamme.com\/#organization"},"potentialAction":[{"@type":"SearchAction","target":{"@type":"EntryPoint","urlTemplate":"https:\/\/shezamme.com\/?s={search_term_string}"},"query-input":{"@type":"PropertyValueSpecification","valueRequired":true,"valueName":"search_term_string"}}],"inLanguage":"en-US"},{"@type":"Organization","@id":"https:\/\/shezamme.com\/#organization","name":"SHEZAMME - Sneakers, Streetwear and luxury brands","url":"https:\/\/shezamme.com\/","logo":{"@type":"ImageObject","inLanguage":"en-US","@id":"https:\/\/shezamme.com\/#\/schema\/logo\/image\/","url":"https:\/\/shezamme.com\/wp-content\/uploads\/2023\/02\/0x0.png","contentUrl":"https:\/\/shezamme.com\/wp-content\/uploads\/2023\/02\/0x0.png","width":2000,"height":2000,"caption":"SHEZAMME - Sneakersy, Streetwear i luksusowe marki"},"image":{"@id":"https:\/\/shezamme.com\/#\/schema\/logo\/image\/"},"sameAs":["https:\/\/www.facebook.com\/SHEZAMME\/","https:\/\/x.com\/SHEZAMME","https:\/\/www.instagram.com\/shezamme\/","https:\/\/www.youtube.com\/channel\/UCsTJxi_9fODHdO_1bmJbqvQ","https:\/\/www.tiktok.com\/shezamme.com"]}]}},"brands":[{"id":756,"name":"Nike","slug":"nike"}],"_links":{"self":[{"href":"https:\/\/shezamme.com\/en\/wp-json\/wp\/v2\/product\/26583","targetHints":{"allow":["GET"]}}],"collection":[{"href":"https:\/\/shezamme.com\/en\/wp-json\/wp\/v2\/product"}],"about":[{"href":"https:\/\/shezamme.com\/en\/wp-json\/wp\/v2\/types\/product"}],"wp:featuredmedia":[{"embeddable":true,"href":"https:\/\/shezamme.com\/en\/wp-json\/wp\/v2\/media\/26603"}],"wp:attachment":[{"href":"https:\/\/shezamme.com\/en\/wp-json\/wp\/v2\/media?parent=26583"}],"wp:term":[{"taxonomy":"pwb-brand","embeddable":true,"href":"https:\/\/shezamme.com\/en\/wp-json\/wp\/v2\/pwb-brand?post=26583"},{"taxonomy":"product_brand","embeddable":true,"href":"https:\/\/shezamme.com\/en\/wp-json\/wp\/v2\/product_brand?post=26583"},{"taxonomy":"product_cat","embeddable":true,"href":"https:\/\/shezamme.com\/en\/wp-json\/wp\/v2\/product_cat?post=26583"},{"taxonomy":"product_tag","embeddable":true,"href":"https:\/\/shezamme.com\/en\/wp-json\/wp\/v2\/product_tag?post=26583"}],"curies":[{"name":"wp","href":"https:\/\/api.w.org\/{rel}","templated":true}]}}