{"id":25996,"date":"2023-03-29T16:24:34","date_gmt":"2023-03-29T14:24:34","guid":{"rendered":"https:\/\/shezamme.com\/?post_type=product&#038;p=25996"},"modified":"2025-05-19T19:52:28","modified_gmt":"2025-05-19T17:52:28","slug":"nike-ld-waffle-sacai-clot-kiss-of-death-2-cool-grey","status":"publish","type":"product","link":"https:\/\/shezamme.com\/en\/sklep\/buty\/nike\/nike-sacai\/nike-ld-waffle-sacai-clot-kiss-of-death-2-cool-grey\/","title":{"rendered":"Nike LD Waffle sacai CLOT Kiss of Death 2 Cool Grey"},"content":{"rendered":"<h2 data-start=\"0\" data-end=\"51\">Ekskluzywna kolaboracja w futurystycznym stylu<\/h2>\n<p data-start=\"53\" data-end=\"487\">Nike LD Waffle sacai CLOT &#8222;Kiss of Death 2&#8221; Cool Grey to wyj\u0105tkowy projekt \u0142\u0105cz\u0105cy estetyk\u0119 trzech marek \u2013 Nike, sacai i CLOT. Charakterystyczna warstwowa konstrukcja podeszwy Waffle oraz podw\u00f3jne j\u0119zyki i sznur\u00f3wki nadaj\u0105 modelowi unikalny, wielowymiarowy wygl\u0105d. Subtelna szaro-granatowa kolorystyka Cool Grey \/ Obsidian \/ Neutral Grey nawi\u0105zuje do kultowego &#8222;Kiss of Death&#8221;, a p\u00f3\u0142przezroczyste panele dodaj\u0105 nowoczesnego akcentu.<\/p>\n<h2 data-start=\"489\" data-end=\"531\">Komfort i unikalny design na co dzie\u0144<\/h2>\n<p data-start=\"533\" data-end=\"900\" data-is-last-node=\"\" data-is-only-node=\"\">Po\u0142\u0105czenie siateczki, zamszu i sk\u00f3ry naturalnej zapewnia trwa\u0142o\u015b\u0107 oraz wygod\u0119, a amortyzuj\u0105ca wk\u0142adka dba o komfort noszenia przez ca\u0142y dzie\u0144. Warstwowa podeszwa gwarantuje doskona\u0142\u0105 trakcj\u0119, czyni\u0105c ten model nie tylko stylowym, ale i funkcjonalnym. Nike LD Waffle sacai CLOT &#8222;Kiss of Death 2&#8221; Cool Grey to must-have dla kolekcjoner\u00f3w i mi\u0142o\u015bnik\u00f3w sneakersowej mody.<\/p>","protected":false},"excerpt":{"rendered":"<h2 data-start=\"0\" data-end=\"46\">Nowoczesna interpretacja kultowego modelu<\/h2>\n<p data-start=\"48\" data-end=\"464\" data-is-last-node=\"\" data-is-only-node=\"\">Nike LD Waffle sacai CLOT &#8222;Kiss of Death 2&#8221; Cool Grey to unikalna fuzja stylu i innowacji. Warstwowa podeszwa Waffle, podw\u00f3jne j\u0119zyki oraz p\u00f3\u0142przezroczyste panele nadaj\u0105 futurystyczny charakter, a subtelna szaro-granatowa kolorystyka nawi\u0105zuje do legendarnej wsp\u00f3\u0142pracy CLOT i Nike. Po\u0142\u0105czenie siateczki, sk\u00f3ry i zamszu zapewnia wygod\u0119 oraz trwa\u0142o\u015b\u0107, czyni\u0105c ten model idealnym wyborem dla fan\u00f3w limitowanych edycji.<\/p>","protected":false},"featured_media":26008,"template":"","meta":{"_acf_changed":false},"pwb-brand":[1182,756],"product_brand":[],"product_cat":[16,807,93],"product_tag":[1008,1009],"class_list":{"0":"post-25996","1":"product","2":"type-product","3":"status-publish","4":"has-post-thumbnail","6":"pwb-brand-clot","7":"pwb-brand-nike","8":"product_cat-buty","9":"product_cat-nike-sacai","10":"product_cat-nike","11":"product_tag-kobieta","12":"product_tag-mezczyzna","14":"first","15":"onbackorder","16":"taxable","17":"shipping-taxable","18":"purchasable","19":"product-type-variable","20":"has-default-attributes"},"acf":[],"yoast_head":"<!-- This site is optimized with the Yoast SEO plugin v27.2 - https:\/\/yoast.com\/product\/yoast-seo-wordpress\/ -->\n<title>Nike LD Waffle sacai CLOT Kiss of Death 2 Cool Grey - SHEZAMME<\/title>\n<meta name=\"description\" content=\"Nike LD Waffle sacai CLOT Kiss of Death 2 Cool Grey | Luksusowe i autentyczne przedmioty w jednym miejscu. B\u0105d\u017a na bie\u017c\u0105co i sprawd\u017a nasz\u0105 ofert\u0119 ju\u017c teraz\" \/>\n<meta name=\"robots\" content=\"index, follow, max-snippet:-1, max-image-preview:large, max-video-preview:-1\" \/>\n<link rel=\"canonical\" href=\"https:\/\/shezamme.com\/en\/sklep\/sneakers-2\/nike\/nike-sacai\/nike-ld-waffle-sacai-clot-kiss-of-death-2-cool-grey\/\" \/>\n<meta property=\"og:locale\" content=\"en_US\" \/>\n<meta property=\"og:type\" content=\"article\" \/>\n<meta property=\"og:title\" content=\"Nike LD Waffle sacai CLOT Kiss of Death 2 Cool Grey - SHEZAMME\" \/>\n<meta property=\"og:description\" content=\"Nike LD Waffle sacai CLOT Kiss of Death 2 Cool Grey | Luksusowe i autentyczne przedmioty w jednym miejscu. B\u0105d\u017a na bie\u017c\u0105co i sprawd\u017a nasz\u0105 ofert\u0119 ju\u017c teraz\" \/>\n<meta property=\"og:url\" content=\"https:\/\/shezamme.com\/en\/sklep\/sneakers-2\/nike\/nike-sacai\/nike-ld-waffle-sacai-clot-kiss-of-death-2-cool-grey\/\" \/>\n<meta property=\"og:site_name\" content=\"SHEZAMME - Yeezy, Jordan, Supreme i inne oryginalne rzeczy\" \/>\n<meta property=\"article:publisher\" content=\"https:\/\/www.facebook.com\/SHEZAMME\/\" \/>\n<meta property=\"article:modified_time\" content=\"2025-05-19T17:52:28+00:00\" \/>\n<meta property=\"og:image\" content=\"https:\/\/shezamme.com\/wp-content\/uploads\/2023\/03\/IMG_8237.jpg\" \/>\n\t<meta property=\"og:image:width\" content=\"1170\" \/>\n\t<meta property=\"og:image:height\" content=\"1065\" \/>\n\t<meta property=\"og:image:type\" content=\"image\/jpeg\" \/>\n<meta name=\"twitter:card\" content=\"summary_large_image\" \/>\n<meta name=\"twitter:site\" content=\"@SHEZAMME\" \/>\n<meta name=\"twitter:label1\" content=\"Est. reading time\" \/>\n\t<meta name=\"twitter:data1\" content=\"1 minute\" \/>\n<script type=\"application\/ld+json\" class=\"yoast-schema-graph\">{\"@context\":\"https:\/\/schema.org\",\"@graph\":[{\"@type\":\"WebPage\",\"@id\":\"https:\/\/shezamme.com\/sklep\/buty\/nike\/nike-sacai\/nike-ld-waffle-sacai-clot-kiss-of-death-2-cool-grey\/\",\"url\":\"https:\/\/shezamme.com\/sklep\/buty\/nike\/nike-sacai\/nike-ld-waffle-sacai-clot-kiss-of-death-2-cool-grey\/\",\"name\":\"Nike LD Waffle sacai CLOT Kiss of Death 2 Cool Grey - SHEZAMME\",\"isPartOf\":{\"@id\":\"https:\/\/shezamme.com\/#website\"},\"primaryImageOfPage\":{\"@id\":\"https:\/\/shezamme.com\/sklep\/buty\/nike\/nike-sacai\/nike-ld-waffle-sacai-clot-kiss-of-death-2-cool-grey\/#primaryimage\"},\"image\":{\"@id\":\"https:\/\/shezamme.com\/sklep\/buty\/nike\/nike-sacai\/nike-ld-waffle-sacai-clot-kiss-of-death-2-cool-grey\/#primaryimage\"},\"thumbnailUrl\":\"https:\/\/shezamme.com\/wp-content\/uploads\/2023\/03\/IMG_8237.jpg\",\"datePublished\":\"2023-03-29T14:24:34+00:00\",\"dateModified\":\"2025-05-19T17:52:28+00:00\",\"description\":\"Nike LD Waffle sacai CLOT Kiss of Death 2 Cool Grey | Luksusowe i autentyczne przedmioty w jednym miejscu. B\u0105d\u017a na bie\u017c\u0105co i sprawd\u017a nasz\u0105 ofert\u0119 ju\u017c teraz\",\"breadcrumb\":{\"@id\":\"https:\/\/shezamme.com\/sklep\/buty\/nike\/nike-sacai\/nike-ld-waffle-sacai-clot-kiss-of-death-2-cool-grey\/#breadcrumb\"},\"inLanguage\":\"en-US\",\"potentialAction\":[{\"@type\":\"ReadAction\",\"target\":[\"https:\/\/shezamme.com\/sklep\/buty\/nike\/nike-sacai\/nike-ld-waffle-sacai-clot-kiss-of-death-2-cool-grey\/\"]}]},{\"@type\":\"ImageObject\",\"inLanguage\":\"en-US\",\"@id\":\"https:\/\/shezamme.com\/sklep\/buty\/nike\/nike-sacai\/nike-ld-waffle-sacai-clot-kiss-of-death-2-cool-grey\/#primaryimage\",\"url\":\"https:\/\/shezamme.com\/wp-content\/uploads\/2023\/03\/IMG_8237.jpg\",\"contentUrl\":\"https:\/\/shezamme.com\/wp-content\/uploads\/2023\/03\/IMG_8237.jpg\",\"width\":1170,\"height\":1065,\"caption\":\"Nike LD Waffle sacai CLOT Kiss of Death 2 Cool Grey\"},{\"@type\":\"BreadcrumbList\",\"@id\":\"https:\/\/shezamme.com\/sklep\/buty\/nike\/nike-sacai\/nike-ld-waffle-sacai-clot-kiss-of-death-2-cool-grey\/#breadcrumb\",\"itemListElement\":[{\"@type\":\"ListItem\",\"position\":1,\"name\":\"Strona g\u0142\u00f3wna\",\"item\":\"https:\/\/shezamme.com\/\"},{\"@type\":\"ListItem\",\"position\":2,\"name\":\"Sklep\",\"item\":\"https:\/\/shezamme.com\/sklep\/\"},{\"@type\":\"ListItem\",\"position\":3,\"name\":\"Nike LD Waffle sacai CLOT Kiss of Death 2 Cool Grey\"}]},{\"@type\":\"WebSite\",\"@id\":\"https:\/\/shezamme.com\/#website\",\"url\":\"https:\/\/shezamme.com\/\",\"name\":\"SHEZAMME - Sneakersy, Streetwear i luksusowe marki\",\"description\":\"Oryginalne i ekskluzywne przedmioty w jednym miejscu. Sprawd\u017a nasze produkty ju\u017c teraz i b\u0105d\u017a na bie\u017c\u0105co z wszystkimi premierami.\",\"publisher\":{\"@id\":\"https:\/\/shezamme.com\/#organization\"},\"potentialAction\":[{\"@type\":\"SearchAction\",\"target\":{\"@type\":\"EntryPoint\",\"urlTemplate\":\"https:\/\/shezamme.com\/?s={search_term_string}\"},\"query-input\":{\"@type\":\"PropertyValueSpecification\",\"valueRequired\":true,\"valueName\":\"search_term_string\"}}],\"inLanguage\":\"en-US\"},{\"@type\":\"Organization\",\"@id\":\"https:\/\/shezamme.com\/#organization\",\"name\":\"SHEZAMME - Sneakersy, Streetwear i luksusowe marki\",\"url\":\"https:\/\/shezamme.com\/\",\"logo\":{\"@type\":\"ImageObject\",\"inLanguage\":\"en-US\",\"@id\":\"https:\/\/shezamme.com\/#\/schema\/logo\/image\/\",\"url\":\"https:\/\/shezamme.com\/wp-content\/uploads\/2023\/02\/0x0.png\",\"contentUrl\":\"https:\/\/shezamme.com\/wp-content\/uploads\/2023\/02\/0x0.png\",\"width\":2000,\"height\":2000,\"caption\":\"SHEZAMME - Sneakersy, Streetwear i luksusowe marki\"},\"image\":{\"@id\":\"https:\/\/shezamme.com\/#\/schema\/logo\/image\/\"},\"sameAs\":[\"https:\/\/www.facebook.com\/SHEZAMME\/\",\"https:\/\/x.com\/SHEZAMME\",\"https:\/\/www.instagram.com\/shezamme\/\",\"https:\/\/www.youtube.com\/channel\/UCsTJxi_9fODHdO_1bmJbqvQ\",\"https:\/\/www.tiktok.com\/shezamme.com\"]}]}<\/script>\n<!-- \/ Yoast SEO plugin. -->","yoast_head_json":{"title":"Nike LD Waffle sacai CLOT Kiss of Death 2 Cool Grey - SHEZAMME","description":"Nike LD Waffle sacai CLOT Kiss of Death 2 Cool Grey | Luksusowe i autentyczne przedmioty w jednym miejscu. B\u0105d\u017a na bie\u017c\u0105co i sprawd\u017a nasz\u0105 ofert\u0119 ju\u017c teraz","robots":{"index":"index","follow":"follow","max-snippet":"max-snippet:-1","max-image-preview":"max-image-preview:large","max-video-preview":"max-video-preview:-1"},"canonical":"https:\/\/shezamme.com\/en\/sklep\/sneakers-2\/nike\/nike-sacai\/nike-ld-waffle-sacai-clot-kiss-of-death-2-cool-grey\/","og_locale":"en_US","og_type":"article","og_title":"Nike LD Waffle sacai CLOT Kiss of Death 2 Cool Grey - SHEZAMME","og_description":"Nike LD Waffle sacai CLOT Kiss of Death 2 Cool Grey | Luksusowe i autentyczne przedmioty w jednym miejscu. B\u0105d\u017a na bie\u017c\u0105co i sprawd\u017a nasz\u0105 ofert\u0119 ju\u017c teraz","og_url":"https:\/\/shezamme.com\/en\/sklep\/sneakers-2\/nike\/nike-sacai\/nike-ld-waffle-sacai-clot-kiss-of-death-2-cool-grey\/","og_site_name":"SHEZAMME - Yeezy, Jordan, Supreme i inne oryginalne rzeczy","article_publisher":"https:\/\/www.facebook.com\/SHEZAMME\/","article_modified_time":"2025-05-19T17:52:28+00:00","og_image":[{"width":1170,"height":1065,"url":"https:\/\/shezamme.com\/wp-content\/uploads\/2023\/03\/IMG_8237.jpg","type":"image\/jpeg"}],"twitter_card":"summary_large_image","twitter_site":"@SHEZAMME","twitter_misc":{"Est. reading time":"1 minute"},"schema":{"@context":"https:\/\/schema.org","@graph":[{"@type":"WebPage","@id":"https:\/\/shezamme.com\/sklep\/buty\/nike\/nike-sacai\/nike-ld-waffle-sacai-clot-kiss-of-death-2-cool-grey\/","url":"https:\/\/shezamme.com\/sklep\/buty\/nike\/nike-sacai\/nike-ld-waffle-sacai-clot-kiss-of-death-2-cool-grey\/","name":"Nike LD Waffle sacai CLOT Kiss of Death 2 Cool Grey - SHEZAMME","isPartOf":{"@id":"https:\/\/shezamme.com\/#website"},"primaryImageOfPage":{"@id":"https:\/\/shezamme.com\/sklep\/buty\/nike\/nike-sacai\/nike-ld-waffle-sacai-clot-kiss-of-death-2-cool-grey\/#primaryimage"},"image":{"@id":"https:\/\/shezamme.com\/sklep\/buty\/nike\/nike-sacai\/nike-ld-waffle-sacai-clot-kiss-of-death-2-cool-grey\/#primaryimage"},"thumbnailUrl":"https:\/\/shezamme.com\/wp-content\/uploads\/2023\/03\/IMG_8237.jpg","datePublished":"2023-03-29T14:24:34+00:00","dateModified":"2025-05-19T17:52:28+00:00","description":"Nike LD Waffle sacai CLOT Kiss of Death 2 Cool Grey | Luksusowe i autentyczne przedmioty w jednym miejscu. B\u0105d\u017a na bie\u017c\u0105co i sprawd\u017a nasz\u0105 ofert\u0119 ju\u017c teraz","breadcrumb":{"@id":"https:\/\/shezamme.com\/sklep\/buty\/nike\/nike-sacai\/nike-ld-waffle-sacai-clot-kiss-of-death-2-cool-grey\/#breadcrumb"},"inLanguage":"en-US","potentialAction":[{"@type":"ReadAction","target":["https:\/\/shezamme.com\/sklep\/buty\/nike\/nike-sacai\/nike-ld-waffle-sacai-clot-kiss-of-death-2-cool-grey\/"]}]},{"@type":"ImageObject","inLanguage":"en-US","@id":"https:\/\/shezamme.com\/sklep\/buty\/nike\/nike-sacai\/nike-ld-waffle-sacai-clot-kiss-of-death-2-cool-grey\/#primaryimage","url":"https:\/\/shezamme.com\/wp-content\/uploads\/2023\/03\/IMG_8237.jpg","contentUrl":"https:\/\/shezamme.com\/wp-content\/uploads\/2023\/03\/IMG_8237.jpg","width":1170,"height":1065,"caption":"Nike LD Waffle sacai CLOT Kiss of Death 2 Cool Grey"},{"@type":"BreadcrumbList","@id":"https:\/\/shezamme.com\/sklep\/buty\/nike\/nike-sacai\/nike-ld-waffle-sacai-clot-kiss-of-death-2-cool-grey\/#breadcrumb","itemListElement":[{"@type":"ListItem","position":1,"name":"Strona g\u0142\u00f3wna","item":"https:\/\/shezamme.com\/"},{"@type":"ListItem","position":2,"name":"Sklep","item":"https:\/\/shezamme.com\/sklep\/"},{"@type":"ListItem","position":3,"name":"Nike LD Waffle sacai CLOT Kiss of Death 2 Cool Grey"}]},{"@type":"WebSite","@id":"https:\/\/shezamme.com\/#website","url":"https:\/\/shezamme.com\/","name":"SHEZAMME - Sneakers, Streetwear and luxury brands","description":"Original and exclusive items in one place. Check out our products now and stay up to date with all launches.","publisher":{"@id":"https:\/\/shezamme.com\/#organization"},"potentialAction":[{"@type":"SearchAction","target":{"@type":"EntryPoint","urlTemplate":"https:\/\/shezamme.com\/?s={search_term_string}"},"query-input":{"@type":"PropertyValueSpecification","valueRequired":true,"valueName":"search_term_string"}}],"inLanguage":"en-US"},{"@type":"Organization","@id":"https:\/\/shezamme.com\/#organization","name":"SHEZAMME - Sneakers, Streetwear and luxury brands","url":"https:\/\/shezamme.com\/","logo":{"@type":"ImageObject","inLanguage":"en-US","@id":"https:\/\/shezamme.com\/#\/schema\/logo\/image\/","url":"https:\/\/shezamme.com\/wp-content\/uploads\/2023\/02\/0x0.png","contentUrl":"https:\/\/shezamme.com\/wp-content\/uploads\/2023\/02\/0x0.png","width":2000,"height":2000,"caption":"SHEZAMME - Sneakersy, Streetwear i luksusowe marki"},"image":{"@id":"https:\/\/shezamme.com\/#\/schema\/logo\/image\/"},"sameAs":["https:\/\/www.facebook.com\/SHEZAMME\/","https:\/\/x.com\/SHEZAMME","https:\/\/www.instagram.com\/shezamme\/","https:\/\/www.youtube.com\/channel\/UCsTJxi_9fODHdO_1bmJbqvQ","https:\/\/www.tiktok.com\/shezamme.com"]}]}},"brands":[{"id":1182,"name":"CLOT","slug":"clot"},{"id":756,"name":"Nike","slug":"nike"}],"_links":{"self":[{"href":"https:\/\/shezamme.com\/en\/wp-json\/wp\/v2\/product\/25996","targetHints":{"allow":["GET"]}}],"collection":[{"href":"https:\/\/shezamme.com\/en\/wp-json\/wp\/v2\/product"}],"about":[{"href":"https:\/\/shezamme.com\/en\/wp-json\/wp\/v2\/types\/product"}],"wp:featuredmedia":[{"embeddable":true,"href":"https:\/\/shezamme.com\/en\/wp-json\/wp\/v2\/media\/26008"}],"wp:attachment":[{"href":"https:\/\/shezamme.com\/en\/wp-json\/wp\/v2\/media?parent=25996"}],"wp:term":[{"taxonomy":"pwb-brand","embeddable":true,"href":"https:\/\/shezamme.com\/en\/wp-json\/wp\/v2\/pwb-brand?post=25996"},{"taxonomy":"product_brand","embeddable":true,"href":"https:\/\/shezamme.com\/en\/wp-json\/wp\/v2\/product_brand?post=25996"},{"taxonomy":"product_cat","embeddable":true,"href":"https:\/\/shezamme.com\/en\/wp-json\/wp\/v2\/product_cat?post=25996"},{"taxonomy":"product_tag","embeddable":true,"href":"https:\/\/shezamme.com\/en\/wp-json\/wp\/v2\/product_tag?post=25996"}],"curies":[{"name":"wp","href":"https:\/\/api.w.org\/{rel}","templated":true}]}}