{"id":25727,"date":"2023-03-29T12:29:12","date_gmt":"2023-03-29T10:29:12","guid":{"rendered":"https:\/\/shezamme.com\/?post_type=product&#038;p=25727"},"modified":"2025-08-08T12:53:54","modified_gmt":"2025-08-08T10:53:54","slug":"nike-sb-blazer-low-doyenne-skateboards-2","status":"publish","type":"product","link":"https:\/\/shezamme.com\/en\/sklep\/buty\/nike\/nike-blazer\/nike-sb-blazer-low-doyenne-skateboards-2\/","title":{"rendered":"Nike Blazer Mid 77 Jumbo White Black"},"content":{"rendered":"<h2 data-start=\"0\" data-end=\"45\">Klasyka Blazer Mid w nowoczesnym wydaniu<\/h2>\n<p data-start=\"47\" data-end=\"518\">Nike Blazer Mid &#8217;77 Jumbo \u2018White Black\u2019 to od\u015bwie\u017cona wersja kultowego modelu, kt\u00f3ra \u0142\u0105czy retro estetyk\u0119 z nowoczesnymi akcentami. Cholewka wykonana ze sk\u00f3ry i tkaniny zapewnia trwa\u0142o\u015b\u0107, a przeszywane detale dodaj\u0105 butom unikalnego charakteru. Najbardziej wyr\u00f3\u017cniaj\u0105cym si\u0119 elementem jest powi\u0119kszone logo Swoosh w czerni, kt\u00f3re nadaje modelowi dynamiczny, wyrazisty wygl\u0105d. Klasyczna gumowa podeszwa z jode\u0142kowym wzorem gwarantuje doskona\u0142\u0105 przyczepno\u015b\u0107 i stabilno\u015b\u0107.<\/p>\n<h2 data-start=\"520\" data-end=\"571\">Przeskalowane detale dla maksymalnego komfortu<\/h2>\n<p data-start=\"573\" data-end=\"1052\" data-is-last-node=\"\" data-is-only-node=\"\">Model Blazer Mid &#8217;77 Jumbo zosta\u0142 zaprojektowany z my\u015bl\u0105 o wygodzie i \u0142atwo\u015bci u\u017cytkowania. Elastyczny materia\u0142 na pi\u0119cie u\u0142atwia zak\u0142adanie buta, a powi\u0119kszone proporcje nadaj\u0105 mu nowoczesny, eksperymentalny styl. Stonowana kolorystyka \u2018White Black\u2019 w po\u0142\u0105czeniu z elementami w odcieniu Sail sprawia, \u017ce model doskonale pasuje zar\u00f3wno do streetwearowych, jak i casualowych stylizacji. Wydany w 2021 roku, jest idealnym wyborem dla fan\u00f3w klasycznych, ale nowatorskich sneakers\u00f3w.<\/p>","protected":false},"excerpt":{"rendered":"<h2 data-start=\"0\" data-end=\"43\">Klasyczny Blazer z nowoczesnym twistem<\/h2>\n<p data-start=\"45\" data-end=\"523\" data-is-last-node=\"\" data-is-only-node=\"\">Nike Blazer Mid &#8217;77 Jumbo \u2018White Black\u2019 to odwa\u017cna reinterpretacja kultowego modelu, wzbogacona o przeskalowane detale. Powi\u0119kszone logo Swoosh, elastyczny materia\u0142 na pi\u0119cie i przeszywane akcenty nadaj\u0105 butom nowoczesny charakter, zachowuj\u0105c jednocze\u015bnie retro estetyk\u0119. Cholewka z wysokiej jako\u015bci sk\u00f3ry i tkaniny zapewnia trwa\u0142o\u015b\u0107, a klasyczna gumowa podeszwa z jode\u0142kowym wzorem gwarantuje przyczepno\u015b\u0107. To idealny wyb\u00f3r dla tych, kt\u00f3rzy ceni\u0105 klasyk\u0119 w nowoczesnym wydaniu.<\/p>","protected":false},"featured_media":25739,"template":"","meta":{"_acf_changed":false,"_yoast_wpseo_focuskw":"Nike Blazer Mid 77 Jumbo White Black","_yoast_wpseo_title":"","_yoast_wpseo_metadesc":""},"pwb-brand":[756],"product_brand":[],"product_cat":[16,805,93],"product_tag":[1008,1009],"class_list":{"0":"post-25727","1":"product","2":"type-product","3":"status-publish","4":"has-post-thumbnail","6":"pwb-brand-nike","7":"product_cat-buty","8":"product_cat-nike-blazer","9":"product_cat-nike","10":"product_tag-kobieta","11":"product_tag-mezczyzna","13":"first","14":"onbackorder","15":"taxable","16":"shipping-taxable","17":"purchasable","18":"product-type-variable","19":"has-default-attributes"},"acf":[],"yoast_head":"<!-- This site is optimized with the Yoast SEO plugin v27.3 - https:\/\/yoast.com\/product\/yoast-seo-wordpress\/ -->\n<title>Nike Blazer Mid 77 Jumbo White Black - SHEZAMME<\/title>\n<meta name=\"description\" content=\"Nike Blazer Mid 77 Jumbo White Black | Luksusowe i autentyczne przedmioty w jednym miejscu. B\u0105d\u017a na bie\u017c\u0105co i sprawd\u017a nasz\u0105 ofert\u0119 ju\u017c teraz\" \/>\n<meta name=\"robots\" content=\"index, follow, max-snippet:-1, max-image-preview:large, max-video-preview:-1\" \/>\n<link rel=\"canonical\" href=\"https:\/\/shezamme.com\/en\/sklep\/sneakers-2\/nike\/nike-blazer\/nike-sb-blazer-low-doyenne-skateboards-2\/\" \/>\n<meta property=\"og:locale\" content=\"en_US\" \/>\n<meta property=\"og:type\" content=\"article\" \/>\n<meta property=\"og:title\" content=\"Nike Blazer Mid 77 Jumbo White Black - SHEZAMME\" \/>\n<meta property=\"og:description\" content=\"Nike Blazer Mid 77 Jumbo White Black | Luksusowe i autentyczne przedmioty w jednym miejscu. B\u0105d\u017a na bie\u017c\u0105co i sprawd\u017a nasz\u0105 ofert\u0119 ju\u017c teraz\" \/>\n<meta property=\"og:url\" content=\"https:\/\/shezamme.com\/en\/sklep\/sneakers-2\/nike\/nike-blazer\/nike-sb-blazer-low-doyenne-skateboards-2\/\" \/>\n<meta property=\"og:site_name\" content=\"SHEZAMME - Yeezy, Jordan, Supreme i inne oryginalne rzeczy\" \/>\n<meta property=\"article:publisher\" content=\"https:\/\/www.facebook.com\/SHEZAMME\/\" \/>\n<meta property=\"article:modified_time\" content=\"2025-08-08T10:53:54+00:00\" \/>\n<meta property=\"og:image\" content=\"https:\/\/shezamme.com\/wp-content\/uploads\/2023\/03\/IMG_8177.jpg\" \/>\n\t<meta property=\"og:image:width\" content=\"1170\" \/>\n\t<meta property=\"og:image:height\" content=\"1117\" \/>\n\t<meta property=\"og:image:type\" content=\"image\/jpeg\" \/>\n<meta name=\"twitter:card\" content=\"summary_large_image\" \/>\n<meta name=\"twitter:site\" content=\"@SHEZAMME\" \/>\n<meta name=\"twitter:label1\" content=\"Est. reading time\" \/>\n\t<meta name=\"twitter:data1\" content=\"1 minute\" \/>\n<script type=\"application\/ld+json\" class=\"yoast-schema-graph\">{\"@context\":\"https:\\\/\\\/schema.org\",\"@graph\":[{\"@type\":\"WebPage\",\"@id\":\"https:\\\/\\\/shezamme.com\\\/sklep\\\/buty\\\/nike\\\/nike-blazer\\\/nike-sb-blazer-low-doyenne-skateboards-2\\\/\",\"url\":\"https:\\\/\\\/shezamme.com\\\/sklep\\\/buty\\\/nike\\\/nike-blazer\\\/nike-sb-blazer-low-doyenne-skateboards-2\\\/\",\"name\":\"Nike Blazer Mid 77 Jumbo White Black - SHEZAMME\",\"isPartOf\":{\"@id\":\"https:\\\/\\\/shezamme.com\\\/#website\"},\"primaryImageOfPage\":{\"@id\":\"https:\\\/\\\/shezamme.com\\\/sklep\\\/buty\\\/nike\\\/nike-blazer\\\/nike-sb-blazer-low-doyenne-skateboards-2\\\/#primaryimage\"},\"image\":{\"@id\":\"https:\\\/\\\/shezamme.com\\\/sklep\\\/buty\\\/nike\\\/nike-blazer\\\/nike-sb-blazer-low-doyenne-skateboards-2\\\/#primaryimage\"},\"thumbnailUrl\":\"https:\\\/\\\/shezamme.com\\\/wp-content\\\/uploads\\\/2023\\\/03\\\/IMG_8177.jpg\",\"datePublished\":\"2023-03-29T10:29:12+00:00\",\"dateModified\":\"2025-08-08T10:53:54+00:00\",\"description\":\"Nike Blazer Mid 77 Jumbo White Black | Luksusowe i autentyczne przedmioty w jednym miejscu. B\u0105d\u017a na bie\u017c\u0105co i sprawd\u017a nasz\u0105 ofert\u0119 ju\u017c teraz\",\"breadcrumb\":{\"@id\":\"https:\\\/\\\/shezamme.com\\\/sklep\\\/buty\\\/nike\\\/nike-blazer\\\/nike-sb-blazer-low-doyenne-skateboards-2\\\/#breadcrumb\"},\"inLanguage\":\"en-US\",\"potentialAction\":[{\"@type\":\"ReadAction\",\"target\":[\"https:\\\/\\\/shezamme.com\\\/sklep\\\/buty\\\/nike\\\/nike-blazer\\\/nike-sb-blazer-low-doyenne-skateboards-2\\\/\"]}]},{\"@type\":\"ImageObject\",\"inLanguage\":\"en-US\",\"@id\":\"https:\\\/\\\/shezamme.com\\\/sklep\\\/buty\\\/nike\\\/nike-blazer\\\/nike-sb-blazer-low-doyenne-skateboards-2\\\/#primaryimage\",\"url\":\"https:\\\/\\\/shezamme.com\\\/wp-content\\\/uploads\\\/2023\\\/03\\\/IMG_8177.jpg\",\"contentUrl\":\"https:\\\/\\\/shezamme.com\\\/wp-content\\\/uploads\\\/2023\\\/03\\\/IMG_8177.jpg\",\"width\":1170,\"height\":1117,\"caption\":\"Nike Blazer Mid 77 Jumbo White Black\"},{\"@type\":\"BreadcrumbList\",\"@id\":\"https:\\\/\\\/shezamme.com\\\/sklep\\\/buty\\\/nike\\\/nike-blazer\\\/nike-sb-blazer-low-doyenne-skateboards-2\\\/#breadcrumb\",\"itemListElement\":[{\"@type\":\"ListItem\",\"position\":1,\"name\":\"Strona g\u0142\u00f3wna\",\"item\":\"https:\\\/\\\/shezamme.com\\\/\"},{\"@type\":\"ListItem\",\"position\":2,\"name\":\"Sklep\",\"item\":\"https:\\\/\\\/shezamme.com\\\/en\\\/sklep\\\/\"},{\"@type\":\"ListItem\",\"position\":3,\"name\":\"Nike Blazer Mid 77 Jumbo White Black\"}]},{\"@type\":\"WebSite\",\"@id\":\"https:\\\/\\\/shezamme.com\\\/#website\",\"url\":\"https:\\\/\\\/shezamme.com\\\/\",\"name\":\"SHEZAMME - Sneakersy, Streetwear i luksusowe marki\",\"description\":\"Oryginalne i ekskluzywne przedmioty w jednym miejscu. Sprawd\u017a nasze produkty ju\u017c teraz i b\u0105d\u017a na bie\u017c\u0105co z wszystkimi premierami.\",\"publisher\":{\"@id\":\"https:\\\/\\\/shezamme.com\\\/#organization\"},\"potentialAction\":[{\"@type\":\"SearchAction\",\"target\":{\"@type\":\"EntryPoint\",\"urlTemplate\":\"https:\\\/\\\/shezamme.com\\\/?s={search_term_string}\"},\"query-input\":{\"@type\":\"PropertyValueSpecification\",\"valueRequired\":true,\"valueName\":\"search_term_string\"}}],\"inLanguage\":\"en-US\"},{\"@type\":\"Organization\",\"@id\":\"https:\\\/\\\/shezamme.com\\\/#organization\",\"name\":\"SHEZAMME - Sneakersy, Streetwear i luksusowe marki\",\"url\":\"https:\\\/\\\/shezamme.com\\\/\",\"logo\":{\"@type\":\"ImageObject\",\"inLanguage\":\"en-US\",\"@id\":\"https:\\\/\\\/shezamme.com\\\/#\\\/schema\\\/logo\\\/image\\\/\",\"url\":\"https:\\\/\\\/shezamme.com\\\/wp-content\\\/uploads\\\/2023\\\/02\\\/0x0.png\",\"contentUrl\":\"https:\\\/\\\/shezamme.com\\\/wp-content\\\/uploads\\\/2023\\\/02\\\/0x0.png\",\"width\":2000,\"height\":2000,\"caption\":\"SHEZAMME - Sneakersy, Streetwear i luksusowe marki\"},\"image\":{\"@id\":\"https:\\\/\\\/shezamme.com\\\/#\\\/schema\\\/logo\\\/image\\\/\"},\"sameAs\":[\"https:\\\/\\\/www.facebook.com\\\/SHEZAMME\\\/\",\"https:\\\/\\\/x.com\\\/SHEZAMME\",\"https:\\\/\\\/www.instagram.com\\\/shezamme\\\/\",\"https:\\\/\\\/www.youtube.com\\\/channel\\\/UCsTJxi_9fODHdO_1bmJbqvQ\",\"https:\\\/\\\/www.tiktok.com\\\/shezamme.com\"]}]}<\/script>\n<!-- \/ Yoast SEO plugin. -->","yoast_head_json":{"title":"Nike Blazer Mid 77 Jumbo White Black - SHEZAMME","description":"Nike Blazer Mid 77 Jumbo White Black | Luksusowe i autentyczne przedmioty w jednym miejscu. B\u0105d\u017a na bie\u017c\u0105co i sprawd\u017a nasz\u0105 ofert\u0119 ju\u017c teraz","robots":{"index":"index","follow":"follow","max-snippet":"max-snippet:-1","max-image-preview":"max-image-preview:large","max-video-preview":"max-video-preview:-1"},"canonical":"https:\/\/shezamme.com\/en\/sklep\/sneakers-2\/nike\/nike-blazer\/nike-sb-blazer-low-doyenne-skateboards-2\/","og_locale":"en_US","og_type":"article","og_title":"Nike Blazer Mid 77 Jumbo White Black - SHEZAMME","og_description":"Nike Blazer Mid 77 Jumbo White Black | Luksusowe i autentyczne przedmioty w jednym miejscu. B\u0105d\u017a na bie\u017c\u0105co i sprawd\u017a nasz\u0105 ofert\u0119 ju\u017c teraz","og_url":"https:\/\/shezamme.com\/en\/sklep\/sneakers-2\/nike\/nike-blazer\/nike-sb-blazer-low-doyenne-skateboards-2\/","og_site_name":"SHEZAMME - Yeezy, Jordan, Supreme i inne oryginalne rzeczy","article_publisher":"https:\/\/www.facebook.com\/SHEZAMME\/","article_modified_time":"2025-08-08T10:53:54+00:00","og_image":[{"width":1170,"height":1117,"url":"https:\/\/shezamme.com\/wp-content\/uploads\/2023\/03\/IMG_8177.jpg","type":"image\/jpeg"}],"twitter_card":"summary_large_image","twitter_site":"@SHEZAMME","twitter_misc":{"Est. reading time":"1 minute"},"schema":{"@context":"https:\/\/schema.org","@graph":[{"@type":"WebPage","@id":"https:\/\/shezamme.com\/sklep\/buty\/nike\/nike-blazer\/nike-sb-blazer-low-doyenne-skateboards-2\/","url":"https:\/\/shezamme.com\/sklep\/buty\/nike\/nike-blazer\/nike-sb-blazer-low-doyenne-skateboards-2\/","name":"Nike Blazer Mid 77 Jumbo White Black - SHEZAMME","isPartOf":{"@id":"https:\/\/shezamme.com\/#website"},"primaryImageOfPage":{"@id":"https:\/\/shezamme.com\/sklep\/buty\/nike\/nike-blazer\/nike-sb-blazer-low-doyenne-skateboards-2\/#primaryimage"},"image":{"@id":"https:\/\/shezamme.com\/sklep\/buty\/nike\/nike-blazer\/nike-sb-blazer-low-doyenne-skateboards-2\/#primaryimage"},"thumbnailUrl":"https:\/\/shezamme.com\/wp-content\/uploads\/2023\/03\/IMG_8177.jpg","datePublished":"2023-03-29T10:29:12+00:00","dateModified":"2025-08-08T10:53:54+00:00","description":"Nike Blazer Mid 77 Jumbo White Black | Luksusowe i autentyczne przedmioty w jednym miejscu. B\u0105d\u017a na bie\u017c\u0105co i sprawd\u017a nasz\u0105 ofert\u0119 ju\u017c teraz","breadcrumb":{"@id":"https:\/\/shezamme.com\/sklep\/buty\/nike\/nike-blazer\/nike-sb-blazer-low-doyenne-skateboards-2\/#breadcrumb"},"inLanguage":"en-US","potentialAction":[{"@type":"ReadAction","target":["https:\/\/shezamme.com\/sklep\/buty\/nike\/nike-blazer\/nike-sb-blazer-low-doyenne-skateboards-2\/"]}]},{"@type":"ImageObject","inLanguage":"en-US","@id":"https:\/\/shezamme.com\/sklep\/buty\/nike\/nike-blazer\/nike-sb-blazer-low-doyenne-skateboards-2\/#primaryimage","url":"https:\/\/shezamme.com\/wp-content\/uploads\/2023\/03\/IMG_8177.jpg","contentUrl":"https:\/\/shezamme.com\/wp-content\/uploads\/2023\/03\/IMG_8177.jpg","width":1170,"height":1117,"caption":"Nike Blazer Mid 77 Jumbo White Black"},{"@type":"BreadcrumbList","@id":"https:\/\/shezamme.com\/sklep\/buty\/nike\/nike-blazer\/nike-sb-blazer-low-doyenne-skateboards-2\/#breadcrumb","itemListElement":[{"@type":"ListItem","position":1,"name":"Strona g\u0142\u00f3wna","item":"https:\/\/shezamme.com\/"},{"@type":"ListItem","position":2,"name":"Sklep","item":"https:\/\/shezamme.com\/en\/sklep\/"},{"@type":"ListItem","position":3,"name":"Nike Blazer Mid 77 Jumbo White Black"}]},{"@type":"WebSite","@id":"https:\/\/shezamme.com\/#website","url":"https:\/\/shezamme.com\/","name":"SHEZAMME - Sneakers, Streetwear and luxury brands","description":"Original and exclusive items in one place. Check out our products now and stay up to date with all launches.","publisher":{"@id":"https:\/\/shezamme.com\/#organization"},"potentialAction":[{"@type":"SearchAction","target":{"@type":"EntryPoint","urlTemplate":"https:\/\/shezamme.com\/?s={search_term_string}"},"query-input":{"@type":"PropertyValueSpecification","valueRequired":true,"valueName":"search_term_string"}}],"inLanguage":"en-US"},{"@type":"Organization","@id":"https:\/\/shezamme.com\/#organization","name":"SHEZAMME - Sneakers, Streetwear and luxury brands","url":"https:\/\/shezamme.com\/","logo":{"@type":"ImageObject","inLanguage":"en-US","@id":"https:\/\/shezamme.com\/#\/schema\/logo\/image\/","url":"https:\/\/shezamme.com\/wp-content\/uploads\/2023\/02\/0x0.png","contentUrl":"https:\/\/shezamme.com\/wp-content\/uploads\/2023\/02\/0x0.png","width":2000,"height":2000,"caption":"SHEZAMME - Sneakersy, Streetwear i luksusowe marki"},"image":{"@id":"https:\/\/shezamme.com\/#\/schema\/logo\/image\/"},"sameAs":["https:\/\/www.facebook.com\/SHEZAMME\/","https:\/\/x.com\/SHEZAMME","https:\/\/www.instagram.com\/shezamme\/","https:\/\/www.youtube.com\/channel\/UCsTJxi_9fODHdO_1bmJbqvQ","https:\/\/www.tiktok.com\/shezamme.com"]}]}},"brands":[{"id":756,"name":"Nike","slug":"nike"}],"_links":{"self":[{"href":"https:\/\/shezamme.com\/en\/wp-json\/wp\/v2\/product\/25727","targetHints":{"allow":["GET"]}}],"collection":[{"href":"https:\/\/shezamme.com\/en\/wp-json\/wp\/v2\/product"}],"about":[{"href":"https:\/\/shezamme.com\/en\/wp-json\/wp\/v2\/types\/product"}],"wp:featuredmedia":[{"embeddable":true,"href":"https:\/\/shezamme.com\/en\/wp-json\/wp\/v2\/media\/25739"}],"wp:attachment":[{"href":"https:\/\/shezamme.com\/en\/wp-json\/wp\/v2\/media?parent=25727"}],"wp:term":[{"taxonomy":"pwb-brand","embeddable":true,"href":"https:\/\/shezamme.com\/en\/wp-json\/wp\/v2\/pwb-brand?post=25727"},{"taxonomy":"product_brand","embeddable":true,"href":"https:\/\/shezamme.com\/en\/wp-json\/wp\/v2\/product_brand?post=25727"},{"taxonomy":"product_cat","embeddable":true,"href":"https:\/\/shezamme.com\/en\/wp-json\/wp\/v2\/product_cat?post=25727"},{"taxonomy":"product_tag","embeddable":true,"href":"https:\/\/shezamme.com\/en\/wp-json\/wp\/v2\/product_tag?post=25727"}],"curies":[{"name":"wp","href":"https:\/\/api.w.org\/{rel}","templated":true}]}}