{"id":25552,"date":"2023-03-29T10:59:24","date_gmt":"2023-03-29T08:59:24","guid":{"rendered":"https:\/\/shezamme.com\/?post_type=product&#038;p=25552"},"modified":"2025-02-04T22:29:03","modified_gmt":"2025-02-04T21:29:03","slug":"adidas-ultra-boost-1-0-cream-chalk-2018-2022","status":"publish","type":"product","link":"https:\/\/shezamme.com\/en\/sklep\/buty\/adidas\/adidas-ultra-boost\/adidas-ultra-boost-1-0-cream-chalk-2018-2022\/","title":{"rendered":"Adidas Ultra Boost 1.0 Cream Chalk (2018\/2022)"},"content":{"rendered":"<h2>Kultowy komfort w subtelnym wydaniu<\/h2>\n<p>Adidas Ultra Boost 1.0 Cream Chalk to klasyczny model ceniony za wygod\u0119 i nowoczesne technologie. Cholewka Primeknit zapewnia elastyczno\u015b\u0107 i doskona\u0142e dopasowanie do stopy, a plastikowa klatka stabilizuj\u0105ca dodaje wsparcia. Subtelna kremowa kolorystyka sprawia, \u017ce buty \u015bwietnie komponuj\u0105 si\u0119 zar\u00f3wno ze sportowymi, jak i casualowymi stylizacjami.<\/p>\n<h2>Zaawansowana amortyzacja i trwa\u0142o\u015b\u0107<\/h2>\n<p>Podeszwa \u015brodkowa z piank\u0105 Boost gwarantuje maksymalny zwrot energii i amortyzacj\u0119 na najwy\u017cszym poziomie, a gumowa podeszwa zewn\u0119trzna Continental\u2122 zapewnia doskona\u0142\u0105 przyczepno\u015b\u0107 i odporno\u015b\u0107 na \u015bcieranie. Dzi\u0119ki sznurowanemu zapi\u0119ciu oraz bezszwowemu j\u0119zykowi buty idealnie dopasowuj\u0105 si\u0119 do stopy, oferuj\u0105c komfort na co dzie\u0144 i podczas aktywno\u015bci sportowych.<\/p>","protected":false},"excerpt":{"rendered":"<h2>Maksymalny komfort w klasycznej kolorystyce<\/h2>\n<p>Adidas Ultra Boost 1.0 Cream Chalk to po\u0142\u0105czenie nowoczesnych technologii i minimalistycznego designu. Cholewka Primeknit dopasowuje si\u0119 do stopy, a pianka Boost zapewnia doskona\u0142\u0105 amortyzacj\u0119. Gumowa podeszwa Continental\u2122 gwarantuje przyczepno\u015b\u0107 i trwa\u0142o\u015b\u0107, czyni\u0105c ten model idealnym na co dzie\u0144 i do biegania.<\/p>","protected":false},"featured_media":25563,"template":"","meta":{"_acf_changed":false,"_yoast_wpseo_focuskw":"adidas Ultra Boost 1.0 Cream Chalk (2018\/2022)","_yoast_wpseo_title":"","_yoast_wpseo_metadesc":""},"pwb-brand":[748],"product_brand":[],"product_cat":[16,76,821],"product_tag":[1008,1009],"class_list":{"0":"post-25552","1":"product","2":"type-product","3":"status-publish","4":"has-post-thumbnail","6":"pwb-brand-adidas","7":"product_cat-buty","8":"product_cat-adidas","9":"product_cat-adidas-ultra-boost","10":"product_tag-kobieta","11":"product_tag-mezczyzna","13":"first","14":"onbackorder","15":"taxable","16":"shipping-taxable","17":"purchasable","18":"product-type-variable","19":"has-default-attributes"},"acf":[],"yoast_head":"<!-- This site is optimized with the Yoast SEO plugin v27.4 - https:\/\/yoast.com\/product\/yoast-seo-wordpress\/ -->\n<title>Adidas Ultra Boost 1.0 Cream Chalk (2018\/2022) - SHEZAMME<\/title>\n<meta name=\"description\" content=\"Adidas Ultra Boost 1.0 Cream Chalk (2018\/2022) | Luksusowe i autentyczne przedmioty w jednym miejscu. B\u0105d\u017a na bie\u017c\u0105co i sprawd\u017a nasz\u0105 ofert\u0119 ju\u017c teraz\" \/>\n<meta name=\"robots\" content=\"index, follow, max-snippet:-1, max-image-preview:large, max-video-preview:-1\" \/>\n<link rel=\"canonical\" href=\"https:\/\/shezamme.com\/en\/sklep\/sneakers-2\/adidas\/adidas-ultra-boost\/adidas-ultra-boost-1-0-cream-chalk-2018-2022\/\" \/>\n<meta property=\"og:locale\" content=\"en_US\" \/>\n<meta property=\"og:type\" content=\"article\" \/>\n<meta property=\"og:title\" content=\"Adidas Ultra Boost 1.0 Cream Chalk (2018\/2022) - SHEZAMME\" \/>\n<meta property=\"og:description\" content=\"Adidas Ultra Boost 1.0 Cream Chalk (2018\/2022) | Luksusowe i autentyczne przedmioty w jednym miejscu. B\u0105d\u017a na bie\u017c\u0105co i sprawd\u017a nasz\u0105 ofert\u0119 ju\u017c teraz\" \/>\n<meta property=\"og:url\" content=\"https:\/\/shezamme.com\/en\/sklep\/sneakers-2\/adidas\/adidas-ultra-boost\/adidas-ultra-boost-1-0-cream-chalk-2018-2022\/\" \/>\n<meta property=\"og:site_name\" content=\"SHEZAMME - Yeezy, Jordan, Supreme i inne oryginalne rzeczy\" \/>\n<meta property=\"article:publisher\" content=\"https:\/\/www.facebook.com\/SHEZAMME\/\" \/>\n<meta property=\"article:modified_time\" content=\"2025-02-04T21:29:03+00:00\" \/>\n<meta property=\"og:image\" content=\"https:\/\/shezamme.com\/wp-content\/uploads\/2023\/03\/IMG_8137.jpg\" \/>\n\t<meta property=\"og:image:width\" content=\"1170\" \/>\n\t<meta property=\"og:image:height\" content=\"1042\" \/>\n\t<meta property=\"og:image:type\" content=\"image\/jpeg\" \/>\n<meta name=\"twitter:card\" content=\"summary_large_image\" \/>\n<meta name=\"twitter:site\" content=\"@SHEZAMME\" \/>\n<meta name=\"twitter:label1\" content=\"Est. reading time\" \/>\n\t<meta name=\"twitter:data1\" content=\"1 minute\" \/>\n<script type=\"application\/ld+json\" class=\"yoast-schema-graph\">{\"@context\":\"https:\\\/\\\/schema.org\",\"@graph\":[{\"@type\":\"WebPage\",\"@id\":\"https:\\\/\\\/shezamme.com\\\/sklep\\\/buty\\\/adidas\\\/adidas-ultra-boost\\\/adidas-ultra-boost-1-0-cream-chalk-2018-2022\\\/\",\"url\":\"https:\\\/\\\/shezamme.com\\\/sklep\\\/buty\\\/adidas\\\/adidas-ultra-boost\\\/adidas-ultra-boost-1-0-cream-chalk-2018-2022\\\/\",\"name\":\"Adidas Ultra Boost 1.0 Cream Chalk (2018\\\/2022) - SHEZAMME\",\"isPartOf\":{\"@id\":\"https:\\\/\\\/shezamme.com\\\/#website\"},\"primaryImageOfPage\":{\"@id\":\"https:\\\/\\\/shezamme.com\\\/sklep\\\/buty\\\/adidas\\\/adidas-ultra-boost\\\/adidas-ultra-boost-1-0-cream-chalk-2018-2022\\\/#primaryimage\"},\"image\":{\"@id\":\"https:\\\/\\\/shezamme.com\\\/sklep\\\/buty\\\/adidas\\\/adidas-ultra-boost\\\/adidas-ultra-boost-1-0-cream-chalk-2018-2022\\\/#primaryimage\"},\"thumbnailUrl\":\"https:\\\/\\\/shezamme.com\\\/wp-content\\\/uploads\\\/2023\\\/03\\\/IMG_8137.jpg\",\"datePublished\":\"2023-03-29T08:59:24+00:00\",\"dateModified\":\"2025-02-04T21:29:03+00:00\",\"description\":\"Adidas Ultra Boost 1.0 Cream Chalk (2018\\\/2022) | Luksusowe i autentyczne przedmioty w jednym miejscu. B\u0105d\u017a na bie\u017c\u0105co i sprawd\u017a nasz\u0105 ofert\u0119 ju\u017c teraz\",\"breadcrumb\":{\"@id\":\"https:\\\/\\\/shezamme.com\\\/sklep\\\/buty\\\/adidas\\\/adidas-ultra-boost\\\/adidas-ultra-boost-1-0-cream-chalk-2018-2022\\\/#breadcrumb\"},\"inLanguage\":\"en-US\",\"potentialAction\":[{\"@type\":\"ReadAction\",\"target\":[\"https:\\\/\\\/shezamme.com\\\/sklep\\\/buty\\\/adidas\\\/adidas-ultra-boost\\\/adidas-ultra-boost-1-0-cream-chalk-2018-2022\\\/\"]}]},{\"@type\":\"ImageObject\",\"inLanguage\":\"en-US\",\"@id\":\"https:\\\/\\\/shezamme.com\\\/sklep\\\/buty\\\/adidas\\\/adidas-ultra-boost\\\/adidas-ultra-boost-1-0-cream-chalk-2018-2022\\\/#primaryimage\",\"url\":\"https:\\\/\\\/shezamme.com\\\/wp-content\\\/uploads\\\/2023\\\/03\\\/IMG_8137.jpg\",\"contentUrl\":\"https:\\\/\\\/shezamme.com\\\/wp-content\\\/uploads\\\/2023\\\/03\\\/IMG_8137.jpg\",\"width\":1170,\"height\":1042,\"caption\":\"adidas Ultra Boost 1.0 Cream Chalk (2018\\\/2022)\"},{\"@type\":\"BreadcrumbList\",\"@id\":\"https:\\\/\\\/shezamme.com\\\/sklep\\\/buty\\\/adidas\\\/adidas-ultra-boost\\\/adidas-ultra-boost-1-0-cream-chalk-2018-2022\\\/#breadcrumb\",\"itemListElement\":[{\"@type\":\"ListItem\",\"position\":1,\"name\":\"Strona g\u0142\u00f3wna\",\"item\":\"https:\\\/\\\/shezamme.com\\\/\"},{\"@type\":\"ListItem\",\"position\":2,\"name\":\"Sklep\",\"item\":\"https:\\\/\\\/shezamme.com\\\/en\\\/sklep\\\/\"},{\"@type\":\"ListItem\",\"position\":3,\"name\":\"Adidas Ultra Boost 1.0 Cream Chalk (2018\\\/2022)\"}]},{\"@type\":\"WebSite\",\"@id\":\"https:\\\/\\\/shezamme.com\\\/#website\",\"url\":\"https:\\\/\\\/shezamme.com\\\/\",\"name\":\"SHEZAMME - Sneakersy, Streetwear i luksusowe marki\",\"description\":\"Oryginalne i ekskluzywne przedmioty w jednym miejscu. Sprawd\u017a nasze produkty ju\u017c teraz i b\u0105d\u017a na bie\u017c\u0105co z wszystkimi premierami.\",\"publisher\":{\"@id\":\"https:\\\/\\\/shezamme.com\\\/#organization\"},\"potentialAction\":[{\"@type\":\"SearchAction\",\"target\":{\"@type\":\"EntryPoint\",\"urlTemplate\":\"https:\\\/\\\/shezamme.com\\\/?s={search_term_string}\"},\"query-input\":{\"@type\":\"PropertyValueSpecification\",\"valueRequired\":true,\"valueName\":\"search_term_string\"}}],\"inLanguage\":\"en-US\"},{\"@type\":\"Organization\",\"@id\":\"https:\\\/\\\/shezamme.com\\\/#organization\",\"name\":\"SHEZAMME - Sneakersy, Streetwear i luksusowe marki\",\"url\":\"https:\\\/\\\/shezamme.com\\\/\",\"logo\":{\"@type\":\"ImageObject\",\"inLanguage\":\"en-US\",\"@id\":\"https:\\\/\\\/shezamme.com\\\/#\\\/schema\\\/logo\\\/image\\\/\",\"url\":\"https:\\\/\\\/shezamme.com\\\/wp-content\\\/uploads\\\/2023\\\/02\\\/0x0.png\",\"contentUrl\":\"https:\\\/\\\/shezamme.com\\\/wp-content\\\/uploads\\\/2023\\\/02\\\/0x0.png\",\"width\":2000,\"height\":2000,\"caption\":\"SHEZAMME - Sneakersy, Streetwear i luksusowe marki\"},\"image\":{\"@id\":\"https:\\\/\\\/shezamme.com\\\/#\\\/schema\\\/logo\\\/image\\\/\"},\"sameAs\":[\"https:\\\/\\\/www.facebook.com\\\/SHEZAMME\\\/\",\"https:\\\/\\\/x.com\\\/SHEZAMME\",\"https:\\\/\\\/www.instagram.com\\\/shezamme\\\/\",\"https:\\\/\\\/www.youtube.com\\\/channel\\\/UCsTJxi_9fODHdO_1bmJbqvQ\",\"https:\\\/\\\/www.tiktok.com\\\/shezamme.com\"]}]}<\/script>\n<!-- \/ Yoast SEO plugin. -->","yoast_head_json":{"title":"Adidas Ultra Boost 1.0 Cream Chalk (2018\/2022) - SHEZAMME","description":"Adidas Ultra Boost 1.0 Cream Chalk (2018\/2022) | Luksusowe i autentyczne przedmioty w jednym miejscu. B\u0105d\u017a na bie\u017c\u0105co i sprawd\u017a nasz\u0105 ofert\u0119 ju\u017c teraz","robots":{"index":"index","follow":"follow","max-snippet":"max-snippet:-1","max-image-preview":"max-image-preview:large","max-video-preview":"max-video-preview:-1"},"canonical":"https:\/\/shezamme.com\/en\/sklep\/sneakers-2\/adidas\/adidas-ultra-boost\/adidas-ultra-boost-1-0-cream-chalk-2018-2022\/","og_locale":"en_US","og_type":"article","og_title":"Adidas Ultra Boost 1.0 Cream Chalk (2018\/2022) - SHEZAMME","og_description":"Adidas Ultra Boost 1.0 Cream Chalk (2018\/2022) | Luksusowe i autentyczne przedmioty w jednym miejscu. B\u0105d\u017a na bie\u017c\u0105co i sprawd\u017a nasz\u0105 ofert\u0119 ju\u017c teraz","og_url":"https:\/\/shezamme.com\/en\/sklep\/sneakers-2\/adidas\/adidas-ultra-boost\/adidas-ultra-boost-1-0-cream-chalk-2018-2022\/","og_site_name":"SHEZAMME - Yeezy, Jordan, Supreme i inne oryginalne rzeczy","article_publisher":"https:\/\/www.facebook.com\/SHEZAMME\/","article_modified_time":"2025-02-04T21:29:03+00:00","og_image":[{"width":1170,"height":1042,"url":"https:\/\/shezamme.com\/wp-content\/uploads\/2023\/03\/IMG_8137.jpg","type":"image\/jpeg"}],"twitter_card":"summary_large_image","twitter_site":"@SHEZAMME","twitter_misc":{"Est. reading time":"1 minute"},"schema":{"@context":"https:\/\/schema.org","@graph":[{"@type":"WebPage","@id":"https:\/\/shezamme.com\/sklep\/buty\/adidas\/adidas-ultra-boost\/adidas-ultra-boost-1-0-cream-chalk-2018-2022\/","url":"https:\/\/shezamme.com\/sklep\/buty\/adidas\/adidas-ultra-boost\/adidas-ultra-boost-1-0-cream-chalk-2018-2022\/","name":"Adidas Ultra Boost 1.0 Cream Chalk (2018\/2022) - SHEZAMME","isPartOf":{"@id":"https:\/\/shezamme.com\/#website"},"primaryImageOfPage":{"@id":"https:\/\/shezamme.com\/sklep\/buty\/adidas\/adidas-ultra-boost\/adidas-ultra-boost-1-0-cream-chalk-2018-2022\/#primaryimage"},"image":{"@id":"https:\/\/shezamme.com\/sklep\/buty\/adidas\/adidas-ultra-boost\/adidas-ultra-boost-1-0-cream-chalk-2018-2022\/#primaryimage"},"thumbnailUrl":"https:\/\/shezamme.com\/wp-content\/uploads\/2023\/03\/IMG_8137.jpg","datePublished":"2023-03-29T08:59:24+00:00","dateModified":"2025-02-04T21:29:03+00:00","description":"Adidas Ultra Boost 1.0 Cream Chalk (2018\/2022) | Luksusowe i autentyczne przedmioty w jednym miejscu. B\u0105d\u017a na bie\u017c\u0105co i sprawd\u017a nasz\u0105 ofert\u0119 ju\u017c teraz","breadcrumb":{"@id":"https:\/\/shezamme.com\/sklep\/buty\/adidas\/adidas-ultra-boost\/adidas-ultra-boost-1-0-cream-chalk-2018-2022\/#breadcrumb"},"inLanguage":"en-US","potentialAction":[{"@type":"ReadAction","target":["https:\/\/shezamme.com\/sklep\/buty\/adidas\/adidas-ultra-boost\/adidas-ultra-boost-1-0-cream-chalk-2018-2022\/"]}]},{"@type":"ImageObject","inLanguage":"en-US","@id":"https:\/\/shezamme.com\/sklep\/buty\/adidas\/adidas-ultra-boost\/adidas-ultra-boost-1-0-cream-chalk-2018-2022\/#primaryimage","url":"https:\/\/shezamme.com\/wp-content\/uploads\/2023\/03\/IMG_8137.jpg","contentUrl":"https:\/\/shezamme.com\/wp-content\/uploads\/2023\/03\/IMG_8137.jpg","width":1170,"height":1042,"caption":"adidas Ultra Boost 1.0 Cream Chalk (2018\/2022)"},{"@type":"BreadcrumbList","@id":"https:\/\/shezamme.com\/sklep\/buty\/adidas\/adidas-ultra-boost\/adidas-ultra-boost-1-0-cream-chalk-2018-2022\/#breadcrumb","itemListElement":[{"@type":"ListItem","position":1,"name":"Strona g\u0142\u00f3wna","item":"https:\/\/shezamme.com\/"},{"@type":"ListItem","position":2,"name":"Sklep","item":"https:\/\/shezamme.com\/en\/sklep\/"},{"@type":"ListItem","position":3,"name":"Adidas Ultra Boost 1.0 Cream Chalk (2018\/2022)"}]},{"@type":"WebSite","@id":"https:\/\/shezamme.com\/#website","url":"https:\/\/shezamme.com\/","name":"SHEZAMME - Sneakers, Streetwear and luxury brands","description":"Original and exclusive items in one place. Check out our products now and stay up to date with all launches.","publisher":{"@id":"https:\/\/shezamme.com\/#organization"},"potentialAction":[{"@type":"SearchAction","target":{"@type":"EntryPoint","urlTemplate":"https:\/\/shezamme.com\/?s={search_term_string}"},"query-input":{"@type":"PropertyValueSpecification","valueRequired":true,"valueName":"search_term_string"}}],"inLanguage":"en-US"},{"@type":"Organization","@id":"https:\/\/shezamme.com\/#organization","name":"SHEZAMME - Sneakers, Streetwear and luxury brands","url":"https:\/\/shezamme.com\/","logo":{"@type":"ImageObject","inLanguage":"en-US","@id":"https:\/\/shezamme.com\/#\/schema\/logo\/image\/","url":"https:\/\/shezamme.com\/wp-content\/uploads\/2023\/02\/0x0.png","contentUrl":"https:\/\/shezamme.com\/wp-content\/uploads\/2023\/02\/0x0.png","width":2000,"height":2000,"caption":"SHEZAMME - Sneakersy, Streetwear i luksusowe marki"},"image":{"@id":"https:\/\/shezamme.com\/#\/schema\/logo\/image\/"},"sameAs":["https:\/\/www.facebook.com\/SHEZAMME\/","https:\/\/x.com\/SHEZAMME","https:\/\/www.instagram.com\/shezamme\/","https:\/\/www.youtube.com\/channel\/UCsTJxi_9fODHdO_1bmJbqvQ","https:\/\/www.tiktok.com\/shezamme.com"]}]}},"brands":[{"id":748,"name":"Adidas","slug":"adidas"}],"_links":{"self":[{"href":"https:\/\/shezamme.com\/en\/wp-json\/wp\/v2\/product\/25552","targetHints":{"allow":["GET"]}}],"collection":[{"href":"https:\/\/shezamme.com\/en\/wp-json\/wp\/v2\/product"}],"about":[{"href":"https:\/\/shezamme.com\/en\/wp-json\/wp\/v2\/types\/product"}],"wp:featuredmedia":[{"embeddable":true,"href":"https:\/\/shezamme.com\/en\/wp-json\/wp\/v2\/media\/25563"}],"wp:attachment":[{"href":"https:\/\/shezamme.com\/en\/wp-json\/wp\/v2\/media?parent=25552"}],"wp:term":[{"taxonomy":"pwb-brand","embeddable":true,"href":"https:\/\/shezamme.com\/en\/wp-json\/wp\/v2\/pwb-brand?post=25552"},{"taxonomy":"product_brand","embeddable":true,"href":"https:\/\/shezamme.com\/en\/wp-json\/wp\/v2\/product_brand?post=25552"},{"taxonomy":"product_cat","embeddable":true,"href":"https:\/\/shezamme.com\/en\/wp-json\/wp\/v2\/product_cat?post=25552"},{"taxonomy":"product_tag","embeddable":true,"href":"https:\/\/shezamme.com\/en\/wp-json\/wp\/v2\/product_tag?post=25552"}],"curies":[{"name":"wp","href":"https:\/\/api.w.org\/{rel}","templated":true}]}}