{"id":25358,"date":"2023-03-28T16:20:47","date_gmt":"2023-03-28T14:20:47","guid":{"rendered":"https:\/\/shezamme.com\/?post_type=product&#038;p=25358"},"modified":"2025-03-18T18:29:50","modified_gmt":"2025-03-18T17:29:50","slug":"adidas-superstar-core-black-cloud-white-gold","status":"publish","type":"product","link":"https:\/\/shezamme.com\/en\/sklep\/buty\/adidas\/adidas-superstar\/adidas-superstar-core-black-cloud-white-gold\/","title":{"rendered":"Adidas Superstar Core Black Cloud White Gold"},"content":{"rendered":"<h2 data-start=\"0\" data-end=\"45\">Klasyka streetwearu w eleganckim wydaniu<\/h2>\n<p data-start=\"47\" data-end=\"343\">Adidas Superstar \u201eCore Black Cloud White Gold\u201d to ponadczasowy model, kt\u00f3ry od dekad definiuje miejski styl. Sk\u00f3rzana cholewka w czerni kontrastuje z bia\u0142ymi trzema paskami, a z\u0142ote logo na j\u0119zyku dodaje eleganckiego akcentu. Kultowa os\u0142ona palc\u00f3w \u201eShell Toe\u201d podkre\u015bla unikalny charakter buta.<\/p>\n<h2 data-start=\"345\" data-end=\"380\">Trwa\u0142o\u015b\u0107 i komfort na co dzie\u0144<\/h2>\n<p data-start=\"382\" data-end=\"642\" data-is-last-node=\"\" data-is-only-node=\"\">Gumowa podeszwa z jode\u0142kowym bie\u017cnikiem zapewnia doskona\u0142\u0105 przyczepno\u015b\u0107 i wytrzyma\u0142o\u015b\u0107, sprawiaj\u0105c, \u017ce model ten doskonale sprawdza si\u0119 w codziennym u\u017cytkowaniu. Adidas Superstar to klasyka, kt\u00f3ra nigdy nie wychodzi z mody, \u0142\u0105cz\u0105c wygod\u0119 z ikonicznym designem.<\/p>","protected":false},"excerpt":{"rendered":"<h2 data-start=\"0\" data-end=\"47\">Ponadczasowy styl w czarno-bia\u0142ej ods\u0142onie<\/h2>\n<p data-start=\"49\" data-end=\"400\" data-is-last-node=\"\" data-is-only-node=\"\">Adidas Superstar \u201eCore Black Cloud White Gold\u201d to ikoniczny model, kt\u00f3ry \u0142\u0105czy klasyczny design z nowoczesnym wyko\u0144czeniem. Sk\u00f3rzana cholewka w g\u0142\u0119bokiej czerni, kontrastuj\u0105ce bia\u0142e paski i z\u0142ote logo tworz\u0105 elegancki, a jednocze\u015bnie streetwearowy look. Gumowa podeszwa i kultowa os\u0142ona palc\u00f3w \u201eShell Toe\u201d zapewniaj\u0105 trwa\u0142o\u015b\u0107 oraz komfort na co dzie\u0144.<\/p>","protected":false},"featured_media":25370,"template":"","meta":{"_acf_changed":false},"pwb-brand":[748],"product_brand":[],"product_cat":[16,76,810],"product_tag":[1008,1009],"class_list":{"0":"post-25358","1":"product","2":"type-product","3":"status-publish","4":"has-post-thumbnail","6":"pwb-brand-adidas","7":"product_cat-buty","8":"product_cat-adidas","9":"product_cat-adidas-superstar","10":"product_tag-kobieta","11":"product_tag-mezczyzna","13":"first","14":"onbackorder","15":"taxable","16":"shipping-taxable","17":"purchasable","18":"product-type-variable","19":"has-default-attributes"},"acf":[],"yoast_head":"<!-- This site is optimized with the Yoast SEO plugin v27.2 - https:\/\/yoast.com\/product\/yoast-seo-wordpress\/ -->\n<title>Adidas Superstar Core Black Cloud White Gold - SHEZAMME<\/title>\n<meta name=\"description\" content=\"Adidas Superstar Core Black Cloud White Gold | Luksusowe i autentyczne przedmioty w jednym miejscu. B\u0105d\u017a na bie\u017c\u0105co i sprawd\u017a nasz\u0105 ofert\u0119 ju\u017c teraz\" \/>\n<meta name=\"robots\" content=\"index, follow, max-snippet:-1, max-image-preview:large, max-video-preview:-1\" \/>\n<link rel=\"canonical\" href=\"https:\/\/shezamme.com\/en\/sklep\/sneakers-2\/adidas\/adidas-superstar\/adidas-superstar-core-black-cloud-white-gold\/\" \/>\n<meta property=\"og:locale\" content=\"en_US\" \/>\n<meta property=\"og:type\" content=\"article\" \/>\n<meta property=\"og:title\" content=\"Adidas Superstar Core Black Cloud White Gold - SHEZAMME\" \/>\n<meta property=\"og:description\" content=\"Adidas Superstar Core Black Cloud White Gold | Luksusowe i autentyczne przedmioty w jednym miejscu. B\u0105d\u017a na bie\u017c\u0105co i sprawd\u017a nasz\u0105 ofert\u0119 ju\u017c teraz\" \/>\n<meta property=\"og:url\" content=\"https:\/\/shezamme.com\/en\/sklep\/sneakers-2\/adidas\/adidas-superstar\/adidas-superstar-core-black-cloud-white-gold\/\" \/>\n<meta property=\"og:site_name\" content=\"SHEZAMME - Yeezy, Jordan, Supreme i inne oryginalne rzeczy\" \/>\n<meta property=\"article:publisher\" content=\"https:\/\/www.facebook.com\/SHEZAMME\/\" \/>\n<meta property=\"article:modified_time\" content=\"2025-03-18T17:29:50+00:00\" \/>\n<meta property=\"og:image\" content=\"https:\/\/shezamme.com\/wp-content\/uploads\/2023\/03\/IMG_8089.jpg\" \/>\n\t<meta property=\"og:image:width\" content=\"1170\" \/>\n\t<meta property=\"og:image:height\" content=\"1078\" \/>\n\t<meta property=\"og:image:type\" content=\"image\/jpeg\" \/>\n<meta name=\"twitter:card\" content=\"summary_large_image\" \/>\n<meta name=\"twitter:site\" content=\"@SHEZAMME\" \/>\n<meta name=\"twitter:label1\" content=\"Est. reading time\" \/>\n\t<meta name=\"twitter:data1\" content=\"1 minute\" \/>\n<script type=\"application\/ld+json\" class=\"yoast-schema-graph\">{\"@context\":\"https:\/\/schema.org\",\"@graph\":[{\"@type\":\"WebPage\",\"@id\":\"https:\/\/shezamme.com\/sklep\/buty\/adidas\/adidas-superstar\/adidas-superstar-core-black-cloud-white-gold\/\",\"url\":\"https:\/\/shezamme.com\/sklep\/buty\/adidas\/adidas-superstar\/adidas-superstar-core-black-cloud-white-gold\/\",\"name\":\"Adidas Superstar Core Black Cloud White Gold - SHEZAMME\",\"isPartOf\":{\"@id\":\"https:\/\/shezamme.com\/#website\"},\"primaryImageOfPage\":{\"@id\":\"https:\/\/shezamme.com\/sklep\/buty\/adidas\/adidas-superstar\/adidas-superstar-core-black-cloud-white-gold\/#primaryimage\"},\"image\":{\"@id\":\"https:\/\/shezamme.com\/sklep\/buty\/adidas\/adidas-superstar\/adidas-superstar-core-black-cloud-white-gold\/#primaryimage\"},\"thumbnailUrl\":\"https:\/\/shezamme.com\/wp-content\/uploads\/2023\/03\/IMG_8089.jpg\",\"datePublished\":\"2023-03-28T14:20:47+00:00\",\"dateModified\":\"2025-03-18T17:29:50+00:00\",\"description\":\"Adidas Superstar Core Black Cloud White Gold | Luksusowe i autentyczne przedmioty w jednym miejscu. B\u0105d\u017a na bie\u017c\u0105co i sprawd\u017a nasz\u0105 ofert\u0119 ju\u017c teraz\",\"breadcrumb\":{\"@id\":\"https:\/\/shezamme.com\/sklep\/buty\/adidas\/adidas-superstar\/adidas-superstar-core-black-cloud-white-gold\/#breadcrumb\"},\"inLanguage\":\"en-US\",\"potentialAction\":[{\"@type\":\"ReadAction\",\"target\":[\"https:\/\/shezamme.com\/sklep\/buty\/adidas\/adidas-superstar\/adidas-superstar-core-black-cloud-white-gold\/\"]}]},{\"@type\":\"ImageObject\",\"inLanguage\":\"en-US\",\"@id\":\"https:\/\/shezamme.com\/sklep\/buty\/adidas\/adidas-superstar\/adidas-superstar-core-black-cloud-white-gold\/#primaryimage\",\"url\":\"https:\/\/shezamme.com\/wp-content\/uploads\/2023\/03\/IMG_8089.jpg\",\"contentUrl\":\"https:\/\/shezamme.com\/wp-content\/uploads\/2023\/03\/IMG_8089.jpg\",\"width\":1170,\"height\":1078,\"caption\":\"Adidas Superstar Core Black Cloud White Gold\"},{\"@type\":\"BreadcrumbList\",\"@id\":\"https:\/\/shezamme.com\/sklep\/buty\/adidas\/adidas-superstar\/adidas-superstar-core-black-cloud-white-gold\/#breadcrumb\",\"itemListElement\":[{\"@type\":\"ListItem\",\"position\":1,\"name\":\"Strona g\u0142\u00f3wna\",\"item\":\"https:\/\/shezamme.com\/\"},{\"@type\":\"ListItem\",\"position\":2,\"name\":\"Sklep\",\"item\":\"https:\/\/shezamme.com\/sklep\/\"},{\"@type\":\"ListItem\",\"position\":3,\"name\":\"Adidas Superstar Core Black Cloud White Gold\"}]},{\"@type\":\"WebSite\",\"@id\":\"https:\/\/shezamme.com\/#website\",\"url\":\"https:\/\/shezamme.com\/\",\"name\":\"SHEZAMME - Sneakersy, Streetwear i luksusowe marki\",\"description\":\"Oryginalne i ekskluzywne przedmioty w jednym miejscu. Sprawd\u017a nasze produkty ju\u017c teraz i b\u0105d\u017a na bie\u017c\u0105co z wszystkimi premierami.\",\"publisher\":{\"@id\":\"https:\/\/shezamme.com\/#organization\"},\"potentialAction\":[{\"@type\":\"SearchAction\",\"target\":{\"@type\":\"EntryPoint\",\"urlTemplate\":\"https:\/\/shezamme.com\/?s={search_term_string}\"},\"query-input\":{\"@type\":\"PropertyValueSpecification\",\"valueRequired\":true,\"valueName\":\"search_term_string\"}}],\"inLanguage\":\"en-US\"},{\"@type\":\"Organization\",\"@id\":\"https:\/\/shezamme.com\/#organization\",\"name\":\"SHEZAMME - Sneakersy, Streetwear i luksusowe marki\",\"url\":\"https:\/\/shezamme.com\/\",\"logo\":{\"@type\":\"ImageObject\",\"inLanguage\":\"en-US\",\"@id\":\"https:\/\/shezamme.com\/#\/schema\/logo\/image\/\",\"url\":\"https:\/\/shezamme.com\/wp-content\/uploads\/2023\/02\/0x0.png\",\"contentUrl\":\"https:\/\/shezamme.com\/wp-content\/uploads\/2023\/02\/0x0.png\",\"width\":2000,\"height\":2000,\"caption\":\"SHEZAMME - Sneakersy, Streetwear i luksusowe marki\"},\"image\":{\"@id\":\"https:\/\/shezamme.com\/#\/schema\/logo\/image\/\"},\"sameAs\":[\"https:\/\/www.facebook.com\/SHEZAMME\/\",\"https:\/\/x.com\/SHEZAMME\",\"https:\/\/www.instagram.com\/shezamme\/\",\"https:\/\/www.youtube.com\/channel\/UCsTJxi_9fODHdO_1bmJbqvQ\",\"https:\/\/www.tiktok.com\/shezamme.com\"]}]}<\/script>\n<!-- \/ Yoast SEO plugin. -->","yoast_head_json":{"title":"Adidas Superstar Core Black Cloud White Gold - SHEZAMME","description":"Adidas Superstar Core Black Cloud White Gold | Luksusowe i autentyczne przedmioty w jednym miejscu. B\u0105d\u017a na bie\u017c\u0105co i sprawd\u017a nasz\u0105 ofert\u0119 ju\u017c teraz","robots":{"index":"index","follow":"follow","max-snippet":"max-snippet:-1","max-image-preview":"max-image-preview:large","max-video-preview":"max-video-preview:-1"},"canonical":"https:\/\/shezamme.com\/en\/sklep\/sneakers-2\/adidas\/adidas-superstar\/adidas-superstar-core-black-cloud-white-gold\/","og_locale":"en_US","og_type":"article","og_title":"Adidas Superstar Core Black Cloud White Gold - SHEZAMME","og_description":"Adidas Superstar Core Black Cloud White Gold | Luksusowe i autentyczne przedmioty w jednym miejscu. B\u0105d\u017a na bie\u017c\u0105co i sprawd\u017a nasz\u0105 ofert\u0119 ju\u017c teraz","og_url":"https:\/\/shezamme.com\/en\/sklep\/sneakers-2\/adidas\/adidas-superstar\/adidas-superstar-core-black-cloud-white-gold\/","og_site_name":"SHEZAMME - Yeezy, Jordan, Supreme i inne oryginalne rzeczy","article_publisher":"https:\/\/www.facebook.com\/SHEZAMME\/","article_modified_time":"2025-03-18T17:29:50+00:00","og_image":[{"width":1170,"height":1078,"url":"https:\/\/shezamme.com\/wp-content\/uploads\/2023\/03\/IMG_8089.jpg","type":"image\/jpeg"}],"twitter_card":"summary_large_image","twitter_site":"@SHEZAMME","twitter_misc":{"Est. reading time":"1 minute"},"schema":{"@context":"https:\/\/schema.org","@graph":[{"@type":"WebPage","@id":"https:\/\/shezamme.com\/sklep\/buty\/adidas\/adidas-superstar\/adidas-superstar-core-black-cloud-white-gold\/","url":"https:\/\/shezamme.com\/sklep\/buty\/adidas\/adidas-superstar\/adidas-superstar-core-black-cloud-white-gold\/","name":"Adidas Superstar Core Black Cloud White Gold - SHEZAMME","isPartOf":{"@id":"https:\/\/shezamme.com\/#website"},"primaryImageOfPage":{"@id":"https:\/\/shezamme.com\/sklep\/buty\/adidas\/adidas-superstar\/adidas-superstar-core-black-cloud-white-gold\/#primaryimage"},"image":{"@id":"https:\/\/shezamme.com\/sklep\/buty\/adidas\/adidas-superstar\/adidas-superstar-core-black-cloud-white-gold\/#primaryimage"},"thumbnailUrl":"https:\/\/shezamme.com\/wp-content\/uploads\/2023\/03\/IMG_8089.jpg","datePublished":"2023-03-28T14:20:47+00:00","dateModified":"2025-03-18T17:29:50+00:00","description":"Adidas Superstar Core Black Cloud White Gold | Luksusowe i autentyczne przedmioty w jednym miejscu. B\u0105d\u017a na bie\u017c\u0105co i sprawd\u017a nasz\u0105 ofert\u0119 ju\u017c teraz","breadcrumb":{"@id":"https:\/\/shezamme.com\/sklep\/buty\/adidas\/adidas-superstar\/adidas-superstar-core-black-cloud-white-gold\/#breadcrumb"},"inLanguage":"en-US","potentialAction":[{"@type":"ReadAction","target":["https:\/\/shezamme.com\/sklep\/buty\/adidas\/adidas-superstar\/adidas-superstar-core-black-cloud-white-gold\/"]}]},{"@type":"ImageObject","inLanguage":"en-US","@id":"https:\/\/shezamme.com\/sklep\/buty\/adidas\/adidas-superstar\/adidas-superstar-core-black-cloud-white-gold\/#primaryimage","url":"https:\/\/shezamme.com\/wp-content\/uploads\/2023\/03\/IMG_8089.jpg","contentUrl":"https:\/\/shezamme.com\/wp-content\/uploads\/2023\/03\/IMG_8089.jpg","width":1170,"height":1078,"caption":"Adidas Superstar Core Black Cloud White Gold"},{"@type":"BreadcrumbList","@id":"https:\/\/shezamme.com\/sklep\/buty\/adidas\/adidas-superstar\/adidas-superstar-core-black-cloud-white-gold\/#breadcrumb","itemListElement":[{"@type":"ListItem","position":1,"name":"Strona g\u0142\u00f3wna","item":"https:\/\/shezamme.com\/"},{"@type":"ListItem","position":2,"name":"Sklep","item":"https:\/\/shezamme.com\/sklep\/"},{"@type":"ListItem","position":3,"name":"Adidas Superstar Core Black Cloud White Gold"}]},{"@type":"WebSite","@id":"https:\/\/shezamme.com\/#website","url":"https:\/\/shezamme.com\/","name":"SHEZAMME - Sneakers, Streetwear and luxury brands","description":"Original and exclusive items in one place. Check out our products now and stay up to date with all launches.","publisher":{"@id":"https:\/\/shezamme.com\/#organization"},"potentialAction":[{"@type":"SearchAction","target":{"@type":"EntryPoint","urlTemplate":"https:\/\/shezamme.com\/?s={search_term_string}"},"query-input":{"@type":"PropertyValueSpecification","valueRequired":true,"valueName":"search_term_string"}}],"inLanguage":"en-US"},{"@type":"Organization","@id":"https:\/\/shezamme.com\/#organization","name":"SHEZAMME - Sneakers, Streetwear and luxury brands","url":"https:\/\/shezamme.com\/","logo":{"@type":"ImageObject","inLanguage":"en-US","@id":"https:\/\/shezamme.com\/#\/schema\/logo\/image\/","url":"https:\/\/shezamme.com\/wp-content\/uploads\/2023\/02\/0x0.png","contentUrl":"https:\/\/shezamme.com\/wp-content\/uploads\/2023\/02\/0x0.png","width":2000,"height":2000,"caption":"SHEZAMME - Sneakersy, Streetwear i luksusowe marki"},"image":{"@id":"https:\/\/shezamme.com\/#\/schema\/logo\/image\/"},"sameAs":["https:\/\/www.facebook.com\/SHEZAMME\/","https:\/\/x.com\/SHEZAMME","https:\/\/www.instagram.com\/shezamme\/","https:\/\/www.youtube.com\/channel\/UCsTJxi_9fODHdO_1bmJbqvQ","https:\/\/www.tiktok.com\/shezamme.com"]}]}},"brands":[{"id":748,"name":"Adidas","slug":"adidas"}],"_links":{"self":[{"href":"https:\/\/shezamme.com\/en\/wp-json\/wp\/v2\/product\/25358","targetHints":{"allow":["GET"]}}],"collection":[{"href":"https:\/\/shezamme.com\/en\/wp-json\/wp\/v2\/product"}],"about":[{"href":"https:\/\/shezamme.com\/en\/wp-json\/wp\/v2\/types\/product"}],"wp:featuredmedia":[{"embeddable":true,"href":"https:\/\/shezamme.com\/en\/wp-json\/wp\/v2\/media\/25370"}],"wp:attachment":[{"href":"https:\/\/shezamme.com\/en\/wp-json\/wp\/v2\/media?parent=25358"}],"wp:term":[{"taxonomy":"pwb-brand","embeddable":true,"href":"https:\/\/shezamme.com\/en\/wp-json\/wp\/v2\/pwb-brand?post=25358"},{"taxonomy":"product_brand","embeddable":true,"href":"https:\/\/shezamme.com\/en\/wp-json\/wp\/v2\/product_brand?post=25358"},{"taxonomy":"product_cat","embeddable":true,"href":"https:\/\/shezamme.com\/en\/wp-json\/wp\/v2\/product_cat?post=25358"},{"taxonomy":"product_tag","embeddable":true,"href":"https:\/\/shezamme.com\/en\/wp-json\/wp\/v2\/product_tag?post=25358"}],"curies":[{"name":"wp","href":"https:\/\/api.w.org\/{rel}","templated":true}]}}