{"id":25046,"date":"2023-03-24T10:34:15","date_gmt":"2023-03-24T09:34:15","guid":{"rendered":"https:\/\/shezamme.com\/?post_type=product&#038;p=25046"},"modified":"2026-02-24T16:19:59","modified_gmt":"2026-02-24T15:19:59","slug":"nike-zoom-cortez-sp-sacai-white-university-red-blue","status":"publish","type":"product","link":"https:\/\/shezamme.com\/en\/sklep\/buty\/nike\/nike-cortez\/nike-zoom-cortez-sp-sacai-white-university-red-blue\/","title":{"rendered":"Nike Zoom Cortez SP sacai White University Red Blue"},"content":{"rendered":"<h2 data-start=\"0\" data-end=\"51\">Nowoczesna reinterpretacja klasycznego Corteza<\/h2>\n<p data-start=\"53\" data-end=\"432\">Nike Zoom Cortez SP x Sacai &#8222;White University Red Blue&#8221; to odwa\u017cna wariacja na temat legendarnego modelu z 1972 roku. Cholewka z po\u0142\u0105czenia sk\u00f3ry, zamszu i tekstylnych wstawek zachowuje klasyczny bia\u0142o-czerwony wygl\u0105d z niebieskimi akcentami, a podw\u00f3jne j\u0119zyki i sznurowad\u0142a podkre\u015blaj\u0105 charakterystyczny styl Sacai. Kontrastowe czerwone Swooshe nadaj\u0105 butom dynamiczny wygl\u0105d.<\/p>\n<h2 data-start=\"434\" data-end=\"467\">Komfort i nowatorskie detale<\/h2>\n<p data-start=\"469\" data-end=\"766\" data-is-last-node=\"\" data-is-only-node=\"\">Innowacyjna podeszwa z podw\u00f3jn\u0105 warstw\u0105 i widoczn\u0105 poduszk\u0105 Zoom Air w przedniej cz\u0119\u015bci zapewnia wyj\u0105tkow\u0105 amortyzacj\u0119. Branding Nike i Sacai na j\u0119zyku oraz pi\u0119cie podkre\u015bla ekskluzywny charakter tej limitowanej edycji, \u0142\u0105cz\u0105cej sportow\u0105 histori\u0119 Corteza z nowoczesnym podej\u015bciem japo\u0144skiej marki.<\/p>","protected":false},"excerpt":{"rendered":"<h2 data-start=\"0\" data-end=\"52\">Klasyczny Cortez w futurystycznym wydaniu Sacai<\/h2>\n<p data-start=\"54\" data-end=\"409\" data-is-last-node=\"\" data-is-only-node=\"\">Nike Zoom Cortez SP x Sacai &#8222;White University Red Blue&#8221; to nowoczesna reinterpretacja kultowego modelu z 1972 roku. Podw\u00f3jne j\u0119zyki, warstwowa konstrukcja i kontrastowe czerwone Swooshe nadaj\u0105 mu unikalny charakter. Sk\u00f3rzano-zamszowa cholewka zachowuje klasyczn\u0105 bia\u0142o-czerwon\u0105 kolorystyk\u0119, a poduszka Zoom Air w podeszwie zapewnia dynamiczn\u0105 amortyzacj\u0119.<\/p>","protected":false},"featured_media":25065,"template":"","meta":{"_acf_changed":false},"pwb-brand":[756],"product_brand":[],"product_cat":[16,806,807,93],"product_tag":[1008,1009],"class_list":{"0":"post-25046","1":"product","2":"type-product","3":"status-publish","4":"has-post-thumbnail","6":"pwb-brand-nike","7":"product_cat-buty","8":"product_cat-nike-cortez","9":"product_cat-nike-sacai","10":"product_cat-nike","11":"product_tag-kobieta","12":"product_tag-mezczyzna","14":"first","15":"onbackorder","16":"taxable","17":"shipping-taxable","18":"purchasable","19":"product-type-variable","20":"has-default-attributes"},"acf":[],"yoast_head":"<!-- This site is optimized with the Yoast SEO plugin v27.2 - https:\/\/yoast.com\/product\/yoast-seo-wordpress\/ -->\n<title>Nike Zoom Cortez SP sacai White University Red Blue - SHEZAMME<\/title>\n<meta name=\"description\" content=\"Nike Zoom Cortez SP sacai White University Red Blue | Luksusowe i autentyczne przedmioty w jednym miejscu. B\u0105d\u017a na bie\u017c\u0105co i sprawd\u017a nasz\u0105 ofert\u0119 ju\u017c teraz\" \/>\n<meta name=\"robots\" content=\"index, follow, max-snippet:-1, max-image-preview:large, max-video-preview:-1\" \/>\n<link rel=\"canonical\" href=\"https:\/\/shezamme.com\/en\/sklep\/sneakers-2\/nike\/nike-cortez\/nike-zoom-cortez-sp-sacai-white-university-red-blue\/\" \/>\n<meta property=\"og:locale\" content=\"en_US\" \/>\n<meta property=\"og:type\" content=\"article\" \/>\n<meta property=\"og:title\" content=\"Nike Zoom Cortez SP sacai White University Red Blue - SHEZAMME\" \/>\n<meta property=\"og:description\" content=\"Nike Zoom Cortez SP sacai White University Red Blue | Luksusowe i autentyczne przedmioty w jednym miejscu. B\u0105d\u017a na bie\u017c\u0105co i sprawd\u017a nasz\u0105 ofert\u0119 ju\u017c teraz\" \/>\n<meta property=\"og:url\" content=\"https:\/\/shezamme.com\/en\/sklep\/sneakers-2\/nike\/nike-cortez\/nike-zoom-cortez-sp-sacai-white-university-red-blue\/\" \/>\n<meta property=\"og:site_name\" content=\"SHEZAMME - Yeezy, Jordan, Supreme i inne oryginalne rzeczy\" \/>\n<meta property=\"article:publisher\" content=\"https:\/\/www.facebook.com\/SHEZAMME\/\" \/>\n<meta property=\"article:modified_time\" content=\"2026-02-24T15:19:59+00:00\" \/>\n<meta property=\"og:image\" content=\"https:\/\/shezamme.com\/wp-content\/uploads\/2023\/03\/IMG_7908.jpg\" \/>\n\t<meta property=\"og:image:width\" content=\"1170\" \/>\n\t<meta property=\"og:image:height\" content=\"1106\" \/>\n\t<meta property=\"og:image:type\" content=\"image\/jpeg\" \/>\n<meta name=\"twitter:card\" content=\"summary_large_image\" \/>\n<meta name=\"twitter:site\" content=\"@SHEZAMME\" \/>\n<meta name=\"twitter:label1\" content=\"Est. reading time\" \/>\n\t<meta name=\"twitter:data1\" content=\"1 minute\" \/>\n<script type=\"application\/ld+json\" class=\"yoast-schema-graph\">{\"@context\":\"https:\/\/schema.org\",\"@graph\":[{\"@type\":\"WebPage\",\"@id\":\"https:\/\/shezamme.com\/sklep\/buty\/nike\/nike-cortez\/nike-zoom-cortez-sp-sacai-white-university-red-blue\/\",\"url\":\"https:\/\/shezamme.com\/sklep\/buty\/nike\/nike-cortez\/nike-zoom-cortez-sp-sacai-white-university-red-blue\/\",\"name\":\"Nike Zoom Cortez SP sacai White University Red Blue - SHEZAMME\",\"isPartOf\":{\"@id\":\"https:\/\/shezamme.com\/#website\"},\"primaryImageOfPage\":{\"@id\":\"https:\/\/shezamme.com\/sklep\/buty\/nike\/nike-cortez\/nike-zoom-cortez-sp-sacai-white-university-red-blue\/#primaryimage\"},\"image\":{\"@id\":\"https:\/\/shezamme.com\/sklep\/buty\/nike\/nike-cortez\/nike-zoom-cortez-sp-sacai-white-university-red-blue\/#primaryimage\"},\"thumbnailUrl\":\"https:\/\/shezamme.com\/wp-content\/uploads\/2023\/03\/IMG_7908.jpg\",\"datePublished\":\"2023-03-24T09:34:15+00:00\",\"dateModified\":\"2026-02-24T15:19:59+00:00\",\"description\":\"Nike Zoom Cortez SP sacai White University Red Blue | Luksusowe i autentyczne przedmioty w jednym miejscu. B\u0105d\u017a na bie\u017c\u0105co i sprawd\u017a nasz\u0105 ofert\u0119 ju\u017c teraz\",\"breadcrumb\":{\"@id\":\"https:\/\/shezamme.com\/sklep\/buty\/nike\/nike-cortez\/nike-zoom-cortez-sp-sacai-white-university-red-blue\/#breadcrumb\"},\"inLanguage\":\"en-US\",\"potentialAction\":[{\"@type\":\"ReadAction\",\"target\":[\"https:\/\/shezamme.com\/sklep\/buty\/nike\/nike-cortez\/nike-zoom-cortez-sp-sacai-white-university-red-blue\/\"]}]},{\"@type\":\"ImageObject\",\"inLanguage\":\"en-US\",\"@id\":\"https:\/\/shezamme.com\/sklep\/buty\/nike\/nike-cortez\/nike-zoom-cortez-sp-sacai-white-university-red-blue\/#primaryimage\",\"url\":\"https:\/\/shezamme.com\/wp-content\/uploads\/2023\/03\/IMG_7908.jpg\",\"contentUrl\":\"https:\/\/shezamme.com\/wp-content\/uploads\/2023\/03\/IMG_7908.jpg\",\"width\":1170,\"height\":1106,\"caption\":\"Nike Zoom Cortez SP sacai White University Red Blue\"},{\"@type\":\"BreadcrumbList\",\"@id\":\"https:\/\/shezamme.com\/sklep\/buty\/nike\/nike-cortez\/nike-zoom-cortez-sp-sacai-white-university-red-blue\/#breadcrumb\",\"itemListElement\":[{\"@type\":\"ListItem\",\"position\":1,\"name\":\"Strona g\u0142\u00f3wna\",\"item\":\"https:\/\/shezamme.com\/\"},{\"@type\":\"ListItem\",\"position\":2,\"name\":\"Sklep\",\"item\":\"https:\/\/shezamme.com\/sklep\/\"},{\"@type\":\"ListItem\",\"position\":3,\"name\":\"Nike Zoom Cortez SP sacai White University Red Blue\"}]},{\"@type\":\"WebSite\",\"@id\":\"https:\/\/shezamme.com\/#website\",\"url\":\"https:\/\/shezamme.com\/\",\"name\":\"SHEZAMME - Sneakersy, Streetwear i luksusowe marki\",\"description\":\"Oryginalne i ekskluzywne przedmioty w jednym miejscu. Sprawd\u017a nasze produkty ju\u017c teraz i b\u0105d\u017a na bie\u017c\u0105co z wszystkimi premierami.\",\"publisher\":{\"@id\":\"https:\/\/shezamme.com\/#organization\"},\"potentialAction\":[{\"@type\":\"SearchAction\",\"target\":{\"@type\":\"EntryPoint\",\"urlTemplate\":\"https:\/\/shezamme.com\/?s={search_term_string}\"},\"query-input\":{\"@type\":\"PropertyValueSpecification\",\"valueRequired\":true,\"valueName\":\"search_term_string\"}}],\"inLanguage\":\"en-US\"},{\"@type\":\"Organization\",\"@id\":\"https:\/\/shezamme.com\/#organization\",\"name\":\"SHEZAMME - Sneakersy, Streetwear i luksusowe marki\",\"url\":\"https:\/\/shezamme.com\/\",\"logo\":{\"@type\":\"ImageObject\",\"inLanguage\":\"en-US\",\"@id\":\"https:\/\/shezamme.com\/#\/schema\/logo\/image\/\",\"url\":\"https:\/\/shezamme.com\/wp-content\/uploads\/2023\/02\/0x0.png\",\"contentUrl\":\"https:\/\/shezamme.com\/wp-content\/uploads\/2023\/02\/0x0.png\",\"width\":2000,\"height\":2000,\"caption\":\"SHEZAMME - Sneakersy, Streetwear i luksusowe marki\"},\"image\":{\"@id\":\"https:\/\/shezamme.com\/#\/schema\/logo\/image\/\"},\"sameAs\":[\"https:\/\/www.facebook.com\/SHEZAMME\/\",\"https:\/\/x.com\/SHEZAMME\",\"https:\/\/www.instagram.com\/shezamme\/\",\"https:\/\/www.youtube.com\/channel\/UCsTJxi_9fODHdO_1bmJbqvQ\",\"https:\/\/www.tiktok.com\/shezamme.com\"]}]}<\/script>\n<!-- \/ Yoast SEO plugin. -->","yoast_head_json":{"title":"Nike Zoom Cortez SP sacai White University Red Blue - SHEZAMME","description":"Nike Zoom Cortez SP sacai White University Red Blue | Luksusowe i autentyczne przedmioty w jednym miejscu. B\u0105d\u017a na bie\u017c\u0105co i sprawd\u017a nasz\u0105 ofert\u0119 ju\u017c teraz","robots":{"index":"index","follow":"follow","max-snippet":"max-snippet:-1","max-image-preview":"max-image-preview:large","max-video-preview":"max-video-preview:-1"},"canonical":"https:\/\/shezamme.com\/en\/sklep\/sneakers-2\/nike\/nike-cortez\/nike-zoom-cortez-sp-sacai-white-university-red-blue\/","og_locale":"en_US","og_type":"article","og_title":"Nike Zoom Cortez SP sacai White University Red Blue - SHEZAMME","og_description":"Nike Zoom Cortez SP sacai White University Red Blue | Luksusowe i autentyczne przedmioty w jednym miejscu. B\u0105d\u017a na bie\u017c\u0105co i sprawd\u017a nasz\u0105 ofert\u0119 ju\u017c teraz","og_url":"https:\/\/shezamme.com\/en\/sklep\/sneakers-2\/nike\/nike-cortez\/nike-zoom-cortez-sp-sacai-white-university-red-blue\/","og_site_name":"SHEZAMME - Yeezy, Jordan, Supreme i inne oryginalne rzeczy","article_publisher":"https:\/\/www.facebook.com\/SHEZAMME\/","article_modified_time":"2026-02-24T15:19:59+00:00","og_image":[{"width":1170,"height":1106,"url":"https:\/\/shezamme.com\/wp-content\/uploads\/2023\/03\/IMG_7908.jpg","type":"image\/jpeg"}],"twitter_card":"summary_large_image","twitter_site":"@SHEZAMME","twitter_misc":{"Est. reading time":"1 minute"},"schema":{"@context":"https:\/\/schema.org","@graph":[{"@type":"WebPage","@id":"https:\/\/shezamme.com\/sklep\/buty\/nike\/nike-cortez\/nike-zoom-cortez-sp-sacai-white-university-red-blue\/","url":"https:\/\/shezamme.com\/sklep\/buty\/nike\/nike-cortez\/nike-zoom-cortez-sp-sacai-white-university-red-blue\/","name":"Nike Zoom Cortez SP sacai White University Red Blue - SHEZAMME","isPartOf":{"@id":"https:\/\/shezamme.com\/#website"},"primaryImageOfPage":{"@id":"https:\/\/shezamme.com\/sklep\/buty\/nike\/nike-cortez\/nike-zoom-cortez-sp-sacai-white-university-red-blue\/#primaryimage"},"image":{"@id":"https:\/\/shezamme.com\/sklep\/buty\/nike\/nike-cortez\/nike-zoom-cortez-sp-sacai-white-university-red-blue\/#primaryimage"},"thumbnailUrl":"https:\/\/shezamme.com\/wp-content\/uploads\/2023\/03\/IMG_7908.jpg","datePublished":"2023-03-24T09:34:15+00:00","dateModified":"2026-02-24T15:19:59+00:00","description":"Nike Zoom Cortez SP sacai White University Red Blue | Luksusowe i autentyczne przedmioty w jednym miejscu. B\u0105d\u017a na bie\u017c\u0105co i sprawd\u017a nasz\u0105 ofert\u0119 ju\u017c teraz","breadcrumb":{"@id":"https:\/\/shezamme.com\/sklep\/buty\/nike\/nike-cortez\/nike-zoom-cortez-sp-sacai-white-university-red-blue\/#breadcrumb"},"inLanguage":"en-US","potentialAction":[{"@type":"ReadAction","target":["https:\/\/shezamme.com\/sklep\/buty\/nike\/nike-cortez\/nike-zoom-cortez-sp-sacai-white-university-red-blue\/"]}]},{"@type":"ImageObject","inLanguage":"en-US","@id":"https:\/\/shezamme.com\/sklep\/buty\/nike\/nike-cortez\/nike-zoom-cortez-sp-sacai-white-university-red-blue\/#primaryimage","url":"https:\/\/shezamme.com\/wp-content\/uploads\/2023\/03\/IMG_7908.jpg","contentUrl":"https:\/\/shezamme.com\/wp-content\/uploads\/2023\/03\/IMG_7908.jpg","width":1170,"height":1106,"caption":"Nike Zoom Cortez SP sacai White University Red Blue"},{"@type":"BreadcrumbList","@id":"https:\/\/shezamme.com\/sklep\/buty\/nike\/nike-cortez\/nike-zoom-cortez-sp-sacai-white-university-red-blue\/#breadcrumb","itemListElement":[{"@type":"ListItem","position":1,"name":"Strona g\u0142\u00f3wna","item":"https:\/\/shezamme.com\/"},{"@type":"ListItem","position":2,"name":"Sklep","item":"https:\/\/shezamme.com\/sklep\/"},{"@type":"ListItem","position":3,"name":"Nike Zoom Cortez SP sacai White University Red Blue"}]},{"@type":"WebSite","@id":"https:\/\/shezamme.com\/#website","url":"https:\/\/shezamme.com\/","name":"SHEZAMME - Sneakers, Streetwear and luxury brands","description":"Original and exclusive items in one place. Check out our products now and stay up to date with all launches.","publisher":{"@id":"https:\/\/shezamme.com\/#organization"},"potentialAction":[{"@type":"SearchAction","target":{"@type":"EntryPoint","urlTemplate":"https:\/\/shezamme.com\/?s={search_term_string}"},"query-input":{"@type":"PropertyValueSpecification","valueRequired":true,"valueName":"search_term_string"}}],"inLanguage":"en-US"},{"@type":"Organization","@id":"https:\/\/shezamme.com\/#organization","name":"SHEZAMME - Sneakers, Streetwear and luxury brands","url":"https:\/\/shezamme.com\/","logo":{"@type":"ImageObject","inLanguage":"en-US","@id":"https:\/\/shezamme.com\/#\/schema\/logo\/image\/","url":"https:\/\/shezamme.com\/wp-content\/uploads\/2023\/02\/0x0.png","contentUrl":"https:\/\/shezamme.com\/wp-content\/uploads\/2023\/02\/0x0.png","width":2000,"height":2000,"caption":"SHEZAMME - Sneakersy, Streetwear i luksusowe marki"},"image":{"@id":"https:\/\/shezamme.com\/#\/schema\/logo\/image\/"},"sameAs":["https:\/\/www.facebook.com\/SHEZAMME\/","https:\/\/x.com\/SHEZAMME","https:\/\/www.instagram.com\/shezamme\/","https:\/\/www.youtube.com\/channel\/UCsTJxi_9fODHdO_1bmJbqvQ","https:\/\/www.tiktok.com\/shezamme.com"]}]}},"brands":[{"id":756,"name":"Nike","slug":"nike"}],"_links":{"self":[{"href":"https:\/\/shezamme.com\/en\/wp-json\/wp\/v2\/product\/25046","targetHints":{"allow":["GET"]}}],"collection":[{"href":"https:\/\/shezamme.com\/en\/wp-json\/wp\/v2\/product"}],"about":[{"href":"https:\/\/shezamme.com\/en\/wp-json\/wp\/v2\/types\/product"}],"wp:featuredmedia":[{"embeddable":true,"href":"https:\/\/shezamme.com\/en\/wp-json\/wp\/v2\/media\/25065"}],"wp:attachment":[{"href":"https:\/\/shezamme.com\/en\/wp-json\/wp\/v2\/media?parent=25046"}],"wp:term":[{"taxonomy":"pwb-brand","embeddable":true,"href":"https:\/\/shezamme.com\/en\/wp-json\/wp\/v2\/pwb-brand?post=25046"},{"taxonomy":"product_brand","embeddable":true,"href":"https:\/\/shezamme.com\/en\/wp-json\/wp\/v2\/product_brand?post=25046"},{"taxonomy":"product_cat","embeddable":true,"href":"https:\/\/shezamme.com\/en\/wp-json\/wp\/v2\/product_cat?post=25046"},{"taxonomy":"product_tag","embeddable":true,"href":"https:\/\/shezamme.com\/en\/wp-json\/wp\/v2\/product_tag?post=25046"}],"curies":[{"name":"wp","href":"https:\/\/api.w.org\/{rel}","templated":true}]}}