{"id":24699,"date":"2023-03-21T12:59:31","date_gmt":"2023-03-21T11:59:31","guid":{"rendered":"https:\/\/shezamme.com\/?post_type=product&#038;p=24699"},"modified":"2025-03-29T15:21:58","modified_gmt":"2025-03-29T14:21:58","slug":"adidas-yeezy-boost-350-v2-fade","status":"publish","type":"product","link":"https:\/\/shezamme.com\/en\/sklep\/buty\/yeezy\/yeezy-350\/adidas-yeezy-boost-350-v2-fade\/","title":{"rendered":"Adidas Yeezy Boost 350 V2 Fade"},"content":{"rendered":"<div class=\"w-[30px] flex flex-col relative items-end\">\n<div class=\"relative h-[30px] w-[30px] p-1 rounded-sm text-white flex items-center justify-center\">\n<div class=\"w-[30px] flex flex-col relative items-end\">\n<div class=\"relative h-[30px] w-[30px] p-1 rounded-sm text-white flex items-center justify-center\">\n<h2>Stylowy design i p\u0142ynne przej\u015bcie kolor\u00f3w<\/h2>\n<p>Adidas Yeezy Boost 350 V2 Fade to model, kt\u00f3ry wyr\u00f3\u017cnia si\u0119 subteln\u0105 palet\u0105 odcieni br\u0105zu i fioletu, idealnie wkomponowanych w p\u0142ynne przej\u015bcie kolor\u00f3w (fade). Cholewka z przewiewnego materia\u0142u Primeknit zapewnia doskona\u0142e dopasowanie i komfort przez ca\u0142y dzie\u0144. Charakterystyczny boczny pasek oraz przezroczysty panel nadaj\u0105 modelowi nowoczesny wygl\u0105d, kt\u00f3ry \u015bwietnie sprawdzi si\u0119 w codziennym stylu.<\/p>\n<h2>Amortyzacja i wsparcie dzi\u0119ki technologii Boost<\/h2>\n<p>Podeszwa z technologi\u0105 Boost gwarantuje maksymaln\u0105 amortyzacj\u0119, oferuj\u0105c wygod\u0119 przy ka\u017cdym kroku. Bezszwowa konstrukcja oraz tradycyjne sznurowanie zapewniaj\u0105 idealne dopasowanie do stopy. Adidas Yeezy Boost 350 V2 Fade to doskona\u0142y wyb\u00f3r dla os\u00f3b ceni\u0105cych neutralne, a jednocze\u015bnie stylowe sneakersy na co dzie\u0144.<\/p>\n<\/div>\n<\/div>\n<\/div>\n<\/div>\n","protected":false},"excerpt":{"rendered":"<div class=\"flex-shrink-0 flex flex-col relative items-end\">\n<div>\n<div class=\"pt-0\">\n<div class=\"gizmo-shadow-stroke flex h-8 w-8 items-center justify-center overflow-hidden rounded-full\">\n<div class=\"h-full w-full\">\n<h2 class=\"gizmo-shadow-stroke overflow-hidden rounded-full\"><span style=\"font-size: 24px\">Neutralny styl i wyj\u0105tkowy komfort<\/span><\/h2>\n<\/div>\n<\/div>\n<\/div>\n<\/div>\n<\/div>\n<div class=\"group\/conversation-turn relative flex w-full min-w-0 flex-col agent-turn\">\n<div class=\"flex-col gap-1 md:gap-3\">\n<div class=\"flex max-w-full flex-col flex-grow\">\n<div class=\"min-h-8 text-message flex w-full flex-col items-end gap-2 whitespace-normal break-words [.text-message+&amp;]:mt-5\" dir=\"auto\" data-message-author-role=\"assistant\" data-message-id=\"b5cc5c66-3583-48d2-a9ec-a7181a915f6a\" data-message-model-slug=\"gpt-4o\">\n<div class=\"flex w-full flex-col gap-1 empty:hidden first:pt-[3px]\">\n<div class=\"markdown prose w-full break-words dark:prose-invert light\">\n<p>Adidas Yeezy Boost 350 V2 Fade to sneakersy o stonowanej kolorystyce br\u0105zu i fioletu z p\u0142ynnym przej\u015bciem barw. Elastyczna cholewka Primeknit zapewnia doskona\u0142e dopasowanie, a podeszwa z technologi\u0105 Boost gwarantuje niezr\u00f3wnan\u0105 amortyzacj\u0119. Przezroczysty boczny panel i bezszwowa konstrukcja nadaj\u0105 modelowi nowoczesny, minimalistyczny wygl\u0105d idealny na co dzie\u0144.<\/p>\n<\/div>\n<\/div>\n<\/div>\n<\/div>\n<\/div>\n<\/div>\n","protected":false},"featured_media":24714,"template":"","meta":{"_acf_changed":false,"_yoast_wpseo_focuskw":"Adidas Yeezy Boost 350 V2 Fade","_yoast_wpseo_title":"","_yoast_wpseo_metadesc":""},"pwb-brand":[748,750],"product_brand":[],"product_cat":[16,63,193],"product_tag":[1008,1009],"class_list":{"0":"post-24699","1":"product","2":"type-product","3":"status-publish","4":"has-post-thumbnail","6":"pwb-brand-adidas","7":"pwb-brand-yeezy","8":"product_cat-buty","9":"product_cat-yeezy","10":"product_cat-yeezy-350","11":"product_tag-kobieta","12":"product_tag-mezczyzna","14":"first","15":"instock","16":"taxable","17":"shipping-taxable","18":"purchasable","19":"product-type-variable","20":"has-default-attributes"},"acf":[],"yoast_head":"<!-- This site is optimized with the Yoast SEO plugin v27.4 - https:\/\/yoast.com\/product\/yoast-seo-wordpress\/ -->\n<title>Adidas Yeezy Boost 350 V2 Fade - SHEZAMME<\/title>\n<meta name=\"description\" content=\"Adidas Yeezy Boost 350 V2 Fade | Luksusowe i autentyczne przedmioty w jednym miejscu. B\u0105d\u017a na bie\u017c\u0105co i sprawd\u017a nasz\u0105 ofert\u0119 ju\u017c teraz\" \/>\n<meta name=\"robots\" content=\"index, follow, max-snippet:-1, max-image-preview:large, max-video-preview:-1\" \/>\n<link rel=\"canonical\" href=\"https:\/\/shezamme.com\/en\/sklep\/sneakers-2\/yeezy\/yeezy-350\/adidas-yeezy-boost-350-v2-fade\/\" \/>\n<meta property=\"og:locale\" content=\"en_US\" \/>\n<meta property=\"og:type\" content=\"article\" \/>\n<meta property=\"og:title\" content=\"Adidas Yeezy Boost 350 V2 Fade - SHEZAMME\" \/>\n<meta property=\"og:description\" content=\"Adidas Yeezy Boost 350 V2 Fade | Luksusowe i autentyczne przedmioty w jednym miejscu. B\u0105d\u017a na bie\u017c\u0105co i sprawd\u017a nasz\u0105 ofert\u0119 ju\u017c teraz\" \/>\n<meta property=\"og:url\" content=\"https:\/\/shezamme.com\/en\/sklep\/sneakers-2\/yeezy\/yeezy-350\/adidas-yeezy-boost-350-v2-fade\/\" \/>\n<meta property=\"og:site_name\" content=\"SHEZAMME - Yeezy, Jordan, Supreme i inne oryginalne rzeczy\" \/>\n<meta property=\"article:publisher\" content=\"https:\/\/www.facebook.com\/SHEZAMME\/\" \/>\n<meta property=\"article:modified_time\" content=\"2025-03-29T14:21:58+00:00\" \/>\n<meta property=\"og:image\" content=\"https:\/\/shezamme.com\/wp-content\/uploads\/2023\/03\/IMG_7741.jpg\" \/>\n\t<meta property=\"og:image:width\" content=\"1170\" \/>\n\t<meta property=\"og:image:height\" content=\"1085\" \/>\n\t<meta property=\"og:image:type\" content=\"image\/jpeg\" \/>\n<meta name=\"twitter:card\" content=\"summary_large_image\" \/>\n<meta name=\"twitter:site\" content=\"@SHEZAMME\" \/>\n<meta name=\"twitter:label1\" content=\"Est. reading time\" \/>\n\t<meta name=\"twitter:data1\" content=\"1 minute\" \/>\n<script type=\"application\/ld+json\" class=\"yoast-schema-graph\">{\"@context\":\"https:\\\/\\\/schema.org\",\"@graph\":[{\"@type\":\"WebPage\",\"@id\":\"https:\\\/\\\/shezamme.com\\\/sklep\\\/buty\\\/yeezy\\\/yeezy-350\\\/adidas-yeezy-boost-350-v2-fade\\\/\",\"url\":\"https:\\\/\\\/shezamme.com\\\/sklep\\\/buty\\\/yeezy\\\/yeezy-350\\\/adidas-yeezy-boost-350-v2-fade\\\/\",\"name\":\"Adidas Yeezy Boost 350 V2 Fade - SHEZAMME\",\"isPartOf\":{\"@id\":\"https:\\\/\\\/shezamme.com\\\/#website\"},\"primaryImageOfPage\":{\"@id\":\"https:\\\/\\\/shezamme.com\\\/sklep\\\/buty\\\/yeezy\\\/yeezy-350\\\/adidas-yeezy-boost-350-v2-fade\\\/#primaryimage\"},\"image\":{\"@id\":\"https:\\\/\\\/shezamme.com\\\/sklep\\\/buty\\\/yeezy\\\/yeezy-350\\\/adidas-yeezy-boost-350-v2-fade\\\/#primaryimage\"},\"thumbnailUrl\":\"https:\\\/\\\/shezamme.com\\\/wp-content\\\/uploads\\\/2023\\\/03\\\/IMG_7741.jpg\",\"datePublished\":\"2023-03-21T11:59:31+00:00\",\"dateModified\":\"2025-03-29T14:21:58+00:00\",\"description\":\"Adidas Yeezy Boost 350 V2 Fade | Luksusowe i autentyczne przedmioty w jednym miejscu. B\u0105d\u017a na bie\u017c\u0105co i sprawd\u017a nasz\u0105 ofert\u0119 ju\u017c teraz\",\"breadcrumb\":{\"@id\":\"https:\\\/\\\/shezamme.com\\\/sklep\\\/buty\\\/yeezy\\\/yeezy-350\\\/adidas-yeezy-boost-350-v2-fade\\\/#breadcrumb\"},\"inLanguage\":\"en-US\",\"potentialAction\":[{\"@type\":\"ReadAction\",\"target\":[\"https:\\\/\\\/shezamme.com\\\/sklep\\\/buty\\\/yeezy\\\/yeezy-350\\\/adidas-yeezy-boost-350-v2-fade\\\/\"]}]},{\"@type\":\"ImageObject\",\"inLanguage\":\"en-US\",\"@id\":\"https:\\\/\\\/shezamme.com\\\/sklep\\\/buty\\\/yeezy\\\/yeezy-350\\\/adidas-yeezy-boost-350-v2-fade\\\/#primaryimage\",\"url\":\"https:\\\/\\\/shezamme.com\\\/wp-content\\\/uploads\\\/2023\\\/03\\\/IMG_7741.jpg\",\"contentUrl\":\"https:\\\/\\\/shezamme.com\\\/wp-content\\\/uploads\\\/2023\\\/03\\\/IMG_7741.jpg\",\"width\":1170,\"height\":1085,\"caption\":\"Adidas Yeezy Boost 350 V2 Fade\"},{\"@type\":\"BreadcrumbList\",\"@id\":\"https:\\\/\\\/shezamme.com\\\/sklep\\\/buty\\\/yeezy\\\/yeezy-350\\\/adidas-yeezy-boost-350-v2-fade\\\/#breadcrumb\",\"itemListElement\":[{\"@type\":\"ListItem\",\"position\":1,\"name\":\"Strona g\u0142\u00f3wna\",\"item\":\"https:\\\/\\\/shezamme.com\\\/\"},{\"@type\":\"ListItem\",\"position\":2,\"name\":\"Sklep\",\"item\":\"https:\\\/\\\/shezamme.com\\\/en\\\/sklep\\\/\"},{\"@type\":\"ListItem\",\"position\":3,\"name\":\"Adidas Yeezy Boost 350 V2 Fade\"}]},{\"@type\":\"WebSite\",\"@id\":\"https:\\\/\\\/shezamme.com\\\/#website\",\"url\":\"https:\\\/\\\/shezamme.com\\\/\",\"name\":\"SHEZAMME - Sneakersy, Streetwear i luksusowe marki\",\"description\":\"Oryginalne i ekskluzywne przedmioty w jednym miejscu. Sprawd\u017a nasze produkty ju\u017c teraz i b\u0105d\u017a na bie\u017c\u0105co z wszystkimi premierami.\",\"publisher\":{\"@id\":\"https:\\\/\\\/shezamme.com\\\/#organization\"},\"potentialAction\":[{\"@type\":\"SearchAction\",\"target\":{\"@type\":\"EntryPoint\",\"urlTemplate\":\"https:\\\/\\\/shezamme.com\\\/?s={search_term_string}\"},\"query-input\":{\"@type\":\"PropertyValueSpecification\",\"valueRequired\":true,\"valueName\":\"search_term_string\"}}],\"inLanguage\":\"en-US\"},{\"@type\":\"Organization\",\"@id\":\"https:\\\/\\\/shezamme.com\\\/#organization\",\"name\":\"SHEZAMME - Sneakersy, Streetwear i luksusowe marki\",\"url\":\"https:\\\/\\\/shezamme.com\\\/\",\"logo\":{\"@type\":\"ImageObject\",\"inLanguage\":\"en-US\",\"@id\":\"https:\\\/\\\/shezamme.com\\\/#\\\/schema\\\/logo\\\/image\\\/\",\"url\":\"https:\\\/\\\/shezamme.com\\\/wp-content\\\/uploads\\\/2023\\\/02\\\/0x0.png\",\"contentUrl\":\"https:\\\/\\\/shezamme.com\\\/wp-content\\\/uploads\\\/2023\\\/02\\\/0x0.png\",\"width\":2000,\"height\":2000,\"caption\":\"SHEZAMME - Sneakersy, Streetwear i luksusowe marki\"},\"image\":{\"@id\":\"https:\\\/\\\/shezamme.com\\\/#\\\/schema\\\/logo\\\/image\\\/\"},\"sameAs\":[\"https:\\\/\\\/www.facebook.com\\\/SHEZAMME\\\/\",\"https:\\\/\\\/x.com\\\/SHEZAMME\",\"https:\\\/\\\/www.instagram.com\\\/shezamme\\\/\",\"https:\\\/\\\/www.youtube.com\\\/channel\\\/UCsTJxi_9fODHdO_1bmJbqvQ\",\"https:\\\/\\\/www.tiktok.com\\\/shezamme.com\"]}]}<\/script>\n<!-- \/ Yoast SEO plugin. -->","yoast_head_json":{"title":"Adidas Yeezy Boost 350 V2 Fade - SHEZAMME","description":"Adidas Yeezy Boost 350 V2 Fade | Luksusowe i autentyczne przedmioty w jednym miejscu. B\u0105d\u017a na bie\u017c\u0105co i sprawd\u017a nasz\u0105 ofert\u0119 ju\u017c teraz","robots":{"index":"index","follow":"follow","max-snippet":"max-snippet:-1","max-image-preview":"max-image-preview:large","max-video-preview":"max-video-preview:-1"},"canonical":"https:\/\/shezamme.com\/en\/sklep\/sneakers-2\/yeezy\/yeezy-350\/adidas-yeezy-boost-350-v2-fade\/","og_locale":"en_US","og_type":"article","og_title":"Adidas Yeezy Boost 350 V2 Fade - SHEZAMME","og_description":"Adidas Yeezy Boost 350 V2 Fade | Luksusowe i autentyczne przedmioty w jednym miejscu. B\u0105d\u017a na bie\u017c\u0105co i sprawd\u017a nasz\u0105 ofert\u0119 ju\u017c teraz","og_url":"https:\/\/shezamme.com\/en\/sklep\/sneakers-2\/yeezy\/yeezy-350\/adidas-yeezy-boost-350-v2-fade\/","og_site_name":"SHEZAMME - Yeezy, Jordan, Supreme i inne oryginalne rzeczy","article_publisher":"https:\/\/www.facebook.com\/SHEZAMME\/","article_modified_time":"2025-03-29T14:21:58+00:00","og_image":[{"width":1170,"height":1085,"url":"https:\/\/shezamme.com\/wp-content\/uploads\/2023\/03\/IMG_7741.jpg","type":"image\/jpeg"}],"twitter_card":"summary_large_image","twitter_site":"@SHEZAMME","twitter_misc":{"Est. reading time":"1 minute"},"schema":{"@context":"https:\/\/schema.org","@graph":[{"@type":"WebPage","@id":"https:\/\/shezamme.com\/sklep\/buty\/yeezy\/yeezy-350\/adidas-yeezy-boost-350-v2-fade\/","url":"https:\/\/shezamme.com\/sklep\/buty\/yeezy\/yeezy-350\/adidas-yeezy-boost-350-v2-fade\/","name":"Adidas Yeezy Boost 350 V2 Fade - SHEZAMME","isPartOf":{"@id":"https:\/\/shezamme.com\/#website"},"primaryImageOfPage":{"@id":"https:\/\/shezamme.com\/sklep\/buty\/yeezy\/yeezy-350\/adidas-yeezy-boost-350-v2-fade\/#primaryimage"},"image":{"@id":"https:\/\/shezamme.com\/sklep\/buty\/yeezy\/yeezy-350\/adidas-yeezy-boost-350-v2-fade\/#primaryimage"},"thumbnailUrl":"https:\/\/shezamme.com\/wp-content\/uploads\/2023\/03\/IMG_7741.jpg","datePublished":"2023-03-21T11:59:31+00:00","dateModified":"2025-03-29T14:21:58+00:00","description":"Adidas Yeezy Boost 350 V2 Fade | Luksusowe i autentyczne przedmioty w jednym miejscu. B\u0105d\u017a na bie\u017c\u0105co i sprawd\u017a nasz\u0105 ofert\u0119 ju\u017c teraz","breadcrumb":{"@id":"https:\/\/shezamme.com\/sklep\/buty\/yeezy\/yeezy-350\/adidas-yeezy-boost-350-v2-fade\/#breadcrumb"},"inLanguage":"en-US","potentialAction":[{"@type":"ReadAction","target":["https:\/\/shezamme.com\/sklep\/buty\/yeezy\/yeezy-350\/adidas-yeezy-boost-350-v2-fade\/"]}]},{"@type":"ImageObject","inLanguage":"en-US","@id":"https:\/\/shezamme.com\/sklep\/buty\/yeezy\/yeezy-350\/adidas-yeezy-boost-350-v2-fade\/#primaryimage","url":"https:\/\/shezamme.com\/wp-content\/uploads\/2023\/03\/IMG_7741.jpg","contentUrl":"https:\/\/shezamme.com\/wp-content\/uploads\/2023\/03\/IMG_7741.jpg","width":1170,"height":1085,"caption":"Adidas Yeezy Boost 350 V2 Fade"},{"@type":"BreadcrumbList","@id":"https:\/\/shezamme.com\/sklep\/buty\/yeezy\/yeezy-350\/adidas-yeezy-boost-350-v2-fade\/#breadcrumb","itemListElement":[{"@type":"ListItem","position":1,"name":"Strona g\u0142\u00f3wna","item":"https:\/\/shezamme.com\/"},{"@type":"ListItem","position":2,"name":"Sklep","item":"https:\/\/shezamme.com\/en\/sklep\/"},{"@type":"ListItem","position":3,"name":"Adidas Yeezy Boost 350 V2 Fade"}]},{"@type":"WebSite","@id":"https:\/\/shezamme.com\/#website","url":"https:\/\/shezamme.com\/","name":"SHEZAMME - Sneakers, Streetwear and luxury brands","description":"Original and exclusive items in one place. Check out our products now and stay up to date with all launches.","publisher":{"@id":"https:\/\/shezamme.com\/#organization"},"potentialAction":[{"@type":"SearchAction","target":{"@type":"EntryPoint","urlTemplate":"https:\/\/shezamme.com\/?s={search_term_string}"},"query-input":{"@type":"PropertyValueSpecification","valueRequired":true,"valueName":"search_term_string"}}],"inLanguage":"en-US"},{"@type":"Organization","@id":"https:\/\/shezamme.com\/#organization","name":"SHEZAMME - Sneakers, Streetwear and luxury brands","url":"https:\/\/shezamme.com\/","logo":{"@type":"ImageObject","inLanguage":"en-US","@id":"https:\/\/shezamme.com\/#\/schema\/logo\/image\/","url":"https:\/\/shezamme.com\/wp-content\/uploads\/2023\/02\/0x0.png","contentUrl":"https:\/\/shezamme.com\/wp-content\/uploads\/2023\/02\/0x0.png","width":2000,"height":2000,"caption":"SHEZAMME - Sneakersy, Streetwear i luksusowe marki"},"image":{"@id":"https:\/\/shezamme.com\/#\/schema\/logo\/image\/"},"sameAs":["https:\/\/www.facebook.com\/SHEZAMME\/","https:\/\/x.com\/SHEZAMME","https:\/\/www.instagram.com\/shezamme\/","https:\/\/www.youtube.com\/channel\/UCsTJxi_9fODHdO_1bmJbqvQ","https:\/\/www.tiktok.com\/shezamme.com"]}]}},"brands":[{"id":748,"name":"Adidas","slug":"adidas"},{"id":750,"name":"Yeezy","slug":"yeezy"}],"_links":{"self":[{"href":"https:\/\/shezamme.com\/en\/wp-json\/wp\/v2\/product\/24699","targetHints":{"allow":["GET"]}}],"collection":[{"href":"https:\/\/shezamme.com\/en\/wp-json\/wp\/v2\/product"}],"about":[{"href":"https:\/\/shezamme.com\/en\/wp-json\/wp\/v2\/types\/product"}],"wp:featuredmedia":[{"embeddable":true,"href":"https:\/\/shezamme.com\/en\/wp-json\/wp\/v2\/media\/24714"}],"wp:attachment":[{"href":"https:\/\/shezamme.com\/en\/wp-json\/wp\/v2\/media?parent=24699"}],"wp:term":[{"taxonomy":"pwb-brand","embeddable":true,"href":"https:\/\/shezamme.com\/en\/wp-json\/wp\/v2\/pwb-brand?post=24699"},{"taxonomy":"product_brand","embeddable":true,"href":"https:\/\/shezamme.com\/en\/wp-json\/wp\/v2\/product_brand?post=24699"},{"taxonomy":"product_cat","embeddable":true,"href":"https:\/\/shezamme.com\/en\/wp-json\/wp\/v2\/product_cat?post=24699"},{"taxonomy":"product_tag","embeddable":true,"href":"https:\/\/shezamme.com\/en\/wp-json\/wp\/v2\/product_tag?post=24699"}],"curies":[{"name":"wp","href":"https:\/\/api.w.org\/{rel}","templated":true}]}}