{"id":23907,"date":"2023-03-09T11:47:59","date_gmt":"2023-03-09T10:47:59","guid":{"rendered":"https:\/\/shezamme.com\/?post_type=product&#038;p=23907"},"modified":"2025-09-27T18:36:02","modified_gmt":"2025-09-27T16:36:02","slug":"yeezy-foam-runner-onyx","status":"publish","type":"product","link":"https:\/\/shezamme.com\/en\/sklep\/buty\/yeezy\/yeezy-foam\/yeezy-foam-runner-onyx\/","title":{"rendered":"Yeezy Foam Runner Onyx"},"content":{"rendered":"<div class=\"flex-shrink-0 flex flex-col relative items-end\">\n<div>\n<div class=\"pt-0\">\n<div class=\"gizmo-shadow-stroke flex h-8 w-8 items-center justify-center overflow-hidden rounded-full\">\n<div class=\"h-full w-full\">\n<h2 class=\"gizmo-shadow-stroke overflow-hidden rounded-full\"><span style=\"font-size: 28px\">Minimalistyczna elegancja i ultralekki komfort<\/span><\/h2>\n<\/div>\n<\/div>\n<\/div>\n<\/div>\n<\/div>\n<div class=\"group\/conversation-turn relative flex w-full min-w-0 flex-col agent-turn\">\n<div class=\"flex-col gap-1 md:gap-3\">\n<div class=\"flex max-w-full flex-col flex-grow\">\n<div class=\"min-h-8 text-message flex w-full flex-col items-end gap-2 whitespace-normal break-words [.text-message+&amp;]:mt-5\" dir=\"auto\" data-message-author-role=\"assistant\" data-message-id=\"d376d830-774a-4f53-babb-729189086fe3\" data-message-model-slug=\"gpt-4o\">\n<div class=\"flex w-full flex-col gap-1 empty:hidden first:pt-[3px]\">\n<div class=\"markdown prose w-full break-words dark:prose-invert dark\">\n<p>Yeezy Foam Runner &#8222;Onyx&#8221; w g\u0142\u0119bokiej, matowej czerni to idealny wyb\u00f3r dla mi\u0142o\u015bnik\u00f3w minimalistycznego stylu. Wykonane z zaawansowanej pianki EVA z dodatkiem alg, buty oferuj\u0105 doskona\u0142\u0105 amortyzacj\u0119 i wyj\u0105tkow\u0105 lekko\u015b\u0107, sprawdzaj\u0105c si\u0119 zar\u00f3wno na co dzie\u0144, jak i podczas aktywno\u015bci outdoorowych.<\/p>\n<h2>Futurystyczny design z ekologicznym akcentem<\/h2>\n<p>Rze\u017abiarska sylwetka z du\u017cymi perforacjami zapewnia przewiewno\u015b\u0107, a ekologiczny materia\u0142 z alg podkre\u015bla zaanga\u017cowanie marki w zr\u00f3wnowa\u017con\u0105 produkcj\u0119.<\/p>\n<\/div>\n<\/div>\n<\/div>\n<\/div>\n<\/div>\n<\/div>\n","protected":false},"excerpt":{"rendered":"<h2>G\u0142\u0119boka czer\u0144 i futurystyczna wygoda<\/h2>\n<p>Yeezy Foam Runner &#8222;Onyx&#8221; zachwyca matow\u0105, intensywn\u0105 czerni\u0105, kt\u00f3ra dodaje elegancji i pasuje do ka\u017cdej stylizacji. Lekka pianka EVA z algami zapewnia wsparcie i wentylacj\u0119 dzi\u0119ki du\u017cym perforacjom, czyni\u0105c ten model idealnym do codziennego noszenia w miejskim i outdoorowym stylu.<\/p>","protected":false},"featured_media":23917,"template":"","meta":{"_acf_changed":false,"_yoast_wpseo_focuskw":"Yeezy Foam Runner Onyx","_yoast_wpseo_title":"","_yoast_wpseo_metadesc":""},"pwb-brand":[748,750],"product_brand":[],"product_cat":[16,63,268],"product_tag":[1008,1009],"class_list":{"0":"post-23907","1":"product","2":"type-product","3":"status-publish","4":"has-post-thumbnail","6":"pwb-brand-adidas","7":"pwb-brand-yeezy","8":"product_cat-buty","9":"product_cat-yeezy","10":"product_cat-yeezy-foam","11":"product_tag-kobieta","12":"product_tag-mezczyzna","14":"first","15":"instock","16":"taxable","17":"shipping-taxable","18":"purchasable","19":"product-type-variable","20":"has-default-attributes"},"acf":[],"yoast_head":"<!-- This site is optimized with the Yoast SEO plugin v27.4 - https:\/\/yoast.com\/product\/yoast-seo-wordpress\/ -->\n<title>Yeezy Foam Runner Onyx - SHEZAMME<\/title>\n<meta name=\"description\" content=\"Yeezy Foam Runner Onyx | Luksusowe i autentyczne przedmioty w jednym miejscu. B\u0105d\u017a na bie\u017c\u0105co i sprawd\u017a nasz\u0105 ofert\u0119 ju\u017c teraz\" \/>\n<meta name=\"robots\" content=\"index, follow, max-snippet:-1, max-image-preview:large, max-video-preview:-1\" \/>\n<link rel=\"canonical\" href=\"https:\/\/shezamme.com\/en\/sklep\/sneakers-2\/yeezy\/yeezy-foam\/yeezy-foam-runner-onyx\/\" \/>\n<meta property=\"og:locale\" content=\"en_US\" \/>\n<meta property=\"og:type\" content=\"article\" \/>\n<meta property=\"og:title\" content=\"Yeezy Foam Runner Onyx - SHEZAMME\" \/>\n<meta property=\"og:description\" content=\"Yeezy Foam Runner Onyx | Luksusowe i autentyczne przedmioty w jednym miejscu. B\u0105d\u017a na bie\u017c\u0105co i sprawd\u017a nasz\u0105 ofert\u0119 ju\u017c teraz\" \/>\n<meta property=\"og:url\" content=\"https:\/\/shezamme.com\/en\/sklep\/sneakers-2\/yeezy\/yeezy-foam\/yeezy-foam-runner-onyx\/\" \/>\n<meta property=\"og:site_name\" content=\"SHEZAMME - Yeezy, Jordan, Supreme i inne oryginalne rzeczy\" \/>\n<meta property=\"article:publisher\" content=\"https:\/\/www.facebook.com\/SHEZAMME\/\" \/>\n<meta property=\"article:modified_time\" content=\"2025-09-27T16:36:02+00:00\" \/>\n<meta property=\"og:image\" content=\"https:\/\/shezamme.com\/wp-content\/uploads\/2023\/03\/IMG_7158.jpg\" \/>\n\t<meta property=\"og:image:width\" content=\"1170\" \/>\n\t<meta property=\"og:image:height\" content=\"993\" \/>\n\t<meta property=\"og:image:type\" content=\"image\/jpeg\" \/>\n<meta name=\"twitter:card\" content=\"summary_large_image\" \/>\n<meta name=\"twitter:site\" content=\"@SHEZAMME\" \/>\n<script type=\"application\/ld+json\" class=\"yoast-schema-graph\">{\"@context\":\"https:\\\/\\\/schema.org\",\"@graph\":[{\"@type\":\"WebPage\",\"@id\":\"https:\\\/\\\/shezamme.com\\\/sklep\\\/buty\\\/yeezy\\\/yeezy-foam\\\/yeezy-foam-runner-onyx\\\/\",\"url\":\"https:\\\/\\\/shezamme.com\\\/sklep\\\/buty\\\/yeezy\\\/yeezy-foam\\\/yeezy-foam-runner-onyx\\\/\",\"name\":\"Yeezy Foam Runner Onyx - SHEZAMME\",\"isPartOf\":{\"@id\":\"https:\\\/\\\/shezamme.com\\\/#website\"},\"primaryImageOfPage\":{\"@id\":\"https:\\\/\\\/shezamme.com\\\/sklep\\\/buty\\\/yeezy\\\/yeezy-foam\\\/yeezy-foam-runner-onyx\\\/#primaryimage\"},\"image\":{\"@id\":\"https:\\\/\\\/shezamme.com\\\/sklep\\\/buty\\\/yeezy\\\/yeezy-foam\\\/yeezy-foam-runner-onyx\\\/#primaryimage\"},\"thumbnailUrl\":\"https:\\\/\\\/shezamme.com\\\/wp-content\\\/uploads\\\/2023\\\/03\\\/IMG_7158.jpg\",\"datePublished\":\"2023-03-09T10:47:59+00:00\",\"dateModified\":\"2025-09-27T16:36:02+00:00\",\"description\":\"Yeezy Foam Runner Onyx | Luksusowe i autentyczne przedmioty w jednym miejscu. B\u0105d\u017a na bie\u017c\u0105co i sprawd\u017a nasz\u0105 ofert\u0119 ju\u017c teraz\",\"breadcrumb\":{\"@id\":\"https:\\\/\\\/shezamme.com\\\/sklep\\\/buty\\\/yeezy\\\/yeezy-foam\\\/yeezy-foam-runner-onyx\\\/#breadcrumb\"},\"inLanguage\":\"en-US\",\"potentialAction\":[{\"@type\":\"ReadAction\",\"target\":[\"https:\\\/\\\/shezamme.com\\\/sklep\\\/buty\\\/yeezy\\\/yeezy-foam\\\/yeezy-foam-runner-onyx\\\/\"]}]},{\"@type\":\"ImageObject\",\"inLanguage\":\"en-US\",\"@id\":\"https:\\\/\\\/shezamme.com\\\/sklep\\\/buty\\\/yeezy\\\/yeezy-foam\\\/yeezy-foam-runner-onyx\\\/#primaryimage\",\"url\":\"https:\\\/\\\/shezamme.com\\\/wp-content\\\/uploads\\\/2023\\\/03\\\/IMG_7158.jpg\",\"contentUrl\":\"https:\\\/\\\/shezamme.com\\\/wp-content\\\/uploads\\\/2023\\\/03\\\/IMG_7158.jpg\",\"width\":1170,\"height\":993,\"caption\":\"Yeezy Foam Runner Onyx\"},{\"@type\":\"BreadcrumbList\",\"@id\":\"https:\\\/\\\/shezamme.com\\\/sklep\\\/buty\\\/yeezy\\\/yeezy-foam\\\/yeezy-foam-runner-onyx\\\/#breadcrumb\",\"itemListElement\":[{\"@type\":\"ListItem\",\"position\":1,\"name\":\"Strona g\u0142\u00f3wna\",\"item\":\"https:\\\/\\\/shezamme.com\\\/\"},{\"@type\":\"ListItem\",\"position\":2,\"name\":\"Sklep\",\"item\":\"https:\\\/\\\/shezamme.com\\\/en\\\/sklep\\\/\"},{\"@type\":\"ListItem\",\"position\":3,\"name\":\"Yeezy Foam Runner Onyx\"}]},{\"@type\":\"WebSite\",\"@id\":\"https:\\\/\\\/shezamme.com\\\/#website\",\"url\":\"https:\\\/\\\/shezamme.com\\\/\",\"name\":\"SHEZAMME - Sneakersy, Streetwear i luksusowe marki\",\"description\":\"Oryginalne i ekskluzywne przedmioty w jednym miejscu. Sprawd\u017a nasze produkty ju\u017c teraz i b\u0105d\u017a na bie\u017c\u0105co z wszystkimi premierami.\",\"publisher\":{\"@id\":\"https:\\\/\\\/shezamme.com\\\/#organization\"},\"potentialAction\":[{\"@type\":\"SearchAction\",\"target\":{\"@type\":\"EntryPoint\",\"urlTemplate\":\"https:\\\/\\\/shezamme.com\\\/?s={search_term_string}\"},\"query-input\":{\"@type\":\"PropertyValueSpecification\",\"valueRequired\":true,\"valueName\":\"search_term_string\"}}],\"inLanguage\":\"en-US\"},{\"@type\":\"Organization\",\"@id\":\"https:\\\/\\\/shezamme.com\\\/#organization\",\"name\":\"SHEZAMME - Sneakersy, Streetwear i luksusowe marki\",\"url\":\"https:\\\/\\\/shezamme.com\\\/\",\"logo\":{\"@type\":\"ImageObject\",\"inLanguage\":\"en-US\",\"@id\":\"https:\\\/\\\/shezamme.com\\\/#\\\/schema\\\/logo\\\/image\\\/\",\"url\":\"https:\\\/\\\/shezamme.com\\\/wp-content\\\/uploads\\\/2023\\\/02\\\/0x0.png\",\"contentUrl\":\"https:\\\/\\\/shezamme.com\\\/wp-content\\\/uploads\\\/2023\\\/02\\\/0x0.png\",\"width\":2000,\"height\":2000,\"caption\":\"SHEZAMME - Sneakersy, Streetwear i luksusowe marki\"},\"image\":{\"@id\":\"https:\\\/\\\/shezamme.com\\\/#\\\/schema\\\/logo\\\/image\\\/\"},\"sameAs\":[\"https:\\\/\\\/www.facebook.com\\\/SHEZAMME\\\/\",\"https:\\\/\\\/x.com\\\/SHEZAMME\",\"https:\\\/\\\/www.instagram.com\\\/shezamme\\\/\",\"https:\\\/\\\/www.youtube.com\\\/channel\\\/UCsTJxi_9fODHdO_1bmJbqvQ\",\"https:\\\/\\\/www.tiktok.com\\\/shezamme.com\"]}]}<\/script>\n<!-- \/ Yoast SEO plugin. -->","yoast_head_json":{"title":"Yeezy Foam Runner Onyx - SHEZAMME","description":"Yeezy Foam Runner Onyx | Luksusowe i autentyczne przedmioty w jednym miejscu. B\u0105d\u017a na bie\u017c\u0105co i sprawd\u017a nasz\u0105 ofert\u0119 ju\u017c teraz","robots":{"index":"index","follow":"follow","max-snippet":"max-snippet:-1","max-image-preview":"max-image-preview:large","max-video-preview":"max-video-preview:-1"},"canonical":"https:\/\/shezamme.com\/en\/sklep\/sneakers-2\/yeezy\/yeezy-foam\/yeezy-foam-runner-onyx\/","og_locale":"en_US","og_type":"article","og_title":"Yeezy Foam Runner Onyx - SHEZAMME","og_description":"Yeezy Foam Runner Onyx | Luksusowe i autentyczne przedmioty w jednym miejscu. B\u0105d\u017a na bie\u017c\u0105co i sprawd\u017a nasz\u0105 ofert\u0119 ju\u017c teraz","og_url":"https:\/\/shezamme.com\/en\/sklep\/sneakers-2\/yeezy\/yeezy-foam\/yeezy-foam-runner-onyx\/","og_site_name":"SHEZAMME - Yeezy, Jordan, Supreme i inne oryginalne rzeczy","article_publisher":"https:\/\/www.facebook.com\/SHEZAMME\/","article_modified_time":"2025-09-27T16:36:02+00:00","og_image":[{"width":1170,"height":993,"url":"https:\/\/shezamme.com\/wp-content\/uploads\/2023\/03\/IMG_7158.jpg","type":"image\/jpeg"}],"twitter_card":"summary_large_image","twitter_site":"@SHEZAMME","schema":{"@context":"https:\/\/schema.org","@graph":[{"@type":"WebPage","@id":"https:\/\/shezamme.com\/sklep\/buty\/yeezy\/yeezy-foam\/yeezy-foam-runner-onyx\/","url":"https:\/\/shezamme.com\/sklep\/buty\/yeezy\/yeezy-foam\/yeezy-foam-runner-onyx\/","name":"Yeezy Foam Runner Onyx - SHEZAMME","isPartOf":{"@id":"https:\/\/shezamme.com\/#website"},"primaryImageOfPage":{"@id":"https:\/\/shezamme.com\/sklep\/buty\/yeezy\/yeezy-foam\/yeezy-foam-runner-onyx\/#primaryimage"},"image":{"@id":"https:\/\/shezamme.com\/sklep\/buty\/yeezy\/yeezy-foam\/yeezy-foam-runner-onyx\/#primaryimage"},"thumbnailUrl":"https:\/\/shezamme.com\/wp-content\/uploads\/2023\/03\/IMG_7158.jpg","datePublished":"2023-03-09T10:47:59+00:00","dateModified":"2025-09-27T16:36:02+00:00","description":"Yeezy Foam Runner Onyx | Luksusowe i autentyczne przedmioty w jednym miejscu. B\u0105d\u017a na bie\u017c\u0105co i sprawd\u017a nasz\u0105 ofert\u0119 ju\u017c teraz","breadcrumb":{"@id":"https:\/\/shezamme.com\/sklep\/buty\/yeezy\/yeezy-foam\/yeezy-foam-runner-onyx\/#breadcrumb"},"inLanguage":"en-US","potentialAction":[{"@type":"ReadAction","target":["https:\/\/shezamme.com\/sklep\/buty\/yeezy\/yeezy-foam\/yeezy-foam-runner-onyx\/"]}]},{"@type":"ImageObject","inLanguage":"en-US","@id":"https:\/\/shezamme.com\/sklep\/buty\/yeezy\/yeezy-foam\/yeezy-foam-runner-onyx\/#primaryimage","url":"https:\/\/shezamme.com\/wp-content\/uploads\/2023\/03\/IMG_7158.jpg","contentUrl":"https:\/\/shezamme.com\/wp-content\/uploads\/2023\/03\/IMG_7158.jpg","width":1170,"height":993,"caption":"Yeezy Foam Runner Onyx"},{"@type":"BreadcrumbList","@id":"https:\/\/shezamme.com\/sklep\/buty\/yeezy\/yeezy-foam\/yeezy-foam-runner-onyx\/#breadcrumb","itemListElement":[{"@type":"ListItem","position":1,"name":"Strona g\u0142\u00f3wna","item":"https:\/\/shezamme.com\/"},{"@type":"ListItem","position":2,"name":"Sklep","item":"https:\/\/shezamme.com\/en\/sklep\/"},{"@type":"ListItem","position":3,"name":"Yeezy Foam Runner Onyx"}]},{"@type":"WebSite","@id":"https:\/\/shezamme.com\/#website","url":"https:\/\/shezamme.com\/","name":"SHEZAMME - Sneakers, Streetwear and luxury brands","description":"Original and exclusive items in one place. Check out our products now and stay up to date with all launches.","publisher":{"@id":"https:\/\/shezamme.com\/#organization"},"potentialAction":[{"@type":"SearchAction","target":{"@type":"EntryPoint","urlTemplate":"https:\/\/shezamme.com\/?s={search_term_string}"},"query-input":{"@type":"PropertyValueSpecification","valueRequired":true,"valueName":"search_term_string"}}],"inLanguage":"en-US"},{"@type":"Organization","@id":"https:\/\/shezamme.com\/#organization","name":"SHEZAMME - Sneakers, Streetwear and luxury brands","url":"https:\/\/shezamme.com\/","logo":{"@type":"ImageObject","inLanguage":"en-US","@id":"https:\/\/shezamme.com\/#\/schema\/logo\/image\/","url":"https:\/\/shezamme.com\/wp-content\/uploads\/2023\/02\/0x0.png","contentUrl":"https:\/\/shezamme.com\/wp-content\/uploads\/2023\/02\/0x0.png","width":2000,"height":2000,"caption":"SHEZAMME - Sneakersy, Streetwear i luksusowe marki"},"image":{"@id":"https:\/\/shezamme.com\/#\/schema\/logo\/image\/"},"sameAs":["https:\/\/www.facebook.com\/SHEZAMME\/","https:\/\/x.com\/SHEZAMME","https:\/\/www.instagram.com\/shezamme\/","https:\/\/www.youtube.com\/channel\/UCsTJxi_9fODHdO_1bmJbqvQ","https:\/\/www.tiktok.com\/shezamme.com"]}]}},"brands":[{"id":748,"name":"Adidas","slug":"adidas"},{"id":750,"name":"Yeezy","slug":"yeezy"}],"_links":{"self":[{"href":"https:\/\/shezamme.com\/en\/wp-json\/wp\/v2\/product\/23907","targetHints":{"allow":["GET"]}}],"collection":[{"href":"https:\/\/shezamme.com\/en\/wp-json\/wp\/v2\/product"}],"about":[{"href":"https:\/\/shezamme.com\/en\/wp-json\/wp\/v2\/types\/product"}],"wp:featuredmedia":[{"embeddable":true,"href":"https:\/\/shezamme.com\/en\/wp-json\/wp\/v2\/media\/23917"}],"wp:attachment":[{"href":"https:\/\/shezamme.com\/en\/wp-json\/wp\/v2\/media?parent=23907"}],"wp:term":[{"taxonomy":"pwb-brand","embeddable":true,"href":"https:\/\/shezamme.com\/en\/wp-json\/wp\/v2\/pwb-brand?post=23907"},{"taxonomy":"product_brand","embeddable":true,"href":"https:\/\/shezamme.com\/en\/wp-json\/wp\/v2\/product_brand?post=23907"},{"taxonomy":"product_cat","embeddable":true,"href":"https:\/\/shezamme.com\/en\/wp-json\/wp\/v2\/product_cat?post=23907"},{"taxonomy":"product_tag","embeddable":true,"href":"https:\/\/shezamme.com\/en\/wp-json\/wp\/v2\/product_tag?post=23907"}],"curies":[{"name":"wp","href":"https:\/\/api.w.org\/{rel}","templated":true}]}}