{"id":22969,"date":"2023-02-24T11:17:36","date_gmt":"2023-02-24T10:17:36","guid":{"rendered":"https:\/\/shezamme.com\/?post_type=product&#038;p=22969"},"modified":"2025-04-01T19:22:58","modified_gmt":"2025-04-01T17:22:58","slug":"new-balance-725-black-grey-white","status":"publish","type":"product","link":"https:\/\/shezamme.com\/en\/sklep\/buty\/new-balance\/new-balance-725\/new-balance-725-black-grey-white\/","title":{"rendered":"New Balance 725 Black Grey White"},"content":{"rendered":"<article class=\"w-full text-token-text-primary\" dir=\"auto\" data-testid=\"conversation-turn-200\" data-scroll-anchor=\"true\">\n<div class=\"text-base my-auto mx-auto py-5 px-6\">\n<div class=\"mx-auto flex flex-1 text-base gap-4 md:gap-5 lg:gap-6 md:max-w-3xl lg:max-w-[40rem] xl:max-w-[48rem] group\/turn-messages focus-visible:outline-none\">\n<div class=\"group\/conversation-turn relative flex w-full min-w-0 flex-col agent-turn @xs\/thread:px-0 @sm\/thread:px-1.5 @md\/thread:px-4\">\n<div class=\"relative flex-col gap-1 md:gap-3\">\n<div class=\"flex max-w-full flex-col flex-grow\">\n<div class=\"min-h-8 text-message relative flex w-full flex-col items-end gap-2 whitespace-normal break-words text-start [.text-message+&amp;]:mt-5\" dir=\"auto\" data-message-author-role=\"assistant\" data-message-id=\"bb1092d4-8cc3-4d61-864d-d941e4bb12ba\" data-message-model-slug=\"gpt-4o\">\n<div class=\"flex w-full flex-col gap-1 empty:hidden first:pt-[3px]\">\n<div class=\"markdown prose w-full break-words dark:prose-invert light\">\n<h2 class=\"\" data-start=\"0\" data-end=\"66\">Uniwersalna sylwetka Y2K w technicznej palecie Black\/Grey\/White<\/h2>\n<p class=\"\" data-start=\"68\" data-end=\"475\">New Balance 725 <em data-start=\"84\" data-end=\"102\">Black Grey White<\/em> to retro-runner inspirowany bieg\u00f3wkami z pocz\u0105tku lat 2000, kt\u00f3ry \u0142\u0105czy agresywn\u0105, dynamiczn\u0105 konstrukcj\u0119 z neutraln\u0105 kolorystyk\u0105. Czer\u0144 dominuje na cholewce z przewiewnej siateczki i po\u0142yskuj\u0105cych syntetycznych paneli, uzupe\u0142nionych szaro\u015bciami i biel\u0105. Refleksyjne detale i srebrne logo \u201eN\u201d dodaj\u0105 modelowi nowoczesnego, futurystycznego sznytu osadzonego w estetyce Y2K.<\/p>\n<h2 class=\"\" data-start=\"477\" data-end=\"536\">Komfortowa amortyzacja ABZORB i codzienna funkcjonalno\u015b\u0107<\/h2>\n<p class=\"\" data-start=\"538\" data-end=\"923\">Dzi\u0119ki technologii ABZORB w \u015br\u00f3dpodeszwie model zapewnia skuteczn\u0105 amortyzacj\u0119 i wygod\u0119 podczas codziennego noszenia. Mi\u0119kka tekstylna wy\u015bci\u00f3\u0142ka oraz klasyczna wk\u0142adka NB dbaj\u0105 o komfort i dopasowanie. New Balance 725 <em data-start=\"756\" data-end=\"774\">Black Grey White<\/em> to idealna propozycja dla os\u00f3b, kt\u00f3re szukaj\u0105 technicznego stylu z przesz\u0142o\u015bci w nowoczesnej, uniwersalnej formie \u2013 gotowej na miejskie tempo \u017cycia.<\/p>\n<\/div>\n<\/div>\n<\/div>\n<\/div>\n<div class=\"flex justify-start\">\n<div class=\"-me-1 -ms-2.5 flex select-none items-center p-1 touch:-me-2 touch:-ms-3.5 -mt-1 duration-[1.5s] focus-within:transition-none hover:transition-none pointer-events-none [mask-image:linear-gradient(to_right,black_33%,transparent_66%)] [mask-position:100%_0%] [mask-size:300%_100%] motion-safe:transition-[mask-position] group-hover\/turn-messages:pointer-events-auto group-hover\/turn-messages:[mask-position:0_0] group-focus-within\/turn-messages:pointer-events-auto group-focus-within\/turn-messages:[mask-position:0_0] has-[[data-state=open]]:pointer-events-auto has-[[data-state=open]]:[mask-position:0_0]\"><\/div>\n<\/div>\n<div class=\"mt-3 w-full empty:hidden\">\n<div class=\"text-center\"><\/div>\n<\/div>\n<\/div>\n<div class=\"absolute\">\n<div class=\"flex items-center justify-center\"><\/div>\n<\/div>\n<\/div>\n<\/div>\n<\/div>\n<\/article>\n<div class=\"pointer-events-none h-px w-px\" aria-hidden=\"true\" data-edge=\"true\"><\/div>\n","protected":false},"excerpt":{"rendered":"<h2 class=\"\" data-start=\"0\" data-end=\"67\">Futurystyczny retro-runner w neutralnej palecie Black\/Grey\/White<\/h2>\n<p class=\"\" data-start=\"69\" data-end=\"494\">New Balance 725 <em data-start=\"85\" data-end=\"103\">Black Grey White<\/em> to techniczna sylwetka inspirowana bieg\u00f3wkami z pocz\u0105tku lat 2000, osadzona w uniwersalnej kolorystyce z dominuj\u0105c\u0105 czerni\u0105 i akcentami szaro\u015bci oraz bieli. Warstwowa cholewka z siateczki i po\u0142yskuj\u0105cych paneli syntetycznych podkre\u015bla dynamiczny design, a technologia ABZORB w podeszwie zapewnia codzienny komfort. To model idealny dla fan\u00f3w stylu Y2K w nowoczesnym, streetwearowym wydaniu.<\/p>","protected":false},"featured_media":22986,"template":"","meta":{"_acf_changed":false,"_yoast_wpseo_focuskw":"New Balance 725 Black Grey White","_yoast_wpseo_title":"","_yoast_wpseo_metadesc":""},"pwb-brand":[769],"product_brand":[],"product_cat":[16,321,783],"product_tag":[1008,1009],"class_list":{"0":"post-22969","1":"product","2":"type-product","3":"status-publish","4":"has-post-thumbnail","6":"pwb-brand-new-balance","7":"product_cat-buty","8":"product_cat-new-balance","9":"product_cat-new-balance-725","10":"product_tag-kobieta","11":"product_tag-mezczyzna","13":"first","14":"onbackorder","15":"taxable","16":"shipping-taxable","17":"purchasable","18":"product-type-variable","19":"has-default-attributes"},"acf":[],"yoast_head":"<!-- This site is optimized with the Yoast SEO plugin v27.4 - https:\/\/yoast.com\/product\/yoast-seo-wordpress\/ -->\n<title>New Balance 725 Black Grey White - SHEZAMME<\/title>\n<meta name=\"description\" content=\"New Balance 725 Black Grey White | Luksusowe i autentyczne przedmioty w jednym miejscu. B\u0105d\u017a na bie\u017c\u0105co i sprawd\u017a nasz\u0105 ofert\u0119 ju\u017c teraz\" \/>\n<meta name=\"robots\" content=\"index, follow, max-snippet:-1, max-image-preview:large, max-video-preview:-1\" \/>\n<link rel=\"canonical\" href=\"https:\/\/shezamme.com\/en\/sklep\/sneakers-2\/new-balance\/new-balance-725\/new-balance-725-black-grey-white\/\" \/>\n<meta property=\"og:locale\" content=\"en_US\" \/>\n<meta property=\"og:type\" content=\"article\" \/>\n<meta property=\"og:title\" content=\"New Balance 725 Black Grey White - SHEZAMME\" \/>\n<meta property=\"og:description\" content=\"New Balance 725 Black Grey White | Luksusowe i autentyczne przedmioty w jednym miejscu. B\u0105d\u017a na bie\u017c\u0105co i sprawd\u017a nasz\u0105 ofert\u0119 ju\u017c teraz\" \/>\n<meta property=\"og:url\" content=\"https:\/\/shezamme.com\/en\/sklep\/sneakers-2\/new-balance\/new-balance-725\/new-balance-725-black-grey-white\/\" \/>\n<meta property=\"og:site_name\" content=\"SHEZAMME - Yeezy, Jordan, Supreme i inne oryginalne rzeczy\" \/>\n<meta property=\"article:publisher\" content=\"https:\/\/www.facebook.com\/SHEZAMME\/\" \/>\n<meta property=\"article:modified_time\" content=\"2025-04-01T17:22:58+00:00\" \/>\n<meta property=\"og:image\" content=\"https:\/\/shezamme.com\/wp-content\/uploads\/2023\/02\/IMG_6780.jpg\" \/>\n\t<meta property=\"og:image:width\" content=\"1170\" \/>\n\t<meta property=\"og:image:height\" content=\"1091\" \/>\n\t<meta property=\"og:image:type\" content=\"image\/jpeg\" \/>\n<meta name=\"twitter:card\" content=\"summary_large_image\" \/>\n<meta name=\"twitter:site\" content=\"@SHEZAMME\" \/>\n<meta name=\"twitter:label1\" content=\"Est. reading time\" \/>\n\t<meta name=\"twitter:data1\" content=\"1 minute\" \/>\n<script type=\"application\/ld+json\" class=\"yoast-schema-graph\">{\"@context\":\"https:\\\/\\\/schema.org\",\"@graph\":[{\"@type\":\"WebPage\",\"@id\":\"https:\\\/\\\/shezamme.com\\\/sklep\\\/buty\\\/new-balance\\\/new-balance-725\\\/new-balance-725-black-grey-white\\\/\",\"url\":\"https:\\\/\\\/shezamme.com\\\/sklep\\\/buty\\\/new-balance\\\/new-balance-725\\\/new-balance-725-black-grey-white\\\/\",\"name\":\"New Balance 725 Black Grey White - SHEZAMME\",\"isPartOf\":{\"@id\":\"https:\\\/\\\/shezamme.com\\\/#website\"},\"primaryImageOfPage\":{\"@id\":\"https:\\\/\\\/shezamme.com\\\/sklep\\\/buty\\\/new-balance\\\/new-balance-725\\\/new-balance-725-black-grey-white\\\/#primaryimage\"},\"image\":{\"@id\":\"https:\\\/\\\/shezamme.com\\\/sklep\\\/buty\\\/new-balance\\\/new-balance-725\\\/new-balance-725-black-grey-white\\\/#primaryimage\"},\"thumbnailUrl\":\"https:\\\/\\\/shezamme.com\\\/wp-content\\\/uploads\\\/2023\\\/02\\\/IMG_6780.jpg\",\"datePublished\":\"2023-02-24T10:17:36+00:00\",\"dateModified\":\"2025-04-01T17:22:58+00:00\",\"description\":\"New Balance 725 Black Grey White | Luksusowe i autentyczne przedmioty w jednym miejscu. B\u0105d\u017a na bie\u017c\u0105co i sprawd\u017a nasz\u0105 ofert\u0119 ju\u017c teraz\",\"breadcrumb\":{\"@id\":\"https:\\\/\\\/shezamme.com\\\/sklep\\\/buty\\\/new-balance\\\/new-balance-725\\\/new-balance-725-black-grey-white\\\/#breadcrumb\"},\"inLanguage\":\"en-US\",\"potentialAction\":[{\"@type\":\"ReadAction\",\"target\":[\"https:\\\/\\\/shezamme.com\\\/sklep\\\/buty\\\/new-balance\\\/new-balance-725\\\/new-balance-725-black-grey-white\\\/\"]}]},{\"@type\":\"ImageObject\",\"inLanguage\":\"en-US\",\"@id\":\"https:\\\/\\\/shezamme.com\\\/sklep\\\/buty\\\/new-balance\\\/new-balance-725\\\/new-balance-725-black-grey-white\\\/#primaryimage\",\"url\":\"https:\\\/\\\/shezamme.com\\\/wp-content\\\/uploads\\\/2023\\\/02\\\/IMG_6780.jpg\",\"contentUrl\":\"https:\\\/\\\/shezamme.com\\\/wp-content\\\/uploads\\\/2023\\\/02\\\/IMG_6780.jpg\",\"width\":1170,\"height\":1091,\"caption\":\"New Balance 725 Black Grey White\"},{\"@type\":\"BreadcrumbList\",\"@id\":\"https:\\\/\\\/shezamme.com\\\/sklep\\\/buty\\\/new-balance\\\/new-balance-725\\\/new-balance-725-black-grey-white\\\/#breadcrumb\",\"itemListElement\":[{\"@type\":\"ListItem\",\"position\":1,\"name\":\"Strona g\u0142\u00f3wna\",\"item\":\"https:\\\/\\\/shezamme.com\\\/\"},{\"@type\":\"ListItem\",\"position\":2,\"name\":\"Sklep\",\"item\":\"https:\\\/\\\/shezamme.com\\\/en\\\/sklep\\\/\"},{\"@type\":\"ListItem\",\"position\":3,\"name\":\"New Balance 725 Black Grey White\"}]},{\"@type\":\"WebSite\",\"@id\":\"https:\\\/\\\/shezamme.com\\\/#website\",\"url\":\"https:\\\/\\\/shezamme.com\\\/\",\"name\":\"SHEZAMME - Sneakersy, Streetwear i luksusowe marki\",\"description\":\"Oryginalne i ekskluzywne przedmioty w jednym miejscu. Sprawd\u017a nasze produkty ju\u017c teraz i b\u0105d\u017a na bie\u017c\u0105co z wszystkimi premierami.\",\"publisher\":{\"@id\":\"https:\\\/\\\/shezamme.com\\\/#organization\"},\"potentialAction\":[{\"@type\":\"SearchAction\",\"target\":{\"@type\":\"EntryPoint\",\"urlTemplate\":\"https:\\\/\\\/shezamme.com\\\/?s={search_term_string}\"},\"query-input\":{\"@type\":\"PropertyValueSpecification\",\"valueRequired\":true,\"valueName\":\"search_term_string\"}}],\"inLanguage\":\"en-US\"},{\"@type\":\"Organization\",\"@id\":\"https:\\\/\\\/shezamme.com\\\/#organization\",\"name\":\"SHEZAMME - Sneakersy, Streetwear i luksusowe marki\",\"url\":\"https:\\\/\\\/shezamme.com\\\/\",\"logo\":{\"@type\":\"ImageObject\",\"inLanguage\":\"en-US\",\"@id\":\"https:\\\/\\\/shezamme.com\\\/#\\\/schema\\\/logo\\\/image\\\/\",\"url\":\"https:\\\/\\\/shezamme.com\\\/wp-content\\\/uploads\\\/2023\\\/02\\\/0x0.png\",\"contentUrl\":\"https:\\\/\\\/shezamme.com\\\/wp-content\\\/uploads\\\/2023\\\/02\\\/0x0.png\",\"width\":2000,\"height\":2000,\"caption\":\"SHEZAMME - Sneakersy, Streetwear i luksusowe marki\"},\"image\":{\"@id\":\"https:\\\/\\\/shezamme.com\\\/#\\\/schema\\\/logo\\\/image\\\/\"},\"sameAs\":[\"https:\\\/\\\/www.facebook.com\\\/SHEZAMME\\\/\",\"https:\\\/\\\/x.com\\\/SHEZAMME\",\"https:\\\/\\\/www.instagram.com\\\/shezamme\\\/\",\"https:\\\/\\\/www.youtube.com\\\/channel\\\/UCsTJxi_9fODHdO_1bmJbqvQ\",\"https:\\\/\\\/www.tiktok.com\\\/shezamme.com\"]}]}<\/script>\n<!-- \/ Yoast SEO plugin. -->","yoast_head_json":{"title":"New Balance 725 Black Grey White - SHEZAMME","description":"New Balance 725 Black Grey White | Luksusowe i autentyczne przedmioty w jednym miejscu. B\u0105d\u017a na bie\u017c\u0105co i sprawd\u017a nasz\u0105 ofert\u0119 ju\u017c teraz","robots":{"index":"index","follow":"follow","max-snippet":"max-snippet:-1","max-image-preview":"max-image-preview:large","max-video-preview":"max-video-preview:-1"},"canonical":"https:\/\/shezamme.com\/en\/sklep\/sneakers-2\/new-balance\/new-balance-725\/new-balance-725-black-grey-white\/","og_locale":"en_US","og_type":"article","og_title":"New Balance 725 Black Grey White - SHEZAMME","og_description":"New Balance 725 Black Grey White | Luksusowe i autentyczne przedmioty w jednym miejscu. B\u0105d\u017a na bie\u017c\u0105co i sprawd\u017a nasz\u0105 ofert\u0119 ju\u017c teraz","og_url":"https:\/\/shezamme.com\/en\/sklep\/sneakers-2\/new-balance\/new-balance-725\/new-balance-725-black-grey-white\/","og_site_name":"SHEZAMME - Yeezy, Jordan, Supreme i inne oryginalne rzeczy","article_publisher":"https:\/\/www.facebook.com\/SHEZAMME\/","article_modified_time":"2025-04-01T17:22:58+00:00","og_image":[{"width":1170,"height":1091,"url":"https:\/\/shezamme.com\/wp-content\/uploads\/2023\/02\/IMG_6780.jpg","type":"image\/jpeg"}],"twitter_card":"summary_large_image","twitter_site":"@SHEZAMME","twitter_misc":{"Est. reading time":"1 minute"},"schema":{"@context":"https:\/\/schema.org","@graph":[{"@type":"WebPage","@id":"https:\/\/shezamme.com\/sklep\/buty\/new-balance\/new-balance-725\/new-balance-725-black-grey-white\/","url":"https:\/\/shezamme.com\/sklep\/buty\/new-balance\/new-balance-725\/new-balance-725-black-grey-white\/","name":"New Balance 725 Black Grey White - SHEZAMME","isPartOf":{"@id":"https:\/\/shezamme.com\/#website"},"primaryImageOfPage":{"@id":"https:\/\/shezamme.com\/sklep\/buty\/new-balance\/new-balance-725\/new-balance-725-black-grey-white\/#primaryimage"},"image":{"@id":"https:\/\/shezamme.com\/sklep\/buty\/new-balance\/new-balance-725\/new-balance-725-black-grey-white\/#primaryimage"},"thumbnailUrl":"https:\/\/shezamme.com\/wp-content\/uploads\/2023\/02\/IMG_6780.jpg","datePublished":"2023-02-24T10:17:36+00:00","dateModified":"2025-04-01T17:22:58+00:00","description":"New Balance 725 Black Grey White | Luksusowe i autentyczne przedmioty w jednym miejscu. B\u0105d\u017a na bie\u017c\u0105co i sprawd\u017a nasz\u0105 ofert\u0119 ju\u017c teraz","breadcrumb":{"@id":"https:\/\/shezamme.com\/sklep\/buty\/new-balance\/new-balance-725\/new-balance-725-black-grey-white\/#breadcrumb"},"inLanguage":"en-US","potentialAction":[{"@type":"ReadAction","target":["https:\/\/shezamme.com\/sklep\/buty\/new-balance\/new-balance-725\/new-balance-725-black-grey-white\/"]}]},{"@type":"ImageObject","inLanguage":"en-US","@id":"https:\/\/shezamme.com\/sklep\/buty\/new-balance\/new-balance-725\/new-balance-725-black-grey-white\/#primaryimage","url":"https:\/\/shezamme.com\/wp-content\/uploads\/2023\/02\/IMG_6780.jpg","contentUrl":"https:\/\/shezamme.com\/wp-content\/uploads\/2023\/02\/IMG_6780.jpg","width":1170,"height":1091,"caption":"New Balance 725 Black Grey White"},{"@type":"BreadcrumbList","@id":"https:\/\/shezamme.com\/sklep\/buty\/new-balance\/new-balance-725\/new-balance-725-black-grey-white\/#breadcrumb","itemListElement":[{"@type":"ListItem","position":1,"name":"Strona g\u0142\u00f3wna","item":"https:\/\/shezamme.com\/"},{"@type":"ListItem","position":2,"name":"Sklep","item":"https:\/\/shezamme.com\/en\/sklep\/"},{"@type":"ListItem","position":3,"name":"New Balance 725 Black Grey White"}]},{"@type":"WebSite","@id":"https:\/\/shezamme.com\/#website","url":"https:\/\/shezamme.com\/","name":"SHEZAMME - Sneakers, Streetwear and luxury brands","description":"Original and exclusive items in one place. Check out our products now and stay up to date with all launches.","publisher":{"@id":"https:\/\/shezamme.com\/#organization"},"potentialAction":[{"@type":"SearchAction","target":{"@type":"EntryPoint","urlTemplate":"https:\/\/shezamme.com\/?s={search_term_string}"},"query-input":{"@type":"PropertyValueSpecification","valueRequired":true,"valueName":"search_term_string"}}],"inLanguage":"en-US"},{"@type":"Organization","@id":"https:\/\/shezamme.com\/#organization","name":"SHEZAMME - Sneakers, Streetwear and luxury brands","url":"https:\/\/shezamme.com\/","logo":{"@type":"ImageObject","inLanguage":"en-US","@id":"https:\/\/shezamme.com\/#\/schema\/logo\/image\/","url":"https:\/\/shezamme.com\/wp-content\/uploads\/2023\/02\/0x0.png","contentUrl":"https:\/\/shezamme.com\/wp-content\/uploads\/2023\/02\/0x0.png","width":2000,"height":2000,"caption":"SHEZAMME - Sneakersy, Streetwear i luksusowe marki"},"image":{"@id":"https:\/\/shezamme.com\/#\/schema\/logo\/image\/"},"sameAs":["https:\/\/www.facebook.com\/SHEZAMME\/","https:\/\/x.com\/SHEZAMME","https:\/\/www.instagram.com\/shezamme\/","https:\/\/www.youtube.com\/channel\/UCsTJxi_9fODHdO_1bmJbqvQ","https:\/\/www.tiktok.com\/shezamme.com"]}]}},"brands":[{"id":769,"name":"New Balance","slug":"new-balance"}],"_links":{"self":[{"href":"https:\/\/shezamme.com\/en\/wp-json\/wp\/v2\/product\/22969","targetHints":{"allow":["GET"]}}],"collection":[{"href":"https:\/\/shezamme.com\/en\/wp-json\/wp\/v2\/product"}],"about":[{"href":"https:\/\/shezamme.com\/en\/wp-json\/wp\/v2\/types\/product"}],"wp:featuredmedia":[{"embeddable":true,"href":"https:\/\/shezamme.com\/en\/wp-json\/wp\/v2\/media\/22986"}],"wp:attachment":[{"href":"https:\/\/shezamme.com\/en\/wp-json\/wp\/v2\/media?parent=22969"}],"wp:term":[{"taxonomy":"pwb-brand","embeddable":true,"href":"https:\/\/shezamme.com\/en\/wp-json\/wp\/v2\/pwb-brand?post=22969"},{"taxonomy":"product_brand","embeddable":true,"href":"https:\/\/shezamme.com\/en\/wp-json\/wp\/v2\/product_brand?post=22969"},{"taxonomy":"product_cat","embeddable":true,"href":"https:\/\/shezamme.com\/en\/wp-json\/wp\/v2\/product_cat?post=22969"},{"taxonomy":"product_tag","embeddable":true,"href":"https:\/\/shezamme.com\/en\/wp-json\/wp\/v2\/product_tag?post=22969"}],"curies":[{"name":"wp","href":"https:\/\/api.w.org\/{rel}","templated":true}]}}