{"id":22879,"date":"2023-02-23T17:30:26","date_gmt":"2023-02-23T16:30:26","guid":{"rendered":"https:\/\/shezamme.com\/?post_type=product&#038;p=22879"},"modified":"2025-04-01T23:21:27","modified_gmt":"2025-04-01T21:21:27","slug":"new-balance-530-white-silver-navy","status":"publish","type":"product","link":"https:\/\/shezamme.com\/en\/sklep\/buty\/new-balance\/new-balance-530\/new-balance-530-white-silver-navy\/","title":{"rendered":"New Balance 530 White Silver Navy"},"content":{"rendered":"<h2 class=\"\" data-start=\"0\" data-end=\"45\">Kultowy styl lat 90. w nowoczesnym wydaniu<\/h2>\n<p class=\"\" data-start=\"47\" data-end=\"408\">New Balance 530 White\/Silver\/Navy \u0142\u0105czy autentyczny design retro-runnera z estetyk\u0105 wsp\u00f3\u0142czesnego sneaker&#8217;a. Oddychaj\u0105ca cholewka z siateczki mesh oraz po\u0142yskuj\u0105cych syntetycznych paneli w bieli, srebrze i granacie tworzy dynamiczn\u0105 sylwetk\u0119 nawi\u0105zuj\u0105c\u0105 do stylu Y2K. Wyraziste granatowe logo \u201eN\u201d i subtelne oznaczenia modelu dope\u0142niaj\u0105 sportowy charakter buta.<\/p>\n<h2 class=\"\" data-start=\"410\" data-end=\"446\">Komfort i amortyzacja na co dzie\u0144<\/h2>\n<p class=\"\" data-start=\"448\" data-end=\"767\">Dzi\u0119ki technologii ABZORB, New Balance 530 zapewnia efektywn\u0105 amortyzacj\u0119, poch\u0142aniaj\u0105c\u0105 wstrz\u0105sy podczas chodzenia. Mi\u0119kka tekstylna wy\u015bci\u00f3\u0142ka i profilowana wk\u0142adka gwarantuj\u0105 wygodne dopasowanie przez ca\u0142y dzie\u0144. To uniwersalny model, kt\u00f3ry \u015bwietnie sprawdzi si\u0119 zar\u00f3wno w casualowych, jak i sportowych zestawieniach.<\/p>","protected":false},"excerpt":{"rendered":"<h2 class=\"\" data-start=\"0\" data-end=\"64\">New Balance 530 White\/Silver\/Navy \u2013 retro energia na co dzie\u0144<\/h2>\n<p class=\"\" data-start=\"66\" data-end=\"484\">New Balance 530 White\/Silver\/Navy to sneaker inspirowany biegowym stylem lat 90., wyr\u00f3\u017cniaj\u0105cy si\u0119 warstwow\u0105 konstrukcj\u0105 w klasycznych kolorach bieli, srebra i granatu. Przewiewna cholewka z siateczki mesh oraz b\u0142yszcz\u0105ce syntetyczne panele nadaj\u0105 mu dynamicznego charakteru, a technologia ABZORB gwarantuje wyj\u0105tkow\u0105 wygod\u0119 i amortyzacj\u0119. Idealny wyb\u00f3r dla fan\u00f3w stylu Y2K, kt\u00f3rzy ceni\u0105 komfort i ponadczasowy design.<\/p>","protected":false},"featured_media":22889,"template":"","meta":{"_acf_changed":false},"pwb-brand":[769],"product_brand":[],"product_cat":[16,321,781],"product_tag":[1008,1009],"class_list":{"0":"post-22879","1":"product","2":"type-product","3":"status-publish","4":"has-post-thumbnail","6":"pwb-brand-new-balance","7":"product_cat-buty","8":"product_cat-new-balance","9":"product_cat-new-balance-530","10":"product_tag-kobieta","11":"product_tag-mezczyzna","13":"first","14":"instock","15":"taxable","16":"shipping-taxable","17":"purchasable","18":"product-type-variable","19":"has-default-attributes"},"acf":[],"yoast_head":"<!-- This site is optimized with the Yoast SEO plugin v27.2 - https:\/\/yoast.com\/product\/yoast-seo-wordpress\/ -->\n<title>New Balance 530 White Silver Navy - SHEZAMME<\/title>\n<meta name=\"description\" content=\"New Balance 530 White Silver Navy | Luksusowe i autentyczne przedmioty w jednym miejscu. B\u0105d\u017a na bie\u017c\u0105co i sprawd\u017a nasz\u0105 ofert\u0119 ju\u017c teraz\" \/>\n<meta name=\"robots\" content=\"index, follow, max-snippet:-1, max-image-preview:large, max-video-preview:-1\" \/>\n<link rel=\"canonical\" href=\"https:\/\/shezamme.com\/en\/sklep\/sneakers-2\/new-balance\/new-balance-530\/new-balance-530-white-silver-navy\/\" \/>\n<meta property=\"og:locale\" content=\"en_US\" \/>\n<meta property=\"og:type\" content=\"article\" \/>\n<meta property=\"og:title\" content=\"New Balance 530 White Silver Navy - SHEZAMME\" \/>\n<meta property=\"og:description\" content=\"New Balance 530 White Silver Navy | Luksusowe i autentyczne przedmioty w jednym miejscu. B\u0105d\u017a na bie\u017c\u0105co i sprawd\u017a nasz\u0105 ofert\u0119 ju\u017c teraz\" \/>\n<meta property=\"og:url\" content=\"https:\/\/shezamme.com\/en\/sklep\/sneakers-2\/new-balance\/new-balance-530\/new-balance-530-white-silver-navy\/\" \/>\n<meta property=\"og:site_name\" content=\"SHEZAMME - Yeezy, Jordan, Supreme i inne oryginalne rzeczy\" \/>\n<meta property=\"article:publisher\" content=\"https:\/\/www.facebook.com\/SHEZAMME\/\" \/>\n<meta property=\"article:modified_time\" content=\"2025-04-01T21:21:27+00:00\" \/>\n<meta property=\"og:image\" content=\"https:\/\/shezamme.com\/wp-content\/uploads\/2023\/02\/IMG_6762-2.jpg\" \/>\n\t<meta property=\"og:image:width\" content=\"1170\" \/>\n\t<meta property=\"og:image:height\" content=\"1017\" \/>\n\t<meta property=\"og:image:type\" content=\"image\/jpeg\" \/>\n<meta name=\"twitter:card\" content=\"summary_large_image\" \/>\n<meta name=\"twitter:site\" content=\"@SHEZAMME\" \/>\n<meta name=\"twitter:label1\" content=\"Est. reading time\" \/>\n\t<meta name=\"twitter:data1\" content=\"1 minute\" \/>\n<script type=\"application\/ld+json\" class=\"yoast-schema-graph\">{\"@context\":\"https:\/\/schema.org\",\"@graph\":[{\"@type\":\"WebPage\",\"@id\":\"https:\/\/shezamme.com\/sklep\/buty\/new-balance\/new-balance-530\/new-balance-530-white-silver-navy\/\",\"url\":\"https:\/\/shezamme.com\/sklep\/buty\/new-balance\/new-balance-530\/new-balance-530-white-silver-navy\/\",\"name\":\"New Balance 530 White Silver Navy - SHEZAMME\",\"isPartOf\":{\"@id\":\"https:\/\/shezamme.com\/#website\"},\"primaryImageOfPage\":{\"@id\":\"https:\/\/shezamme.com\/sklep\/buty\/new-balance\/new-balance-530\/new-balance-530-white-silver-navy\/#primaryimage\"},\"image\":{\"@id\":\"https:\/\/shezamme.com\/sklep\/buty\/new-balance\/new-balance-530\/new-balance-530-white-silver-navy\/#primaryimage\"},\"thumbnailUrl\":\"https:\/\/shezamme.com\/wp-content\/uploads\/2023\/02\/IMG_6762-2.jpg\",\"datePublished\":\"2023-02-23T16:30:26+00:00\",\"dateModified\":\"2025-04-01T21:21:27+00:00\",\"description\":\"New Balance 530 White Silver Navy | Luksusowe i autentyczne przedmioty w jednym miejscu. B\u0105d\u017a na bie\u017c\u0105co i sprawd\u017a nasz\u0105 ofert\u0119 ju\u017c teraz\",\"breadcrumb\":{\"@id\":\"https:\/\/shezamme.com\/sklep\/buty\/new-balance\/new-balance-530\/new-balance-530-white-silver-navy\/#breadcrumb\"},\"inLanguage\":\"en-US\",\"potentialAction\":[{\"@type\":\"ReadAction\",\"target\":[\"https:\/\/shezamme.com\/sklep\/buty\/new-balance\/new-balance-530\/new-balance-530-white-silver-navy\/\"]}]},{\"@type\":\"ImageObject\",\"inLanguage\":\"en-US\",\"@id\":\"https:\/\/shezamme.com\/sklep\/buty\/new-balance\/new-balance-530\/new-balance-530-white-silver-navy\/#primaryimage\",\"url\":\"https:\/\/shezamme.com\/wp-content\/uploads\/2023\/02\/IMG_6762-2.jpg\",\"contentUrl\":\"https:\/\/shezamme.com\/wp-content\/uploads\/2023\/02\/IMG_6762-2.jpg\",\"width\":1170,\"height\":1017,\"caption\":\"New Balance 530 White Silver Navy\"},{\"@type\":\"BreadcrumbList\",\"@id\":\"https:\/\/shezamme.com\/sklep\/buty\/new-balance\/new-balance-530\/new-balance-530-white-silver-navy\/#breadcrumb\",\"itemListElement\":[{\"@type\":\"ListItem\",\"position\":1,\"name\":\"Strona g\u0142\u00f3wna\",\"item\":\"https:\/\/shezamme.com\/\"},{\"@type\":\"ListItem\",\"position\":2,\"name\":\"Sklep\",\"item\":\"https:\/\/shezamme.com\/sklep\/\"},{\"@type\":\"ListItem\",\"position\":3,\"name\":\"New Balance 530 White Silver Navy\"}]},{\"@type\":\"WebSite\",\"@id\":\"https:\/\/shezamme.com\/#website\",\"url\":\"https:\/\/shezamme.com\/\",\"name\":\"SHEZAMME - Sneakersy, Streetwear i luksusowe marki\",\"description\":\"Oryginalne i ekskluzywne przedmioty w jednym miejscu. Sprawd\u017a nasze produkty ju\u017c teraz i b\u0105d\u017a na bie\u017c\u0105co z wszystkimi premierami.\",\"publisher\":{\"@id\":\"https:\/\/shezamme.com\/#organization\"},\"potentialAction\":[{\"@type\":\"SearchAction\",\"target\":{\"@type\":\"EntryPoint\",\"urlTemplate\":\"https:\/\/shezamme.com\/?s={search_term_string}\"},\"query-input\":{\"@type\":\"PropertyValueSpecification\",\"valueRequired\":true,\"valueName\":\"search_term_string\"}}],\"inLanguage\":\"en-US\"},{\"@type\":\"Organization\",\"@id\":\"https:\/\/shezamme.com\/#organization\",\"name\":\"SHEZAMME - Sneakersy, Streetwear i luksusowe marki\",\"url\":\"https:\/\/shezamme.com\/\",\"logo\":{\"@type\":\"ImageObject\",\"inLanguage\":\"en-US\",\"@id\":\"https:\/\/shezamme.com\/#\/schema\/logo\/image\/\",\"url\":\"https:\/\/shezamme.com\/wp-content\/uploads\/2023\/02\/0x0.png\",\"contentUrl\":\"https:\/\/shezamme.com\/wp-content\/uploads\/2023\/02\/0x0.png\",\"width\":2000,\"height\":2000,\"caption\":\"SHEZAMME - Sneakersy, Streetwear i luksusowe marki\"},\"image\":{\"@id\":\"https:\/\/shezamme.com\/#\/schema\/logo\/image\/\"},\"sameAs\":[\"https:\/\/www.facebook.com\/SHEZAMME\/\",\"https:\/\/x.com\/SHEZAMME\",\"https:\/\/www.instagram.com\/shezamme\/\",\"https:\/\/www.youtube.com\/channel\/UCsTJxi_9fODHdO_1bmJbqvQ\",\"https:\/\/www.tiktok.com\/shezamme.com\"]}]}<\/script>\n<!-- \/ Yoast SEO plugin. -->","yoast_head_json":{"title":"New Balance 530 White Silver Navy - SHEZAMME","description":"New Balance 530 White Silver Navy | Luksusowe i autentyczne przedmioty w jednym miejscu. B\u0105d\u017a na bie\u017c\u0105co i sprawd\u017a nasz\u0105 ofert\u0119 ju\u017c teraz","robots":{"index":"index","follow":"follow","max-snippet":"max-snippet:-1","max-image-preview":"max-image-preview:large","max-video-preview":"max-video-preview:-1"},"canonical":"https:\/\/shezamme.com\/en\/sklep\/sneakers-2\/new-balance\/new-balance-530\/new-balance-530-white-silver-navy\/","og_locale":"en_US","og_type":"article","og_title":"New Balance 530 White Silver Navy - SHEZAMME","og_description":"New Balance 530 White Silver Navy | Luksusowe i autentyczne przedmioty w jednym miejscu. B\u0105d\u017a na bie\u017c\u0105co i sprawd\u017a nasz\u0105 ofert\u0119 ju\u017c teraz","og_url":"https:\/\/shezamme.com\/en\/sklep\/sneakers-2\/new-balance\/new-balance-530\/new-balance-530-white-silver-navy\/","og_site_name":"SHEZAMME - Yeezy, Jordan, Supreme i inne oryginalne rzeczy","article_publisher":"https:\/\/www.facebook.com\/SHEZAMME\/","article_modified_time":"2025-04-01T21:21:27+00:00","og_image":[{"width":1170,"height":1017,"url":"https:\/\/shezamme.com\/wp-content\/uploads\/2023\/02\/IMG_6762-2.jpg","type":"image\/jpeg"}],"twitter_card":"summary_large_image","twitter_site":"@SHEZAMME","twitter_misc":{"Est. reading time":"1 minute"},"schema":{"@context":"https:\/\/schema.org","@graph":[{"@type":"WebPage","@id":"https:\/\/shezamme.com\/sklep\/buty\/new-balance\/new-balance-530\/new-balance-530-white-silver-navy\/","url":"https:\/\/shezamme.com\/sklep\/buty\/new-balance\/new-balance-530\/new-balance-530-white-silver-navy\/","name":"New Balance 530 White Silver Navy - SHEZAMME","isPartOf":{"@id":"https:\/\/shezamme.com\/#website"},"primaryImageOfPage":{"@id":"https:\/\/shezamme.com\/sklep\/buty\/new-balance\/new-balance-530\/new-balance-530-white-silver-navy\/#primaryimage"},"image":{"@id":"https:\/\/shezamme.com\/sklep\/buty\/new-balance\/new-balance-530\/new-balance-530-white-silver-navy\/#primaryimage"},"thumbnailUrl":"https:\/\/shezamme.com\/wp-content\/uploads\/2023\/02\/IMG_6762-2.jpg","datePublished":"2023-02-23T16:30:26+00:00","dateModified":"2025-04-01T21:21:27+00:00","description":"New Balance 530 White Silver Navy | Luksusowe i autentyczne przedmioty w jednym miejscu. B\u0105d\u017a na bie\u017c\u0105co i sprawd\u017a nasz\u0105 ofert\u0119 ju\u017c teraz","breadcrumb":{"@id":"https:\/\/shezamme.com\/sklep\/buty\/new-balance\/new-balance-530\/new-balance-530-white-silver-navy\/#breadcrumb"},"inLanguage":"en-US","potentialAction":[{"@type":"ReadAction","target":["https:\/\/shezamme.com\/sklep\/buty\/new-balance\/new-balance-530\/new-balance-530-white-silver-navy\/"]}]},{"@type":"ImageObject","inLanguage":"en-US","@id":"https:\/\/shezamme.com\/sklep\/buty\/new-balance\/new-balance-530\/new-balance-530-white-silver-navy\/#primaryimage","url":"https:\/\/shezamme.com\/wp-content\/uploads\/2023\/02\/IMG_6762-2.jpg","contentUrl":"https:\/\/shezamme.com\/wp-content\/uploads\/2023\/02\/IMG_6762-2.jpg","width":1170,"height":1017,"caption":"New Balance 530 White Silver Navy"},{"@type":"BreadcrumbList","@id":"https:\/\/shezamme.com\/sklep\/buty\/new-balance\/new-balance-530\/new-balance-530-white-silver-navy\/#breadcrumb","itemListElement":[{"@type":"ListItem","position":1,"name":"Strona g\u0142\u00f3wna","item":"https:\/\/shezamme.com\/"},{"@type":"ListItem","position":2,"name":"Sklep","item":"https:\/\/shezamme.com\/sklep\/"},{"@type":"ListItem","position":3,"name":"New Balance 530 White Silver Navy"}]},{"@type":"WebSite","@id":"https:\/\/shezamme.com\/#website","url":"https:\/\/shezamme.com\/","name":"SHEZAMME - Sneakers, Streetwear and luxury brands","description":"Original and exclusive items in one place. Check out our products now and stay up to date with all launches.","publisher":{"@id":"https:\/\/shezamme.com\/#organization"},"potentialAction":[{"@type":"SearchAction","target":{"@type":"EntryPoint","urlTemplate":"https:\/\/shezamme.com\/?s={search_term_string}"},"query-input":{"@type":"PropertyValueSpecification","valueRequired":true,"valueName":"search_term_string"}}],"inLanguage":"en-US"},{"@type":"Organization","@id":"https:\/\/shezamme.com\/#organization","name":"SHEZAMME - Sneakers, Streetwear and luxury brands","url":"https:\/\/shezamme.com\/","logo":{"@type":"ImageObject","inLanguage":"en-US","@id":"https:\/\/shezamme.com\/#\/schema\/logo\/image\/","url":"https:\/\/shezamme.com\/wp-content\/uploads\/2023\/02\/0x0.png","contentUrl":"https:\/\/shezamme.com\/wp-content\/uploads\/2023\/02\/0x0.png","width":2000,"height":2000,"caption":"SHEZAMME - Sneakersy, Streetwear i luksusowe marki"},"image":{"@id":"https:\/\/shezamme.com\/#\/schema\/logo\/image\/"},"sameAs":["https:\/\/www.facebook.com\/SHEZAMME\/","https:\/\/x.com\/SHEZAMME","https:\/\/www.instagram.com\/shezamme\/","https:\/\/www.youtube.com\/channel\/UCsTJxi_9fODHdO_1bmJbqvQ","https:\/\/www.tiktok.com\/shezamme.com"]}]}},"brands":[{"id":769,"name":"New Balance","slug":"new-balance"}],"_links":{"self":[{"href":"https:\/\/shezamme.com\/en\/wp-json\/wp\/v2\/product\/22879","targetHints":{"allow":["GET"]}}],"collection":[{"href":"https:\/\/shezamme.com\/en\/wp-json\/wp\/v2\/product"}],"about":[{"href":"https:\/\/shezamme.com\/en\/wp-json\/wp\/v2\/types\/product"}],"wp:featuredmedia":[{"embeddable":true,"href":"https:\/\/shezamme.com\/en\/wp-json\/wp\/v2\/media\/22889"}],"wp:attachment":[{"href":"https:\/\/shezamme.com\/en\/wp-json\/wp\/v2\/media?parent=22879"}],"wp:term":[{"taxonomy":"pwb-brand","embeddable":true,"href":"https:\/\/shezamme.com\/en\/wp-json\/wp\/v2\/pwb-brand?post=22879"},{"taxonomy":"product_brand","embeddable":true,"href":"https:\/\/shezamme.com\/en\/wp-json\/wp\/v2\/product_brand?post=22879"},{"taxonomy":"product_cat","embeddable":true,"href":"https:\/\/shezamme.com\/en\/wp-json\/wp\/v2\/product_cat?post=22879"},{"taxonomy":"product_tag","embeddable":true,"href":"https:\/\/shezamme.com\/en\/wp-json\/wp\/v2\/product_tag?post=22879"}],"curies":[{"name":"wp","href":"https:\/\/api.w.org\/{rel}","templated":true}]}}