{"id":22839,"date":"2023-02-23T17:10:07","date_gmt":"2023-02-23T16:10:07","guid":{"rendered":"https:\/\/shezamme.com\/?post_type=product&#038;p=22839"},"modified":"2025-04-01T18:52:49","modified_gmt":"2025-04-01T16:52:49","slug":"new-balance-2002r-protection-pack-pink","status":"publish","type":"product","link":"https:\/\/shezamme.com\/en\/sklep\/buty\/new-balance\/new-balance-2002r\/new-balance-2002r-protection-pack-pink\/","title":{"rendered":"New Balance 2002R Protection Pack \u2013 Pink"},"content":{"rendered":"<h2 class=\"\" data-start=\"0\" data-end=\"64\">Artystyczna ekspresja i retro technologia w \u017cywej kolorystyce<\/h2>\n<p class=\"\" data-start=\"66\" data-end=\"450\">New Balance 2002 <em data-start=\"84\" data-end=\"106\">Protection Pack Pink<\/em> to najbardziej wyrazista wizualnie ods\u0142ona serii \u201eRefined Future\u201d, w kt\u00f3rej \u017cywe odcienie r\u00f3\u017cu i fioletu nadaj\u0105 archiwalnej sylwetce now\u0105, modow\u0105 to\u017csamo\u015b\u0107. Postrz\u0119piona cholewka z zamszu premium i siateczki tworzy surow\u0105, warstwow\u0105 konstrukcj\u0119 w stylu deconstructed, a tonalne logo \u201eN\u201d i subtelne detale zachowuj\u0105 sp\u00f3jno\u015b\u0107 z ca\u0142\u0105 palet\u0105 barw.<\/p>\n<h2 class=\"\" data-start=\"452\" data-end=\"508\">Techniczny komfort i nowoczesna interpretacja klasyki<\/h2>\n<p class=\"\" data-start=\"510\" data-end=\"892\">Za wygod\u0119 i wsparcie odpowiadaj\u0105 systemy ABZORB i N-ergy, wspomagane przez Stability Web w \u015br\u00f3dstopiu. Tekstylna wy\u015bci\u00f3\u0142ka i mi\u0119kka wk\u0142adka zapewniaj\u0105 komfort na co dzie\u0144, niezale\u017cnie od stylizacji. Model <em data-start=\"715\" data-end=\"721\">Pink<\/em> z Protection Pack to propozycja dla tych, kt\u00f3rzy szukaj\u0105 sneakers\u00f3w z charakterem \u2013 \u0142\u0105cz\u0105cych technologiczn\u0105 precyzj\u0119 z odwa\u017cnym, kreatywnym podej\u015bciem do mody miejskiej.<\/p>","protected":false},"excerpt":{"rendered":"<h2 class=\"\" data-start=\"0\" data-end=\"61\">R\u00f3\u017cowy statement sneaker z charakterystycznym wyko\u0144czeniem<\/h2>\n<p class=\"\" data-start=\"63\" data-end=\"474\">New Balance 2002 <em data-start=\"81\" data-end=\"103\">Protection Pack Pink<\/em> to odwa\u017cna interpretacja retro-runnera, w kt\u00f3rej postarzony zamsz i warstwowa siateczka spotykaj\u0105 si\u0119 z intensywnymi tonami r\u00f3\u017cu i fioletu. Deconstructed estetyka, tonalne logo \u201eN\u201d i technologia ABZORB z N-ergy tworz\u0105 model, kt\u00f3ry \u0142\u0105czy wyrazisty styl z codziennym komfortem. Idealny wyb\u00f3r dla os\u00f3b szukaj\u0105cych kolorystycznego akcentu w nowoczesnym, technicznym wydaniu.<\/p>","protected":false},"featured_media":22850,"template":"","meta":{"_acf_changed":false,"_yoast_wpseo_focuskw":"New Balance 2002R Protection Pack \u2013 Pink","_yoast_wpseo_title":"","_yoast_wpseo_metadesc":""},"pwb-brand":[769],"product_brand":[],"product_cat":[16,321,784],"product_tag":[1008,1009],"class_list":{"0":"post-22839","1":"product","2":"type-product","3":"status-publish","4":"has-post-thumbnail","6":"pwb-brand-new-balance","7":"product_cat-buty","8":"product_cat-new-balance","9":"product_cat-new-balance-2002r","10":"product_tag-kobieta","11":"product_tag-mezczyzna","13":"first","14":"onbackorder","15":"taxable","16":"shipping-taxable","17":"purchasable","18":"product-type-variable","19":"has-default-attributes"},"acf":[],"yoast_head":"<!-- This site is optimized with the Yoast SEO plugin v27.4 - https:\/\/yoast.com\/product\/yoast-seo-wordpress\/ -->\n<title>New Balance 2002R Protection Pack \u2013 Pink - SHEZAMME<\/title>\n<meta name=\"description\" content=\"New Balance 2002R Protection Pack \u2013 Pink | Luksusowe i autentyczne przedmioty w jednym miejscu. B\u0105d\u017a na bie\u017c\u0105co i sprawd\u017a nasz\u0105 ofert\u0119 ju\u017c teraz\" \/>\n<meta name=\"robots\" content=\"index, follow, max-snippet:-1, max-image-preview:large, max-video-preview:-1\" \/>\n<link rel=\"canonical\" href=\"https:\/\/shezamme.com\/en\/sklep\/sneakers-2\/new-balance\/new-balance-2002r\/new-balance-2002r-protection-pack-pink\/\" \/>\n<meta property=\"og:locale\" content=\"en_US\" \/>\n<meta property=\"og:type\" content=\"article\" \/>\n<meta property=\"og:title\" content=\"New Balance 2002R Protection Pack \u2013 Pink - SHEZAMME\" \/>\n<meta property=\"og:description\" content=\"New Balance 2002R Protection Pack \u2013 Pink | Luksusowe i autentyczne przedmioty w jednym miejscu. B\u0105d\u017a na bie\u017c\u0105co i sprawd\u017a nasz\u0105 ofert\u0119 ju\u017c teraz\" \/>\n<meta property=\"og:url\" content=\"https:\/\/shezamme.com\/en\/sklep\/sneakers-2\/new-balance\/new-balance-2002r\/new-balance-2002r-protection-pack-pink\/\" \/>\n<meta property=\"og:site_name\" content=\"SHEZAMME - Yeezy, Jordan, Supreme i inne oryginalne rzeczy\" \/>\n<meta property=\"article:publisher\" content=\"https:\/\/www.facebook.com\/SHEZAMME\/\" \/>\n<meta property=\"article:modified_time\" content=\"2025-04-01T16:52:49+00:00\" \/>\n<meta property=\"og:image\" content=\"https:\/\/shezamme.com\/wp-content\/uploads\/2023\/02\/IMG_6755.jpg\" \/>\n\t<meta property=\"og:image:width\" content=\"1170\" \/>\n\t<meta property=\"og:image:height\" content=\"1029\" \/>\n\t<meta property=\"og:image:type\" content=\"image\/jpeg\" \/>\n<meta name=\"twitter:card\" content=\"summary_large_image\" \/>\n<meta name=\"twitter:site\" content=\"@SHEZAMME\" \/>\n<meta name=\"twitter:label1\" content=\"Est. reading time\" \/>\n\t<meta name=\"twitter:data1\" content=\"1 minute\" \/>\n<script type=\"application\/ld+json\" class=\"yoast-schema-graph\">{\"@context\":\"https:\\\/\\\/schema.org\",\"@graph\":[{\"@type\":\"WebPage\",\"@id\":\"https:\\\/\\\/shezamme.com\\\/sklep\\\/buty\\\/new-balance\\\/new-balance-2002r\\\/new-balance-2002r-protection-pack-pink\\\/\",\"url\":\"https:\\\/\\\/shezamme.com\\\/sklep\\\/buty\\\/new-balance\\\/new-balance-2002r\\\/new-balance-2002r-protection-pack-pink\\\/\",\"name\":\"New Balance 2002R Protection Pack \u2013 Pink - SHEZAMME\",\"isPartOf\":{\"@id\":\"https:\\\/\\\/shezamme.com\\\/#website\"},\"primaryImageOfPage\":{\"@id\":\"https:\\\/\\\/shezamme.com\\\/sklep\\\/buty\\\/new-balance\\\/new-balance-2002r\\\/new-balance-2002r-protection-pack-pink\\\/#primaryimage\"},\"image\":{\"@id\":\"https:\\\/\\\/shezamme.com\\\/sklep\\\/buty\\\/new-balance\\\/new-balance-2002r\\\/new-balance-2002r-protection-pack-pink\\\/#primaryimage\"},\"thumbnailUrl\":\"https:\\\/\\\/shezamme.com\\\/wp-content\\\/uploads\\\/2023\\\/02\\\/IMG_6755.jpg\",\"datePublished\":\"2023-02-23T16:10:07+00:00\",\"dateModified\":\"2025-04-01T16:52:49+00:00\",\"description\":\"New Balance 2002R Protection Pack \u2013 Pink | Luksusowe i autentyczne przedmioty w jednym miejscu. B\u0105d\u017a na bie\u017c\u0105co i sprawd\u017a nasz\u0105 ofert\u0119 ju\u017c teraz\",\"breadcrumb\":{\"@id\":\"https:\\\/\\\/shezamme.com\\\/sklep\\\/buty\\\/new-balance\\\/new-balance-2002r\\\/new-balance-2002r-protection-pack-pink\\\/#breadcrumb\"},\"inLanguage\":\"en-US\",\"potentialAction\":[{\"@type\":\"ReadAction\",\"target\":[\"https:\\\/\\\/shezamme.com\\\/sklep\\\/buty\\\/new-balance\\\/new-balance-2002r\\\/new-balance-2002r-protection-pack-pink\\\/\"]}]},{\"@type\":\"ImageObject\",\"inLanguage\":\"en-US\",\"@id\":\"https:\\\/\\\/shezamme.com\\\/sklep\\\/buty\\\/new-balance\\\/new-balance-2002r\\\/new-balance-2002r-protection-pack-pink\\\/#primaryimage\",\"url\":\"https:\\\/\\\/shezamme.com\\\/wp-content\\\/uploads\\\/2023\\\/02\\\/IMG_6755.jpg\",\"contentUrl\":\"https:\\\/\\\/shezamme.com\\\/wp-content\\\/uploads\\\/2023\\\/02\\\/IMG_6755.jpg\",\"width\":1170,\"height\":1029,\"caption\":\"New Balance 2002R Protection Pack \u2013 Pink\"},{\"@type\":\"BreadcrumbList\",\"@id\":\"https:\\\/\\\/shezamme.com\\\/sklep\\\/buty\\\/new-balance\\\/new-balance-2002r\\\/new-balance-2002r-protection-pack-pink\\\/#breadcrumb\",\"itemListElement\":[{\"@type\":\"ListItem\",\"position\":1,\"name\":\"Strona g\u0142\u00f3wna\",\"item\":\"https:\\\/\\\/shezamme.com\\\/\"},{\"@type\":\"ListItem\",\"position\":2,\"name\":\"Sklep\",\"item\":\"https:\\\/\\\/shezamme.com\\\/en\\\/sklep\\\/\"},{\"@type\":\"ListItem\",\"position\":3,\"name\":\"New Balance 2002R Protection Pack \u2013 Pink\"}]},{\"@type\":\"WebSite\",\"@id\":\"https:\\\/\\\/shezamme.com\\\/#website\",\"url\":\"https:\\\/\\\/shezamme.com\\\/\",\"name\":\"SHEZAMME - Sneakersy, Streetwear i luksusowe marki\",\"description\":\"Oryginalne i ekskluzywne przedmioty w jednym miejscu. Sprawd\u017a nasze produkty ju\u017c teraz i b\u0105d\u017a na bie\u017c\u0105co z wszystkimi premierami.\",\"publisher\":{\"@id\":\"https:\\\/\\\/shezamme.com\\\/#organization\"},\"potentialAction\":[{\"@type\":\"SearchAction\",\"target\":{\"@type\":\"EntryPoint\",\"urlTemplate\":\"https:\\\/\\\/shezamme.com\\\/?s={search_term_string}\"},\"query-input\":{\"@type\":\"PropertyValueSpecification\",\"valueRequired\":true,\"valueName\":\"search_term_string\"}}],\"inLanguage\":\"en-US\"},{\"@type\":\"Organization\",\"@id\":\"https:\\\/\\\/shezamme.com\\\/#organization\",\"name\":\"SHEZAMME - Sneakersy, Streetwear i luksusowe marki\",\"url\":\"https:\\\/\\\/shezamme.com\\\/\",\"logo\":{\"@type\":\"ImageObject\",\"inLanguage\":\"en-US\",\"@id\":\"https:\\\/\\\/shezamme.com\\\/#\\\/schema\\\/logo\\\/image\\\/\",\"url\":\"https:\\\/\\\/shezamme.com\\\/wp-content\\\/uploads\\\/2023\\\/02\\\/0x0.png\",\"contentUrl\":\"https:\\\/\\\/shezamme.com\\\/wp-content\\\/uploads\\\/2023\\\/02\\\/0x0.png\",\"width\":2000,\"height\":2000,\"caption\":\"SHEZAMME - Sneakersy, Streetwear i luksusowe marki\"},\"image\":{\"@id\":\"https:\\\/\\\/shezamme.com\\\/#\\\/schema\\\/logo\\\/image\\\/\"},\"sameAs\":[\"https:\\\/\\\/www.facebook.com\\\/SHEZAMME\\\/\",\"https:\\\/\\\/x.com\\\/SHEZAMME\",\"https:\\\/\\\/www.instagram.com\\\/shezamme\\\/\",\"https:\\\/\\\/www.youtube.com\\\/channel\\\/UCsTJxi_9fODHdO_1bmJbqvQ\",\"https:\\\/\\\/www.tiktok.com\\\/shezamme.com\"]}]}<\/script>\n<!-- \/ Yoast SEO plugin. -->","yoast_head_json":{"title":"New Balance 2002R Protection Pack \u2013 Pink - SHEZAMME","description":"New Balance 2002R Protection Pack \u2013 Pink | Luksusowe i autentyczne przedmioty w jednym miejscu. B\u0105d\u017a na bie\u017c\u0105co i sprawd\u017a nasz\u0105 ofert\u0119 ju\u017c teraz","robots":{"index":"index","follow":"follow","max-snippet":"max-snippet:-1","max-image-preview":"max-image-preview:large","max-video-preview":"max-video-preview:-1"},"canonical":"https:\/\/shezamme.com\/en\/sklep\/sneakers-2\/new-balance\/new-balance-2002r\/new-balance-2002r-protection-pack-pink\/","og_locale":"en_US","og_type":"article","og_title":"New Balance 2002R Protection Pack \u2013 Pink - SHEZAMME","og_description":"New Balance 2002R Protection Pack \u2013 Pink | Luksusowe i autentyczne przedmioty w jednym miejscu. B\u0105d\u017a na bie\u017c\u0105co i sprawd\u017a nasz\u0105 ofert\u0119 ju\u017c teraz","og_url":"https:\/\/shezamme.com\/en\/sklep\/sneakers-2\/new-balance\/new-balance-2002r\/new-balance-2002r-protection-pack-pink\/","og_site_name":"SHEZAMME - Yeezy, Jordan, Supreme i inne oryginalne rzeczy","article_publisher":"https:\/\/www.facebook.com\/SHEZAMME\/","article_modified_time":"2025-04-01T16:52:49+00:00","og_image":[{"width":1170,"height":1029,"url":"https:\/\/shezamme.com\/wp-content\/uploads\/2023\/02\/IMG_6755.jpg","type":"image\/jpeg"}],"twitter_card":"summary_large_image","twitter_site":"@SHEZAMME","twitter_misc":{"Est. reading time":"1 minute"},"schema":{"@context":"https:\/\/schema.org","@graph":[{"@type":"WebPage","@id":"https:\/\/shezamme.com\/sklep\/buty\/new-balance\/new-balance-2002r\/new-balance-2002r-protection-pack-pink\/","url":"https:\/\/shezamme.com\/sklep\/buty\/new-balance\/new-balance-2002r\/new-balance-2002r-protection-pack-pink\/","name":"New Balance 2002R Protection Pack \u2013 Pink - SHEZAMME","isPartOf":{"@id":"https:\/\/shezamme.com\/#website"},"primaryImageOfPage":{"@id":"https:\/\/shezamme.com\/sklep\/buty\/new-balance\/new-balance-2002r\/new-balance-2002r-protection-pack-pink\/#primaryimage"},"image":{"@id":"https:\/\/shezamme.com\/sklep\/buty\/new-balance\/new-balance-2002r\/new-balance-2002r-protection-pack-pink\/#primaryimage"},"thumbnailUrl":"https:\/\/shezamme.com\/wp-content\/uploads\/2023\/02\/IMG_6755.jpg","datePublished":"2023-02-23T16:10:07+00:00","dateModified":"2025-04-01T16:52:49+00:00","description":"New Balance 2002R Protection Pack \u2013 Pink | Luksusowe i autentyczne przedmioty w jednym miejscu. B\u0105d\u017a na bie\u017c\u0105co i sprawd\u017a nasz\u0105 ofert\u0119 ju\u017c teraz","breadcrumb":{"@id":"https:\/\/shezamme.com\/sklep\/buty\/new-balance\/new-balance-2002r\/new-balance-2002r-protection-pack-pink\/#breadcrumb"},"inLanguage":"en-US","potentialAction":[{"@type":"ReadAction","target":["https:\/\/shezamme.com\/sklep\/buty\/new-balance\/new-balance-2002r\/new-balance-2002r-protection-pack-pink\/"]}]},{"@type":"ImageObject","inLanguage":"en-US","@id":"https:\/\/shezamme.com\/sklep\/buty\/new-balance\/new-balance-2002r\/new-balance-2002r-protection-pack-pink\/#primaryimage","url":"https:\/\/shezamme.com\/wp-content\/uploads\/2023\/02\/IMG_6755.jpg","contentUrl":"https:\/\/shezamme.com\/wp-content\/uploads\/2023\/02\/IMG_6755.jpg","width":1170,"height":1029,"caption":"New Balance 2002R Protection Pack \u2013 Pink"},{"@type":"BreadcrumbList","@id":"https:\/\/shezamme.com\/sklep\/buty\/new-balance\/new-balance-2002r\/new-balance-2002r-protection-pack-pink\/#breadcrumb","itemListElement":[{"@type":"ListItem","position":1,"name":"Strona g\u0142\u00f3wna","item":"https:\/\/shezamme.com\/"},{"@type":"ListItem","position":2,"name":"Sklep","item":"https:\/\/shezamme.com\/en\/sklep\/"},{"@type":"ListItem","position":3,"name":"New Balance 2002R Protection Pack \u2013 Pink"}]},{"@type":"WebSite","@id":"https:\/\/shezamme.com\/#website","url":"https:\/\/shezamme.com\/","name":"SHEZAMME - Sneakers, Streetwear and luxury brands","description":"Original and exclusive items in one place. Check out our products now and stay up to date with all launches.","publisher":{"@id":"https:\/\/shezamme.com\/#organization"},"potentialAction":[{"@type":"SearchAction","target":{"@type":"EntryPoint","urlTemplate":"https:\/\/shezamme.com\/?s={search_term_string}"},"query-input":{"@type":"PropertyValueSpecification","valueRequired":true,"valueName":"search_term_string"}}],"inLanguage":"en-US"},{"@type":"Organization","@id":"https:\/\/shezamme.com\/#organization","name":"SHEZAMME - Sneakers, Streetwear and luxury brands","url":"https:\/\/shezamme.com\/","logo":{"@type":"ImageObject","inLanguage":"en-US","@id":"https:\/\/shezamme.com\/#\/schema\/logo\/image\/","url":"https:\/\/shezamme.com\/wp-content\/uploads\/2023\/02\/0x0.png","contentUrl":"https:\/\/shezamme.com\/wp-content\/uploads\/2023\/02\/0x0.png","width":2000,"height":2000,"caption":"SHEZAMME - Sneakersy, Streetwear i luksusowe marki"},"image":{"@id":"https:\/\/shezamme.com\/#\/schema\/logo\/image\/"},"sameAs":["https:\/\/www.facebook.com\/SHEZAMME\/","https:\/\/x.com\/SHEZAMME","https:\/\/www.instagram.com\/shezamme\/","https:\/\/www.youtube.com\/channel\/UCsTJxi_9fODHdO_1bmJbqvQ","https:\/\/www.tiktok.com\/shezamme.com"]}]}},"brands":[{"id":769,"name":"New Balance","slug":"new-balance"}],"_links":{"self":[{"href":"https:\/\/shezamme.com\/en\/wp-json\/wp\/v2\/product\/22839","targetHints":{"allow":["GET"]}}],"collection":[{"href":"https:\/\/shezamme.com\/en\/wp-json\/wp\/v2\/product"}],"about":[{"href":"https:\/\/shezamme.com\/en\/wp-json\/wp\/v2\/types\/product"}],"wp:featuredmedia":[{"embeddable":true,"href":"https:\/\/shezamme.com\/en\/wp-json\/wp\/v2\/media\/22850"}],"wp:attachment":[{"href":"https:\/\/shezamme.com\/en\/wp-json\/wp\/v2\/media?parent=22839"}],"wp:term":[{"taxonomy":"pwb-brand","embeddable":true,"href":"https:\/\/shezamme.com\/en\/wp-json\/wp\/v2\/pwb-brand?post=22839"},{"taxonomy":"product_brand","embeddable":true,"href":"https:\/\/shezamme.com\/en\/wp-json\/wp\/v2\/product_brand?post=22839"},{"taxonomy":"product_cat","embeddable":true,"href":"https:\/\/shezamme.com\/en\/wp-json\/wp\/v2\/product_cat?post=22839"},{"taxonomy":"product_tag","embeddable":true,"href":"https:\/\/shezamme.com\/en\/wp-json\/wp\/v2\/product_tag?post=22839"}],"curies":[{"name":"wp","href":"https:\/\/api.w.org\/{rel}","templated":true}]}}