{"id":22824,"date":"2023-02-23T17:03:12","date_gmt":"2023-02-23T16:03:12","guid":{"rendered":"https:\/\/shezamme.com\/?post_type=product&#038;p=22824"},"modified":"2025-04-01T18:54:52","modified_gmt":"2025-04-01T16:54:52","slug":"new-balance-2002r-protection-pack-light-arctic-grey-purple","status":"publish","type":"product","link":"https:\/\/shezamme.com\/en\/sklep\/buty\/new-balance\/new-balance-2002r\/new-balance-2002r-protection-pack-light-arctic-grey-purple\/","title":{"rendered":"New Balance 2002R Protection Pack Light Arctic Grey Purple"},"content":{"rendered":"<h2 class=\"\" data-start=\"0\" data-end=\"59\">Subtelna kolorystyka i surowy detal w pastelowym wydaniu<\/h2>\n<p class=\"\" data-start=\"61\" data-end=\"490\">New Balance 2002 <em data-start=\"79\" data-end=\"123\">Protection Pack Light Arctic Grey \/ Purple<\/em> to hybryda klasycznej bieg\u00f3wki z lat 2000 i nowoczesnej estetyki \u201erefined future\u201d. Cholewka \u0142\u0105czy przewiewn\u0105 siateczk\u0119 z surowo ci\u0119tym zamszem w odcieniach jasnej szaro\u015bci, fioletu i b\u0142\u0119kitu, tworz\u0105c zbalansowany, pastelowy kontrast. Deconstructed wyko\u0144czenie i nieregularne kraw\u0119dzie nadaj\u0105 sylwetce niepowtarzalnego charakteru, zachowuj\u0105c przy tym stonowan\u0105 form\u0119.<\/p>\n<h2 class=\"\" data-start=\"492\" data-end=\"552\">Techniczna amortyzacja i komfort w codziennym u\u017cytkowaniu<\/h2>\n<p class=\"\" data-start=\"554\" data-end=\"982\">Za wygod\u0119 odpowiada sprawdzone po\u0142\u0105czenie amortyzacji ABZORB i N-ergy, zapewniaj\u0105ce spr\u0119\u017cysto\u015b\u0107 i wsparcie przez ca\u0142y dzie\u0144. System Stability Web stabilizuje \u015br\u00f3dstopie, a mi\u0119kka wy\u015bci\u00f3\u0142ka i profilowana wk\u0142adka gwarantuj\u0105 dopasowanie i komfort. Model <em data-start=\"805\" data-end=\"833\">Light Arctic Grey \/ Purple<\/em> to techniczny sneaker z modowym sznytem, stworzony z my\u015bl\u0105 o osobach ceni\u0105cych wywa\u017cone formy i subtelne kolory w nowoczesnym wydaniu retro-runnera.<\/p>","protected":false},"excerpt":{"rendered":"<h2 class=\"\" data-start=\"0\" data-end=\"52\">Pastelowy retro-runner z technicznym wyko\u0144czeniem<\/h2>\n<p class=\"\" data-start=\"54\" data-end=\"510\">New Balance 2002 <em data-start=\"72\" data-end=\"116\">Protection Pack Light Arctic Grey \/ Purple<\/em> to stonowana, ale pe\u0142na charakteru wersja kultowego modelu. Cholewka z nieregularnie ci\u0119tego zamszu i siateczki \u0142\u0105czy ch\u0142odn\u0105 szaro\u015b\u0107 z pastelowym fioletem i b\u0142\u0119kitnymi akcentami. Deconstructed forma podkre\u015bla unikalny styl, a technologie ABZORB, N-ergy i Stability Web zapewniaj\u0105 komfort i wsparcie przez ca\u0142y dzie\u0144. Idealna propozycja dla fan\u00f3w subtelnego streetwearu z technologicznym t\u0142em.<\/p>","protected":false},"featured_media":22838,"template":"","meta":{"_acf_changed":false,"_yoast_wpseo_focuskw":"New Balance 2002R Protection Pack Light Arctic Grey Purple","_yoast_wpseo_title":"","_yoast_wpseo_metadesc":""},"pwb-brand":[769],"product_brand":[],"product_cat":[16,321,784],"product_tag":[1008,1009],"class_list":{"0":"post-22824","1":"product","2":"type-product","3":"status-publish","4":"has-post-thumbnail","6":"pwb-brand-new-balance","7":"product_cat-buty","8":"product_cat-new-balance","9":"product_cat-new-balance-2002r","10":"product_tag-kobieta","11":"product_tag-mezczyzna","13":"first","14":"onbackorder","15":"taxable","16":"shipping-taxable","17":"purchasable","18":"product-type-variable","19":"has-default-attributes"},"acf":[],"yoast_head":"<!-- This site is optimized with the Yoast SEO plugin v27.4 - https:\/\/yoast.com\/product\/yoast-seo-wordpress\/ -->\n<title>New Balance 2002R Protection Pack Light Arctic Grey Purple - SHEZAMME<\/title>\n<meta name=\"description\" content=\"New Balance 2002R Protection Pack Light Arctic Grey Purple | Luksusowe i autentyczne przedmioty w jednym miejscu. B\u0105d\u017a na bie\u017c\u0105co i sprawd\u017a nasz\u0105 ofert\u0119 ju\u017c teraz\" \/>\n<meta name=\"robots\" content=\"index, follow, max-snippet:-1, max-image-preview:large, max-video-preview:-1\" \/>\n<link rel=\"canonical\" href=\"https:\/\/shezamme.com\/en\/sklep\/sneakers-2\/new-balance\/new-balance-2002r\/new-balance-2002r-protection-pack-light-arctic-grey-purple\/\" \/>\n<meta property=\"og:locale\" content=\"en_US\" \/>\n<meta property=\"og:type\" content=\"article\" \/>\n<meta property=\"og:title\" content=\"New Balance 2002R Protection Pack Light Arctic Grey Purple - SHEZAMME\" \/>\n<meta property=\"og:description\" content=\"New Balance 2002R Protection Pack Light Arctic Grey Purple | Luksusowe i autentyczne przedmioty w jednym miejscu. B\u0105d\u017a na bie\u017c\u0105co i sprawd\u017a nasz\u0105 ofert\u0119 ju\u017c teraz\" \/>\n<meta property=\"og:url\" content=\"https:\/\/shezamme.com\/en\/sklep\/sneakers-2\/new-balance\/new-balance-2002r\/new-balance-2002r-protection-pack-light-arctic-grey-purple\/\" \/>\n<meta property=\"og:site_name\" content=\"SHEZAMME - Yeezy, Jordan, Supreme i inne oryginalne rzeczy\" \/>\n<meta property=\"article:publisher\" content=\"https:\/\/www.facebook.com\/SHEZAMME\/\" \/>\n<meta property=\"article:modified_time\" content=\"2025-04-01T16:54:52+00:00\" \/>\n<meta property=\"og:image\" content=\"https:\/\/shezamme.com\/wp-content\/uploads\/2023\/02\/IMG_6752.jpg\" \/>\n\t<meta property=\"og:image:width\" content=\"1170\" \/>\n\t<meta property=\"og:image:height\" content=\"1030\" \/>\n\t<meta property=\"og:image:type\" content=\"image\/jpeg\" \/>\n<meta name=\"twitter:card\" content=\"summary_large_image\" \/>\n<meta name=\"twitter:site\" content=\"@SHEZAMME\" \/>\n<meta name=\"twitter:label1\" content=\"Est. reading time\" \/>\n\t<meta name=\"twitter:data1\" content=\"1 minute\" \/>\n<script type=\"application\/ld+json\" class=\"yoast-schema-graph\">{\"@context\":\"https:\\\/\\\/schema.org\",\"@graph\":[{\"@type\":\"WebPage\",\"@id\":\"https:\\\/\\\/shezamme.com\\\/sklep\\\/buty\\\/new-balance\\\/new-balance-2002r\\\/new-balance-2002r-protection-pack-light-arctic-grey-purple\\\/\",\"url\":\"https:\\\/\\\/shezamme.com\\\/sklep\\\/buty\\\/new-balance\\\/new-balance-2002r\\\/new-balance-2002r-protection-pack-light-arctic-grey-purple\\\/\",\"name\":\"New Balance 2002R Protection Pack Light Arctic Grey Purple - SHEZAMME\",\"isPartOf\":{\"@id\":\"https:\\\/\\\/shezamme.com\\\/#website\"},\"primaryImageOfPage\":{\"@id\":\"https:\\\/\\\/shezamme.com\\\/sklep\\\/buty\\\/new-balance\\\/new-balance-2002r\\\/new-balance-2002r-protection-pack-light-arctic-grey-purple\\\/#primaryimage\"},\"image\":{\"@id\":\"https:\\\/\\\/shezamme.com\\\/sklep\\\/buty\\\/new-balance\\\/new-balance-2002r\\\/new-balance-2002r-protection-pack-light-arctic-grey-purple\\\/#primaryimage\"},\"thumbnailUrl\":\"https:\\\/\\\/shezamme.com\\\/wp-content\\\/uploads\\\/2023\\\/02\\\/IMG_6752.jpg\",\"datePublished\":\"2023-02-23T16:03:12+00:00\",\"dateModified\":\"2025-04-01T16:54:52+00:00\",\"description\":\"New Balance 2002R Protection Pack Light Arctic Grey Purple | Luksusowe i autentyczne przedmioty w jednym miejscu. B\u0105d\u017a na bie\u017c\u0105co i sprawd\u017a nasz\u0105 ofert\u0119 ju\u017c teraz\",\"breadcrumb\":{\"@id\":\"https:\\\/\\\/shezamme.com\\\/sklep\\\/buty\\\/new-balance\\\/new-balance-2002r\\\/new-balance-2002r-protection-pack-light-arctic-grey-purple\\\/#breadcrumb\"},\"inLanguage\":\"en-US\",\"potentialAction\":[{\"@type\":\"ReadAction\",\"target\":[\"https:\\\/\\\/shezamme.com\\\/sklep\\\/buty\\\/new-balance\\\/new-balance-2002r\\\/new-balance-2002r-protection-pack-light-arctic-grey-purple\\\/\"]}]},{\"@type\":\"ImageObject\",\"inLanguage\":\"en-US\",\"@id\":\"https:\\\/\\\/shezamme.com\\\/sklep\\\/buty\\\/new-balance\\\/new-balance-2002r\\\/new-balance-2002r-protection-pack-light-arctic-grey-purple\\\/#primaryimage\",\"url\":\"https:\\\/\\\/shezamme.com\\\/wp-content\\\/uploads\\\/2023\\\/02\\\/IMG_6752.jpg\",\"contentUrl\":\"https:\\\/\\\/shezamme.com\\\/wp-content\\\/uploads\\\/2023\\\/02\\\/IMG_6752.jpg\",\"width\":1170,\"height\":1030,\"caption\":\"New Balance 2002R Protection Pack Light Arctic Grey Purple\"},{\"@type\":\"BreadcrumbList\",\"@id\":\"https:\\\/\\\/shezamme.com\\\/sklep\\\/buty\\\/new-balance\\\/new-balance-2002r\\\/new-balance-2002r-protection-pack-light-arctic-grey-purple\\\/#breadcrumb\",\"itemListElement\":[{\"@type\":\"ListItem\",\"position\":1,\"name\":\"Strona g\u0142\u00f3wna\",\"item\":\"https:\\\/\\\/shezamme.com\\\/\"},{\"@type\":\"ListItem\",\"position\":2,\"name\":\"Sklep\",\"item\":\"https:\\\/\\\/shezamme.com\\\/en\\\/sklep\\\/\"},{\"@type\":\"ListItem\",\"position\":3,\"name\":\"New Balance 2002R Protection Pack Light Arctic Grey Purple\"}]},{\"@type\":\"WebSite\",\"@id\":\"https:\\\/\\\/shezamme.com\\\/#website\",\"url\":\"https:\\\/\\\/shezamme.com\\\/\",\"name\":\"SHEZAMME - Sneakersy, Streetwear i luksusowe marki\",\"description\":\"Oryginalne i ekskluzywne przedmioty w jednym miejscu. Sprawd\u017a nasze produkty ju\u017c teraz i b\u0105d\u017a na bie\u017c\u0105co z wszystkimi premierami.\",\"publisher\":{\"@id\":\"https:\\\/\\\/shezamme.com\\\/#organization\"},\"potentialAction\":[{\"@type\":\"SearchAction\",\"target\":{\"@type\":\"EntryPoint\",\"urlTemplate\":\"https:\\\/\\\/shezamme.com\\\/?s={search_term_string}\"},\"query-input\":{\"@type\":\"PropertyValueSpecification\",\"valueRequired\":true,\"valueName\":\"search_term_string\"}}],\"inLanguage\":\"en-US\"},{\"@type\":\"Organization\",\"@id\":\"https:\\\/\\\/shezamme.com\\\/#organization\",\"name\":\"SHEZAMME - Sneakersy, Streetwear i luksusowe marki\",\"url\":\"https:\\\/\\\/shezamme.com\\\/\",\"logo\":{\"@type\":\"ImageObject\",\"inLanguage\":\"en-US\",\"@id\":\"https:\\\/\\\/shezamme.com\\\/#\\\/schema\\\/logo\\\/image\\\/\",\"url\":\"https:\\\/\\\/shezamme.com\\\/wp-content\\\/uploads\\\/2023\\\/02\\\/0x0.png\",\"contentUrl\":\"https:\\\/\\\/shezamme.com\\\/wp-content\\\/uploads\\\/2023\\\/02\\\/0x0.png\",\"width\":2000,\"height\":2000,\"caption\":\"SHEZAMME - Sneakersy, Streetwear i luksusowe marki\"},\"image\":{\"@id\":\"https:\\\/\\\/shezamme.com\\\/#\\\/schema\\\/logo\\\/image\\\/\"},\"sameAs\":[\"https:\\\/\\\/www.facebook.com\\\/SHEZAMME\\\/\",\"https:\\\/\\\/x.com\\\/SHEZAMME\",\"https:\\\/\\\/www.instagram.com\\\/shezamme\\\/\",\"https:\\\/\\\/www.youtube.com\\\/channel\\\/UCsTJxi_9fODHdO_1bmJbqvQ\",\"https:\\\/\\\/www.tiktok.com\\\/shezamme.com\"]}]}<\/script>\n<!-- \/ Yoast SEO plugin. -->","yoast_head_json":{"title":"New Balance 2002R Protection Pack Light Arctic Grey Purple - SHEZAMME","description":"New Balance 2002R Protection Pack Light Arctic Grey Purple | Luksusowe i autentyczne przedmioty w jednym miejscu. B\u0105d\u017a na bie\u017c\u0105co i sprawd\u017a nasz\u0105 ofert\u0119 ju\u017c teraz","robots":{"index":"index","follow":"follow","max-snippet":"max-snippet:-1","max-image-preview":"max-image-preview:large","max-video-preview":"max-video-preview:-1"},"canonical":"https:\/\/shezamme.com\/en\/sklep\/sneakers-2\/new-balance\/new-balance-2002r\/new-balance-2002r-protection-pack-light-arctic-grey-purple\/","og_locale":"en_US","og_type":"article","og_title":"New Balance 2002R Protection Pack Light Arctic Grey Purple - SHEZAMME","og_description":"New Balance 2002R Protection Pack Light Arctic Grey Purple | Luksusowe i autentyczne przedmioty w jednym miejscu. B\u0105d\u017a na bie\u017c\u0105co i sprawd\u017a nasz\u0105 ofert\u0119 ju\u017c teraz","og_url":"https:\/\/shezamme.com\/en\/sklep\/sneakers-2\/new-balance\/new-balance-2002r\/new-balance-2002r-protection-pack-light-arctic-grey-purple\/","og_site_name":"SHEZAMME - Yeezy, Jordan, Supreme i inne oryginalne rzeczy","article_publisher":"https:\/\/www.facebook.com\/SHEZAMME\/","article_modified_time":"2025-04-01T16:54:52+00:00","og_image":[{"width":1170,"height":1030,"url":"https:\/\/shezamme.com\/wp-content\/uploads\/2023\/02\/IMG_6752.jpg","type":"image\/jpeg"}],"twitter_card":"summary_large_image","twitter_site":"@SHEZAMME","twitter_misc":{"Est. reading time":"1 minute"},"schema":{"@context":"https:\/\/schema.org","@graph":[{"@type":"WebPage","@id":"https:\/\/shezamme.com\/sklep\/buty\/new-balance\/new-balance-2002r\/new-balance-2002r-protection-pack-light-arctic-grey-purple\/","url":"https:\/\/shezamme.com\/sklep\/buty\/new-balance\/new-balance-2002r\/new-balance-2002r-protection-pack-light-arctic-grey-purple\/","name":"New Balance 2002R Protection Pack Light Arctic Grey Purple - SHEZAMME","isPartOf":{"@id":"https:\/\/shezamme.com\/#website"},"primaryImageOfPage":{"@id":"https:\/\/shezamme.com\/sklep\/buty\/new-balance\/new-balance-2002r\/new-balance-2002r-protection-pack-light-arctic-grey-purple\/#primaryimage"},"image":{"@id":"https:\/\/shezamme.com\/sklep\/buty\/new-balance\/new-balance-2002r\/new-balance-2002r-protection-pack-light-arctic-grey-purple\/#primaryimage"},"thumbnailUrl":"https:\/\/shezamme.com\/wp-content\/uploads\/2023\/02\/IMG_6752.jpg","datePublished":"2023-02-23T16:03:12+00:00","dateModified":"2025-04-01T16:54:52+00:00","description":"New Balance 2002R Protection Pack Light Arctic Grey Purple | Luksusowe i autentyczne przedmioty w jednym miejscu. B\u0105d\u017a na bie\u017c\u0105co i sprawd\u017a nasz\u0105 ofert\u0119 ju\u017c teraz","breadcrumb":{"@id":"https:\/\/shezamme.com\/sklep\/buty\/new-balance\/new-balance-2002r\/new-balance-2002r-protection-pack-light-arctic-grey-purple\/#breadcrumb"},"inLanguage":"en-US","potentialAction":[{"@type":"ReadAction","target":["https:\/\/shezamme.com\/sklep\/buty\/new-balance\/new-balance-2002r\/new-balance-2002r-protection-pack-light-arctic-grey-purple\/"]}]},{"@type":"ImageObject","inLanguage":"en-US","@id":"https:\/\/shezamme.com\/sklep\/buty\/new-balance\/new-balance-2002r\/new-balance-2002r-protection-pack-light-arctic-grey-purple\/#primaryimage","url":"https:\/\/shezamme.com\/wp-content\/uploads\/2023\/02\/IMG_6752.jpg","contentUrl":"https:\/\/shezamme.com\/wp-content\/uploads\/2023\/02\/IMG_6752.jpg","width":1170,"height":1030,"caption":"New Balance 2002R Protection Pack Light Arctic Grey Purple"},{"@type":"BreadcrumbList","@id":"https:\/\/shezamme.com\/sklep\/buty\/new-balance\/new-balance-2002r\/new-balance-2002r-protection-pack-light-arctic-grey-purple\/#breadcrumb","itemListElement":[{"@type":"ListItem","position":1,"name":"Strona g\u0142\u00f3wna","item":"https:\/\/shezamme.com\/"},{"@type":"ListItem","position":2,"name":"Sklep","item":"https:\/\/shezamme.com\/en\/sklep\/"},{"@type":"ListItem","position":3,"name":"New Balance 2002R Protection Pack Light Arctic Grey Purple"}]},{"@type":"WebSite","@id":"https:\/\/shezamme.com\/#website","url":"https:\/\/shezamme.com\/","name":"SHEZAMME - Sneakers, Streetwear and luxury brands","description":"Original and exclusive items in one place. Check out our products now and stay up to date with all launches.","publisher":{"@id":"https:\/\/shezamme.com\/#organization"},"potentialAction":[{"@type":"SearchAction","target":{"@type":"EntryPoint","urlTemplate":"https:\/\/shezamme.com\/?s={search_term_string}"},"query-input":{"@type":"PropertyValueSpecification","valueRequired":true,"valueName":"search_term_string"}}],"inLanguage":"en-US"},{"@type":"Organization","@id":"https:\/\/shezamme.com\/#organization","name":"SHEZAMME - Sneakers, Streetwear and luxury brands","url":"https:\/\/shezamme.com\/","logo":{"@type":"ImageObject","inLanguage":"en-US","@id":"https:\/\/shezamme.com\/#\/schema\/logo\/image\/","url":"https:\/\/shezamme.com\/wp-content\/uploads\/2023\/02\/0x0.png","contentUrl":"https:\/\/shezamme.com\/wp-content\/uploads\/2023\/02\/0x0.png","width":2000,"height":2000,"caption":"SHEZAMME - Sneakersy, Streetwear i luksusowe marki"},"image":{"@id":"https:\/\/shezamme.com\/#\/schema\/logo\/image\/"},"sameAs":["https:\/\/www.facebook.com\/SHEZAMME\/","https:\/\/x.com\/SHEZAMME","https:\/\/www.instagram.com\/shezamme\/","https:\/\/www.youtube.com\/channel\/UCsTJxi_9fODHdO_1bmJbqvQ","https:\/\/www.tiktok.com\/shezamme.com"]}]}},"brands":[{"id":769,"name":"New Balance","slug":"new-balance"}],"_links":{"self":[{"href":"https:\/\/shezamme.com\/en\/wp-json\/wp\/v2\/product\/22824","targetHints":{"allow":["GET"]}}],"collection":[{"href":"https:\/\/shezamme.com\/en\/wp-json\/wp\/v2\/product"}],"about":[{"href":"https:\/\/shezamme.com\/en\/wp-json\/wp\/v2\/types\/product"}],"wp:featuredmedia":[{"embeddable":true,"href":"https:\/\/shezamme.com\/en\/wp-json\/wp\/v2\/media\/22838"}],"wp:attachment":[{"href":"https:\/\/shezamme.com\/en\/wp-json\/wp\/v2\/media?parent=22824"}],"wp:term":[{"taxonomy":"pwb-brand","embeddable":true,"href":"https:\/\/shezamme.com\/en\/wp-json\/wp\/v2\/pwb-brand?post=22824"},{"taxonomy":"product_brand","embeddable":true,"href":"https:\/\/shezamme.com\/en\/wp-json\/wp\/v2\/product_brand?post=22824"},{"taxonomy":"product_cat","embeddable":true,"href":"https:\/\/shezamme.com\/en\/wp-json\/wp\/v2\/product_cat?post=22824"},{"taxonomy":"product_tag","embeddable":true,"href":"https:\/\/shezamme.com\/en\/wp-json\/wp\/v2\/product_tag?post=22824"}],"curies":[{"name":"wp","href":"https:\/\/api.w.org\/{rel}","templated":true}]}}