{"id":228162,"date":"2026-04-30T13:20:15","date_gmt":"2026-04-30T11:20:15","guid":{"rendered":"https:\/\/shezamme.com\/?post_type=product&#038;p=228162"},"modified":"2026-04-30T13:20:16","modified_gmt":"2026-04-30T11:20:16","slug":"fear-of-god-essentials-1977-set-dark-oatmeal","status":"publish","type":"product","link":"https:\/\/shezamme.com\/en\/sklep\/zestawy\/zestaw-essentials\/fear-of-god-essentials-1977-set-dark-oatmeal\/","title":{"rendered":"Fear of God Essentials 1977 Set Dark Oatmeal"},"content":{"rendered":"<h2 data-section-id=\"159w95t\" data-start=\"392\" data-end=\"478\"><span role=\"text\"><strong data-start=\"395\" data-end=\"478\">Fear of God Essentials 1977 Set Dark Oatmeal \u2013 nowoczesny komplet z charakterem<\/strong><\/span><\/h2>\n<p data-start=\"479\" data-end=\"1049\"><strong data-start=\"479\" data-end=\"527\">Fear of God Essentials 1977 Set Dark Oatmeal<\/strong> to propozycja dla os\u00f3b, kt\u00f3re szukaj\u0105 <strong data-start=\"566\" data-end=\"669\">sp\u00f3jnego zestawu \u0142\u0105cz\u0105cego wygod\u0119, minimalistyczny wygl\u0105d i dopracowan\u0105 estetyk\u0119 premium streetwear<\/strong>. W komplecie znajduje si\u0119 <strong data-start=\"696\" data-end=\"730\">koszulka oraz kr\u00f3tkie spodenki<\/strong>, dzi\u0119ki czemu ca\u0142o\u015b\u0107 tworzy gotowy outfit na cieplejsze dni. Odcie\u0144 Dark Oatmeal nadaje zestawowi spokojnego, naturalnego charakteru, a motyw <strong data-start=\"873\" data-end=\"881\">1977<\/strong> sprawia, \u017ce komplet zyskuje rozpoznawalny detal i mocniejsz\u0105 to\u017csamo\u015b\u0107 wizualn\u0105. To set dla tych, kt\u00f3rzy chc\u0105 wygl\u0105da\u0107 stylowo, ale bez przesadnie agresywnego designu.<\/p>\n<h2 data-section-id=\"1p65s7c\" data-start=\"1051\" data-end=\"1114\"><span role=\"text\"><strong data-start=\"1054\" data-end=\"1114\">Dark Oatmeal jako spokojna i dopracowana baza stylizacji<\/strong><\/span><\/h2>\n<p data-start=\"1115\" data-end=\"1656\">Jednym z najwi\u0119kszych atut\u00f3w tego modelu jest <strong data-start=\"1161\" data-end=\"1183\">kolor Dark Oatmeal<\/strong>, kt\u00f3ry bardzo dobrze odnajduje si\u0119 w nowoczesnej garderobie. To odcie\u0144 ciep\u0142y, stonowany i bardzo estetyczny, dzi\u0119ki czemu komplet wygl\u0105da \u015bwie\u017co, naturalnie i bardziej mi\u0119kko ni\u017c klasyczna szaro\u015b\u0107 czy czer\u0144. Dark Oatmeal bardzo dobrze wsp\u00f3\u0142gra z biel\u0105, be\u017cem, oliwk\u0105, czerni\u0105, denimem i innymi neutralnymi tonami, co daje du\u017c\u0105 swobod\u0119 stylizowania. To kolor dla os\u00f3b, kt\u00f3re chc\u0105 postawi\u0107 na co\u015b spokojnego, ale bardziej charakterystycznego ni\u017c standardowe odcienie basic.<\/p>\n<h2 data-section-id=\"1abqmka\" data-start=\"1658\" data-end=\"1715\"><span role=\"text\"><strong data-start=\"1661\" data-end=\"1715\">Motyw 1977, kt\u00f3ry nadaje setowi rozpoznawalny styl<\/strong><\/span><\/h2>\n<p data-start=\"1716\" data-end=\"2286\">Najmocniejszym detalem tego zestawu jest <strong data-start=\"1757\" data-end=\"1771\">motyw 1977<\/strong>, kt\u00f3ry buduje jego charakter i sprawia, \u017ce komplet nie wygl\u0105da jak zwyk\u0142y basicowy set na lato. To element wyra\u017anie kojarzony z estetyk\u0105 Fear of God Essentials, dzi\u0119ki czemu zar\u00f3wno koszulka, jak i kr\u00f3tkie spodenki zyskuj\u0105 bardziej dopracowany i rozpoznawalny wygl\u0105d. Ten detal sprawia, \u017ce set zachowuje minimalistyczny styl, ale jednocze\u015bnie ma w sobie co\u015b bardziej \u015bwiadomego i kolekcjonerskiego. To bardzo dobry wyb\u00f3r dla os\u00f3b, kt\u00f3re ceni\u0105 prostot\u0119, ale nie chc\u0105 rezygnowa\u0107 z elementu nadaj\u0105cego ubraniom wyraz.<\/p>\n<h2 data-section-id=\"a2jfke\" data-start=\"2288\" data-end=\"2352\"><span role=\"text\"><strong data-start=\"2291\" data-end=\"2352\">Koszulka i szorty stworzone z my\u015bl\u0105 o codziennej wygodzie<\/strong><\/span><\/h2>\n<p data-start=\"2353\" data-end=\"2895\">Ten komplet zosta\u0142 zaprojektowany z my\u015bl\u0105 o <strong data-start=\"2397\" data-end=\"2453\">komforcie, swobodzie ruch\u00f3w i regularnym u\u017cytkowaniu<\/strong>. Koszulka dobrze sprawdza si\u0119 podczas codziennych wyj\u015b\u0107, podr\u00f3\u017cy, spacer\u00f3w czy lu\u017anych spotka\u0144, a kr\u00f3tkie spodenki zapewniaj\u0105 wygod\u0119 szczeg\u00f3lnie w cieplejszym sezonie. Razem tworz\u0105 lekki, funkcjonalny outfit, kt\u00f3ry mo\u017cna za\u0142o\u017cy\u0107 bez zb\u0119dnego zastanawiania si\u0119 nad doborem kolejnych element\u00f3w. Jednocze\u015bnie oba produkty dobrze funkcjonuj\u0105 tak\u017ce osobno &#8211; koszulk\u0119 mo\u017cna zestawi\u0107 z jeansami lub dresami, a szorty z prostym T-shirtem lub hoodie.<\/p>","protected":false},"excerpt":{"rendered":"<h2 data-section-id=\"2feeyu\" data-start=\"2897\" data-end=\"2947\"><span role=\"text\"><strong data-start=\"2900\" data-end=\"2947\">Streetwear premium w lekkim, letnim wydaniu<\/strong><\/span><\/h2>\n<p data-start=\"2948\" data-end=\"3413\" data-is-last-node=\"\" data-is-only-node=\"\">Najwi\u0119ksz\u0105 si\u0142\u0105 tego modelu jest po\u0142\u0105czenie <strong data-start=\"2992\" data-end=\"3069\">koloru Dark Oatmeal, motywu 1977 oraz wygodnego fasonu koszulki i szort\u00f3w<\/strong>. To komplet, kt\u00f3ry wygl\u0105da nowocze\u015bnie, jest bardzo praktyczny i \u015bwietnie wpisuje si\u0119 w codzienny styl premium streetwear. <strong data-start=\"3193\" data-end=\"3241\">Fear of God Essentials 1977 Set Dark Oatmeal<\/strong> b\u0119dzie \u015bwietnym wyborem dla os\u00f3b, kt\u00f3re chc\u0105 postawi\u0107 na gotowy zestaw o dopracowanym charakterze, idealny na lato, wyjazdy, codzienne wyj\u015bcia i lu\u017ane miejskie stylizacje.<\/p>","protected":false},"featured_media":228116,"template":"","meta":{"_acf_changed":false,"_yoast_wpseo_focuskw":"Fear of God Essentials 1977 Set Dark Oatmeal","_yoast_wpseo_title":"","_yoast_wpseo_metadesc":""},"pwb-brand":[775],"product_brand":[],"product_cat":[140,1098,81,1099,903,1220,1212],"product_tag":[1008,1009],"class_list":{"0":"post-228162","1":"product","2":"type-product","3":"status-publish","4":"has-post-thumbnail","6":"pwb-brand-fear-of-god","7":"product_cat-koszulki","8":"product_cat-koszulki-fear-of-god","9":"product_cat-spodnie","10":"product_cat-spodnie-fear-of-god","11":"product_cat-wszystkie-koszulki","12":"product_cat-zestaw-essentials","13":"product_cat-zestawy","14":"product_tag-kobieta","15":"product_tag-mezczyzna","16":"pa_rozmiar-ubrania-l","17":"pa_rozmiar-ubrania-xl","18":"pa_rozmiar-ubrania-xs","20":"first","21":"onbackorder","22":"sale","23":"taxable","24":"shipping-taxable","25":"purchasable","26":"product-type-variable"},"acf":[],"yoast_head":"<!-- This site is optimized with the Yoast SEO plugin v27.4 - https:\/\/yoast.com\/product\/yoast-seo-wordpress\/ -->\n<title>Fear of God Essentials 1977 Set Dark Oatmeal - SHEZAMME<\/title>\n<meta name=\"description\" content=\"Fear of God Essentials 1977 Set Dark Oatmeal | Luksusowe i autentyczne przedmioty w jednym miejscu. B\u0105d\u017a na bie\u017c\u0105co i sprawd\u017a nasz\u0105 ofert\u0119 ju\u017c teraz\" \/>\n<meta name=\"robots\" content=\"index, follow, max-snippet:-1, max-image-preview:large, max-video-preview:-1\" \/>\n<link rel=\"canonical\" href=\"https:\/\/shezamme.com\/en\/sklep\/zestawy\/zestaw-essentials\/fear-of-god-essentials-1977-set-dark-oatmeal\/\" \/>\n<meta property=\"og:locale\" content=\"en_US\" \/>\n<meta property=\"og:type\" content=\"article\" \/>\n<meta property=\"og:title\" content=\"Fear of God Essentials 1977 Set Dark Oatmeal - SHEZAMME\" \/>\n<meta property=\"og:description\" content=\"Fear of God Essentials 1977 Set Dark Oatmeal | Luksusowe i autentyczne przedmioty w jednym miejscu. B\u0105d\u017a na bie\u017c\u0105co i sprawd\u017a nasz\u0105 ofert\u0119 ju\u017c teraz\" \/>\n<meta property=\"og:url\" content=\"https:\/\/shezamme.com\/en\/sklep\/zestawy\/zestaw-essentials\/fear-of-god-essentials-1977-set-dark-oatmeal\/\" \/>\n<meta property=\"og:site_name\" content=\"SHEZAMME - Yeezy, Jordan, Supreme i inne oryginalne rzeczy\" \/>\n<meta property=\"article:publisher\" content=\"https:\/\/www.facebook.com\/SHEZAMME\/\" \/>\n<meta property=\"article:modified_time\" content=\"2026-04-30T11:20:16+00:00\" \/>\n<meta property=\"og:image\" content=\"https:\/\/shezamme.com\/wp-content\/uploads\/2026\/04\/Fear-of-God-Essentials-1977-Set-Dark-Oatmeal.webp\" \/>\n\t<meta property=\"og:image:width\" content=\"1080\" \/>\n\t<meta property=\"og:image:height\" content=\"1080\" \/>\n\t<meta property=\"og:image:type\" content=\"image\/webp\" \/>\n<meta name=\"twitter:card\" content=\"summary_large_image\" \/>\n<meta name=\"twitter:site\" content=\"@SHEZAMME\" \/>\n<meta name=\"twitter:label1\" content=\"Est. reading time\" \/>\n\t<meta name=\"twitter:data1\" content=\"2 minutes\" \/>\n<script type=\"application\/ld+json\" class=\"yoast-schema-graph\">{\"@context\":\"https:\\\/\\\/schema.org\",\"@graph\":[{\"@type\":\"WebPage\",\"@id\":\"https:\\\/\\\/shezamme.com\\\/sklep\\\/zestawy\\\/zestaw-essentials\\\/fear-of-god-essentials-1977-set-dark-oatmeal\\\/\",\"url\":\"https:\\\/\\\/shezamme.com\\\/sklep\\\/zestawy\\\/zestaw-essentials\\\/fear-of-god-essentials-1977-set-dark-oatmeal\\\/\",\"name\":\"Fear of God Essentials 1977 Set Dark Oatmeal - SHEZAMME\",\"isPartOf\":{\"@id\":\"https:\\\/\\\/shezamme.com\\\/#website\"},\"primaryImageOfPage\":{\"@id\":\"https:\\\/\\\/shezamme.com\\\/sklep\\\/zestawy\\\/zestaw-essentials\\\/fear-of-god-essentials-1977-set-dark-oatmeal\\\/#primaryimage\"},\"image\":{\"@id\":\"https:\\\/\\\/shezamme.com\\\/sklep\\\/zestawy\\\/zestaw-essentials\\\/fear-of-god-essentials-1977-set-dark-oatmeal\\\/#primaryimage\"},\"thumbnailUrl\":\"https:\\\/\\\/shezamme.com\\\/wp-content\\\/uploads\\\/2026\\\/04\\\/Fear-of-God-Essentials-1977-Set-Dark-Oatmeal.webp\",\"datePublished\":\"2026-04-30T11:20:15+00:00\",\"dateModified\":\"2026-04-30T11:20:16+00:00\",\"description\":\"Fear of God Essentials 1977 Set Dark Oatmeal | Luksusowe i autentyczne przedmioty w jednym miejscu. B\u0105d\u017a na bie\u017c\u0105co i sprawd\u017a nasz\u0105 ofert\u0119 ju\u017c teraz\",\"breadcrumb\":{\"@id\":\"https:\\\/\\\/shezamme.com\\\/sklep\\\/zestawy\\\/zestaw-essentials\\\/fear-of-god-essentials-1977-set-dark-oatmeal\\\/#breadcrumb\"},\"inLanguage\":\"en-US\",\"potentialAction\":[{\"@type\":\"ReadAction\",\"target\":[\"https:\\\/\\\/shezamme.com\\\/sklep\\\/zestawy\\\/zestaw-essentials\\\/fear-of-god-essentials-1977-set-dark-oatmeal\\\/\"]}]},{\"@type\":\"ImageObject\",\"inLanguage\":\"en-US\",\"@id\":\"https:\\\/\\\/shezamme.com\\\/sklep\\\/zestawy\\\/zestaw-essentials\\\/fear-of-god-essentials-1977-set-dark-oatmeal\\\/#primaryimage\",\"url\":\"https:\\\/\\\/shezamme.com\\\/wp-content\\\/uploads\\\/2026\\\/04\\\/Fear-of-God-Essentials-1977-Set-Dark-Oatmeal.webp\",\"contentUrl\":\"https:\\\/\\\/shezamme.com\\\/wp-content\\\/uploads\\\/2026\\\/04\\\/Fear-of-God-Essentials-1977-Set-Dark-Oatmeal.webp\",\"width\":1080,\"height\":1080,\"caption\":\"Fear of God Essentials 1977 Set Dark Oatmeal\"},{\"@type\":\"BreadcrumbList\",\"@id\":\"https:\\\/\\\/shezamme.com\\\/sklep\\\/zestawy\\\/zestaw-essentials\\\/fear-of-god-essentials-1977-set-dark-oatmeal\\\/#breadcrumb\",\"itemListElement\":[{\"@type\":\"ListItem\",\"position\":1,\"name\":\"Strona g\u0142\u00f3wna\",\"item\":\"https:\\\/\\\/shezamme.com\\\/\"},{\"@type\":\"ListItem\",\"position\":2,\"name\":\"Sklep\",\"item\":\"https:\\\/\\\/shezamme.com\\\/en\\\/sklep\\\/\"},{\"@type\":\"ListItem\",\"position\":3,\"name\":\"Fear of God Essentials 1977 Set Dark Oatmeal\"}]},{\"@type\":\"WebSite\",\"@id\":\"https:\\\/\\\/shezamme.com\\\/#website\",\"url\":\"https:\\\/\\\/shezamme.com\\\/\",\"name\":\"SHEZAMME - Sneakersy, Streetwear i luksusowe marki\",\"description\":\"Oryginalne i ekskluzywne przedmioty w jednym miejscu. Sprawd\u017a nasze produkty ju\u017c teraz i b\u0105d\u017a na bie\u017c\u0105co z wszystkimi premierami.\",\"publisher\":{\"@id\":\"https:\\\/\\\/shezamme.com\\\/#organization\"},\"potentialAction\":[{\"@type\":\"SearchAction\",\"target\":{\"@type\":\"EntryPoint\",\"urlTemplate\":\"https:\\\/\\\/shezamme.com\\\/?s={search_term_string}\"},\"query-input\":{\"@type\":\"PropertyValueSpecification\",\"valueRequired\":true,\"valueName\":\"search_term_string\"}}],\"inLanguage\":\"en-US\"},{\"@type\":\"Organization\",\"@id\":\"https:\\\/\\\/shezamme.com\\\/#organization\",\"name\":\"SHEZAMME - Sneakersy, Streetwear i luksusowe marki\",\"url\":\"https:\\\/\\\/shezamme.com\\\/\",\"logo\":{\"@type\":\"ImageObject\",\"inLanguage\":\"en-US\",\"@id\":\"https:\\\/\\\/shezamme.com\\\/#\\\/schema\\\/logo\\\/image\\\/\",\"url\":\"https:\\\/\\\/shezamme.com\\\/wp-content\\\/uploads\\\/2023\\\/02\\\/0x0.png\",\"contentUrl\":\"https:\\\/\\\/shezamme.com\\\/wp-content\\\/uploads\\\/2023\\\/02\\\/0x0.png\",\"width\":2000,\"height\":2000,\"caption\":\"SHEZAMME - Sneakersy, Streetwear i luksusowe marki\"},\"image\":{\"@id\":\"https:\\\/\\\/shezamme.com\\\/#\\\/schema\\\/logo\\\/image\\\/\"},\"sameAs\":[\"https:\\\/\\\/www.facebook.com\\\/SHEZAMME\\\/\",\"https:\\\/\\\/x.com\\\/SHEZAMME\",\"https:\\\/\\\/www.instagram.com\\\/shezamme\\\/\",\"https:\\\/\\\/www.youtube.com\\\/channel\\\/UCsTJxi_9fODHdO_1bmJbqvQ\",\"https:\\\/\\\/www.tiktok.com\\\/shezamme.com\"]}]}<\/script>\n<!-- \/ Yoast SEO plugin. -->","yoast_head_json":{"title":"Fear of God Essentials 1977 Set Dark Oatmeal - SHEZAMME","description":"Fear of God Essentials 1977 Set Dark Oatmeal | Luksusowe i autentyczne przedmioty w jednym miejscu. B\u0105d\u017a na bie\u017c\u0105co i sprawd\u017a nasz\u0105 ofert\u0119 ju\u017c teraz","robots":{"index":"index","follow":"follow","max-snippet":"max-snippet:-1","max-image-preview":"max-image-preview:large","max-video-preview":"max-video-preview:-1"},"canonical":"https:\/\/shezamme.com\/en\/sklep\/zestawy\/zestaw-essentials\/fear-of-god-essentials-1977-set-dark-oatmeal\/","og_locale":"en_US","og_type":"article","og_title":"Fear of God Essentials 1977 Set Dark Oatmeal - SHEZAMME","og_description":"Fear of God Essentials 1977 Set Dark Oatmeal | Luksusowe i autentyczne przedmioty w jednym miejscu. B\u0105d\u017a na bie\u017c\u0105co i sprawd\u017a nasz\u0105 ofert\u0119 ju\u017c teraz","og_url":"https:\/\/shezamme.com\/en\/sklep\/zestawy\/zestaw-essentials\/fear-of-god-essentials-1977-set-dark-oatmeal\/","og_site_name":"SHEZAMME - Yeezy, Jordan, Supreme i inne oryginalne rzeczy","article_publisher":"https:\/\/www.facebook.com\/SHEZAMME\/","article_modified_time":"2026-04-30T11:20:16+00:00","og_image":[{"width":1080,"height":1080,"url":"https:\/\/shezamme.com\/wp-content\/uploads\/2026\/04\/Fear-of-God-Essentials-1977-Set-Dark-Oatmeal.webp","type":"image\/webp"}],"twitter_card":"summary_large_image","twitter_site":"@SHEZAMME","twitter_misc":{"Est. reading time":"2 minutes"},"schema":{"@context":"https:\/\/schema.org","@graph":[{"@type":"WebPage","@id":"https:\/\/shezamme.com\/sklep\/zestawy\/zestaw-essentials\/fear-of-god-essentials-1977-set-dark-oatmeal\/","url":"https:\/\/shezamme.com\/sklep\/zestawy\/zestaw-essentials\/fear-of-god-essentials-1977-set-dark-oatmeal\/","name":"Fear of God Essentials 1977 Set Dark Oatmeal - SHEZAMME","isPartOf":{"@id":"https:\/\/shezamme.com\/#website"},"primaryImageOfPage":{"@id":"https:\/\/shezamme.com\/sklep\/zestawy\/zestaw-essentials\/fear-of-god-essentials-1977-set-dark-oatmeal\/#primaryimage"},"image":{"@id":"https:\/\/shezamme.com\/sklep\/zestawy\/zestaw-essentials\/fear-of-god-essentials-1977-set-dark-oatmeal\/#primaryimage"},"thumbnailUrl":"https:\/\/shezamme.com\/wp-content\/uploads\/2026\/04\/Fear-of-God-Essentials-1977-Set-Dark-Oatmeal.webp","datePublished":"2026-04-30T11:20:15+00:00","dateModified":"2026-04-30T11:20:16+00:00","description":"Fear of God Essentials 1977 Set Dark Oatmeal | Luksusowe i autentyczne przedmioty w jednym miejscu. B\u0105d\u017a na bie\u017c\u0105co i sprawd\u017a nasz\u0105 ofert\u0119 ju\u017c teraz","breadcrumb":{"@id":"https:\/\/shezamme.com\/sklep\/zestawy\/zestaw-essentials\/fear-of-god-essentials-1977-set-dark-oatmeal\/#breadcrumb"},"inLanguage":"en-US","potentialAction":[{"@type":"ReadAction","target":["https:\/\/shezamme.com\/sklep\/zestawy\/zestaw-essentials\/fear-of-god-essentials-1977-set-dark-oatmeal\/"]}]},{"@type":"ImageObject","inLanguage":"en-US","@id":"https:\/\/shezamme.com\/sklep\/zestawy\/zestaw-essentials\/fear-of-god-essentials-1977-set-dark-oatmeal\/#primaryimage","url":"https:\/\/shezamme.com\/wp-content\/uploads\/2026\/04\/Fear-of-God-Essentials-1977-Set-Dark-Oatmeal.webp","contentUrl":"https:\/\/shezamme.com\/wp-content\/uploads\/2026\/04\/Fear-of-God-Essentials-1977-Set-Dark-Oatmeal.webp","width":1080,"height":1080,"caption":"Fear of God Essentials 1977 Set Dark Oatmeal"},{"@type":"BreadcrumbList","@id":"https:\/\/shezamme.com\/sklep\/zestawy\/zestaw-essentials\/fear-of-god-essentials-1977-set-dark-oatmeal\/#breadcrumb","itemListElement":[{"@type":"ListItem","position":1,"name":"Strona g\u0142\u00f3wna","item":"https:\/\/shezamme.com\/"},{"@type":"ListItem","position":2,"name":"Sklep","item":"https:\/\/shezamme.com\/en\/sklep\/"},{"@type":"ListItem","position":3,"name":"Fear of God Essentials 1977 Set Dark Oatmeal"}]},{"@type":"WebSite","@id":"https:\/\/shezamme.com\/#website","url":"https:\/\/shezamme.com\/","name":"SHEZAMME - Sneakers, Streetwear and luxury brands","description":"Original and exclusive items in one place. Check out our products now and stay up to date with all launches.","publisher":{"@id":"https:\/\/shezamme.com\/#organization"},"potentialAction":[{"@type":"SearchAction","target":{"@type":"EntryPoint","urlTemplate":"https:\/\/shezamme.com\/?s={search_term_string}"},"query-input":{"@type":"PropertyValueSpecification","valueRequired":true,"valueName":"search_term_string"}}],"inLanguage":"en-US"},{"@type":"Organization","@id":"https:\/\/shezamme.com\/#organization","name":"SHEZAMME - Sneakers, Streetwear and luxury brands","url":"https:\/\/shezamme.com\/","logo":{"@type":"ImageObject","inLanguage":"en-US","@id":"https:\/\/shezamme.com\/#\/schema\/logo\/image\/","url":"https:\/\/shezamme.com\/wp-content\/uploads\/2023\/02\/0x0.png","contentUrl":"https:\/\/shezamme.com\/wp-content\/uploads\/2023\/02\/0x0.png","width":2000,"height":2000,"caption":"SHEZAMME - Sneakersy, Streetwear i luksusowe marki"},"image":{"@id":"https:\/\/shezamme.com\/#\/schema\/logo\/image\/"},"sameAs":["https:\/\/www.facebook.com\/SHEZAMME\/","https:\/\/x.com\/SHEZAMME","https:\/\/www.instagram.com\/shezamme\/","https:\/\/www.youtube.com\/channel\/UCsTJxi_9fODHdO_1bmJbqvQ","https:\/\/www.tiktok.com\/shezamme.com"]}]}},"brands":[{"id":775,"name":"Fear of God","slug":"fear-of-god"}],"_links":{"self":[{"href":"https:\/\/shezamme.com\/en\/wp-json\/wp\/v2\/product\/228162","targetHints":{"allow":["GET"]}}],"collection":[{"href":"https:\/\/shezamme.com\/en\/wp-json\/wp\/v2\/product"}],"about":[{"href":"https:\/\/shezamme.com\/en\/wp-json\/wp\/v2\/types\/product"}],"wp:featuredmedia":[{"embeddable":true,"href":"https:\/\/shezamme.com\/en\/wp-json\/wp\/v2\/media\/228116"}],"wp:attachment":[{"href":"https:\/\/shezamme.com\/en\/wp-json\/wp\/v2\/media?parent=228162"}],"wp:term":[{"taxonomy":"pwb-brand","embeddable":true,"href":"https:\/\/shezamme.com\/en\/wp-json\/wp\/v2\/pwb-brand?post=228162"},{"taxonomy":"product_brand","embeddable":true,"href":"https:\/\/shezamme.com\/en\/wp-json\/wp\/v2\/product_brand?post=228162"},{"taxonomy":"product_cat","embeddable":true,"href":"https:\/\/shezamme.com\/en\/wp-json\/wp\/v2\/product_cat?post=228162"},{"taxonomy":"product_tag","embeddable":true,"href":"https:\/\/shezamme.com\/en\/wp-json\/wp\/v2\/product_tag?post=228162"}],"curies":[{"name":"wp","href":"https:\/\/api.w.org\/{rel}","templated":true}]}}