{"id":226975,"date":"2026-04-19T18:39:10","date_gmt":"2026-04-19T16:39:10","guid":{"rendered":"https:\/\/shezamme.com\/?post_type=product&#038;p=226975"},"modified":"2026-04-19T18:39:11","modified_gmt":"2026-04-19T16:39:11","slug":"fear-of-god-essentials-military-fleece-hoodie","status":"publish","type":"product","link":"https:\/\/shezamme.com\/en\/sklep\/bluzy\/wszystkie-bluzy\/fear-of-god-essentials-military-fleece-hoodie\/","title":{"rendered":"Fear of God Essentials Military Fleece Hoodie"},"content":{"rendered":"<h2 data-section-id=\"1ow7l15\" data-start=\"376\" data-end=\"469\"><span role=\"text\"><strong data-start=\"379\" data-end=\"469\">Fear of God Essentials Military Fleece Hoodie \u2013 minimalistyczna bluza w mocnym kolorze<\/strong><\/span><\/h2>\n<p data-start=\"470\" data-end=\"1031\"><strong data-start=\"470\" data-end=\"519\">Fear of God Essentials Military Fleece Hoodie<\/strong> to model dla os\u00f3b, kt\u00f3re ceni\u0105 <strong data-start=\"551\" data-end=\"605\">wygod\u0119, nowoczesny minimalizm i streetwear premium<\/strong>. Odcie\u0144 Military nadaje tej bluzie bardziej wyrazistego, g\u0142\u0119bokiego charakteru, a jednocze\u015bnie pozostaje bardzo uniwersalny w codziennym noszeniu. To propozycja dla tych, kt\u00f3rzy lubi\u0105 spokojn\u0105 estetyk\u0119 Essentials, ale chc\u0105 odej\u015b\u0107 od najbardziej oczywistych kolor\u00f3w, takich jak czer\u0144, szaro\u015b\u0107 czy biel. Model dobrze odnajduje si\u0119 zar\u00f3wno w prostych outfitach casualowych, jak i w bardziej dopracowanych stylizacjach miejskich.<\/p>\n<h2 data-section-id=\"q7jvzm\" data-start=\"1033\" data-end=\"1103\"><span role=\"text\"><strong data-start=\"1036\" data-end=\"1103\">Kolor Military jako stylowa alternatywa dla klasycznych odcieni<\/strong><\/span><\/h2>\n<p data-start=\"1104\" data-end=\"1603\">Odcie\u0144 Military to jeden z tych kolor\u00f3w, kt\u00f3re \u015bwietnie pasuj\u0105 do estetyki Fear of God Essentials. Jest <strong data-start=\"1208\" data-end=\"1277\">stonowany, g\u0142\u0119boki i bardzo dobrze wsp\u00f3\u0142gra z neutraln\u0105 garderob\u0105<\/strong>. Bluza w tym kolorze dobrze wygl\u0105da z czerni\u0105, be\u017cem, szaro\u015bci\u0105, kremem, jasnym denimem oraz innymi ziemistymi tonami. Dzi\u0119ki temu daje du\u017c\u0105 swobod\u0119 stylizowania i pozwala budowa\u0107 sp\u00f3jne outfity bez przesadnego kombinowania. To kolor, kt\u00f3ry wygl\u0105da nowocze\u015bnie, dojrzale i bardzo dobrze wpisuje si\u0119 we wsp\u00f3\u0142czesny streetwear.<\/p>\n<h2 data-section-id=\"fp20n2\" data-start=\"1605\" data-end=\"1666\"><span role=\"text\"><strong data-start=\"1608\" data-end=\"1666\">Fleece hoodie stworzone z my\u015bl\u0105 o codziennym komforcie<\/strong><\/span><\/h2>\n<p data-start=\"1667\" data-end=\"2112\">Model typu fleece hoodie stawia przede wszystkim na <strong data-start=\"1719\" data-end=\"1768\">mi\u0119kko\u015b\u0107, wygod\u0119 i funkcjonalno\u015b\u0107 na co dzie\u0144<\/strong>. Bluza dobrze sprawdzi si\u0119 w ch\u0142odniejsze dni, podczas spacer\u00f3w, podr\u00f3\u017cy, spotka\u0144 ze znajomymi albo jako wa\u017cna warstwa codziennego outfitu. Kaptur wzmacnia praktyczny charakter modelu i jednocze\u015bnie nadaje mu klasyczny streetwearowy wygl\u0105d. To fason, kt\u00f3ry mo\u017cna nosi\u0107 regularnie, nie rezygnuj\u0105c przy tym z dopracowanego i estetycznego efektu.<\/p>\n<h2 data-section-id=\"t5mvht\" data-start=\"2114\" data-end=\"2181\"><span role=\"text\"><strong data-start=\"2117\" data-end=\"2181\">Jak stylizowa\u0107 Fear of God Essentials Military Fleece Hoodie<\/strong><\/span><\/h2>\n<p data-start=\"2182\" data-end=\"2663\">Ta bluza \u015bwietnie wygl\u0105da w po\u0142\u0105czeniu z <strong data-start=\"2223\" data-end=\"2316\">lu\u017anymi jeansami, spodniami dresowymi, cargo, szortami oraz minimalistycznymi sneakersami<\/strong>. Odcie\u0144 Military bardzo dobrze wsp\u00f3\u0142gra z jasnymi i ciemnymi elementami garderoby, dlatego mo\u017cna stworzy\u0107 zar\u00f3wno stonowany outfit, jak i bardziej kontrastow\u0105 stylizacj\u0119. Model sprawdzi si\u0119 tak\u017ce w warstwowych zestawach z kurtk\u0105, kamizelk\u0105 lub overshirtem. To bluza, kt\u00f3ra nadaje stylizacji spokojnego, nowoczesnego i bardziej premium charakteru.<\/p>\n<h2 data-section-id=\"1u3mj4v\" data-start=\"2665\" data-end=\"2702\"><span role=\"text\"><strong data-start=\"2668\" data-end=\"2702\">Dla kogo b\u0119dzie dobrym wyborem<\/strong><\/span><\/h2>\n<p data-start=\"2703\" data-end=\"3123\">To propozycja dla os\u00f3b, kt\u00f3re szukaj\u0105 <strong data-start=\"2741\" data-end=\"2837\">wygodnej bluzy z kapturem o minimalistycznym wygl\u0105dzie i mocniejszym kolorystycznym akcencie<\/strong>. Model sprawdzi si\u0119 u fan\u00f3w Fear of God Essentials, mi\u0142o\u015bnik\u00f3w neutralnych i ziemistych ton\u00f3w oraz os\u00f3b buduj\u0105cych garderob\u0119 opart\u0105 na prostych, uniwersalnych elementach. B\u0119dzie dobrym wyborem dla tych, kt\u00f3rzy ceni\u0105 streetwear bez przesady, ale z wyra\u017anym stylem i nowoczesn\u0105 estetyk\u0105.<\/p>","protected":false},"excerpt":{"rendered":"<div class=\"flex flex-col text-sm pb-25\">\n<section class=\"text-token-text-primary w-full focus:outline-none [--shadow-height:45px] has-data-writing-block:pointer-events-none has-data-writing-block:-mt-(--shadow-height) has-data-writing-block:pt-(--shadow-height) [&amp;:has([data-writing-block])&gt;*]:pointer-events-auto scroll-mt-[calc(var(--header-height)+min(200px,max(70px,20svh)))]\" dir=\"auto\" data-turn-id=\"request-69c12f57-d610-838e-a392-d3a9bf1e68eb-15\" data-testid=\"conversation-turn-204\" data-scroll-anchor=\"true\" data-turn=\"assistant\">\n<div class=\"text-base my-auto mx-auto pb-10 [--thread-content-margin:var(--thread-content-margin-xs,calc(var(--spacing)*4))] @w-sm\/main:[--thread-content-margin:var(--thread-content-margin-sm,calc(var(--spacing)*6))] @w-lg\/main:[--thread-content-margin:var(--thread-content-margin-lg,calc(var(--spacing)*16))] px-(--thread-content-margin)\">\n<div class=\"[--thread-content-max-width:40rem] @w-lg\/main:[--thread-content-max-width:48rem] mx-auto max-w-(--thread-content-max-width) flex-1 group\/turn-messages focus-visible:outline-hidden relative flex w-full min-w-0 flex-col agent-turn\">\n<div class=\"flex max-w-full flex-col gap-4 grow\">\n<div class=\"min-h-8 text-message relative flex w-full flex-col items-end gap-2 text-start break-words whitespace-normal outline-none keyboard-focused:focus-ring [.text-message+&amp;]:mt-1\" dir=\"auto\" data-message-author-role=\"assistant\" data-message-id=\"c8b93ae0-b41f-42e6-ba4f-753438af1e98\" data-message-model-slug=\"gpt-5-4-thinking\" data-turn-start-message=\"true\">\n<div class=\"flex w-full flex-col gap-1 empty:hidden\">\n<div class=\"markdown prose dark:prose-invert w-full wrap-break-word light markdown-new-styling\">\n<h2 data-section-id=\"15fjt9c\" data-start=\"3125\" data-end=\"3187\"><span role=\"text\"><strong data-start=\"3128\" data-end=\"3187\">Bluza Essentials, kt\u00f3ra \u0142\u0105czy wygod\u0119 i wyrazisty spok\u00f3j<\/strong><\/span><\/h2>\n<p data-start=\"3188\" data-end=\"3606\" data-is-last-node=\"\" data-is-only-node=\"\">Najwi\u0119ksz\u0105 si\u0142\u0105 tego modelu jest po\u0142\u0105czenie <strong data-start=\"3232\" data-end=\"3325\">mi\u0119kkiego fleece, charakterystycznego odcienia Military i estetyki Fear of God Essentials<\/strong>. To bluza, kt\u00f3ra wygl\u0105da nowocze\u015bnie, jest wygodna i bardzo \u0142atwo odnajduje si\u0119 w codziennej garderobie. <strong data-start=\"3431\" data-end=\"3480\">Fear of God Essentials Military Fleece Hoodie<\/strong> b\u0119dzie \u015bwietnym wyborem dla os\u00f3b, kt\u00f3re chc\u0105 postawi\u0107 na prosty, funkcjonalny i dopracowany model w stylu premium streetwear.<\/p>\n<\/div>\n<\/div>\n<\/div>\n<\/div>\n<\/div>\n<\/div>\n<\/section>\n<\/div>\n","protected":false},"featured_media":226768,"template":"","meta":{"_acf_changed":false,"_yoast_wpseo_focuskw":"Fear of God Essentials Military Fleece Hoodie","_yoast_wpseo_title":"","_yoast_wpseo_metadesc":""},"pwb-brand":[775],"product_brand":[],"product_cat":[113,976,929],"product_tag":[1008,1009],"class_list":{"0":"post-226975","1":"product","2":"type-product","3":"status-publish","4":"has-post-thumbnail","6":"pwb-brand-fear-of-god","7":"product_cat-bluzy","8":"product_cat-bluzy-essentials","9":"product_cat-wszystkie-bluzy","10":"product_tag-kobieta","11":"product_tag-mezczyzna","12":"pa_rozmiar-ubrania-l","13":"pa_rozmiar-ubrania-m","14":"pa_rozmiar-ubrania-s","15":"pa_rozmiar-ubrania-xl","16":"pa_rozmiar-ubrania-xs","17":"pa_rozmiar-ubrania-xxs","19":"first","20":"onbackorder","21":"taxable","22":"shipping-taxable","23":"purchasable","24":"product-type-variable"},"acf":[],"yoast_head":"<!-- This site is optimized with the Yoast SEO plugin v27.4 - https:\/\/yoast.com\/product\/yoast-seo-wordpress\/ -->\n<title>Fear of God Essentials Military Fleece Hoodie - SHEZAMME<\/title>\n<meta name=\"description\" content=\"Fear of God Essentials Military Fleece Hoodie | Luksusowe i autentyczne przedmioty w jednym miejscu. B\u0105d\u017a na bie\u017c\u0105co i sprawd\u017a nasz\u0105 ofert\u0119 ju\u017c teraz\" \/>\n<meta name=\"robots\" content=\"index, follow, max-snippet:-1, max-image-preview:large, max-video-preview:-1\" \/>\n<link rel=\"canonical\" href=\"https:\/\/shezamme.com\/en\/sklep\/sweatshirts-2\/all-sweatshirts\/fear-of-god-essentials-military-fleece-hoodie\/\" \/>\n<meta property=\"og:locale\" content=\"en_US\" \/>\n<meta property=\"og:type\" content=\"article\" \/>\n<meta property=\"og:title\" content=\"Fear of God Essentials Military Fleece Hoodie - SHEZAMME\" \/>\n<meta property=\"og:description\" content=\"Fear of God Essentials Military Fleece Hoodie | Luksusowe i autentyczne przedmioty w jednym miejscu. B\u0105d\u017a na bie\u017c\u0105co i sprawd\u017a nasz\u0105 ofert\u0119 ju\u017c teraz\" \/>\n<meta property=\"og:url\" content=\"https:\/\/shezamme.com\/en\/sklep\/sweatshirts-2\/all-sweatshirts\/fear-of-god-essentials-military-fleece-hoodie\/\" \/>\n<meta property=\"og:site_name\" content=\"SHEZAMME - Yeezy, Jordan, Supreme i inne oryginalne rzeczy\" \/>\n<meta property=\"article:publisher\" content=\"https:\/\/www.facebook.com\/SHEZAMME\/\" \/>\n<meta property=\"article:modified_time\" content=\"2026-04-19T16:39:11+00:00\" \/>\n<meta property=\"og:image\" content=\"https:\/\/shezamme.com\/wp-content\/uploads\/2026\/04\/Fear-of-God-Essentials-Military-Fleece-Hoodie-1.webp\" \/>\n\t<meta property=\"og:image:width\" content=\"1080\" \/>\n\t<meta property=\"og:image:height\" content=\"1080\" \/>\n\t<meta property=\"og:image:type\" content=\"image\/webp\" \/>\n<meta name=\"twitter:card\" content=\"summary_large_image\" \/>\n<meta name=\"twitter:site\" content=\"@SHEZAMME\" \/>\n<meta name=\"twitter:label1\" content=\"Est. reading time\" \/>\n\t<meta name=\"twitter:data1\" content=\"2 minutes\" \/>\n<script type=\"application\/ld+json\" class=\"yoast-schema-graph\">{\"@context\":\"https:\\\/\\\/schema.org\",\"@graph\":[{\"@type\":\"WebPage\",\"@id\":\"https:\\\/\\\/shezamme.com\\\/sklep\\\/bluzy\\\/wszystkie-bluzy\\\/fear-of-god-essentials-military-fleece-hoodie\\\/\",\"url\":\"https:\\\/\\\/shezamme.com\\\/sklep\\\/bluzy\\\/wszystkie-bluzy\\\/fear-of-god-essentials-military-fleece-hoodie\\\/\",\"name\":\"Fear of God Essentials Military Fleece Hoodie - SHEZAMME\",\"isPartOf\":{\"@id\":\"https:\\\/\\\/shezamme.com\\\/#website\"},\"primaryImageOfPage\":{\"@id\":\"https:\\\/\\\/shezamme.com\\\/sklep\\\/bluzy\\\/wszystkie-bluzy\\\/fear-of-god-essentials-military-fleece-hoodie\\\/#primaryimage\"},\"image\":{\"@id\":\"https:\\\/\\\/shezamme.com\\\/sklep\\\/bluzy\\\/wszystkie-bluzy\\\/fear-of-god-essentials-military-fleece-hoodie\\\/#primaryimage\"},\"thumbnailUrl\":\"https:\\\/\\\/shezamme.com\\\/wp-content\\\/uploads\\\/2026\\\/04\\\/Fear-of-God-Essentials-Military-Fleece-Hoodie-1.webp\",\"datePublished\":\"2026-04-19T16:39:10+00:00\",\"dateModified\":\"2026-04-19T16:39:11+00:00\",\"description\":\"Fear of God Essentials Military Fleece Hoodie | Luksusowe i autentyczne przedmioty w jednym miejscu. B\u0105d\u017a na bie\u017c\u0105co i sprawd\u017a nasz\u0105 ofert\u0119 ju\u017c teraz\",\"breadcrumb\":{\"@id\":\"https:\\\/\\\/shezamme.com\\\/sklep\\\/bluzy\\\/wszystkie-bluzy\\\/fear-of-god-essentials-military-fleece-hoodie\\\/#breadcrumb\"},\"inLanguage\":\"en-US\",\"potentialAction\":[{\"@type\":\"ReadAction\",\"target\":[\"https:\\\/\\\/shezamme.com\\\/sklep\\\/bluzy\\\/wszystkie-bluzy\\\/fear-of-god-essentials-military-fleece-hoodie\\\/\"]}]},{\"@type\":\"ImageObject\",\"inLanguage\":\"en-US\",\"@id\":\"https:\\\/\\\/shezamme.com\\\/sklep\\\/bluzy\\\/wszystkie-bluzy\\\/fear-of-god-essentials-military-fleece-hoodie\\\/#primaryimage\",\"url\":\"https:\\\/\\\/shezamme.com\\\/wp-content\\\/uploads\\\/2026\\\/04\\\/Fear-of-God-Essentials-Military-Fleece-Hoodie-1.webp\",\"contentUrl\":\"https:\\\/\\\/shezamme.com\\\/wp-content\\\/uploads\\\/2026\\\/04\\\/Fear-of-God-Essentials-Military-Fleece-Hoodie-1.webp\",\"width\":1080,\"height\":1080,\"caption\":\"Fear of God Essentials Military Fleece Hoodie 1\"},{\"@type\":\"BreadcrumbList\",\"@id\":\"https:\\\/\\\/shezamme.com\\\/sklep\\\/bluzy\\\/wszystkie-bluzy\\\/fear-of-god-essentials-military-fleece-hoodie\\\/#breadcrumb\",\"itemListElement\":[{\"@type\":\"ListItem\",\"position\":1,\"name\":\"Strona g\u0142\u00f3wna\",\"item\":\"https:\\\/\\\/shezamme.com\\\/\"},{\"@type\":\"ListItem\",\"position\":2,\"name\":\"Sklep\",\"item\":\"https:\\\/\\\/shezamme.com\\\/en\\\/sklep\\\/\"},{\"@type\":\"ListItem\",\"position\":3,\"name\":\"Fear of God Essentials Military Fleece Hoodie\"}]},{\"@type\":\"WebSite\",\"@id\":\"https:\\\/\\\/shezamme.com\\\/#website\",\"url\":\"https:\\\/\\\/shezamme.com\\\/\",\"name\":\"SHEZAMME - Sneakersy, Streetwear i luksusowe marki\",\"description\":\"Oryginalne i ekskluzywne przedmioty w jednym miejscu. Sprawd\u017a nasze produkty ju\u017c teraz i b\u0105d\u017a na bie\u017c\u0105co z wszystkimi premierami.\",\"publisher\":{\"@id\":\"https:\\\/\\\/shezamme.com\\\/#organization\"},\"potentialAction\":[{\"@type\":\"SearchAction\",\"target\":{\"@type\":\"EntryPoint\",\"urlTemplate\":\"https:\\\/\\\/shezamme.com\\\/?s={search_term_string}\"},\"query-input\":{\"@type\":\"PropertyValueSpecification\",\"valueRequired\":true,\"valueName\":\"search_term_string\"}}],\"inLanguage\":\"en-US\"},{\"@type\":\"Organization\",\"@id\":\"https:\\\/\\\/shezamme.com\\\/#organization\",\"name\":\"SHEZAMME - Sneakersy, Streetwear i luksusowe marki\",\"url\":\"https:\\\/\\\/shezamme.com\\\/\",\"logo\":{\"@type\":\"ImageObject\",\"inLanguage\":\"en-US\",\"@id\":\"https:\\\/\\\/shezamme.com\\\/#\\\/schema\\\/logo\\\/image\\\/\",\"url\":\"https:\\\/\\\/shezamme.com\\\/wp-content\\\/uploads\\\/2023\\\/02\\\/0x0.png\",\"contentUrl\":\"https:\\\/\\\/shezamme.com\\\/wp-content\\\/uploads\\\/2023\\\/02\\\/0x0.png\",\"width\":2000,\"height\":2000,\"caption\":\"SHEZAMME - Sneakersy, Streetwear i luksusowe marki\"},\"image\":{\"@id\":\"https:\\\/\\\/shezamme.com\\\/#\\\/schema\\\/logo\\\/image\\\/\"},\"sameAs\":[\"https:\\\/\\\/www.facebook.com\\\/SHEZAMME\\\/\",\"https:\\\/\\\/x.com\\\/SHEZAMME\",\"https:\\\/\\\/www.instagram.com\\\/shezamme\\\/\",\"https:\\\/\\\/www.youtube.com\\\/channel\\\/UCsTJxi_9fODHdO_1bmJbqvQ\",\"https:\\\/\\\/www.tiktok.com\\\/shezamme.com\"]}]}<\/script>\n<!-- \/ Yoast SEO plugin. -->","yoast_head_json":{"title":"Fear of God Essentials Military Fleece Hoodie - SHEZAMME","description":"Fear of God Essentials Military Fleece Hoodie | Luksusowe i autentyczne przedmioty w jednym miejscu. B\u0105d\u017a na bie\u017c\u0105co i sprawd\u017a nasz\u0105 ofert\u0119 ju\u017c teraz","robots":{"index":"index","follow":"follow","max-snippet":"max-snippet:-1","max-image-preview":"max-image-preview:large","max-video-preview":"max-video-preview:-1"},"canonical":"https:\/\/shezamme.com\/en\/sklep\/sweatshirts-2\/all-sweatshirts\/fear-of-god-essentials-military-fleece-hoodie\/","og_locale":"en_US","og_type":"article","og_title":"Fear of God Essentials Military Fleece Hoodie - SHEZAMME","og_description":"Fear of God Essentials Military Fleece Hoodie | Luksusowe i autentyczne przedmioty w jednym miejscu. B\u0105d\u017a na bie\u017c\u0105co i sprawd\u017a nasz\u0105 ofert\u0119 ju\u017c teraz","og_url":"https:\/\/shezamme.com\/en\/sklep\/sweatshirts-2\/all-sweatshirts\/fear-of-god-essentials-military-fleece-hoodie\/","og_site_name":"SHEZAMME - Yeezy, Jordan, Supreme i inne oryginalne rzeczy","article_publisher":"https:\/\/www.facebook.com\/SHEZAMME\/","article_modified_time":"2026-04-19T16:39:11+00:00","og_image":[{"width":1080,"height":1080,"url":"https:\/\/shezamme.com\/wp-content\/uploads\/2026\/04\/Fear-of-God-Essentials-Military-Fleece-Hoodie-1.webp","type":"image\/webp"}],"twitter_card":"summary_large_image","twitter_site":"@SHEZAMME","twitter_misc":{"Est. reading time":"2 minutes"},"schema":{"@context":"https:\/\/schema.org","@graph":[{"@type":"WebPage","@id":"https:\/\/shezamme.com\/sklep\/bluzy\/wszystkie-bluzy\/fear-of-god-essentials-military-fleece-hoodie\/","url":"https:\/\/shezamme.com\/sklep\/bluzy\/wszystkie-bluzy\/fear-of-god-essentials-military-fleece-hoodie\/","name":"Fear of God Essentials Military Fleece Hoodie - SHEZAMME","isPartOf":{"@id":"https:\/\/shezamme.com\/#website"},"primaryImageOfPage":{"@id":"https:\/\/shezamme.com\/sklep\/bluzy\/wszystkie-bluzy\/fear-of-god-essentials-military-fleece-hoodie\/#primaryimage"},"image":{"@id":"https:\/\/shezamme.com\/sklep\/bluzy\/wszystkie-bluzy\/fear-of-god-essentials-military-fleece-hoodie\/#primaryimage"},"thumbnailUrl":"https:\/\/shezamme.com\/wp-content\/uploads\/2026\/04\/Fear-of-God-Essentials-Military-Fleece-Hoodie-1.webp","datePublished":"2026-04-19T16:39:10+00:00","dateModified":"2026-04-19T16:39:11+00:00","description":"Fear of God Essentials Military Fleece Hoodie | Luksusowe i autentyczne przedmioty w jednym miejscu. B\u0105d\u017a na bie\u017c\u0105co i sprawd\u017a nasz\u0105 ofert\u0119 ju\u017c teraz","breadcrumb":{"@id":"https:\/\/shezamme.com\/sklep\/bluzy\/wszystkie-bluzy\/fear-of-god-essentials-military-fleece-hoodie\/#breadcrumb"},"inLanguage":"en-US","potentialAction":[{"@type":"ReadAction","target":["https:\/\/shezamme.com\/sklep\/bluzy\/wszystkie-bluzy\/fear-of-god-essentials-military-fleece-hoodie\/"]}]},{"@type":"ImageObject","inLanguage":"en-US","@id":"https:\/\/shezamme.com\/sklep\/bluzy\/wszystkie-bluzy\/fear-of-god-essentials-military-fleece-hoodie\/#primaryimage","url":"https:\/\/shezamme.com\/wp-content\/uploads\/2026\/04\/Fear-of-God-Essentials-Military-Fleece-Hoodie-1.webp","contentUrl":"https:\/\/shezamme.com\/wp-content\/uploads\/2026\/04\/Fear-of-God-Essentials-Military-Fleece-Hoodie-1.webp","width":1080,"height":1080,"caption":"Fear of God Essentials Military Fleece Hoodie 1"},{"@type":"BreadcrumbList","@id":"https:\/\/shezamme.com\/sklep\/bluzy\/wszystkie-bluzy\/fear-of-god-essentials-military-fleece-hoodie\/#breadcrumb","itemListElement":[{"@type":"ListItem","position":1,"name":"Strona g\u0142\u00f3wna","item":"https:\/\/shezamme.com\/"},{"@type":"ListItem","position":2,"name":"Sklep","item":"https:\/\/shezamme.com\/en\/sklep\/"},{"@type":"ListItem","position":3,"name":"Fear of God Essentials Military Fleece Hoodie"}]},{"@type":"WebSite","@id":"https:\/\/shezamme.com\/#website","url":"https:\/\/shezamme.com\/","name":"SHEZAMME - Sneakers, Streetwear and luxury brands","description":"Original and exclusive items in one place. Check out our products now and stay up to date with all launches.","publisher":{"@id":"https:\/\/shezamme.com\/#organization"},"potentialAction":[{"@type":"SearchAction","target":{"@type":"EntryPoint","urlTemplate":"https:\/\/shezamme.com\/?s={search_term_string}"},"query-input":{"@type":"PropertyValueSpecification","valueRequired":true,"valueName":"search_term_string"}}],"inLanguage":"en-US"},{"@type":"Organization","@id":"https:\/\/shezamme.com\/#organization","name":"SHEZAMME - Sneakers, Streetwear and luxury brands","url":"https:\/\/shezamme.com\/","logo":{"@type":"ImageObject","inLanguage":"en-US","@id":"https:\/\/shezamme.com\/#\/schema\/logo\/image\/","url":"https:\/\/shezamme.com\/wp-content\/uploads\/2023\/02\/0x0.png","contentUrl":"https:\/\/shezamme.com\/wp-content\/uploads\/2023\/02\/0x0.png","width":2000,"height":2000,"caption":"SHEZAMME - Sneakersy, Streetwear i luksusowe marki"},"image":{"@id":"https:\/\/shezamme.com\/#\/schema\/logo\/image\/"},"sameAs":["https:\/\/www.facebook.com\/SHEZAMME\/","https:\/\/x.com\/SHEZAMME","https:\/\/www.instagram.com\/shezamme\/","https:\/\/www.youtube.com\/channel\/UCsTJxi_9fODHdO_1bmJbqvQ","https:\/\/www.tiktok.com\/shezamme.com"]}]}},"brands":[{"id":775,"name":"Fear of God","slug":"fear-of-god"}],"_links":{"self":[{"href":"https:\/\/shezamme.com\/en\/wp-json\/wp\/v2\/product\/226975","targetHints":{"allow":["GET"]}}],"collection":[{"href":"https:\/\/shezamme.com\/en\/wp-json\/wp\/v2\/product"}],"about":[{"href":"https:\/\/shezamme.com\/en\/wp-json\/wp\/v2\/types\/product"}],"wp:featuredmedia":[{"embeddable":true,"href":"https:\/\/shezamme.com\/en\/wp-json\/wp\/v2\/media\/226768"}],"wp:attachment":[{"href":"https:\/\/shezamme.com\/en\/wp-json\/wp\/v2\/media?parent=226975"}],"wp:term":[{"taxonomy":"pwb-brand","embeddable":true,"href":"https:\/\/shezamme.com\/en\/wp-json\/wp\/v2\/pwb-brand?post=226975"},{"taxonomy":"product_brand","embeddable":true,"href":"https:\/\/shezamme.com\/en\/wp-json\/wp\/v2\/product_brand?post=226975"},{"taxonomy":"product_cat","embeddable":true,"href":"https:\/\/shezamme.com\/en\/wp-json\/wp\/v2\/product_cat?post=226975"},{"taxonomy":"product_tag","embeddable":true,"href":"https:\/\/shezamme.com\/en\/wp-json\/wp\/v2\/product_tag?post=226975"}],"curies":[{"name":"wp","href":"https:\/\/api.w.org\/{rel}","templated":true}]}}