{"id":22396,"date":"2023-02-17T12:27:29","date_gmt":"2023-02-17T11:27:29","guid":{"rendered":"https:\/\/shezamme.com\/?post_type=product&#038;p=22396"},"modified":"2025-02-03T22:59:02","modified_gmt":"2025-02-03T21:59:02","slug":"nike-zoom-fly-x-off-white-the-ten","status":"publish","type":"product","link":"https:\/\/shezamme.com\/en\/sklep\/buty\/inne\/hype-grail\/nike-zoom-fly-x-off-white-the-ten\/","title":{"rendered":"Nike Zoom Fly x Off White The Ten"},"content":{"rendered":"<h2>Minimalistyczna innowacja w kolekcji \u201eThe Ten\u201d<\/h2>\n<p><strong>Nike Zoom Fly x Off-White &#8222;The Ten&#8221;<\/strong> to futurystyczne sneakersy, kt\u00f3re \u0142\u0105cz\u0105 p\u00f3\u0142przezroczyst\u0105 cholewk\u0119 <strong>Ghosting<\/strong> z technologi\u0105 <strong>Nike React<\/strong> dla maksymalnej lekko\u015bci i amortyzacji. Zdekonstruowana estetyka nadaje im nowoczesny, surowy charakter.<\/p>\n<h2>Kultowe detale i unikalny styl<\/h2>\n<p>Przeszywane logo <strong>Swoosh<\/strong>, pomara\u0144czowe akcenty oraz kultowy czerwony <strong>zip-tie<\/strong> podkre\u015blaj\u0105 DNA <strong>Off-White<\/strong>. Typograficzne nadruki i dynamiczna podeszwa sprawiaj\u0105, \u017ce ten model to idealne po\u0142\u0105czenie nowoczesnej technologii i streetwearowego stylu.<\/p>","protected":false},"excerpt":{"rendered":"<h2>Zdekonstruowana lekko\u015b\u0107 i innowacyjny design<\/h2>\n<p><strong>Nike Zoom Fly x Off-White &#8222;The Ten&#8221;<\/strong> redefiniuje biegowy styl dzi\u0119ki p\u00f3\u0142przezroczystej cholewce <strong>Ghosting<\/strong> i amortyzacji <strong>Nike React<\/strong>. Po\u0142\u0105czenie minimalizmu i funkcjonalno\u015bci nadaje mu unikalny, futurystyczny charakter.<\/p>\n<h2>Charakterystyczne detale Off-White<\/h2>\n<p>Przeszywane logo <strong>Swoosh<\/strong>, kontrastowe pomara\u0144czowe akcenty i kultowy czerwony <strong>zip-tie<\/strong> czyni\u0105 ten model natychmiast rozpoznawalnym. Limitowana edycja, kt\u00f3ra \u0142\u0105czy technologi\u0119 z awangardow\u0105 estetyk\u0105 <strong>Virgila Abloha<\/strong>.<\/p>","protected":false},"featured_media":22397,"template":"","meta":{"_acf_changed":false},"pwb-brand":[756,755],"product_brand":[],"product_cat":[16,898,788],"product_tag":[1008,1009],"class_list":{"0":"post-22396","1":"product","2":"type-product","3":"status-publish","4":"has-post-thumbnail","6":"pwb-brand-nike","7":"pwb-brand-off-white","8":"product_cat-buty","9":"product_cat-hype-grail","10":"product_cat-nike-x-off-white","11":"product_tag-kobieta","12":"product_tag-mezczyzna","14":"first","15":"onbackorder","16":"taxable","17":"shipping-taxable","18":"purchasable","19":"product-type-variable","20":"has-default-attributes"},"acf":[],"yoast_head":"<!-- This site is optimized with the Yoast SEO plugin v27.2 - https:\/\/yoast.com\/product\/yoast-seo-wordpress\/ -->\n<title>Nike Zoom Fly x Off White The Ten - SHEZAMME<\/title>\n<meta name=\"description\" content=\"Nike Zoom Fly x Off White The Ten | Luksusowe i autentyczne przedmioty w jednym miejscu. B\u0105d\u017a na bie\u017c\u0105co i sprawd\u017a nasz\u0105 ofert\u0119 ju\u017c teraz\" \/>\n<meta name=\"robots\" content=\"index, follow, max-snippet:-1, max-image-preview:large, max-video-preview:-1\" \/>\n<link rel=\"canonical\" href=\"https:\/\/shezamme.com\/en\/sklep\/sneakers-2\/others\/hype-grail\/nike-zoom-fly-x-off-white-the-ten\/\" \/>\n<meta property=\"og:locale\" content=\"en_US\" \/>\n<meta property=\"og:type\" content=\"article\" \/>\n<meta property=\"og:title\" content=\"Nike Zoom Fly x Off White The Ten - SHEZAMME\" \/>\n<meta property=\"og:description\" content=\"Nike Zoom Fly x Off White The Ten | Luksusowe i autentyczne przedmioty w jednym miejscu. B\u0105d\u017a na bie\u017c\u0105co i sprawd\u017a nasz\u0105 ofert\u0119 ju\u017c teraz\" \/>\n<meta property=\"og:url\" content=\"https:\/\/shezamme.com\/en\/sklep\/sneakers-2\/others\/hype-grail\/nike-zoom-fly-x-off-white-the-ten\/\" \/>\n<meta property=\"og:site_name\" content=\"SHEZAMME - Yeezy, Jordan, Supreme i inne oryginalne rzeczy\" \/>\n<meta property=\"article:publisher\" content=\"https:\/\/www.facebook.com\/SHEZAMME\/\" \/>\n<meta property=\"article:modified_time\" content=\"2025-02-03T21:59:02+00:00\" \/>\n<meta property=\"og:image\" content=\"https:\/\/shezamme.com\/wp-content\/uploads\/2023\/02\/IMG_6562.jpg\" \/>\n\t<meta property=\"og:image:width\" content=\"1170\" \/>\n\t<meta property=\"og:image:height\" content=\"1140\" \/>\n\t<meta property=\"og:image:type\" content=\"image\/jpeg\" \/>\n<meta name=\"twitter:card\" content=\"summary_large_image\" \/>\n<meta name=\"twitter:site\" content=\"@SHEZAMME\" \/>\n<script type=\"application\/ld+json\" class=\"yoast-schema-graph\">{\"@context\":\"https:\/\/schema.org\",\"@graph\":[{\"@type\":\"WebPage\",\"@id\":\"https:\/\/shezamme.com\/sklep\/buty\/inne\/hype-grail\/nike-zoom-fly-x-off-white-the-ten\/\",\"url\":\"https:\/\/shezamme.com\/sklep\/buty\/inne\/hype-grail\/nike-zoom-fly-x-off-white-the-ten\/\",\"name\":\"Nike Zoom Fly x Off White The Ten - SHEZAMME\",\"isPartOf\":{\"@id\":\"https:\/\/shezamme.com\/#website\"},\"primaryImageOfPage\":{\"@id\":\"https:\/\/shezamme.com\/sklep\/buty\/inne\/hype-grail\/nike-zoom-fly-x-off-white-the-ten\/#primaryimage\"},\"image\":{\"@id\":\"https:\/\/shezamme.com\/sklep\/buty\/inne\/hype-grail\/nike-zoom-fly-x-off-white-the-ten\/#primaryimage\"},\"thumbnailUrl\":\"https:\/\/shezamme.com\/wp-content\/uploads\/2023\/02\/IMG_6562.jpg\",\"datePublished\":\"2023-02-17T11:27:29+00:00\",\"dateModified\":\"2025-02-03T21:59:02+00:00\",\"description\":\"Nike Zoom Fly x Off White The Ten | Luksusowe i autentyczne przedmioty w jednym miejscu. B\u0105d\u017a na bie\u017c\u0105co i sprawd\u017a nasz\u0105 ofert\u0119 ju\u017c teraz\",\"breadcrumb\":{\"@id\":\"https:\/\/shezamme.com\/sklep\/buty\/inne\/hype-grail\/nike-zoom-fly-x-off-white-the-ten\/#breadcrumb\"},\"inLanguage\":\"en-US\",\"potentialAction\":[{\"@type\":\"ReadAction\",\"target\":[\"https:\/\/shezamme.com\/sklep\/buty\/inne\/hype-grail\/nike-zoom-fly-x-off-white-the-ten\/\"]}]},{\"@type\":\"ImageObject\",\"inLanguage\":\"en-US\",\"@id\":\"https:\/\/shezamme.com\/sklep\/buty\/inne\/hype-grail\/nike-zoom-fly-x-off-white-the-ten\/#primaryimage\",\"url\":\"https:\/\/shezamme.com\/wp-content\/uploads\/2023\/02\/IMG_6562.jpg\",\"contentUrl\":\"https:\/\/shezamme.com\/wp-content\/uploads\/2023\/02\/IMG_6562.jpg\",\"width\":1170,\"height\":1140,\"caption\":\"Nike Zoom Fly x Off White The Ten\"},{\"@type\":\"BreadcrumbList\",\"@id\":\"https:\/\/shezamme.com\/sklep\/buty\/inne\/hype-grail\/nike-zoom-fly-x-off-white-the-ten\/#breadcrumb\",\"itemListElement\":[{\"@type\":\"ListItem\",\"position\":1,\"name\":\"Strona g\u0142\u00f3wna\",\"item\":\"https:\/\/shezamme.com\/\"},{\"@type\":\"ListItem\",\"position\":2,\"name\":\"Sklep\",\"item\":\"https:\/\/shezamme.com\/sklep\/\"},{\"@type\":\"ListItem\",\"position\":3,\"name\":\"Nike Zoom Fly x Off White The Ten\"}]},{\"@type\":\"WebSite\",\"@id\":\"https:\/\/shezamme.com\/#website\",\"url\":\"https:\/\/shezamme.com\/\",\"name\":\"SHEZAMME - Sneakersy, Streetwear i luksusowe marki\",\"description\":\"Oryginalne i ekskluzywne przedmioty w jednym miejscu. Sprawd\u017a nasze produkty ju\u017c teraz i b\u0105d\u017a na bie\u017c\u0105co z wszystkimi premierami.\",\"publisher\":{\"@id\":\"https:\/\/shezamme.com\/#organization\"},\"potentialAction\":[{\"@type\":\"SearchAction\",\"target\":{\"@type\":\"EntryPoint\",\"urlTemplate\":\"https:\/\/shezamme.com\/?s={search_term_string}\"},\"query-input\":{\"@type\":\"PropertyValueSpecification\",\"valueRequired\":true,\"valueName\":\"search_term_string\"}}],\"inLanguage\":\"en-US\"},{\"@type\":\"Organization\",\"@id\":\"https:\/\/shezamme.com\/#organization\",\"name\":\"SHEZAMME - Sneakersy, Streetwear i luksusowe marki\",\"url\":\"https:\/\/shezamme.com\/\",\"logo\":{\"@type\":\"ImageObject\",\"inLanguage\":\"en-US\",\"@id\":\"https:\/\/shezamme.com\/#\/schema\/logo\/image\/\",\"url\":\"https:\/\/shezamme.com\/wp-content\/uploads\/2023\/02\/0x0.png\",\"contentUrl\":\"https:\/\/shezamme.com\/wp-content\/uploads\/2023\/02\/0x0.png\",\"width\":2000,\"height\":2000,\"caption\":\"SHEZAMME - Sneakersy, Streetwear i luksusowe marki\"},\"image\":{\"@id\":\"https:\/\/shezamme.com\/#\/schema\/logo\/image\/\"},\"sameAs\":[\"https:\/\/www.facebook.com\/SHEZAMME\/\",\"https:\/\/x.com\/SHEZAMME\",\"https:\/\/www.instagram.com\/shezamme\/\",\"https:\/\/www.youtube.com\/channel\/UCsTJxi_9fODHdO_1bmJbqvQ\",\"https:\/\/www.tiktok.com\/shezamme.com\"]}]}<\/script>\n<!-- \/ Yoast SEO plugin. -->","yoast_head_json":{"title":"Nike Zoom Fly x Off White The Ten - SHEZAMME","description":"Nike Zoom Fly x Off White The Ten | Luksusowe i autentyczne przedmioty w jednym miejscu. B\u0105d\u017a na bie\u017c\u0105co i sprawd\u017a nasz\u0105 ofert\u0119 ju\u017c teraz","robots":{"index":"index","follow":"follow","max-snippet":"max-snippet:-1","max-image-preview":"max-image-preview:large","max-video-preview":"max-video-preview:-1"},"canonical":"https:\/\/shezamme.com\/en\/sklep\/sneakers-2\/others\/hype-grail\/nike-zoom-fly-x-off-white-the-ten\/","og_locale":"en_US","og_type":"article","og_title":"Nike Zoom Fly x Off White The Ten - SHEZAMME","og_description":"Nike Zoom Fly x Off White The Ten | Luksusowe i autentyczne przedmioty w jednym miejscu. B\u0105d\u017a na bie\u017c\u0105co i sprawd\u017a nasz\u0105 ofert\u0119 ju\u017c teraz","og_url":"https:\/\/shezamme.com\/en\/sklep\/sneakers-2\/others\/hype-grail\/nike-zoom-fly-x-off-white-the-ten\/","og_site_name":"SHEZAMME - Yeezy, Jordan, Supreme i inne oryginalne rzeczy","article_publisher":"https:\/\/www.facebook.com\/SHEZAMME\/","article_modified_time":"2025-02-03T21:59:02+00:00","og_image":[{"width":1170,"height":1140,"url":"https:\/\/shezamme.com\/wp-content\/uploads\/2023\/02\/IMG_6562.jpg","type":"image\/jpeg"}],"twitter_card":"summary_large_image","twitter_site":"@SHEZAMME","schema":{"@context":"https:\/\/schema.org","@graph":[{"@type":"WebPage","@id":"https:\/\/shezamme.com\/sklep\/buty\/inne\/hype-grail\/nike-zoom-fly-x-off-white-the-ten\/","url":"https:\/\/shezamme.com\/sklep\/buty\/inne\/hype-grail\/nike-zoom-fly-x-off-white-the-ten\/","name":"Nike Zoom Fly x Off White The Ten - SHEZAMME","isPartOf":{"@id":"https:\/\/shezamme.com\/#website"},"primaryImageOfPage":{"@id":"https:\/\/shezamme.com\/sklep\/buty\/inne\/hype-grail\/nike-zoom-fly-x-off-white-the-ten\/#primaryimage"},"image":{"@id":"https:\/\/shezamme.com\/sklep\/buty\/inne\/hype-grail\/nike-zoom-fly-x-off-white-the-ten\/#primaryimage"},"thumbnailUrl":"https:\/\/shezamme.com\/wp-content\/uploads\/2023\/02\/IMG_6562.jpg","datePublished":"2023-02-17T11:27:29+00:00","dateModified":"2025-02-03T21:59:02+00:00","description":"Nike Zoom Fly x Off White The Ten | Luksusowe i autentyczne przedmioty w jednym miejscu. B\u0105d\u017a na bie\u017c\u0105co i sprawd\u017a nasz\u0105 ofert\u0119 ju\u017c teraz","breadcrumb":{"@id":"https:\/\/shezamme.com\/sklep\/buty\/inne\/hype-grail\/nike-zoom-fly-x-off-white-the-ten\/#breadcrumb"},"inLanguage":"en-US","potentialAction":[{"@type":"ReadAction","target":["https:\/\/shezamme.com\/sklep\/buty\/inne\/hype-grail\/nike-zoom-fly-x-off-white-the-ten\/"]}]},{"@type":"ImageObject","inLanguage":"en-US","@id":"https:\/\/shezamme.com\/sklep\/buty\/inne\/hype-grail\/nike-zoom-fly-x-off-white-the-ten\/#primaryimage","url":"https:\/\/shezamme.com\/wp-content\/uploads\/2023\/02\/IMG_6562.jpg","contentUrl":"https:\/\/shezamme.com\/wp-content\/uploads\/2023\/02\/IMG_6562.jpg","width":1170,"height":1140,"caption":"Nike Zoom Fly x Off White The Ten"},{"@type":"BreadcrumbList","@id":"https:\/\/shezamme.com\/sklep\/buty\/inne\/hype-grail\/nike-zoom-fly-x-off-white-the-ten\/#breadcrumb","itemListElement":[{"@type":"ListItem","position":1,"name":"Strona g\u0142\u00f3wna","item":"https:\/\/shezamme.com\/"},{"@type":"ListItem","position":2,"name":"Sklep","item":"https:\/\/shezamme.com\/sklep\/"},{"@type":"ListItem","position":3,"name":"Nike Zoom Fly x Off White The Ten"}]},{"@type":"WebSite","@id":"https:\/\/shezamme.com\/#website","url":"https:\/\/shezamme.com\/","name":"SHEZAMME - Sneakers, Streetwear and luxury brands","description":"Original and exclusive items in one place. Check out our products now and stay up to date with all launches.","publisher":{"@id":"https:\/\/shezamme.com\/#organization"},"potentialAction":[{"@type":"SearchAction","target":{"@type":"EntryPoint","urlTemplate":"https:\/\/shezamme.com\/?s={search_term_string}"},"query-input":{"@type":"PropertyValueSpecification","valueRequired":true,"valueName":"search_term_string"}}],"inLanguage":"en-US"},{"@type":"Organization","@id":"https:\/\/shezamme.com\/#organization","name":"SHEZAMME - Sneakers, Streetwear and luxury brands","url":"https:\/\/shezamme.com\/","logo":{"@type":"ImageObject","inLanguage":"en-US","@id":"https:\/\/shezamme.com\/#\/schema\/logo\/image\/","url":"https:\/\/shezamme.com\/wp-content\/uploads\/2023\/02\/0x0.png","contentUrl":"https:\/\/shezamme.com\/wp-content\/uploads\/2023\/02\/0x0.png","width":2000,"height":2000,"caption":"SHEZAMME - Sneakersy, Streetwear i luksusowe marki"},"image":{"@id":"https:\/\/shezamme.com\/#\/schema\/logo\/image\/"},"sameAs":["https:\/\/www.facebook.com\/SHEZAMME\/","https:\/\/x.com\/SHEZAMME","https:\/\/www.instagram.com\/shezamme\/","https:\/\/www.youtube.com\/channel\/UCsTJxi_9fODHdO_1bmJbqvQ","https:\/\/www.tiktok.com\/shezamme.com"]}]}},"brands":[{"id":756,"name":"Nike","slug":"nike"},{"id":755,"name":"OFF-WHITE","slug":"off-white"}],"_links":{"self":[{"href":"https:\/\/shezamme.com\/en\/wp-json\/wp\/v2\/product\/22396","targetHints":{"allow":["GET"]}}],"collection":[{"href":"https:\/\/shezamme.com\/en\/wp-json\/wp\/v2\/product"}],"about":[{"href":"https:\/\/shezamme.com\/en\/wp-json\/wp\/v2\/types\/product"}],"wp:featuredmedia":[{"embeddable":true,"href":"https:\/\/shezamme.com\/en\/wp-json\/wp\/v2\/media\/22397"}],"wp:attachment":[{"href":"https:\/\/shezamme.com\/en\/wp-json\/wp\/v2\/media?parent=22396"}],"wp:term":[{"taxonomy":"pwb-brand","embeddable":true,"href":"https:\/\/shezamme.com\/en\/wp-json\/wp\/v2\/pwb-brand?post=22396"},{"taxonomy":"product_brand","embeddable":true,"href":"https:\/\/shezamme.com\/en\/wp-json\/wp\/v2\/product_brand?post=22396"},{"taxonomy":"product_cat","embeddable":true,"href":"https:\/\/shezamme.com\/en\/wp-json\/wp\/v2\/product_cat?post=22396"},{"taxonomy":"product_tag","embeddable":true,"href":"https:\/\/shezamme.com\/en\/wp-json\/wp\/v2\/product_tag?post=22396"}],"curies":[{"name":"wp","href":"https:\/\/api.w.org\/{rel}","templated":true}]}}