{"id":223064,"date":"2026-02-20T13:00:20","date_gmt":"2026-02-20T12:00:20","guid":{"rendered":"https:\/\/shezamme.com\/?post_type=product&#038;p=223064"},"modified":"2026-02-20T13:00:22","modified_gmt":"2026-02-20T12:00:22","slug":"trapstar-three-peat-champions-tee-black-blue-edition","status":"publish","type":"product","link":"https:\/\/shezamme.com\/en\/sklep\/koszulki\/wszystkie-koszulki\/trapstar-three-peat-champions-tee-black-blue-edition\/","title":{"rendered":"Trapstar Three-peat Champions Tee Black\/Blue Edition"},"content":{"rendered":"<h2 data-start=\"420\" data-end=\"514\"><strong data-start=\"423\" data-end=\"514\">Trapstar Three-peat Champions Tee Black\/Blue Edition \u2013 kontrast, kt\u00f3ry buduje ca\u0142y look<\/strong><\/h2>\n<p data-start=\"515\" data-end=\"894\"><strong>Trapstar Three-peat Champions Tee Black\/Blue Edition<\/strong> to model, kt\u00f3ry \u015bwietnie \u0142\u0105czy klasyczn\u0105 czer\u0144 z mocniejszym, niebieskim akcentem. Dzi\u0119ki temu koszulka zachowuje uniwersalny charakter, ale nie wygl\u0105da jak zwyk\u0142y basic. To T-shirt, kt\u00f3ry od razu dodaje stylizacji energii i dobrze wpisuje si\u0119 w codzienny streetwear \u2014 bez przesady, ale z wyra\u017anym klimatem marki Trapstar.<\/p>\n<h2 data-start=\"896\" data-end=\"957\"><strong data-start=\"899\" data-end=\"957\">Komfort i materia\u0142 \u2013 codzienna wygoda bez kombinowania<\/strong><\/h2>\n<p data-start=\"958\" data-end=\"1308\">W dobrym T-shircie liczy si\u0119 przede wszystkim wygoda, a ten model dobrze sprawdza si\u0119 w regularnym noszeniu. Kr\u00f3j daje swobod\u0119 ruchu, materia\u0142 dobrze uk\u0142ada si\u0119 na sylwetce i nie sprawia wra\u017cenia \u201esztywnej\u201d koszulki. To opcja na miasto, uczelni\u0119, prac\u0119 albo lu\u017ane wyj\u015bcie ze znajomymi. Model dzia\u0142a zar\u00f3wno solo, jak i jako baza pod bluz\u0119 czy kurtk\u0119.<\/p>\n<h2 data-start=\"1310\" data-end=\"1369\"><strong data-start=\"1313\" data-end=\"1369\">Fason i proporcje \u2013 streetwearowa baza z charakterem<\/strong><\/h2>\n<p data-start=\"1370\" data-end=\"1761\">Kr\u00f3j tego T-shirtu dobrze wpisuje si\u0119 w nowoczesne, miejskie stylizacje. Nie jest przesadnie dopasowany, dzi\u0119ki czemu wygl\u0105da naturalnie i daje luz, kt\u00f3rego oczekujesz od streetwearu. <strong data-start=\"1554\" data-end=\"1610\">Trapstar Three-peat Champions Tee Black Blue Edition<\/strong> mo\u017cesz nosi\u0107 w prostych fitach albo budowa\u0107 wok\u00f3\u0142 niego bardziej warstwowe zestawy. Czarny kolor u\u0142atwia stylizowanie, a niebieski detal robi r\u00f3\u017cnic\u0119.<\/p>\n<h2 data-start=\"1763\" data-end=\"1833\"><strong data-start=\"1766\" data-end=\"1833\">Jak stylizowa\u0107 Black Blue Edition \u2013 proste zestawy, mocny efekt<\/strong><\/h2>\n<p data-start=\"1834\" data-end=\"1930\">Ten model najlepiej gra z neutraln\u0105 baz\u0105 i prostymi elementami garderoby. Sprawdzone po\u0142\u0105czenia:<\/p>\n<ul data-start=\"1931\" data-end=\"2239\">\n<li data-start=\"1931\" data-end=\"1991\">\n<p data-start=\"1933\" data-end=\"1991\"><strong data-start=\"1933\" data-end=\"1959\">czarne lub szare dresy<\/strong> i sneakersy w jasnym kolorze,<\/p>\n<\/li>\n<li data-start=\"1992\" data-end=\"2032\">\n<p data-start=\"1994\" data-end=\"2032\"><strong data-start=\"1994\" data-end=\"2010\">lu\u017ane jeansy<\/strong> w spranym odcieniu,<\/p>\n<\/li>\n<li data-start=\"2033\" data-end=\"2239\">\n<p data-start=\"2035\" data-end=\"2239\"><strong data-start=\"2035\" data-end=\"2051\">ciemne cargo<\/strong> dla bardziej technicznego, miejskiego looku.<br data-start=\"2096\" data-end=\"2099\" \/>Na ch\u0142odniejsze dni mo\u017cesz dorzuci\u0107 bomberk\u0119, kurtk\u0119 puffer albo overshirt. Niebieski akcent dobrze \u0142\u0105czy si\u0119 z granatem, szaro\u015bci\u0105 i biel\u0105.<\/p>\n<\/li>\n<\/ul>\n<h2 data-start=\"2241\" data-end=\"2301\"><strong data-start=\"2244\" data-end=\"2301\">Detale i charakter \u2013 wi\u0119cej ni\u017c zwyk\u0142y czarny T-shirt<\/strong><\/h2>\n<p data-start=\"2302\" data-end=\"2605\">Najwi\u0119ksza zaleta tego modelu to balans mi\u0119dzy prostot\u0105 a wyrazisto\u015bci\u0105. Czarna baza daje uniwersalno\u015b\u0107, a niebieskie elementy podbijaj\u0105 styl i sprawiaj\u0105, \u017ce koszulka wygl\u0105da \u015bwie\u017co. To dobry wyb\u00f3r dla os\u00f3b, kt\u00f3re chc\u0105 codziennego T-shirtu, ale zale\u017cy im na czym\u015b z mocniejszym streetwearowym DNA marki.<\/p>","protected":false},"excerpt":{"rendered":"<p>To model, kt\u00f3ry dobrze odnajduje si\u0119 w codziennych stylizacjach i \u0142atwo dopasowa\u0107 go do reszty garderoby. Jest wygodny, prosty w formie i wyrazisty tam, gdzie trzeba. <strong data-start=\"2867\" data-end=\"2923\">Trapstar Three-peat Champions Tee Black Blue Edition<\/strong> sprawdzi si\u0119 jako baza streetwearowych outfit\u00f3w przez ca\u0142y rok \u2014 od prostych zestaw\u00f3w po bardziej dopracowane, warstwowe looki.<\/p>","protected":false},"featured_media":223058,"template":"","meta":{"_acf_changed":false},"pwb-brand":[777],"product_brand":[],"product_cat":[140,991,903],"product_tag":[1008,1009],"class_list":{"0":"post-223064","1":"product","2":"type-product","3":"status-publish","4":"has-post-thumbnail","6":"pwb-brand-trapstar","7":"product_cat-koszulki","8":"product_cat-koszulki-trapstar","9":"product_cat-wszystkie-koszulki","10":"product_tag-kobieta","11":"product_tag-mezczyzna","12":"pa_rozmiar-ubrania-l","13":"pa_rozmiar-ubrania-m","14":"pa_rozmiar-ubrania-s","15":"pa_rozmiar-ubrania-xl","17":"first","18":"onbackorder","19":"taxable","20":"shipping-taxable","21":"purchasable","22":"product-type-variable"},"acf":[],"yoast_head":"<!-- This site is optimized with the Yoast SEO plugin v27.2 - https:\/\/yoast.com\/product\/yoast-seo-wordpress\/ -->\n<title>Trapstar Three-peat Champions Tee Black\/Blue Edition - SHEZAMME<\/title>\n<meta name=\"description\" content=\"Trapstar Three-peat Champions Tee Black\/Blue Edition | Luksusowe i autentyczne przedmioty w jednym miejscu. B\u0105d\u017a na bie\u017c\u0105co i sprawd\u017a nasz\u0105 ofert\u0119 ju\u017c teraz\" \/>\n<meta name=\"robots\" content=\"index, follow, max-snippet:-1, max-image-preview:large, max-video-preview:-1\" \/>\n<link rel=\"canonical\" href=\"https:\/\/shezamme.com\/en\/sklep\/tshirts-2\/all-tshirts\/trapstar-three-peat-champions-tee-black-blue-edition\/\" \/>\n<meta property=\"og:locale\" content=\"en_US\" \/>\n<meta property=\"og:type\" content=\"article\" \/>\n<meta property=\"og:title\" content=\"Trapstar Three-peat Champions Tee Black\/Blue Edition - SHEZAMME\" \/>\n<meta property=\"og:description\" content=\"Trapstar Three-peat Champions Tee Black\/Blue Edition | Luksusowe i autentyczne przedmioty w jednym miejscu. B\u0105d\u017a na bie\u017c\u0105co i sprawd\u017a nasz\u0105 ofert\u0119 ju\u017c teraz\" \/>\n<meta property=\"og:url\" content=\"https:\/\/shezamme.com\/en\/sklep\/tshirts-2\/all-tshirts\/trapstar-three-peat-champions-tee-black-blue-edition\/\" \/>\n<meta property=\"og:site_name\" content=\"SHEZAMME - Yeezy, Jordan, Supreme i inne oryginalne rzeczy\" \/>\n<meta property=\"article:publisher\" content=\"https:\/\/www.facebook.com\/SHEZAMME\/\" \/>\n<meta property=\"article:modified_time\" content=\"2026-02-20T12:00:22+00:00\" \/>\n<meta property=\"og:image\" content=\"https:\/\/shezamme.com\/wp-content\/uploads\/2026\/02\/Trapstar-Three-peat-Champions-Tee-Black_Blue-Edition.webp\" \/>\n\t<meta property=\"og:image:width\" content=\"1080\" \/>\n\t<meta property=\"og:image:height\" content=\"1080\" \/>\n\t<meta property=\"og:image:type\" content=\"image\/webp\" \/>\n<meta name=\"twitter:card\" content=\"summary_large_image\" \/>\n<meta name=\"twitter:site\" content=\"@SHEZAMME\" \/>\n<meta name=\"twitter:label1\" content=\"Est. reading time\" \/>\n\t<meta name=\"twitter:data1\" content=\"2 minutes\" \/>\n<script type=\"application\/ld+json\" class=\"yoast-schema-graph\">{\"@context\":\"https:\/\/schema.org\",\"@graph\":[{\"@type\":\"WebPage\",\"@id\":\"https:\/\/shezamme.com\/sklep\/koszulki\/wszystkie-koszulki\/trapstar-three-peat-champions-tee-black-blue-edition\/\",\"url\":\"https:\/\/shezamme.com\/sklep\/koszulki\/wszystkie-koszulki\/trapstar-three-peat-champions-tee-black-blue-edition\/\",\"name\":\"Trapstar Three-peat Champions Tee Black\/Blue Edition - SHEZAMME\",\"isPartOf\":{\"@id\":\"https:\/\/shezamme.com\/#website\"},\"primaryImageOfPage\":{\"@id\":\"https:\/\/shezamme.com\/sklep\/koszulki\/wszystkie-koszulki\/trapstar-three-peat-champions-tee-black-blue-edition\/#primaryimage\"},\"image\":{\"@id\":\"https:\/\/shezamme.com\/sklep\/koszulki\/wszystkie-koszulki\/trapstar-three-peat-champions-tee-black-blue-edition\/#primaryimage\"},\"thumbnailUrl\":\"https:\/\/shezamme.com\/wp-content\/uploads\/2026\/02\/Trapstar-Three-peat-Champions-Tee-Black_Blue-Edition.webp\",\"datePublished\":\"2026-02-20T12:00:20+00:00\",\"dateModified\":\"2026-02-20T12:00:22+00:00\",\"description\":\"Trapstar Three-peat Champions Tee Black\/Blue Edition | Luksusowe i autentyczne przedmioty w jednym miejscu. B\u0105d\u017a na bie\u017c\u0105co i sprawd\u017a nasz\u0105 ofert\u0119 ju\u017c teraz\",\"breadcrumb\":{\"@id\":\"https:\/\/shezamme.com\/sklep\/koszulki\/wszystkie-koszulki\/trapstar-three-peat-champions-tee-black-blue-edition\/#breadcrumb\"},\"inLanguage\":\"en-US\",\"potentialAction\":[{\"@type\":\"ReadAction\",\"target\":[\"https:\/\/shezamme.com\/sklep\/koszulki\/wszystkie-koszulki\/trapstar-three-peat-champions-tee-black-blue-edition\/\"]}]},{\"@type\":\"ImageObject\",\"inLanguage\":\"en-US\",\"@id\":\"https:\/\/shezamme.com\/sklep\/koszulki\/wszystkie-koszulki\/trapstar-three-peat-champions-tee-black-blue-edition\/#primaryimage\",\"url\":\"https:\/\/shezamme.com\/wp-content\/uploads\/2026\/02\/Trapstar-Three-peat-Champions-Tee-Black_Blue-Edition.webp\",\"contentUrl\":\"https:\/\/shezamme.com\/wp-content\/uploads\/2026\/02\/Trapstar-Three-peat-Champions-Tee-Black_Blue-Edition.webp\",\"width\":1080,\"height\":1080,\"caption\":\"Trapstar Three-peat Champions Tee Black_Blue Edition\"},{\"@type\":\"BreadcrumbList\",\"@id\":\"https:\/\/shezamme.com\/sklep\/koszulki\/wszystkie-koszulki\/trapstar-three-peat-champions-tee-black-blue-edition\/#breadcrumb\",\"itemListElement\":[{\"@type\":\"ListItem\",\"position\":1,\"name\":\"Strona g\u0142\u00f3wna\",\"item\":\"https:\/\/shezamme.com\/\"},{\"@type\":\"ListItem\",\"position\":2,\"name\":\"Sklep\",\"item\":\"https:\/\/shezamme.com\/sklep\/\"},{\"@type\":\"ListItem\",\"position\":3,\"name\":\"Trapstar Three-peat Champions Tee Black\/Blue Edition\"}]},{\"@type\":\"WebSite\",\"@id\":\"https:\/\/shezamme.com\/#website\",\"url\":\"https:\/\/shezamme.com\/\",\"name\":\"SHEZAMME - Sneakersy, Streetwear i luksusowe marki\",\"description\":\"Oryginalne i ekskluzywne przedmioty w jednym miejscu. Sprawd\u017a nasze produkty ju\u017c teraz i b\u0105d\u017a na bie\u017c\u0105co z wszystkimi premierami.\",\"publisher\":{\"@id\":\"https:\/\/shezamme.com\/#organization\"},\"potentialAction\":[{\"@type\":\"SearchAction\",\"target\":{\"@type\":\"EntryPoint\",\"urlTemplate\":\"https:\/\/shezamme.com\/?s={search_term_string}\"},\"query-input\":{\"@type\":\"PropertyValueSpecification\",\"valueRequired\":true,\"valueName\":\"search_term_string\"}}],\"inLanguage\":\"en-US\"},{\"@type\":\"Organization\",\"@id\":\"https:\/\/shezamme.com\/#organization\",\"name\":\"SHEZAMME - Sneakersy, Streetwear i luksusowe marki\",\"url\":\"https:\/\/shezamme.com\/\",\"logo\":{\"@type\":\"ImageObject\",\"inLanguage\":\"en-US\",\"@id\":\"https:\/\/shezamme.com\/#\/schema\/logo\/image\/\",\"url\":\"https:\/\/shezamme.com\/wp-content\/uploads\/2023\/02\/0x0.png\",\"contentUrl\":\"https:\/\/shezamme.com\/wp-content\/uploads\/2023\/02\/0x0.png\",\"width\":2000,\"height\":2000,\"caption\":\"SHEZAMME - Sneakersy, Streetwear i luksusowe marki\"},\"image\":{\"@id\":\"https:\/\/shezamme.com\/#\/schema\/logo\/image\/\"},\"sameAs\":[\"https:\/\/www.facebook.com\/SHEZAMME\/\",\"https:\/\/x.com\/SHEZAMME\",\"https:\/\/www.instagram.com\/shezamme\/\",\"https:\/\/www.youtube.com\/channel\/UCsTJxi_9fODHdO_1bmJbqvQ\",\"https:\/\/www.tiktok.com\/shezamme.com\"]}]}<\/script>\n<!-- \/ Yoast SEO plugin. -->","yoast_head_json":{"title":"Trapstar Three-peat Champions Tee Black\/Blue Edition - SHEZAMME","description":"Trapstar Three-peat Champions Tee Black\/Blue Edition | Luksusowe i autentyczne przedmioty w jednym miejscu. B\u0105d\u017a na bie\u017c\u0105co i sprawd\u017a nasz\u0105 ofert\u0119 ju\u017c teraz","robots":{"index":"index","follow":"follow","max-snippet":"max-snippet:-1","max-image-preview":"max-image-preview:large","max-video-preview":"max-video-preview:-1"},"canonical":"https:\/\/shezamme.com\/en\/sklep\/tshirts-2\/all-tshirts\/trapstar-three-peat-champions-tee-black-blue-edition\/","og_locale":"en_US","og_type":"article","og_title":"Trapstar Three-peat Champions Tee Black\/Blue Edition - SHEZAMME","og_description":"Trapstar Three-peat Champions Tee Black\/Blue Edition | Luksusowe i autentyczne przedmioty w jednym miejscu. B\u0105d\u017a na bie\u017c\u0105co i sprawd\u017a nasz\u0105 ofert\u0119 ju\u017c teraz","og_url":"https:\/\/shezamme.com\/en\/sklep\/tshirts-2\/all-tshirts\/trapstar-three-peat-champions-tee-black-blue-edition\/","og_site_name":"SHEZAMME - Yeezy, Jordan, Supreme i inne oryginalne rzeczy","article_publisher":"https:\/\/www.facebook.com\/SHEZAMME\/","article_modified_time":"2026-02-20T12:00:22+00:00","og_image":[{"width":1080,"height":1080,"url":"https:\/\/shezamme.com\/wp-content\/uploads\/2026\/02\/Trapstar-Three-peat-Champions-Tee-Black_Blue-Edition.webp","type":"image\/webp"}],"twitter_card":"summary_large_image","twitter_site":"@SHEZAMME","twitter_misc":{"Est. reading time":"2 minutes"},"schema":{"@context":"https:\/\/schema.org","@graph":[{"@type":"WebPage","@id":"https:\/\/shezamme.com\/sklep\/koszulki\/wszystkie-koszulki\/trapstar-three-peat-champions-tee-black-blue-edition\/","url":"https:\/\/shezamme.com\/sklep\/koszulki\/wszystkie-koszulki\/trapstar-three-peat-champions-tee-black-blue-edition\/","name":"Trapstar Three-peat Champions Tee Black\/Blue Edition - SHEZAMME","isPartOf":{"@id":"https:\/\/shezamme.com\/#website"},"primaryImageOfPage":{"@id":"https:\/\/shezamme.com\/sklep\/koszulki\/wszystkie-koszulki\/trapstar-three-peat-champions-tee-black-blue-edition\/#primaryimage"},"image":{"@id":"https:\/\/shezamme.com\/sklep\/koszulki\/wszystkie-koszulki\/trapstar-three-peat-champions-tee-black-blue-edition\/#primaryimage"},"thumbnailUrl":"https:\/\/shezamme.com\/wp-content\/uploads\/2026\/02\/Trapstar-Three-peat-Champions-Tee-Black_Blue-Edition.webp","datePublished":"2026-02-20T12:00:20+00:00","dateModified":"2026-02-20T12:00:22+00:00","description":"Trapstar Three-peat Champions Tee Black\/Blue Edition | Luksusowe i autentyczne przedmioty w jednym miejscu. B\u0105d\u017a na bie\u017c\u0105co i sprawd\u017a nasz\u0105 ofert\u0119 ju\u017c teraz","breadcrumb":{"@id":"https:\/\/shezamme.com\/sklep\/koszulki\/wszystkie-koszulki\/trapstar-three-peat-champions-tee-black-blue-edition\/#breadcrumb"},"inLanguage":"en-US","potentialAction":[{"@type":"ReadAction","target":["https:\/\/shezamme.com\/sklep\/koszulki\/wszystkie-koszulki\/trapstar-three-peat-champions-tee-black-blue-edition\/"]}]},{"@type":"ImageObject","inLanguage":"en-US","@id":"https:\/\/shezamme.com\/sklep\/koszulki\/wszystkie-koszulki\/trapstar-three-peat-champions-tee-black-blue-edition\/#primaryimage","url":"https:\/\/shezamme.com\/wp-content\/uploads\/2026\/02\/Trapstar-Three-peat-Champions-Tee-Black_Blue-Edition.webp","contentUrl":"https:\/\/shezamme.com\/wp-content\/uploads\/2026\/02\/Trapstar-Three-peat-Champions-Tee-Black_Blue-Edition.webp","width":1080,"height":1080,"caption":"Trapstar Three-peat Champions Tee Black_Blue Edition"},{"@type":"BreadcrumbList","@id":"https:\/\/shezamme.com\/sklep\/koszulki\/wszystkie-koszulki\/trapstar-three-peat-champions-tee-black-blue-edition\/#breadcrumb","itemListElement":[{"@type":"ListItem","position":1,"name":"Strona g\u0142\u00f3wna","item":"https:\/\/shezamme.com\/"},{"@type":"ListItem","position":2,"name":"Sklep","item":"https:\/\/shezamme.com\/sklep\/"},{"@type":"ListItem","position":3,"name":"Trapstar Three-peat Champions Tee Black\/Blue Edition"}]},{"@type":"WebSite","@id":"https:\/\/shezamme.com\/#website","url":"https:\/\/shezamme.com\/","name":"SHEZAMME - Sneakers, Streetwear and luxury brands","description":"Original and exclusive items in one place. Check out our products now and stay up to date with all launches.","publisher":{"@id":"https:\/\/shezamme.com\/#organization"},"potentialAction":[{"@type":"SearchAction","target":{"@type":"EntryPoint","urlTemplate":"https:\/\/shezamme.com\/?s={search_term_string}"},"query-input":{"@type":"PropertyValueSpecification","valueRequired":true,"valueName":"search_term_string"}}],"inLanguage":"en-US"},{"@type":"Organization","@id":"https:\/\/shezamme.com\/#organization","name":"SHEZAMME - Sneakers, Streetwear and luxury brands","url":"https:\/\/shezamme.com\/","logo":{"@type":"ImageObject","inLanguage":"en-US","@id":"https:\/\/shezamme.com\/#\/schema\/logo\/image\/","url":"https:\/\/shezamme.com\/wp-content\/uploads\/2023\/02\/0x0.png","contentUrl":"https:\/\/shezamme.com\/wp-content\/uploads\/2023\/02\/0x0.png","width":2000,"height":2000,"caption":"SHEZAMME - Sneakersy, Streetwear i luksusowe marki"},"image":{"@id":"https:\/\/shezamme.com\/#\/schema\/logo\/image\/"},"sameAs":["https:\/\/www.facebook.com\/SHEZAMME\/","https:\/\/x.com\/SHEZAMME","https:\/\/www.instagram.com\/shezamme\/","https:\/\/www.youtube.com\/channel\/UCsTJxi_9fODHdO_1bmJbqvQ","https:\/\/www.tiktok.com\/shezamme.com"]}]}},"brands":[{"id":777,"name":"Trapstar","slug":"trapstar"}],"_links":{"self":[{"href":"https:\/\/shezamme.com\/en\/wp-json\/wp\/v2\/product\/223064","targetHints":{"allow":["GET"]}}],"collection":[{"href":"https:\/\/shezamme.com\/en\/wp-json\/wp\/v2\/product"}],"about":[{"href":"https:\/\/shezamme.com\/en\/wp-json\/wp\/v2\/types\/product"}],"wp:featuredmedia":[{"embeddable":true,"href":"https:\/\/shezamme.com\/en\/wp-json\/wp\/v2\/media\/223058"}],"wp:attachment":[{"href":"https:\/\/shezamme.com\/en\/wp-json\/wp\/v2\/media?parent=223064"}],"wp:term":[{"taxonomy":"pwb-brand","embeddable":true,"href":"https:\/\/shezamme.com\/en\/wp-json\/wp\/v2\/pwb-brand?post=223064"},{"taxonomy":"product_brand","embeddable":true,"href":"https:\/\/shezamme.com\/en\/wp-json\/wp\/v2\/product_brand?post=223064"},{"taxonomy":"product_cat","embeddable":true,"href":"https:\/\/shezamme.com\/en\/wp-json\/wp\/v2\/product_cat?post=223064"},{"taxonomy":"product_tag","embeddable":true,"href":"https:\/\/shezamme.com\/en\/wp-json\/wp\/v2\/product_tag?post=223064"}],"curies":[{"name":"wp","href":"https:\/\/api.w.org\/{rel}","templated":true}]}}