{"id":221216,"date":"2026-01-22T11:54:16","date_gmt":"2026-01-22T10:54:16","guid":{"rendered":"https:\/\/shezamme.com\/?post_type=product&#038;p=221216"},"modified":"2026-01-22T22:12:00","modified_gmt":"2026-01-22T21:12:00","slug":"wkladki-do-butow-antycreasing-protect-shields-l","status":"publish","type":"product","link":"https:\/\/shezamme.com\/en\/sklep\/akcesoria\/wszystkie-akcesoria\/wkladki-do-butow-antycreasing-protect-shields-l\/","title":{"rendered":"Wk\u0142adki do but\u00f3w antycreasing protect shields L"},"content":{"rendered":"<h2 data-start=\"0\" data-end=\"82\">Wk\u0142adki do but\u00f3w anty-creasing Protect Shields L \u2013 Skuteczna Ochrona i Estetyka<\/h2>\n<p data-start=\"84\" data-end=\"513\"><strong data-start=\"84\" data-end=\"136\">Wk\u0142adki do but\u00f3w anty-creasing Protect Shields L<\/strong> to praktyczne rozwi\u0105zanie stworzone z my\u015bl\u0105 o zachowaniu nienagannego wygl\u0105du Twojego obuwia. Ich zadaniem jest zapobieganie powstawaniu <strong data-start=\"274\" data-end=\"315\">nieestetycznych zagniece\u0144 (creasingu)<\/strong> w przedniej cz\u0119\u015bci buta \u2014 w miejscu, gdzie materia\u0142 najcz\u0119\u015bciej ugina si\u0119 podczas chodzenia. Dzi\u0119ki temu Twoje sneakersy, buty casualowe czy sportowe wygl\u0105daj\u0105 \u015bwie\u017co i zadbanie przez d\u0142u\u017cszy czas.<\/p>\n<h2 data-start=\"515\" data-end=\"557\">Czym s\u0105 Protect Shields i jak dzia\u0142aj\u0105?<\/h2>\n<p data-start=\"559\" data-end=\"725\">Protect Shields to specjalne wk\u0142adki anty-creasing, kt\u00f3re umieszcza si\u0119 wewn\u0105trz buta, bezpo\u015brednio pod standardow\u0105 wk\u0142adk\u0105, w obszarze palc\u00f3w. Ich g\u0142\u00f3wna funkcja to:<\/p>\n<ul data-start=\"727\" data-end=\"923\">\n<li data-start=\"727\" data-end=\"775\">\n<p data-start=\"729\" data-end=\"775\"><strong data-start=\"729\" data-end=\"760\">wzmacnianie strefy palcowej<\/strong> od wewn\u0105trz,<\/p>\n<\/li>\n<li data-start=\"776\" data-end=\"815\">\n<p data-start=\"778\" data-end=\"815\"><strong data-start=\"778\" data-end=\"812\">ograniczenie zginania cholewki<\/strong>,<\/p>\n<\/li>\n<li data-start=\"816\" data-end=\"875\">\n<p data-start=\"818\" data-end=\"875\"><strong data-start=\"818\" data-end=\"872\">minimalizowanie powstawania zagniece\u0144 na materiale<\/strong>,<\/p>\n<\/li>\n<li data-start=\"876\" data-end=\"923\">\n<p data-start=\"878\" data-end=\"923\"><strong data-start=\"878\" data-end=\"922\">przed\u0142u\u017cenie estetycznego wygl\u0105du obuwia<\/strong>.<\/p>\n<\/li>\n<\/ul>\n<p data-start=\"925\" data-end=\"1138\">Wersja <strong data-start=\"932\" data-end=\"937\">L<\/strong> zosta\u0142a zaprojektowana specjalnie do <strong data-start=\"975\" data-end=\"1005\">wi\u0119kszych rozmiar\u00f3w obuwia<\/strong> i bardziej obszernych sylwetek but\u00f3w, dzi\u0119ki czemu pasuje idealnie w sneakersy, buty sportowe czy modele casual o szerokiej budowie.<\/p>\n<h2 data-start=\"1140\" data-end=\"1191\">Dlaczego warto chroni\u0107 buty przed zagnieceniami?<\/h2>\n<p data-start=\"1193\" data-end=\"1438\">Podczas normalnego chodzenia materia\u0142 cholewki (szczeg\u00f3lnie sk\u00f3ry, materia\u0142\u00f3w syntetycznych lub tkanin o delikatniejszej strukturze) ulega naturalnemu zginaniu. To w\u0142a\u015bnie w tym miejscu najcz\u0119\u015bciej pojawiaj\u0105 si\u0119 nieestetyczne zagniecenia, kt\u00f3re:<\/p>\n<ul data-start=\"1440\" data-end=\"1639\">\n<li data-start=\"1440\" data-end=\"1517\">\n<p data-start=\"1442\" data-end=\"1517\">sprawiaj\u0105, \u017ce buty wygl\u0105daj\u0105 na \u201czu\u017cyte\u201d, nawet przy kr\u00f3tkim u\u017cytkowaniu,<\/p>\n<\/li>\n<li data-start=\"1518\" data-end=\"1569\">\n<p data-start=\"1520\" data-end=\"1569\">skracaj\u0105 estetyczn\u0105 \u017cywotno\u015b\u0107 dro\u017cszych modeli,<\/p>\n<\/li>\n<li data-start=\"1570\" data-end=\"1639\">\n<p data-start=\"1572\" data-end=\"1639\">psuj\u0105 wizualn\u0105 harmoni\u0119 sneakers\u00f3w lifestyle\u2019owych czy casualowych.<\/p>\n<\/li>\n<\/ul>\n<p data-start=\"1641\" data-end=\"1805\"><strong data-start=\"1641\" data-end=\"1670\">Wk\u0142adki Protect Shields L<\/strong> skutecznie redukuj\u0105 ten efekt, wzmacniaj\u0105c materia\u0142 od \u015brodka i pomagaj\u0105c zachowa\u0107 g\u0142adk\u0105, \u201ejak now\u0105\u201d powierzchni\u0119 cholewki na d\u0142u\u017cej.<\/p>\n<h2 data-start=\"1807\" data-end=\"1840\">Komfort noszenia i dopasowanie<\/h2>\n<p data-start=\"1842\" data-end=\"1909\">Wk\u0142adki zosta\u0142y wykonane z lekkiego, elastycznego materia\u0142u, kt\u00f3ry:<\/p>\n<ul data-start=\"1911\" data-end=\"2110\">\n<li data-start=\"1911\" data-end=\"1962\">\n<p data-start=\"1913\" data-end=\"1962\"><strong data-start=\"1913\" data-end=\"1959\">nie wp\u0142ywa negatywnie na komfort chodzenia<\/strong>,<\/p>\n<\/li>\n<li data-start=\"1963\" data-end=\"2000\">\n<p data-start=\"1965\" data-end=\"2000\"><strong data-start=\"1965\" data-end=\"1997\">nie zaburza amortyzacji buta<\/strong>,<\/p>\n<\/li>\n<li data-start=\"2001\" data-end=\"2052\">\n<p data-start=\"2003\" data-end=\"2052\"><strong data-start=\"2003\" data-end=\"2049\">dopasowuje si\u0119 do naturalnych ruch\u00f3w stopy<\/strong>,<\/p>\n<\/li>\n<li data-start=\"2053\" data-end=\"2110\">\n<p data-start=\"2055\" data-end=\"2110\"><strong data-start=\"2055\" data-end=\"2109\">jest praktycznie niewyczuwalny podczas u\u017cytkowania<\/strong>.<\/p>\n<\/li>\n<\/ul>\n<p data-start=\"2112\" data-end=\"2235\">Dzi\u0119ki temu ochrona przed zagnieceniami dzia\u0142a bez uszczerbku dla wygody noszenia \u2013 wk\u0142adki dzia\u0142aj\u0105 niemal niezauwa\u017calnie.<\/p>","protected":false},"excerpt":{"rendered":"<p><strong data-start=\"3124\" data-end=\"3176\">Wk\u0142adki do but\u00f3w anty-creasing Protect Shields L<\/strong> to praktyczny i skuteczny spos\u00f3b na utrzymanie estetyki obuwia na d\u0142u\u017cej. Dzi\u0119ki nim Twoje sneakersy i inne modele nie trac\u0105 elegancji oraz \u015bwie\u017cego wygl\u0105du, nawet przy intensywnym u\u017cytkowaniu. To dodatek, kt\u00f3ry dzia\u0142a dyskretnie, jest \u0142atwy w monta\u017cu i nie wp\u0142ywa negatywnie na komfort noszenia \u2013 idealny dla os\u00f3b, kt\u00f3re dbaj\u0105 o detale i chc\u0105, aby ich buty wygl\u0105da\u0142y \u015bwietnie na co dzie\u0144, sezon po sezonie.<\/p>","protected":false},"featured_media":221194,"template":"","meta":{"_acf_changed":false,"_yoast_wpseo_focuskw":"Wk\u0142adki do but\u00f3w antycreasing protect shields L","_yoast_wpseo_title":"","_yoast_wpseo_metadesc":""},"pwb-brand":[],"product_brand":[],"product_cat":[23,1053,975],"product_tag":[1008,1009],"class_list":{"0":"post-221216","1":"product","2":"type-product","3":"status-publish","4":"has-post-thumbnail","6":"product_cat-akcesoria","7":"product_cat-akcesoria-do-butow","8":"product_cat-wszystkie-akcesoria","9":"product_tag-kobieta","10":"product_tag-mezczyzna","11":"pa_rozmiar-ubrania-l","13":"first","14":"onbackorder","15":"taxable","16":"shipping-taxable","17":"purchasable","18":"product-type-variable"},"acf":[],"yoast_head":"<!-- This site is optimized with the Yoast SEO plugin v27.3 - https:\/\/yoast.com\/product\/yoast-seo-wordpress\/ -->\n<title>Wk\u0142adki do but\u00f3w antycreasing protect shields L - SHEZAMME<\/title>\n<meta name=\"description\" content=\"Wk\u0142adki do but\u00f3w antycreasing protect shields L | Luksusowe i autentyczne przedmioty w jednym miejscu. B\u0105d\u017a na bie\u017c\u0105co i sprawd\u017a nasz\u0105 ofert\u0119 ju\u017c teraz\" \/>\n<meta name=\"robots\" content=\"index, follow, max-snippet:-1, max-image-preview:large, max-video-preview:-1\" \/>\n<link rel=\"canonical\" href=\"https:\/\/shezamme.com\/en\/sklep\/accesories\/all-accesories\/wkladki-do-butow-antycreasing-protect-shields-l\/\" \/>\n<meta property=\"og:locale\" content=\"en_US\" \/>\n<meta property=\"og:type\" content=\"article\" \/>\n<meta property=\"og:title\" content=\"Wk\u0142adki do but\u00f3w antycreasing protect shields L - SHEZAMME\" \/>\n<meta property=\"og:description\" content=\"Wk\u0142adki do but\u00f3w antycreasing protect shields L | Luksusowe i autentyczne przedmioty w jednym miejscu. B\u0105d\u017a na bie\u017c\u0105co i sprawd\u017a nasz\u0105 ofert\u0119 ju\u017c teraz\" \/>\n<meta property=\"og:url\" content=\"https:\/\/shezamme.com\/en\/sklep\/accesories\/all-accesories\/wkladki-do-butow-antycreasing-protect-shields-l\/\" \/>\n<meta property=\"og:site_name\" content=\"SHEZAMME - Yeezy, Jordan, Supreme i inne oryginalne rzeczy\" \/>\n<meta property=\"article:publisher\" content=\"https:\/\/www.facebook.com\/SHEZAMME\/\" \/>\n<meta property=\"article:modified_time\" content=\"2026-01-22T21:12:00+00:00\" \/>\n<meta property=\"og:image\" content=\"https:\/\/shezamme.com\/wp-content\/uploads\/2026\/01\/Wkladki-do-butow-antycreasing-protect-shields-L.webp\" \/>\n\t<meta property=\"og:image:width\" content=\"1080\" \/>\n\t<meta property=\"og:image:height\" content=\"1080\" \/>\n\t<meta property=\"og:image:type\" content=\"image\/webp\" \/>\n<meta name=\"twitter:card\" content=\"summary_large_image\" \/>\n<meta name=\"twitter:site\" content=\"@SHEZAMME\" \/>\n<meta name=\"twitter:label1\" content=\"Est. reading time\" \/>\n\t<meta name=\"twitter:data1\" content=\"2 minutes\" \/>\n<script type=\"application\/ld+json\" class=\"yoast-schema-graph\">{\"@context\":\"https:\\\/\\\/schema.org\",\"@graph\":[{\"@type\":\"WebPage\",\"@id\":\"https:\\\/\\\/shezamme.com\\\/sklep\\\/akcesoria\\\/wszystkie-akcesoria\\\/wkladki-do-butow-antycreasing-protect-shields-l\\\/\",\"url\":\"https:\\\/\\\/shezamme.com\\\/sklep\\\/akcesoria\\\/wszystkie-akcesoria\\\/wkladki-do-butow-antycreasing-protect-shields-l\\\/\",\"name\":\"Wk\u0142adki do but\u00f3w antycreasing protect shields L - SHEZAMME\",\"isPartOf\":{\"@id\":\"https:\\\/\\\/shezamme.com\\\/#website\"},\"primaryImageOfPage\":{\"@id\":\"https:\\\/\\\/shezamme.com\\\/sklep\\\/akcesoria\\\/wszystkie-akcesoria\\\/wkladki-do-butow-antycreasing-protect-shields-l\\\/#primaryimage\"},\"image\":{\"@id\":\"https:\\\/\\\/shezamme.com\\\/sklep\\\/akcesoria\\\/wszystkie-akcesoria\\\/wkladki-do-butow-antycreasing-protect-shields-l\\\/#primaryimage\"},\"thumbnailUrl\":\"https:\\\/\\\/shezamme.com\\\/wp-content\\\/uploads\\\/2026\\\/01\\\/Wkladki-do-butow-antycreasing-protect-shields-L.webp\",\"datePublished\":\"2026-01-22T10:54:16+00:00\",\"dateModified\":\"2026-01-22T21:12:00+00:00\",\"description\":\"Wk\u0142adki do but\u00f3w antycreasing protect shields L | Luksusowe i autentyczne przedmioty w jednym miejscu. B\u0105d\u017a na bie\u017c\u0105co i sprawd\u017a nasz\u0105 ofert\u0119 ju\u017c teraz\",\"breadcrumb\":{\"@id\":\"https:\\\/\\\/shezamme.com\\\/sklep\\\/akcesoria\\\/wszystkie-akcesoria\\\/wkladki-do-butow-antycreasing-protect-shields-l\\\/#breadcrumb\"},\"inLanguage\":\"en-US\",\"potentialAction\":[{\"@type\":\"ReadAction\",\"target\":[\"https:\\\/\\\/shezamme.com\\\/sklep\\\/akcesoria\\\/wszystkie-akcesoria\\\/wkladki-do-butow-antycreasing-protect-shields-l\\\/\"]}]},{\"@type\":\"ImageObject\",\"inLanguage\":\"en-US\",\"@id\":\"https:\\\/\\\/shezamme.com\\\/sklep\\\/akcesoria\\\/wszystkie-akcesoria\\\/wkladki-do-butow-antycreasing-protect-shields-l\\\/#primaryimage\",\"url\":\"https:\\\/\\\/shezamme.com\\\/wp-content\\\/uploads\\\/2026\\\/01\\\/Wkladki-do-butow-antycreasing-protect-shields-L.webp\",\"contentUrl\":\"https:\\\/\\\/shezamme.com\\\/wp-content\\\/uploads\\\/2026\\\/01\\\/Wkladki-do-butow-antycreasing-protect-shields-L.webp\",\"width\":1080,\"height\":1080,\"caption\":\"Wk\u0142adki do but\u00f3w antycreasing protect shields L\"},{\"@type\":\"BreadcrumbList\",\"@id\":\"https:\\\/\\\/shezamme.com\\\/sklep\\\/akcesoria\\\/wszystkie-akcesoria\\\/wkladki-do-butow-antycreasing-protect-shields-l\\\/#breadcrumb\",\"itemListElement\":[{\"@type\":\"ListItem\",\"position\":1,\"name\":\"Strona g\u0142\u00f3wna\",\"item\":\"https:\\\/\\\/shezamme.com\\\/\"},{\"@type\":\"ListItem\",\"position\":2,\"name\":\"Sklep\",\"item\":\"https:\\\/\\\/shezamme.com\\\/en\\\/sklep\\\/\"},{\"@type\":\"ListItem\",\"position\":3,\"name\":\"Wk\u0142adki do but\u00f3w antycreasing protect shields L\"}]},{\"@type\":\"WebSite\",\"@id\":\"https:\\\/\\\/shezamme.com\\\/#website\",\"url\":\"https:\\\/\\\/shezamme.com\\\/\",\"name\":\"SHEZAMME - Sneakersy, Streetwear i luksusowe marki\",\"description\":\"Oryginalne i ekskluzywne przedmioty w jednym miejscu. Sprawd\u017a nasze produkty ju\u017c teraz i b\u0105d\u017a na bie\u017c\u0105co z wszystkimi premierami.\",\"publisher\":{\"@id\":\"https:\\\/\\\/shezamme.com\\\/#organization\"},\"potentialAction\":[{\"@type\":\"SearchAction\",\"target\":{\"@type\":\"EntryPoint\",\"urlTemplate\":\"https:\\\/\\\/shezamme.com\\\/?s={search_term_string}\"},\"query-input\":{\"@type\":\"PropertyValueSpecification\",\"valueRequired\":true,\"valueName\":\"search_term_string\"}}],\"inLanguage\":\"en-US\"},{\"@type\":\"Organization\",\"@id\":\"https:\\\/\\\/shezamme.com\\\/#organization\",\"name\":\"SHEZAMME - Sneakersy, Streetwear i luksusowe marki\",\"url\":\"https:\\\/\\\/shezamme.com\\\/\",\"logo\":{\"@type\":\"ImageObject\",\"inLanguage\":\"en-US\",\"@id\":\"https:\\\/\\\/shezamme.com\\\/#\\\/schema\\\/logo\\\/image\\\/\",\"url\":\"https:\\\/\\\/shezamme.com\\\/wp-content\\\/uploads\\\/2023\\\/02\\\/0x0.png\",\"contentUrl\":\"https:\\\/\\\/shezamme.com\\\/wp-content\\\/uploads\\\/2023\\\/02\\\/0x0.png\",\"width\":2000,\"height\":2000,\"caption\":\"SHEZAMME - Sneakersy, Streetwear i luksusowe marki\"},\"image\":{\"@id\":\"https:\\\/\\\/shezamme.com\\\/#\\\/schema\\\/logo\\\/image\\\/\"},\"sameAs\":[\"https:\\\/\\\/www.facebook.com\\\/SHEZAMME\\\/\",\"https:\\\/\\\/x.com\\\/SHEZAMME\",\"https:\\\/\\\/www.instagram.com\\\/shezamme\\\/\",\"https:\\\/\\\/www.youtube.com\\\/channel\\\/UCsTJxi_9fODHdO_1bmJbqvQ\",\"https:\\\/\\\/www.tiktok.com\\\/shezamme.com\"]}]}<\/script>\n<!-- \/ Yoast SEO plugin. -->","yoast_head_json":{"title":"Wk\u0142adki do but\u00f3w antycreasing protect shields L - SHEZAMME","description":"Wk\u0142adki do but\u00f3w antycreasing protect shields L | Luksusowe i autentyczne przedmioty w jednym miejscu. B\u0105d\u017a na bie\u017c\u0105co i sprawd\u017a nasz\u0105 ofert\u0119 ju\u017c teraz","robots":{"index":"index","follow":"follow","max-snippet":"max-snippet:-1","max-image-preview":"max-image-preview:large","max-video-preview":"max-video-preview:-1"},"canonical":"https:\/\/shezamme.com\/en\/sklep\/accesories\/all-accesories\/wkladki-do-butow-antycreasing-protect-shields-l\/","og_locale":"en_US","og_type":"article","og_title":"Wk\u0142adki do but\u00f3w antycreasing protect shields L - SHEZAMME","og_description":"Wk\u0142adki do but\u00f3w antycreasing protect shields L | Luksusowe i autentyczne przedmioty w jednym miejscu. B\u0105d\u017a na bie\u017c\u0105co i sprawd\u017a nasz\u0105 ofert\u0119 ju\u017c teraz","og_url":"https:\/\/shezamme.com\/en\/sklep\/accesories\/all-accesories\/wkladki-do-butow-antycreasing-protect-shields-l\/","og_site_name":"SHEZAMME - Yeezy, Jordan, Supreme i inne oryginalne rzeczy","article_publisher":"https:\/\/www.facebook.com\/SHEZAMME\/","article_modified_time":"2026-01-22T21:12:00+00:00","og_image":[{"width":1080,"height":1080,"url":"https:\/\/shezamme.com\/wp-content\/uploads\/2026\/01\/Wkladki-do-butow-antycreasing-protect-shields-L.webp","type":"image\/webp"}],"twitter_card":"summary_large_image","twitter_site":"@SHEZAMME","twitter_misc":{"Est. reading time":"2 minutes"},"schema":{"@context":"https:\/\/schema.org","@graph":[{"@type":"WebPage","@id":"https:\/\/shezamme.com\/sklep\/akcesoria\/wszystkie-akcesoria\/wkladki-do-butow-antycreasing-protect-shields-l\/","url":"https:\/\/shezamme.com\/sklep\/akcesoria\/wszystkie-akcesoria\/wkladki-do-butow-antycreasing-protect-shields-l\/","name":"Wk\u0142adki do but\u00f3w antycreasing protect shields L - SHEZAMME","isPartOf":{"@id":"https:\/\/shezamme.com\/#website"},"primaryImageOfPage":{"@id":"https:\/\/shezamme.com\/sklep\/akcesoria\/wszystkie-akcesoria\/wkladki-do-butow-antycreasing-protect-shields-l\/#primaryimage"},"image":{"@id":"https:\/\/shezamme.com\/sklep\/akcesoria\/wszystkie-akcesoria\/wkladki-do-butow-antycreasing-protect-shields-l\/#primaryimage"},"thumbnailUrl":"https:\/\/shezamme.com\/wp-content\/uploads\/2026\/01\/Wkladki-do-butow-antycreasing-protect-shields-L.webp","datePublished":"2026-01-22T10:54:16+00:00","dateModified":"2026-01-22T21:12:00+00:00","description":"Wk\u0142adki do but\u00f3w antycreasing protect shields L | Luksusowe i autentyczne przedmioty w jednym miejscu. B\u0105d\u017a na bie\u017c\u0105co i sprawd\u017a nasz\u0105 ofert\u0119 ju\u017c teraz","breadcrumb":{"@id":"https:\/\/shezamme.com\/sklep\/akcesoria\/wszystkie-akcesoria\/wkladki-do-butow-antycreasing-protect-shields-l\/#breadcrumb"},"inLanguage":"en-US","potentialAction":[{"@type":"ReadAction","target":["https:\/\/shezamme.com\/sklep\/akcesoria\/wszystkie-akcesoria\/wkladki-do-butow-antycreasing-protect-shields-l\/"]}]},{"@type":"ImageObject","inLanguage":"en-US","@id":"https:\/\/shezamme.com\/sklep\/akcesoria\/wszystkie-akcesoria\/wkladki-do-butow-antycreasing-protect-shields-l\/#primaryimage","url":"https:\/\/shezamme.com\/wp-content\/uploads\/2026\/01\/Wkladki-do-butow-antycreasing-protect-shields-L.webp","contentUrl":"https:\/\/shezamme.com\/wp-content\/uploads\/2026\/01\/Wkladki-do-butow-antycreasing-protect-shields-L.webp","width":1080,"height":1080,"caption":"Wk\u0142adki do but\u00f3w antycreasing protect shields L"},{"@type":"BreadcrumbList","@id":"https:\/\/shezamme.com\/sklep\/akcesoria\/wszystkie-akcesoria\/wkladki-do-butow-antycreasing-protect-shields-l\/#breadcrumb","itemListElement":[{"@type":"ListItem","position":1,"name":"Strona g\u0142\u00f3wna","item":"https:\/\/shezamme.com\/"},{"@type":"ListItem","position":2,"name":"Sklep","item":"https:\/\/shezamme.com\/en\/sklep\/"},{"@type":"ListItem","position":3,"name":"Wk\u0142adki do but\u00f3w antycreasing protect shields L"}]},{"@type":"WebSite","@id":"https:\/\/shezamme.com\/#website","url":"https:\/\/shezamme.com\/","name":"SHEZAMME - Sneakers, Streetwear and luxury brands","description":"Original and exclusive items in one place. Check out our products now and stay up to date with all launches.","publisher":{"@id":"https:\/\/shezamme.com\/#organization"},"potentialAction":[{"@type":"SearchAction","target":{"@type":"EntryPoint","urlTemplate":"https:\/\/shezamme.com\/?s={search_term_string}"},"query-input":{"@type":"PropertyValueSpecification","valueRequired":true,"valueName":"search_term_string"}}],"inLanguage":"en-US"},{"@type":"Organization","@id":"https:\/\/shezamme.com\/#organization","name":"SHEZAMME - Sneakers, Streetwear and luxury brands","url":"https:\/\/shezamme.com\/","logo":{"@type":"ImageObject","inLanguage":"en-US","@id":"https:\/\/shezamme.com\/#\/schema\/logo\/image\/","url":"https:\/\/shezamme.com\/wp-content\/uploads\/2023\/02\/0x0.png","contentUrl":"https:\/\/shezamme.com\/wp-content\/uploads\/2023\/02\/0x0.png","width":2000,"height":2000,"caption":"SHEZAMME - Sneakersy, Streetwear i luksusowe marki"},"image":{"@id":"https:\/\/shezamme.com\/#\/schema\/logo\/image\/"},"sameAs":["https:\/\/www.facebook.com\/SHEZAMME\/","https:\/\/x.com\/SHEZAMME","https:\/\/www.instagram.com\/shezamme\/","https:\/\/www.youtube.com\/channel\/UCsTJxi_9fODHdO_1bmJbqvQ","https:\/\/www.tiktok.com\/shezamme.com"]}]}},"brands":[],"_links":{"self":[{"href":"https:\/\/shezamme.com\/en\/wp-json\/wp\/v2\/product\/221216","targetHints":{"allow":["GET"]}}],"collection":[{"href":"https:\/\/shezamme.com\/en\/wp-json\/wp\/v2\/product"}],"about":[{"href":"https:\/\/shezamme.com\/en\/wp-json\/wp\/v2\/types\/product"}],"wp:featuredmedia":[{"embeddable":true,"href":"https:\/\/shezamme.com\/en\/wp-json\/wp\/v2\/media\/221194"}],"wp:attachment":[{"href":"https:\/\/shezamme.com\/en\/wp-json\/wp\/v2\/media?parent=221216"}],"wp:term":[{"taxonomy":"pwb-brand","embeddable":true,"href":"https:\/\/shezamme.com\/en\/wp-json\/wp\/v2\/pwb-brand?post=221216"},{"taxonomy":"product_brand","embeddable":true,"href":"https:\/\/shezamme.com\/en\/wp-json\/wp\/v2\/product_brand?post=221216"},{"taxonomy":"product_cat","embeddable":true,"href":"https:\/\/shezamme.com\/en\/wp-json\/wp\/v2\/product_cat?post=221216"},{"taxonomy":"product_tag","embeddable":true,"href":"https:\/\/shezamme.com\/en\/wp-json\/wp\/v2\/product_tag?post=221216"}],"curies":[{"name":"wp","href":"https:\/\/api.w.org\/{rel}","templated":true}]}}