{"id":221215,"date":"2026-01-22T11:54:09","date_gmt":"2026-01-22T10:54:09","guid":{"rendered":"https:\/\/shezamme.com\/?post_type=product&#038;p=221215"},"modified":"2026-01-22T22:13:14","modified_gmt":"2026-01-22T21:13:14","slug":"wkladki-do-butow-antycreasing-protect-shields-s","status":"publish","type":"product","link":"https:\/\/shezamme.com\/en\/sklep\/akcesoria\/wszystkie-akcesoria\/wkladki-do-butow-antycreasing-protect-shields-s\/","title":{"rendered":"Wk\u0142adki do but\u00f3w antycreasing protect shields S"},"content":{"rendered":"<h2 data-start=\"0\" data-end=\"95\">Wk\u0142adki do but\u00f3w Anty-Creasing Protect Shields S \u2013 Ochrona, kt\u00f3ra Przed\u0142u\u017ca \u017bywotno\u015b\u0107 Obuwia<\/h2>\n<p data-start=\"97\" data-end=\"512\"><strong data-start=\"97\" data-end=\"148\">Wk\u0142adki do but\u00f3w antycreasing Protect Shields S<\/strong> to praktyczny dodatek stworzony z my\u015bl\u0105 o zachowaniu estetycznego wygl\u0105du obuwia. Ich g\u0142\u00f3wnym zadaniem jest ochrona przed <strong data-start=\"271\" data-end=\"315\">nieestetycznymi zagnieceniami (creasing)<\/strong> w przedniej cz\u0119\u015bci cholewki \u2013 szczeg\u00f3lnie w okolicach palc\u00f3w, gdzie materia\u0142 najbardziej si\u0119 ugina podczas chodzenia. Dzi\u0119ki temu Twoje buty zachowuj\u0105 \u015bwie\u017cy, \u201ejak nowe\u201d wygl\u0105d przez d\u0142u\u017cszy czas.<\/p>\n<h2 data-start=\"514\" data-end=\"542\">Co to s\u0105 Protect Shields?<\/h2>\n<p data-start=\"544\" data-end=\"722\">Protect Shields to specjalne wk\u0142adki anty-creasing, kt\u00f3re umieszcza si\u0119 wewn\u0105trz buta, tu\u017c pod standardow\u0105 wk\u0142adk\u0105, w okolicy przodostopia. Dzia\u0142aj\u0105 jak wewn\u0119trzna tarcza, kt\u00f3ra:<\/p>\n<ul data-start=\"724\" data-end=\"916\">\n<li data-start=\"724\" data-end=\"761\">\n<p data-start=\"726\" data-end=\"761\"><strong data-start=\"726\" data-end=\"758\">wzmacnia stref\u0119 palcow\u0105 buta<\/strong>,<\/p>\n<\/li>\n<li data-start=\"762\" data-end=\"799\">\n<p data-start=\"764\" data-end=\"799\"><strong data-start=\"764\" data-end=\"796\">ogranicza zginanie materia\u0142u<\/strong>,<\/p>\n<\/li>\n<li data-start=\"800\" data-end=\"854\">\n<p data-start=\"802\" data-end=\"854\"><strong data-start=\"802\" data-end=\"851\">zapobiega tworzeniu si\u0119 zagniece\u0144 na cholewce<\/strong>,<\/p>\n<\/li>\n<li data-start=\"855\" data-end=\"916\">\n<p data-start=\"857\" data-end=\"916\"><strong data-start=\"857\" data-end=\"915\">przed\u0142u\u017ca estetyczny wygl\u0105d sneakers\u00f3w i innych modeli<\/strong>.<\/p>\n<\/li>\n<\/ul>\n<p data-start=\"918\" data-end=\"1083\">Wersja <strong data-start=\"925\" data-end=\"930\">S<\/strong> zosta\u0142a zaprojektowana z my\u015bl\u0105 o <strong data-start=\"964\" data-end=\"1007\">mniejszych i \u015brednich rozmiarach obuwia<\/strong>, dzi\u0119ki czemu pasuje do sylwetek o w\u0119\u017cszej konstrukcji i kr\u00f3tszej d\u0142ugo\u015bci.<\/p>\n<h2 data-start=\"1085\" data-end=\"1136\">Dlaczego warto stosowa\u0107 wk\u0142adki Protect Shields?<\/h2>\n<p data-start=\"1138\" data-end=\"1320\">Codzienna eksploatacja but\u00f3w prowadzi do naturalnego zginania materia\u0142u w obszarze palc\u00f3w \u2013 nawet w wysokiej jako\u015bci modelach. To w\u0142a\u015bnie tam najcz\u0119\u015bciej powstaj\u0105 zagniecenia, kt\u00f3re:<\/p>\n<ul data-start=\"1322\" data-end=\"1473\">\n<li data-start=\"1322\" data-end=\"1348\">\n<p data-start=\"1324\" data-end=\"1348\">psuj\u0105 estetyk\u0119 obuwia,<\/p>\n<\/li>\n<li data-start=\"1349\" data-end=\"1394\">\n<p data-start=\"1351\" data-end=\"1394\">przyspieszaj\u0105 widoczne zu\u017cycie materia\u0142u,<\/p>\n<\/li>\n<li data-start=\"1395\" data-end=\"1473\">\n<p data-start=\"1397\" data-end=\"1473\">sprawiaj\u0105, \u017ce buty wygl\u0105daj\u0105 na \u201estare\u201d nawet po kr\u00f3tkim czasie u\u017cytkowania.<\/p>\n<\/li>\n<\/ul>\n<p data-start=\"1475\" data-end=\"1511\">Dzi\u0119ki <strong data-start=\"1482\" data-end=\"1503\">Protect Shields S<\/strong> mo\u017cesz:<\/p>\n<ul data-start=\"1513\" data-end=\"1674\">\n<li data-start=\"1513\" data-end=\"1556\">\n<p data-start=\"1515\" data-end=\"1556\">utrzyma\u0107 cholewk\u0119 w nienagannym stanie,<\/p>\n<\/li>\n<li data-start=\"1557\" data-end=\"1610\">\n<p data-start=\"1559\" data-end=\"1610\">d\u0142u\u017cej cieszy\u0107 si\u0119 \u201e\u015bwie\u017cym\u201d wygl\u0105dem sneakers\u00f3w,<\/p>\n<\/li>\n<li data-start=\"1611\" data-end=\"1674\">\n<p data-start=\"1613\" data-end=\"1674\">zabezpieczy\u0107 dro\u017csze modele przed niechcianymi zagnieceniami.<\/p>\n<\/li>\n<\/ul>\n<h2 data-start=\"1676\" data-end=\"1703\">Jak dzia\u0142aj\u0105 te wk\u0142adki?<\/h2>\n<p data-start=\"1705\" data-end=\"1843\">Anty-creasing Protect Shields S dzia\u0142aj\u0105 wewn\u0119trznie \u2013 po umieszczeniu ich w butach, tworz\u0105 <strong data-start=\"1797\" data-end=\"1835\">dodatkowe usztywnienie od wewn\u0105trz<\/strong>, kt\u00f3re:<\/p>\n<ul data-start=\"1845\" data-end=\"2028\">\n<li data-start=\"1845\" data-end=\"1904\">\n<p data-start=\"1847\" data-end=\"1904\">redukuje zginanie materia\u0142u w newralgicznych miejscach,<\/p>\n<\/li>\n<li data-start=\"1905\" data-end=\"1942\">\n<p data-start=\"1907\" data-end=\"1942\">chroni przed deformacj\u0105 cholewki,<\/p>\n<\/li>\n<li data-start=\"1943\" data-end=\"1979\">\n<p data-start=\"1945\" data-end=\"1979\">nie wp\u0142ywa na komfort chodzenia,<\/p>\n<\/li>\n<li data-start=\"1980\" data-end=\"2028\">\n<p data-start=\"1982\" data-end=\"2028\">pozostaje praktycznie niewyczuwalne pod stop\u0105.<\/p>\n<\/li>\n<\/ul>","protected":false},"excerpt":{"rendered":"<p><strong data-start=\"2967\" data-end=\"3018\">Wk\u0142adki do but\u00f3w antycreasing Protect Shields S<\/strong> to praktyczne rozwi\u0105zanie dla ka\u017cdego, kto chce zadba\u0107 o estetyk\u0119 swojego obuwia. To subtelny, ale skuteczny spos\u00f3b na zabezpieczenie cholewki przed zagnieceniami, kt\u00f3re najcz\u0119\u015bciej pojawiaj\u0105 si\u0119 podczas chodzenia. Dzi\u0119ki nim Twoje sneakersy i inne ulubione modele b\u0119d\u0105 wygl\u0105da\u0142y \u015bwie\u017co i zadbanie \u2013 nawet po d\u0142u\u017cszym u\u017cytkowaniu. To dodatek, kt\u00f3ry robi du\u017c\u0105 r\u00f3\u017cnic\u0119, je\u015bli zale\u017cy Ci na d\u0142u\u017cej utrzymanym, \u201ejak nowym\u201d looku but\u00f3w.<\/p>","protected":false},"featured_media":221195,"template":"","meta":{"_acf_changed":false,"_yoast_wpseo_focuskw":"Wk\u0142adki do but\u00f3w antycreasing protect shields S","_yoast_wpseo_title":"","_yoast_wpseo_metadesc":""},"pwb-brand":[],"product_brand":[],"product_cat":[23,1053,975],"product_tag":[1008,1009],"class_list":{"0":"post-221215","1":"product","2":"type-product","3":"status-publish","4":"has-post-thumbnail","6":"product_cat-akcesoria","7":"product_cat-akcesoria-do-butow","8":"product_cat-wszystkie-akcesoria","9":"product_tag-kobieta","10":"product_tag-mezczyzna","11":"pa_rozmiar-ubrania-s","13":"first","14":"onbackorder","15":"taxable","16":"shipping-taxable","17":"purchasable","18":"product-type-variable"},"acf":[],"yoast_head":"<!-- This site is optimized with the Yoast SEO plugin v27.3 - https:\/\/yoast.com\/product\/yoast-seo-wordpress\/ -->\n<title>Wk\u0142adki do but\u00f3w antycreasing protect shields S - SHEZAMME<\/title>\n<meta name=\"description\" content=\"Wk\u0142adki do but\u00f3w antycreasing protect shields S | Luksusowe i autentyczne przedmioty w jednym miejscu. B\u0105d\u017a na bie\u017c\u0105co i sprawd\u017a nasz\u0105 ofert\u0119 ju\u017c teraz\" \/>\n<meta name=\"robots\" content=\"index, follow, max-snippet:-1, max-image-preview:large, max-video-preview:-1\" \/>\n<link rel=\"canonical\" href=\"https:\/\/shezamme.com\/en\/sklep\/accesories\/all-accesories\/wkladki-do-butow-antycreasing-protect-shields-s\/\" \/>\n<meta property=\"og:locale\" content=\"en_US\" \/>\n<meta property=\"og:type\" content=\"article\" \/>\n<meta property=\"og:title\" content=\"Wk\u0142adki do but\u00f3w antycreasing protect shields S - SHEZAMME\" \/>\n<meta property=\"og:description\" content=\"Wk\u0142adki do but\u00f3w antycreasing protect shields S | Luksusowe i autentyczne przedmioty w jednym miejscu. B\u0105d\u017a na bie\u017c\u0105co i sprawd\u017a nasz\u0105 ofert\u0119 ju\u017c teraz\" \/>\n<meta property=\"og:url\" content=\"https:\/\/shezamme.com\/en\/sklep\/accesories\/all-accesories\/wkladki-do-butow-antycreasing-protect-shields-s\/\" \/>\n<meta property=\"og:site_name\" content=\"SHEZAMME - Yeezy, Jordan, Supreme i inne oryginalne rzeczy\" \/>\n<meta property=\"article:publisher\" content=\"https:\/\/www.facebook.com\/SHEZAMME\/\" \/>\n<meta property=\"article:modified_time\" content=\"2026-01-22T21:13:14+00:00\" \/>\n<meta property=\"og:image\" content=\"https:\/\/shezamme.com\/wp-content\/uploads\/2026\/01\/Wkladki-do-butow-antycreasing-protect-shields-S.webp\" \/>\n\t<meta property=\"og:image:width\" content=\"1080\" \/>\n\t<meta property=\"og:image:height\" content=\"1080\" \/>\n\t<meta property=\"og:image:type\" content=\"image\/webp\" \/>\n<meta name=\"twitter:card\" content=\"summary_large_image\" \/>\n<meta name=\"twitter:site\" content=\"@SHEZAMME\" \/>\n<meta name=\"twitter:label1\" content=\"Est. reading time\" \/>\n\t<meta name=\"twitter:data1\" content=\"2 minutes\" \/>\n<script type=\"application\/ld+json\" class=\"yoast-schema-graph\">{\"@context\":\"https:\\\/\\\/schema.org\",\"@graph\":[{\"@type\":\"WebPage\",\"@id\":\"https:\\\/\\\/shezamme.com\\\/sklep\\\/akcesoria\\\/wszystkie-akcesoria\\\/wkladki-do-butow-antycreasing-protect-shields-s\\\/\",\"url\":\"https:\\\/\\\/shezamme.com\\\/sklep\\\/akcesoria\\\/wszystkie-akcesoria\\\/wkladki-do-butow-antycreasing-protect-shields-s\\\/\",\"name\":\"Wk\u0142adki do but\u00f3w antycreasing protect shields S - SHEZAMME\",\"isPartOf\":{\"@id\":\"https:\\\/\\\/shezamme.com\\\/#website\"},\"primaryImageOfPage\":{\"@id\":\"https:\\\/\\\/shezamme.com\\\/sklep\\\/akcesoria\\\/wszystkie-akcesoria\\\/wkladki-do-butow-antycreasing-protect-shields-s\\\/#primaryimage\"},\"image\":{\"@id\":\"https:\\\/\\\/shezamme.com\\\/sklep\\\/akcesoria\\\/wszystkie-akcesoria\\\/wkladki-do-butow-antycreasing-protect-shields-s\\\/#primaryimage\"},\"thumbnailUrl\":\"https:\\\/\\\/shezamme.com\\\/wp-content\\\/uploads\\\/2026\\\/01\\\/Wkladki-do-butow-antycreasing-protect-shields-S.webp\",\"datePublished\":\"2026-01-22T10:54:09+00:00\",\"dateModified\":\"2026-01-22T21:13:14+00:00\",\"description\":\"Wk\u0142adki do but\u00f3w antycreasing protect shields S | Luksusowe i autentyczne przedmioty w jednym miejscu. B\u0105d\u017a na bie\u017c\u0105co i sprawd\u017a nasz\u0105 ofert\u0119 ju\u017c teraz\",\"breadcrumb\":{\"@id\":\"https:\\\/\\\/shezamme.com\\\/sklep\\\/akcesoria\\\/wszystkie-akcesoria\\\/wkladki-do-butow-antycreasing-protect-shields-s\\\/#breadcrumb\"},\"inLanguage\":\"en-US\",\"potentialAction\":[{\"@type\":\"ReadAction\",\"target\":[\"https:\\\/\\\/shezamme.com\\\/sklep\\\/akcesoria\\\/wszystkie-akcesoria\\\/wkladki-do-butow-antycreasing-protect-shields-s\\\/\"]}]},{\"@type\":\"ImageObject\",\"inLanguage\":\"en-US\",\"@id\":\"https:\\\/\\\/shezamme.com\\\/sklep\\\/akcesoria\\\/wszystkie-akcesoria\\\/wkladki-do-butow-antycreasing-protect-shields-s\\\/#primaryimage\",\"url\":\"https:\\\/\\\/shezamme.com\\\/wp-content\\\/uploads\\\/2026\\\/01\\\/Wkladki-do-butow-antycreasing-protect-shields-S.webp\",\"contentUrl\":\"https:\\\/\\\/shezamme.com\\\/wp-content\\\/uploads\\\/2026\\\/01\\\/Wkladki-do-butow-antycreasing-protect-shields-S.webp\",\"width\":1080,\"height\":1080,\"caption\":\"Wk\u0142adki do but\u00f3w antycreasing protect shields S\"},{\"@type\":\"BreadcrumbList\",\"@id\":\"https:\\\/\\\/shezamme.com\\\/sklep\\\/akcesoria\\\/wszystkie-akcesoria\\\/wkladki-do-butow-antycreasing-protect-shields-s\\\/#breadcrumb\",\"itemListElement\":[{\"@type\":\"ListItem\",\"position\":1,\"name\":\"Strona g\u0142\u00f3wna\",\"item\":\"https:\\\/\\\/shezamme.com\\\/\"},{\"@type\":\"ListItem\",\"position\":2,\"name\":\"Sklep\",\"item\":\"https:\\\/\\\/shezamme.com\\\/en\\\/sklep\\\/\"},{\"@type\":\"ListItem\",\"position\":3,\"name\":\"Wk\u0142adki do but\u00f3w antycreasing protect shields S\"}]},{\"@type\":\"WebSite\",\"@id\":\"https:\\\/\\\/shezamme.com\\\/#website\",\"url\":\"https:\\\/\\\/shezamme.com\\\/\",\"name\":\"SHEZAMME - Sneakersy, Streetwear i luksusowe marki\",\"description\":\"Oryginalne i ekskluzywne przedmioty w jednym miejscu. Sprawd\u017a nasze produkty ju\u017c teraz i b\u0105d\u017a na bie\u017c\u0105co z wszystkimi premierami.\",\"publisher\":{\"@id\":\"https:\\\/\\\/shezamme.com\\\/#organization\"},\"potentialAction\":[{\"@type\":\"SearchAction\",\"target\":{\"@type\":\"EntryPoint\",\"urlTemplate\":\"https:\\\/\\\/shezamme.com\\\/?s={search_term_string}\"},\"query-input\":{\"@type\":\"PropertyValueSpecification\",\"valueRequired\":true,\"valueName\":\"search_term_string\"}}],\"inLanguage\":\"en-US\"},{\"@type\":\"Organization\",\"@id\":\"https:\\\/\\\/shezamme.com\\\/#organization\",\"name\":\"SHEZAMME - Sneakersy, Streetwear i luksusowe marki\",\"url\":\"https:\\\/\\\/shezamme.com\\\/\",\"logo\":{\"@type\":\"ImageObject\",\"inLanguage\":\"en-US\",\"@id\":\"https:\\\/\\\/shezamme.com\\\/#\\\/schema\\\/logo\\\/image\\\/\",\"url\":\"https:\\\/\\\/shezamme.com\\\/wp-content\\\/uploads\\\/2023\\\/02\\\/0x0.png\",\"contentUrl\":\"https:\\\/\\\/shezamme.com\\\/wp-content\\\/uploads\\\/2023\\\/02\\\/0x0.png\",\"width\":2000,\"height\":2000,\"caption\":\"SHEZAMME - Sneakersy, Streetwear i luksusowe marki\"},\"image\":{\"@id\":\"https:\\\/\\\/shezamme.com\\\/#\\\/schema\\\/logo\\\/image\\\/\"},\"sameAs\":[\"https:\\\/\\\/www.facebook.com\\\/SHEZAMME\\\/\",\"https:\\\/\\\/x.com\\\/SHEZAMME\",\"https:\\\/\\\/www.instagram.com\\\/shezamme\\\/\",\"https:\\\/\\\/www.youtube.com\\\/channel\\\/UCsTJxi_9fODHdO_1bmJbqvQ\",\"https:\\\/\\\/www.tiktok.com\\\/shezamme.com\"]}]}<\/script>\n<!-- \/ Yoast SEO plugin. -->","yoast_head_json":{"title":"Wk\u0142adki do but\u00f3w antycreasing protect shields S - SHEZAMME","description":"Wk\u0142adki do but\u00f3w antycreasing protect shields S | Luksusowe i autentyczne przedmioty w jednym miejscu. B\u0105d\u017a na bie\u017c\u0105co i sprawd\u017a nasz\u0105 ofert\u0119 ju\u017c teraz","robots":{"index":"index","follow":"follow","max-snippet":"max-snippet:-1","max-image-preview":"max-image-preview:large","max-video-preview":"max-video-preview:-1"},"canonical":"https:\/\/shezamme.com\/en\/sklep\/accesories\/all-accesories\/wkladki-do-butow-antycreasing-protect-shields-s\/","og_locale":"en_US","og_type":"article","og_title":"Wk\u0142adki do but\u00f3w antycreasing protect shields S - SHEZAMME","og_description":"Wk\u0142adki do but\u00f3w antycreasing protect shields S | Luksusowe i autentyczne przedmioty w jednym miejscu. B\u0105d\u017a na bie\u017c\u0105co i sprawd\u017a nasz\u0105 ofert\u0119 ju\u017c teraz","og_url":"https:\/\/shezamme.com\/en\/sklep\/accesories\/all-accesories\/wkladki-do-butow-antycreasing-protect-shields-s\/","og_site_name":"SHEZAMME - Yeezy, Jordan, Supreme i inne oryginalne rzeczy","article_publisher":"https:\/\/www.facebook.com\/SHEZAMME\/","article_modified_time":"2026-01-22T21:13:14+00:00","og_image":[{"width":1080,"height":1080,"url":"https:\/\/shezamme.com\/wp-content\/uploads\/2026\/01\/Wkladki-do-butow-antycreasing-protect-shields-S.webp","type":"image\/webp"}],"twitter_card":"summary_large_image","twitter_site":"@SHEZAMME","twitter_misc":{"Est. reading time":"2 minutes"},"schema":{"@context":"https:\/\/schema.org","@graph":[{"@type":"WebPage","@id":"https:\/\/shezamme.com\/sklep\/akcesoria\/wszystkie-akcesoria\/wkladki-do-butow-antycreasing-protect-shields-s\/","url":"https:\/\/shezamme.com\/sklep\/akcesoria\/wszystkie-akcesoria\/wkladki-do-butow-antycreasing-protect-shields-s\/","name":"Wk\u0142adki do but\u00f3w antycreasing protect shields S - SHEZAMME","isPartOf":{"@id":"https:\/\/shezamme.com\/#website"},"primaryImageOfPage":{"@id":"https:\/\/shezamme.com\/sklep\/akcesoria\/wszystkie-akcesoria\/wkladki-do-butow-antycreasing-protect-shields-s\/#primaryimage"},"image":{"@id":"https:\/\/shezamme.com\/sklep\/akcesoria\/wszystkie-akcesoria\/wkladki-do-butow-antycreasing-protect-shields-s\/#primaryimage"},"thumbnailUrl":"https:\/\/shezamme.com\/wp-content\/uploads\/2026\/01\/Wkladki-do-butow-antycreasing-protect-shields-S.webp","datePublished":"2026-01-22T10:54:09+00:00","dateModified":"2026-01-22T21:13:14+00:00","description":"Wk\u0142adki do but\u00f3w antycreasing protect shields S | Luksusowe i autentyczne przedmioty w jednym miejscu. B\u0105d\u017a na bie\u017c\u0105co i sprawd\u017a nasz\u0105 ofert\u0119 ju\u017c teraz","breadcrumb":{"@id":"https:\/\/shezamme.com\/sklep\/akcesoria\/wszystkie-akcesoria\/wkladki-do-butow-antycreasing-protect-shields-s\/#breadcrumb"},"inLanguage":"en-US","potentialAction":[{"@type":"ReadAction","target":["https:\/\/shezamme.com\/sklep\/akcesoria\/wszystkie-akcesoria\/wkladki-do-butow-antycreasing-protect-shields-s\/"]}]},{"@type":"ImageObject","inLanguage":"en-US","@id":"https:\/\/shezamme.com\/sklep\/akcesoria\/wszystkie-akcesoria\/wkladki-do-butow-antycreasing-protect-shields-s\/#primaryimage","url":"https:\/\/shezamme.com\/wp-content\/uploads\/2026\/01\/Wkladki-do-butow-antycreasing-protect-shields-S.webp","contentUrl":"https:\/\/shezamme.com\/wp-content\/uploads\/2026\/01\/Wkladki-do-butow-antycreasing-protect-shields-S.webp","width":1080,"height":1080,"caption":"Wk\u0142adki do but\u00f3w antycreasing protect shields S"},{"@type":"BreadcrumbList","@id":"https:\/\/shezamme.com\/sklep\/akcesoria\/wszystkie-akcesoria\/wkladki-do-butow-antycreasing-protect-shields-s\/#breadcrumb","itemListElement":[{"@type":"ListItem","position":1,"name":"Strona g\u0142\u00f3wna","item":"https:\/\/shezamme.com\/"},{"@type":"ListItem","position":2,"name":"Sklep","item":"https:\/\/shezamme.com\/en\/sklep\/"},{"@type":"ListItem","position":3,"name":"Wk\u0142adki do but\u00f3w antycreasing protect shields S"}]},{"@type":"WebSite","@id":"https:\/\/shezamme.com\/#website","url":"https:\/\/shezamme.com\/","name":"SHEZAMME - Sneakers, Streetwear and luxury brands","description":"Original and exclusive items in one place. Check out our products now and stay up to date with all launches.","publisher":{"@id":"https:\/\/shezamme.com\/#organization"},"potentialAction":[{"@type":"SearchAction","target":{"@type":"EntryPoint","urlTemplate":"https:\/\/shezamme.com\/?s={search_term_string}"},"query-input":{"@type":"PropertyValueSpecification","valueRequired":true,"valueName":"search_term_string"}}],"inLanguage":"en-US"},{"@type":"Organization","@id":"https:\/\/shezamme.com\/#organization","name":"SHEZAMME - Sneakers, Streetwear and luxury brands","url":"https:\/\/shezamme.com\/","logo":{"@type":"ImageObject","inLanguage":"en-US","@id":"https:\/\/shezamme.com\/#\/schema\/logo\/image\/","url":"https:\/\/shezamme.com\/wp-content\/uploads\/2023\/02\/0x0.png","contentUrl":"https:\/\/shezamme.com\/wp-content\/uploads\/2023\/02\/0x0.png","width":2000,"height":2000,"caption":"SHEZAMME - Sneakersy, Streetwear i luksusowe marki"},"image":{"@id":"https:\/\/shezamme.com\/#\/schema\/logo\/image\/"},"sameAs":["https:\/\/www.facebook.com\/SHEZAMME\/","https:\/\/x.com\/SHEZAMME","https:\/\/www.instagram.com\/shezamme\/","https:\/\/www.youtube.com\/channel\/UCsTJxi_9fODHdO_1bmJbqvQ","https:\/\/www.tiktok.com\/shezamme.com"]}]}},"brands":[],"_links":{"self":[{"href":"https:\/\/shezamme.com\/en\/wp-json\/wp\/v2\/product\/221215","targetHints":{"allow":["GET"]}}],"collection":[{"href":"https:\/\/shezamme.com\/en\/wp-json\/wp\/v2\/product"}],"about":[{"href":"https:\/\/shezamme.com\/en\/wp-json\/wp\/v2\/types\/product"}],"wp:featuredmedia":[{"embeddable":true,"href":"https:\/\/shezamme.com\/en\/wp-json\/wp\/v2\/media\/221195"}],"wp:attachment":[{"href":"https:\/\/shezamme.com\/en\/wp-json\/wp\/v2\/media?parent=221215"}],"wp:term":[{"taxonomy":"pwb-brand","embeddable":true,"href":"https:\/\/shezamme.com\/en\/wp-json\/wp\/v2\/pwb-brand?post=221215"},{"taxonomy":"product_brand","embeddable":true,"href":"https:\/\/shezamme.com\/en\/wp-json\/wp\/v2\/product_brand?post=221215"},{"taxonomy":"product_cat","embeddable":true,"href":"https:\/\/shezamme.com\/en\/wp-json\/wp\/v2\/product_cat?post=221215"},{"taxonomy":"product_tag","embeddable":true,"href":"https:\/\/shezamme.com\/en\/wp-json\/wp\/v2\/product_tag?post=221215"}],"curies":[{"name":"wp","href":"https:\/\/api.w.org\/{rel}","templated":true}]}}