{"id":220577,"date":"2026-01-15T12:23:37","date_gmt":"2026-01-15T11:23:37","guid":{"rendered":"https:\/\/shezamme.com\/?post_type=product&#038;p=220577"},"modified":"2026-01-15T12:23:38","modified_gmt":"2026-01-15T11:23:38","slug":"ugg-tasman-ii-slipper-sand-dark-cherry-womens","status":"publish","type":"product","link":"https:\/\/shezamme.com\/en\/sklep\/buty\/inne\/ugg\/ugg-tasman\/ugg-tasman-ii-slipper-sand-dark-cherry-womens\/","title":{"rendered":"UGG Tasman II Slipper Sand Dark Cherry (Women\u2019s)"},"content":{"rendered":"<div class=\"text-base my-auto mx-auto [--thread-content-margin:--spacing(4)] @w-sm\/main:[--thread-content-margin:--spacing(6)] @w-lg\/main:[--thread-content-margin:--spacing(16)] px-(--thread-content-margin)\">\n<div class=\"[--thread-content-max-width:40rem] @w-lg\/main:[--thread-content-max-width:48rem] mx-auto max-w-(--thread-content-max-width) flex-1 group\/turn-messages focus-visible:outline-hidden relative flex w-full min-w-0 flex-col agent-turn\">\n<div class=\"flex max-w-full flex-col grow\">\n<div class=\"min-h-8 text-message relative flex w-full flex-col items-end gap-2 text-start break-words whitespace-normal [.text-message+&amp;]:mt-1\" dir=\"auto\" data-message-author-role=\"assistant\" data-message-id=\"efb5d043-d4d8-4349-99fc-b0db32e20183\" data-message-model-slug=\"gpt-4o-mini\">\n<div class=\"flex w-full flex-col gap-1 empty:hidden first:pt-[1px]\">\n<div class=\"markdown prose dark:prose-invert w-full break-words dark markdown-new-styling\">\n<h2 data-start=\"0\" data-end=\"77\">UGG Tasman II Slipper Sand Dark Cherry (Women\u2019s) \u2013 Komfort i Styl w Jednym<\/h2>\n<p data-start=\"79\" data-end=\"511\"><strong data-start=\"79\" data-end=\"131\">UGG Tasman II Slipper Sand Dark Cherry (Women\u2019s)<\/strong> to wyj\u0105tkowe kapcie zaprojektowane z my\u015bl\u0105 o kobietach, kt\u00f3re chc\u0105 po\u0142\u0105czy\u0107 codzienny komfort z subtelnym, modnym designem. Ten model wyr\u00f3\u017cnia si\u0119 po\u0142\u0105czeniem ciep\u0142ego odcienia <em data-start=\"309\" data-end=\"315\">Sand<\/em> z intensywnym akcentem <em data-start=\"339\" data-end=\"352\">Dark Cherry<\/em>, co nadaje mu elegancji i charakteru. Dzi\u0119ki doskona\u0142ej jako\u015bci materia\u0142om oraz przemy\u015blanej konstrukcji, kapcie te zapewniaj\u0105 wygod\u0119 od pierwszego za\u0142o\u017cenia.<\/p>\n<h2 data-start=\"513\" data-end=\"547\">Mi\u0119kko\u015b\u0107 i Komfort Ka\u017cdego Dnia<\/h2>\n<p data-start=\"549\" data-end=\"1029\">Kapcie <strong data-start=\"556\" data-end=\"598\">UGG Tasman II Slipper Sand Dark Cherry<\/strong> zosta\u0142y stworzone, aby maksymalizowa\u0107 wygod\u0119 noszenia. Wy\u015bcie\u0142ane naturaln\u0105 we\u0142n\u0105 merynos\u00f3w, delikatnie otulaj\u0105 stopy, zapewniaj\u0105c im przyjemne ciep\u0142o i oddychalno\u015b\u0107. Ta wyj\u0105tkowa we\u0142na pozwala utrzyma\u0107 sta\u0142\u0105 temperatur\u0119, dzi\u0119ki czemu kapcie sprawdzaj\u0105 si\u0119 zar\u00f3wno podczas ch\u0142odniejszych dni, jak i cieplejszych chwil w domu. Elastyczna, lekka podeszwa dba o stabilno\u015b\u0107 i amortyzacj\u0119, co przek\u0142ada si\u0119 na wygod\u0119 przy ka\u017cdym kroku.<\/p>\n<h2 data-start=\"1031\" data-end=\"1075\">Trwa\u0142o\u015b\u0107 i Jako\u015b\u0107, na Kt\u00f3re Mo\u017cesz Liczy\u0107<\/h2>\n<p data-start=\"1077\" data-end=\"1560\">Model <strong data-start=\"1083\" data-end=\"1125\">UGG Tasman II Slipper Sand Dark Cherry<\/strong> zosta\u0142 wykonany z materia\u0142\u00f3w wysokiej jako\u015bci, kt\u00f3re zapewniaj\u0105 d\u0142ugotrwa\u0142e u\u017cytkowanie i zachowanie estetycznego wygl\u0105du nawet po wielu sezonach. Zewn\u0119trzne materia\u0142y s\u0105 odporne na codzienne zu\u017cycie, a solidna konstrukcja gwarantuje stabilno\u015b\u0107 oraz wygod\u0119. Gumowa podeszwa natomiast zapewnia \u015bwietn\u0105 przyczepno\u015b\u0107 na r\u00f3\u017cnych powierzchniach, co sprawia, \u017ce kapcie s\u0105 odpowiednie nie tylko do domu, ale i na kr\u00f3tkie wyj\u015bcia na zewn\u0105trz.<\/p>\n<h2 data-start=\"1562\" data-end=\"1611\">Stylowy Odcie\u0144 \u2013 Po\u0142\u0105czenie Sand z Dark Cherry<\/h2>\n<p data-start=\"1613\" data-end=\"2074\">Kolorystyka <strong data-start=\"1625\" data-end=\"1645\">Sand Dark Cherry<\/strong> \u0142\u0105czy delikatno\u015b\u0107 piaskowego tonu z g\u0142\u0119bokim, intensywnym akcentem bordo. To po\u0142\u0105czenie sprawia, \u017ce kapcie prezentuj\u0105 si\u0119 elegancko i nowocze\u015bnie, dodaj\u0105c stylowego akcentu do codziennych stylizacji. Neutralna baza koloru u\u0142atwia dopasowanie ich do r\u00f3\u017cnych element\u00f3w garderoby, a intensywny akcent Dark Cherry subtelnie podkre\u015bla kobiecy charakter. Taki design sprawia, \u017ce kapcie s\u0105 nie tylko komfortowe, ale r\u00f3wnie\u017c estetyczne.<\/p>\n<h2 data-start=\"2076\" data-end=\"2133\">Wszechstronno\u015b\u0107 \u2013 Od Relaksu w Domu po Kr\u00f3tkie Wyj\u015bcia<\/h2>\n<p data-start=\"2135\" data-end=\"2528\"><strong data-start=\"2135\" data-end=\"2177\">UGG Tasman II Slipper Sand Dark Cherry<\/strong> to kapcie, kt\u00f3re sprawdz\u0105 si\u0119 w wielu sytuacjach. Komfortowa podeszwa i przyjemna wy\u015bci\u00f3\u0142ka zapewniaj\u0105 wygod\u0119 podczas relaksu w domu, natomiast solidna konstrukcja i dobra przyczepno\u015b\u0107 pozwalaj\u0105 nosi\u0107 je r\u00f3wnie\u017c na kr\u00f3tkie spacery, np. po tarasie lub w ogrodzie. To uniwersalne obuwie, kt\u00f3re \u0142\u0105czy funkcjonalno\u015b\u0107, komfort i styl, idealne na co dzie\u0144.<\/p>\n<\/div>\n<\/div>\n<\/div>\n<\/div>\n<\/div>\n<\/div>\n","protected":false},"excerpt":{"rendered":"<h2 data-start=\"2530\" data-end=\"2568\">Elegancja i Funkcjonalno\u015b\u0107 w Jednym<\/h2>\n<p data-start=\"2570\" data-end=\"2912\" data-is-last-node=\"\" data-is-only-node=\"\">Te kapcie to po\u0142\u0105czenie klasyki, wygody i modnego designu, kt\u00f3re trafia w potrzeby kobiet ceni\u0105cych komfort bez kompromis\u00f3w. <strong data-start=\"2695\" data-end=\"2747\">UGG Tasman II Slipper Sand Dark Cherry (Women\u2019s)<\/strong> zapewniaj\u0105 mi\u0119kko\u015b\u0107, trwa\u0142o\u015b\u0107 i stylowy wygl\u0105d \u2013 idealne do noszenia w domu, ale te\u017c na kr\u00f3tkie, codzienne wyj\u015bcia. Dzi\u0119ki nim ka\u017cdy dzie\u0144 staje si\u0119 przyjemniejszy.<\/p>","protected":false},"featured_media":220426,"template":"","meta":{"_acf_changed":false,"_yoast_wpseo_focuskw":"UGG Tasman II Slipper Sand Dark Cherry (Women\u2019s)","_yoast_wpseo_title":"","_yoast_wpseo_metadesc":""},"pwb-brand":[822],"product_brand":[],"product_cat":[16,808,171,1171],"product_tag":[1008,1009],"class_list":{"0":"post-220577","1":"product","2":"type-product","3":"status-publish","4":"has-post-thumbnail","6":"pwb-brand-ugg","7":"product_cat-buty","8":"product_cat-ugg","9":"product_cat-inne","10":"product_cat-ugg-tasman","11":"product_tag-kobieta","12":"product_tag-mezczyzna","14":"first","15":"onbackorder","16":"taxable","17":"shipping-taxable","18":"purchasable","19":"product-type-variable"},"acf":[],"yoast_head":"<!-- This site is optimized with the Yoast SEO plugin v27.2 - https:\/\/yoast.com\/product\/yoast-seo-wordpress\/ -->\n<title>UGG Tasman II Slipper Sand Dark Cherry (Women\u2019s) - SHEZAMME<\/title>\n<meta name=\"description\" content=\"UGG Tasman II Slipper Sand Dark Cherry (Women\u2019s) | Luksusowe i autentyczne przedmioty w jednym miejscu. B\u0105d\u017a na bie\u017c\u0105co i sprawd\u017a nasz\u0105 ofert\u0119 ju\u017c teraz\" \/>\n<meta name=\"robots\" content=\"index, follow, max-snippet:-1, max-image-preview:large, max-video-preview:-1\" \/>\n<link rel=\"canonical\" href=\"https:\/\/shezamme.com\/en\/sklep\/sneakers-2\/others\/ugg\/ugg-tasman\/ugg-tasman-ii-slipper-sand-dark-cherry-womens\/\" \/>\n<meta property=\"og:locale\" content=\"en_US\" \/>\n<meta property=\"og:type\" content=\"article\" \/>\n<meta property=\"og:title\" content=\"UGG Tasman II Slipper Sand Dark Cherry (Women\u2019s) - SHEZAMME\" \/>\n<meta property=\"og:description\" content=\"UGG Tasman II Slipper Sand Dark Cherry (Women\u2019s) | Luksusowe i autentyczne przedmioty w jednym miejscu. B\u0105d\u017a na bie\u017c\u0105co i sprawd\u017a nasz\u0105 ofert\u0119 ju\u017c teraz\" \/>\n<meta property=\"og:url\" content=\"https:\/\/shezamme.com\/en\/sklep\/sneakers-2\/others\/ugg\/ugg-tasman\/ugg-tasman-ii-slipper-sand-dark-cherry-womens\/\" \/>\n<meta property=\"og:site_name\" content=\"SHEZAMME - Yeezy, Jordan, Supreme i inne oryginalne rzeczy\" \/>\n<meta property=\"article:publisher\" content=\"https:\/\/www.facebook.com\/SHEZAMME\/\" \/>\n<meta property=\"article:modified_time\" content=\"2026-01-15T11:23:38+00:00\" \/>\n<meta property=\"og:image\" content=\"https:\/\/shezamme.com\/wp-content\/uploads\/2026\/01\/UGG-Tasman-II-Slipper-Sand-Dark-Cherry-Womens.webp\" \/>\n\t<meta property=\"og:image:width\" content=\"1080\" \/>\n\t<meta property=\"og:image:height\" content=\"1080\" \/>\n\t<meta property=\"og:image:type\" content=\"image\/webp\" \/>\n<meta name=\"twitter:card\" content=\"summary_large_image\" \/>\n<meta name=\"twitter:site\" content=\"@SHEZAMME\" \/>\n<meta name=\"twitter:label1\" content=\"Est. reading time\" \/>\n\t<meta name=\"twitter:data1\" content=\"2 minutes\" \/>\n<script type=\"application\/ld+json\" class=\"yoast-schema-graph\">{\"@context\":\"https:\/\/schema.org\",\"@graph\":[{\"@type\":\"WebPage\",\"@id\":\"https:\/\/shezamme.com\/sklep\/buty\/inne\/ugg\/ugg-tasman\/ugg-tasman-ii-slipper-sand-dark-cherry-womens\/\",\"url\":\"https:\/\/shezamme.com\/sklep\/buty\/inne\/ugg\/ugg-tasman\/ugg-tasman-ii-slipper-sand-dark-cherry-womens\/\",\"name\":\"UGG Tasman II Slipper Sand Dark Cherry (Women\u2019s) - SHEZAMME\",\"isPartOf\":{\"@id\":\"https:\/\/shezamme.com\/#website\"},\"primaryImageOfPage\":{\"@id\":\"https:\/\/shezamme.com\/sklep\/buty\/inne\/ugg\/ugg-tasman\/ugg-tasman-ii-slipper-sand-dark-cherry-womens\/#primaryimage\"},\"image\":{\"@id\":\"https:\/\/shezamme.com\/sklep\/buty\/inne\/ugg\/ugg-tasman\/ugg-tasman-ii-slipper-sand-dark-cherry-womens\/#primaryimage\"},\"thumbnailUrl\":\"https:\/\/shezamme.com\/wp-content\/uploads\/2026\/01\/UGG-Tasman-II-Slipper-Sand-Dark-Cherry-Womens.webp\",\"datePublished\":\"2026-01-15T11:23:37+00:00\",\"dateModified\":\"2026-01-15T11:23:38+00:00\",\"description\":\"UGG Tasman II Slipper Sand Dark Cherry (Women\u2019s) | Luksusowe i autentyczne przedmioty w jednym miejscu. B\u0105d\u017a na bie\u017c\u0105co i sprawd\u017a nasz\u0105 ofert\u0119 ju\u017c teraz\",\"breadcrumb\":{\"@id\":\"https:\/\/shezamme.com\/sklep\/buty\/inne\/ugg\/ugg-tasman\/ugg-tasman-ii-slipper-sand-dark-cherry-womens\/#breadcrumb\"},\"inLanguage\":\"en-US\",\"potentialAction\":[{\"@type\":\"ReadAction\",\"target\":[\"https:\/\/shezamme.com\/sklep\/buty\/inne\/ugg\/ugg-tasman\/ugg-tasman-ii-slipper-sand-dark-cherry-womens\/\"]}]},{\"@type\":\"ImageObject\",\"inLanguage\":\"en-US\",\"@id\":\"https:\/\/shezamme.com\/sklep\/buty\/inne\/ugg\/ugg-tasman\/ugg-tasman-ii-slipper-sand-dark-cherry-womens\/#primaryimage\",\"url\":\"https:\/\/shezamme.com\/wp-content\/uploads\/2026\/01\/UGG-Tasman-II-Slipper-Sand-Dark-Cherry-Womens.webp\",\"contentUrl\":\"https:\/\/shezamme.com\/wp-content\/uploads\/2026\/01\/UGG-Tasman-II-Slipper-Sand-Dark-Cherry-Womens.webp\",\"width\":1080,\"height\":1080,\"caption\":\"UGG Tasman II Slipper Sand Dark Cherry (Women's)\"},{\"@type\":\"BreadcrumbList\",\"@id\":\"https:\/\/shezamme.com\/sklep\/buty\/inne\/ugg\/ugg-tasman\/ugg-tasman-ii-slipper-sand-dark-cherry-womens\/#breadcrumb\",\"itemListElement\":[{\"@type\":\"ListItem\",\"position\":1,\"name\":\"Strona g\u0142\u00f3wna\",\"item\":\"https:\/\/shezamme.com\/\"},{\"@type\":\"ListItem\",\"position\":2,\"name\":\"Sklep\",\"item\":\"https:\/\/shezamme.com\/sklep\/\"},{\"@type\":\"ListItem\",\"position\":3,\"name\":\"UGG Tasman II Slipper Sand Dark Cherry (Women\u2019s)\"}]},{\"@type\":\"WebSite\",\"@id\":\"https:\/\/shezamme.com\/#website\",\"url\":\"https:\/\/shezamme.com\/\",\"name\":\"SHEZAMME - Sneakersy, Streetwear i luksusowe marki\",\"description\":\"Oryginalne i ekskluzywne przedmioty w jednym miejscu. Sprawd\u017a nasze produkty ju\u017c teraz i b\u0105d\u017a na bie\u017c\u0105co z wszystkimi premierami.\",\"publisher\":{\"@id\":\"https:\/\/shezamme.com\/#organization\"},\"potentialAction\":[{\"@type\":\"SearchAction\",\"target\":{\"@type\":\"EntryPoint\",\"urlTemplate\":\"https:\/\/shezamme.com\/?s={search_term_string}\"},\"query-input\":{\"@type\":\"PropertyValueSpecification\",\"valueRequired\":true,\"valueName\":\"search_term_string\"}}],\"inLanguage\":\"en-US\"},{\"@type\":\"Organization\",\"@id\":\"https:\/\/shezamme.com\/#organization\",\"name\":\"SHEZAMME - Sneakersy, Streetwear i luksusowe marki\",\"url\":\"https:\/\/shezamme.com\/\",\"logo\":{\"@type\":\"ImageObject\",\"inLanguage\":\"en-US\",\"@id\":\"https:\/\/shezamme.com\/#\/schema\/logo\/image\/\",\"url\":\"https:\/\/shezamme.com\/wp-content\/uploads\/2023\/02\/0x0.png\",\"contentUrl\":\"https:\/\/shezamme.com\/wp-content\/uploads\/2023\/02\/0x0.png\",\"width\":2000,\"height\":2000,\"caption\":\"SHEZAMME - Sneakersy, Streetwear i luksusowe marki\"},\"image\":{\"@id\":\"https:\/\/shezamme.com\/#\/schema\/logo\/image\/\"},\"sameAs\":[\"https:\/\/www.facebook.com\/SHEZAMME\/\",\"https:\/\/x.com\/SHEZAMME\",\"https:\/\/www.instagram.com\/shezamme\/\",\"https:\/\/www.youtube.com\/channel\/UCsTJxi_9fODHdO_1bmJbqvQ\",\"https:\/\/www.tiktok.com\/shezamme.com\"]}]}<\/script>\n<!-- \/ Yoast SEO plugin. -->","yoast_head_json":{"title":"UGG Tasman II Slipper Sand Dark Cherry (Women\u2019s) - SHEZAMME","description":"UGG Tasman II Slipper Sand Dark Cherry (Women\u2019s) | Luksusowe i autentyczne przedmioty w jednym miejscu. B\u0105d\u017a na bie\u017c\u0105co i sprawd\u017a nasz\u0105 ofert\u0119 ju\u017c teraz","robots":{"index":"index","follow":"follow","max-snippet":"max-snippet:-1","max-image-preview":"max-image-preview:large","max-video-preview":"max-video-preview:-1"},"canonical":"https:\/\/shezamme.com\/en\/sklep\/sneakers-2\/others\/ugg\/ugg-tasman\/ugg-tasman-ii-slipper-sand-dark-cherry-womens\/","og_locale":"en_US","og_type":"article","og_title":"UGG Tasman II Slipper Sand Dark Cherry (Women\u2019s) - SHEZAMME","og_description":"UGG Tasman II Slipper Sand Dark Cherry (Women\u2019s) | Luksusowe i autentyczne przedmioty w jednym miejscu. B\u0105d\u017a na bie\u017c\u0105co i sprawd\u017a nasz\u0105 ofert\u0119 ju\u017c teraz","og_url":"https:\/\/shezamme.com\/en\/sklep\/sneakers-2\/others\/ugg\/ugg-tasman\/ugg-tasman-ii-slipper-sand-dark-cherry-womens\/","og_site_name":"SHEZAMME - Yeezy, Jordan, Supreme i inne oryginalne rzeczy","article_publisher":"https:\/\/www.facebook.com\/SHEZAMME\/","article_modified_time":"2026-01-15T11:23:38+00:00","og_image":[{"width":1080,"height":1080,"url":"https:\/\/shezamme.com\/wp-content\/uploads\/2026\/01\/UGG-Tasman-II-Slipper-Sand-Dark-Cherry-Womens.webp","type":"image\/webp"}],"twitter_card":"summary_large_image","twitter_site":"@SHEZAMME","twitter_misc":{"Est. reading time":"2 minutes"},"schema":{"@context":"https:\/\/schema.org","@graph":[{"@type":"WebPage","@id":"https:\/\/shezamme.com\/sklep\/buty\/inne\/ugg\/ugg-tasman\/ugg-tasman-ii-slipper-sand-dark-cherry-womens\/","url":"https:\/\/shezamme.com\/sklep\/buty\/inne\/ugg\/ugg-tasman\/ugg-tasman-ii-slipper-sand-dark-cherry-womens\/","name":"UGG Tasman II Slipper Sand Dark Cherry (Women\u2019s) - SHEZAMME","isPartOf":{"@id":"https:\/\/shezamme.com\/#website"},"primaryImageOfPage":{"@id":"https:\/\/shezamme.com\/sklep\/buty\/inne\/ugg\/ugg-tasman\/ugg-tasman-ii-slipper-sand-dark-cherry-womens\/#primaryimage"},"image":{"@id":"https:\/\/shezamme.com\/sklep\/buty\/inne\/ugg\/ugg-tasman\/ugg-tasman-ii-slipper-sand-dark-cherry-womens\/#primaryimage"},"thumbnailUrl":"https:\/\/shezamme.com\/wp-content\/uploads\/2026\/01\/UGG-Tasman-II-Slipper-Sand-Dark-Cherry-Womens.webp","datePublished":"2026-01-15T11:23:37+00:00","dateModified":"2026-01-15T11:23:38+00:00","description":"UGG Tasman II Slipper Sand Dark Cherry (Women\u2019s) | Luksusowe i autentyczne przedmioty w jednym miejscu. B\u0105d\u017a na bie\u017c\u0105co i sprawd\u017a nasz\u0105 ofert\u0119 ju\u017c teraz","breadcrumb":{"@id":"https:\/\/shezamme.com\/sklep\/buty\/inne\/ugg\/ugg-tasman\/ugg-tasman-ii-slipper-sand-dark-cherry-womens\/#breadcrumb"},"inLanguage":"en-US","potentialAction":[{"@type":"ReadAction","target":["https:\/\/shezamme.com\/sklep\/buty\/inne\/ugg\/ugg-tasman\/ugg-tasman-ii-slipper-sand-dark-cherry-womens\/"]}]},{"@type":"ImageObject","inLanguage":"en-US","@id":"https:\/\/shezamme.com\/sklep\/buty\/inne\/ugg\/ugg-tasman\/ugg-tasman-ii-slipper-sand-dark-cherry-womens\/#primaryimage","url":"https:\/\/shezamme.com\/wp-content\/uploads\/2026\/01\/UGG-Tasman-II-Slipper-Sand-Dark-Cherry-Womens.webp","contentUrl":"https:\/\/shezamme.com\/wp-content\/uploads\/2026\/01\/UGG-Tasman-II-Slipper-Sand-Dark-Cherry-Womens.webp","width":1080,"height":1080,"caption":"UGG Tasman II Slipper Sand Dark Cherry (Women's)"},{"@type":"BreadcrumbList","@id":"https:\/\/shezamme.com\/sklep\/buty\/inne\/ugg\/ugg-tasman\/ugg-tasman-ii-slipper-sand-dark-cherry-womens\/#breadcrumb","itemListElement":[{"@type":"ListItem","position":1,"name":"Strona g\u0142\u00f3wna","item":"https:\/\/shezamme.com\/"},{"@type":"ListItem","position":2,"name":"Sklep","item":"https:\/\/shezamme.com\/sklep\/"},{"@type":"ListItem","position":3,"name":"UGG Tasman II Slipper Sand Dark Cherry (Women\u2019s)"}]},{"@type":"WebSite","@id":"https:\/\/shezamme.com\/#website","url":"https:\/\/shezamme.com\/","name":"SHEZAMME - Sneakers, Streetwear and luxury brands","description":"Original and exclusive items in one place. Check out our products now and stay up to date with all launches.","publisher":{"@id":"https:\/\/shezamme.com\/#organization"},"potentialAction":[{"@type":"SearchAction","target":{"@type":"EntryPoint","urlTemplate":"https:\/\/shezamme.com\/?s={search_term_string}"},"query-input":{"@type":"PropertyValueSpecification","valueRequired":true,"valueName":"search_term_string"}}],"inLanguage":"en-US"},{"@type":"Organization","@id":"https:\/\/shezamme.com\/#organization","name":"SHEZAMME - Sneakers, Streetwear and luxury brands","url":"https:\/\/shezamme.com\/","logo":{"@type":"ImageObject","inLanguage":"en-US","@id":"https:\/\/shezamme.com\/#\/schema\/logo\/image\/","url":"https:\/\/shezamme.com\/wp-content\/uploads\/2023\/02\/0x0.png","contentUrl":"https:\/\/shezamme.com\/wp-content\/uploads\/2023\/02\/0x0.png","width":2000,"height":2000,"caption":"SHEZAMME - Sneakersy, Streetwear i luksusowe marki"},"image":{"@id":"https:\/\/shezamme.com\/#\/schema\/logo\/image\/"},"sameAs":["https:\/\/www.facebook.com\/SHEZAMME\/","https:\/\/x.com\/SHEZAMME","https:\/\/www.instagram.com\/shezamme\/","https:\/\/www.youtube.com\/channel\/UCsTJxi_9fODHdO_1bmJbqvQ","https:\/\/www.tiktok.com\/shezamme.com"]}]}},"brands":[{"id":822,"name":"UGG","slug":"ugg"}],"_links":{"self":[{"href":"https:\/\/shezamme.com\/en\/wp-json\/wp\/v2\/product\/220577","targetHints":{"allow":["GET"]}}],"collection":[{"href":"https:\/\/shezamme.com\/en\/wp-json\/wp\/v2\/product"}],"about":[{"href":"https:\/\/shezamme.com\/en\/wp-json\/wp\/v2\/types\/product"}],"wp:featuredmedia":[{"embeddable":true,"href":"https:\/\/shezamme.com\/en\/wp-json\/wp\/v2\/media\/220426"}],"wp:attachment":[{"href":"https:\/\/shezamme.com\/en\/wp-json\/wp\/v2\/media?parent=220577"}],"wp:term":[{"taxonomy":"pwb-brand","embeddable":true,"href":"https:\/\/shezamme.com\/en\/wp-json\/wp\/v2\/pwb-brand?post=220577"},{"taxonomy":"product_brand","embeddable":true,"href":"https:\/\/shezamme.com\/en\/wp-json\/wp\/v2\/product_brand?post=220577"},{"taxonomy":"product_cat","embeddable":true,"href":"https:\/\/shezamme.com\/en\/wp-json\/wp\/v2\/product_cat?post=220577"},{"taxonomy":"product_tag","embeddable":true,"href":"https:\/\/shezamme.com\/en\/wp-json\/wp\/v2\/product_tag?post=220577"}],"curies":[{"name":"wp","href":"https:\/\/api.w.org\/{rel}","templated":true}]}}