{"id":220575,"date":"2026-01-15T12:17:44","date_gmt":"2026-01-15T11:17:44","guid":{"rendered":"https:\/\/shezamme.com\/?post_type=product&#038;p=220575"},"modified":"2026-01-15T12:17:46","modified_gmt":"2026-01-15T11:17:46","slug":"ugg-tasman-ii-slipper-horizon-pink-womens","status":"publish","type":"product","link":"https:\/\/shezamme.com\/en\/sklep\/buty\/inne\/ugg\/ugg-tasman\/ugg-tasman-ii-slipper-horizon-pink-womens\/","title":{"rendered":"UGG Tasman II Slipper Horizon Pink (Women\u2019s)"},"content":{"rendered":"<div class=\"text-base my-auto mx-auto [--thread-content-margin:--spacing(4)] @w-sm\/main:[--thread-content-margin:--spacing(6)] @w-lg\/main:[--thread-content-margin:--spacing(16)] px-(--thread-content-margin)\">\n<div class=\"[--thread-content-max-width:40rem] @w-lg\/main:[--thread-content-max-width:48rem] mx-auto max-w-(--thread-content-max-width) flex-1 group\/turn-messages focus-visible:outline-hidden relative flex w-full min-w-0 flex-col agent-turn\">\n<div class=\"flex max-w-full flex-col grow\">\n<div class=\"min-h-8 text-message relative flex w-full flex-col items-end gap-2 text-start break-words whitespace-normal [.text-message+&amp;]:mt-1\" dir=\"auto\" data-message-author-role=\"assistant\" data-message-id=\"8594aa4f-303b-4ab0-a2d8-ecac70cf68ab\" data-message-model-slug=\"gpt-4o-mini\">\n<div class=\"flex w-full flex-col gap-1 empty:hidden first:pt-[1px]\">\n<div class=\"markdown prose dark:prose-invert w-full break-words dark markdown-new-styling\">\n<h2 data-start=\"0\" data-end=\"80\">UGG Tasman II Slipper Horizon Pink (Women\u2019s) \u2013 Komfort i Styl na Ka\u017cd\u0105 Chwil\u0119<\/h2>\n<p data-start=\"82\" data-end=\"504\"><strong data-start=\"82\" data-end=\"130\">UGG Tasman II Slipper Horizon Pink (Women\u2019s)<\/strong> to kapcie, kt\u00f3re \u0142\u0105cz\u0105 w sobie wyj\u0105tkowy komfort z subtelnym, kobiecym stylem. Zaprojektowane z my\u015bl\u0105 o codziennym relaksie, oferuj\u0105 mi\u0119kko\u015b\u0107, ciep\u0142o i wygod\u0119, kt\u00f3re pokocha ka\u017cda mi\u0142o\u015bniczka komfortowego obuwia. Delikatny odcie\u0144 <em data-start=\"361\" data-end=\"375\">Horizon Pink<\/em> nadaje im elegancji i \u015bwie\u017co\u015bci, dzi\u0119ki czemu \u015bwietnie uzupe\u0142niaj\u0105 zar\u00f3wno domowe stylizacje, jak i szybsze wyj\u015bcia na zewn\u0105trz.<\/p>\n<h2 data-start=\"506\" data-end=\"551\">Komfort, kt\u00f3ry Czujesz od Pierwszego Kroku<\/h2>\n<p data-start=\"553\" data-end=\"992\">Kapcie <strong data-start=\"560\" data-end=\"598\">UGG Tasman II Slipper Horizon Pink<\/strong> zosta\u0142y stworzone z my\u015bl\u0105 o pe\u0142nym relaksie. Mi\u0119kka wy\u015bci\u00f3\u0142ka z naturalnej we\u0142ny merynos\u00f3w zapewnia optymaln\u0105 temperatur\u0119 i przyjemne uczucie ciep\u0142a, jednocze\u015bnie dbaj\u0105c o oddychalno\u015b\u0107 st\u00f3p. Dzi\u0119ki temu mo\u017cesz nosi\u0107 je przez ca\u0142y dzie\u0144 bez uczucia dyskomfortu czy przegrzewania. Elastyczna, lekka podeszwa dostosowuje si\u0119 do ruchu stopy, oferuj\u0105c stabilne i wygodne wsparcie podczas chodzenia.<\/p>\n<h2 data-start=\"994\" data-end=\"1046\">Materia\u0142y Najwy\u017cszej Jako\u015bci \u2013 Komfort i Trwa\u0142o\u015b\u0107<\/h2>\n<p data-start=\"1048\" data-end=\"1463\">W modelu <strong data-start=\"1057\" data-end=\"1095\">UGG Tasman II Slipper Horizon Pink<\/strong> po\u0142\u0105czono wysokiej klasy materia\u0142y z solidnym wykonaniem. Zewn\u0119trzna cz\u0119\u015b\u0107 kapci jest wytrzyma\u0142a na codzienne u\u017cytkowanie, a jednocze\u015bnie na tyle mi\u0119kka, by zapewnia\u0107 komfort przy ka\u017cdym kroku. Gumowa podeszwa gwarantuje doskona\u0142\u0105 przyczepno\u015b\u0107 i stabilno\u015b\u0107, co sprawia, \u017ce kapcie \u015bwietnie sprawdzaj\u0105 si\u0119 nie tylko w domu, ale tak\u017ce podczas kr\u00f3tkich wyj\u015b\u0107 na zewn\u0105trz.<\/p>\n<h2 data-start=\"1465\" data-end=\"1515\">Subtelna Kobieco\u015b\u0107 dzi\u0119ki Kolorowi Horizon Pink<\/h2>\n<p data-start=\"1517\" data-end=\"1918\">Horizon Pink to delikatny, kobiecy odcie\u0144 r\u00f3\u017cu, kt\u00f3ry dodaje subtelnego uroku i lekko\u015bci ka\u017cdej stylizacji. Kolor ten doskonale komponuje si\u0119 z r\u00f3\u017cnymi elementami garderoby \u2013 od mi\u0119kkich dres\u00f3w po lekkie szorty czy legginsy \u2013 tworz\u0105c harmonijn\u0105 i przyjemn\u0105 dla oka ca\u0142o\u015b\u0107. Dzi\u0119ki uniwersalnemu designowi kapcie te stanowi\u0105 idealne po\u0142\u0105czenie stylu i funkcjonalno\u015bci, kt\u00f3re pokochasz nosi\u0107 na co dzie\u0144.<\/p>\n<h2 data-start=\"1920\" data-end=\"1962\">Wszechstronno\u015b\u0107 \u2013 Dom i Kr\u00f3tkie Wyj\u015bcia<\/h2>\n<p data-start=\"1964\" data-end=\"2323\"><strong data-start=\"1964\" data-end=\"2002\">UGG Tasman II Slipper Horizon Pink<\/strong> to kapcie, kt\u00f3re sprawdzaj\u0105 si\u0119 w wielu sytuacjach. Mi\u0119kka podeszwa oraz wygodna konstrukcja sprawiaj\u0105, \u017ce s\u0105 idealne nie tylko do relaksu w domu, ale tak\u017ce na kr\u00f3tkie spacery \u2013 np. po tarasie czy w ogrodzie. Ich uniwersalno\u015b\u0107 czyni je \u015bwietnym wyborem dla kobiet, kt\u00f3re chc\u0105 poczu\u0107 komfort i styl bez wzgl\u0119du na okazj\u0119.<\/p>\n<\/div>\n<\/div>\n<\/div>\n<\/div>\n<\/div>\n<\/div>\n","protected":false},"excerpt":{"rendered":"<h2 data-start=\"2325\" data-end=\"2366\">Elegancja i Funkcjonalno\u015b\u0107 na Co Dzie\u0144<\/h2>\n<p data-start=\"2368\" data-end=\"2708\" data-is-last-node=\"\" data-is-only-node=\"\">Te kapcie to po\u0142\u0105czenie elegancji, komfortu i funkcjonalno\u015bci, kt\u00f3re z \u0142atwo\u015bci\u0105 wpisz\u0105 si\u0119 w rytm codziennego \u017cycia. Dzi\u0119ki dba\u0142o\u015bci o detale i wysokiej jako\u015bci materia\u0142om, <strong data-start=\"2542\" data-end=\"2590\">UGG Tasman II Slipper Horizon Pink (Women\u2019s)<\/strong> to propozycja, kt\u00f3ra zapewnia komfort, trwa\u0142o\u015b\u0107 i modny wygl\u0105d \u2013 idealna dla kobiet ceni\u0105cych wygod\u0119 bez kompromis\u00f3w.<\/p>","protected":false},"featured_media":220423,"template":"","meta":{"_acf_changed":false,"_yoast_wpseo_focuskw":"UGG Tasman II Slipper Horizon Pink (Women\u2019s)","_yoast_wpseo_title":"","_yoast_wpseo_metadesc":""},"pwb-brand":[822],"product_brand":[],"product_cat":[16,808,171,1171],"product_tag":[1008,1009],"class_list":{"0":"post-220575","1":"product","2":"type-product","3":"status-publish","4":"has-post-thumbnail","6":"pwb-brand-ugg","7":"product_cat-buty","8":"product_cat-ugg","9":"product_cat-inne","10":"product_cat-ugg-tasman","11":"product_tag-kobieta","12":"product_tag-mezczyzna","14":"first","15":"onbackorder","16":"sale","17":"taxable","18":"shipping-taxable","19":"purchasable","20":"product-type-variable"},"acf":[],"yoast_head":"<!-- This site is optimized with the Yoast SEO plugin v27.2 - https:\/\/yoast.com\/product\/yoast-seo-wordpress\/ -->\n<title>UGG Tasman II Slipper Horizon Pink (Women\u2019s) - SHEZAMME<\/title>\n<meta name=\"description\" content=\"UGG Tasman II Slipper Horizon Pink (Women\u2019s) | Luksusowe i autentyczne przedmioty w jednym miejscu. B\u0105d\u017a na bie\u017c\u0105co i sprawd\u017a nasz\u0105 ofert\u0119 ju\u017c teraz\" \/>\n<meta name=\"robots\" content=\"index, follow, max-snippet:-1, max-image-preview:large, max-video-preview:-1\" \/>\n<link rel=\"canonical\" href=\"https:\/\/shezamme.com\/en\/sklep\/sneakers-2\/others\/ugg\/ugg-tasman\/ugg-tasman-ii-slipper-horizon-pink-womens\/\" \/>\n<meta property=\"og:locale\" content=\"en_US\" \/>\n<meta property=\"og:type\" content=\"article\" \/>\n<meta property=\"og:title\" content=\"UGG Tasman II Slipper Horizon Pink (Women\u2019s) - SHEZAMME\" \/>\n<meta property=\"og:description\" content=\"UGG Tasman II Slipper Horizon Pink (Women\u2019s) | Luksusowe i autentyczne przedmioty w jednym miejscu. B\u0105d\u017a na bie\u017c\u0105co i sprawd\u017a nasz\u0105 ofert\u0119 ju\u017c teraz\" \/>\n<meta property=\"og:url\" content=\"https:\/\/shezamme.com\/en\/sklep\/sneakers-2\/others\/ugg\/ugg-tasman\/ugg-tasman-ii-slipper-horizon-pink-womens\/\" \/>\n<meta property=\"og:site_name\" content=\"SHEZAMME - Yeezy, Jordan, Supreme i inne oryginalne rzeczy\" \/>\n<meta property=\"article:publisher\" content=\"https:\/\/www.facebook.com\/SHEZAMME\/\" \/>\n<meta property=\"article:modified_time\" content=\"2026-01-15T11:17:46+00:00\" \/>\n<meta property=\"og:image\" content=\"https:\/\/shezamme.com\/wp-content\/uploads\/2026\/01\/UGG-Tasman-II-Slipper-Horizon-Pink-Womens.webp\" \/>\n\t<meta property=\"og:image:width\" content=\"1080\" \/>\n\t<meta property=\"og:image:height\" content=\"1080\" \/>\n\t<meta property=\"og:image:type\" content=\"image\/webp\" \/>\n<meta name=\"twitter:card\" content=\"summary_large_image\" \/>\n<meta name=\"twitter:site\" content=\"@SHEZAMME\" \/>\n<meta name=\"twitter:label1\" content=\"Est. reading time\" \/>\n\t<meta name=\"twitter:data1\" content=\"2 minutes\" \/>\n<script type=\"application\/ld+json\" class=\"yoast-schema-graph\">{\"@context\":\"https:\/\/schema.org\",\"@graph\":[{\"@type\":\"WebPage\",\"@id\":\"https:\/\/shezamme.com\/sklep\/buty\/inne\/ugg\/ugg-tasman\/ugg-tasman-ii-slipper-horizon-pink-womens\/\",\"url\":\"https:\/\/shezamme.com\/sklep\/buty\/inne\/ugg\/ugg-tasman\/ugg-tasman-ii-slipper-horizon-pink-womens\/\",\"name\":\"UGG Tasman II Slipper Horizon Pink (Women\u2019s) - SHEZAMME\",\"isPartOf\":{\"@id\":\"https:\/\/shezamme.com\/#website\"},\"primaryImageOfPage\":{\"@id\":\"https:\/\/shezamme.com\/sklep\/buty\/inne\/ugg\/ugg-tasman\/ugg-tasman-ii-slipper-horizon-pink-womens\/#primaryimage\"},\"image\":{\"@id\":\"https:\/\/shezamme.com\/sklep\/buty\/inne\/ugg\/ugg-tasman\/ugg-tasman-ii-slipper-horizon-pink-womens\/#primaryimage\"},\"thumbnailUrl\":\"https:\/\/shezamme.com\/wp-content\/uploads\/2026\/01\/UGG-Tasman-II-Slipper-Horizon-Pink-Womens.webp\",\"datePublished\":\"2026-01-15T11:17:44+00:00\",\"dateModified\":\"2026-01-15T11:17:46+00:00\",\"description\":\"UGG Tasman II Slipper Horizon Pink (Women\u2019s) | Luksusowe i autentyczne przedmioty w jednym miejscu. B\u0105d\u017a na bie\u017c\u0105co i sprawd\u017a nasz\u0105 ofert\u0119 ju\u017c teraz\",\"breadcrumb\":{\"@id\":\"https:\/\/shezamme.com\/sklep\/buty\/inne\/ugg\/ugg-tasman\/ugg-tasman-ii-slipper-horizon-pink-womens\/#breadcrumb\"},\"inLanguage\":\"en-US\",\"potentialAction\":[{\"@type\":\"ReadAction\",\"target\":[\"https:\/\/shezamme.com\/sklep\/buty\/inne\/ugg\/ugg-tasman\/ugg-tasman-ii-slipper-horizon-pink-womens\/\"]}]},{\"@type\":\"ImageObject\",\"inLanguage\":\"en-US\",\"@id\":\"https:\/\/shezamme.com\/sklep\/buty\/inne\/ugg\/ugg-tasman\/ugg-tasman-ii-slipper-horizon-pink-womens\/#primaryimage\",\"url\":\"https:\/\/shezamme.com\/wp-content\/uploads\/2026\/01\/UGG-Tasman-II-Slipper-Horizon-Pink-Womens.webp\",\"contentUrl\":\"https:\/\/shezamme.com\/wp-content\/uploads\/2026\/01\/UGG-Tasman-II-Slipper-Horizon-Pink-Womens.webp\",\"width\":1080,\"height\":1080,\"caption\":\"UGG Tasman II Slipper Horizon Pink (Women's)\"},{\"@type\":\"BreadcrumbList\",\"@id\":\"https:\/\/shezamme.com\/sklep\/buty\/inne\/ugg\/ugg-tasman\/ugg-tasman-ii-slipper-horizon-pink-womens\/#breadcrumb\",\"itemListElement\":[{\"@type\":\"ListItem\",\"position\":1,\"name\":\"Strona g\u0142\u00f3wna\",\"item\":\"https:\/\/shezamme.com\/\"},{\"@type\":\"ListItem\",\"position\":2,\"name\":\"Sklep\",\"item\":\"https:\/\/shezamme.com\/sklep\/\"},{\"@type\":\"ListItem\",\"position\":3,\"name\":\"UGG Tasman II Slipper Horizon Pink (Women\u2019s)\"}]},{\"@type\":\"WebSite\",\"@id\":\"https:\/\/shezamme.com\/#website\",\"url\":\"https:\/\/shezamme.com\/\",\"name\":\"SHEZAMME - Sneakersy, Streetwear i luksusowe marki\",\"description\":\"Oryginalne i ekskluzywne przedmioty w jednym miejscu. Sprawd\u017a nasze produkty ju\u017c teraz i b\u0105d\u017a na bie\u017c\u0105co z wszystkimi premierami.\",\"publisher\":{\"@id\":\"https:\/\/shezamme.com\/#organization\"},\"potentialAction\":[{\"@type\":\"SearchAction\",\"target\":{\"@type\":\"EntryPoint\",\"urlTemplate\":\"https:\/\/shezamme.com\/?s={search_term_string}\"},\"query-input\":{\"@type\":\"PropertyValueSpecification\",\"valueRequired\":true,\"valueName\":\"search_term_string\"}}],\"inLanguage\":\"en-US\"},{\"@type\":\"Organization\",\"@id\":\"https:\/\/shezamme.com\/#organization\",\"name\":\"SHEZAMME - Sneakersy, Streetwear i luksusowe marki\",\"url\":\"https:\/\/shezamme.com\/\",\"logo\":{\"@type\":\"ImageObject\",\"inLanguage\":\"en-US\",\"@id\":\"https:\/\/shezamme.com\/#\/schema\/logo\/image\/\",\"url\":\"https:\/\/shezamme.com\/wp-content\/uploads\/2023\/02\/0x0.png\",\"contentUrl\":\"https:\/\/shezamme.com\/wp-content\/uploads\/2023\/02\/0x0.png\",\"width\":2000,\"height\":2000,\"caption\":\"SHEZAMME - Sneakersy, Streetwear i luksusowe marki\"},\"image\":{\"@id\":\"https:\/\/shezamme.com\/#\/schema\/logo\/image\/\"},\"sameAs\":[\"https:\/\/www.facebook.com\/SHEZAMME\/\",\"https:\/\/x.com\/SHEZAMME\",\"https:\/\/www.instagram.com\/shezamme\/\",\"https:\/\/www.youtube.com\/channel\/UCsTJxi_9fODHdO_1bmJbqvQ\",\"https:\/\/www.tiktok.com\/shezamme.com\"]}]}<\/script>\n<!-- \/ Yoast SEO plugin. -->","yoast_head_json":{"title":"UGG Tasman II Slipper Horizon Pink (Women\u2019s) - SHEZAMME","description":"UGG Tasman II Slipper Horizon Pink (Women\u2019s) | Luksusowe i autentyczne przedmioty w jednym miejscu. B\u0105d\u017a na bie\u017c\u0105co i sprawd\u017a nasz\u0105 ofert\u0119 ju\u017c teraz","robots":{"index":"index","follow":"follow","max-snippet":"max-snippet:-1","max-image-preview":"max-image-preview:large","max-video-preview":"max-video-preview:-1"},"canonical":"https:\/\/shezamme.com\/en\/sklep\/sneakers-2\/others\/ugg\/ugg-tasman\/ugg-tasman-ii-slipper-horizon-pink-womens\/","og_locale":"en_US","og_type":"article","og_title":"UGG Tasman II Slipper Horizon Pink (Women\u2019s) - SHEZAMME","og_description":"UGG Tasman II Slipper Horizon Pink (Women\u2019s) | Luksusowe i autentyczne przedmioty w jednym miejscu. B\u0105d\u017a na bie\u017c\u0105co i sprawd\u017a nasz\u0105 ofert\u0119 ju\u017c teraz","og_url":"https:\/\/shezamme.com\/en\/sklep\/sneakers-2\/others\/ugg\/ugg-tasman\/ugg-tasman-ii-slipper-horizon-pink-womens\/","og_site_name":"SHEZAMME - Yeezy, Jordan, Supreme i inne oryginalne rzeczy","article_publisher":"https:\/\/www.facebook.com\/SHEZAMME\/","article_modified_time":"2026-01-15T11:17:46+00:00","og_image":[{"width":1080,"height":1080,"url":"https:\/\/shezamme.com\/wp-content\/uploads\/2026\/01\/UGG-Tasman-II-Slipper-Horizon-Pink-Womens.webp","type":"image\/webp"}],"twitter_card":"summary_large_image","twitter_site":"@SHEZAMME","twitter_misc":{"Est. reading time":"2 minutes"},"schema":{"@context":"https:\/\/schema.org","@graph":[{"@type":"WebPage","@id":"https:\/\/shezamme.com\/sklep\/buty\/inne\/ugg\/ugg-tasman\/ugg-tasman-ii-slipper-horizon-pink-womens\/","url":"https:\/\/shezamme.com\/sklep\/buty\/inne\/ugg\/ugg-tasman\/ugg-tasman-ii-slipper-horizon-pink-womens\/","name":"UGG Tasman II Slipper Horizon Pink (Women\u2019s) - SHEZAMME","isPartOf":{"@id":"https:\/\/shezamme.com\/#website"},"primaryImageOfPage":{"@id":"https:\/\/shezamme.com\/sklep\/buty\/inne\/ugg\/ugg-tasman\/ugg-tasman-ii-slipper-horizon-pink-womens\/#primaryimage"},"image":{"@id":"https:\/\/shezamme.com\/sklep\/buty\/inne\/ugg\/ugg-tasman\/ugg-tasman-ii-slipper-horizon-pink-womens\/#primaryimage"},"thumbnailUrl":"https:\/\/shezamme.com\/wp-content\/uploads\/2026\/01\/UGG-Tasman-II-Slipper-Horizon-Pink-Womens.webp","datePublished":"2026-01-15T11:17:44+00:00","dateModified":"2026-01-15T11:17:46+00:00","description":"UGG Tasman II Slipper Horizon Pink (Women\u2019s) | Luksusowe i autentyczne przedmioty w jednym miejscu. B\u0105d\u017a na bie\u017c\u0105co i sprawd\u017a nasz\u0105 ofert\u0119 ju\u017c teraz","breadcrumb":{"@id":"https:\/\/shezamme.com\/sklep\/buty\/inne\/ugg\/ugg-tasman\/ugg-tasman-ii-slipper-horizon-pink-womens\/#breadcrumb"},"inLanguage":"en-US","potentialAction":[{"@type":"ReadAction","target":["https:\/\/shezamme.com\/sklep\/buty\/inne\/ugg\/ugg-tasman\/ugg-tasman-ii-slipper-horizon-pink-womens\/"]}]},{"@type":"ImageObject","inLanguage":"en-US","@id":"https:\/\/shezamme.com\/sklep\/buty\/inne\/ugg\/ugg-tasman\/ugg-tasman-ii-slipper-horizon-pink-womens\/#primaryimage","url":"https:\/\/shezamme.com\/wp-content\/uploads\/2026\/01\/UGG-Tasman-II-Slipper-Horizon-Pink-Womens.webp","contentUrl":"https:\/\/shezamme.com\/wp-content\/uploads\/2026\/01\/UGG-Tasman-II-Slipper-Horizon-Pink-Womens.webp","width":1080,"height":1080,"caption":"UGG Tasman II Slipper Horizon Pink (Women's)"},{"@type":"BreadcrumbList","@id":"https:\/\/shezamme.com\/sklep\/buty\/inne\/ugg\/ugg-tasman\/ugg-tasman-ii-slipper-horizon-pink-womens\/#breadcrumb","itemListElement":[{"@type":"ListItem","position":1,"name":"Strona g\u0142\u00f3wna","item":"https:\/\/shezamme.com\/"},{"@type":"ListItem","position":2,"name":"Sklep","item":"https:\/\/shezamme.com\/sklep\/"},{"@type":"ListItem","position":3,"name":"UGG Tasman II Slipper Horizon Pink (Women\u2019s)"}]},{"@type":"WebSite","@id":"https:\/\/shezamme.com\/#website","url":"https:\/\/shezamme.com\/","name":"SHEZAMME - Sneakers, Streetwear and luxury brands","description":"Original and exclusive items in one place. Check out our products now and stay up to date with all launches.","publisher":{"@id":"https:\/\/shezamme.com\/#organization"},"potentialAction":[{"@type":"SearchAction","target":{"@type":"EntryPoint","urlTemplate":"https:\/\/shezamme.com\/?s={search_term_string}"},"query-input":{"@type":"PropertyValueSpecification","valueRequired":true,"valueName":"search_term_string"}}],"inLanguage":"en-US"},{"@type":"Organization","@id":"https:\/\/shezamme.com\/#organization","name":"SHEZAMME - Sneakers, Streetwear and luxury brands","url":"https:\/\/shezamme.com\/","logo":{"@type":"ImageObject","inLanguage":"en-US","@id":"https:\/\/shezamme.com\/#\/schema\/logo\/image\/","url":"https:\/\/shezamme.com\/wp-content\/uploads\/2023\/02\/0x0.png","contentUrl":"https:\/\/shezamme.com\/wp-content\/uploads\/2023\/02\/0x0.png","width":2000,"height":2000,"caption":"SHEZAMME - Sneakersy, Streetwear i luksusowe marki"},"image":{"@id":"https:\/\/shezamme.com\/#\/schema\/logo\/image\/"},"sameAs":["https:\/\/www.facebook.com\/SHEZAMME\/","https:\/\/x.com\/SHEZAMME","https:\/\/www.instagram.com\/shezamme\/","https:\/\/www.youtube.com\/channel\/UCsTJxi_9fODHdO_1bmJbqvQ","https:\/\/www.tiktok.com\/shezamme.com"]}]}},"brands":[{"id":822,"name":"UGG","slug":"ugg"}],"_links":{"self":[{"href":"https:\/\/shezamme.com\/en\/wp-json\/wp\/v2\/product\/220575","targetHints":{"allow":["GET"]}}],"collection":[{"href":"https:\/\/shezamme.com\/en\/wp-json\/wp\/v2\/product"}],"about":[{"href":"https:\/\/shezamme.com\/en\/wp-json\/wp\/v2\/types\/product"}],"wp:featuredmedia":[{"embeddable":true,"href":"https:\/\/shezamme.com\/en\/wp-json\/wp\/v2\/media\/220423"}],"wp:attachment":[{"href":"https:\/\/shezamme.com\/en\/wp-json\/wp\/v2\/media?parent=220575"}],"wp:term":[{"taxonomy":"pwb-brand","embeddable":true,"href":"https:\/\/shezamme.com\/en\/wp-json\/wp\/v2\/pwb-brand?post=220575"},{"taxonomy":"product_brand","embeddable":true,"href":"https:\/\/shezamme.com\/en\/wp-json\/wp\/v2\/product_brand?post=220575"},{"taxonomy":"product_cat","embeddable":true,"href":"https:\/\/shezamme.com\/en\/wp-json\/wp\/v2\/product_cat?post=220575"},{"taxonomy":"product_tag","embeddable":true,"href":"https:\/\/shezamme.com\/en\/wp-json\/wp\/v2\/product_tag?post=220575"}],"curies":[{"name":"wp","href":"https:\/\/api.w.org\/{rel}","templated":true}]}}