{"id":220572,"date":"2026-01-15T12:07:14","date_gmt":"2026-01-15T11:07:14","guid":{"rendered":"https:\/\/shezamme.com\/?post_type=product&#038;p=220572"},"modified":"2026-01-15T12:07:15","modified_gmt":"2026-01-15T11:07:15","slug":"ugg-tasman-ii-slipper-black-mens","status":"publish","type":"product","link":"https:\/\/shezamme.com\/en\/sklep\/buty\/inne\/ugg\/ugg-tasman\/ugg-tasman-ii-slipper-black-mens\/","title":{"rendered":"UGG Tasman II Slipper Black (Men`s)"},"content":{"rendered":"<h2 data-start=\"0\" data-end=\"77\">UGG Tasman II Slipper Black (Men\u2019s) \u2013 Klasyczny Styl i Niezr\u00f3wnany Komfort<\/h2>\n<p data-start=\"79\" data-end=\"567\"><strong data-start=\"79\" data-end=\"118\">UGG Tasman II Slipper Black (Men\u2019s)<\/strong> to eleganckie kapcie, kt\u00f3re \u0142\u0105cz\u0105 w sobie klasyczny design i najwy\u017cszy komfort. Wykonane z materia\u0142\u00f3w wysokiej jako\u015bci, te kapcie zapewniaj\u0105 wygod\u0119 na ka\u017cdym kroku, nie rezygnuj\u0105c przy tym z modowego wyrafinowania. Kolor czarny, b\u0119d\u0105cy synonimem uniwersalno\u015bci i elegancji, sprawia, \u017ce model ten \u015bwietnie komponuje si\u0119 z r\u00f3\u017cnymi stylami, zar\u00f3wno codziennymi, jak i bardziej casualowymi. To doskona\u0142y wyb\u00f3r dla m\u0119\u017cczyzn, kt\u00f3rzy ceni\u0105 komfort i styl.<\/p>\n<h2 data-start=\"569\" data-end=\"596\">Komfort przez Ca\u0142y Dzie\u0144<\/h2>\n<p data-start=\"598\" data-end=\"1099\">Kapcie <strong data-start=\"605\" data-end=\"636\">UGG Tasman II Slipper Black<\/strong> zosta\u0142y zaprojektowane z my\u015bl\u0105 o zapewnieniu najwy\u017cszego komfortu. Wn\u0119trze kapci wy\u015bcie\u0142ane jest mi\u0119kkim futerkiem z naturalnej we\u0142ny merynos\u00f3w, kt\u00f3re zapewnia przyjemne ciep\u0142o, nie przegrzewaj\u0105c st\u00f3p. Dzi\u0119ki oddychaj\u0105cym w\u0142a\u015bciwo\u015bciom materia\u0142u, stopy pozostaj\u0105 suche i \u015bwie\u017ce przez ca\u0142y dzie\u0144, co sprawia, \u017ce te kapcie idealnie nadaj\u0105 si\u0119 do noszenia przez wiele godzin. Elastyczna podeszwa zapewnia wygod\u0119 i optymaln\u0105 przyczepno\u015b\u0107, niezale\u017cnie od nawierzchni.<\/p>\n<h2 data-start=\"1101\" data-end=\"1139\">Trwa\u0142o\u015b\u0107 i Wysoka Jako\u015b\u0107 Materia\u0142\u00f3w<\/h2>\n<p data-start=\"1141\" data-end=\"1546\">Kapcie <strong data-start=\"1148\" data-end=\"1179\">UGG Tasman II Slipper Black<\/strong> to model, kt\u00f3ry wyr\u00f3\u017cnia si\u0119 solidnym wykonaniem i dba\u0142o\u015bci\u0105 o detale. Zewn\u0119trzna cz\u0119\u015b\u0107 kapci wykonana jest z wytrzyma\u0142ych materia\u0142\u00f3w, odpornych na zu\u017cycie, co zapewnia ich d\u0142ugowieczno\u015b\u0107. Dodatkowo gumowa podeszwa gwarantuje doskona\u0142\u0105 przyczepno\u015b\u0107 i stabilno\u015b\u0107, co sprawia, \u017ce kapcie sprawdz\u0105 si\u0119 nie tylko w domu, ale r\u00f3wnie\u017c podczas kr\u00f3tkich spacer\u00f3w na zewn\u0105trz.<\/p>\n<h2 data-start=\"1548\" data-end=\"1603\">Klasyczny Czarny Kolor \u2013 Elegancja i Wszechstronno\u015b\u0107<\/h2>\n<p data-start=\"1605\" data-end=\"2030\"><strong data-start=\"1605\" data-end=\"1636\">UGG Tasman II Slipper Black<\/strong> to kapcie, kt\u00f3re wyr\u00f3\u017cniaj\u0105 si\u0119 ponadczasowym, klasycznym designem. Kolor czarny pasuje do wielu stylizacji, dzi\u0119ki czemu model ten jest niezwykle uniwersalny. Doskonale komponuje si\u0119 zar\u00f3wno z codziennymi ubraniami, jak i bardziej casualowymi zestawami. To kapcie, kt\u00f3re nigdy nie wychodz\u0105 z mody i b\u0119d\u0105 doskona\u0142ym wyborem do r\u00f3\u017cnych okazji \u2013 od relaksu w domu po szybkie wyj\u015bcia na zewn\u0105trz.<\/p>","protected":false},"excerpt":{"rendered":"<h2 data-start=\"2032\" data-end=\"2065\">Wygodne Obuwie na Ka\u017cd\u0105 Okazj\u0119<\/h2>\n<p data-start=\"2067\" data-end=\"2467\" data-is-last-node=\"\" data-is-only-node=\"\"><strong data-start=\"2067\" data-end=\"2098\">UGG Tasman II Slipper Black<\/strong> to kapcie, kt\u00f3re sprawdz\u0105 si\u0119 zar\u00f3wno w domowych warunkach, jak i podczas kr\u00f3tkich wyj\u015b\u0107 na \u015bwie\u017cym powietrzu. Dzi\u0119ki elastycznej podeszwie i solidnemu wykonaniu, model ten zapewnia komfort na ka\u017cdym kroku. Idealne do noszenia w domu, na tarasie czy podczas szybkich zakup\u00f3w, te kapcie s\u0105 wyj\u0105tkowo wszechstronne i komfortowe, co czyni je idealnym wyborem na co dzie\u0144.<\/p>","protected":false},"featured_media":220418,"template":"","meta":{"_acf_changed":false,"_yoast_wpseo_focuskw":"UGG Tasman II Slipper Black (Men`s)","_yoast_wpseo_title":"","_yoast_wpseo_metadesc":""},"pwb-brand":[822],"product_brand":[],"product_cat":[16,808,171,1171],"product_tag":[1008,1009],"class_list":{"0":"post-220572","1":"product","2":"type-product","3":"status-publish","4":"has-post-thumbnail","6":"pwb-brand-ugg","7":"product_cat-buty","8":"product_cat-ugg","9":"product_cat-inne","10":"product_cat-ugg-tasman","11":"product_tag-kobieta","12":"product_tag-mezczyzna","14":"first","15":"onbackorder","16":"sale","17":"taxable","18":"shipping-taxable","19":"purchasable","20":"product-type-variable"},"acf":[],"yoast_head":"<!-- This site is optimized with the Yoast SEO plugin v27.2 - https:\/\/yoast.com\/product\/yoast-seo-wordpress\/ -->\n<title>UGG Tasman II Slipper Black (Men`s) - SHEZAMME<\/title>\n<meta name=\"description\" content=\"UGG Tasman II Slipper Black (Men`s) | Luksusowe i autentyczne przedmioty w jednym miejscu. B\u0105d\u017a na bie\u017c\u0105co i sprawd\u017a nasz\u0105 ofert\u0119 ju\u017c teraz\" \/>\n<meta name=\"robots\" content=\"index, follow, max-snippet:-1, max-image-preview:large, max-video-preview:-1\" \/>\n<link rel=\"canonical\" href=\"https:\/\/shezamme.com\/en\/sklep\/sneakers-2\/others\/ugg\/ugg-tasman\/ugg-tasman-ii-slipper-black-mens\/\" \/>\n<meta property=\"og:locale\" content=\"en_US\" \/>\n<meta property=\"og:type\" content=\"article\" \/>\n<meta property=\"og:title\" content=\"UGG Tasman II Slipper Black (Men`s) - SHEZAMME\" \/>\n<meta property=\"og:description\" content=\"UGG Tasman II Slipper Black (Men`s) | Luksusowe i autentyczne przedmioty w jednym miejscu. B\u0105d\u017a na bie\u017c\u0105co i sprawd\u017a nasz\u0105 ofert\u0119 ju\u017c teraz\" \/>\n<meta property=\"og:url\" content=\"https:\/\/shezamme.com\/en\/sklep\/sneakers-2\/others\/ugg\/ugg-tasman\/ugg-tasman-ii-slipper-black-mens\/\" \/>\n<meta property=\"og:site_name\" content=\"SHEZAMME - Yeezy, Jordan, Supreme i inne oryginalne rzeczy\" \/>\n<meta property=\"article:publisher\" content=\"https:\/\/www.facebook.com\/SHEZAMME\/\" \/>\n<meta property=\"article:modified_time\" content=\"2026-01-15T11:07:15+00:00\" \/>\n<meta property=\"og:image\" content=\"https:\/\/shezamme.com\/wp-content\/uploads\/2026\/01\/UGG-Tasman-II-Slipper-Black-Mens.webp\" \/>\n\t<meta property=\"og:image:width\" content=\"1080\" \/>\n\t<meta property=\"og:image:height\" content=\"1080\" \/>\n\t<meta property=\"og:image:type\" content=\"image\/webp\" \/>\n<meta name=\"twitter:card\" content=\"summary_large_image\" \/>\n<meta name=\"twitter:site\" content=\"@SHEZAMME\" \/>\n<meta name=\"twitter:label1\" content=\"Est. reading time\" \/>\n\t<meta name=\"twitter:data1\" content=\"2 minutes\" \/>\n<script type=\"application\/ld+json\" class=\"yoast-schema-graph\">{\"@context\":\"https:\/\/schema.org\",\"@graph\":[{\"@type\":\"WebPage\",\"@id\":\"https:\/\/shezamme.com\/sklep\/buty\/inne\/ugg\/ugg-tasman\/ugg-tasman-ii-slipper-black-mens\/\",\"url\":\"https:\/\/shezamme.com\/sklep\/buty\/inne\/ugg\/ugg-tasman\/ugg-tasman-ii-slipper-black-mens\/\",\"name\":\"UGG Tasman II Slipper Black (Men`s) - SHEZAMME\",\"isPartOf\":{\"@id\":\"https:\/\/shezamme.com\/#website\"},\"primaryImageOfPage\":{\"@id\":\"https:\/\/shezamme.com\/sklep\/buty\/inne\/ugg\/ugg-tasman\/ugg-tasman-ii-slipper-black-mens\/#primaryimage\"},\"image\":{\"@id\":\"https:\/\/shezamme.com\/sklep\/buty\/inne\/ugg\/ugg-tasman\/ugg-tasman-ii-slipper-black-mens\/#primaryimage\"},\"thumbnailUrl\":\"https:\/\/shezamme.com\/wp-content\/uploads\/2026\/01\/UGG-Tasman-II-Slipper-Black-Mens.webp\",\"datePublished\":\"2026-01-15T11:07:14+00:00\",\"dateModified\":\"2026-01-15T11:07:15+00:00\",\"description\":\"UGG Tasman II Slipper Black (Men`s) | Luksusowe i autentyczne przedmioty w jednym miejscu. B\u0105d\u017a na bie\u017c\u0105co i sprawd\u017a nasz\u0105 ofert\u0119 ju\u017c teraz\",\"breadcrumb\":{\"@id\":\"https:\/\/shezamme.com\/sklep\/buty\/inne\/ugg\/ugg-tasman\/ugg-tasman-ii-slipper-black-mens\/#breadcrumb\"},\"inLanguage\":\"en-US\",\"potentialAction\":[{\"@type\":\"ReadAction\",\"target\":[\"https:\/\/shezamme.com\/sklep\/buty\/inne\/ugg\/ugg-tasman\/ugg-tasman-ii-slipper-black-mens\/\"]}]},{\"@type\":\"ImageObject\",\"inLanguage\":\"en-US\",\"@id\":\"https:\/\/shezamme.com\/sklep\/buty\/inne\/ugg\/ugg-tasman\/ugg-tasman-ii-slipper-black-mens\/#primaryimage\",\"url\":\"https:\/\/shezamme.com\/wp-content\/uploads\/2026\/01\/UGG-Tasman-II-Slipper-Black-Mens.webp\",\"contentUrl\":\"https:\/\/shezamme.com\/wp-content\/uploads\/2026\/01\/UGG-Tasman-II-Slipper-Black-Mens.webp\",\"width\":1080,\"height\":1080,\"caption\":\"UGG Tasman II Slipper Black (Men`s)\"},{\"@type\":\"BreadcrumbList\",\"@id\":\"https:\/\/shezamme.com\/sklep\/buty\/inne\/ugg\/ugg-tasman\/ugg-tasman-ii-slipper-black-mens\/#breadcrumb\",\"itemListElement\":[{\"@type\":\"ListItem\",\"position\":1,\"name\":\"Strona g\u0142\u00f3wna\",\"item\":\"https:\/\/shezamme.com\/\"},{\"@type\":\"ListItem\",\"position\":2,\"name\":\"Sklep\",\"item\":\"https:\/\/shezamme.com\/sklep\/\"},{\"@type\":\"ListItem\",\"position\":3,\"name\":\"UGG Tasman II Slipper Black (Men`s)\"}]},{\"@type\":\"WebSite\",\"@id\":\"https:\/\/shezamme.com\/#website\",\"url\":\"https:\/\/shezamme.com\/\",\"name\":\"SHEZAMME - Sneakersy, Streetwear i luksusowe marki\",\"description\":\"Oryginalne i ekskluzywne przedmioty w jednym miejscu. Sprawd\u017a nasze produkty ju\u017c teraz i b\u0105d\u017a na bie\u017c\u0105co z wszystkimi premierami.\",\"publisher\":{\"@id\":\"https:\/\/shezamme.com\/#organization\"},\"potentialAction\":[{\"@type\":\"SearchAction\",\"target\":{\"@type\":\"EntryPoint\",\"urlTemplate\":\"https:\/\/shezamme.com\/?s={search_term_string}\"},\"query-input\":{\"@type\":\"PropertyValueSpecification\",\"valueRequired\":true,\"valueName\":\"search_term_string\"}}],\"inLanguage\":\"en-US\"},{\"@type\":\"Organization\",\"@id\":\"https:\/\/shezamme.com\/#organization\",\"name\":\"SHEZAMME - Sneakersy, Streetwear i luksusowe marki\",\"url\":\"https:\/\/shezamme.com\/\",\"logo\":{\"@type\":\"ImageObject\",\"inLanguage\":\"en-US\",\"@id\":\"https:\/\/shezamme.com\/#\/schema\/logo\/image\/\",\"url\":\"https:\/\/shezamme.com\/wp-content\/uploads\/2023\/02\/0x0.png\",\"contentUrl\":\"https:\/\/shezamme.com\/wp-content\/uploads\/2023\/02\/0x0.png\",\"width\":2000,\"height\":2000,\"caption\":\"SHEZAMME - Sneakersy, Streetwear i luksusowe marki\"},\"image\":{\"@id\":\"https:\/\/shezamme.com\/#\/schema\/logo\/image\/\"},\"sameAs\":[\"https:\/\/www.facebook.com\/SHEZAMME\/\",\"https:\/\/x.com\/SHEZAMME\",\"https:\/\/www.instagram.com\/shezamme\/\",\"https:\/\/www.youtube.com\/channel\/UCsTJxi_9fODHdO_1bmJbqvQ\",\"https:\/\/www.tiktok.com\/shezamme.com\"]}]}<\/script>\n<!-- \/ Yoast SEO plugin. -->","yoast_head_json":{"title":"UGG Tasman II Slipper Black (Men`s) - SHEZAMME","description":"UGG Tasman II Slipper Black (Men`s) | Luksusowe i autentyczne przedmioty w jednym miejscu. B\u0105d\u017a na bie\u017c\u0105co i sprawd\u017a nasz\u0105 ofert\u0119 ju\u017c teraz","robots":{"index":"index","follow":"follow","max-snippet":"max-snippet:-1","max-image-preview":"max-image-preview:large","max-video-preview":"max-video-preview:-1"},"canonical":"https:\/\/shezamme.com\/en\/sklep\/sneakers-2\/others\/ugg\/ugg-tasman\/ugg-tasman-ii-slipper-black-mens\/","og_locale":"en_US","og_type":"article","og_title":"UGG Tasman II Slipper Black (Men`s) - SHEZAMME","og_description":"UGG Tasman II Slipper Black (Men`s) | Luksusowe i autentyczne przedmioty w jednym miejscu. B\u0105d\u017a na bie\u017c\u0105co i sprawd\u017a nasz\u0105 ofert\u0119 ju\u017c teraz","og_url":"https:\/\/shezamme.com\/en\/sklep\/sneakers-2\/others\/ugg\/ugg-tasman\/ugg-tasman-ii-slipper-black-mens\/","og_site_name":"SHEZAMME - Yeezy, Jordan, Supreme i inne oryginalne rzeczy","article_publisher":"https:\/\/www.facebook.com\/SHEZAMME\/","article_modified_time":"2026-01-15T11:07:15+00:00","og_image":[{"width":1080,"height":1080,"url":"https:\/\/shezamme.com\/wp-content\/uploads\/2026\/01\/UGG-Tasman-II-Slipper-Black-Mens.webp","type":"image\/webp"}],"twitter_card":"summary_large_image","twitter_site":"@SHEZAMME","twitter_misc":{"Est. reading time":"2 minutes"},"schema":{"@context":"https:\/\/schema.org","@graph":[{"@type":"WebPage","@id":"https:\/\/shezamme.com\/sklep\/buty\/inne\/ugg\/ugg-tasman\/ugg-tasman-ii-slipper-black-mens\/","url":"https:\/\/shezamme.com\/sklep\/buty\/inne\/ugg\/ugg-tasman\/ugg-tasman-ii-slipper-black-mens\/","name":"UGG Tasman II Slipper Black (Men`s) - SHEZAMME","isPartOf":{"@id":"https:\/\/shezamme.com\/#website"},"primaryImageOfPage":{"@id":"https:\/\/shezamme.com\/sklep\/buty\/inne\/ugg\/ugg-tasman\/ugg-tasman-ii-slipper-black-mens\/#primaryimage"},"image":{"@id":"https:\/\/shezamme.com\/sklep\/buty\/inne\/ugg\/ugg-tasman\/ugg-tasman-ii-slipper-black-mens\/#primaryimage"},"thumbnailUrl":"https:\/\/shezamme.com\/wp-content\/uploads\/2026\/01\/UGG-Tasman-II-Slipper-Black-Mens.webp","datePublished":"2026-01-15T11:07:14+00:00","dateModified":"2026-01-15T11:07:15+00:00","description":"UGG Tasman II Slipper Black (Men`s) | Luksusowe i autentyczne przedmioty w jednym miejscu. B\u0105d\u017a na bie\u017c\u0105co i sprawd\u017a nasz\u0105 ofert\u0119 ju\u017c teraz","breadcrumb":{"@id":"https:\/\/shezamme.com\/sklep\/buty\/inne\/ugg\/ugg-tasman\/ugg-tasman-ii-slipper-black-mens\/#breadcrumb"},"inLanguage":"en-US","potentialAction":[{"@type":"ReadAction","target":["https:\/\/shezamme.com\/sklep\/buty\/inne\/ugg\/ugg-tasman\/ugg-tasman-ii-slipper-black-mens\/"]}]},{"@type":"ImageObject","inLanguage":"en-US","@id":"https:\/\/shezamme.com\/sklep\/buty\/inne\/ugg\/ugg-tasman\/ugg-tasman-ii-slipper-black-mens\/#primaryimage","url":"https:\/\/shezamme.com\/wp-content\/uploads\/2026\/01\/UGG-Tasman-II-Slipper-Black-Mens.webp","contentUrl":"https:\/\/shezamme.com\/wp-content\/uploads\/2026\/01\/UGG-Tasman-II-Slipper-Black-Mens.webp","width":1080,"height":1080,"caption":"UGG Tasman II Slipper Black (Men`s)"},{"@type":"BreadcrumbList","@id":"https:\/\/shezamme.com\/sklep\/buty\/inne\/ugg\/ugg-tasman\/ugg-tasman-ii-slipper-black-mens\/#breadcrumb","itemListElement":[{"@type":"ListItem","position":1,"name":"Strona g\u0142\u00f3wna","item":"https:\/\/shezamme.com\/"},{"@type":"ListItem","position":2,"name":"Sklep","item":"https:\/\/shezamme.com\/sklep\/"},{"@type":"ListItem","position":3,"name":"UGG Tasman II Slipper Black (Men`s)"}]},{"@type":"WebSite","@id":"https:\/\/shezamme.com\/#website","url":"https:\/\/shezamme.com\/","name":"SHEZAMME - Sneakers, Streetwear and luxury brands","description":"Original and exclusive items in one place. Check out our products now and stay up to date with all launches.","publisher":{"@id":"https:\/\/shezamme.com\/#organization"},"potentialAction":[{"@type":"SearchAction","target":{"@type":"EntryPoint","urlTemplate":"https:\/\/shezamme.com\/?s={search_term_string}"},"query-input":{"@type":"PropertyValueSpecification","valueRequired":true,"valueName":"search_term_string"}}],"inLanguage":"en-US"},{"@type":"Organization","@id":"https:\/\/shezamme.com\/#organization","name":"SHEZAMME - Sneakers, Streetwear and luxury brands","url":"https:\/\/shezamme.com\/","logo":{"@type":"ImageObject","inLanguage":"en-US","@id":"https:\/\/shezamme.com\/#\/schema\/logo\/image\/","url":"https:\/\/shezamme.com\/wp-content\/uploads\/2023\/02\/0x0.png","contentUrl":"https:\/\/shezamme.com\/wp-content\/uploads\/2023\/02\/0x0.png","width":2000,"height":2000,"caption":"SHEZAMME - Sneakersy, Streetwear i luksusowe marki"},"image":{"@id":"https:\/\/shezamme.com\/#\/schema\/logo\/image\/"},"sameAs":["https:\/\/www.facebook.com\/SHEZAMME\/","https:\/\/x.com\/SHEZAMME","https:\/\/www.instagram.com\/shezamme\/","https:\/\/www.youtube.com\/channel\/UCsTJxi_9fODHdO_1bmJbqvQ","https:\/\/www.tiktok.com\/shezamme.com"]}]}},"brands":[{"id":822,"name":"UGG","slug":"ugg"}],"_links":{"self":[{"href":"https:\/\/shezamme.com\/en\/wp-json\/wp\/v2\/product\/220572","targetHints":{"allow":["GET"]}}],"collection":[{"href":"https:\/\/shezamme.com\/en\/wp-json\/wp\/v2\/product"}],"about":[{"href":"https:\/\/shezamme.com\/en\/wp-json\/wp\/v2\/types\/product"}],"wp:featuredmedia":[{"embeddable":true,"href":"https:\/\/shezamme.com\/en\/wp-json\/wp\/v2\/media\/220418"}],"wp:attachment":[{"href":"https:\/\/shezamme.com\/en\/wp-json\/wp\/v2\/media?parent=220572"}],"wp:term":[{"taxonomy":"pwb-brand","embeddable":true,"href":"https:\/\/shezamme.com\/en\/wp-json\/wp\/v2\/pwb-brand?post=220572"},{"taxonomy":"product_brand","embeddable":true,"href":"https:\/\/shezamme.com\/en\/wp-json\/wp\/v2\/product_brand?post=220572"},{"taxonomy":"product_cat","embeddable":true,"href":"https:\/\/shezamme.com\/en\/wp-json\/wp\/v2\/product_cat?post=220572"},{"taxonomy":"product_tag","embeddable":true,"href":"https:\/\/shezamme.com\/en\/wp-json\/wp\/v2\/product_tag?post=220572"}],"curies":[{"name":"wp","href":"https:\/\/api.w.org\/{rel}","templated":true}]}}