{"id":220104,"date":"2026-01-10T16:54:34","date_gmt":"2026-01-10T15:54:34","guid":{"rendered":"https:\/\/shezamme.com\/?post_type=product&#038;p=220104"},"modified":"2026-02-21T19:27:02","modified_gmt":"2026-02-21T18:27:02","slug":"nike-mind-001-slide-light-bone","status":"publish","type":"product","link":"https:\/\/shezamme.com\/en\/sklep\/buty\/nike\/nike-mind-001-slide-light-bone\/","title":{"rendered":"Nike Mind 001 Slide Light Bone"},"content":{"rendered":"<h2 data-start=\"265\" data-end=\"334\"><strong data-start=\"268\" data-end=\"334\">Nike Mind 001 Slide Light Bone \u2013 Minimalizm, kt\u00f3ry Buduje Styl<\/strong><\/h2>\n<p data-start=\"335\" data-end=\"759\">Nike Mind 001 Slide w kolorze Light Bone to klapki stworzone dla os\u00f3b, kt\u00f3re ceni\u0105 <strong data-start=\"418\" data-end=\"476\">spok\u00f3j formy, estetyczn\u0105 r\u00f3wnowag\u0119 i codzienny komfort<\/strong>. Jasna, neutralna kolorystyka sprawia, \u017ce model prezentuje si\u0119 lekko i nowocze\u015bnie, jednocze\u015bnie pozostaj\u0105c bardzo uniwersalnym. To propozycja, kt\u00f3ra doskonale wpisuje si\u0119 w aktualne trendy minimalistycznej mody lifestyle, gdzie prostota i funkcjonalno\u015b\u0107 s\u0105 r\u00f3wnie wa\u017cne jak wygl\u0105d.<\/p>\n<h2 data-start=\"761\" data-end=\"815\"><strong data-start=\"764\" data-end=\"815\">Linia Mind i Nowoczesna Filozofia Projektowania<\/strong><\/h2>\n<p data-start=\"816\" data-end=\"1242\">Seria Mind od <span class=\"hover:entity-accent entity-underline inline cursor-pointer align-baseline\"><span class=\"whitespace-normal\">Nike<\/span><\/span> zosta\u0142a zaprojektowana jako <strong data-start=\"896\" data-end=\"943\">\u015bwiadomy eksperyment z form\u0105 i u\u017cytkowo\u015bci\u0105<\/strong>. Model 001 Slide opiera si\u0119 na op\u0142ywowej, niemal rze\u017abiarskiej sylwetce, pozbawionej klasycznych podzia\u0142\u00f3w i nadmiaru detali. Wszystko podporz\u0105dkowano sp\u00f3jno\u015bci wizualnej oraz wygodzie. Wariant Light Bone podkre\u015bla t\u0119 koncepcj\u0119, oferuj\u0105c kolor, kt\u00f3ry harmonijnie wsp\u00f3\u0142gra z nowoczesn\u0105 form\u0105 klapek.<\/p>\n<h2 data-start=\"1244\" data-end=\"1291\"><strong data-start=\"1247\" data-end=\"1291\">Materia\u0142y i Komfort Codziennego Noszenia<\/strong><\/h2>\n<p data-start=\"1292\" data-end=\"1741\">Nike Mind 001 Slide Light Bone wykonane s\u0105 z <strong data-start=\"1337\" data-end=\"1387\">lekkich, nowoczesnych materia\u0142\u00f3w syntetycznych<\/strong>, kt\u00f3re zapewniaj\u0105 wysoki komfort u\u017cytkowania. Konstrukcja klapek zosta\u0142a zaprojektowana tak, aby naturalnie dopasowywa\u0107 si\u0119 do stopy, oferuj\u0105c stabilno\u015b\u0107 i wygod\u0119 przy ka\u017cdym kroku. Mi\u0119kka wk\u0142adka oraz odpowiednio wyprofilowana podeszwa wspieraj\u0105 stop\u0119, co sprawia, \u017ce model sprawdzi si\u0119 zar\u00f3wno w domu, jak i podczas codziennych wyj\u015b\u0107 w cieplejsze dni.<\/p>\n<h2 data-start=\"1743\" data-end=\"1799\"><strong data-start=\"1746\" data-end=\"1799\">Kolor Light Bone jako Uniwersalna Baza Stylizacji<\/strong><\/h2>\n<p data-start=\"1800\" data-end=\"2176\">Odcie\u0144 Light Bone nadaje klapkom <strong data-start=\"1833\" data-end=\"1879\">czysty, elegancki i ponadczasowy charakter<\/strong>. To kolor, kt\u00f3ry nie dominuje stylizacji, lecz j\u0105 dope\u0142nia, tworz\u0105c sp\u00f3jn\u0105 ca\u0142o\u015b\u0107. Jasna tonacja \u015bwietnie wsp\u00f3\u0142gra zar\u00f3wno z neutralnymi, jak i ciemniejszymi elementami garderoby. Dzi\u0119ki temu klapki mog\u0105 pe\u0142ni\u0107 rol\u0119 subtelnej bazy lub minimalistycznego akcentu w bardziej rozbudowanych outfitach.<\/p>","protected":false},"excerpt":{"rendered":"<h2 data-start=\"2178\" data-end=\"2242\"><strong data-start=\"2181\" data-end=\"2242\">Klapki do Stylizacji Lifestyle i Nowoczesnego Streetwearu<\/strong><\/h2>\n<p data-start=\"2243\" data-end=\"2789\">Nike Mind 001 Slide Light Bone doskonale odnajduj\u0105 si\u0119 w <strong data-start=\"2300\" data-end=\"2362\">stylizacjach lifestyle\u2019owych oraz nowoczesnym streetwearze<\/strong>, gdzie liczy si\u0119 komfort i estetyczna sp\u00f3jno\u015b\u0107. Klapki \u015bwietnie pasuj\u0105 do dres\u00f3w, spodni typu cargo, szort\u00f3w czy technicznych zestaw\u00f3w inspirowanych minimalistyczn\u0105 mod\u0105 miejsk\u0105. Neutralna kolorystyka pozwala \u0142atwo \u0142\u0105czy\u0107 je z r\u00f3\u017cnymi elementami garderoby, tworz\u0105c harmonijne i nowoczesne stylizacje. To idealny wyb\u00f3r dla os\u00f3b, kt\u00f3re chc\u0105 po\u0142\u0105czy\u0107 <strong data-start=\"2711\" data-end=\"2758\">wygod\u0119, \u015bwiadomy design i ponadczasowy styl<\/strong> w jednym, dopracowanym modelu.<\/p>","protected":false},"featured_media":220107,"template":"","meta":{"_acf_changed":false},"pwb-brand":[756],"product_brand":[],"product_cat":[16,93],"product_tag":[1008,1009],"class_list":{"0":"post-220104","1":"product","2":"type-product","3":"status-publish","4":"has-post-thumbnail","6":"pwb-brand-nike","7":"product_cat-buty","8":"product_cat-nike","9":"product_tag-kobieta","10":"product_tag-mezczyzna","12":"first","13":"onbackorder","14":"taxable","15":"shipping-taxable","16":"purchasable","17":"product-type-variable"},"acf":[],"yoast_head":"<!-- This site is optimized with the Yoast SEO plugin v27.2 - https:\/\/yoast.com\/product\/yoast-seo-wordpress\/ -->\n<title>Nike Mind 001 Slide Light Bone - SHEZAMME<\/title>\n<meta name=\"description\" content=\"Nike Mind 001 Slide Light Bone | Luksusowe i autentyczne przedmioty w jednym miejscu. B\u0105d\u017a na bie\u017c\u0105co i sprawd\u017a nasz\u0105 ofert\u0119 ju\u017c teraz\" \/>\n<meta name=\"robots\" content=\"index, follow, max-snippet:-1, max-image-preview:large, max-video-preview:-1\" \/>\n<link rel=\"canonical\" href=\"https:\/\/shezamme.com\/en\/sklep\/sneakers-2\/nike\/nike-mind-001-slide-light-bone\/\" \/>\n<meta property=\"og:locale\" content=\"en_US\" \/>\n<meta property=\"og:type\" content=\"article\" \/>\n<meta property=\"og:title\" content=\"Nike Mind 001 Slide Light Bone - SHEZAMME\" \/>\n<meta property=\"og:description\" content=\"Nike Mind 001 Slide Light Bone | Luksusowe i autentyczne przedmioty w jednym miejscu. B\u0105d\u017a na bie\u017c\u0105co i sprawd\u017a nasz\u0105 ofert\u0119 ju\u017c teraz\" \/>\n<meta property=\"og:url\" content=\"https:\/\/shezamme.com\/en\/sklep\/sneakers-2\/nike\/nike-mind-001-slide-light-bone\/\" \/>\n<meta property=\"og:site_name\" content=\"SHEZAMME - Yeezy, Jordan, Supreme i inne oryginalne rzeczy\" \/>\n<meta property=\"article:publisher\" content=\"https:\/\/www.facebook.com\/SHEZAMME\/\" \/>\n<meta property=\"article:modified_time\" content=\"2026-02-21T18:27:02+00:00\" \/>\n<meta property=\"og:image\" content=\"https:\/\/shezamme.com\/wp-content\/uploads\/2026\/01\/Nike-Mind-001-Slide-Light-Bone.webp\" \/>\n\t<meta property=\"og:image:width\" content=\"1080\" \/>\n\t<meta property=\"og:image:height\" content=\"1080\" \/>\n\t<meta property=\"og:image:type\" content=\"image\/webp\" \/>\n<meta name=\"twitter:card\" content=\"summary_large_image\" \/>\n<meta name=\"twitter:site\" content=\"@SHEZAMME\" \/>\n<meta name=\"twitter:label1\" content=\"Est. reading time\" \/>\n\t<meta name=\"twitter:data1\" content=\"1 minute\" \/>\n<script type=\"application\/ld+json\" class=\"yoast-schema-graph\">{\"@context\":\"https:\/\/schema.org\",\"@graph\":[{\"@type\":\"WebPage\",\"@id\":\"https:\/\/shezamme.com\/sklep\/buty\/nike\/nike-mind-001-slide-light-bone\/\",\"url\":\"https:\/\/shezamme.com\/sklep\/buty\/nike\/nike-mind-001-slide-light-bone\/\",\"name\":\"Nike Mind 001 Slide Light Bone - SHEZAMME\",\"isPartOf\":{\"@id\":\"https:\/\/shezamme.com\/#website\"},\"primaryImageOfPage\":{\"@id\":\"https:\/\/shezamme.com\/sklep\/buty\/nike\/nike-mind-001-slide-light-bone\/#primaryimage\"},\"image\":{\"@id\":\"https:\/\/shezamme.com\/sklep\/buty\/nike\/nike-mind-001-slide-light-bone\/#primaryimage\"},\"thumbnailUrl\":\"https:\/\/shezamme.com\/wp-content\/uploads\/2026\/01\/Nike-Mind-001-Slide-Light-Bone.webp\",\"datePublished\":\"2026-01-10T15:54:34+00:00\",\"dateModified\":\"2026-02-21T18:27:02+00:00\",\"description\":\"Nike Mind 001 Slide Light Bone | Luksusowe i autentyczne przedmioty w jednym miejscu. B\u0105d\u017a na bie\u017c\u0105co i sprawd\u017a nasz\u0105 ofert\u0119 ju\u017c teraz\",\"breadcrumb\":{\"@id\":\"https:\/\/shezamme.com\/sklep\/buty\/nike\/nike-mind-001-slide-light-bone\/#breadcrumb\"},\"inLanguage\":\"en-US\",\"potentialAction\":[{\"@type\":\"ReadAction\",\"target\":[\"https:\/\/shezamme.com\/sklep\/buty\/nike\/nike-mind-001-slide-light-bone\/\"]}]},{\"@type\":\"ImageObject\",\"inLanguage\":\"en-US\",\"@id\":\"https:\/\/shezamme.com\/sklep\/buty\/nike\/nike-mind-001-slide-light-bone\/#primaryimage\",\"url\":\"https:\/\/shezamme.com\/wp-content\/uploads\/2026\/01\/Nike-Mind-001-Slide-Light-Bone.webp\",\"contentUrl\":\"https:\/\/shezamme.com\/wp-content\/uploads\/2026\/01\/Nike-Mind-001-Slide-Light-Bone.webp\",\"width\":1080,\"height\":1080,\"caption\":\"Nike Mind 001 Slide Light Bone\"},{\"@type\":\"BreadcrumbList\",\"@id\":\"https:\/\/shezamme.com\/sklep\/buty\/nike\/nike-mind-001-slide-light-bone\/#breadcrumb\",\"itemListElement\":[{\"@type\":\"ListItem\",\"position\":1,\"name\":\"Strona g\u0142\u00f3wna\",\"item\":\"https:\/\/shezamme.com\/\"},{\"@type\":\"ListItem\",\"position\":2,\"name\":\"Sklep\",\"item\":\"https:\/\/shezamme.com\/sklep\/\"},{\"@type\":\"ListItem\",\"position\":3,\"name\":\"Nike Mind 001 Slide Light Bone\"}]},{\"@type\":\"WebSite\",\"@id\":\"https:\/\/shezamme.com\/#website\",\"url\":\"https:\/\/shezamme.com\/\",\"name\":\"SHEZAMME - Sneakersy, Streetwear i luksusowe marki\",\"description\":\"Oryginalne i ekskluzywne przedmioty w jednym miejscu. Sprawd\u017a nasze produkty ju\u017c teraz i b\u0105d\u017a na bie\u017c\u0105co z wszystkimi premierami.\",\"publisher\":{\"@id\":\"https:\/\/shezamme.com\/#organization\"},\"potentialAction\":[{\"@type\":\"SearchAction\",\"target\":{\"@type\":\"EntryPoint\",\"urlTemplate\":\"https:\/\/shezamme.com\/?s={search_term_string}\"},\"query-input\":{\"@type\":\"PropertyValueSpecification\",\"valueRequired\":true,\"valueName\":\"search_term_string\"}}],\"inLanguage\":\"en-US\"},{\"@type\":\"Organization\",\"@id\":\"https:\/\/shezamme.com\/#organization\",\"name\":\"SHEZAMME - Sneakersy, Streetwear i luksusowe marki\",\"url\":\"https:\/\/shezamme.com\/\",\"logo\":{\"@type\":\"ImageObject\",\"inLanguage\":\"en-US\",\"@id\":\"https:\/\/shezamme.com\/#\/schema\/logo\/image\/\",\"url\":\"https:\/\/shezamme.com\/wp-content\/uploads\/2023\/02\/0x0.png\",\"contentUrl\":\"https:\/\/shezamme.com\/wp-content\/uploads\/2023\/02\/0x0.png\",\"width\":2000,\"height\":2000,\"caption\":\"SHEZAMME - Sneakersy, Streetwear i luksusowe marki\"},\"image\":{\"@id\":\"https:\/\/shezamme.com\/#\/schema\/logo\/image\/\"},\"sameAs\":[\"https:\/\/www.facebook.com\/SHEZAMME\/\",\"https:\/\/x.com\/SHEZAMME\",\"https:\/\/www.instagram.com\/shezamme\/\",\"https:\/\/www.youtube.com\/channel\/UCsTJxi_9fODHdO_1bmJbqvQ\",\"https:\/\/www.tiktok.com\/shezamme.com\"]}]}<\/script>\n<!-- \/ Yoast SEO plugin. -->","yoast_head_json":{"title":"Nike Mind 001 Slide Light Bone - SHEZAMME","description":"Nike Mind 001 Slide Light Bone | Luksusowe i autentyczne przedmioty w jednym miejscu. B\u0105d\u017a na bie\u017c\u0105co i sprawd\u017a nasz\u0105 ofert\u0119 ju\u017c teraz","robots":{"index":"index","follow":"follow","max-snippet":"max-snippet:-1","max-image-preview":"max-image-preview:large","max-video-preview":"max-video-preview:-1"},"canonical":"https:\/\/shezamme.com\/en\/sklep\/sneakers-2\/nike\/nike-mind-001-slide-light-bone\/","og_locale":"en_US","og_type":"article","og_title":"Nike Mind 001 Slide Light Bone - SHEZAMME","og_description":"Nike Mind 001 Slide Light Bone | Luksusowe i autentyczne przedmioty w jednym miejscu. B\u0105d\u017a na bie\u017c\u0105co i sprawd\u017a nasz\u0105 ofert\u0119 ju\u017c teraz","og_url":"https:\/\/shezamme.com\/en\/sklep\/sneakers-2\/nike\/nike-mind-001-slide-light-bone\/","og_site_name":"SHEZAMME - Yeezy, Jordan, Supreme i inne oryginalne rzeczy","article_publisher":"https:\/\/www.facebook.com\/SHEZAMME\/","article_modified_time":"2026-02-21T18:27:02+00:00","og_image":[{"width":1080,"height":1080,"url":"https:\/\/shezamme.com\/wp-content\/uploads\/2026\/01\/Nike-Mind-001-Slide-Light-Bone.webp","type":"image\/webp"}],"twitter_card":"summary_large_image","twitter_site":"@SHEZAMME","twitter_misc":{"Est. reading time":"1 minute"},"schema":{"@context":"https:\/\/schema.org","@graph":[{"@type":"WebPage","@id":"https:\/\/shezamme.com\/sklep\/buty\/nike\/nike-mind-001-slide-light-bone\/","url":"https:\/\/shezamme.com\/sklep\/buty\/nike\/nike-mind-001-slide-light-bone\/","name":"Nike Mind 001 Slide Light Bone - SHEZAMME","isPartOf":{"@id":"https:\/\/shezamme.com\/#website"},"primaryImageOfPage":{"@id":"https:\/\/shezamme.com\/sklep\/buty\/nike\/nike-mind-001-slide-light-bone\/#primaryimage"},"image":{"@id":"https:\/\/shezamme.com\/sklep\/buty\/nike\/nike-mind-001-slide-light-bone\/#primaryimage"},"thumbnailUrl":"https:\/\/shezamme.com\/wp-content\/uploads\/2026\/01\/Nike-Mind-001-Slide-Light-Bone.webp","datePublished":"2026-01-10T15:54:34+00:00","dateModified":"2026-02-21T18:27:02+00:00","description":"Nike Mind 001 Slide Light Bone | Luksusowe i autentyczne przedmioty w jednym miejscu. B\u0105d\u017a na bie\u017c\u0105co i sprawd\u017a nasz\u0105 ofert\u0119 ju\u017c teraz","breadcrumb":{"@id":"https:\/\/shezamme.com\/sklep\/buty\/nike\/nike-mind-001-slide-light-bone\/#breadcrumb"},"inLanguage":"en-US","potentialAction":[{"@type":"ReadAction","target":["https:\/\/shezamme.com\/sklep\/buty\/nike\/nike-mind-001-slide-light-bone\/"]}]},{"@type":"ImageObject","inLanguage":"en-US","@id":"https:\/\/shezamme.com\/sklep\/buty\/nike\/nike-mind-001-slide-light-bone\/#primaryimage","url":"https:\/\/shezamme.com\/wp-content\/uploads\/2026\/01\/Nike-Mind-001-Slide-Light-Bone.webp","contentUrl":"https:\/\/shezamme.com\/wp-content\/uploads\/2026\/01\/Nike-Mind-001-Slide-Light-Bone.webp","width":1080,"height":1080,"caption":"Nike Mind 001 Slide Light Bone"},{"@type":"BreadcrumbList","@id":"https:\/\/shezamme.com\/sklep\/buty\/nike\/nike-mind-001-slide-light-bone\/#breadcrumb","itemListElement":[{"@type":"ListItem","position":1,"name":"Strona g\u0142\u00f3wna","item":"https:\/\/shezamme.com\/"},{"@type":"ListItem","position":2,"name":"Sklep","item":"https:\/\/shezamme.com\/sklep\/"},{"@type":"ListItem","position":3,"name":"Nike Mind 001 Slide Light Bone"}]},{"@type":"WebSite","@id":"https:\/\/shezamme.com\/#website","url":"https:\/\/shezamme.com\/","name":"SHEZAMME - Sneakers, Streetwear and luxury brands","description":"Original and exclusive items in one place. Check out our products now and stay up to date with all launches.","publisher":{"@id":"https:\/\/shezamme.com\/#organization"},"potentialAction":[{"@type":"SearchAction","target":{"@type":"EntryPoint","urlTemplate":"https:\/\/shezamme.com\/?s={search_term_string}"},"query-input":{"@type":"PropertyValueSpecification","valueRequired":true,"valueName":"search_term_string"}}],"inLanguage":"en-US"},{"@type":"Organization","@id":"https:\/\/shezamme.com\/#organization","name":"SHEZAMME - Sneakers, Streetwear and luxury brands","url":"https:\/\/shezamme.com\/","logo":{"@type":"ImageObject","inLanguage":"en-US","@id":"https:\/\/shezamme.com\/#\/schema\/logo\/image\/","url":"https:\/\/shezamme.com\/wp-content\/uploads\/2023\/02\/0x0.png","contentUrl":"https:\/\/shezamme.com\/wp-content\/uploads\/2023\/02\/0x0.png","width":2000,"height":2000,"caption":"SHEZAMME - Sneakersy, Streetwear i luksusowe marki"},"image":{"@id":"https:\/\/shezamme.com\/#\/schema\/logo\/image\/"},"sameAs":["https:\/\/www.facebook.com\/SHEZAMME\/","https:\/\/x.com\/SHEZAMME","https:\/\/www.instagram.com\/shezamme\/","https:\/\/www.youtube.com\/channel\/UCsTJxi_9fODHdO_1bmJbqvQ","https:\/\/www.tiktok.com\/shezamme.com"]}]}},"brands":[{"id":756,"name":"Nike","slug":"nike"}],"_links":{"self":[{"href":"https:\/\/shezamme.com\/en\/wp-json\/wp\/v2\/product\/220104","targetHints":{"allow":["GET"]}}],"collection":[{"href":"https:\/\/shezamme.com\/en\/wp-json\/wp\/v2\/product"}],"about":[{"href":"https:\/\/shezamme.com\/en\/wp-json\/wp\/v2\/types\/product"}],"wp:featuredmedia":[{"embeddable":true,"href":"https:\/\/shezamme.com\/en\/wp-json\/wp\/v2\/media\/220107"}],"wp:attachment":[{"href":"https:\/\/shezamme.com\/en\/wp-json\/wp\/v2\/media?parent=220104"}],"wp:term":[{"taxonomy":"pwb-brand","embeddable":true,"href":"https:\/\/shezamme.com\/en\/wp-json\/wp\/v2\/pwb-brand?post=220104"},{"taxonomy":"product_brand","embeddable":true,"href":"https:\/\/shezamme.com\/en\/wp-json\/wp\/v2\/product_brand?post=220104"},{"taxonomy":"product_cat","embeddable":true,"href":"https:\/\/shezamme.com\/en\/wp-json\/wp\/v2\/product_cat?post=220104"},{"taxonomy":"product_tag","embeddable":true,"href":"https:\/\/shezamme.com\/en\/wp-json\/wp\/v2\/product_tag?post=220104"}],"curies":[{"name":"wp","href":"https:\/\/api.w.org\/{rel}","templated":true}]}}