{"id":217250,"date":"2025-12-22T16:55:58","date_gmt":"2025-12-22T15:55:58","guid":{"rendered":"https:\/\/shezamme.com\/?post_type=product&#038;p=217250"},"modified":"2025-12-22T16:56:00","modified_gmt":"2025-12-22T15:56:00","slug":"new-balance-9060-sea-salt-raincloud","status":"publish","type":"product","link":"https:\/\/shezamme.com\/en\/sklep\/buty\/new-balance\/new-balance-9060\/new-balance-9060-sea-salt-raincloud\/","title":{"rendered":"New Balance 9060 Sea Salt Raincloud"},"content":{"rendered":"<h2 data-start=\"258\" data-end=\"334\"><strong data-start=\"261\" data-end=\"332\">New Balance 9060 Sea Salt Raincloud \u2013 Minimalizm i Nowoczesna Forma<\/strong><\/h2>\n<p data-start=\"335\" data-end=\"745\"><strong data-start=\"335\" data-end=\"374\">New Balance 9060 Sea Salt Raincloud<\/strong> to sneakersy, kt\u00f3re idealnie \u0142\u0105cz\u0105 <strong data-start=\"410\" data-end=\"435\">stonowan\u0105 kolorystyk\u0119<\/strong> z <strong data-start=\"438\" data-end=\"464\">futurystyczn\u0105 sylwetk\u0105<\/strong>. Odcienie Sea Salt oraz Raincloud tworz\u0105 spokojn\u0105, neutraln\u0105 palet\u0119 barw, kt\u00f3ra doskonale wpisuje si\u0119 w aktualne trendy minimalistyczne. To model dla os\u00f3b, kt\u00f3re ceni\u0105 nowoczesny design, ale jednocze\u015bnie chc\u0105 zachowa\u0107 <strong data-start=\"683\" data-end=\"717\">uniwersalno\u015b\u0107 i ponadczasowo\u015b\u0107<\/strong> w codziennych stylizacjach.<\/p>\n<h2 data-start=\"747\" data-end=\"800\"><strong data-start=\"750\" data-end=\"798\">Inspiracja Biegowym Dziedzictwem New Balance<\/strong><\/h2>\n<p data-start=\"801\" data-end=\"1213\">Sylwetka modelu 9060 bazuje na archiwalnych projektach biegowych marki New Balance, reinterpretowanych w nowoczesny, lifestyle\u2019owy spos\u00f3b. Dynamiczne linie, masywna podeszwa oraz charakterystyczne proporcje nadaj\u0105 butom futurystyczny wygl\u0105d, kt\u00f3ry wyr\u00f3\u017cnia si\u0119 na tle klasycznych sneakers\u00f3w. Jednocze\u015bnie zachowano sportowe DNA marki, dzi\u0119ki czemu model pozostaje funkcjonalny i wygodny w codziennym u\u017cytkowaniu.<\/p>\n<h2 data-start=\"1215\" data-end=\"1278\"><strong data-start=\"1218\" data-end=\"1276\">Technologie ABZORB i SBS \u2013 Komfort na Wysokim Poziomie<\/strong><\/h2>\n<p data-start=\"1279\" data-end=\"1677\">Podeszwa zosta\u0142a wyposa\u017cona w <strong data-start=\"1309\" data-end=\"1340\">technologie ABZORB oraz SBS<\/strong>, kt\u00f3re odpowiadaj\u0105 za skuteczn\u0105 amortyzacj\u0119 i stabilno\u015b\u0107. System ten poch\u0142ania wstrz\u0105sy, redukuj\u0105c obci\u0105\u017cenie staw\u00f3w podczas chodzenia. Dzi\u0119ki temu sneakersy sprawdzaj\u0105 si\u0119 nie tylko wizualnie, ale tak\u017ce pod wzgl\u0119dem komfortu \u2013 nawet podczas d\u0142ugich dni sp\u0119dzonych w ruchu. To rozwi\u0105zanie, kt\u00f3re \u0142\u0105czy <strong data-start=\"1643\" data-end=\"1676\">wygod\u0119, spr\u0119\u017cysto\u015b\u0107 i ochron\u0119<\/strong>.<\/p>\n<h2 data-start=\"1679\" data-end=\"1728\"><strong data-start=\"1682\" data-end=\"1726\">Materia\u0142y Premium i Dopasowanie do Stopy<\/strong><\/h2>\n<p data-start=\"1729\" data-end=\"2113\">Cholewka zosta\u0142a wykonana z po\u0142\u0105czenia <strong data-start=\"1768\" data-end=\"1836\">wysokiej jako\u015bci zamszu, siateczki oraz materia\u0142\u00f3w syntetycznych<\/strong>, co zapewnia trwa\u0142o\u015b\u0107 i odpowiedni\u0105 wentylacj\u0119. Stonowane kolory Sea Salt i Raincloud tworz\u0105 sp\u00f3jn\u0105, eleganck\u0105 ca\u0142o\u015b\u0107, kt\u00f3ra pasuje do r\u00f3\u017cnych styl\u00f3w. Konstrukcja buta zosta\u0142a zaprojektowana tak, aby dobrze dopasowywa\u0107 si\u0119 do stopy, oferuj\u0105c stabilno\u015b\u0107 bez uczucia sztywno\u015bci.<\/p>","protected":false},"excerpt":{"rendered":"<h2 data-start=\"2115\" data-end=\"2171\"><strong data-start=\"2118\" data-end=\"2169\">Uniwersalne Sneakersy do Codziennych Stylizacji<\/strong><\/h2>\n<p data-start=\"2172\" data-end=\"2554\">Ten model doskonale odnajdzie si\u0119 w <strong data-start=\"2208\" data-end=\"2246\">codziennych stylizacjach miejskich<\/strong>. Neutralna kolorystyka sprawia, \u017ce buty \u0142atwo zestawi\u0107 z jeansami, spodniami typu wide leg, dresami czy minimalistycznymi outfitami w stylu casual. To sneakersy dla os\u00f3b, kt\u00f3re chc\u0105 po\u0142\u0105czy\u0107 <strong data-start=\"2438\" data-end=\"2459\">nowoczesny design<\/strong>, <strong data-start=\"2461\" data-end=\"2488\">wysoki komfort noszenia<\/strong> i <strong data-start=\"2491\" data-end=\"2524\">subtelny, elegancki charakter<\/strong>, bez nadmiernej krzykliwo\u015bci.<\/p>","protected":false},"featured_media":215973,"template":"","meta":{"_acf_changed":false},"pwb-brand":[769],"product_brand":[],"product_cat":[16,321,876],"product_tag":[1008,1009],"class_list":{"0":"post-217250","1":"product","2":"type-product","3":"status-publish","4":"has-post-thumbnail","6":"pwb-brand-new-balance","7":"product_cat-buty","8":"product_cat-new-balance","9":"product_cat-new-balance-9060","10":"product_tag-kobieta","11":"product_tag-mezczyzna","13":"first","14":"onbackorder","15":"taxable","16":"shipping-taxable","17":"purchasable","18":"product-type-variable"},"acf":[],"yoast_head":"<!-- This site is optimized with the Yoast SEO plugin v27.2 - https:\/\/yoast.com\/product\/yoast-seo-wordpress\/ -->\n<title>New Balance 9060 Sea Salt Raincloud - SHEZAMME<\/title>\n<meta name=\"description\" content=\"New Balance 9060 Sea Salt Raincloud | Luksusowe i autentyczne przedmioty w jednym miejscu. B\u0105d\u017a na bie\u017c\u0105co i sprawd\u017a nasz\u0105 ofert\u0119 ju\u017c teraz\" \/>\n<meta name=\"robots\" content=\"index, follow, max-snippet:-1, max-image-preview:large, max-video-preview:-1\" \/>\n<link rel=\"canonical\" href=\"https:\/\/shezamme.com\/en\/sklep\/sneakers-2\/new-balance\/new-balance-9060\/new-balance-9060-sea-salt-raincloud\/\" \/>\n<meta property=\"og:locale\" content=\"en_US\" \/>\n<meta property=\"og:type\" content=\"article\" \/>\n<meta property=\"og:title\" content=\"New Balance 9060 Sea Salt Raincloud - SHEZAMME\" \/>\n<meta property=\"og:description\" content=\"New Balance 9060 Sea Salt Raincloud | Luksusowe i autentyczne przedmioty w jednym miejscu. B\u0105d\u017a na bie\u017c\u0105co i sprawd\u017a nasz\u0105 ofert\u0119 ju\u017c teraz\" \/>\n<meta property=\"og:url\" content=\"https:\/\/shezamme.com\/en\/sklep\/sneakers-2\/new-balance\/new-balance-9060\/new-balance-9060-sea-salt-raincloud\/\" \/>\n<meta property=\"og:site_name\" content=\"SHEZAMME - Yeezy, Jordan, Supreme i inne oryginalne rzeczy\" \/>\n<meta property=\"article:publisher\" content=\"https:\/\/www.facebook.com\/SHEZAMME\/\" \/>\n<meta property=\"article:modified_time\" content=\"2025-12-22T15:56:00+00:00\" \/>\n<meta property=\"og:image\" content=\"https:\/\/shezamme.com\/wp-content\/uploads\/2025\/12\/New-Balance-9060-Sea-Salt-Raincloud.webp\" \/>\n\t<meta property=\"og:image:width\" content=\"1080\" \/>\n\t<meta property=\"og:image:height\" content=\"1080\" \/>\n\t<meta property=\"og:image:type\" content=\"image\/webp\" \/>\n<meta name=\"twitter:card\" content=\"summary_large_image\" \/>\n<meta name=\"twitter:site\" content=\"@SHEZAMME\" \/>\n<meta name=\"twitter:label1\" content=\"Est. reading time\" \/>\n\t<meta name=\"twitter:data1\" content=\"1 minute\" \/>\n<script type=\"application\/ld+json\" class=\"yoast-schema-graph\">{\"@context\":\"https:\/\/schema.org\",\"@graph\":[{\"@type\":\"WebPage\",\"@id\":\"https:\/\/shezamme.com\/sklep\/buty\/new-balance\/new-balance-9060\/new-balance-9060-sea-salt-raincloud\/\",\"url\":\"https:\/\/shezamme.com\/sklep\/buty\/new-balance\/new-balance-9060\/new-balance-9060-sea-salt-raincloud\/\",\"name\":\"New Balance 9060 Sea Salt Raincloud - SHEZAMME\",\"isPartOf\":{\"@id\":\"https:\/\/shezamme.com\/#website\"},\"primaryImageOfPage\":{\"@id\":\"https:\/\/shezamme.com\/sklep\/buty\/new-balance\/new-balance-9060\/new-balance-9060-sea-salt-raincloud\/#primaryimage\"},\"image\":{\"@id\":\"https:\/\/shezamme.com\/sklep\/buty\/new-balance\/new-balance-9060\/new-balance-9060-sea-salt-raincloud\/#primaryimage\"},\"thumbnailUrl\":\"https:\/\/shezamme.com\/wp-content\/uploads\/2025\/12\/New-Balance-9060-Sea-Salt-Raincloud.webp\",\"datePublished\":\"2025-12-22T15:55:58+00:00\",\"dateModified\":\"2025-12-22T15:56:00+00:00\",\"description\":\"New Balance 9060 Sea Salt Raincloud | Luksusowe i autentyczne przedmioty w jednym miejscu. B\u0105d\u017a na bie\u017c\u0105co i sprawd\u017a nasz\u0105 ofert\u0119 ju\u017c teraz\",\"breadcrumb\":{\"@id\":\"https:\/\/shezamme.com\/sklep\/buty\/new-balance\/new-balance-9060\/new-balance-9060-sea-salt-raincloud\/#breadcrumb\"},\"inLanguage\":\"en-US\",\"potentialAction\":[{\"@type\":\"ReadAction\",\"target\":[\"https:\/\/shezamme.com\/sklep\/buty\/new-balance\/new-balance-9060\/new-balance-9060-sea-salt-raincloud\/\"]}]},{\"@type\":\"ImageObject\",\"inLanguage\":\"en-US\",\"@id\":\"https:\/\/shezamme.com\/sklep\/buty\/new-balance\/new-balance-9060\/new-balance-9060-sea-salt-raincloud\/#primaryimage\",\"url\":\"https:\/\/shezamme.com\/wp-content\/uploads\/2025\/12\/New-Balance-9060-Sea-Salt-Raincloud.webp\",\"contentUrl\":\"https:\/\/shezamme.com\/wp-content\/uploads\/2025\/12\/New-Balance-9060-Sea-Salt-Raincloud.webp\",\"width\":1080,\"height\":1080,\"caption\":\"New Balance 9060 Sea Salt Raincloud\"},{\"@type\":\"BreadcrumbList\",\"@id\":\"https:\/\/shezamme.com\/sklep\/buty\/new-balance\/new-balance-9060\/new-balance-9060-sea-salt-raincloud\/#breadcrumb\",\"itemListElement\":[{\"@type\":\"ListItem\",\"position\":1,\"name\":\"Strona g\u0142\u00f3wna\",\"item\":\"https:\/\/shezamme.com\/\"},{\"@type\":\"ListItem\",\"position\":2,\"name\":\"Sklep\",\"item\":\"https:\/\/shezamme.com\/sklep\/\"},{\"@type\":\"ListItem\",\"position\":3,\"name\":\"New Balance 9060 Sea Salt Raincloud\"}]},{\"@type\":\"WebSite\",\"@id\":\"https:\/\/shezamme.com\/#website\",\"url\":\"https:\/\/shezamme.com\/\",\"name\":\"SHEZAMME - Sneakersy, Streetwear i luksusowe marki\",\"description\":\"Oryginalne i ekskluzywne przedmioty w jednym miejscu. Sprawd\u017a nasze produkty ju\u017c teraz i b\u0105d\u017a na bie\u017c\u0105co z wszystkimi premierami.\",\"publisher\":{\"@id\":\"https:\/\/shezamme.com\/#organization\"},\"potentialAction\":[{\"@type\":\"SearchAction\",\"target\":{\"@type\":\"EntryPoint\",\"urlTemplate\":\"https:\/\/shezamme.com\/?s={search_term_string}\"},\"query-input\":{\"@type\":\"PropertyValueSpecification\",\"valueRequired\":true,\"valueName\":\"search_term_string\"}}],\"inLanguage\":\"en-US\"},{\"@type\":\"Organization\",\"@id\":\"https:\/\/shezamme.com\/#organization\",\"name\":\"SHEZAMME - Sneakersy, Streetwear i luksusowe marki\",\"url\":\"https:\/\/shezamme.com\/\",\"logo\":{\"@type\":\"ImageObject\",\"inLanguage\":\"en-US\",\"@id\":\"https:\/\/shezamme.com\/#\/schema\/logo\/image\/\",\"url\":\"https:\/\/shezamme.com\/wp-content\/uploads\/2023\/02\/0x0.png\",\"contentUrl\":\"https:\/\/shezamme.com\/wp-content\/uploads\/2023\/02\/0x0.png\",\"width\":2000,\"height\":2000,\"caption\":\"SHEZAMME - Sneakersy, Streetwear i luksusowe marki\"},\"image\":{\"@id\":\"https:\/\/shezamme.com\/#\/schema\/logo\/image\/\"},\"sameAs\":[\"https:\/\/www.facebook.com\/SHEZAMME\/\",\"https:\/\/x.com\/SHEZAMME\",\"https:\/\/www.instagram.com\/shezamme\/\",\"https:\/\/www.youtube.com\/channel\/UCsTJxi_9fODHdO_1bmJbqvQ\",\"https:\/\/www.tiktok.com\/shezamme.com\"]}]}<\/script>\n<!-- \/ Yoast SEO plugin. -->","yoast_head_json":{"title":"New Balance 9060 Sea Salt Raincloud - SHEZAMME","description":"New Balance 9060 Sea Salt Raincloud | Luksusowe i autentyczne przedmioty w jednym miejscu. B\u0105d\u017a na bie\u017c\u0105co i sprawd\u017a nasz\u0105 ofert\u0119 ju\u017c teraz","robots":{"index":"index","follow":"follow","max-snippet":"max-snippet:-1","max-image-preview":"max-image-preview:large","max-video-preview":"max-video-preview:-1"},"canonical":"https:\/\/shezamme.com\/en\/sklep\/sneakers-2\/new-balance\/new-balance-9060\/new-balance-9060-sea-salt-raincloud\/","og_locale":"en_US","og_type":"article","og_title":"New Balance 9060 Sea Salt Raincloud - SHEZAMME","og_description":"New Balance 9060 Sea Salt Raincloud | Luksusowe i autentyczne przedmioty w jednym miejscu. B\u0105d\u017a na bie\u017c\u0105co i sprawd\u017a nasz\u0105 ofert\u0119 ju\u017c teraz","og_url":"https:\/\/shezamme.com\/en\/sklep\/sneakers-2\/new-balance\/new-balance-9060\/new-balance-9060-sea-salt-raincloud\/","og_site_name":"SHEZAMME - Yeezy, Jordan, Supreme i inne oryginalne rzeczy","article_publisher":"https:\/\/www.facebook.com\/SHEZAMME\/","article_modified_time":"2025-12-22T15:56:00+00:00","og_image":[{"width":1080,"height":1080,"url":"https:\/\/shezamme.com\/wp-content\/uploads\/2025\/12\/New-Balance-9060-Sea-Salt-Raincloud.webp","type":"image\/webp"}],"twitter_card":"summary_large_image","twitter_site":"@SHEZAMME","twitter_misc":{"Est. reading time":"1 minute"},"schema":{"@context":"https:\/\/schema.org","@graph":[{"@type":"WebPage","@id":"https:\/\/shezamme.com\/sklep\/buty\/new-balance\/new-balance-9060\/new-balance-9060-sea-salt-raincloud\/","url":"https:\/\/shezamme.com\/sklep\/buty\/new-balance\/new-balance-9060\/new-balance-9060-sea-salt-raincloud\/","name":"New Balance 9060 Sea Salt Raincloud - SHEZAMME","isPartOf":{"@id":"https:\/\/shezamme.com\/#website"},"primaryImageOfPage":{"@id":"https:\/\/shezamme.com\/sklep\/buty\/new-balance\/new-balance-9060\/new-balance-9060-sea-salt-raincloud\/#primaryimage"},"image":{"@id":"https:\/\/shezamme.com\/sklep\/buty\/new-balance\/new-balance-9060\/new-balance-9060-sea-salt-raincloud\/#primaryimage"},"thumbnailUrl":"https:\/\/shezamme.com\/wp-content\/uploads\/2025\/12\/New-Balance-9060-Sea-Salt-Raincloud.webp","datePublished":"2025-12-22T15:55:58+00:00","dateModified":"2025-12-22T15:56:00+00:00","description":"New Balance 9060 Sea Salt Raincloud | Luksusowe i autentyczne przedmioty w jednym miejscu. B\u0105d\u017a na bie\u017c\u0105co i sprawd\u017a nasz\u0105 ofert\u0119 ju\u017c teraz","breadcrumb":{"@id":"https:\/\/shezamme.com\/sklep\/buty\/new-balance\/new-balance-9060\/new-balance-9060-sea-salt-raincloud\/#breadcrumb"},"inLanguage":"en-US","potentialAction":[{"@type":"ReadAction","target":["https:\/\/shezamme.com\/sklep\/buty\/new-balance\/new-balance-9060\/new-balance-9060-sea-salt-raincloud\/"]}]},{"@type":"ImageObject","inLanguage":"en-US","@id":"https:\/\/shezamme.com\/sklep\/buty\/new-balance\/new-balance-9060\/new-balance-9060-sea-salt-raincloud\/#primaryimage","url":"https:\/\/shezamme.com\/wp-content\/uploads\/2025\/12\/New-Balance-9060-Sea-Salt-Raincloud.webp","contentUrl":"https:\/\/shezamme.com\/wp-content\/uploads\/2025\/12\/New-Balance-9060-Sea-Salt-Raincloud.webp","width":1080,"height":1080,"caption":"New Balance 9060 Sea Salt Raincloud"},{"@type":"BreadcrumbList","@id":"https:\/\/shezamme.com\/sklep\/buty\/new-balance\/new-balance-9060\/new-balance-9060-sea-salt-raincloud\/#breadcrumb","itemListElement":[{"@type":"ListItem","position":1,"name":"Strona g\u0142\u00f3wna","item":"https:\/\/shezamme.com\/"},{"@type":"ListItem","position":2,"name":"Sklep","item":"https:\/\/shezamme.com\/sklep\/"},{"@type":"ListItem","position":3,"name":"New Balance 9060 Sea Salt Raincloud"}]},{"@type":"WebSite","@id":"https:\/\/shezamme.com\/#website","url":"https:\/\/shezamme.com\/","name":"SHEZAMME - Sneakers, Streetwear and luxury brands","description":"Original and exclusive items in one place. Check out our products now and stay up to date with all launches.","publisher":{"@id":"https:\/\/shezamme.com\/#organization"},"potentialAction":[{"@type":"SearchAction","target":{"@type":"EntryPoint","urlTemplate":"https:\/\/shezamme.com\/?s={search_term_string}"},"query-input":{"@type":"PropertyValueSpecification","valueRequired":true,"valueName":"search_term_string"}}],"inLanguage":"en-US"},{"@type":"Organization","@id":"https:\/\/shezamme.com\/#organization","name":"SHEZAMME - Sneakers, Streetwear and luxury brands","url":"https:\/\/shezamme.com\/","logo":{"@type":"ImageObject","inLanguage":"en-US","@id":"https:\/\/shezamme.com\/#\/schema\/logo\/image\/","url":"https:\/\/shezamme.com\/wp-content\/uploads\/2023\/02\/0x0.png","contentUrl":"https:\/\/shezamme.com\/wp-content\/uploads\/2023\/02\/0x0.png","width":2000,"height":2000,"caption":"SHEZAMME - Sneakersy, Streetwear i luksusowe marki"},"image":{"@id":"https:\/\/shezamme.com\/#\/schema\/logo\/image\/"},"sameAs":["https:\/\/www.facebook.com\/SHEZAMME\/","https:\/\/x.com\/SHEZAMME","https:\/\/www.instagram.com\/shezamme\/","https:\/\/www.youtube.com\/channel\/UCsTJxi_9fODHdO_1bmJbqvQ","https:\/\/www.tiktok.com\/shezamme.com"]}]}},"brands":[{"id":769,"name":"New Balance","slug":"new-balance"}],"_links":{"self":[{"href":"https:\/\/shezamme.com\/en\/wp-json\/wp\/v2\/product\/217250","targetHints":{"allow":["GET"]}}],"collection":[{"href":"https:\/\/shezamme.com\/en\/wp-json\/wp\/v2\/product"}],"about":[{"href":"https:\/\/shezamme.com\/en\/wp-json\/wp\/v2\/types\/product"}],"wp:featuredmedia":[{"embeddable":true,"href":"https:\/\/shezamme.com\/en\/wp-json\/wp\/v2\/media\/215973"}],"wp:attachment":[{"href":"https:\/\/shezamme.com\/en\/wp-json\/wp\/v2\/media?parent=217250"}],"wp:term":[{"taxonomy":"pwb-brand","embeddable":true,"href":"https:\/\/shezamme.com\/en\/wp-json\/wp\/v2\/pwb-brand?post=217250"},{"taxonomy":"product_brand","embeddable":true,"href":"https:\/\/shezamme.com\/en\/wp-json\/wp\/v2\/product_brand?post=217250"},{"taxonomy":"product_cat","embeddable":true,"href":"https:\/\/shezamme.com\/en\/wp-json\/wp\/v2\/product_cat?post=217250"},{"taxonomy":"product_tag","embeddable":true,"href":"https:\/\/shezamme.com\/en\/wp-json\/wp\/v2\/product_tag?post=217250"}],"curies":[{"name":"wp","href":"https:\/\/api.w.org\/{rel}","templated":true}]}}