{"id":216233,"date":"2025-12-19T13:50:39","date_gmt":"2025-12-19T12:50:39","guid":{"rendered":"https:\/\/shezamme.com\/?post_type=product&#038;p=216233"},"modified":"2026-03-19T09:21:40","modified_gmt":"2026-03-19T08:21:40","slug":"adidas-xlg-runner-deluxe-off-white-gold-metallic-red","status":"publish","type":"product","link":"https:\/\/shezamme.com\/en\/sklep\/buty\/adidas\/adidas-xlg-runner-deluxe-off-white-gold-metallic-red\/","title":{"rendered":"Adidas XLG Runner Deluxe Off White Gold Metallic Red"},"content":{"rendered":"<h2 data-start=\"245\" data-end=\"345\"><strong data-start=\"248\" data-end=\"343\">Adidas XLG Runner Deluxe Off White Gold Metallic Red \u2013 Po\u0142\u0105czenie Elegancji i Nowoczesno\u015bci<\/strong><\/h2>\n<p data-start=\"346\" data-end=\"859\"><strong data-start=\"346\" data-end=\"402\">Adidas XLG Runner Deluxe Off White Gold Metallic Red<\/strong> to sneakersy, kt\u00f3re \u0142\u0105cz\u0105 <strong data-start=\"429\" data-end=\"451\">wsp\u00f3\u0142czesny design<\/strong> z <strong data-start=\"454\" data-end=\"477\">luksusowym wygl\u0105dem<\/strong>. Kolorystyka <strong data-start=\"491\" data-end=\"504\">Off White<\/strong> w po\u0142\u0105czeniu z <strong data-start=\"520\" data-end=\"567\">z\u0142otymi i metalicznymi czerwonymi akcentami<\/strong> nadaje butom <strong data-start=\"581\" data-end=\"604\">wyj\u0105tkowy charakter<\/strong> i sprawia, \u017ce wyr\u00f3\u017cniaj\u0105 si\u0119 na tle innych modeli. To sneakersy stworzone dla os\u00f3b, kt\u00f3re ceni\u0105 <strong data-start=\"701\" data-end=\"717\">modny wygl\u0105d<\/strong>, ale r\u00f3wnie\u017c <strong data-start=\"731\" data-end=\"742\">komfort<\/strong> i <strong data-start=\"745\" data-end=\"763\">funkcjonalno\u015b\u0107<\/strong>. Te buty to doskona\u0142y wyb\u00f3r na <strong data-start=\"795\" data-end=\"820\">codzienne u\u017cytkowanie<\/strong> oraz na bardziej <strong data-start=\"838\" data-end=\"858\">specjalne okazje<\/strong>.<\/p>\n<h2 data-start=\"861\" data-end=\"911\"><strong data-start=\"864\" data-end=\"909\">Technologia Boost \u2013 Komfort i Amortyzacja<\/strong><\/h2>\n<p data-start=\"912\" data-end=\"1440\"><strong data-start=\"912\" data-end=\"968\">Adidas XLG Runner Deluxe Off White Gold Metallic Red<\/strong> zosta\u0142y wyposa\u017cone w <strong data-start=\"990\" data-end=\"1011\">technologi\u0119 Boost<\/strong>, kt\u00f3ra zapewnia <strong data-start=\"1028\" data-end=\"1050\">wysok\u0105 amortyzacj\u0119<\/strong> i <strong data-start=\"1053\" data-end=\"1068\">spr\u0119\u017cysto\u015b\u0107<\/strong> przy ka\u017cdym kroku. Dzi\u0119ki tej technologii, buty oferuj\u0105 <strong data-start=\"1125\" data-end=\"1155\">dynamiczne odbicie energii<\/strong>, co sprawia, \u017ce ka\u017cdy ruch staje si\u0119 bardziej <strong data-start=\"1202\" data-end=\"1213\">wygodny<\/strong> i <strong data-start=\"1216\" data-end=\"1230\">komfortowy<\/strong>. <strong data-start=\"1232\" data-end=\"1241\">Boost<\/strong> to jedna z najlepszych technologii w obuwiu sportowym, zapewniaj\u0105ca <strong data-start=\"1310\" data-end=\"1335\">doskona\u0142\u0105 amortyzacj\u0119<\/strong>, dzi\u0119ki kt\u00f3rej buty idealnie nadaj\u0105 si\u0119 zar\u00f3wno do <strong data-start=\"1387\" data-end=\"1411\">codziennych spacer\u00f3w<\/strong>, jak i do <strong data-start=\"1422\" data-end=\"1439\">aktywnych dni<\/strong>.<\/p>\n<h2 data-start=\"1442\" data-end=\"1488\"><strong data-start=\"1445\" data-end=\"1486\">Wysokiej Jako\u015bci Materia\u0142y i Trwa\u0142o\u015b\u0107<\/strong><\/h2>\n<p data-start=\"1489\" data-end=\"1995\">Sneakers <strong data-start=\"1494\" data-end=\"1550\">Adidas XLG Runner Deluxe Off White Gold Metallic Red<\/strong> wykonane s\u0105 z <strong data-start=\"1565\" data-end=\"1597\">wysokogatunkowych materia\u0142\u00f3w<\/strong>, takich jak <strong data-start=\"1610\" data-end=\"1632\">syntetyczne panele<\/strong> and <strong data-start=\"1638\" data-end=\"1651\">siateczka<\/strong>, kt\u00f3re zapewniaj\u0105 <strong data-start=\"1670\" data-end=\"1686\">oddychalno\u015b\u0107<\/strong> i <strong data-start=\"1689\" data-end=\"1701\">trwa\u0142o\u015b\u0107<\/strong>. Dzi\u0119ki zastosowaniu <strong data-start=\"1723\" data-end=\"1733\">zamszu<\/strong> i innych materia\u0142\u00f3w premium, buty charakteryzuj\u0105 si\u0119 <strong data-start=\"1787\" data-end=\"1820\">wysok\u0105 odporno\u015bci\u0105 na zu\u017cycie<\/strong>, co sprawia, \u017ce b\u0119d\u0105 Ci s\u0142u\u017cy\u0107 przez d\u0142ugi czas. <strong data-start=\"1870\" data-end=\"1904\">Precyzyjnie dopracowane detale<\/strong> and <strong data-start=\"1910\" data-end=\"1933\">solidna konstrukcja<\/strong> podkre\u015blaj\u0105 ich <strong data-start=\"1950\" data-end=\"1973\">wyj\u0105tkowy charakter<\/strong> i <strong data-start=\"1976\" data-end=\"1994\">d\u0142ugowieczno\u015b\u0107<\/strong>.<\/p>\n<h2 data-start=\"1997\" data-end=\"2053\"><strong data-start=\"2000\" data-end=\"2051\">Stylowy Design z Z\u0142otymi i Czerwonymi Akcentami<\/strong><\/h2>\n<p data-start=\"2054\" data-end=\"2529\">Kolorystyka <strong data-start=\"2066\" data-end=\"2079\">Off White<\/strong> w po\u0142\u0105czeniu z <strong data-start=\"2095\" data-end=\"2126\">metaliczno-z\u0142otymi detalami<\/strong> and <strong data-start=\"2132\" data-end=\"2156\">czerwonymi akcentami<\/strong> sprawia, \u017ce <strong data-start=\"2169\" data-end=\"2225\">Adidas XLG Runner Deluxe Off White Gold Metallic Red<\/strong> wyr\u00f3\u017cniaj\u0105 si\u0119 na tle innych sneakers\u00f3w. Te buty doskonale komponuj\u0105 si\u0119 z <strong data-start=\"2301\" data-end=\"2330\">r\u00f3\u017cnorodnymi stylizacjami<\/strong> \u2013 od <strong data-start=\"2336\" data-end=\"2351\">casualowych<\/strong>, przez <strong data-start=\"2359\" data-end=\"2376\">streetwearowe<\/strong>, po bardziej <strong data-start=\"2390\" data-end=\"2412\">eleganckie zestawy<\/strong>. Kolory <strong data-start=\"2421\" data-end=\"2430\">z\u0142ota<\/strong> i <strong data-start=\"2433\" data-end=\"2446\">czerwieni<\/strong> dodaj\u0105 butom <strong data-start=\"2460\" data-end=\"2491\">niepowtarzalnego charakteru<\/strong>, kt\u00f3ry z pewno\u015bci\u0105 przyci\u0105gnie uwag\u0119.<\/p>","protected":false},"excerpt":{"rendered":"<h2 data-start=\"2531\" data-end=\"2620\"><strong data-start=\"2534\" data-end=\"2618\">Adidas XLG Runner Deluxe Off White Gold Metallic Red \u2013 Sneakersy Na Ka\u017cd\u0105 Okazj\u0119<\/strong><\/h2>\n<p data-start=\"2621\" data-end=\"3150\"><strong data-start=\"2621\" data-end=\"2677\">Adidas XLG Runner Deluxe Off White Gold Metallic Red<\/strong> to buty, kt\u00f3re pasuj\u0105 do <strong data-start=\"2703\" data-end=\"2719\">wielu styl\u00f3w<\/strong>. Dzi\u0119ki swojej <strong data-start=\"2735\" data-end=\"2763\">uniwersalnej kolorystyce<\/strong> idealnie komponuj\u0105 si\u0119 z <strong data-start=\"2789\" data-end=\"2821\">denimem, spodniami dresowymi<\/strong>, a tak\u017ce z bardziej <strong data-start=\"2842\" data-end=\"2867\">eleganckimi ubraniami<\/strong>. <strong data-start=\"2869\" data-end=\"2900\">Off White Gold Metallic Red<\/strong> to buty, kt\u00f3re \u0142\u0105cz\u0105 <strong data-start=\"2922\" data-end=\"2949\">komfort, funkcjonalno\u015b\u0107<\/strong> i <strong data-start=\"2952\" data-end=\"2960\">styl<\/strong>, co sprawia, \u017ce b\u0119d\u0105 odpowiednie na <strong data-start=\"2997\" data-end=\"3018\">codzienne wyj\u015bcia<\/strong> oraz na bardziej <strong data-start=\"3036\" data-end=\"3055\">formaln\u0105 okazj\u0119<\/strong>. Te sneakersy zapewniaj\u0105 <strong data-start=\"3081\" data-end=\"3091\">wygod\u0119<\/strong>, <strong data-start=\"3093\" data-end=\"3105\">trwa\u0142o\u015b\u0107<\/strong> i <strong data-start=\"3108\" data-end=\"3124\">modny wygl\u0105d<\/strong>, kt\u00f3ry przyci\u0105gnie wzrok.<\/p>","protected":false},"featured_media":216235,"template":"","meta":{"_acf_changed":false},"pwb-brand":[748],"product_brand":[],"product_cat":[16,76],"product_tag":[1008,1009],"class_list":{"0":"post-216233","1":"product","2":"type-product","3":"status-publish","4":"has-post-thumbnail","6":"pwb-brand-adidas","7":"product_cat-buty","8":"product_cat-adidas","9":"product_tag-kobieta","10":"product_tag-mezczyzna","12":"first","13":"onbackorder","14":"taxable","15":"shipping-taxable","16":"purchasable","17":"product-type-variable"},"acf":[],"yoast_head":"<!-- This site is optimized with the Yoast SEO plugin v27.2 - https:\/\/yoast.com\/product\/yoast-seo-wordpress\/ -->\n<title>Adidas XLG Runner Deluxe Off White Gold Metallic Red - SHEZAMME<\/title>\n<meta name=\"description\" content=\"Adidas XLG Runner Deluxe Off White Gold Metallic Red | Luksusowe i autentyczne przedmioty w jednym miejscu. B\u0105d\u017a na bie\u017c\u0105co i sprawd\u017a nasz\u0105 ofert\u0119 ju\u017c teraz\" \/>\n<meta name=\"robots\" content=\"index, follow, max-snippet:-1, max-image-preview:large, max-video-preview:-1\" \/>\n<link rel=\"canonical\" href=\"https:\/\/shezamme.com\/en\/sklep\/sneakers-2\/adidas\/adidas-xlg-runner-deluxe-off-white-gold-metallic-red\/\" \/>\n<meta property=\"og:locale\" content=\"en_US\" \/>\n<meta property=\"og:type\" content=\"article\" \/>\n<meta property=\"og:title\" content=\"Adidas XLG Runner Deluxe Off White Gold Metallic Red - SHEZAMME\" \/>\n<meta property=\"og:description\" content=\"Adidas XLG Runner Deluxe Off White Gold Metallic Red | Luksusowe i autentyczne przedmioty w jednym miejscu. B\u0105d\u017a na bie\u017c\u0105co i sprawd\u017a nasz\u0105 ofert\u0119 ju\u017c teraz\" \/>\n<meta property=\"og:url\" content=\"https:\/\/shezamme.com\/en\/sklep\/sneakers-2\/adidas\/adidas-xlg-runner-deluxe-off-white-gold-metallic-red\/\" \/>\n<meta property=\"og:site_name\" content=\"SHEZAMME - Yeezy, Jordan, Supreme i inne oryginalne rzeczy\" \/>\n<meta property=\"article:publisher\" content=\"https:\/\/www.facebook.com\/SHEZAMME\/\" \/>\n<meta property=\"article:modified_time\" content=\"2026-03-19T08:21:40+00:00\" \/>\n<meta property=\"og:image\" content=\"https:\/\/shezamme.com\/wp-content\/uploads\/2025\/12\/Adidas-XLG-Runner-Deluxe-Off-White-Gold-Metallic-Red.webp\" \/>\n\t<meta property=\"og:image:width\" content=\"1080\" \/>\n\t<meta property=\"og:image:height\" content=\"1080\" \/>\n\t<meta property=\"og:image:type\" content=\"image\/webp\" \/>\n<meta name=\"twitter:card\" content=\"summary_large_image\" \/>\n<meta name=\"twitter:site\" content=\"@SHEZAMME\" \/>\n<meta name=\"twitter:label1\" content=\"Est. reading time\" \/>\n\t<meta name=\"twitter:data1\" content=\"2 minutes\" \/>\n<script type=\"application\/ld+json\" class=\"yoast-schema-graph\">{\"@context\":\"https:\/\/schema.org\",\"@graph\":[{\"@type\":\"WebPage\",\"@id\":\"https:\/\/shezamme.com\/sklep\/buty\/adidas\/adidas-xlg-runner-deluxe-off-white-gold-metallic-red\/\",\"url\":\"https:\/\/shezamme.com\/sklep\/buty\/adidas\/adidas-xlg-runner-deluxe-off-white-gold-metallic-red\/\",\"name\":\"Adidas XLG Runner Deluxe Off White Gold Metallic Red - SHEZAMME\",\"isPartOf\":{\"@id\":\"https:\/\/shezamme.com\/#website\"},\"primaryImageOfPage\":{\"@id\":\"https:\/\/shezamme.com\/sklep\/buty\/adidas\/adidas-xlg-runner-deluxe-off-white-gold-metallic-red\/#primaryimage\"},\"image\":{\"@id\":\"https:\/\/shezamme.com\/sklep\/buty\/adidas\/adidas-xlg-runner-deluxe-off-white-gold-metallic-red\/#primaryimage\"},\"thumbnailUrl\":\"https:\/\/shezamme.com\/wp-content\/uploads\/2025\/12\/Adidas-XLG-Runner-Deluxe-Off-White-Gold-Metallic-Red.webp\",\"datePublished\":\"2025-12-19T12:50:39+00:00\",\"dateModified\":\"2026-03-19T08:21:40+00:00\",\"description\":\"Adidas XLG Runner Deluxe Off White Gold Metallic Red | Luksusowe i autentyczne przedmioty w jednym miejscu. B\u0105d\u017a na bie\u017c\u0105co i sprawd\u017a nasz\u0105 ofert\u0119 ju\u017c teraz\",\"breadcrumb\":{\"@id\":\"https:\/\/shezamme.com\/sklep\/buty\/adidas\/adidas-xlg-runner-deluxe-off-white-gold-metallic-red\/#breadcrumb\"},\"inLanguage\":\"en-US\",\"potentialAction\":[{\"@type\":\"ReadAction\",\"target\":[\"https:\/\/shezamme.com\/sklep\/buty\/adidas\/adidas-xlg-runner-deluxe-off-white-gold-metallic-red\/\"]}]},{\"@type\":\"ImageObject\",\"inLanguage\":\"en-US\",\"@id\":\"https:\/\/shezamme.com\/sklep\/buty\/adidas\/adidas-xlg-runner-deluxe-off-white-gold-metallic-red\/#primaryimage\",\"url\":\"https:\/\/shezamme.com\/wp-content\/uploads\/2025\/12\/Adidas-XLG-Runner-Deluxe-Off-White-Gold-Metallic-Red.webp\",\"contentUrl\":\"https:\/\/shezamme.com\/wp-content\/uploads\/2025\/12\/Adidas-XLG-Runner-Deluxe-Off-White-Gold-Metallic-Red.webp\",\"width\":1080,\"height\":1080,\"caption\":\"Adidas-XLG-Runner-Deluxe-Off-White-Gold-Metallic-Red\"},{\"@type\":\"BreadcrumbList\",\"@id\":\"https:\/\/shezamme.com\/sklep\/buty\/adidas\/adidas-xlg-runner-deluxe-off-white-gold-metallic-red\/#breadcrumb\",\"itemListElement\":[{\"@type\":\"ListItem\",\"position\":1,\"name\":\"Strona g\u0142\u00f3wna\",\"item\":\"https:\/\/shezamme.com\/\"},{\"@type\":\"ListItem\",\"position\":2,\"name\":\"Sklep\",\"item\":\"https:\/\/shezamme.com\/sklep\/\"},{\"@type\":\"ListItem\",\"position\":3,\"name\":\"Adidas XLG Runner Deluxe Off White Gold Metallic Red\"}]},{\"@type\":\"WebSite\",\"@id\":\"https:\/\/shezamme.com\/#website\",\"url\":\"https:\/\/shezamme.com\/\",\"name\":\"SHEZAMME - Sneakersy, Streetwear i luksusowe marki\",\"description\":\"Oryginalne i ekskluzywne przedmioty w jednym miejscu. Sprawd\u017a nasze produkty ju\u017c teraz i b\u0105d\u017a na bie\u017c\u0105co z wszystkimi premierami.\",\"publisher\":{\"@id\":\"https:\/\/shezamme.com\/#organization\"},\"potentialAction\":[{\"@type\":\"SearchAction\",\"target\":{\"@type\":\"EntryPoint\",\"urlTemplate\":\"https:\/\/shezamme.com\/?s={search_term_string}\"},\"query-input\":{\"@type\":\"PropertyValueSpecification\",\"valueRequired\":true,\"valueName\":\"search_term_string\"}}],\"inLanguage\":\"en-US\"},{\"@type\":\"Organization\",\"@id\":\"https:\/\/shezamme.com\/#organization\",\"name\":\"SHEZAMME - Sneakersy, Streetwear i luksusowe marki\",\"url\":\"https:\/\/shezamme.com\/\",\"logo\":{\"@type\":\"ImageObject\",\"inLanguage\":\"en-US\",\"@id\":\"https:\/\/shezamme.com\/#\/schema\/logo\/image\/\",\"url\":\"https:\/\/shezamme.com\/wp-content\/uploads\/2023\/02\/0x0.png\",\"contentUrl\":\"https:\/\/shezamme.com\/wp-content\/uploads\/2023\/02\/0x0.png\",\"width\":2000,\"height\":2000,\"caption\":\"SHEZAMME - Sneakersy, Streetwear i luksusowe marki\"},\"image\":{\"@id\":\"https:\/\/shezamme.com\/#\/schema\/logo\/image\/\"},\"sameAs\":[\"https:\/\/www.facebook.com\/SHEZAMME\/\",\"https:\/\/x.com\/SHEZAMME\",\"https:\/\/www.instagram.com\/shezamme\/\",\"https:\/\/www.youtube.com\/channel\/UCsTJxi_9fODHdO_1bmJbqvQ\",\"https:\/\/www.tiktok.com\/shezamme.com\"]}]}<\/script>\n<!-- \/ Yoast SEO plugin. -->","yoast_head_json":{"title":"Adidas XLG Runner Deluxe Off White Gold Metallic Red - SHEZAMME","description":"Adidas XLG Runner Deluxe Off White Gold Metallic Red | Luksusowe i autentyczne przedmioty w jednym miejscu. B\u0105d\u017a na bie\u017c\u0105co i sprawd\u017a nasz\u0105 ofert\u0119 ju\u017c teraz","robots":{"index":"index","follow":"follow","max-snippet":"max-snippet:-1","max-image-preview":"max-image-preview:large","max-video-preview":"max-video-preview:-1"},"canonical":"https:\/\/shezamme.com\/en\/sklep\/sneakers-2\/adidas\/adidas-xlg-runner-deluxe-off-white-gold-metallic-red\/","og_locale":"en_US","og_type":"article","og_title":"Adidas XLG Runner Deluxe Off White Gold Metallic Red - SHEZAMME","og_description":"Adidas XLG Runner Deluxe Off White Gold Metallic Red | Luksusowe i autentyczne przedmioty w jednym miejscu. B\u0105d\u017a na bie\u017c\u0105co i sprawd\u017a nasz\u0105 ofert\u0119 ju\u017c teraz","og_url":"https:\/\/shezamme.com\/en\/sklep\/sneakers-2\/adidas\/adidas-xlg-runner-deluxe-off-white-gold-metallic-red\/","og_site_name":"SHEZAMME - Yeezy, Jordan, Supreme i inne oryginalne rzeczy","article_publisher":"https:\/\/www.facebook.com\/SHEZAMME\/","article_modified_time":"2026-03-19T08:21:40+00:00","og_image":[{"width":1080,"height":1080,"url":"https:\/\/shezamme.com\/wp-content\/uploads\/2025\/12\/Adidas-XLG-Runner-Deluxe-Off-White-Gold-Metallic-Red.webp","type":"image\/webp"}],"twitter_card":"summary_large_image","twitter_site":"@SHEZAMME","twitter_misc":{"Est. reading time":"2 minutes"},"schema":{"@context":"https:\/\/schema.org","@graph":[{"@type":"WebPage","@id":"https:\/\/shezamme.com\/sklep\/buty\/adidas\/adidas-xlg-runner-deluxe-off-white-gold-metallic-red\/","url":"https:\/\/shezamme.com\/sklep\/buty\/adidas\/adidas-xlg-runner-deluxe-off-white-gold-metallic-red\/","name":"Adidas XLG Runner Deluxe Off White Gold Metallic Red - SHEZAMME","isPartOf":{"@id":"https:\/\/shezamme.com\/#website"},"primaryImageOfPage":{"@id":"https:\/\/shezamme.com\/sklep\/buty\/adidas\/adidas-xlg-runner-deluxe-off-white-gold-metallic-red\/#primaryimage"},"image":{"@id":"https:\/\/shezamme.com\/sklep\/buty\/adidas\/adidas-xlg-runner-deluxe-off-white-gold-metallic-red\/#primaryimage"},"thumbnailUrl":"https:\/\/shezamme.com\/wp-content\/uploads\/2025\/12\/Adidas-XLG-Runner-Deluxe-Off-White-Gold-Metallic-Red.webp","datePublished":"2025-12-19T12:50:39+00:00","dateModified":"2026-03-19T08:21:40+00:00","description":"Adidas XLG Runner Deluxe Off White Gold Metallic Red | Luksusowe i autentyczne przedmioty w jednym miejscu. B\u0105d\u017a na bie\u017c\u0105co i sprawd\u017a nasz\u0105 ofert\u0119 ju\u017c teraz","breadcrumb":{"@id":"https:\/\/shezamme.com\/sklep\/buty\/adidas\/adidas-xlg-runner-deluxe-off-white-gold-metallic-red\/#breadcrumb"},"inLanguage":"en-US","potentialAction":[{"@type":"ReadAction","target":["https:\/\/shezamme.com\/sklep\/buty\/adidas\/adidas-xlg-runner-deluxe-off-white-gold-metallic-red\/"]}]},{"@type":"ImageObject","inLanguage":"en-US","@id":"https:\/\/shezamme.com\/sklep\/buty\/adidas\/adidas-xlg-runner-deluxe-off-white-gold-metallic-red\/#primaryimage","url":"https:\/\/shezamme.com\/wp-content\/uploads\/2025\/12\/Adidas-XLG-Runner-Deluxe-Off-White-Gold-Metallic-Red.webp","contentUrl":"https:\/\/shezamme.com\/wp-content\/uploads\/2025\/12\/Adidas-XLG-Runner-Deluxe-Off-White-Gold-Metallic-Red.webp","width":1080,"height":1080,"caption":"Adidas-XLG-Runner-Deluxe-Off-White-Gold-Metallic-Red"},{"@type":"BreadcrumbList","@id":"https:\/\/shezamme.com\/sklep\/buty\/adidas\/adidas-xlg-runner-deluxe-off-white-gold-metallic-red\/#breadcrumb","itemListElement":[{"@type":"ListItem","position":1,"name":"Strona g\u0142\u00f3wna","item":"https:\/\/shezamme.com\/"},{"@type":"ListItem","position":2,"name":"Sklep","item":"https:\/\/shezamme.com\/sklep\/"},{"@type":"ListItem","position":3,"name":"Adidas XLG Runner Deluxe Off White Gold Metallic Red"}]},{"@type":"WebSite","@id":"https:\/\/shezamme.com\/#website","url":"https:\/\/shezamme.com\/","name":"SHEZAMME - Sneakers, Streetwear and luxury brands","description":"Original and exclusive items in one place. Check out our products now and stay up to date with all launches.","publisher":{"@id":"https:\/\/shezamme.com\/#organization"},"potentialAction":[{"@type":"SearchAction","target":{"@type":"EntryPoint","urlTemplate":"https:\/\/shezamme.com\/?s={search_term_string}"},"query-input":{"@type":"PropertyValueSpecification","valueRequired":true,"valueName":"search_term_string"}}],"inLanguage":"en-US"},{"@type":"Organization","@id":"https:\/\/shezamme.com\/#organization","name":"SHEZAMME - Sneakers, Streetwear and luxury brands","url":"https:\/\/shezamme.com\/","logo":{"@type":"ImageObject","inLanguage":"en-US","@id":"https:\/\/shezamme.com\/#\/schema\/logo\/image\/","url":"https:\/\/shezamme.com\/wp-content\/uploads\/2023\/02\/0x0.png","contentUrl":"https:\/\/shezamme.com\/wp-content\/uploads\/2023\/02\/0x0.png","width":2000,"height":2000,"caption":"SHEZAMME - Sneakersy, Streetwear i luksusowe marki"},"image":{"@id":"https:\/\/shezamme.com\/#\/schema\/logo\/image\/"},"sameAs":["https:\/\/www.facebook.com\/SHEZAMME\/","https:\/\/x.com\/SHEZAMME","https:\/\/www.instagram.com\/shezamme\/","https:\/\/www.youtube.com\/channel\/UCsTJxi_9fODHdO_1bmJbqvQ","https:\/\/www.tiktok.com\/shezamme.com"]}]}},"brands":[{"id":748,"name":"Adidas","slug":"adidas"}],"_links":{"self":[{"href":"https:\/\/shezamme.com\/en\/wp-json\/wp\/v2\/product\/216233","targetHints":{"allow":["GET"]}}],"collection":[{"href":"https:\/\/shezamme.com\/en\/wp-json\/wp\/v2\/product"}],"about":[{"href":"https:\/\/shezamme.com\/en\/wp-json\/wp\/v2\/types\/product"}],"wp:featuredmedia":[{"embeddable":true,"href":"https:\/\/shezamme.com\/en\/wp-json\/wp\/v2\/media\/216235"}],"wp:attachment":[{"href":"https:\/\/shezamme.com\/en\/wp-json\/wp\/v2\/media?parent=216233"}],"wp:term":[{"taxonomy":"pwb-brand","embeddable":true,"href":"https:\/\/shezamme.com\/en\/wp-json\/wp\/v2\/pwb-brand?post=216233"},{"taxonomy":"product_brand","embeddable":true,"href":"https:\/\/shezamme.com\/en\/wp-json\/wp\/v2\/product_brand?post=216233"},{"taxonomy":"product_cat","embeddable":true,"href":"https:\/\/shezamme.com\/en\/wp-json\/wp\/v2\/product_cat?post=216233"},{"taxonomy":"product_tag","embeddable":true,"href":"https:\/\/shezamme.com\/en\/wp-json\/wp\/v2\/product_tag?post=216233"}],"curies":[{"name":"wp","href":"https:\/\/api.w.org\/{rel}","templated":true}]}}