{"id":216232,"date":"2025-12-19T13:47:59","date_gmt":"2025-12-19T12:47:59","guid":{"rendered":"https:\/\/shezamme.com\/?post_type=product&#038;p=216232"},"modified":"2026-03-19T09:18:55","modified_gmt":"2026-03-19T08:18:55","slug":"adidas-xlg-runner-deluxe-black-gold-metallic-red","status":"publish","type":"product","link":"https:\/\/shezamme.com\/en\/sklep\/buty\/adidas\/adidas-xlg-runner-deluxe-black-gold-metallic-red\/","title":{"rendered":"Adidas XLG Runner Deluxe Black Gold Metallic Red"},"content":{"rendered":"<h2 data-start=\"241\" data-end=\"333\"><strong data-start=\"244\" data-end=\"331\">Adidas XLG Runner Deluxe Black Gold Metallic Red \u2013 Po\u0142\u0105czenie Stylu i Nowoczesno\u015bci<\/strong><\/h2>\n<p data-start=\"334\" data-end=\"795\"><strong data-start=\"334\" data-end=\"386\">Adidas XLG Runner Deluxe Black Gold Metallic Red<\/strong> to sneakersy, kt\u00f3re \u0142\u0105cz\u0105 <strong data-start=\"413\" data-end=\"434\">nowoczesny design<\/strong> z <strong data-start=\"437\" data-end=\"460\">luksusowym wygl\u0105dem<\/strong>. Kolorystyka <strong data-start=\"474\" data-end=\"491\">czerni, z\u0142ota<\/strong> i <strong data-start=\"494\" data-end=\"521\">metalicznego czerwonego<\/strong> sprawia, \u017ce buty te wyr\u00f3\u017cniaj\u0105 si\u0119 na tle innych modeli. Te sneakersy to <strong data-start=\"595\" data-end=\"627\">idealne po\u0142\u0105czenie elegancji<\/strong> i <strong data-start=\"630\" data-end=\"655\">sportowego charakteru<\/strong>, kt\u00f3re doskonale komponuj\u0105 si\u0119 z <strong data-start=\"689\" data-end=\"718\">r\u00f3\u017cnorodnymi stylizacjami<\/strong>. Dzi\u0119ki swoim wyj\u0105tkowym detalom stanowi\u0105 <strong data-start=\"761\" data-end=\"774\">must-have<\/strong> w ka\u017cdej garderobie.<\/p>\n<h2 data-start=\"797\" data-end=\"870\"><strong data-start=\"800\" data-end=\"868\">Technologia Boost \u2013 Komfort i Amortyzacja Na Najwy\u017cszym Poziomie<\/strong><\/h2>\n<p data-start=\"871\" data-end=\"1296\">Sneakers <strong data-start=\"876\" data-end=\"928\">Adidas XLG Runner Deluxe Black Gold Metallic Red<\/strong> s\u0105 wyposa\u017cone w <strong data-start=\"945\" data-end=\"966\">technologi\u0119 Boost<\/strong>, kt\u00f3ra zapewnia <strong data-start=\"983\" data-end=\"1005\">wysok\u0105 amortyzacj\u0119<\/strong> i <strong data-start=\"1008\" data-end=\"1023\">spr\u0119\u017cysto\u015b\u0107<\/strong>. Dzi\u0119ki temu ka\u017cda w\u0119dr\u00f3wka w tych sneakersach jest <strong data-start=\"1076\" data-end=\"1103\">dynamiczna i komfortowa<\/strong>. <strong data-start=\"1105\" data-end=\"1114\">Boost<\/strong> umo\u017cliwia <strong data-start=\"1125\" data-end=\"1151\">lepsze odbicie energii<\/strong>, co czyni buty <strong data-start=\"1167\" data-end=\"1187\">idealnym wyborem<\/strong> na d\u0142ugie spacery lub intensywne aktywno\u015bci fizyczne, zapewniaj\u0105c przy tym <strong data-start=\"1263\" data-end=\"1279\">pe\u0142n\u0105 wygod\u0119<\/strong> i <strong data-start=\"1282\" data-end=\"1295\">wydajno\u015b\u0107<\/strong>.<\/p>\n<h2 data-start=\"1298\" data-end=\"1355\"><strong data-start=\"1301\" data-end=\"1353\">Solidna Konstrukcja i Wysokiej Jako\u015bci Materia\u0142y<\/strong><\/h2>\n<p data-start=\"1356\" data-end=\"1801\">Cholewka <strong data-start=\"1365\" data-end=\"1417\">Adidas XLG Runner Deluxe Black Gold Metallic Red<\/strong> zosta\u0142a wykonana z <strong data-start=\"1437\" data-end=\"1469\">wysokogatunkowych materia\u0142\u00f3w<\/strong>, takich jak <strong data-start=\"1482\" data-end=\"1504\">syntetyczne panele<\/strong>, <strong data-start=\"1506\" data-end=\"1515\">zamsz<\/strong> i <strong data-start=\"1518\" data-end=\"1531\">siateczka<\/strong>, co zapewnia nie tylko <strong data-start=\"1555\" data-end=\"1571\">oddychalno\u015b\u0107<\/strong>, ale tak\u017ce <strong data-start=\"1583\" data-end=\"1595\">trwa\u0142o\u015b\u0107<\/strong>. Buty s\u0105 <strong data-start=\"1605\" data-end=\"1615\">lekkie<\/strong>, ale <strong data-start=\"1621\" data-end=\"1632\">solidne<\/strong>, a ich <strong data-start=\"1640\" data-end=\"1661\">precyzyjne detale<\/strong> and <strong data-start=\"1667\" data-end=\"1707\">zastosowanie nowoczesnych materia\u0142\u00f3w<\/strong> sprawiaj\u0105, \u017ce s\u0105 one <strong data-start=\"1729\" data-end=\"1765\">odporne na codzienne u\u017cytkowanie<\/strong> i idealne do intensywnego noszenia.<\/p>\n<h2 data-start=\"1803\" data-end=\"1850\"><strong data-start=\"1806\" data-end=\"1848\">Nowoczesny Design i Eleganckie Akcenty<\/strong><\/h2>\n<p data-start=\"1851\" data-end=\"2293\">Model <strong data-start=\"1857\" data-end=\"1909\">Adidas XLG Runner Deluxe Black Gold Metallic Red<\/strong> to po\u0142\u0105czenie <strong data-start=\"1924\" data-end=\"1948\">nowoczesnego wygl\u0105du<\/strong> z <strong data-start=\"1951\" data-end=\"1976\">luksusowymi akcentami<\/strong>. Kolor <strong data-start=\"1984\" data-end=\"1994\">czarny<\/strong> stanowi baz\u0119, podczas gdy <strong data-start=\"2021\" data-end=\"2052\">metaliczne z\u0142oto i czerwie\u0144<\/strong> nadaj\u0105 butom <strong data-start=\"2066\" data-end=\"2092\">wyj\u0105tkowego charakteru<\/strong>. Dzi\u0119ki tej kombinacji, sneakersy staj\u0105 si\u0119 idealnym wyborem do <strong data-start=\"2157\" data-end=\"2183\">stylizacji na co dzie\u0144<\/strong>, a tak\u017ce na <strong data-start=\"2196\" data-end=\"2226\">bardziej eleganckie okazje<\/strong>, gdy chcesz doda\u0107 swojemu lookowi odrobin\u0119 <strong data-start=\"2270\" data-end=\"2292\">wyj\u0105tkowego blasku<\/strong>.<\/p>","protected":false},"excerpt":{"rendered":"<h2 data-start=\"2295\" data-end=\"2380\"><strong data-start=\"2298\" data-end=\"2378\">Adidas XLG Runner Deluxe Black Gold Metallic Red \u2013 Sneakersy Na Ka\u017cd\u0105 Okazj\u0119<\/strong><\/h2>\n<p data-start=\"2381\" data-end=\"2845\"><strong data-start=\"2381\" data-end=\"2433\">Adidas XLG Runner Deluxe Black Gold Metallic Red<\/strong> to sneakersy, kt\u00f3re pasuj\u0105 zar\u00f3wno do <strong data-start=\"2472\" data-end=\"2498\">casualowych stylizacji<\/strong>, jak i bardziej <strong data-start=\"2515\" data-end=\"2538\">sportowych zestaw\u00f3w<\/strong>. Kolorystyka sprawia, \u017ce buty doskonale komponuj\u0105 si\u0119 z <strong data-start=\"2595\" data-end=\"2627\">denimem, spodniami dresowymi<\/strong> i <strong data-start=\"2630\" data-end=\"2642\">szortami<\/strong>, a ich <strong data-start=\"2650\" data-end=\"2672\">uniwersalny wygl\u0105d<\/strong> sprawia, \u017ce \u015bwietnie pasuj\u0105 do <strong data-start=\"2704\" data-end=\"2728\">codziennego noszenia<\/strong>. Buty te oferuj\u0105 <strong data-start=\"2746\" data-end=\"2756\">wygod\u0119<\/strong>, <strong data-start=\"2758\" data-end=\"2766\">styl<\/strong> i <strong data-start=\"2769\" data-end=\"2796\">wysok\u0105 jako\u015b\u0107 wykonania<\/strong>, co czyni je doskona\u0142ym wyborem na ka\u017cd\u0105 okazj\u0119.<\/p>","protected":false},"featured_media":216236,"template":"","meta":{"_acf_changed":false},"pwb-brand":[748],"product_brand":[],"product_cat":[16,76],"product_tag":[1008,1009],"class_list":{"0":"post-216232","1":"product","2":"type-product","3":"status-publish","4":"has-post-thumbnail","6":"pwb-brand-adidas","7":"product_cat-buty","8":"product_cat-adidas","9":"product_tag-kobieta","10":"product_tag-mezczyzna","12":"first","13":"onbackorder","14":"taxable","15":"shipping-taxable","16":"purchasable","17":"product-type-variable"},"acf":[],"yoast_head":"<!-- This site is optimized with the Yoast SEO plugin v27.2 - https:\/\/yoast.com\/product\/yoast-seo-wordpress\/ -->\n<title>Adidas XLG Runner Deluxe Black Gold Metallic Red - SHEZAMME<\/title>\n<meta name=\"description\" content=\"Adidas XLG Runner Deluxe Black Gold Metallic Red | Luksusowe i autentyczne przedmioty w jednym miejscu. B\u0105d\u017a na bie\u017c\u0105co i sprawd\u017a nasz\u0105 ofert\u0119 ju\u017c teraz\" \/>\n<meta name=\"robots\" content=\"index, follow, max-snippet:-1, max-image-preview:large, max-video-preview:-1\" \/>\n<link rel=\"canonical\" href=\"https:\/\/shezamme.com\/en\/sklep\/sneakers-2\/adidas\/adidas-xlg-runner-deluxe-black-gold-metallic-red\/\" \/>\n<meta property=\"og:locale\" content=\"en_US\" \/>\n<meta property=\"og:type\" content=\"article\" \/>\n<meta property=\"og:title\" content=\"Adidas XLG Runner Deluxe Black Gold Metallic Red - SHEZAMME\" \/>\n<meta property=\"og:description\" content=\"Adidas XLG Runner Deluxe Black Gold Metallic Red | Luksusowe i autentyczne przedmioty w jednym miejscu. B\u0105d\u017a na bie\u017c\u0105co i sprawd\u017a nasz\u0105 ofert\u0119 ju\u017c teraz\" \/>\n<meta property=\"og:url\" content=\"https:\/\/shezamme.com\/en\/sklep\/sneakers-2\/adidas\/adidas-xlg-runner-deluxe-black-gold-metallic-red\/\" \/>\n<meta property=\"og:site_name\" content=\"SHEZAMME - Yeezy, Jordan, Supreme i inne oryginalne rzeczy\" \/>\n<meta property=\"article:publisher\" content=\"https:\/\/www.facebook.com\/SHEZAMME\/\" \/>\n<meta property=\"article:modified_time\" content=\"2026-03-19T08:18:55+00:00\" \/>\n<meta property=\"og:image\" content=\"https:\/\/shezamme.com\/wp-content\/uploads\/2025\/12\/Adidas-XLG-Runner-Deluxe-Black-Gold-Metallic-Red.webp\" \/>\n\t<meta property=\"og:image:width\" content=\"1080\" \/>\n\t<meta property=\"og:image:height\" content=\"1080\" \/>\n\t<meta property=\"og:image:type\" content=\"image\/webp\" \/>\n<meta name=\"twitter:card\" content=\"summary_large_image\" \/>\n<meta name=\"twitter:site\" content=\"@SHEZAMME\" \/>\n<meta name=\"twitter:label1\" content=\"Est. reading time\" \/>\n\t<meta name=\"twitter:data1\" content=\"1 minute\" \/>\n<script type=\"application\/ld+json\" class=\"yoast-schema-graph\">{\"@context\":\"https:\/\/schema.org\",\"@graph\":[{\"@type\":\"WebPage\",\"@id\":\"https:\/\/shezamme.com\/sklep\/buty\/adidas\/adidas-xlg-runner-deluxe-black-gold-metallic-red\/\",\"url\":\"https:\/\/shezamme.com\/sklep\/buty\/adidas\/adidas-xlg-runner-deluxe-black-gold-metallic-red\/\",\"name\":\"Adidas XLG Runner Deluxe Black Gold Metallic Red - SHEZAMME\",\"isPartOf\":{\"@id\":\"https:\/\/shezamme.com\/#website\"},\"primaryImageOfPage\":{\"@id\":\"https:\/\/shezamme.com\/sklep\/buty\/adidas\/adidas-xlg-runner-deluxe-black-gold-metallic-red\/#primaryimage\"},\"image\":{\"@id\":\"https:\/\/shezamme.com\/sklep\/buty\/adidas\/adidas-xlg-runner-deluxe-black-gold-metallic-red\/#primaryimage\"},\"thumbnailUrl\":\"https:\/\/shezamme.com\/wp-content\/uploads\/2025\/12\/Adidas-XLG-Runner-Deluxe-Black-Gold-Metallic-Red.webp\",\"datePublished\":\"2025-12-19T12:47:59+00:00\",\"dateModified\":\"2026-03-19T08:18:55+00:00\",\"description\":\"Adidas XLG Runner Deluxe Black Gold Metallic Red | Luksusowe i autentyczne przedmioty w jednym miejscu. B\u0105d\u017a na bie\u017c\u0105co i sprawd\u017a nasz\u0105 ofert\u0119 ju\u017c teraz\",\"breadcrumb\":{\"@id\":\"https:\/\/shezamme.com\/sklep\/buty\/adidas\/adidas-xlg-runner-deluxe-black-gold-metallic-red\/#breadcrumb\"},\"inLanguage\":\"en-US\",\"potentialAction\":[{\"@type\":\"ReadAction\",\"target\":[\"https:\/\/shezamme.com\/sklep\/buty\/adidas\/adidas-xlg-runner-deluxe-black-gold-metallic-red\/\"]}]},{\"@type\":\"ImageObject\",\"inLanguage\":\"en-US\",\"@id\":\"https:\/\/shezamme.com\/sklep\/buty\/adidas\/adidas-xlg-runner-deluxe-black-gold-metallic-red\/#primaryimage\",\"url\":\"https:\/\/shezamme.com\/wp-content\/uploads\/2025\/12\/Adidas-XLG-Runner-Deluxe-Black-Gold-Metallic-Red.webp\",\"contentUrl\":\"https:\/\/shezamme.com\/wp-content\/uploads\/2025\/12\/Adidas-XLG-Runner-Deluxe-Black-Gold-Metallic-Red.webp\",\"width\":1080,\"height\":1080,\"caption\":\"Adidas-XLG-Runner-Deluxe-Black-Gold-Metallic-Red\"},{\"@type\":\"BreadcrumbList\",\"@id\":\"https:\/\/shezamme.com\/sklep\/buty\/adidas\/adidas-xlg-runner-deluxe-black-gold-metallic-red\/#breadcrumb\",\"itemListElement\":[{\"@type\":\"ListItem\",\"position\":1,\"name\":\"Strona g\u0142\u00f3wna\",\"item\":\"https:\/\/shezamme.com\/\"},{\"@type\":\"ListItem\",\"position\":2,\"name\":\"Sklep\",\"item\":\"https:\/\/shezamme.com\/sklep\/\"},{\"@type\":\"ListItem\",\"position\":3,\"name\":\"Adidas XLG Runner Deluxe Black Gold Metallic Red\"}]},{\"@type\":\"WebSite\",\"@id\":\"https:\/\/shezamme.com\/#website\",\"url\":\"https:\/\/shezamme.com\/\",\"name\":\"SHEZAMME - Sneakersy, Streetwear i luksusowe marki\",\"description\":\"Oryginalne i ekskluzywne przedmioty w jednym miejscu. Sprawd\u017a nasze produkty ju\u017c teraz i b\u0105d\u017a na bie\u017c\u0105co z wszystkimi premierami.\",\"publisher\":{\"@id\":\"https:\/\/shezamme.com\/#organization\"},\"potentialAction\":[{\"@type\":\"SearchAction\",\"target\":{\"@type\":\"EntryPoint\",\"urlTemplate\":\"https:\/\/shezamme.com\/?s={search_term_string}\"},\"query-input\":{\"@type\":\"PropertyValueSpecification\",\"valueRequired\":true,\"valueName\":\"search_term_string\"}}],\"inLanguage\":\"en-US\"},{\"@type\":\"Organization\",\"@id\":\"https:\/\/shezamme.com\/#organization\",\"name\":\"SHEZAMME - Sneakersy, Streetwear i luksusowe marki\",\"url\":\"https:\/\/shezamme.com\/\",\"logo\":{\"@type\":\"ImageObject\",\"inLanguage\":\"en-US\",\"@id\":\"https:\/\/shezamme.com\/#\/schema\/logo\/image\/\",\"url\":\"https:\/\/shezamme.com\/wp-content\/uploads\/2023\/02\/0x0.png\",\"contentUrl\":\"https:\/\/shezamme.com\/wp-content\/uploads\/2023\/02\/0x0.png\",\"width\":2000,\"height\":2000,\"caption\":\"SHEZAMME - Sneakersy, Streetwear i luksusowe marki\"},\"image\":{\"@id\":\"https:\/\/shezamme.com\/#\/schema\/logo\/image\/\"},\"sameAs\":[\"https:\/\/www.facebook.com\/SHEZAMME\/\",\"https:\/\/x.com\/SHEZAMME\",\"https:\/\/www.instagram.com\/shezamme\/\",\"https:\/\/www.youtube.com\/channel\/UCsTJxi_9fODHdO_1bmJbqvQ\",\"https:\/\/www.tiktok.com\/shezamme.com\"]}]}<\/script>\n<!-- \/ Yoast SEO plugin. -->","yoast_head_json":{"title":"Adidas XLG Runner Deluxe Black Gold Metallic Red - SHEZAMME","description":"Adidas XLG Runner Deluxe Black Gold Metallic Red | Luksusowe i autentyczne przedmioty w jednym miejscu. B\u0105d\u017a na bie\u017c\u0105co i sprawd\u017a nasz\u0105 ofert\u0119 ju\u017c teraz","robots":{"index":"index","follow":"follow","max-snippet":"max-snippet:-1","max-image-preview":"max-image-preview:large","max-video-preview":"max-video-preview:-1"},"canonical":"https:\/\/shezamme.com\/en\/sklep\/sneakers-2\/adidas\/adidas-xlg-runner-deluxe-black-gold-metallic-red\/","og_locale":"en_US","og_type":"article","og_title":"Adidas XLG Runner Deluxe Black Gold Metallic Red - SHEZAMME","og_description":"Adidas XLG Runner Deluxe Black Gold Metallic Red | Luksusowe i autentyczne przedmioty w jednym miejscu. B\u0105d\u017a na bie\u017c\u0105co i sprawd\u017a nasz\u0105 ofert\u0119 ju\u017c teraz","og_url":"https:\/\/shezamme.com\/en\/sklep\/sneakers-2\/adidas\/adidas-xlg-runner-deluxe-black-gold-metallic-red\/","og_site_name":"SHEZAMME - Yeezy, Jordan, Supreme i inne oryginalne rzeczy","article_publisher":"https:\/\/www.facebook.com\/SHEZAMME\/","article_modified_time":"2026-03-19T08:18:55+00:00","og_image":[{"width":1080,"height":1080,"url":"https:\/\/shezamme.com\/wp-content\/uploads\/2025\/12\/Adidas-XLG-Runner-Deluxe-Black-Gold-Metallic-Red.webp","type":"image\/webp"}],"twitter_card":"summary_large_image","twitter_site":"@SHEZAMME","twitter_misc":{"Est. reading time":"1 minute"},"schema":{"@context":"https:\/\/schema.org","@graph":[{"@type":"WebPage","@id":"https:\/\/shezamme.com\/sklep\/buty\/adidas\/adidas-xlg-runner-deluxe-black-gold-metallic-red\/","url":"https:\/\/shezamme.com\/sklep\/buty\/adidas\/adidas-xlg-runner-deluxe-black-gold-metallic-red\/","name":"Adidas XLG Runner Deluxe Black Gold Metallic Red - SHEZAMME","isPartOf":{"@id":"https:\/\/shezamme.com\/#website"},"primaryImageOfPage":{"@id":"https:\/\/shezamme.com\/sklep\/buty\/adidas\/adidas-xlg-runner-deluxe-black-gold-metallic-red\/#primaryimage"},"image":{"@id":"https:\/\/shezamme.com\/sklep\/buty\/adidas\/adidas-xlg-runner-deluxe-black-gold-metallic-red\/#primaryimage"},"thumbnailUrl":"https:\/\/shezamme.com\/wp-content\/uploads\/2025\/12\/Adidas-XLG-Runner-Deluxe-Black-Gold-Metallic-Red.webp","datePublished":"2025-12-19T12:47:59+00:00","dateModified":"2026-03-19T08:18:55+00:00","description":"Adidas XLG Runner Deluxe Black Gold Metallic Red | Luksusowe i autentyczne przedmioty w jednym miejscu. B\u0105d\u017a na bie\u017c\u0105co i sprawd\u017a nasz\u0105 ofert\u0119 ju\u017c teraz","breadcrumb":{"@id":"https:\/\/shezamme.com\/sklep\/buty\/adidas\/adidas-xlg-runner-deluxe-black-gold-metallic-red\/#breadcrumb"},"inLanguage":"en-US","potentialAction":[{"@type":"ReadAction","target":["https:\/\/shezamme.com\/sklep\/buty\/adidas\/adidas-xlg-runner-deluxe-black-gold-metallic-red\/"]}]},{"@type":"ImageObject","inLanguage":"en-US","@id":"https:\/\/shezamme.com\/sklep\/buty\/adidas\/adidas-xlg-runner-deluxe-black-gold-metallic-red\/#primaryimage","url":"https:\/\/shezamme.com\/wp-content\/uploads\/2025\/12\/Adidas-XLG-Runner-Deluxe-Black-Gold-Metallic-Red.webp","contentUrl":"https:\/\/shezamme.com\/wp-content\/uploads\/2025\/12\/Adidas-XLG-Runner-Deluxe-Black-Gold-Metallic-Red.webp","width":1080,"height":1080,"caption":"Adidas-XLG-Runner-Deluxe-Black-Gold-Metallic-Red"},{"@type":"BreadcrumbList","@id":"https:\/\/shezamme.com\/sklep\/buty\/adidas\/adidas-xlg-runner-deluxe-black-gold-metallic-red\/#breadcrumb","itemListElement":[{"@type":"ListItem","position":1,"name":"Strona g\u0142\u00f3wna","item":"https:\/\/shezamme.com\/"},{"@type":"ListItem","position":2,"name":"Sklep","item":"https:\/\/shezamme.com\/sklep\/"},{"@type":"ListItem","position":3,"name":"Adidas XLG Runner Deluxe Black Gold Metallic Red"}]},{"@type":"WebSite","@id":"https:\/\/shezamme.com\/#website","url":"https:\/\/shezamme.com\/","name":"SHEZAMME - Sneakers, Streetwear and luxury brands","description":"Original and exclusive items in one place. Check out our products now and stay up to date with all launches.","publisher":{"@id":"https:\/\/shezamme.com\/#organization"},"potentialAction":[{"@type":"SearchAction","target":{"@type":"EntryPoint","urlTemplate":"https:\/\/shezamme.com\/?s={search_term_string}"},"query-input":{"@type":"PropertyValueSpecification","valueRequired":true,"valueName":"search_term_string"}}],"inLanguage":"en-US"},{"@type":"Organization","@id":"https:\/\/shezamme.com\/#organization","name":"SHEZAMME - Sneakers, Streetwear and luxury brands","url":"https:\/\/shezamme.com\/","logo":{"@type":"ImageObject","inLanguage":"en-US","@id":"https:\/\/shezamme.com\/#\/schema\/logo\/image\/","url":"https:\/\/shezamme.com\/wp-content\/uploads\/2023\/02\/0x0.png","contentUrl":"https:\/\/shezamme.com\/wp-content\/uploads\/2023\/02\/0x0.png","width":2000,"height":2000,"caption":"SHEZAMME - Sneakersy, Streetwear i luksusowe marki"},"image":{"@id":"https:\/\/shezamme.com\/#\/schema\/logo\/image\/"},"sameAs":["https:\/\/www.facebook.com\/SHEZAMME\/","https:\/\/x.com\/SHEZAMME","https:\/\/www.instagram.com\/shezamme\/","https:\/\/www.youtube.com\/channel\/UCsTJxi_9fODHdO_1bmJbqvQ","https:\/\/www.tiktok.com\/shezamme.com"]}]}},"brands":[{"id":748,"name":"Adidas","slug":"adidas"}],"_links":{"self":[{"href":"https:\/\/shezamme.com\/en\/wp-json\/wp\/v2\/product\/216232","targetHints":{"allow":["GET"]}}],"collection":[{"href":"https:\/\/shezamme.com\/en\/wp-json\/wp\/v2\/product"}],"about":[{"href":"https:\/\/shezamme.com\/en\/wp-json\/wp\/v2\/types\/product"}],"wp:featuredmedia":[{"embeddable":true,"href":"https:\/\/shezamme.com\/en\/wp-json\/wp\/v2\/media\/216236"}],"wp:attachment":[{"href":"https:\/\/shezamme.com\/en\/wp-json\/wp\/v2\/media?parent=216232"}],"wp:term":[{"taxonomy":"pwb-brand","embeddable":true,"href":"https:\/\/shezamme.com\/en\/wp-json\/wp\/v2\/pwb-brand?post=216232"},{"taxonomy":"product_brand","embeddable":true,"href":"https:\/\/shezamme.com\/en\/wp-json\/wp\/v2\/product_brand?post=216232"},{"taxonomy":"product_cat","embeddable":true,"href":"https:\/\/shezamme.com\/en\/wp-json\/wp\/v2\/product_cat?post=216232"},{"taxonomy":"product_tag","embeddable":true,"href":"https:\/\/shezamme.com\/en\/wp-json\/wp\/v2\/product_tag?post=216232"}],"curies":[{"name":"wp","href":"https:\/\/api.w.org\/{rel}","templated":true}]}}