{"id":216229,"date":"2025-12-19T13:43:04","date_gmt":"2025-12-19T12:43:04","guid":{"rendered":"https:\/\/shezamme.com\/?post_type=product&#038;p=216229"},"modified":"2026-03-19T09:14:22","modified_gmt":"2026-03-19T08:14:22","slug":"adidas-xlg-runner-deluxe-black","status":"publish","type":"product","link":"https:\/\/shezamme.com\/en\/sklep\/buty\/adidas\/adidas-xlg-runner-deluxe-black\/","title":{"rendered":"Adidas XLG Runner Deluxe Black"},"content":{"rendered":"<h2 data-start=\"222\" data-end=\"290\"><strong data-start=\"225\" data-end=\"288\">Adidas XLG Runner Deluxe Black \u2013 Styl i Komfort na Co Dzie\u0144<\/strong><\/h2>\n<p data-start=\"291\" data-end=\"792\"><strong data-start=\"291\" data-end=\"325\">Adidas XLG Runner Deluxe Black<\/strong> to sneakersy, kt\u00f3re \u0142\u0105cz\u0105 <strong data-start=\"352\" data-end=\"373\">nowoczesny design<\/strong> z <strong data-start=\"376\" data-end=\"405\">wysok\u0105 jako\u015bci\u0105 wykonania<\/strong>. Kolor <strong data-start=\"413\" data-end=\"423\">czarny<\/strong> nadaje butom <strong data-start=\"437\" data-end=\"474\">subtelny, ale wyrazisty charakter<\/strong>, dzi\u0119ki czemu doskonale komponuj\u0105 si\u0119 z r\u00f3\u017cnorodnymi stylizacjami. Model ten jest <strong data-start=\"557\" data-end=\"577\">idealnym wyborem<\/strong> dla os\u00f3b, kt\u00f3re ceni\u0105 <strong data-start=\"600\" data-end=\"611\">komfort<\/strong> i <strong data-start=\"614\" data-end=\"632\">funkcjonalno\u015b\u0107<\/strong>, ale tak\u017ce <strong data-start=\"644\" data-end=\"660\">modny wygl\u0105d<\/strong>. To obuwie, kt\u00f3re z \u0142atwo\u015bci\u0105 dostosowuje si\u0119 do <strong data-start=\"710\" data-end=\"736\">codziennych stylizacji<\/strong>, oferuj\u0105c nie tylko <strong data-start=\"757\" data-end=\"767\">wygod\u0119<\/strong>, ale i elegancki wygl\u0105d.<\/p>\n<h2 data-start=\"794\" data-end=\"830\"><strong data-start=\"797\" data-end=\"828\">Lekka i Wygodna Konstrukcja<\/strong><\/h2>\n<p data-start=\"831\" data-end=\"1352\"><strong data-start=\"831\" data-end=\"865\">Adidas XLG Runner Deluxe Black<\/strong> charakteryzuj\u0105 si\u0119 <strong data-start=\"885\" data-end=\"906\">lekk\u0105 konstrukcj\u0105<\/strong> and <strong data-start=\"912\" data-end=\"935\">elastyczn\u0105 podeszw\u0105<\/strong>, co zapewnia <strong data-start=\"949\" data-end=\"971\">wysok\u0105 amortyzacj\u0119<\/strong> i <strong data-start=\"974\" data-end=\"994\">komfort noszenia<\/strong> przez ca\u0142y dzie\u0144. Buty te zosta\u0142y zaprojektowane z my\u015bl\u0105 o <strong data-start=\"1054\" data-end=\"1080\">codziennym u\u017cytkowaniu<\/strong>, oferuj\u0105c <strong data-start=\"1091\" data-end=\"1115\">odpowiednie wsparcie<\/strong> dla stopy, niezale\u017cnie od intensywno\u015bci aktywno\u015bci. <strong data-start=\"1168\" data-end=\"1188\">Mi\u0119kka wy\u015bci\u00f3\u0142ka<\/strong> i <strong data-start=\"1191\" data-end=\"1214\">dopasowana cholewka<\/strong> sprawiaj\u0105, \u017ce <strong data-start=\"1229\" data-end=\"1263\">Adidas XLG Runner Deluxe Black<\/strong> to model, kt\u00f3ry zapewnia <strong data-start=\"1289\" data-end=\"1310\">maksymaln\u0105 wygod\u0119<\/strong>, nawet podczas d\u0142ugotrwa\u0142ego u\u017cytkowania.<\/p>\n<h2 data-start=\"1354\" data-end=\"1404\"><strong data-start=\"1357\" data-end=\"1402\">Technologia Boost \u2013 Doskona\u0142a Amortyzacja<\/strong><\/h2>\n<p data-start=\"1405\" data-end=\"1860\">Model <strong data-start=\"1411\" data-end=\"1445\">Adidas XLG Runner Deluxe Black<\/strong> wykorzystuje <strong data-start=\"1459\" data-end=\"1480\">technologi\u0119 Boost<\/strong>, kt\u00f3ra gwarantuje <strong data-start=\"1499\" data-end=\"1535\">wysok\u0105 amortyzacj\u0119 i spr\u0119\u017cysto\u015b\u0107<\/strong>. Dzi\u0119ki temu ka\u017cdy krok jest bardziej <strong data-start=\"1574\" data-end=\"1588\">dynamiczny<\/strong> i <strong data-start=\"1591\" data-end=\"1605\">komfortowy<\/strong>, co sprawia, \u017ce buty te doskonale nadaj\u0105 si\u0119 zar\u00f3wno do <strong data-start=\"1662\" data-end=\"1689\">codziennego u\u017cytkowania<\/strong>, jak i bardziej intensywnych aktywno\u015bci. <strong data-start=\"1731\" data-end=\"1740\">Boost<\/strong> odpowiada za lepsze odbicie energii przy ka\u017cdym kroku, zapewniaj\u0105c <strong data-start=\"1808\" data-end=\"1828\">lepsz\u0105 wydajno\u015b\u0107<\/strong> i <strong data-start=\"1831\" data-end=\"1842\">komfort<\/strong> przez ca\u0142y dzie\u0144.<\/p>\n<h2 data-start=\"1862\" data-end=\"1909\"><strong data-start=\"1865\" data-end=\"1907\">Trwa\u0142e Materia\u0142y i Solidna Konstrukcja<\/strong><\/h2>\n<p data-start=\"1910\" data-end=\"2354\">Cholewka <strong data-start=\"1919\" data-end=\"1953\">Adidas XLG Runner Deluxe Black<\/strong> zosta\u0142a wykonana z <strong data-start=\"1973\" data-end=\"2005\">wysokogatunkowych materia\u0142\u00f3w<\/strong>, takich jak <strong data-start=\"2018\" data-end=\"2040\">syntetyczne panele<\/strong> and <strong data-start=\"2046\" data-end=\"2059\">siateczka<\/strong>, kt\u00f3re zapewniaj\u0105 <strong data-start=\"2078\" data-end=\"2094\">oddychalno\u015b\u0107<\/strong> i <strong data-start=\"2097\" data-end=\"2131\">odporno\u015b\u0107 na codzienne zu\u017cycie<\/strong>. Buty s\u0105 <strong data-start=\"2141\" data-end=\"2151\">lekkie<\/strong>, ale jednocze\u015bnie bardzo <strong data-start=\"2177\" data-end=\"2188\">solidne<\/strong>, co sprawia, \u017ce s\u0105 idealnym wyborem na <strong data-start=\"2228\" data-end=\"2245\">r\u00f3\u017cne warunki<\/strong> atmosferyczne. <strong data-start=\"2261\" data-end=\"2282\">Precyzyjne detale<\/strong> i <strong data-start=\"2285\" data-end=\"2308\">solidna konstrukcja<\/strong> podkre\u015blaj\u0105 <strong data-start=\"2321\" data-end=\"2346\">premium\u2019owy charakter<\/strong> modelu.<\/p>","protected":false},"excerpt":{"rendered":"<h2 data-start=\"2356\" data-end=\"2423\"><strong data-start=\"2359\" data-end=\"2421\">Adidas XLG Runner Deluxe Black \u2013 Sneakersy Na Ka\u017cd\u0105 Okazj\u0119<\/strong><\/h2>\n<p data-start=\"2424\" data-end=\"2867\"><strong data-start=\"2424\" data-end=\"2458\">Adidas XLG Runner Deluxe Black<\/strong> to buty, kt\u00f3re <strong data-start=\"2474\" data-end=\"2500\">\u015bwietnie komponuj\u0105 si\u0119<\/strong> z <strong data-start=\"2503\" data-end=\"2532\">r\u00f3\u017cnorodnymi stylizacjami<\/strong>. Kolor <strong data-start=\"2540\" data-end=\"2550\">czarny<\/strong> sprawia, \u017ce pasuj\u0105 one zar\u00f3wno do <strong data-start=\"2585\" data-end=\"2595\">denimu<\/strong>, <strong data-start=\"2597\" data-end=\"2617\">spodni dresowych<\/strong>, jak i <strong data-start=\"2625\" data-end=\"2658\">bardziej eleganckich zestaw\u00f3w<\/strong>. Dzi\u0119ki swojej <strong data-start=\"2674\" data-end=\"2702\">uniwersalnej kolorystyce<\/strong>, te sneakersy idealnie pasuj\u0105 do <strong data-start=\"2736\" data-end=\"2760\">codziennych outfit\u00f3w<\/strong>, ale r\u00f3wnie\u017c sprawdz\u0105 si\u0119 w bardziej formalnych okoliczno\u015bciach, nadaj\u0105c stylizacji <strong data-start=\"2845\" data-end=\"2866\">nowoczesny akcent<\/strong>.<\/p>","protected":false},"featured_media":216239,"template":"","meta":{"_acf_changed":false},"pwb-brand":[748],"product_brand":[],"product_cat":[16,76],"product_tag":[1008,1009],"class_list":{"0":"post-216229","1":"product","2":"type-product","3":"status-publish","4":"has-post-thumbnail","6":"pwb-brand-adidas","7":"product_cat-buty","8":"product_cat-adidas","9":"product_tag-kobieta","10":"product_tag-mezczyzna","12":"first","13":"onbackorder","14":"taxable","15":"shipping-taxable","16":"purchasable","17":"product-type-variable"},"acf":[],"yoast_head":"<!-- This site is optimized with the Yoast SEO plugin v27.2 - https:\/\/yoast.com\/product\/yoast-seo-wordpress\/ -->\n<title>Adidas XLG Runner Deluxe Black - SHEZAMME<\/title>\n<meta name=\"description\" content=\"Adidas XLG Runner Deluxe Black | Luksusowe i autentyczne przedmioty w jednym miejscu. B\u0105d\u017a na bie\u017c\u0105co i sprawd\u017a nasz\u0105 ofert\u0119 ju\u017c teraz\" \/>\n<meta name=\"robots\" content=\"index, follow, max-snippet:-1, max-image-preview:large, max-video-preview:-1\" \/>\n<link rel=\"canonical\" href=\"https:\/\/shezamme.com\/en\/sklep\/sneakers-2\/adidas\/adidas-xlg-runner-deluxe-black\/\" \/>\n<meta property=\"og:locale\" content=\"en_US\" \/>\n<meta property=\"og:type\" content=\"article\" \/>\n<meta property=\"og:title\" content=\"Adidas XLG Runner Deluxe Black - SHEZAMME\" \/>\n<meta property=\"og:description\" content=\"Adidas XLG Runner Deluxe Black | Luksusowe i autentyczne przedmioty w jednym miejscu. B\u0105d\u017a na bie\u017c\u0105co i sprawd\u017a nasz\u0105 ofert\u0119 ju\u017c teraz\" \/>\n<meta property=\"og:url\" content=\"https:\/\/shezamme.com\/en\/sklep\/sneakers-2\/adidas\/adidas-xlg-runner-deluxe-black\/\" \/>\n<meta property=\"og:site_name\" content=\"SHEZAMME - Yeezy, Jordan, Supreme i inne oryginalne rzeczy\" \/>\n<meta property=\"article:publisher\" content=\"https:\/\/www.facebook.com\/SHEZAMME\/\" \/>\n<meta property=\"article:modified_time\" content=\"2026-03-19T08:14:22+00:00\" \/>\n<meta property=\"og:image\" content=\"https:\/\/shezamme.com\/wp-content\/uploads\/2025\/12\/Adidas-XLG-Runner-Deluxe-Black.webp\" \/>\n\t<meta property=\"og:image:width\" content=\"1080\" \/>\n\t<meta property=\"og:image:height\" content=\"1080\" \/>\n\t<meta property=\"og:image:type\" content=\"image\/webp\" \/>\n<meta name=\"twitter:card\" content=\"summary_large_image\" \/>\n<meta name=\"twitter:site\" content=\"@SHEZAMME\" \/>\n<meta name=\"twitter:label1\" content=\"Est. reading time\" \/>\n\t<meta name=\"twitter:data1\" content=\"2 minutes\" \/>\n<script type=\"application\/ld+json\" class=\"yoast-schema-graph\">{\"@context\":\"https:\/\/schema.org\",\"@graph\":[{\"@type\":\"WebPage\",\"@id\":\"https:\/\/shezamme.com\/sklep\/buty\/adidas\/adidas-xlg-runner-deluxe-black\/\",\"url\":\"https:\/\/shezamme.com\/sklep\/buty\/adidas\/adidas-xlg-runner-deluxe-black\/\",\"name\":\"Adidas XLG Runner Deluxe Black - SHEZAMME\",\"isPartOf\":{\"@id\":\"https:\/\/shezamme.com\/#website\"},\"primaryImageOfPage\":{\"@id\":\"https:\/\/shezamme.com\/sklep\/buty\/adidas\/adidas-xlg-runner-deluxe-black\/#primaryimage\"},\"image\":{\"@id\":\"https:\/\/shezamme.com\/sklep\/buty\/adidas\/adidas-xlg-runner-deluxe-black\/#primaryimage\"},\"thumbnailUrl\":\"https:\/\/shezamme.com\/wp-content\/uploads\/2025\/12\/Adidas-XLG-Runner-Deluxe-Black.webp\",\"datePublished\":\"2025-12-19T12:43:04+00:00\",\"dateModified\":\"2026-03-19T08:14:22+00:00\",\"description\":\"Adidas XLG Runner Deluxe Black | Luksusowe i autentyczne przedmioty w jednym miejscu. B\u0105d\u017a na bie\u017c\u0105co i sprawd\u017a nasz\u0105 ofert\u0119 ju\u017c teraz\",\"breadcrumb\":{\"@id\":\"https:\/\/shezamme.com\/sklep\/buty\/adidas\/adidas-xlg-runner-deluxe-black\/#breadcrumb\"},\"inLanguage\":\"en-US\",\"potentialAction\":[{\"@type\":\"ReadAction\",\"target\":[\"https:\/\/shezamme.com\/sklep\/buty\/adidas\/adidas-xlg-runner-deluxe-black\/\"]}]},{\"@type\":\"ImageObject\",\"inLanguage\":\"en-US\",\"@id\":\"https:\/\/shezamme.com\/sklep\/buty\/adidas\/adidas-xlg-runner-deluxe-black\/#primaryimage\",\"url\":\"https:\/\/shezamme.com\/wp-content\/uploads\/2025\/12\/Adidas-XLG-Runner-Deluxe-Black.webp\",\"contentUrl\":\"https:\/\/shezamme.com\/wp-content\/uploads\/2025\/12\/Adidas-XLG-Runner-Deluxe-Black.webp\",\"width\":1080,\"height\":1080,\"caption\":\"Adidas-XLG-Runner-Deluxe-Grey\"},{\"@type\":\"BreadcrumbList\",\"@id\":\"https:\/\/shezamme.com\/sklep\/buty\/adidas\/adidas-xlg-runner-deluxe-black\/#breadcrumb\",\"itemListElement\":[{\"@type\":\"ListItem\",\"position\":1,\"name\":\"Strona g\u0142\u00f3wna\",\"item\":\"https:\/\/shezamme.com\/\"},{\"@type\":\"ListItem\",\"position\":2,\"name\":\"Sklep\",\"item\":\"https:\/\/shezamme.com\/sklep\/\"},{\"@type\":\"ListItem\",\"position\":3,\"name\":\"Adidas XLG Runner Deluxe Black\"}]},{\"@type\":\"WebSite\",\"@id\":\"https:\/\/shezamme.com\/#website\",\"url\":\"https:\/\/shezamme.com\/\",\"name\":\"SHEZAMME - Sneakersy, Streetwear i luksusowe marki\",\"description\":\"Oryginalne i ekskluzywne przedmioty w jednym miejscu. Sprawd\u017a nasze produkty ju\u017c teraz i b\u0105d\u017a na bie\u017c\u0105co z wszystkimi premierami.\",\"publisher\":{\"@id\":\"https:\/\/shezamme.com\/#organization\"},\"potentialAction\":[{\"@type\":\"SearchAction\",\"target\":{\"@type\":\"EntryPoint\",\"urlTemplate\":\"https:\/\/shezamme.com\/?s={search_term_string}\"},\"query-input\":{\"@type\":\"PropertyValueSpecification\",\"valueRequired\":true,\"valueName\":\"search_term_string\"}}],\"inLanguage\":\"en-US\"},{\"@type\":\"Organization\",\"@id\":\"https:\/\/shezamme.com\/#organization\",\"name\":\"SHEZAMME - Sneakersy, Streetwear i luksusowe marki\",\"url\":\"https:\/\/shezamme.com\/\",\"logo\":{\"@type\":\"ImageObject\",\"inLanguage\":\"en-US\",\"@id\":\"https:\/\/shezamme.com\/#\/schema\/logo\/image\/\",\"url\":\"https:\/\/shezamme.com\/wp-content\/uploads\/2023\/02\/0x0.png\",\"contentUrl\":\"https:\/\/shezamme.com\/wp-content\/uploads\/2023\/02\/0x0.png\",\"width\":2000,\"height\":2000,\"caption\":\"SHEZAMME - Sneakersy, Streetwear i luksusowe marki\"},\"image\":{\"@id\":\"https:\/\/shezamme.com\/#\/schema\/logo\/image\/\"},\"sameAs\":[\"https:\/\/www.facebook.com\/SHEZAMME\/\",\"https:\/\/x.com\/SHEZAMME\",\"https:\/\/www.instagram.com\/shezamme\/\",\"https:\/\/www.youtube.com\/channel\/UCsTJxi_9fODHdO_1bmJbqvQ\",\"https:\/\/www.tiktok.com\/shezamme.com\"]}]}<\/script>\n<!-- \/ Yoast SEO plugin. -->","yoast_head_json":{"title":"Adidas XLG Runner Deluxe Black - SHEZAMME","description":"Adidas XLG Runner Deluxe Black | Luksusowe i autentyczne przedmioty w jednym miejscu. B\u0105d\u017a na bie\u017c\u0105co i sprawd\u017a nasz\u0105 ofert\u0119 ju\u017c teraz","robots":{"index":"index","follow":"follow","max-snippet":"max-snippet:-1","max-image-preview":"max-image-preview:large","max-video-preview":"max-video-preview:-1"},"canonical":"https:\/\/shezamme.com\/en\/sklep\/sneakers-2\/adidas\/adidas-xlg-runner-deluxe-black\/","og_locale":"en_US","og_type":"article","og_title":"Adidas XLG Runner Deluxe Black - SHEZAMME","og_description":"Adidas XLG Runner Deluxe Black | Luksusowe i autentyczne przedmioty w jednym miejscu. B\u0105d\u017a na bie\u017c\u0105co i sprawd\u017a nasz\u0105 ofert\u0119 ju\u017c teraz","og_url":"https:\/\/shezamme.com\/en\/sklep\/sneakers-2\/adidas\/adidas-xlg-runner-deluxe-black\/","og_site_name":"SHEZAMME - Yeezy, Jordan, Supreme i inne oryginalne rzeczy","article_publisher":"https:\/\/www.facebook.com\/SHEZAMME\/","article_modified_time":"2026-03-19T08:14:22+00:00","og_image":[{"width":1080,"height":1080,"url":"https:\/\/shezamme.com\/wp-content\/uploads\/2025\/12\/Adidas-XLG-Runner-Deluxe-Black.webp","type":"image\/webp"}],"twitter_card":"summary_large_image","twitter_site":"@SHEZAMME","twitter_misc":{"Est. reading time":"2 minutes"},"schema":{"@context":"https:\/\/schema.org","@graph":[{"@type":"WebPage","@id":"https:\/\/shezamme.com\/sklep\/buty\/adidas\/adidas-xlg-runner-deluxe-black\/","url":"https:\/\/shezamme.com\/sklep\/buty\/adidas\/adidas-xlg-runner-deluxe-black\/","name":"Adidas XLG Runner Deluxe Black - SHEZAMME","isPartOf":{"@id":"https:\/\/shezamme.com\/#website"},"primaryImageOfPage":{"@id":"https:\/\/shezamme.com\/sklep\/buty\/adidas\/adidas-xlg-runner-deluxe-black\/#primaryimage"},"image":{"@id":"https:\/\/shezamme.com\/sklep\/buty\/adidas\/adidas-xlg-runner-deluxe-black\/#primaryimage"},"thumbnailUrl":"https:\/\/shezamme.com\/wp-content\/uploads\/2025\/12\/Adidas-XLG-Runner-Deluxe-Black.webp","datePublished":"2025-12-19T12:43:04+00:00","dateModified":"2026-03-19T08:14:22+00:00","description":"Adidas XLG Runner Deluxe Black | Luksusowe i autentyczne przedmioty w jednym miejscu. B\u0105d\u017a na bie\u017c\u0105co i sprawd\u017a nasz\u0105 ofert\u0119 ju\u017c teraz","breadcrumb":{"@id":"https:\/\/shezamme.com\/sklep\/buty\/adidas\/adidas-xlg-runner-deluxe-black\/#breadcrumb"},"inLanguage":"en-US","potentialAction":[{"@type":"ReadAction","target":["https:\/\/shezamme.com\/sklep\/buty\/adidas\/adidas-xlg-runner-deluxe-black\/"]}]},{"@type":"ImageObject","inLanguage":"en-US","@id":"https:\/\/shezamme.com\/sklep\/buty\/adidas\/adidas-xlg-runner-deluxe-black\/#primaryimage","url":"https:\/\/shezamme.com\/wp-content\/uploads\/2025\/12\/Adidas-XLG-Runner-Deluxe-Black.webp","contentUrl":"https:\/\/shezamme.com\/wp-content\/uploads\/2025\/12\/Adidas-XLG-Runner-Deluxe-Black.webp","width":1080,"height":1080,"caption":"Adidas-XLG-Runner-Deluxe-Grey"},{"@type":"BreadcrumbList","@id":"https:\/\/shezamme.com\/sklep\/buty\/adidas\/adidas-xlg-runner-deluxe-black\/#breadcrumb","itemListElement":[{"@type":"ListItem","position":1,"name":"Strona g\u0142\u00f3wna","item":"https:\/\/shezamme.com\/"},{"@type":"ListItem","position":2,"name":"Sklep","item":"https:\/\/shezamme.com\/sklep\/"},{"@type":"ListItem","position":3,"name":"Adidas XLG Runner Deluxe Black"}]},{"@type":"WebSite","@id":"https:\/\/shezamme.com\/#website","url":"https:\/\/shezamme.com\/","name":"SHEZAMME - Sneakers, Streetwear and luxury brands","description":"Original and exclusive items in one place. Check out our products now and stay up to date with all launches.","publisher":{"@id":"https:\/\/shezamme.com\/#organization"},"potentialAction":[{"@type":"SearchAction","target":{"@type":"EntryPoint","urlTemplate":"https:\/\/shezamme.com\/?s={search_term_string}"},"query-input":{"@type":"PropertyValueSpecification","valueRequired":true,"valueName":"search_term_string"}}],"inLanguage":"en-US"},{"@type":"Organization","@id":"https:\/\/shezamme.com\/#organization","name":"SHEZAMME - Sneakers, Streetwear and luxury brands","url":"https:\/\/shezamme.com\/","logo":{"@type":"ImageObject","inLanguage":"en-US","@id":"https:\/\/shezamme.com\/#\/schema\/logo\/image\/","url":"https:\/\/shezamme.com\/wp-content\/uploads\/2023\/02\/0x0.png","contentUrl":"https:\/\/shezamme.com\/wp-content\/uploads\/2023\/02\/0x0.png","width":2000,"height":2000,"caption":"SHEZAMME - Sneakersy, Streetwear i luksusowe marki"},"image":{"@id":"https:\/\/shezamme.com\/#\/schema\/logo\/image\/"},"sameAs":["https:\/\/www.facebook.com\/SHEZAMME\/","https:\/\/x.com\/SHEZAMME","https:\/\/www.instagram.com\/shezamme\/","https:\/\/www.youtube.com\/channel\/UCsTJxi_9fODHdO_1bmJbqvQ","https:\/\/www.tiktok.com\/shezamme.com"]}]}},"brands":[{"id":748,"name":"Adidas","slug":"adidas"}],"_links":{"self":[{"href":"https:\/\/shezamme.com\/en\/wp-json\/wp\/v2\/product\/216229","targetHints":{"allow":["GET"]}}],"collection":[{"href":"https:\/\/shezamme.com\/en\/wp-json\/wp\/v2\/product"}],"about":[{"href":"https:\/\/shezamme.com\/en\/wp-json\/wp\/v2\/types\/product"}],"wp:featuredmedia":[{"embeddable":true,"href":"https:\/\/shezamme.com\/en\/wp-json\/wp\/v2\/media\/216239"}],"wp:attachment":[{"href":"https:\/\/shezamme.com\/en\/wp-json\/wp\/v2\/media?parent=216229"}],"wp:term":[{"taxonomy":"pwb-brand","embeddable":true,"href":"https:\/\/shezamme.com\/en\/wp-json\/wp\/v2\/pwb-brand?post=216229"},{"taxonomy":"product_brand","embeddable":true,"href":"https:\/\/shezamme.com\/en\/wp-json\/wp\/v2\/product_brand?post=216229"},{"taxonomy":"product_cat","embeddable":true,"href":"https:\/\/shezamme.com\/en\/wp-json\/wp\/v2\/product_cat?post=216229"},{"taxonomy":"product_tag","embeddable":true,"href":"https:\/\/shezamme.com\/en\/wp-json\/wp\/v2\/product_tag?post=216229"}],"curies":[{"name":"wp","href":"https:\/\/api.w.org\/{rel}","templated":true}]}}