{"id":216228,"date":"2025-12-19T13:42:07","date_gmt":"2025-12-19T12:42:07","guid":{"rendered":"https:\/\/shezamme.com\/?post_type=product&#038;p=216228"},"modified":"2026-03-19T09:17:24","modified_gmt":"2026-03-19T08:17:24","slug":"adidas-vento-xlg-deluxe-sail-grey","status":"publish","type":"product","link":"https:\/\/shezamme.com\/en\/sklep\/buty\/adidas\/adidas-vento-xlg-deluxe-sail-grey\/","title":{"rendered":"Adidas Vento XLG Deluxe Sail Grey"},"content":{"rendered":"<h2 data-start=\"193\" data-end=\"266\"><strong data-start=\"196\" data-end=\"264\">Adidas Vento XLG Deluxe Sail Grey \u2013 Elegancja i Komfort w Jednym<\/strong><\/h2>\n<p data-start=\"267\" data-end=\"682\"><strong data-start=\"267\" data-end=\"304\">Adidas Vento XLG Deluxe Sail Grey<\/strong> to model, kt\u00f3ry \u0142\u0105czy <strong data-start=\"327\" data-end=\"348\">nowoczesny design<\/strong> z <strong data-start=\"351\" data-end=\"361\">wygod\u0105<\/strong> i <strong data-start=\"364\" data-end=\"393\">wysok\u0105 jako\u015bci\u0105 wykonania<\/strong>. Kolorystyka <strong data-start=\"407\" data-end=\"420\">Sail Grey<\/strong> nadaje butom subtelny, ale elegancki wygl\u0105d, kt\u00f3ry \u0142atwo \u0142\u0105czy si\u0119 z r\u00f3\u017cnorodnymi stylizacjami. Te sneakersy to po\u0142\u0105czenie <strong data-start=\"544\" data-end=\"556\">komfortu<\/strong> i <strong data-start=\"559\" data-end=\"587\">nowoczesnego streetwearu<\/strong>, kt\u00f3re doskonale sprawdz\u0105 si\u0119 zar\u00f3wno na co dzie\u0144, jak i w bardziej <strong data-start=\"656\" data-end=\"681\">eleganckich zestawach<\/strong>.<\/p>\n<h2 data-start=\"684\" data-end=\"737\"><strong data-start=\"687\" data-end=\"735\">Nowoczesna Konstrukcja i Lekko\u015b\u0107 na Co Dzie\u0144<\/strong><\/h2>\n<p data-start=\"738\" data-end=\"1232\"><strong data-start=\"738\" data-end=\"775\">Adidas Vento XLG Deluxe Sail Grey<\/strong> wyr\u00f3\u017cniaj\u0105 si\u0119 <strong data-start=\"791\" data-end=\"804\">lekko\u015bci\u0105<\/strong> i <strong data-start=\"807\" data-end=\"834\">przyjazno\u015bci\u0105 dla stopy<\/strong>, co czyni je idealnym wyborem na <strong data-start=\"868\" data-end=\"893\">codzienne u\u017cytkowanie<\/strong>. Dzi\u0119ki zastosowaniu <strong data-start=\"915\" data-end=\"946\">wysokiej jako\u015bci materia\u0142\u00f3w<\/strong>, takich jak <strong data-start=\"959\" data-end=\"993\">syntetyczne panele i siateczka<\/strong>, buty zapewniaj\u0105 <strong data-start=\"1011\" data-end=\"1027\">oddychalno\u015b\u0107<\/strong> and <strong data-start=\"1033\" data-end=\"1059\">odpowiedni\u0105 wentylacj\u0119<\/strong>, co gwarantuje komfort przez ca\u0142y dzie\u0144. <strong data-start=\"1101\" data-end=\"1124\">Elastyczna podeszwa<\/strong> i <strong data-start=\"1127\" data-end=\"1147\">mi\u0119kka wy\u015bci\u00f3\u0142ka<\/strong> dodatkowo poprawiaj\u0105 <strong data-start=\"1169\" data-end=\"1179\">wygod\u0119<\/strong> noszenia, nawet podczas wielogodzinnego u\u017cytkowania.<\/p>\n<h2 data-start=\"1234\" data-end=\"1297\"><strong data-start=\"1237\" data-end=\"1295\">Technologia Boost \u2013 Amortyzacja na Najwy\u017cszym Poziomie<\/strong><\/h2>\n<p data-start=\"1298\" data-end=\"1726\">W modelu <strong data-start=\"1307\" data-end=\"1344\">Adidas Vento XLG Deluxe Sail Grey<\/strong> zastosowano <strong data-start=\"1357\" data-end=\"1378\">technologi\u0119 Boost<\/strong>, kt\u00f3ra zapewnia <strong data-start=\"1395\" data-end=\"1420\">doskona\u0142\u0105 amortyzacj\u0119<\/strong> and <strong data-start=\"1426\" data-end=\"1441\">spr\u0119\u017cysto\u015b\u0107<\/strong>. Dzi\u0119ki temu ka\u017cdy krok jest bardziej <strong data-start=\"1480\" data-end=\"1507\">dynamiczny i komfortowy<\/strong>. <strong data-start=\"1509\" data-end=\"1518\">Boost<\/strong> odpowiada za lepsze odbicie energii, co przek\u0142ada si\u0119 na <strong data-start=\"1576\" data-end=\"1587\">komfort<\/strong> i <strong data-start=\"1590\" data-end=\"1624\">lepsze odczucie przy chodzeniu<\/strong>. To technologia, kt\u00f3ra zapewnia wygod\u0119 przez <strong data-start=\"1670\" data-end=\"1684\">ca\u0142y dzie\u0144<\/strong>, niezale\u017cnie od intensywno\u015bci aktywno\u015bci.<\/p>\n<h2 data-start=\"1728\" data-end=\"1785\"><strong data-start=\"1731\" data-end=\"1783\">Wysokiej Jako\u015bci Materia\u0142y i Solidna Konstrukcja<\/strong><\/h2>\n<p data-start=\"1786\" data-end=\"2268\">Cholewka <strong data-start=\"1795\" data-end=\"1832\">Adidas Vento XLG Deluxe Sail Grey<\/strong> zosta\u0142a wykonana z <strong data-start=\"1852\" data-end=\"1884\">wysokogatunkowych materia\u0142\u00f3w<\/strong>, takich jak <strong data-start=\"1897\" data-end=\"1906\">zamsz<\/strong>, <strong data-start=\"1908\" data-end=\"1930\">syntetyczne panele<\/strong> i <strong data-start=\"1933\" data-end=\"1946\">siateczka<\/strong>, co zapewnia <strong data-start=\"1960\" data-end=\"1972\">trwa\u0142o\u015b\u0107<\/strong> and <strong data-start=\"1978\" data-end=\"1994\">oddychalno\u015b\u0107<\/strong>. Dopracowane <strong data-start=\"2008\" data-end=\"2018\">detale<\/strong> i precyzyjne wyko\u0144czenie podkre\u015blaj\u0105 <strong data-start=\"2056\" data-end=\"2081\">premium\u2019owy charakter<\/strong> but\u00f3w, a jednocze\u015bnie sprawiaj\u0105, \u017ce s\u0105 one odporne na <strong data-start=\"2136\" data-end=\"2161\">codzienne u\u017cytkowanie<\/strong>. <strong data-start=\"2163\" data-end=\"2190\">Adidas Vento XLG Deluxe<\/strong> to model, kt\u00f3ry \u0142\u0105czy <strong data-start=\"2213\" data-end=\"2240\">wysok\u0105 jako\u015b\u0107 wykonania<\/strong> z <strong data-start=\"2243\" data-end=\"2267\">estetycznym wygl\u0105dem<\/strong>.<\/p>","protected":false},"excerpt":{"rendered":"<h2 data-start=\"2270\" data-end=\"2340\"><strong data-start=\"2273\" data-end=\"2338\">Adidas Vento XLG Deluxe Sail Grey \u2013 Sneakersy Na Ka\u017cd\u0105 Okazj\u0119<\/strong><\/h2>\n<p data-start=\"2341\" data-end=\"2860\"><strong data-start=\"2341\" data-end=\"2378\">Adidas Vento XLG Deluxe Sail Grey<\/strong> to buty, kt\u00f3re \u015bwietnie komponuj\u0105 si\u0119 z <strong data-start=\"2419\" data-end=\"2448\">r\u00f3\u017cnorodnymi stylizacjami<\/strong>. Kolor <strong data-start=\"2456\" data-end=\"2469\">Sail Grey<\/strong> sprawia, \u017ce s\u0105 one <strong data-start=\"2489\" data-end=\"2504\">uniwersalne<\/strong> i \u0142atwe do zestawienia z <strong data-start=\"2530\" data-end=\"2541\">denimem<\/strong>, <strong data-start=\"2543\" data-end=\"2555\">szortami<\/strong>, czy <strong data-start=\"2561\" data-end=\"2584\">spodniami dresowymi<\/strong>. Dzi\u0119ki swojemu <strong data-start=\"2601\" data-end=\"2632\">minimalistycznemu designowi<\/strong>, buty te idealnie sprawdzaj\u0105 si\u0119 zar\u00f3wno w <strong data-start=\"2676\" data-end=\"2701\">codziennych zestawach<\/strong>, jak i w bardziej <strong data-start=\"2720\" data-end=\"2748\">eleganckich stylizacjach<\/strong>. To model, kt\u00f3ry oferuje <strong data-start=\"2774\" data-end=\"2785\">komfort<\/strong> i <strong data-start=\"2788\" data-end=\"2796\">styl<\/strong> w jednym, staj\u0105c si\u0119 niezast\u0105pionym elementem ka\u017cdej garderoby.<\/p>","protected":false},"featured_media":216240,"template":"","meta":{"_acf_changed":false},"pwb-brand":[748],"product_brand":[],"product_cat":[16,76],"product_tag":[1008,1009],"class_list":{"0":"post-216228","1":"product","2":"type-product","3":"status-publish","4":"has-post-thumbnail","6":"pwb-brand-adidas","7":"product_cat-buty","8":"product_cat-adidas","9":"product_tag-kobieta","10":"product_tag-mezczyzna","12":"first","13":"onbackorder","14":"taxable","15":"shipping-taxable","16":"purchasable","17":"product-type-variable"},"acf":[],"yoast_head":"<!-- This site is optimized with the Yoast SEO plugin v27.2 - https:\/\/yoast.com\/product\/yoast-seo-wordpress\/ -->\n<title>Adidas Vento XLG Deluxe Sail Grey - SHEZAMME<\/title>\n<meta name=\"description\" content=\"Adidas Vento XLG Deluxe Sail Grey | Luksusowe i autentyczne przedmioty w jednym miejscu. B\u0105d\u017a na bie\u017c\u0105co i sprawd\u017a nasz\u0105 ofert\u0119 ju\u017c teraz\" \/>\n<meta name=\"robots\" content=\"index, follow, max-snippet:-1, max-image-preview:large, max-video-preview:-1\" \/>\n<link rel=\"canonical\" href=\"https:\/\/shezamme.com\/en\/sklep\/sneakers-2\/adidas\/adidas-vento-xlg-deluxe-sail-grey\/\" \/>\n<meta property=\"og:locale\" content=\"en_US\" \/>\n<meta property=\"og:type\" content=\"article\" \/>\n<meta property=\"og:title\" content=\"Adidas Vento XLG Deluxe Sail Grey - SHEZAMME\" \/>\n<meta property=\"og:description\" content=\"Adidas Vento XLG Deluxe Sail Grey | Luksusowe i autentyczne przedmioty w jednym miejscu. B\u0105d\u017a na bie\u017c\u0105co i sprawd\u017a nasz\u0105 ofert\u0119 ju\u017c teraz\" \/>\n<meta property=\"og:url\" content=\"https:\/\/shezamme.com\/en\/sklep\/sneakers-2\/adidas\/adidas-vento-xlg-deluxe-sail-grey\/\" \/>\n<meta property=\"og:site_name\" content=\"SHEZAMME - Yeezy, Jordan, Supreme i inne oryginalne rzeczy\" \/>\n<meta property=\"article:publisher\" content=\"https:\/\/www.facebook.com\/SHEZAMME\/\" \/>\n<meta property=\"article:modified_time\" content=\"2026-03-19T08:17:24+00:00\" \/>\n<meta property=\"og:image\" content=\"https:\/\/shezamme.com\/wp-content\/uploads\/2025\/12\/Adidas-Vento-XLG-Deluxe-Sail-Grey.webp\" \/>\n\t<meta property=\"og:image:width\" content=\"1080\" \/>\n\t<meta property=\"og:image:height\" content=\"1080\" \/>\n\t<meta property=\"og:image:type\" content=\"image\/webp\" \/>\n<meta name=\"twitter:card\" content=\"summary_large_image\" \/>\n<meta name=\"twitter:site\" content=\"@SHEZAMME\" \/>\n<meta name=\"twitter:label1\" content=\"Est. reading time\" \/>\n\t<meta name=\"twitter:data1\" content=\"1 minute\" \/>\n<script type=\"application\/ld+json\" class=\"yoast-schema-graph\">{\"@context\":\"https:\/\/schema.org\",\"@graph\":[{\"@type\":\"WebPage\",\"@id\":\"https:\/\/shezamme.com\/sklep\/buty\/adidas\/adidas-vento-xlg-deluxe-sail-grey\/\",\"url\":\"https:\/\/shezamme.com\/sklep\/buty\/adidas\/adidas-vento-xlg-deluxe-sail-grey\/\",\"name\":\"Adidas Vento XLG Deluxe Sail Grey - SHEZAMME\",\"isPartOf\":{\"@id\":\"https:\/\/shezamme.com\/#website\"},\"primaryImageOfPage\":{\"@id\":\"https:\/\/shezamme.com\/sklep\/buty\/adidas\/adidas-vento-xlg-deluxe-sail-grey\/#primaryimage\"},\"image\":{\"@id\":\"https:\/\/shezamme.com\/sklep\/buty\/adidas\/adidas-vento-xlg-deluxe-sail-grey\/#primaryimage\"},\"thumbnailUrl\":\"https:\/\/shezamme.com\/wp-content\/uploads\/2025\/12\/Adidas-Vento-XLG-Deluxe-Sail-Grey.webp\",\"datePublished\":\"2025-12-19T12:42:07+00:00\",\"dateModified\":\"2026-03-19T08:17:24+00:00\",\"description\":\"Adidas Vento XLG Deluxe Sail Grey | Luksusowe i autentyczne przedmioty w jednym miejscu. B\u0105d\u017a na bie\u017c\u0105co i sprawd\u017a nasz\u0105 ofert\u0119 ju\u017c teraz\",\"breadcrumb\":{\"@id\":\"https:\/\/shezamme.com\/sklep\/buty\/adidas\/adidas-vento-xlg-deluxe-sail-grey\/#breadcrumb\"},\"inLanguage\":\"en-US\",\"potentialAction\":[{\"@type\":\"ReadAction\",\"target\":[\"https:\/\/shezamme.com\/sklep\/buty\/adidas\/adidas-vento-xlg-deluxe-sail-grey\/\"]}]},{\"@type\":\"ImageObject\",\"inLanguage\":\"en-US\",\"@id\":\"https:\/\/shezamme.com\/sklep\/buty\/adidas\/adidas-vento-xlg-deluxe-sail-grey\/#primaryimage\",\"url\":\"https:\/\/shezamme.com\/wp-content\/uploads\/2025\/12\/Adidas-Vento-XLG-Deluxe-Sail-Grey.webp\",\"contentUrl\":\"https:\/\/shezamme.com\/wp-content\/uploads\/2025\/12\/Adidas-Vento-XLG-Deluxe-Sail-Grey.webp\",\"width\":1080,\"height\":1080,\"caption\":\"Adidas-XLG-Runner-Deluxe-Grey\"},{\"@type\":\"BreadcrumbList\",\"@id\":\"https:\/\/shezamme.com\/sklep\/buty\/adidas\/adidas-vento-xlg-deluxe-sail-grey\/#breadcrumb\",\"itemListElement\":[{\"@type\":\"ListItem\",\"position\":1,\"name\":\"Strona g\u0142\u00f3wna\",\"item\":\"https:\/\/shezamme.com\/\"},{\"@type\":\"ListItem\",\"position\":2,\"name\":\"Sklep\",\"item\":\"https:\/\/shezamme.com\/sklep\/\"},{\"@type\":\"ListItem\",\"position\":3,\"name\":\"Adidas Vento XLG Deluxe Sail Grey\"}]},{\"@type\":\"WebSite\",\"@id\":\"https:\/\/shezamme.com\/#website\",\"url\":\"https:\/\/shezamme.com\/\",\"name\":\"SHEZAMME - Sneakersy, Streetwear i luksusowe marki\",\"description\":\"Oryginalne i ekskluzywne przedmioty w jednym miejscu. Sprawd\u017a nasze produkty ju\u017c teraz i b\u0105d\u017a na bie\u017c\u0105co z wszystkimi premierami.\",\"publisher\":{\"@id\":\"https:\/\/shezamme.com\/#organization\"},\"potentialAction\":[{\"@type\":\"SearchAction\",\"target\":{\"@type\":\"EntryPoint\",\"urlTemplate\":\"https:\/\/shezamme.com\/?s={search_term_string}\"},\"query-input\":{\"@type\":\"PropertyValueSpecification\",\"valueRequired\":true,\"valueName\":\"search_term_string\"}}],\"inLanguage\":\"en-US\"},{\"@type\":\"Organization\",\"@id\":\"https:\/\/shezamme.com\/#organization\",\"name\":\"SHEZAMME - Sneakersy, Streetwear i luksusowe marki\",\"url\":\"https:\/\/shezamme.com\/\",\"logo\":{\"@type\":\"ImageObject\",\"inLanguage\":\"en-US\",\"@id\":\"https:\/\/shezamme.com\/#\/schema\/logo\/image\/\",\"url\":\"https:\/\/shezamme.com\/wp-content\/uploads\/2023\/02\/0x0.png\",\"contentUrl\":\"https:\/\/shezamme.com\/wp-content\/uploads\/2023\/02\/0x0.png\",\"width\":2000,\"height\":2000,\"caption\":\"SHEZAMME - Sneakersy, Streetwear i luksusowe marki\"},\"image\":{\"@id\":\"https:\/\/shezamme.com\/#\/schema\/logo\/image\/\"},\"sameAs\":[\"https:\/\/www.facebook.com\/SHEZAMME\/\",\"https:\/\/x.com\/SHEZAMME\",\"https:\/\/www.instagram.com\/shezamme\/\",\"https:\/\/www.youtube.com\/channel\/UCsTJxi_9fODHdO_1bmJbqvQ\",\"https:\/\/www.tiktok.com\/shezamme.com\"]}]}<\/script>\n<!-- \/ Yoast SEO plugin. -->","yoast_head_json":{"title":"Adidas Vento XLG Deluxe Sail Grey - SHEZAMME","description":"Adidas Vento XLG Deluxe Sail Grey | Luksusowe i autentyczne przedmioty w jednym miejscu. B\u0105d\u017a na bie\u017c\u0105co i sprawd\u017a nasz\u0105 ofert\u0119 ju\u017c teraz","robots":{"index":"index","follow":"follow","max-snippet":"max-snippet:-1","max-image-preview":"max-image-preview:large","max-video-preview":"max-video-preview:-1"},"canonical":"https:\/\/shezamme.com\/en\/sklep\/sneakers-2\/adidas\/adidas-vento-xlg-deluxe-sail-grey\/","og_locale":"en_US","og_type":"article","og_title":"Adidas Vento XLG Deluxe Sail Grey - SHEZAMME","og_description":"Adidas Vento XLG Deluxe Sail Grey | Luksusowe i autentyczne przedmioty w jednym miejscu. B\u0105d\u017a na bie\u017c\u0105co i sprawd\u017a nasz\u0105 ofert\u0119 ju\u017c teraz","og_url":"https:\/\/shezamme.com\/en\/sklep\/sneakers-2\/adidas\/adidas-vento-xlg-deluxe-sail-grey\/","og_site_name":"SHEZAMME - Yeezy, Jordan, Supreme i inne oryginalne rzeczy","article_publisher":"https:\/\/www.facebook.com\/SHEZAMME\/","article_modified_time":"2026-03-19T08:17:24+00:00","og_image":[{"width":1080,"height":1080,"url":"https:\/\/shezamme.com\/wp-content\/uploads\/2025\/12\/Adidas-Vento-XLG-Deluxe-Sail-Grey.webp","type":"image\/webp"}],"twitter_card":"summary_large_image","twitter_site":"@SHEZAMME","twitter_misc":{"Est. reading time":"1 minute"},"schema":{"@context":"https:\/\/schema.org","@graph":[{"@type":"WebPage","@id":"https:\/\/shezamme.com\/sklep\/buty\/adidas\/adidas-vento-xlg-deluxe-sail-grey\/","url":"https:\/\/shezamme.com\/sklep\/buty\/adidas\/adidas-vento-xlg-deluxe-sail-grey\/","name":"Adidas Vento XLG Deluxe Sail Grey - SHEZAMME","isPartOf":{"@id":"https:\/\/shezamme.com\/#website"},"primaryImageOfPage":{"@id":"https:\/\/shezamme.com\/sklep\/buty\/adidas\/adidas-vento-xlg-deluxe-sail-grey\/#primaryimage"},"image":{"@id":"https:\/\/shezamme.com\/sklep\/buty\/adidas\/adidas-vento-xlg-deluxe-sail-grey\/#primaryimage"},"thumbnailUrl":"https:\/\/shezamme.com\/wp-content\/uploads\/2025\/12\/Adidas-Vento-XLG-Deluxe-Sail-Grey.webp","datePublished":"2025-12-19T12:42:07+00:00","dateModified":"2026-03-19T08:17:24+00:00","description":"Adidas Vento XLG Deluxe Sail Grey | Luksusowe i autentyczne przedmioty w jednym miejscu. B\u0105d\u017a na bie\u017c\u0105co i sprawd\u017a nasz\u0105 ofert\u0119 ju\u017c teraz","breadcrumb":{"@id":"https:\/\/shezamme.com\/sklep\/buty\/adidas\/adidas-vento-xlg-deluxe-sail-grey\/#breadcrumb"},"inLanguage":"en-US","potentialAction":[{"@type":"ReadAction","target":["https:\/\/shezamme.com\/sklep\/buty\/adidas\/adidas-vento-xlg-deluxe-sail-grey\/"]}]},{"@type":"ImageObject","inLanguage":"en-US","@id":"https:\/\/shezamme.com\/sklep\/buty\/adidas\/adidas-vento-xlg-deluxe-sail-grey\/#primaryimage","url":"https:\/\/shezamme.com\/wp-content\/uploads\/2025\/12\/Adidas-Vento-XLG-Deluxe-Sail-Grey.webp","contentUrl":"https:\/\/shezamme.com\/wp-content\/uploads\/2025\/12\/Adidas-Vento-XLG-Deluxe-Sail-Grey.webp","width":1080,"height":1080,"caption":"Adidas-XLG-Runner-Deluxe-Grey"},{"@type":"BreadcrumbList","@id":"https:\/\/shezamme.com\/sklep\/buty\/adidas\/adidas-vento-xlg-deluxe-sail-grey\/#breadcrumb","itemListElement":[{"@type":"ListItem","position":1,"name":"Strona g\u0142\u00f3wna","item":"https:\/\/shezamme.com\/"},{"@type":"ListItem","position":2,"name":"Sklep","item":"https:\/\/shezamme.com\/sklep\/"},{"@type":"ListItem","position":3,"name":"Adidas Vento XLG Deluxe Sail Grey"}]},{"@type":"WebSite","@id":"https:\/\/shezamme.com\/#website","url":"https:\/\/shezamme.com\/","name":"SHEZAMME - Sneakers, Streetwear and luxury brands","description":"Original and exclusive items in one place. Check out our products now and stay up to date with all launches.","publisher":{"@id":"https:\/\/shezamme.com\/#organization"},"potentialAction":[{"@type":"SearchAction","target":{"@type":"EntryPoint","urlTemplate":"https:\/\/shezamme.com\/?s={search_term_string}"},"query-input":{"@type":"PropertyValueSpecification","valueRequired":true,"valueName":"search_term_string"}}],"inLanguage":"en-US"},{"@type":"Organization","@id":"https:\/\/shezamme.com\/#organization","name":"SHEZAMME - Sneakers, Streetwear and luxury brands","url":"https:\/\/shezamme.com\/","logo":{"@type":"ImageObject","inLanguage":"en-US","@id":"https:\/\/shezamme.com\/#\/schema\/logo\/image\/","url":"https:\/\/shezamme.com\/wp-content\/uploads\/2023\/02\/0x0.png","contentUrl":"https:\/\/shezamme.com\/wp-content\/uploads\/2023\/02\/0x0.png","width":2000,"height":2000,"caption":"SHEZAMME - Sneakersy, Streetwear i luksusowe marki"},"image":{"@id":"https:\/\/shezamme.com\/#\/schema\/logo\/image\/"},"sameAs":["https:\/\/www.facebook.com\/SHEZAMME\/","https:\/\/x.com\/SHEZAMME","https:\/\/www.instagram.com\/shezamme\/","https:\/\/www.youtube.com\/channel\/UCsTJxi_9fODHdO_1bmJbqvQ","https:\/\/www.tiktok.com\/shezamme.com"]}]}},"brands":[{"id":748,"name":"Adidas","slug":"adidas"}],"_links":{"self":[{"href":"https:\/\/shezamme.com\/en\/wp-json\/wp\/v2\/product\/216228","targetHints":{"allow":["GET"]}}],"collection":[{"href":"https:\/\/shezamme.com\/en\/wp-json\/wp\/v2\/product"}],"about":[{"href":"https:\/\/shezamme.com\/en\/wp-json\/wp\/v2\/types\/product"}],"wp:featuredmedia":[{"embeddable":true,"href":"https:\/\/shezamme.com\/en\/wp-json\/wp\/v2\/media\/216240"}],"wp:attachment":[{"href":"https:\/\/shezamme.com\/en\/wp-json\/wp\/v2\/media?parent=216228"}],"wp:term":[{"taxonomy":"pwb-brand","embeddable":true,"href":"https:\/\/shezamme.com\/en\/wp-json\/wp\/v2\/pwb-brand?post=216228"},{"taxonomy":"product_brand","embeddable":true,"href":"https:\/\/shezamme.com\/en\/wp-json\/wp\/v2\/product_brand?post=216228"},{"taxonomy":"product_cat","embeddable":true,"href":"https:\/\/shezamme.com\/en\/wp-json\/wp\/v2\/product_cat?post=216228"},{"taxonomy":"product_tag","embeddable":true,"href":"https:\/\/shezamme.com\/en\/wp-json\/wp\/v2\/product_tag?post=216228"}],"curies":[{"name":"wp","href":"https:\/\/api.w.org\/{rel}","templated":true}]}}