{"id":216227,"date":"2025-12-19T13:41:07","date_gmt":"2025-12-19T12:41:07","guid":{"rendered":"https:\/\/shezamme.com\/?post_type=product&#038;p=216227"},"modified":"2026-03-19T09:18:12","modified_gmt":"2026-03-19T08:18:12","slug":"adidas-xlg-runner-deluxe-gray","status":"publish","type":"product","link":"https:\/\/shezamme.com\/en\/sklep\/buty\/adidas\/adidas-xlg-runner-deluxe-gray\/","title":{"rendered":"Adidas XLG Runner Deluxe Gray"},"content":{"rendered":"<h2 data-start=\"247\" data-end=\"315\"><strong data-start=\"250\" data-end=\"313\">Adidas XLG Runner Deluxe Gray \u2013 Po\u0142\u0105czenie Stylu i Komfortu<\/strong><\/h2>\n<p data-start=\"316\" data-end=\"733\"><strong data-start=\"316\" data-end=\"349\">Adidas XLG Runner Deluxe Gray<\/strong> to sneakersy, kt\u00f3re \u0142\u0105cz\u0105 <strong data-start=\"376\" data-end=\"397\">nowoczesny design<\/strong> z <strong data-start=\"400\" data-end=\"424\">ponadczasowym stylem<\/strong>. Kolor <strong data-start=\"432\" data-end=\"440\">Gray<\/strong> nadaje butom <strong data-start=\"454\" data-end=\"488\">subtelny, ale wyrazisty wygl\u0105d<\/strong>, kt\u00f3ry \u015bwietnie komponuje si\u0119 z r\u00f3\u017cnorodnymi stylizacjami. To model, kt\u00f3ry doskonale sprawdzi si\u0119 zar\u00f3wno w <strong data-start=\"597\" data-end=\"622\">codziennych zestawach<\/strong>, jak i bardziej <strong data-start=\"639\" data-end=\"666\">sportowych stylizacjach<\/strong>, zapewniaj\u0105c jednocze\u015bnie <strong data-start=\"693\" data-end=\"711\">wysoki komfort<\/strong> i <strong data-start=\"714\" data-end=\"732\">funkcjonalno\u015b\u0107<\/strong>.<\/p>\n<h2 data-start=\"735\" data-end=\"783\"><strong data-start=\"738\" data-end=\"781\">Lekka Konstrukcja i Komfort na Co Dzie\u0144<\/strong><\/h2>\n<p data-start=\"784\" data-end=\"1256\"><strong data-start=\"784\" data-end=\"817\">Adidas XLG Runner Deluxe Gray<\/strong> to buty zaprojektowane z my\u015bl\u0105 o <strong data-start=\"851\" data-end=\"889\">wygodzie noszenia przez ca\u0142y dzie\u0144<\/strong>. Dzi\u0119ki <strong data-start=\"898\" data-end=\"910\">lekko\u015bci<\/strong> konstrukcji oraz zastosowaniu <strong data-start=\"941\" data-end=\"965\">elastycznej podeszwy<\/strong>, buty zapewniaj\u0105 <strong data-start=\"983\" data-end=\"1005\">wysok\u0105 amortyzacj\u0119<\/strong> przy ka\u017cdym kroku. Wygodne <strong data-start=\"1033\" data-end=\"1057\">dopasowanie do stopy<\/strong> sprawia, \u017ce sneakersy te s\u0105 doskona\u0142e zar\u00f3wno na co dzie\u0144, jak i na bardziej aktywne dni. <strong data-start=\"1148\" data-end=\"1168\">Mi\u0119kka wy\u015bci\u00f3\u0142ka<\/strong> i solidna konstrukcja gwarantuj\u0105 <strong data-start=\"1202\" data-end=\"1213\">komfort<\/strong>, niezale\u017cnie od intensywno\u015bci u\u017cytkowania.<\/p>\n<h2 data-start=\"1258\" data-end=\"1322\"><strong data-start=\"1261\" data-end=\"1320\">Technologia Boost \u2013 Doskona\u0142a Amortyzacja i Spr\u0119\u017cysto\u015b\u0107<\/strong><\/h2>\n<p data-start=\"1323\" data-end=\"1758\">W modelu <strong data-start=\"1332\" data-end=\"1365\">Adidas XLG Runner Deluxe Gray<\/strong> zastosowano <strong data-start=\"1378\" data-end=\"1399\">technologi\u0119 Boost<\/strong>, kt\u00f3ra zapewnia <strong data-start=\"1416\" data-end=\"1441\">doskona\u0142\u0105 amortyzacj\u0119<\/strong> i <strong data-start=\"1444\" data-end=\"1459\">spr\u0119\u017cysto\u015b\u0107<\/strong>. Dzi\u0119ki tej innowacyjnej technologii, ka\u017cdy krok staje si\u0119 bardziej <strong data-start=\"1528\" data-end=\"1552\">dynamiczny i wygodny<\/strong>, co czyni te buty idealnym wyborem na d\u0142ugie spacery czy intensywne dni. <strong data-start=\"1626\" data-end=\"1635\">Boost<\/strong> to technologia, kt\u00f3ra wspiera <strong data-start=\"1666\" data-end=\"1692\">energia w ka\u017cdym kroku<\/strong>, zapewniaj\u0105c <strong data-start=\"1706\" data-end=\"1726\">lepsz\u0105 wydajno\u015b\u0107<\/strong> i <strong data-start=\"1729\" data-end=\"1740\">komfort<\/strong> przez ca\u0142y dzie\u0144.<\/p>\n<h2 data-start=\"1760\" data-end=\"1806\"><strong data-start=\"1763\" data-end=\"1804\">Wysokiej Jako\u015bci Materia\u0142y i Trwa\u0142o\u015b\u0107<\/strong><\/h2>\n<p data-start=\"1807\" data-end=\"2332\">Cholewka <strong data-start=\"1816\" data-end=\"1849\">Adidas XLG Runner Deluxe Gray<\/strong> zosta\u0142a wykonana z <strong data-start=\"1869\" data-end=\"1901\">wysokogatunkowych materia\u0142\u00f3w<\/strong>, takich jak <strong data-start=\"1914\" data-end=\"1943\">zamsz, syntetyczne panele<\/strong> i <strong data-start=\"1946\" data-end=\"1959\">siateczka<\/strong>, co zapewnia <strong data-start=\"1973\" data-end=\"1989\">oddychalno\u015b\u0107<\/strong> and <strong data-start=\"1995\" data-end=\"2007\">trwa\u0142o\u015b\u0107<\/strong>. Dzi\u0119ki tym materia\u0142om buty s\u0105 <strong data-start=\"2039\" data-end=\"2049\">lekkie<\/strong>, ale <strong data-start=\"2055\" data-end=\"2066\">solidne<\/strong>, a dodatkowe <strong data-start=\"2080\" data-end=\"2095\">wzmocnienia<\/strong> w strategicznych miejscach zwi\u0119kszaj\u0105 <strong data-start=\"2134\" data-end=\"2158\">odporno\u015b\u0107 na zu\u017cycie<\/strong>. <strong data-start=\"2160\" data-end=\"2181\">Precyzyjne detale<\/strong> and <strong data-start=\"2187\" data-end=\"2208\">solidne wykonanie<\/strong> sprawiaj\u0105, \u017ce sneakersy s\u0105 <strong data-start=\"2236\" data-end=\"2257\">nie tylko stylowe<\/strong>, ale tak\u017ce bardzo <strong data-start=\"2276\" data-end=\"2292\">funkcjonalne<\/strong> i <strong data-start=\"2295\" data-end=\"2331\">odporne na codzienne u\u017cytkowanie<\/strong>.<\/p>","protected":false},"excerpt":{"rendered":"<h2 data-start=\"2334\" data-end=\"2400\"><strong data-start=\"2337\" data-end=\"2398\">Adidas XLG Runner Deluxe Gray \u2013 Sneakersy na Ka\u017cd\u0105 Okazj\u0119<\/strong><\/h2>\n<p data-start=\"2401\" data-end=\"2909\"><strong data-start=\"2401\" data-end=\"2434\">Adidas XLG Runner Deluxe Gray<\/strong> to sneakersy, kt\u00f3re <strong data-start=\"2455\" data-end=\"2509\">\u015bwietnie komponuj\u0105 si\u0119 z r\u00f3\u017cnorodnymi stylizacjami<\/strong>. Kolor <strong data-start=\"2517\" data-end=\"2525\">Gray<\/strong> sprawia, \u017ce buty pasuj\u0105 zar\u00f3wno do <strong data-start=\"2561\" data-end=\"2589\">denimu, spodni dresowych<\/strong>, jak i bardziej <strong data-start=\"2606\" data-end=\"2630\">eleganckich zestaw\u00f3w<\/strong>. To obuwie, kt\u00f3re doskonale sprawdza si\u0119 w codziennym u\u017cytkowaniu, nadaj\u0105c stylizacji <strong data-start=\"2717\" data-end=\"2752\">nowoczesny, ale subtelny wygl\u0105d<\/strong>. <strong data-start=\"2754\" data-end=\"2787\">Adidas XLG Runner Deluxe Gray<\/strong> to model, kt\u00f3ry \u0142\u0105czy <strong data-start=\"2810\" data-end=\"2821\">komfort<\/strong>, <strong data-start=\"2823\" data-end=\"2833\">wygod\u0119<\/strong> i <strong data-start=\"2836\" data-end=\"2852\">modny design<\/strong>, staj\u0105c si\u0119 must-have w szafie ka\u017cdego fana streetwearu.<\/p>","protected":false},"featured_media":216241,"template":"","meta":{"_acf_changed":false},"pwb-brand":[748],"product_brand":[],"product_cat":[16,76],"product_tag":[1008,1009],"class_list":{"0":"post-216227","1":"product","2":"type-product","3":"status-publish","4":"has-post-thumbnail","6":"pwb-brand-adidas","7":"product_cat-buty","8":"product_cat-adidas","9":"product_tag-kobieta","10":"product_tag-mezczyzna","12":"first","13":"onbackorder","14":"taxable","15":"shipping-taxable","16":"purchasable","17":"product-type-variable"},"acf":[],"yoast_head":"<!-- This site is optimized with the Yoast SEO plugin v27.2 - https:\/\/yoast.com\/product\/yoast-seo-wordpress\/ -->\n<title>Adidas XLG Runner Deluxe Gray - SHEZAMME<\/title>\n<meta name=\"description\" content=\"Adidas XLG Runner Deluxe Gray | Luksusowe i autentyczne przedmioty w jednym miejscu. B\u0105d\u017a na bie\u017c\u0105co i sprawd\u017a nasz\u0105 ofert\u0119 ju\u017c teraz\" \/>\n<meta name=\"robots\" content=\"index, follow, max-snippet:-1, max-image-preview:large, max-video-preview:-1\" \/>\n<link rel=\"canonical\" href=\"https:\/\/shezamme.com\/en\/sklep\/sneakers-2\/adidas\/adidas-xlg-runner-deluxe-gray\/\" \/>\n<meta property=\"og:locale\" content=\"en_US\" \/>\n<meta property=\"og:type\" content=\"article\" \/>\n<meta property=\"og:title\" content=\"Adidas XLG Runner Deluxe Gray - SHEZAMME\" \/>\n<meta property=\"og:description\" content=\"Adidas XLG Runner Deluxe Gray | Luksusowe i autentyczne przedmioty w jednym miejscu. B\u0105d\u017a na bie\u017c\u0105co i sprawd\u017a nasz\u0105 ofert\u0119 ju\u017c teraz\" \/>\n<meta property=\"og:url\" content=\"https:\/\/shezamme.com\/en\/sklep\/sneakers-2\/adidas\/adidas-xlg-runner-deluxe-gray\/\" \/>\n<meta property=\"og:site_name\" content=\"SHEZAMME - Yeezy, Jordan, Supreme i inne oryginalne rzeczy\" \/>\n<meta property=\"article:publisher\" content=\"https:\/\/www.facebook.com\/SHEZAMME\/\" \/>\n<meta property=\"article:modified_time\" content=\"2026-03-19T08:18:12+00:00\" \/>\n<meta property=\"og:image\" content=\"https:\/\/shezamme.com\/wp-content\/uploads\/2025\/12\/Adidas-XLG-Runner-Deluxe-Gray.webp\" \/>\n\t<meta property=\"og:image:width\" content=\"1080\" \/>\n\t<meta property=\"og:image:height\" content=\"1080\" \/>\n\t<meta property=\"og:image:type\" content=\"image\/webp\" \/>\n<meta name=\"twitter:card\" content=\"summary_large_image\" \/>\n<meta name=\"twitter:site\" content=\"@SHEZAMME\" \/>\n<meta name=\"twitter:label1\" content=\"Est. reading time\" \/>\n\t<meta name=\"twitter:data1\" content=\"2 minutes\" \/>\n<script type=\"application\/ld+json\" class=\"yoast-schema-graph\">{\"@context\":\"https:\/\/schema.org\",\"@graph\":[{\"@type\":\"WebPage\",\"@id\":\"https:\/\/shezamme.com\/sklep\/buty\/adidas\/adidas-xlg-runner-deluxe-gray\/\",\"url\":\"https:\/\/shezamme.com\/sklep\/buty\/adidas\/adidas-xlg-runner-deluxe-gray\/\",\"name\":\"Adidas XLG Runner Deluxe Gray - SHEZAMME\",\"isPartOf\":{\"@id\":\"https:\/\/shezamme.com\/#website\"},\"primaryImageOfPage\":{\"@id\":\"https:\/\/shezamme.com\/sklep\/buty\/adidas\/adidas-xlg-runner-deluxe-gray\/#primaryimage\"},\"image\":{\"@id\":\"https:\/\/shezamme.com\/sklep\/buty\/adidas\/adidas-xlg-runner-deluxe-gray\/#primaryimage\"},\"thumbnailUrl\":\"https:\/\/shezamme.com\/wp-content\/uploads\/2025\/12\/Adidas-XLG-Runner-Deluxe-Gray.webp\",\"datePublished\":\"2025-12-19T12:41:07+00:00\",\"dateModified\":\"2026-03-19T08:18:12+00:00\",\"description\":\"Adidas XLG Runner Deluxe Gray | Luksusowe i autentyczne przedmioty w jednym miejscu. B\u0105d\u017a na bie\u017c\u0105co i sprawd\u017a nasz\u0105 ofert\u0119 ju\u017c teraz\",\"breadcrumb\":{\"@id\":\"https:\/\/shezamme.com\/sklep\/buty\/adidas\/adidas-xlg-runner-deluxe-gray\/#breadcrumb\"},\"inLanguage\":\"en-US\",\"potentialAction\":[{\"@type\":\"ReadAction\",\"target\":[\"https:\/\/shezamme.com\/sklep\/buty\/adidas\/adidas-xlg-runner-deluxe-gray\/\"]}]},{\"@type\":\"ImageObject\",\"inLanguage\":\"en-US\",\"@id\":\"https:\/\/shezamme.com\/sklep\/buty\/adidas\/adidas-xlg-runner-deluxe-gray\/#primaryimage\",\"url\":\"https:\/\/shezamme.com\/wp-content\/uploads\/2025\/12\/Adidas-XLG-Runner-Deluxe-Gray.webp\",\"contentUrl\":\"https:\/\/shezamme.com\/wp-content\/uploads\/2025\/12\/Adidas-XLG-Runner-Deluxe-Gray.webp\",\"width\":1080,\"height\":1080,\"caption\":\"Adidas-XLG-Runner-Deluxe-Gray\"},{\"@type\":\"BreadcrumbList\",\"@id\":\"https:\/\/shezamme.com\/sklep\/buty\/adidas\/adidas-xlg-runner-deluxe-gray\/#breadcrumb\",\"itemListElement\":[{\"@type\":\"ListItem\",\"position\":1,\"name\":\"Strona g\u0142\u00f3wna\",\"item\":\"https:\/\/shezamme.com\/\"},{\"@type\":\"ListItem\",\"position\":2,\"name\":\"Sklep\",\"item\":\"https:\/\/shezamme.com\/sklep\/\"},{\"@type\":\"ListItem\",\"position\":3,\"name\":\"Adidas XLG Runner Deluxe Gray\"}]},{\"@type\":\"WebSite\",\"@id\":\"https:\/\/shezamme.com\/#website\",\"url\":\"https:\/\/shezamme.com\/\",\"name\":\"SHEZAMME - Sneakersy, Streetwear i luksusowe marki\",\"description\":\"Oryginalne i ekskluzywne przedmioty w jednym miejscu. Sprawd\u017a nasze produkty ju\u017c teraz i b\u0105d\u017a na bie\u017c\u0105co z wszystkimi premierami.\",\"publisher\":{\"@id\":\"https:\/\/shezamme.com\/#organization\"},\"potentialAction\":[{\"@type\":\"SearchAction\",\"target\":{\"@type\":\"EntryPoint\",\"urlTemplate\":\"https:\/\/shezamme.com\/?s={search_term_string}\"},\"query-input\":{\"@type\":\"PropertyValueSpecification\",\"valueRequired\":true,\"valueName\":\"search_term_string\"}}],\"inLanguage\":\"en-US\"},{\"@type\":\"Organization\",\"@id\":\"https:\/\/shezamme.com\/#organization\",\"name\":\"SHEZAMME - Sneakersy, Streetwear i luksusowe marki\",\"url\":\"https:\/\/shezamme.com\/\",\"logo\":{\"@type\":\"ImageObject\",\"inLanguage\":\"en-US\",\"@id\":\"https:\/\/shezamme.com\/#\/schema\/logo\/image\/\",\"url\":\"https:\/\/shezamme.com\/wp-content\/uploads\/2023\/02\/0x0.png\",\"contentUrl\":\"https:\/\/shezamme.com\/wp-content\/uploads\/2023\/02\/0x0.png\",\"width\":2000,\"height\":2000,\"caption\":\"SHEZAMME - Sneakersy, Streetwear i luksusowe marki\"},\"image\":{\"@id\":\"https:\/\/shezamme.com\/#\/schema\/logo\/image\/\"},\"sameAs\":[\"https:\/\/www.facebook.com\/SHEZAMME\/\",\"https:\/\/x.com\/SHEZAMME\",\"https:\/\/www.instagram.com\/shezamme\/\",\"https:\/\/www.youtube.com\/channel\/UCsTJxi_9fODHdO_1bmJbqvQ\",\"https:\/\/www.tiktok.com\/shezamme.com\"]}]}<\/script>\n<!-- \/ Yoast SEO plugin. -->","yoast_head_json":{"title":"Adidas XLG Runner Deluxe Gray - SHEZAMME","description":"Adidas XLG Runner Deluxe Gray | Luksusowe i autentyczne przedmioty w jednym miejscu. B\u0105d\u017a na bie\u017c\u0105co i sprawd\u017a nasz\u0105 ofert\u0119 ju\u017c teraz","robots":{"index":"index","follow":"follow","max-snippet":"max-snippet:-1","max-image-preview":"max-image-preview:large","max-video-preview":"max-video-preview:-1"},"canonical":"https:\/\/shezamme.com\/en\/sklep\/sneakers-2\/adidas\/adidas-xlg-runner-deluxe-gray\/","og_locale":"en_US","og_type":"article","og_title":"Adidas XLG Runner Deluxe Gray - SHEZAMME","og_description":"Adidas XLG Runner Deluxe Gray | Luksusowe i autentyczne przedmioty w jednym miejscu. B\u0105d\u017a na bie\u017c\u0105co i sprawd\u017a nasz\u0105 ofert\u0119 ju\u017c teraz","og_url":"https:\/\/shezamme.com\/en\/sklep\/sneakers-2\/adidas\/adidas-xlg-runner-deluxe-gray\/","og_site_name":"SHEZAMME - Yeezy, Jordan, Supreme i inne oryginalne rzeczy","article_publisher":"https:\/\/www.facebook.com\/SHEZAMME\/","article_modified_time":"2026-03-19T08:18:12+00:00","og_image":[{"width":1080,"height":1080,"url":"https:\/\/shezamme.com\/wp-content\/uploads\/2025\/12\/Adidas-XLG-Runner-Deluxe-Gray.webp","type":"image\/webp"}],"twitter_card":"summary_large_image","twitter_site":"@SHEZAMME","twitter_misc":{"Est. reading time":"2 minutes"},"schema":{"@context":"https:\/\/schema.org","@graph":[{"@type":"WebPage","@id":"https:\/\/shezamme.com\/sklep\/buty\/adidas\/adidas-xlg-runner-deluxe-gray\/","url":"https:\/\/shezamme.com\/sklep\/buty\/adidas\/adidas-xlg-runner-deluxe-gray\/","name":"Adidas XLG Runner Deluxe Gray - SHEZAMME","isPartOf":{"@id":"https:\/\/shezamme.com\/#website"},"primaryImageOfPage":{"@id":"https:\/\/shezamme.com\/sklep\/buty\/adidas\/adidas-xlg-runner-deluxe-gray\/#primaryimage"},"image":{"@id":"https:\/\/shezamme.com\/sklep\/buty\/adidas\/adidas-xlg-runner-deluxe-gray\/#primaryimage"},"thumbnailUrl":"https:\/\/shezamme.com\/wp-content\/uploads\/2025\/12\/Adidas-XLG-Runner-Deluxe-Gray.webp","datePublished":"2025-12-19T12:41:07+00:00","dateModified":"2026-03-19T08:18:12+00:00","description":"Adidas XLG Runner Deluxe Gray | Luksusowe i autentyczne przedmioty w jednym miejscu. B\u0105d\u017a na bie\u017c\u0105co i sprawd\u017a nasz\u0105 ofert\u0119 ju\u017c teraz","breadcrumb":{"@id":"https:\/\/shezamme.com\/sklep\/buty\/adidas\/adidas-xlg-runner-deluxe-gray\/#breadcrumb"},"inLanguage":"en-US","potentialAction":[{"@type":"ReadAction","target":["https:\/\/shezamme.com\/sklep\/buty\/adidas\/adidas-xlg-runner-deluxe-gray\/"]}]},{"@type":"ImageObject","inLanguage":"en-US","@id":"https:\/\/shezamme.com\/sklep\/buty\/adidas\/adidas-xlg-runner-deluxe-gray\/#primaryimage","url":"https:\/\/shezamme.com\/wp-content\/uploads\/2025\/12\/Adidas-XLG-Runner-Deluxe-Gray.webp","contentUrl":"https:\/\/shezamme.com\/wp-content\/uploads\/2025\/12\/Adidas-XLG-Runner-Deluxe-Gray.webp","width":1080,"height":1080,"caption":"Adidas-XLG-Runner-Deluxe-Gray"},{"@type":"BreadcrumbList","@id":"https:\/\/shezamme.com\/sklep\/buty\/adidas\/adidas-xlg-runner-deluxe-gray\/#breadcrumb","itemListElement":[{"@type":"ListItem","position":1,"name":"Strona g\u0142\u00f3wna","item":"https:\/\/shezamme.com\/"},{"@type":"ListItem","position":2,"name":"Sklep","item":"https:\/\/shezamme.com\/sklep\/"},{"@type":"ListItem","position":3,"name":"Adidas XLG Runner Deluxe Gray"}]},{"@type":"WebSite","@id":"https:\/\/shezamme.com\/#website","url":"https:\/\/shezamme.com\/","name":"SHEZAMME - Sneakers, Streetwear and luxury brands","description":"Original and exclusive items in one place. Check out our products now and stay up to date with all launches.","publisher":{"@id":"https:\/\/shezamme.com\/#organization"},"potentialAction":[{"@type":"SearchAction","target":{"@type":"EntryPoint","urlTemplate":"https:\/\/shezamme.com\/?s={search_term_string}"},"query-input":{"@type":"PropertyValueSpecification","valueRequired":true,"valueName":"search_term_string"}}],"inLanguage":"en-US"},{"@type":"Organization","@id":"https:\/\/shezamme.com\/#organization","name":"SHEZAMME - Sneakers, Streetwear and luxury brands","url":"https:\/\/shezamme.com\/","logo":{"@type":"ImageObject","inLanguage":"en-US","@id":"https:\/\/shezamme.com\/#\/schema\/logo\/image\/","url":"https:\/\/shezamme.com\/wp-content\/uploads\/2023\/02\/0x0.png","contentUrl":"https:\/\/shezamme.com\/wp-content\/uploads\/2023\/02\/0x0.png","width":2000,"height":2000,"caption":"SHEZAMME - Sneakersy, Streetwear i luksusowe marki"},"image":{"@id":"https:\/\/shezamme.com\/#\/schema\/logo\/image\/"},"sameAs":["https:\/\/www.facebook.com\/SHEZAMME\/","https:\/\/x.com\/SHEZAMME","https:\/\/www.instagram.com\/shezamme\/","https:\/\/www.youtube.com\/channel\/UCsTJxi_9fODHdO_1bmJbqvQ","https:\/\/www.tiktok.com\/shezamme.com"]}]}},"brands":[{"id":748,"name":"Adidas","slug":"adidas"}],"_links":{"self":[{"href":"https:\/\/shezamme.com\/en\/wp-json\/wp\/v2\/product\/216227","targetHints":{"allow":["GET"]}}],"collection":[{"href":"https:\/\/shezamme.com\/en\/wp-json\/wp\/v2\/product"}],"about":[{"href":"https:\/\/shezamme.com\/en\/wp-json\/wp\/v2\/types\/product"}],"wp:featuredmedia":[{"embeddable":true,"href":"https:\/\/shezamme.com\/en\/wp-json\/wp\/v2\/media\/216241"}],"wp:attachment":[{"href":"https:\/\/shezamme.com\/en\/wp-json\/wp\/v2\/media?parent=216227"}],"wp:term":[{"taxonomy":"pwb-brand","embeddable":true,"href":"https:\/\/shezamme.com\/en\/wp-json\/wp\/v2\/pwb-brand?post=216227"},{"taxonomy":"product_brand","embeddable":true,"href":"https:\/\/shezamme.com\/en\/wp-json\/wp\/v2\/product_brand?post=216227"},{"taxonomy":"product_cat","embeddable":true,"href":"https:\/\/shezamme.com\/en\/wp-json\/wp\/v2\/product_cat?post=216227"},{"taxonomy":"product_tag","embeddable":true,"href":"https:\/\/shezamme.com\/en\/wp-json\/wp\/v2\/product_tag?post=216227"}],"curies":[{"name":"wp","href":"https:\/\/api.w.org\/{rel}","templated":true}]}}