{"id":216148,"date":"2025-12-17T07:22:38","date_gmt":"2025-12-17T06:22:38","guid":{"rendered":"https:\/\/shezamme.com\/?post_type=product&#038;p=216148"},"modified":"2026-04-03T09:05:09","modified_gmt":"2026-04-03T07:05:09","slug":"supreme-x-hanes-tagless-tees-white","status":"publish","type":"product","link":"https:\/\/shezamme.com\/en\/sklep\/koszulki\/wszystkie-koszulki\/supreme-x-hanes-tagless-tees-white\/","title":{"rendered":"Supreme x Hanes Tagless Tees White"},"content":{"rendered":"<h2 data-start=\"166\" data-end=\"225\"><strong data-start=\"169\" data-end=\"223\">Supreme x Hanes \u2013 Komfort i Styl w Bia\u0142ej Ods\u0142onie<\/strong><\/h2>\n<p data-start=\"226\" data-end=\"604\"><strong data-start=\"226\" data-end=\"264\">Supreme x Hanes Tagless Tees White<\/strong> to koszulka, kt\u00f3ra \u0142\u0105czy <strong data-start=\"290\" data-end=\"319\">ikon\u0119 streetwearu Supreme<\/strong> z <strong data-start=\"322\" data-end=\"366\">wysok\u0105 jako\u015bci\u0105 odzie\u017cy codziennej Hanes<\/strong>. <strong data-start=\"368\" data-end=\"383\">Bia\u0142y kolor<\/strong> sprawia, \u017ce jest to koszulka <strong data-start=\"413\" data-end=\"428\">uniwersalna<\/strong>, doskona\u0142a do <strong data-start=\"443\" data-end=\"470\">r\u00f3\u017cnorodnych stylizacji<\/strong> \u2013 zar\u00f3wno casualowych, jak i bardziej sportowych. Prosty, ale wyj\u0105tkowy design sprawia, \u017ce jest to <strong data-start=\"570\" data-end=\"583\">must-have<\/strong> w ka\u017cdej garderobie.<\/p>\n<h2 data-start=\"606\" data-end=\"649\"><strong data-start=\"609\" data-end=\"647\">Tagless Design \u2013 Komfort Bez Metki<\/strong><\/h2>\n<p data-start=\"650\" data-end=\"998\"><strong data-start=\"650\" data-end=\"688\">Supreme x Hanes Tagless Tees White<\/strong> charakteryzuje si\u0119 <strong data-start=\"708\" data-end=\"726\">tagless design<\/strong>, co oznacza, \u017ce koszulka <strong data-start=\"752\" data-end=\"768\">nie ma metki<\/strong> w karku, eliminuj\u0105c <strong data-start=\"789\" data-end=\"827\">niedogodno\u015bci zwi\u0105zane z otarciami<\/strong>. Dzi\u0119ki temu, koszulka zapewnia <strong data-start=\"860\" data-end=\"882\">maksymalny komfort<\/strong> przez ca\u0142y dzie\u0144, co czyni j\u0105 idealnym wyborem do codziennego u\u017cytku, zar\u00f3wno w cieplejsze, jak i ch\u0142odniejsze dni.<\/p>\n<h2 data-start=\"1000\" data-end=\"1044\"><strong data-start=\"1003\" data-end=\"1042\">Bawe\u0142na Premium \u2013 Trwa\u0142o\u015b\u0107 i Wygoda<\/strong><\/h2>\n<p data-start=\"1045\" data-end=\"1419\">Koszulka zosta\u0142a wykonana z <strong data-start=\"1073\" data-end=\"1101\">wysokogatunkowej bawe\u0142ny<\/strong>, co zapewnia jej <strong data-start=\"1119\" data-end=\"1145\">mi\u0119kko\u015b\u0107, oddychalno\u015b\u0107<\/strong> i <strong data-start=\"1148\" data-end=\"1172\">d\u0142ugotrwa\u0142\u0105 trwa\u0142o\u015b\u0107<\/strong>. Materia\u0142 jest odporny na wielokrotne pranie, dzi\u0119ki czemu <strong data-start=\"1232\" data-end=\"1266\">zachowuje sw\u00f3j kszta\u0142t i kolor<\/strong> przez d\u0142ugi czas. <strong data-start=\"1285\" data-end=\"1323\">Supreme x Hanes Tagless Tees White<\/strong> to idealny wyb\u00f3r dla os\u00f3b, kt\u00f3re szukaj\u0105 odzie\u017cy <strong data-start=\"1373\" data-end=\"1418\">wytrzyma\u0142ej, ale jednocze\u015bnie komfortowej<\/strong>.<\/p>\n<h2 data-start=\"1421\" data-end=\"1465\"><strong data-start=\"1424\" data-end=\"1463\">Prosty Kr\u00f3j i Subtelne Logo Supreme<\/strong><\/h2>\n<p data-start=\"1466\" data-end=\"1771\">Model oferuje <strong data-start=\"1480\" data-end=\"1498\">klasyczny kr\u00f3j<\/strong>, kt\u00f3ry zapewnia <strong data-start=\"1515\" data-end=\"1533\">swobod\u0119 ruch\u00f3w<\/strong> i doskonale uk\u0142ada si\u0119 na ciele. <strong data-start=\"1567\" data-end=\"1588\">Ma\u0142e logo Supreme<\/strong> na piersi stanowi subtelny akcent, kt\u00f3ry nadaje koszulce <strong data-start=\"1646\" data-end=\"1666\">rozpoznawalno\u015bci<\/strong>, nie przyt\u0142aczaj\u0105c jej <strong data-start=\"1690\" data-end=\"1722\">minimalistycznego charakteru<\/strong>. To doskona\u0142y balans mi\u0119dzy <strong data-start=\"1751\" data-end=\"1770\">wygod\u0105 a stylem<\/strong>.<\/p>","protected":false},"excerpt":{"rendered":"<h2 data-start=\"1773\" data-end=\"1827\"><strong data-start=\"1776\" data-end=\"1825\">Idealna Baza dla Stylizacji \u2013 Supreme x Hanes<\/strong><\/h2>\n<p data-start=\"1828\" data-end=\"2176\"><strong data-start=\"1828\" data-end=\"1866\">Supreme x Hanes Tagless Tees White<\/strong> to koszulka, kt\u00f3ra \u015bwietnie sprawdza si\u0119 jako <strong data-start=\"1913\" data-end=\"1943\">baza do r\u00f3\u017cnych stylizacji<\/strong>. Doskonale pasuje do <strong data-start=\"1965\" data-end=\"2005\">denimu, spodni dresowych czy szort\u00f3w<\/strong>, tworz\u0105c modny i komfortowy outfit na ka\u017cd\u0105 okazj\u0119. <strong data-start=\"2058\" data-end=\"2080\">Uniwersalny design<\/strong> i <strong data-start=\"2083\" data-end=\"2111\">wysoka jako\u015b\u0107 materia\u0142\u00f3w<\/strong> sprawiaj\u0105, \u017ce jest to <strong data-start=\"2134\" data-end=\"2175\">niezb\u0119dny element w ka\u017cdej garderobie<\/strong>.<\/p>\n<h2 data-start=\"1908\" data-end=\"1987\"><span style=\"font-size: 16px\"> wyjdzie z mody.<\/span><\/h2>","protected":false},"featured_media":216139,"template":"","meta":{"_acf_changed":false},"pwb-brand":[753],"product_brand":[],"product_cat":[140,905,903],"product_tag":[1008,1009],"class_list":{"0":"post-216148","1":"product","2":"type-product","3":"status-publish","4":"has-post-thumbnail","6":"pwb-brand-supreme","7":"product_cat-koszulki","8":"product_cat-koszulki-supreme","9":"product_cat-wszystkie-koszulki","10":"product_tag-kobieta","11":"product_tag-mezczyzna","12":"pa_rozmiar-ubrania-l","13":"pa_rozmiar-ubrania-m","14":"pa_rozmiar-ubrania-s","15":"pa_rozmiar-ubrania-xl","17":"first","18":"instock","19":"taxable","20":"shipping-taxable","21":"purchasable","22":"product-type-variable"},"acf":[],"yoast_head":"<!-- This site is optimized with the Yoast SEO plugin v27.2 - https:\/\/yoast.com\/product\/yoast-seo-wordpress\/ -->\n<title>Supreme x Hanes Tagless Tees White - SHEZAMME<\/title>\n<meta name=\"description\" content=\"Supreme x Hanes Tagless Tees White | Luksusowe i autentyczne przedmioty w jednym miejscu. B\u0105d\u017a na bie\u017c\u0105co i sprawd\u017a nasz\u0105 ofert\u0119 ju\u017c teraz\" \/>\n<meta name=\"robots\" content=\"index, follow, max-snippet:-1, max-image-preview:large, max-video-preview:-1\" \/>\n<link rel=\"canonical\" href=\"https:\/\/shezamme.com\/en\/sklep\/tshirts-2\/all-tshirts\/supreme-x-hanes-tagless-tees-white\/\" \/>\n<meta property=\"og:locale\" content=\"en_US\" \/>\n<meta property=\"og:type\" content=\"article\" \/>\n<meta property=\"og:title\" content=\"Supreme x Hanes Tagless Tees White - SHEZAMME\" \/>\n<meta property=\"og:description\" content=\"Supreme x Hanes Tagless Tees White | Luksusowe i autentyczne przedmioty w jednym miejscu. B\u0105d\u017a na bie\u017c\u0105co i sprawd\u017a nasz\u0105 ofert\u0119 ju\u017c teraz\" \/>\n<meta property=\"og:url\" content=\"https:\/\/shezamme.com\/en\/sklep\/tshirts-2\/all-tshirts\/supreme-x-hanes-tagless-tees-white\/\" \/>\n<meta property=\"og:site_name\" content=\"SHEZAMME - Yeezy, Jordan, Supreme i inne oryginalne rzeczy\" \/>\n<meta property=\"article:publisher\" content=\"https:\/\/www.facebook.com\/SHEZAMME\/\" \/>\n<meta property=\"article:modified_time\" content=\"2026-04-03T07:05:09+00:00\" \/>\n<meta property=\"og:image\" content=\"https:\/\/shezamme.com\/wp-content\/uploads\/2025\/12\/Supreme-x-Hanes-Tagless-Tees-White-1.webp\" \/>\n\t<meta property=\"og:image:width\" content=\"1080\" \/>\n\t<meta property=\"og:image:height\" content=\"1080\" \/>\n\t<meta property=\"og:image:type\" content=\"image\/webp\" \/>\n<meta name=\"twitter:card\" content=\"summary_large_image\" \/>\n<meta name=\"twitter:site\" content=\"@SHEZAMME\" \/>\n<meta name=\"twitter:label1\" content=\"Est. reading time\" \/>\n\t<meta name=\"twitter:data1\" content=\"1 minute\" \/>\n<script type=\"application\/ld+json\" class=\"yoast-schema-graph\">{\"@context\":\"https:\/\/schema.org\",\"@graph\":[{\"@type\":\"WebPage\",\"@id\":\"https:\/\/shezamme.com\/sklep\/koszulki\/wszystkie-koszulki\/supreme-x-hanes-tagless-tees-white\/\",\"url\":\"https:\/\/shezamme.com\/sklep\/koszulki\/wszystkie-koszulki\/supreme-x-hanes-tagless-tees-white\/\",\"name\":\"Supreme x Hanes Tagless Tees White - SHEZAMME\",\"isPartOf\":{\"@id\":\"https:\/\/shezamme.com\/#website\"},\"primaryImageOfPage\":{\"@id\":\"https:\/\/shezamme.com\/sklep\/koszulki\/wszystkie-koszulki\/supreme-x-hanes-tagless-tees-white\/#primaryimage\"},\"image\":{\"@id\":\"https:\/\/shezamme.com\/sklep\/koszulki\/wszystkie-koszulki\/supreme-x-hanes-tagless-tees-white\/#primaryimage\"},\"thumbnailUrl\":\"https:\/\/shezamme.com\/wp-content\/uploads\/2025\/12\/Supreme-x-Hanes-Tagless-Tees-White-1.webp\",\"datePublished\":\"2025-12-17T06:22:38+00:00\",\"dateModified\":\"2026-04-03T07:05:09+00:00\",\"description\":\"Supreme x Hanes Tagless Tees White | Luksusowe i autentyczne przedmioty w jednym miejscu. B\u0105d\u017a na bie\u017c\u0105co i sprawd\u017a nasz\u0105 ofert\u0119 ju\u017c teraz\",\"breadcrumb\":{\"@id\":\"https:\/\/shezamme.com\/sklep\/koszulki\/wszystkie-koszulki\/supreme-x-hanes-tagless-tees-white\/#breadcrumb\"},\"inLanguage\":\"en-US\",\"potentialAction\":[{\"@type\":\"ReadAction\",\"target\":[\"https:\/\/shezamme.com\/sklep\/koszulki\/wszystkie-koszulki\/supreme-x-hanes-tagless-tees-white\/\"]}]},{\"@type\":\"ImageObject\",\"inLanguage\":\"en-US\",\"@id\":\"https:\/\/shezamme.com\/sklep\/koszulki\/wszystkie-koszulki\/supreme-x-hanes-tagless-tees-white\/#primaryimage\",\"url\":\"https:\/\/shezamme.com\/wp-content\/uploads\/2025\/12\/Supreme-x-Hanes-Tagless-Tees-White-1.webp\",\"contentUrl\":\"https:\/\/shezamme.com\/wp-content\/uploads\/2025\/12\/Supreme-x-Hanes-Tagless-Tees-White-1.webp\",\"width\":1080,\"height\":1080,\"caption\":\"Supreme x Hanes Tagless Tees White 1\"},{\"@type\":\"BreadcrumbList\",\"@id\":\"https:\/\/shezamme.com\/sklep\/koszulki\/wszystkie-koszulki\/supreme-x-hanes-tagless-tees-white\/#breadcrumb\",\"itemListElement\":[{\"@type\":\"ListItem\",\"position\":1,\"name\":\"Strona g\u0142\u00f3wna\",\"item\":\"https:\/\/shezamme.com\/\"},{\"@type\":\"ListItem\",\"position\":2,\"name\":\"Sklep\",\"item\":\"https:\/\/shezamme.com\/sklep\/\"},{\"@type\":\"ListItem\",\"position\":3,\"name\":\"Supreme x Hanes Tagless Tees White\"}]},{\"@type\":\"WebSite\",\"@id\":\"https:\/\/shezamme.com\/#website\",\"url\":\"https:\/\/shezamme.com\/\",\"name\":\"SHEZAMME - Sneakersy, Streetwear i luksusowe marki\",\"description\":\"Oryginalne i ekskluzywne przedmioty w jednym miejscu. Sprawd\u017a nasze produkty ju\u017c teraz i b\u0105d\u017a na bie\u017c\u0105co z wszystkimi premierami.\",\"publisher\":{\"@id\":\"https:\/\/shezamme.com\/#organization\"},\"potentialAction\":[{\"@type\":\"SearchAction\",\"target\":{\"@type\":\"EntryPoint\",\"urlTemplate\":\"https:\/\/shezamme.com\/?s={search_term_string}\"},\"query-input\":{\"@type\":\"PropertyValueSpecification\",\"valueRequired\":true,\"valueName\":\"search_term_string\"}}],\"inLanguage\":\"en-US\"},{\"@type\":\"Organization\",\"@id\":\"https:\/\/shezamme.com\/#organization\",\"name\":\"SHEZAMME - Sneakersy, Streetwear i luksusowe marki\",\"url\":\"https:\/\/shezamme.com\/\",\"logo\":{\"@type\":\"ImageObject\",\"inLanguage\":\"en-US\",\"@id\":\"https:\/\/shezamme.com\/#\/schema\/logo\/image\/\",\"url\":\"https:\/\/shezamme.com\/wp-content\/uploads\/2023\/02\/0x0.png\",\"contentUrl\":\"https:\/\/shezamme.com\/wp-content\/uploads\/2023\/02\/0x0.png\",\"width\":2000,\"height\":2000,\"caption\":\"SHEZAMME - Sneakersy, Streetwear i luksusowe marki\"},\"image\":{\"@id\":\"https:\/\/shezamme.com\/#\/schema\/logo\/image\/\"},\"sameAs\":[\"https:\/\/www.facebook.com\/SHEZAMME\/\",\"https:\/\/x.com\/SHEZAMME\",\"https:\/\/www.instagram.com\/shezamme\/\",\"https:\/\/www.youtube.com\/channel\/UCsTJxi_9fODHdO_1bmJbqvQ\",\"https:\/\/www.tiktok.com\/shezamme.com\"]}]}<\/script>\n<!-- \/ Yoast SEO plugin. -->","yoast_head_json":{"title":"Supreme x Hanes Tagless Tees White - SHEZAMME","description":"Supreme x Hanes Tagless Tees White | Luksusowe i autentyczne przedmioty w jednym miejscu. B\u0105d\u017a na bie\u017c\u0105co i sprawd\u017a nasz\u0105 ofert\u0119 ju\u017c teraz","robots":{"index":"index","follow":"follow","max-snippet":"max-snippet:-1","max-image-preview":"max-image-preview:large","max-video-preview":"max-video-preview:-1"},"canonical":"https:\/\/shezamme.com\/en\/sklep\/tshirts-2\/all-tshirts\/supreme-x-hanes-tagless-tees-white\/","og_locale":"en_US","og_type":"article","og_title":"Supreme x Hanes Tagless Tees White - SHEZAMME","og_description":"Supreme x Hanes Tagless Tees White | Luksusowe i autentyczne przedmioty w jednym miejscu. B\u0105d\u017a na bie\u017c\u0105co i sprawd\u017a nasz\u0105 ofert\u0119 ju\u017c teraz","og_url":"https:\/\/shezamme.com\/en\/sklep\/tshirts-2\/all-tshirts\/supreme-x-hanes-tagless-tees-white\/","og_site_name":"SHEZAMME - Yeezy, Jordan, Supreme i inne oryginalne rzeczy","article_publisher":"https:\/\/www.facebook.com\/SHEZAMME\/","article_modified_time":"2026-04-03T07:05:09+00:00","og_image":[{"width":1080,"height":1080,"url":"https:\/\/shezamme.com\/wp-content\/uploads\/2025\/12\/Supreme-x-Hanes-Tagless-Tees-White-1.webp","type":"image\/webp"}],"twitter_card":"summary_large_image","twitter_site":"@SHEZAMME","twitter_misc":{"Est. reading time":"1 minute"},"schema":{"@context":"https:\/\/schema.org","@graph":[{"@type":"WebPage","@id":"https:\/\/shezamme.com\/sklep\/koszulki\/wszystkie-koszulki\/supreme-x-hanes-tagless-tees-white\/","url":"https:\/\/shezamme.com\/sklep\/koszulki\/wszystkie-koszulki\/supreme-x-hanes-tagless-tees-white\/","name":"Supreme x Hanes Tagless Tees White - SHEZAMME","isPartOf":{"@id":"https:\/\/shezamme.com\/#website"},"primaryImageOfPage":{"@id":"https:\/\/shezamme.com\/sklep\/koszulki\/wszystkie-koszulki\/supreme-x-hanes-tagless-tees-white\/#primaryimage"},"image":{"@id":"https:\/\/shezamme.com\/sklep\/koszulki\/wszystkie-koszulki\/supreme-x-hanes-tagless-tees-white\/#primaryimage"},"thumbnailUrl":"https:\/\/shezamme.com\/wp-content\/uploads\/2025\/12\/Supreme-x-Hanes-Tagless-Tees-White-1.webp","datePublished":"2025-12-17T06:22:38+00:00","dateModified":"2026-04-03T07:05:09+00:00","description":"Supreme x Hanes Tagless Tees White | Luksusowe i autentyczne przedmioty w jednym miejscu. B\u0105d\u017a na bie\u017c\u0105co i sprawd\u017a nasz\u0105 ofert\u0119 ju\u017c teraz","breadcrumb":{"@id":"https:\/\/shezamme.com\/sklep\/koszulki\/wszystkie-koszulki\/supreme-x-hanes-tagless-tees-white\/#breadcrumb"},"inLanguage":"en-US","potentialAction":[{"@type":"ReadAction","target":["https:\/\/shezamme.com\/sklep\/koszulki\/wszystkie-koszulki\/supreme-x-hanes-tagless-tees-white\/"]}]},{"@type":"ImageObject","inLanguage":"en-US","@id":"https:\/\/shezamme.com\/sklep\/koszulki\/wszystkie-koszulki\/supreme-x-hanes-tagless-tees-white\/#primaryimage","url":"https:\/\/shezamme.com\/wp-content\/uploads\/2025\/12\/Supreme-x-Hanes-Tagless-Tees-White-1.webp","contentUrl":"https:\/\/shezamme.com\/wp-content\/uploads\/2025\/12\/Supreme-x-Hanes-Tagless-Tees-White-1.webp","width":1080,"height":1080,"caption":"Supreme x Hanes Tagless Tees White 1"},{"@type":"BreadcrumbList","@id":"https:\/\/shezamme.com\/sklep\/koszulki\/wszystkie-koszulki\/supreme-x-hanes-tagless-tees-white\/#breadcrumb","itemListElement":[{"@type":"ListItem","position":1,"name":"Strona g\u0142\u00f3wna","item":"https:\/\/shezamme.com\/"},{"@type":"ListItem","position":2,"name":"Sklep","item":"https:\/\/shezamme.com\/sklep\/"},{"@type":"ListItem","position":3,"name":"Supreme x Hanes Tagless Tees White"}]},{"@type":"WebSite","@id":"https:\/\/shezamme.com\/#website","url":"https:\/\/shezamme.com\/","name":"SHEZAMME - Sneakers, Streetwear and luxury brands","description":"Original and exclusive items in one place. Check out our products now and stay up to date with all launches.","publisher":{"@id":"https:\/\/shezamme.com\/#organization"},"potentialAction":[{"@type":"SearchAction","target":{"@type":"EntryPoint","urlTemplate":"https:\/\/shezamme.com\/?s={search_term_string}"},"query-input":{"@type":"PropertyValueSpecification","valueRequired":true,"valueName":"search_term_string"}}],"inLanguage":"en-US"},{"@type":"Organization","@id":"https:\/\/shezamme.com\/#organization","name":"SHEZAMME - Sneakers, Streetwear and luxury brands","url":"https:\/\/shezamme.com\/","logo":{"@type":"ImageObject","inLanguage":"en-US","@id":"https:\/\/shezamme.com\/#\/schema\/logo\/image\/","url":"https:\/\/shezamme.com\/wp-content\/uploads\/2023\/02\/0x0.png","contentUrl":"https:\/\/shezamme.com\/wp-content\/uploads\/2023\/02\/0x0.png","width":2000,"height":2000,"caption":"SHEZAMME - Sneakersy, Streetwear i luksusowe marki"},"image":{"@id":"https:\/\/shezamme.com\/#\/schema\/logo\/image\/"},"sameAs":["https:\/\/www.facebook.com\/SHEZAMME\/","https:\/\/x.com\/SHEZAMME","https:\/\/www.instagram.com\/shezamme\/","https:\/\/www.youtube.com\/channel\/UCsTJxi_9fODHdO_1bmJbqvQ","https:\/\/www.tiktok.com\/shezamme.com"]}]}},"brands":[{"id":753,"name":"supreme","slug":"supreme"}],"_links":{"self":[{"href":"https:\/\/shezamme.com\/en\/wp-json\/wp\/v2\/product\/216148","targetHints":{"allow":["GET"]}}],"collection":[{"href":"https:\/\/shezamme.com\/en\/wp-json\/wp\/v2\/product"}],"about":[{"href":"https:\/\/shezamme.com\/en\/wp-json\/wp\/v2\/types\/product"}],"wp:featuredmedia":[{"embeddable":true,"href":"https:\/\/shezamme.com\/en\/wp-json\/wp\/v2\/media\/216139"}],"wp:attachment":[{"href":"https:\/\/shezamme.com\/en\/wp-json\/wp\/v2\/media?parent=216148"}],"wp:term":[{"taxonomy":"pwb-brand","embeddable":true,"href":"https:\/\/shezamme.com\/en\/wp-json\/wp\/v2\/pwb-brand?post=216148"},{"taxonomy":"product_brand","embeddable":true,"href":"https:\/\/shezamme.com\/en\/wp-json\/wp\/v2\/product_brand?post=216148"},{"taxonomy":"product_cat","embeddable":true,"href":"https:\/\/shezamme.com\/en\/wp-json\/wp\/v2\/product_cat?post=216148"},{"taxonomy":"product_tag","embeddable":true,"href":"https:\/\/shezamme.com\/en\/wp-json\/wp\/v2\/product_tag?post=216148"}],"curies":[{"name":"wp","href":"https:\/\/api.w.org\/{rel}","templated":true}]}}