{"id":21349,"date":"2023-02-02T18:01:18","date_gmt":"2023-02-02T17:01:18","guid":{"rendered":"https:\/\/shezamme.com\/?post_type=product&#038;p=21349"},"modified":"2025-05-19T19:54:44","modified_gmt":"2025-05-19T17:54:44","slug":"nike-sb-dunk-low-huf-san-francisco","status":"publish","type":"product","link":"https:\/\/shezamme.com\/en\/sklep\/buty\/dunk\/buty-nike-dunk-sb\/nike-sb-dunk-low-huf-san-francisco\/","title":{"rendered":"Nike SB Dunk Low HUF San Francisco"},"content":{"rendered":"<h2 data-start=\"0\" data-end=\"45\">Ho\u0142d dla San Francisco i dziedzictwa HUF<\/h2>\n<p data-start=\"47\" data-end=\"342\">Nike SB Dunk Low x HUF \u201eSan Francisco\u201d to limitowana edycja inspirowana miastem, w kt\u00f3rym narodzi\u0142a si\u0119 marka HUF. Sk\u00f3rzana cholewka w klasycznej czarno-bia\u0142ej kolorystyce skrywa ukryt\u0105 grafik\u0119 pod warstw\u0105 sk\u00f3ry, a haftowany skyline San Francisco na pi\u0119cie podkre\u015bla unikalny charakter modelu.<\/p>\n<h2 data-start=\"344\" data-end=\"379\">Styl i funkcjonalno\u015b\u0107 w jednym<\/h2>\n<p data-start=\"381\" data-end=\"622\" data-is-last-node=\"\" data-is-only-node=\"\">Gumowa podeszwa z amortyzacj\u0105 Zoom Air zapewnia doskona\u0142\u0105 wygod\u0119 i przyczepno\u015b\u0107 na desce, a t\u0142oczone logo \u201eHUF\u201d i wsp\u00f3\u0142branding na j\u0119zyku dope\u0142niaj\u0105 wyj\u0105tkowy design. To sneakersy, kt\u00f3re \u0142\u0105cz\u0105 histori\u0119 skateboardingu z ponadczasow\u0105 estetyk\u0105.<\/p>","protected":false},"excerpt":{"rendered":"<h2 data-start=\"0\" data-end=\"48\">Ho\u0142d dla miasta i kultury skateboardingowej<\/h2>\n<p data-start=\"50\" data-end=\"415\" data-is-last-node=\"\" data-is-only-node=\"\">Nike SB Dunk Low x HUF \u201eSan Francisco\u201d to wyj\u0105tkowa edycja inspirowana dziedzictwem Keitha Hufnagela i jego zwi\u0105zkiem z miastem. Sk\u00f3rzana cholewka w klasycznej czerni i bieli skrywa ukryt\u0105 grafik\u0119, a haftowany skyline San Francisco na pi\u0119cie podkre\u015bla unikalny charakter modelu. Amortyzacja Zoom Air i gumowa podeszwa zapewniaj\u0105 komfort oraz doskona\u0142\u0105 przyczepno\u015b\u0107.<\/p>","protected":false},"featured_media":21350,"template":"","meta":{"_acf_changed":false,"_yoast_wpseo_focuskw":"Nike SB Dunk Low HUF San Francisco","_yoast_wpseo_title":"","_yoast_wpseo_metadesc":""},"pwb-brand":[1186,756],"product_brand":[],"product_cat":[16,105,943],"product_tag":[1008,1009],"class_list":{"0":"post-21349","1":"product","2":"type-product","3":"status-publish","4":"has-post-thumbnail","6":"pwb-brand-huf","7":"pwb-brand-nike","8":"product_cat-buty","9":"product_cat-dunk","10":"product_cat-buty-nike-dunk-sb","11":"product_tag-kobieta","12":"product_tag-mezczyzna","14":"first","15":"instock","16":"taxable","17":"shipping-taxable","18":"purchasable","19":"product-type-variable","20":"has-default-attributes"},"acf":[],"yoast_head":"<!-- This site is optimized with the Yoast SEO plugin v27.4 - https:\/\/yoast.com\/product\/yoast-seo-wordpress\/ -->\n<title>Nike SB Dunk Low HUF San Francisco - SHEZAMME<\/title>\n<meta name=\"description\" content=\"Nike SB Dunk Low HUF San Francisco | Luksusowe i autentyczne przedmioty w jednym miejscu. B\u0105d\u017a na bie\u017c\u0105co i sprawd\u017a nasz\u0105 ofert\u0119 ju\u017c teraz\" \/>\n<meta name=\"robots\" content=\"index, follow, max-snippet:-1, max-image-preview:large, max-video-preview:-1\" \/>\n<link rel=\"canonical\" href=\"https:\/\/shezamme.com\/en\/sklep\/sneakers-2\/dunk\/sneakers-nike-dunk-sb\/nike-sb-dunk-low-huf-san-francisco\/\" \/>\n<meta property=\"og:locale\" content=\"en_US\" \/>\n<meta property=\"og:type\" content=\"article\" \/>\n<meta property=\"og:title\" content=\"Nike SB Dunk Low HUF San Francisco - SHEZAMME\" \/>\n<meta property=\"og:description\" content=\"Nike SB Dunk Low HUF San Francisco | Luksusowe i autentyczne przedmioty w jednym miejscu. B\u0105d\u017a na bie\u017c\u0105co i sprawd\u017a nasz\u0105 ofert\u0119 ju\u017c teraz\" \/>\n<meta property=\"og:url\" content=\"https:\/\/shezamme.com\/en\/sklep\/sneakers-2\/dunk\/sneakers-nike-dunk-sb\/nike-sb-dunk-low-huf-san-francisco\/\" \/>\n<meta property=\"og:site_name\" content=\"SHEZAMME - Yeezy, Jordan, Supreme i inne oryginalne rzeczy\" \/>\n<meta property=\"article:publisher\" content=\"https:\/\/www.facebook.com\/SHEZAMME\/\" \/>\n<meta property=\"article:modified_time\" content=\"2025-05-19T17:54:44+00:00\" \/>\n<meta property=\"og:image\" content=\"https:\/\/shezamme.com\/wp-content\/uploads\/2023\/02\/IMG_6153.jpg\" \/>\n\t<meta property=\"og:image:width\" content=\"1170\" \/>\n\t<meta property=\"og:image:height\" content=\"1119\" \/>\n\t<meta property=\"og:image:type\" content=\"image\/jpeg\" \/>\n<meta name=\"twitter:card\" content=\"summary_large_image\" \/>\n<meta name=\"twitter:site\" content=\"@SHEZAMME\" \/>\n<meta name=\"twitter:label1\" content=\"Est. reading time\" \/>\n\t<meta name=\"twitter:data1\" content=\"1 minute\" \/>\n<script type=\"application\/ld+json\" class=\"yoast-schema-graph\">{\"@context\":\"https:\\\/\\\/schema.org\",\"@graph\":[{\"@type\":\"WebPage\",\"@id\":\"https:\\\/\\\/shezamme.com\\\/sklep\\\/buty\\\/dunk\\\/buty-nike-dunk-sb\\\/nike-sb-dunk-low-huf-san-francisco\\\/\",\"url\":\"https:\\\/\\\/shezamme.com\\\/sklep\\\/buty\\\/dunk\\\/buty-nike-dunk-sb\\\/nike-sb-dunk-low-huf-san-francisco\\\/\",\"name\":\"Nike SB Dunk Low HUF San Francisco - SHEZAMME\",\"isPartOf\":{\"@id\":\"https:\\\/\\\/shezamme.com\\\/#website\"},\"primaryImageOfPage\":{\"@id\":\"https:\\\/\\\/shezamme.com\\\/sklep\\\/buty\\\/dunk\\\/buty-nike-dunk-sb\\\/nike-sb-dunk-low-huf-san-francisco\\\/#primaryimage\"},\"image\":{\"@id\":\"https:\\\/\\\/shezamme.com\\\/sklep\\\/buty\\\/dunk\\\/buty-nike-dunk-sb\\\/nike-sb-dunk-low-huf-san-francisco\\\/#primaryimage\"},\"thumbnailUrl\":\"https:\\\/\\\/shezamme.com\\\/wp-content\\\/uploads\\\/2023\\\/02\\\/IMG_6153.jpg\",\"datePublished\":\"2023-02-02T17:01:18+00:00\",\"dateModified\":\"2025-05-19T17:54:44+00:00\",\"description\":\"Nike SB Dunk Low HUF San Francisco | Luksusowe i autentyczne przedmioty w jednym miejscu. B\u0105d\u017a na bie\u017c\u0105co i sprawd\u017a nasz\u0105 ofert\u0119 ju\u017c teraz\",\"breadcrumb\":{\"@id\":\"https:\\\/\\\/shezamme.com\\\/sklep\\\/buty\\\/dunk\\\/buty-nike-dunk-sb\\\/nike-sb-dunk-low-huf-san-francisco\\\/#breadcrumb\"},\"inLanguage\":\"en-US\",\"potentialAction\":[{\"@type\":\"ReadAction\",\"target\":[\"https:\\\/\\\/shezamme.com\\\/sklep\\\/buty\\\/dunk\\\/buty-nike-dunk-sb\\\/nike-sb-dunk-low-huf-san-francisco\\\/\"]}]},{\"@type\":\"ImageObject\",\"inLanguage\":\"en-US\",\"@id\":\"https:\\\/\\\/shezamme.com\\\/sklep\\\/buty\\\/dunk\\\/buty-nike-dunk-sb\\\/nike-sb-dunk-low-huf-san-francisco\\\/#primaryimage\",\"url\":\"https:\\\/\\\/shezamme.com\\\/wp-content\\\/uploads\\\/2023\\\/02\\\/IMG_6153.jpg\",\"contentUrl\":\"https:\\\/\\\/shezamme.com\\\/wp-content\\\/uploads\\\/2023\\\/02\\\/IMG_6153.jpg\",\"width\":1170,\"height\":1119,\"caption\":\"Nike SB Dunk Low HUF San Francisco\"},{\"@type\":\"BreadcrumbList\",\"@id\":\"https:\\\/\\\/shezamme.com\\\/sklep\\\/buty\\\/dunk\\\/buty-nike-dunk-sb\\\/nike-sb-dunk-low-huf-san-francisco\\\/#breadcrumb\",\"itemListElement\":[{\"@type\":\"ListItem\",\"position\":1,\"name\":\"Strona g\u0142\u00f3wna\",\"item\":\"https:\\\/\\\/shezamme.com\\\/\"},{\"@type\":\"ListItem\",\"position\":2,\"name\":\"Sklep\",\"item\":\"https:\\\/\\\/shezamme.com\\\/en\\\/sklep\\\/\"},{\"@type\":\"ListItem\",\"position\":3,\"name\":\"Nike SB Dunk Low HUF San Francisco\"}]},{\"@type\":\"WebSite\",\"@id\":\"https:\\\/\\\/shezamme.com\\\/#website\",\"url\":\"https:\\\/\\\/shezamme.com\\\/\",\"name\":\"SHEZAMME - Sneakersy, Streetwear i luksusowe marki\",\"description\":\"Oryginalne i ekskluzywne przedmioty w jednym miejscu. Sprawd\u017a nasze produkty ju\u017c teraz i b\u0105d\u017a na bie\u017c\u0105co z wszystkimi premierami.\",\"publisher\":{\"@id\":\"https:\\\/\\\/shezamme.com\\\/#organization\"},\"potentialAction\":[{\"@type\":\"SearchAction\",\"target\":{\"@type\":\"EntryPoint\",\"urlTemplate\":\"https:\\\/\\\/shezamme.com\\\/?s={search_term_string}\"},\"query-input\":{\"@type\":\"PropertyValueSpecification\",\"valueRequired\":true,\"valueName\":\"search_term_string\"}}],\"inLanguage\":\"en-US\"},{\"@type\":\"Organization\",\"@id\":\"https:\\\/\\\/shezamme.com\\\/#organization\",\"name\":\"SHEZAMME - Sneakersy, Streetwear i luksusowe marki\",\"url\":\"https:\\\/\\\/shezamme.com\\\/\",\"logo\":{\"@type\":\"ImageObject\",\"inLanguage\":\"en-US\",\"@id\":\"https:\\\/\\\/shezamme.com\\\/#\\\/schema\\\/logo\\\/image\\\/\",\"url\":\"https:\\\/\\\/shezamme.com\\\/wp-content\\\/uploads\\\/2023\\\/02\\\/0x0.png\",\"contentUrl\":\"https:\\\/\\\/shezamme.com\\\/wp-content\\\/uploads\\\/2023\\\/02\\\/0x0.png\",\"width\":2000,\"height\":2000,\"caption\":\"SHEZAMME - Sneakersy, Streetwear i luksusowe marki\"},\"image\":{\"@id\":\"https:\\\/\\\/shezamme.com\\\/#\\\/schema\\\/logo\\\/image\\\/\"},\"sameAs\":[\"https:\\\/\\\/www.facebook.com\\\/SHEZAMME\\\/\",\"https:\\\/\\\/x.com\\\/SHEZAMME\",\"https:\\\/\\\/www.instagram.com\\\/shezamme\\\/\",\"https:\\\/\\\/www.youtube.com\\\/channel\\\/UCsTJxi_9fODHdO_1bmJbqvQ\",\"https:\\\/\\\/www.tiktok.com\\\/shezamme.com\"]}]}<\/script>\n<!-- \/ Yoast SEO plugin. -->","yoast_head_json":{"title":"Nike SB Dunk Low HUF San Francisco - SHEZAMME","description":"Nike SB Dunk Low HUF San Francisco | Luksusowe i autentyczne przedmioty w jednym miejscu. B\u0105d\u017a na bie\u017c\u0105co i sprawd\u017a nasz\u0105 ofert\u0119 ju\u017c teraz","robots":{"index":"index","follow":"follow","max-snippet":"max-snippet:-1","max-image-preview":"max-image-preview:large","max-video-preview":"max-video-preview:-1"},"canonical":"https:\/\/shezamme.com\/en\/sklep\/sneakers-2\/dunk\/sneakers-nike-dunk-sb\/nike-sb-dunk-low-huf-san-francisco\/","og_locale":"en_US","og_type":"article","og_title":"Nike SB Dunk Low HUF San Francisco - SHEZAMME","og_description":"Nike SB Dunk Low HUF San Francisco | Luksusowe i autentyczne przedmioty w jednym miejscu. B\u0105d\u017a na bie\u017c\u0105co i sprawd\u017a nasz\u0105 ofert\u0119 ju\u017c teraz","og_url":"https:\/\/shezamme.com\/en\/sklep\/sneakers-2\/dunk\/sneakers-nike-dunk-sb\/nike-sb-dunk-low-huf-san-francisco\/","og_site_name":"SHEZAMME - Yeezy, Jordan, Supreme i inne oryginalne rzeczy","article_publisher":"https:\/\/www.facebook.com\/SHEZAMME\/","article_modified_time":"2025-05-19T17:54:44+00:00","og_image":[{"width":1170,"height":1119,"url":"https:\/\/shezamme.com\/wp-content\/uploads\/2023\/02\/IMG_6153.jpg","type":"image\/jpeg"}],"twitter_card":"summary_large_image","twitter_site":"@SHEZAMME","twitter_misc":{"Est. reading time":"1 minute"},"schema":{"@context":"https:\/\/schema.org","@graph":[{"@type":"WebPage","@id":"https:\/\/shezamme.com\/sklep\/buty\/dunk\/buty-nike-dunk-sb\/nike-sb-dunk-low-huf-san-francisco\/","url":"https:\/\/shezamme.com\/sklep\/buty\/dunk\/buty-nike-dunk-sb\/nike-sb-dunk-low-huf-san-francisco\/","name":"Nike SB Dunk Low HUF San Francisco - SHEZAMME","isPartOf":{"@id":"https:\/\/shezamme.com\/#website"},"primaryImageOfPage":{"@id":"https:\/\/shezamme.com\/sklep\/buty\/dunk\/buty-nike-dunk-sb\/nike-sb-dunk-low-huf-san-francisco\/#primaryimage"},"image":{"@id":"https:\/\/shezamme.com\/sklep\/buty\/dunk\/buty-nike-dunk-sb\/nike-sb-dunk-low-huf-san-francisco\/#primaryimage"},"thumbnailUrl":"https:\/\/shezamme.com\/wp-content\/uploads\/2023\/02\/IMG_6153.jpg","datePublished":"2023-02-02T17:01:18+00:00","dateModified":"2025-05-19T17:54:44+00:00","description":"Nike SB Dunk Low HUF San Francisco | Luksusowe i autentyczne przedmioty w jednym miejscu. B\u0105d\u017a na bie\u017c\u0105co i sprawd\u017a nasz\u0105 ofert\u0119 ju\u017c teraz","breadcrumb":{"@id":"https:\/\/shezamme.com\/sklep\/buty\/dunk\/buty-nike-dunk-sb\/nike-sb-dunk-low-huf-san-francisco\/#breadcrumb"},"inLanguage":"en-US","potentialAction":[{"@type":"ReadAction","target":["https:\/\/shezamme.com\/sklep\/buty\/dunk\/buty-nike-dunk-sb\/nike-sb-dunk-low-huf-san-francisco\/"]}]},{"@type":"ImageObject","inLanguage":"en-US","@id":"https:\/\/shezamme.com\/sklep\/buty\/dunk\/buty-nike-dunk-sb\/nike-sb-dunk-low-huf-san-francisco\/#primaryimage","url":"https:\/\/shezamme.com\/wp-content\/uploads\/2023\/02\/IMG_6153.jpg","contentUrl":"https:\/\/shezamme.com\/wp-content\/uploads\/2023\/02\/IMG_6153.jpg","width":1170,"height":1119,"caption":"Nike SB Dunk Low HUF San Francisco"},{"@type":"BreadcrumbList","@id":"https:\/\/shezamme.com\/sklep\/buty\/dunk\/buty-nike-dunk-sb\/nike-sb-dunk-low-huf-san-francisco\/#breadcrumb","itemListElement":[{"@type":"ListItem","position":1,"name":"Strona g\u0142\u00f3wna","item":"https:\/\/shezamme.com\/"},{"@type":"ListItem","position":2,"name":"Sklep","item":"https:\/\/shezamme.com\/en\/sklep\/"},{"@type":"ListItem","position":3,"name":"Nike SB Dunk Low HUF San Francisco"}]},{"@type":"WebSite","@id":"https:\/\/shezamme.com\/#website","url":"https:\/\/shezamme.com\/","name":"SHEZAMME - Sneakers, Streetwear and luxury brands","description":"Original and exclusive items in one place. Check out our products now and stay up to date with all launches.","publisher":{"@id":"https:\/\/shezamme.com\/#organization"},"potentialAction":[{"@type":"SearchAction","target":{"@type":"EntryPoint","urlTemplate":"https:\/\/shezamme.com\/?s={search_term_string}"},"query-input":{"@type":"PropertyValueSpecification","valueRequired":true,"valueName":"search_term_string"}}],"inLanguage":"en-US"},{"@type":"Organization","@id":"https:\/\/shezamme.com\/#organization","name":"SHEZAMME - Sneakers, Streetwear and luxury brands","url":"https:\/\/shezamme.com\/","logo":{"@type":"ImageObject","inLanguage":"en-US","@id":"https:\/\/shezamme.com\/#\/schema\/logo\/image\/","url":"https:\/\/shezamme.com\/wp-content\/uploads\/2023\/02\/0x0.png","contentUrl":"https:\/\/shezamme.com\/wp-content\/uploads\/2023\/02\/0x0.png","width":2000,"height":2000,"caption":"SHEZAMME - Sneakersy, Streetwear i luksusowe marki"},"image":{"@id":"https:\/\/shezamme.com\/#\/schema\/logo\/image\/"},"sameAs":["https:\/\/www.facebook.com\/SHEZAMME\/","https:\/\/x.com\/SHEZAMME","https:\/\/www.instagram.com\/shezamme\/","https:\/\/www.youtube.com\/channel\/UCsTJxi_9fODHdO_1bmJbqvQ","https:\/\/www.tiktok.com\/shezamme.com"]}]}},"brands":[{"id":1186,"name":"HUF","slug":"huf"},{"id":756,"name":"Nike","slug":"nike"}],"_links":{"self":[{"href":"https:\/\/shezamme.com\/en\/wp-json\/wp\/v2\/product\/21349","targetHints":{"allow":["GET"]}}],"collection":[{"href":"https:\/\/shezamme.com\/en\/wp-json\/wp\/v2\/product"}],"about":[{"href":"https:\/\/shezamme.com\/en\/wp-json\/wp\/v2\/types\/product"}],"wp:featuredmedia":[{"embeddable":true,"href":"https:\/\/shezamme.com\/en\/wp-json\/wp\/v2\/media\/21350"}],"wp:attachment":[{"href":"https:\/\/shezamme.com\/en\/wp-json\/wp\/v2\/media?parent=21349"}],"wp:term":[{"taxonomy":"pwb-brand","embeddable":true,"href":"https:\/\/shezamme.com\/en\/wp-json\/wp\/v2\/pwb-brand?post=21349"},{"taxonomy":"product_brand","embeddable":true,"href":"https:\/\/shezamme.com\/en\/wp-json\/wp\/v2\/product_brand?post=21349"},{"taxonomy":"product_cat","embeddable":true,"href":"https:\/\/shezamme.com\/en\/wp-json\/wp\/v2\/product_cat?post=21349"},{"taxonomy":"product_tag","embeddable":true,"href":"https:\/\/shezamme.com\/en\/wp-json\/wp\/v2\/product_tag?post=21349"}],"curies":[{"name":"wp","href":"https:\/\/api.w.org\/{rel}","templated":true}]}}