{"id":212844,"date":"2025-10-27T16:56:06","date_gmt":"2025-10-27T15:56:06","guid":{"rendered":"https:\/\/shezamme.com\/?post_type=product&#038;p=212844"},"modified":"2025-10-27T16:56:08","modified_gmt":"2025-10-27T15:56:08","slug":"new-balance-9060-rich-oak","status":"publish","type":"product","link":"https:\/\/shezamme.com\/en\/sklep\/buty\/new-balance\/new-balance-9060\/new-balance-9060-rich-oak\/","title":{"rendered":"New Balance 9060 Rich Oak"},"content":{"rendered":"<h2 data-start=\"362\" data-end=\"415\"><strong data-start=\"365\" data-end=\"413\">Nowoczesna interpretacja stylu retro-running<\/strong><\/h2>\n<p data-start=\"416\" data-end=\"731\"><strong data-start=\"416\" data-end=\"445\">New Balance 9060 Rich Oak<\/strong> to model, kt\u00f3ry rozwija stylistyk\u0119 serii 99X w nowoczesnym kierunku. Projekt opiera si\u0119 na wyrazistej, warstwowej sylwetce inspirowanej butami biegowymi z lat 2000. Poszerzona podeszwa, dynamiczne linie i niestandardowe proporcje nadaj\u0105 butom futurystyczny, ale funkcjonalny charakter.<\/p>\n<h2 data-start=\"733\" data-end=\"784\"><strong data-start=\"736\" data-end=\"782\">Kolorystyka Rich Oak \u2013 ciep\u0142y odcie\u0144 ziemi<\/strong><\/h2>\n<p data-start=\"785\" data-end=\"1120\">Variant <strong data-start=\"793\" data-end=\"805\">Rich Oak<\/strong> to po\u0142\u0105czenie ciep\u0142ych br\u0105z\u00f3w, zgaszonych be\u017c\u00f3w i oliwkowych detali, kt\u00f3re tworz\u0105 sp\u00f3jn\u0105, naturaln\u0105 palet\u0119. Cholewka wykonana z zamszu, siateczki i materia\u0142\u00f3w syntetycznych zapewnia odpowiedni\u0105 przewiewno\u015b\u0107 oraz trwa\u0142o\u015b\u0107. Kolorystyka wpisuje si\u0119 w sezon jesienno-zimowy, ale pozostaje uniwersalna r\u00f3wnie\u017c poza nim.<\/p>\n<h2 data-start=\"1122\" data-end=\"1166\"><strong data-start=\"1125\" data-end=\"1164\">Podeszwa z technologi\u0105 ABZORB i SBS<\/strong><\/h2>\n<p data-start=\"1167\" data-end=\"1477\">Model zosta\u0142 wyposa\u017cony w dwie kluczowe technologie New Balance: <strong data-start=\"1232\" data-end=\"1242\">ABZORB<\/strong> odpowiada za amortyzacj\u0119, a <strong data-start=\"1271\" data-end=\"1278\">SBS<\/strong> dodaje spr\u0119\u017cysto\u015bci i stabilno\u015bci. Warstwowa podeszwa \u015brodkowa nie tylko zapewnia komfort, ale te\u017c definiuje wizualny charakter buta. Gumowy bie\u017cnik gwarantuje przyczepno\u015b\u0107 w codziennym u\u017cytkowaniu.<\/p>\n<h2 data-start=\"1479\" data-end=\"1533\"><strong data-start=\"1482\" data-end=\"1531\">Limitowana edycja z dopracowanym wyko\u0144czeniem<\/strong><\/h2>\n<p data-start=\"1534\" data-end=\"1827\"><strong data-start=\"1534\" data-end=\"1551\">9060 Rich Oak<\/strong> to model wydawany w ograniczonych ilo\u015bciach, dost\u0119pny tylko w wybranych sklepach. Wysoka jako\u015b\u0107 wykonania, dopracowane przeszycia i wyselekcjonowane materia\u0142y nadaj\u0105 mu warto\u015b\u0107 nie tylko u\u017cytkow\u0105, ale tak\u017ce kolekcjonersk\u0105. To jedna z bardziej dopracowanych wersji serii 9060.<\/p>","protected":false},"excerpt":{"rendered":"<h2 data-start=\"1829\" data-end=\"1895\"><strong data-start=\"1832\" data-end=\"1893\">Model dla os\u00f3b szukaj\u0105cych balansu mi\u0119dzy stylem a wygod\u0105<\/strong><\/h2>\n<p data-start=\"1896\" data-end=\"2166\">Dzi\u0119ki zr\u00f3wnowa\u017conemu projektowi, <strong data-start=\"1930\" data-end=\"1959\">New Balance 9060 Rich Oak<\/strong> sprawdzi si\u0119 zar\u00f3wno w codziennym u\u017cytkowaniu, jak i jako element bardziej \u015bwiadomych stylizacji. Buty dobrze wsp\u00f3\u0142graj\u0105 z odzie\u017c\u0105 techniczn\u0105, denimiem, warstwowymi lookami i neutraln\u0105 palet\u0105 kolorystyczn\u0105.<\/p>","protected":false},"featured_media":212862,"template":"","meta":{"_acf_changed":false,"_yoast_wpseo_focuskw":"New Balance 9060 Rich Oak","_yoast_wpseo_title":"","_yoast_wpseo_metadesc":""},"pwb-brand":[769],"product_brand":[],"product_cat":[16,321,876],"product_tag":[1008,1009],"class_list":{"0":"post-212844","1":"product","2":"type-product","3":"status-publish","4":"has-post-thumbnail","6":"pwb-brand-new-balance","7":"product_cat-buty","8":"product_cat-new-balance","9":"product_cat-new-balance-9060","10":"product_tag-kobieta","11":"product_tag-mezczyzna","13":"first","14":"onbackorder","15":"taxable","16":"shipping-taxable","17":"purchasable","18":"product-type-variable"},"acf":[],"yoast_head":"<!-- This site is optimized with the Yoast SEO plugin v27.3 - https:\/\/yoast.com\/product\/yoast-seo-wordpress\/ -->\n<title>New Balance 9060 Rich Oak - SHEZAMME<\/title>\n<meta name=\"description\" content=\"New Balance 9060 Rich Oak | Luksusowe i autentyczne przedmioty w jednym miejscu. B\u0105d\u017a na bie\u017c\u0105co i sprawd\u017a nasz\u0105 ofert\u0119 ju\u017c teraz\" \/>\n<meta name=\"robots\" content=\"index, follow, max-snippet:-1, max-image-preview:large, max-video-preview:-1\" \/>\n<link rel=\"canonical\" href=\"https:\/\/shezamme.com\/en\/sklep\/sneakers-2\/new-balance\/new-balance-9060\/new-balance-9060-rich-oak\/\" \/>\n<meta property=\"og:locale\" content=\"en_US\" \/>\n<meta property=\"og:type\" content=\"article\" \/>\n<meta property=\"og:title\" content=\"New Balance 9060 Rich Oak - SHEZAMME\" \/>\n<meta property=\"og:description\" content=\"New Balance 9060 Rich Oak | Luksusowe i autentyczne przedmioty w jednym miejscu. B\u0105d\u017a na bie\u017c\u0105co i sprawd\u017a nasz\u0105 ofert\u0119 ju\u017c teraz\" \/>\n<meta property=\"og:url\" content=\"https:\/\/shezamme.com\/en\/sklep\/sneakers-2\/new-balance\/new-balance-9060\/new-balance-9060-rich-oak\/\" \/>\n<meta property=\"og:site_name\" content=\"SHEZAMME - Yeezy, Jordan, Supreme i inne oryginalne rzeczy\" \/>\n<meta property=\"article:publisher\" content=\"https:\/\/www.facebook.com\/SHEZAMME\/\" \/>\n<meta property=\"article:modified_time\" content=\"2025-10-27T15:56:08+00:00\" \/>\n<meta property=\"og:image\" content=\"https:\/\/shezamme.com\/wp-content\/uploads\/2025\/10\/New-Balance-9060-Rich-Oak.webp\" \/>\n\t<meta property=\"og:image:width\" content=\"1080\" \/>\n\t<meta property=\"og:image:height\" content=\"1080\" \/>\n\t<meta property=\"og:image:type\" content=\"image\/webp\" \/>\n<meta name=\"twitter:card\" content=\"summary_large_image\" \/>\n<meta name=\"twitter:site\" content=\"@SHEZAMME\" \/>\n<meta name=\"twitter:label1\" content=\"Est. reading time\" \/>\n\t<meta name=\"twitter:data1\" content=\"1 minute\" \/>\n<script type=\"application\/ld+json\" class=\"yoast-schema-graph\">{\"@context\":\"https:\\\/\\\/schema.org\",\"@graph\":[{\"@type\":\"WebPage\",\"@id\":\"https:\\\/\\\/shezamme.com\\\/sklep\\\/buty\\\/new-balance\\\/new-balance-9060\\\/new-balance-9060-rich-oak\\\/\",\"url\":\"https:\\\/\\\/shezamme.com\\\/sklep\\\/buty\\\/new-balance\\\/new-balance-9060\\\/new-balance-9060-rich-oak\\\/\",\"name\":\"New Balance 9060 Rich Oak - SHEZAMME\",\"isPartOf\":{\"@id\":\"https:\\\/\\\/shezamme.com\\\/#website\"},\"primaryImageOfPage\":{\"@id\":\"https:\\\/\\\/shezamme.com\\\/sklep\\\/buty\\\/new-balance\\\/new-balance-9060\\\/new-balance-9060-rich-oak\\\/#primaryimage\"},\"image\":{\"@id\":\"https:\\\/\\\/shezamme.com\\\/sklep\\\/buty\\\/new-balance\\\/new-balance-9060\\\/new-balance-9060-rich-oak\\\/#primaryimage\"},\"thumbnailUrl\":\"https:\\\/\\\/shezamme.com\\\/wp-content\\\/uploads\\\/2025\\\/10\\\/New-Balance-9060-Rich-Oak.webp\",\"datePublished\":\"2025-10-27T15:56:06+00:00\",\"dateModified\":\"2025-10-27T15:56:08+00:00\",\"description\":\"New Balance 9060 Rich Oak | Luksusowe i autentyczne przedmioty w jednym miejscu. B\u0105d\u017a na bie\u017c\u0105co i sprawd\u017a nasz\u0105 ofert\u0119 ju\u017c teraz\",\"breadcrumb\":{\"@id\":\"https:\\\/\\\/shezamme.com\\\/sklep\\\/buty\\\/new-balance\\\/new-balance-9060\\\/new-balance-9060-rich-oak\\\/#breadcrumb\"},\"inLanguage\":\"en-US\",\"potentialAction\":[{\"@type\":\"ReadAction\",\"target\":[\"https:\\\/\\\/shezamme.com\\\/sklep\\\/buty\\\/new-balance\\\/new-balance-9060\\\/new-balance-9060-rich-oak\\\/\"]}]},{\"@type\":\"ImageObject\",\"inLanguage\":\"en-US\",\"@id\":\"https:\\\/\\\/shezamme.com\\\/sklep\\\/buty\\\/new-balance\\\/new-balance-9060\\\/new-balance-9060-rich-oak\\\/#primaryimage\",\"url\":\"https:\\\/\\\/shezamme.com\\\/wp-content\\\/uploads\\\/2025\\\/10\\\/New-Balance-9060-Rich-Oak.webp\",\"contentUrl\":\"https:\\\/\\\/shezamme.com\\\/wp-content\\\/uploads\\\/2025\\\/10\\\/New-Balance-9060-Rich-Oak.webp\",\"width\":1080,\"height\":1080,\"caption\":\"New Balance 9060 Rich Oak\"},{\"@type\":\"BreadcrumbList\",\"@id\":\"https:\\\/\\\/shezamme.com\\\/sklep\\\/buty\\\/new-balance\\\/new-balance-9060\\\/new-balance-9060-rich-oak\\\/#breadcrumb\",\"itemListElement\":[{\"@type\":\"ListItem\",\"position\":1,\"name\":\"Strona g\u0142\u00f3wna\",\"item\":\"https:\\\/\\\/shezamme.com\\\/\"},{\"@type\":\"ListItem\",\"position\":2,\"name\":\"Sklep\",\"item\":\"https:\\\/\\\/shezamme.com\\\/en\\\/sklep\\\/\"},{\"@type\":\"ListItem\",\"position\":3,\"name\":\"New Balance 9060 Rich Oak\"}]},{\"@type\":\"WebSite\",\"@id\":\"https:\\\/\\\/shezamme.com\\\/#website\",\"url\":\"https:\\\/\\\/shezamme.com\\\/\",\"name\":\"SHEZAMME - Sneakersy, Streetwear i luksusowe marki\",\"description\":\"Oryginalne i ekskluzywne przedmioty w jednym miejscu. Sprawd\u017a nasze produkty ju\u017c teraz i b\u0105d\u017a na bie\u017c\u0105co z wszystkimi premierami.\",\"publisher\":{\"@id\":\"https:\\\/\\\/shezamme.com\\\/#organization\"},\"potentialAction\":[{\"@type\":\"SearchAction\",\"target\":{\"@type\":\"EntryPoint\",\"urlTemplate\":\"https:\\\/\\\/shezamme.com\\\/?s={search_term_string}\"},\"query-input\":{\"@type\":\"PropertyValueSpecification\",\"valueRequired\":true,\"valueName\":\"search_term_string\"}}],\"inLanguage\":\"en-US\"},{\"@type\":\"Organization\",\"@id\":\"https:\\\/\\\/shezamme.com\\\/#organization\",\"name\":\"SHEZAMME - Sneakersy, Streetwear i luksusowe marki\",\"url\":\"https:\\\/\\\/shezamme.com\\\/\",\"logo\":{\"@type\":\"ImageObject\",\"inLanguage\":\"en-US\",\"@id\":\"https:\\\/\\\/shezamme.com\\\/#\\\/schema\\\/logo\\\/image\\\/\",\"url\":\"https:\\\/\\\/shezamme.com\\\/wp-content\\\/uploads\\\/2023\\\/02\\\/0x0.png\",\"contentUrl\":\"https:\\\/\\\/shezamme.com\\\/wp-content\\\/uploads\\\/2023\\\/02\\\/0x0.png\",\"width\":2000,\"height\":2000,\"caption\":\"SHEZAMME - Sneakersy, Streetwear i luksusowe marki\"},\"image\":{\"@id\":\"https:\\\/\\\/shezamme.com\\\/#\\\/schema\\\/logo\\\/image\\\/\"},\"sameAs\":[\"https:\\\/\\\/www.facebook.com\\\/SHEZAMME\\\/\",\"https:\\\/\\\/x.com\\\/SHEZAMME\",\"https:\\\/\\\/www.instagram.com\\\/shezamme\\\/\",\"https:\\\/\\\/www.youtube.com\\\/channel\\\/UCsTJxi_9fODHdO_1bmJbqvQ\",\"https:\\\/\\\/www.tiktok.com\\\/shezamme.com\"]}]}<\/script>\n<!-- \/ Yoast SEO plugin. -->","yoast_head_json":{"title":"New Balance 9060 Rich Oak - SHEZAMME","description":"New Balance 9060 Rich Oak | Luksusowe i autentyczne przedmioty w jednym miejscu. B\u0105d\u017a na bie\u017c\u0105co i sprawd\u017a nasz\u0105 ofert\u0119 ju\u017c teraz","robots":{"index":"index","follow":"follow","max-snippet":"max-snippet:-1","max-image-preview":"max-image-preview:large","max-video-preview":"max-video-preview:-1"},"canonical":"https:\/\/shezamme.com\/en\/sklep\/sneakers-2\/new-balance\/new-balance-9060\/new-balance-9060-rich-oak\/","og_locale":"en_US","og_type":"article","og_title":"New Balance 9060 Rich Oak - SHEZAMME","og_description":"New Balance 9060 Rich Oak | Luksusowe i autentyczne przedmioty w jednym miejscu. B\u0105d\u017a na bie\u017c\u0105co i sprawd\u017a nasz\u0105 ofert\u0119 ju\u017c teraz","og_url":"https:\/\/shezamme.com\/en\/sklep\/sneakers-2\/new-balance\/new-balance-9060\/new-balance-9060-rich-oak\/","og_site_name":"SHEZAMME - Yeezy, Jordan, Supreme i inne oryginalne rzeczy","article_publisher":"https:\/\/www.facebook.com\/SHEZAMME\/","article_modified_time":"2025-10-27T15:56:08+00:00","og_image":[{"width":1080,"height":1080,"url":"https:\/\/shezamme.com\/wp-content\/uploads\/2025\/10\/New-Balance-9060-Rich-Oak.webp","type":"image\/webp"}],"twitter_card":"summary_large_image","twitter_site":"@SHEZAMME","twitter_misc":{"Est. reading time":"1 minute"},"schema":{"@context":"https:\/\/schema.org","@graph":[{"@type":"WebPage","@id":"https:\/\/shezamme.com\/sklep\/buty\/new-balance\/new-balance-9060\/new-balance-9060-rich-oak\/","url":"https:\/\/shezamme.com\/sklep\/buty\/new-balance\/new-balance-9060\/new-balance-9060-rich-oak\/","name":"New Balance 9060 Rich Oak - SHEZAMME","isPartOf":{"@id":"https:\/\/shezamme.com\/#website"},"primaryImageOfPage":{"@id":"https:\/\/shezamme.com\/sklep\/buty\/new-balance\/new-balance-9060\/new-balance-9060-rich-oak\/#primaryimage"},"image":{"@id":"https:\/\/shezamme.com\/sklep\/buty\/new-balance\/new-balance-9060\/new-balance-9060-rich-oak\/#primaryimage"},"thumbnailUrl":"https:\/\/shezamme.com\/wp-content\/uploads\/2025\/10\/New-Balance-9060-Rich-Oak.webp","datePublished":"2025-10-27T15:56:06+00:00","dateModified":"2025-10-27T15:56:08+00:00","description":"New Balance 9060 Rich Oak | Luksusowe i autentyczne przedmioty w jednym miejscu. B\u0105d\u017a na bie\u017c\u0105co i sprawd\u017a nasz\u0105 ofert\u0119 ju\u017c teraz","breadcrumb":{"@id":"https:\/\/shezamme.com\/sklep\/buty\/new-balance\/new-balance-9060\/new-balance-9060-rich-oak\/#breadcrumb"},"inLanguage":"en-US","potentialAction":[{"@type":"ReadAction","target":["https:\/\/shezamme.com\/sklep\/buty\/new-balance\/new-balance-9060\/new-balance-9060-rich-oak\/"]}]},{"@type":"ImageObject","inLanguage":"en-US","@id":"https:\/\/shezamme.com\/sklep\/buty\/new-balance\/new-balance-9060\/new-balance-9060-rich-oak\/#primaryimage","url":"https:\/\/shezamme.com\/wp-content\/uploads\/2025\/10\/New-Balance-9060-Rich-Oak.webp","contentUrl":"https:\/\/shezamme.com\/wp-content\/uploads\/2025\/10\/New-Balance-9060-Rich-Oak.webp","width":1080,"height":1080,"caption":"New Balance 9060 Rich Oak"},{"@type":"BreadcrumbList","@id":"https:\/\/shezamme.com\/sklep\/buty\/new-balance\/new-balance-9060\/new-balance-9060-rich-oak\/#breadcrumb","itemListElement":[{"@type":"ListItem","position":1,"name":"Strona g\u0142\u00f3wna","item":"https:\/\/shezamme.com\/"},{"@type":"ListItem","position":2,"name":"Sklep","item":"https:\/\/shezamme.com\/en\/sklep\/"},{"@type":"ListItem","position":3,"name":"New Balance 9060 Rich Oak"}]},{"@type":"WebSite","@id":"https:\/\/shezamme.com\/#website","url":"https:\/\/shezamme.com\/","name":"SHEZAMME - Sneakers, Streetwear and luxury brands","description":"Original and exclusive items in one place. Check out our products now and stay up to date with all launches.","publisher":{"@id":"https:\/\/shezamme.com\/#organization"},"potentialAction":[{"@type":"SearchAction","target":{"@type":"EntryPoint","urlTemplate":"https:\/\/shezamme.com\/?s={search_term_string}"},"query-input":{"@type":"PropertyValueSpecification","valueRequired":true,"valueName":"search_term_string"}}],"inLanguage":"en-US"},{"@type":"Organization","@id":"https:\/\/shezamme.com\/#organization","name":"SHEZAMME - Sneakers, Streetwear and luxury brands","url":"https:\/\/shezamme.com\/","logo":{"@type":"ImageObject","inLanguage":"en-US","@id":"https:\/\/shezamme.com\/#\/schema\/logo\/image\/","url":"https:\/\/shezamme.com\/wp-content\/uploads\/2023\/02\/0x0.png","contentUrl":"https:\/\/shezamme.com\/wp-content\/uploads\/2023\/02\/0x0.png","width":2000,"height":2000,"caption":"SHEZAMME - Sneakersy, Streetwear i luksusowe marki"},"image":{"@id":"https:\/\/shezamme.com\/#\/schema\/logo\/image\/"},"sameAs":["https:\/\/www.facebook.com\/SHEZAMME\/","https:\/\/x.com\/SHEZAMME","https:\/\/www.instagram.com\/shezamme\/","https:\/\/www.youtube.com\/channel\/UCsTJxi_9fODHdO_1bmJbqvQ","https:\/\/www.tiktok.com\/shezamme.com"]}]}},"brands":[{"id":769,"name":"New Balance","slug":"new-balance"}],"_links":{"self":[{"href":"https:\/\/shezamme.com\/en\/wp-json\/wp\/v2\/product\/212844","targetHints":{"allow":["GET"]}}],"collection":[{"href":"https:\/\/shezamme.com\/en\/wp-json\/wp\/v2\/product"}],"about":[{"href":"https:\/\/shezamme.com\/en\/wp-json\/wp\/v2\/types\/product"}],"wp:featuredmedia":[{"embeddable":true,"href":"https:\/\/shezamme.com\/en\/wp-json\/wp\/v2\/media\/212862"}],"wp:attachment":[{"href":"https:\/\/shezamme.com\/en\/wp-json\/wp\/v2\/media?parent=212844"}],"wp:term":[{"taxonomy":"pwb-brand","embeddable":true,"href":"https:\/\/shezamme.com\/en\/wp-json\/wp\/v2\/pwb-brand?post=212844"},{"taxonomy":"product_brand","embeddable":true,"href":"https:\/\/shezamme.com\/en\/wp-json\/wp\/v2\/product_brand?post=212844"},{"taxonomy":"product_cat","embeddable":true,"href":"https:\/\/shezamme.com\/en\/wp-json\/wp\/v2\/product_cat?post=212844"},{"taxonomy":"product_tag","embeddable":true,"href":"https:\/\/shezamme.com\/en\/wp-json\/wp\/v2\/product_tag?post=212844"}],"curies":[{"name":"wp","href":"https:\/\/api.w.org\/{rel}","templated":true}]}}