{"id":210779,"date":"2025-10-10T16:55:36","date_gmt":"2025-10-10T14:55:36","guid":{"rendered":"https:\/\/shezamme.com\/?post_type=product&#038;p=210779"},"modified":"2026-03-15T22:16:11","modified_gmt":"2026-03-15T21:16:11","slug":"fear-of-god-essentials-fleece-hoodie-ii-light-heather-grey","status":"publish","type":"product","link":"https:\/\/shezamme.com\/en\/sklep\/bluzy\/wszystkie-bluzy\/fear-of-god-essentials-fleece-hoodie-ii-light-heather-grey\/","title":{"rendered":"Fear of God Essentials Fleece Hoodie II Light Heather Grey"},"content":{"rendered":"<h2 data-start=\"154\" data-end=\"226\"><strong data-start=\"157\" data-end=\"226\">Fear of God Essentials Fleece Hoodie II \u2013 Komfort i styl w jednym<\/strong><\/h2>\n<p data-start=\"228\" data-end=\"618\"><strong data-start=\"228\" data-end=\"271\">Fear of God Essentials Fleece Hoodie II<\/strong> w kolorze <strong data-start=\"282\" data-end=\"304\">Light Heather Grey<\/strong> to klasyk, kt\u00f3ry \u0142\u0105czy <strong data-start=\"328\" data-end=\"354\">minimalistyczny design<\/strong> z najwy\u017cszym komfortem. Hoodie wykonane z <strong data-start=\"397\" data-end=\"421\">polarowego materia\u0142u<\/strong> oferuje <strong data-start=\"430\" data-end=\"442\">mi\u0119kko\u015b\u0107<\/strong> i <strong data-start=\"445\" data-end=\"455\">ciep\u0142o<\/strong>, co sprawia, \u017ce idealnie sprawdza si\u0119 zar\u00f3wno na co dzie\u0144, jak i w ch\u0142odniejsze dni. To pozycja obowi\u0105zkowa dla fan\u00f3w streetwearu, kt\u00f3rzy ceni\u0105 jako\u015b\u0107 i prostot\u0119.<\/p>\n<h2 data-start=\"856\" data-end=\"915\">Fear of God Essentials \u2013 streetwear premium bez przesady<\/h2>\n<p data-start=\"917\" data-end=\"1254\">Linia Essentials stawia na prostot\u0119, dopracowane proporcje i jako\u015b\u0107, kt\u00f3ra broni si\u0119 sama. Zamiast krzykliwych nadruk\u00f3w dostajesz minimalistyczny design, kt\u00f3ry \u0142atwo \u0142\u0105czy\u0107 z reszt\u0105 garderoby. <strong>Fear of God Essentials Fleece Hoodie II Light Heather Grey<\/strong>\u00a0idealnie wpisuje si\u0119 w t\u0119 estetyk\u0119: spokojna forma, przyjemny materia\u0142 i ponadczasowy wygl\u0105d.<\/p>\n<h2 data-start=\"620\" data-end=\"693\"><strong data-start=\"623\" data-end=\"693\">Wysokiej jako\u015bci materia\u0142, kt\u00f3ry zapewnia komfort przez ca\u0142y dzie\u0144<\/strong><\/h2>\n<p data-start=\"695\" data-end=\"990\">Hoodie zosta\u0142o uszyte z <strong data-start=\"719\" data-end=\"755\">wyj\u0105tkowego materia\u0142u polarowego<\/strong>, kt\u00f3ry jest <strong data-start=\"768\" data-end=\"790\">przyjemny w dotyku<\/strong> i <strong data-start=\"793\" data-end=\"807\">przewiewny<\/strong>, zapewniaj\u0105c wygod\u0119 noszenia przez ca\u0142y dzie\u0144. <strong data-start=\"855\" data-end=\"872\">Ciep\u0142y fleece<\/strong> sprawia, \u017ce jest to idealny wyb\u00f3r na ch\u0142odniejsze dni, jednocze\u015bnie nie przegrzewaj\u0105c cia\u0142a w cieplejszych warunkach.<\/p>\n<h2 data-start=\"992\" data-end=\"1046\"><strong data-start=\"995\" data-end=\"1046\">Uniwersalny kr\u00f3j, kt\u00f3ry pasuje do ka\u017cdego stylu<\/strong><\/h2>\n<p data-start=\"1048\" data-end=\"1283\">Hoodie posiada <strong data-start=\"1063\" data-end=\"1091\">lu\u017any, oversize\u2019owy kr\u00f3j<\/strong>, kt\u00f3ry daje pe\u0142n\u0105 swobod\u0119 ruch\u00f3w i <strong data-start=\"1127\" data-end=\"1173\">doskonale komponuje si\u0119 z ka\u017cd\u0105 stylizacj\u0105<\/strong>. Mo\u017cesz je \u0142\u0105czy\u0107 z d\u017cinsami, joggerami czy szortami, tworz\u0105c komfortowy, a zarazem modny wygl\u0105d na co dzie\u0144.<\/p>\n<h2 data-start=\"1285\" data-end=\"1323\"><strong data-start=\"1288\" data-end=\"1323\">Subtelne logo i klasyczny detal<\/strong><\/h2>\n<p data-start=\"1325\" data-end=\"1572\"><strong data-start=\"1325\" data-end=\"1366\">Delikatne logo Fear of God Essentials<\/strong> na klatce piersiowej to subtelny, ale rozpoznawalny akcent, kt\u00f3ry podkre\u015bla <strong data-start=\"1443\" data-end=\"1460\">wysok\u0105 jako\u015b\u0107<\/strong> tej odzie\u017cy. Wz\u00f3r jest dyskretny, dzi\u0119ki czemu hoodie pasuje do wielu stylizacji, nie dominuj\u0105c ca\u0142ego wygl\u0105du.<\/p>","protected":false},"excerpt":{"rendered":"<h2 data-start=\"1574\" data-end=\"1650\"><strong data-start=\"1577\" data-end=\"1650\">Fear of God Essentials Fleece Hoodie II \u2013 Niezb\u0119dny element garderoby<\/strong><\/h2>\n<p data-start=\"1652\" data-end=\"1993\"><strong data-start=\"1652\" data-end=\"1714\">Fear of God Essentials Fleece Hoodie II Light Heather Grey<\/strong> to po\u0142\u0105czenie wygody i eleganckiego minimalizmu. Jego <strong data-start=\"1769\" data-end=\"1798\">wysokiej jako\u015bci materia\u0142<\/strong>, <strong data-start=\"1800\" data-end=\"1820\">przemy\u015blany kr\u00f3j<\/strong> and <strong data-start=\"1826\" data-end=\"1845\">subtelne detale<\/strong> sprawiaj\u0105, \u017ce jest to must-have w szafie ka\u017cdego fana mody ulicznej. Doskona\u0142y wyb\u00f3r na ka\u017cd\u0105 okazj\u0119, od casualowych spotka\u0144 po codzienne noszenie.<\/p>","protected":false},"featured_media":210780,"template":"","meta":{"_acf_changed":false},"pwb-brand":[775],"product_brand":[],"product_cat":[113,976,929],"product_tag":[1008,1009],"class_list":{"0":"post-210779","1":"product","2":"type-product","3":"status-publish","4":"has-post-thumbnail","6":"pwb-brand-fear-of-god","7":"product_cat-bluzy","8":"product_cat-bluzy-essentials","9":"product_cat-wszystkie-bluzy","10":"product_tag-kobieta","11":"product_tag-mezczyzna","12":"pa_rozmiar-ubrania-l","13":"pa_rozmiar-ubrania-m","14":"pa_rozmiar-ubrania-s","15":"pa_rozmiar-ubrania-xl","16":"pa_rozmiar-ubrania-xs","18":"first","19":"instock","20":"sale","21":"taxable","22":"shipping-taxable","23":"purchasable","24":"product-type-variable"},"acf":[],"yoast_head":"<!-- This site is optimized with the Yoast SEO plugin v27.2 - https:\/\/yoast.com\/product\/yoast-seo-wordpress\/ -->\n<title>Fear of God Essentials Fleece Hoodie II Light Heather Grey - SHEZAMME<\/title>\n<meta name=\"description\" content=\"Fear of God Essentials Fleece Hoodie II Light Heather Grey | Luksusowe i autentyczne przedmioty w jednym miejscu. B\u0105d\u017a na bie\u017c\u0105co i sprawd\u017a nasz\u0105 ofert\u0119 ju\u017c teraz\" \/>\n<meta name=\"robots\" content=\"index, follow, max-snippet:-1, max-image-preview:large, max-video-preview:-1\" \/>\n<link rel=\"canonical\" href=\"https:\/\/shezamme.com\/en\/sklep\/sweatshirts-2\/all-sweatshirts\/fear-of-god-essentials-fleece-hoodie-ii-light-heather-grey\/\" \/>\n<meta property=\"og:locale\" content=\"en_US\" \/>\n<meta property=\"og:type\" content=\"article\" \/>\n<meta property=\"og:title\" content=\"Fear of God Essentials Fleece Hoodie II Light Heather Grey - SHEZAMME\" \/>\n<meta property=\"og:description\" content=\"Fear of God Essentials Fleece Hoodie II Light Heather Grey | Luksusowe i autentyczne przedmioty w jednym miejscu. B\u0105d\u017a na bie\u017c\u0105co i sprawd\u017a nasz\u0105 ofert\u0119 ju\u017c teraz\" \/>\n<meta property=\"og:url\" content=\"https:\/\/shezamme.com\/en\/sklep\/sweatshirts-2\/all-sweatshirts\/fear-of-god-essentials-fleece-hoodie-ii-light-heather-grey\/\" \/>\n<meta property=\"og:site_name\" content=\"SHEZAMME - Yeezy, Jordan, Supreme i inne oryginalne rzeczy\" \/>\n<meta property=\"article:publisher\" content=\"https:\/\/www.facebook.com\/SHEZAMME\/\" \/>\n<meta property=\"article:modified_time\" content=\"2026-03-15T21:16:11+00:00\" \/>\n<meta property=\"og:image\" content=\"https:\/\/shezamme.com\/wp-content\/uploads\/2025\/10\/Fear-of-God-Essentials-Fleece-Hoodie-II-Light-Heather-Grey-1.webp\" \/>\n\t<meta property=\"og:image:width\" content=\"1080\" \/>\n\t<meta property=\"og:image:height\" content=\"1080\" \/>\n\t<meta property=\"og:image:type\" content=\"image\/webp\" \/>\n<meta name=\"twitter:card\" content=\"summary_large_image\" \/>\n<meta name=\"twitter:site\" content=\"@SHEZAMME\" \/>\n<meta name=\"twitter:label1\" content=\"Est. reading time\" \/>\n\t<meta name=\"twitter:data1\" content=\"2 minutes\" \/>\n<script type=\"application\/ld+json\" class=\"yoast-schema-graph\">{\"@context\":\"https:\/\/schema.org\",\"@graph\":[{\"@type\":\"WebPage\",\"@id\":\"https:\/\/shezamme.com\/sklep\/bluzy\/wszystkie-bluzy\/fear-of-god-essentials-fleece-hoodie-ii-light-heather-grey\/\",\"url\":\"https:\/\/shezamme.com\/sklep\/bluzy\/wszystkie-bluzy\/fear-of-god-essentials-fleece-hoodie-ii-light-heather-grey\/\",\"name\":\"Fear of God Essentials Fleece Hoodie II Light Heather Grey - SHEZAMME\",\"isPartOf\":{\"@id\":\"https:\/\/shezamme.com\/#website\"},\"primaryImageOfPage\":{\"@id\":\"https:\/\/shezamme.com\/sklep\/bluzy\/wszystkie-bluzy\/fear-of-god-essentials-fleece-hoodie-ii-light-heather-grey\/#primaryimage\"},\"image\":{\"@id\":\"https:\/\/shezamme.com\/sklep\/bluzy\/wszystkie-bluzy\/fear-of-god-essentials-fleece-hoodie-ii-light-heather-grey\/#primaryimage\"},\"thumbnailUrl\":\"https:\/\/shezamme.com\/wp-content\/uploads\/2025\/10\/Fear-of-God-Essentials-Fleece-Hoodie-II-Light-Heather-Grey-1.webp\",\"datePublished\":\"2025-10-10T14:55:36+00:00\",\"dateModified\":\"2026-03-15T21:16:11+00:00\",\"description\":\"Fear of God Essentials Fleece Hoodie II Light Heather Grey | Luksusowe i autentyczne przedmioty w jednym miejscu. B\u0105d\u017a na bie\u017c\u0105co i sprawd\u017a nasz\u0105 ofert\u0119 ju\u017c teraz\",\"breadcrumb\":{\"@id\":\"https:\/\/shezamme.com\/sklep\/bluzy\/wszystkie-bluzy\/fear-of-god-essentials-fleece-hoodie-ii-light-heather-grey\/#breadcrumb\"},\"inLanguage\":\"en-US\",\"potentialAction\":[{\"@type\":\"ReadAction\",\"target\":[\"https:\/\/shezamme.com\/sklep\/bluzy\/wszystkie-bluzy\/fear-of-god-essentials-fleece-hoodie-ii-light-heather-grey\/\"]}]},{\"@type\":\"ImageObject\",\"inLanguage\":\"en-US\",\"@id\":\"https:\/\/shezamme.com\/sklep\/bluzy\/wszystkie-bluzy\/fear-of-god-essentials-fleece-hoodie-ii-light-heather-grey\/#primaryimage\",\"url\":\"https:\/\/shezamme.com\/wp-content\/uploads\/2025\/10\/Fear-of-God-Essentials-Fleece-Hoodie-II-Light-Heather-Grey-1.webp\",\"contentUrl\":\"https:\/\/shezamme.com\/wp-content\/uploads\/2025\/10\/Fear-of-God-Essentials-Fleece-Hoodie-II-Light-Heather-Grey-1.webp\",\"width\":1080,\"height\":1080,\"caption\":\"Fear of God Essentials Fleece Hoodie II Light Heather Grey\"},{\"@type\":\"BreadcrumbList\",\"@id\":\"https:\/\/shezamme.com\/sklep\/bluzy\/wszystkie-bluzy\/fear-of-god-essentials-fleece-hoodie-ii-light-heather-grey\/#breadcrumb\",\"itemListElement\":[{\"@type\":\"ListItem\",\"position\":1,\"name\":\"Strona g\u0142\u00f3wna\",\"item\":\"https:\/\/shezamme.com\/\"},{\"@type\":\"ListItem\",\"position\":2,\"name\":\"Sklep\",\"item\":\"https:\/\/shezamme.com\/sklep\/\"},{\"@type\":\"ListItem\",\"position\":3,\"name\":\"Fear of God Essentials Fleece Hoodie II Light Heather Grey\"}]},{\"@type\":\"WebSite\",\"@id\":\"https:\/\/shezamme.com\/#website\",\"url\":\"https:\/\/shezamme.com\/\",\"name\":\"SHEZAMME - Sneakersy, Streetwear i luksusowe marki\",\"description\":\"Oryginalne i ekskluzywne przedmioty w jednym miejscu. Sprawd\u017a nasze produkty ju\u017c teraz i b\u0105d\u017a na bie\u017c\u0105co z wszystkimi premierami.\",\"publisher\":{\"@id\":\"https:\/\/shezamme.com\/#organization\"},\"potentialAction\":[{\"@type\":\"SearchAction\",\"target\":{\"@type\":\"EntryPoint\",\"urlTemplate\":\"https:\/\/shezamme.com\/?s={search_term_string}\"},\"query-input\":{\"@type\":\"PropertyValueSpecification\",\"valueRequired\":true,\"valueName\":\"search_term_string\"}}],\"inLanguage\":\"en-US\"},{\"@type\":\"Organization\",\"@id\":\"https:\/\/shezamme.com\/#organization\",\"name\":\"SHEZAMME - Sneakersy, Streetwear i luksusowe marki\",\"url\":\"https:\/\/shezamme.com\/\",\"logo\":{\"@type\":\"ImageObject\",\"inLanguage\":\"en-US\",\"@id\":\"https:\/\/shezamme.com\/#\/schema\/logo\/image\/\",\"url\":\"https:\/\/shezamme.com\/wp-content\/uploads\/2023\/02\/0x0.png\",\"contentUrl\":\"https:\/\/shezamme.com\/wp-content\/uploads\/2023\/02\/0x0.png\",\"width\":2000,\"height\":2000,\"caption\":\"SHEZAMME - Sneakersy, Streetwear i luksusowe marki\"},\"image\":{\"@id\":\"https:\/\/shezamme.com\/#\/schema\/logo\/image\/\"},\"sameAs\":[\"https:\/\/www.facebook.com\/SHEZAMME\/\",\"https:\/\/x.com\/SHEZAMME\",\"https:\/\/www.instagram.com\/shezamme\/\",\"https:\/\/www.youtube.com\/channel\/UCsTJxi_9fODHdO_1bmJbqvQ\",\"https:\/\/www.tiktok.com\/shezamme.com\"]}]}<\/script>\n<!-- \/ Yoast SEO plugin. -->","yoast_head_json":{"title":"Fear of God Essentials Fleece Hoodie II Light Heather Grey - SHEZAMME","description":"Fear of God Essentials Fleece Hoodie II Light Heather Grey | Luksusowe i autentyczne przedmioty w jednym miejscu. B\u0105d\u017a na bie\u017c\u0105co i sprawd\u017a nasz\u0105 ofert\u0119 ju\u017c teraz","robots":{"index":"index","follow":"follow","max-snippet":"max-snippet:-1","max-image-preview":"max-image-preview:large","max-video-preview":"max-video-preview:-1"},"canonical":"https:\/\/shezamme.com\/en\/sklep\/sweatshirts-2\/all-sweatshirts\/fear-of-god-essentials-fleece-hoodie-ii-light-heather-grey\/","og_locale":"en_US","og_type":"article","og_title":"Fear of God Essentials Fleece Hoodie II Light Heather Grey - SHEZAMME","og_description":"Fear of God Essentials Fleece Hoodie II Light Heather Grey | Luksusowe i autentyczne przedmioty w jednym miejscu. B\u0105d\u017a na bie\u017c\u0105co i sprawd\u017a nasz\u0105 ofert\u0119 ju\u017c teraz","og_url":"https:\/\/shezamme.com\/en\/sklep\/sweatshirts-2\/all-sweatshirts\/fear-of-god-essentials-fleece-hoodie-ii-light-heather-grey\/","og_site_name":"SHEZAMME - Yeezy, Jordan, Supreme i inne oryginalne rzeczy","article_publisher":"https:\/\/www.facebook.com\/SHEZAMME\/","article_modified_time":"2026-03-15T21:16:11+00:00","og_image":[{"width":1080,"height":1080,"url":"https:\/\/shezamme.com\/wp-content\/uploads\/2025\/10\/Fear-of-God-Essentials-Fleece-Hoodie-II-Light-Heather-Grey-1.webp","type":"image\/webp"}],"twitter_card":"summary_large_image","twitter_site":"@SHEZAMME","twitter_misc":{"Est. reading time":"2 minutes"},"schema":{"@context":"https:\/\/schema.org","@graph":[{"@type":"WebPage","@id":"https:\/\/shezamme.com\/sklep\/bluzy\/wszystkie-bluzy\/fear-of-god-essentials-fleece-hoodie-ii-light-heather-grey\/","url":"https:\/\/shezamme.com\/sklep\/bluzy\/wszystkie-bluzy\/fear-of-god-essentials-fleece-hoodie-ii-light-heather-grey\/","name":"Fear of God Essentials Fleece Hoodie II Light Heather Grey - SHEZAMME","isPartOf":{"@id":"https:\/\/shezamme.com\/#website"},"primaryImageOfPage":{"@id":"https:\/\/shezamme.com\/sklep\/bluzy\/wszystkie-bluzy\/fear-of-god-essentials-fleece-hoodie-ii-light-heather-grey\/#primaryimage"},"image":{"@id":"https:\/\/shezamme.com\/sklep\/bluzy\/wszystkie-bluzy\/fear-of-god-essentials-fleece-hoodie-ii-light-heather-grey\/#primaryimage"},"thumbnailUrl":"https:\/\/shezamme.com\/wp-content\/uploads\/2025\/10\/Fear-of-God-Essentials-Fleece-Hoodie-II-Light-Heather-Grey-1.webp","datePublished":"2025-10-10T14:55:36+00:00","dateModified":"2026-03-15T21:16:11+00:00","description":"Fear of God Essentials Fleece Hoodie II Light Heather Grey | Luksusowe i autentyczne przedmioty w jednym miejscu. B\u0105d\u017a na bie\u017c\u0105co i sprawd\u017a nasz\u0105 ofert\u0119 ju\u017c teraz","breadcrumb":{"@id":"https:\/\/shezamme.com\/sklep\/bluzy\/wszystkie-bluzy\/fear-of-god-essentials-fleece-hoodie-ii-light-heather-grey\/#breadcrumb"},"inLanguage":"en-US","potentialAction":[{"@type":"ReadAction","target":["https:\/\/shezamme.com\/sklep\/bluzy\/wszystkie-bluzy\/fear-of-god-essentials-fleece-hoodie-ii-light-heather-grey\/"]}]},{"@type":"ImageObject","inLanguage":"en-US","@id":"https:\/\/shezamme.com\/sklep\/bluzy\/wszystkie-bluzy\/fear-of-god-essentials-fleece-hoodie-ii-light-heather-grey\/#primaryimage","url":"https:\/\/shezamme.com\/wp-content\/uploads\/2025\/10\/Fear-of-God-Essentials-Fleece-Hoodie-II-Light-Heather-Grey-1.webp","contentUrl":"https:\/\/shezamme.com\/wp-content\/uploads\/2025\/10\/Fear-of-God-Essentials-Fleece-Hoodie-II-Light-Heather-Grey-1.webp","width":1080,"height":1080,"caption":"Fear of God Essentials Fleece Hoodie II Light Heather Grey"},{"@type":"BreadcrumbList","@id":"https:\/\/shezamme.com\/sklep\/bluzy\/wszystkie-bluzy\/fear-of-god-essentials-fleece-hoodie-ii-light-heather-grey\/#breadcrumb","itemListElement":[{"@type":"ListItem","position":1,"name":"Strona g\u0142\u00f3wna","item":"https:\/\/shezamme.com\/"},{"@type":"ListItem","position":2,"name":"Sklep","item":"https:\/\/shezamme.com\/sklep\/"},{"@type":"ListItem","position":3,"name":"Fear of God Essentials Fleece Hoodie II Light Heather Grey"}]},{"@type":"WebSite","@id":"https:\/\/shezamme.com\/#website","url":"https:\/\/shezamme.com\/","name":"SHEZAMME - Sneakers, Streetwear and luxury brands","description":"Original and exclusive items in one place. Check out our products now and stay up to date with all launches.","publisher":{"@id":"https:\/\/shezamme.com\/#organization"},"potentialAction":[{"@type":"SearchAction","target":{"@type":"EntryPoint","urlTemplate":"https:\/\/shezamme.com\/?s={search_term_string}"},"query-input":{"@type":"PropertyValueSpecification","valueRequired":true,"valueName":"search_term_string"}}],"inLanguage":"en-US"},{"@type":"Organization","@id":"https:\/\/shezamme.com\/#organization","name":"SHEZAMME - Sneakers, Streetwear and luxury brands","url":"https:\/\/shezamme.com\/","logo":{"@type":"ImageObject","inLanguage":"en-US","@id":"https:\/\/shezamme.com\/#\/schema\/logo\/image\/","url":"https:\/\/shezamme.com\/wp-content\/uploads\/2023\/02\/0x0.png","contentUrl":"https:\/\/shezamme.com\/wp-content\/uploads\/2023\/02\/0x0.png","width":2000,"height":2000,"caption":"SHEZAMME - Sneakersy, Streetwear i luksusowe marki"},"image":{"@id":"https:\/\/shezamme.com\/#\/schema\/logo\/image\/"},"sameAs":["https:\/\/www.facebook.com\/SHEZAMME\/","https:\/\/x.com\/SHEZAMME","https:\/\/www.instagram.com\/shezamme\/","https:\/\/www.youtube.com\/channel\/UCsTJxi_9fODHdO_1bmJbqvQ","https:\/\/www.tiktok.com\/shezamme.com"]}]}},"brands":[{"id":775,"name":"Fear of God","slug":"fear-of-god"}],"_links":{"self":[{"href":"https:\/\/shezamme.com\/en\/wp-json\/wp\/v2\/product\/210779","targetHints":{"allow":["GET"]}}],"collection":[{"href":"https:\/\/shezamme.com\/en\/wp-json\/wp\/v2\/product"}],"about":[{"href":"https:\/\/shezamme.com\/en\/wp-json\/wp\/v2\/types\/product"}],"wp:featuredmedia":[{"embeddable":true,"href":"https:\/\/shezamme.com\/en\/wp-json\/wp\/v2\/media\/210780"}],"wp:attachment":[{"href":"https:\/\/shezamme.com\/en\/wp-json\/wp\/v2\/media?parent=210779"}],"wp:term":[{"taxonomy":"pwb-brand","embeddable":true,"href":"https:\/\/shezamme.com\/en\/wp-json\/wp\/v2\/pwb-brand?post=210779"},{"taxonomy":"product_brand","embeddable":true,"href":"https:\/\/shezamme.com\/en\/wp-json\/wp\/v2\/product_brand?post=210779"},{"taxonomy":"product_cat","embeddable":true,"href":"https:\/\/shezamme.com\/en\/wp-json\/wp\/v2\/product_cat?post=210779"},{"taxonomy":"product_tag","embeddable":true,"href":"https:\/\/shezamme.com\/en\/wp-json\/wp\/v2\/product_tag?post=210779"}],"curies":[{"name":"wp","href":"https:\/\/api.w.org\/{rel}","templated":true}]}}