{"id":210607,"date":"2025-10-07T18:58:38","date_gmt":"2025-10-07T16:58:38","guid":{"rendered":"https:\/\/shezamme.com\/?post_type=product&#038;p=210607"},"modified":"2025-10-07T18:58:39","modified_gmt":"2025-10-07T16:58:39","slug":"labubu-the-monsters-pin-for-love-series-n-z","status":"publish","type":"product","link":"https:\/\/shezamme.com\/en\/sklep\/akcesoria\/wszystkie-akcesoria\/labubu-the-monsters-pin-for-love-series-n-z\/","title":{"rendered":"Labubu The Monsters Pin for Love Series (N-Z)"},"content":{"rendered":"<h2 data-start=\"400\" data-end=\"445\">Labubu Pin for Love \u2013 seria figurek N\u2013Z<\/h2>\n<p data-start=\"446\" data-end=\"732\"><strong data-start=\"446\" data-end=\"490\">Labubu The Monsters \u2013 Pin for Love (N\u2013Z)<\/strong> to druga cz\u0119\u015b\u0107 limitowanej serii kolekcjonerskiej stworzonej przez artyst\u0119 <strong data-start=\"566\" data-end=\"581\">Kasing Lung<\/strong> i wydanej przez <strong data-start=\"598\" data-end=\"610\">POP MART<\/strong>. W zestawie znajduje si\u0119 <strong data-start=\"636\" data-end=\"658\">13 r\u00f3\u017cnych figurek<\/strong> oznaczonych literami od <strong data-start=\"683\" data-end=\"693\">N do Z<\/strong>, ka\u017cda w unikalnej wersji tematycznej.<\/p>\n<h2 data-start=\"734\" data-end=\"790\">Komplet 13 figurek w pe\u0142nej wersji (bez losowo\u015bci)<\/h2>\n<p data-start=\"791\" data-end=\"992\">Kupuj\u0105c ten zestaw, otrzymujesz <strong data-start=\"823\" data-end=\"851\">pe\u0142en komplet 13 figurek<\/strong> \u2013 bez powt\u00f3rze\u0144, bez elementu losowo\u015bci (blind box). To <strong data-start=\"908\" data-end=\"933\">kontynuacja serii A\u2013M<\/strong>, idealna do uzupe\u0142nienia pe\u0142nej kolekcji <strong data-start=\"975\" data-end=\"991\">Pin for Love<\/strong>.<\/p>\n<h2 data-start=\"994\" data-end=\"1026\">Materia\u0142 i wymiary figurek<\/h2>\n<p data-start=\"1027\" data-end=\"1285\">Figurki wykonane s\u0105 z <strong data-start=\"1049\" data-end=\"1062\">PVC i ABS<\/strong>, co gwarantuje trwa\u0142o\u015b\u0107 i wysok\u0105 jako\u015b\u0107 detali. Ka\u017cda posta\u0107 ma wysoko\u015b\u0107 ok. <strong data-start=\"1140\" data-end=\"1150\">6\u20139 cm<\/strong>, zale\u017cnie od modelu. Wyko\u0144czenie to po\u0142\u0105czenie powierzchni <strong data-start=\"1210\" data-end=\"1238\">matowych i po\u0142yskuj\u0105cych<\/strong>, z charakterystycznym stylem graficznym serii.<\/p>\n<h2 data-start=\"1287\" data-end=\"1316\">Motyw: relacje i emocje<\/h2>\n<p data-start=\"1317\" data-end=\"1537\">Warianty od N do Z ukazuj\u0105 <strong data-start=\"1344\" data-end=\"1380\">r\u00f3\u017cne emocje, postawy i sytuacje<\/strong>, cz\u0119sto z symbolik\u0105 przypinek, serc i gest\u00f3w. Seria zachowuje <strong data-start=\"1443\" data-end=\"1467\">sp\u00f3jny styl wizualny<\/strong>, wykorzystuj\u0105c pastelowe, przygaszone kolory i autorsk\u0105 kresk\u0119 Lunga.<\/p>","protected":false},"excerpt":{"rendered":"<p data-start=\"1539\" data-end=\"1588\"><strong>Blindbox oznacza, \u017ce nie wiadomo jak\u0105 figurk\u0119 trafisz! Figurki s\u0105 oryginalne. Sprzeda\u017c tyczy si\u0119 1 sztuki figurki!<\/strong><\/p>\n<h2 data-start=\"1539\" data-end=\"1588\">Dla kolekcjoner\u00f3w i fan\u00f3w estetyki POP MART<\/h2>\n<p data-start=\"1589\" data-end=\"1841\">Zestaw <strong data-start=\"1596\" data-end=\"1603\">N\u2013Z<\/strong> to idealne rozszerzenie dla os\u00f3b, kt\u00f3re posiadaj\u0105 ju\u017c pierwsz\u0105 cz\u0119\u015b\u0107 kolekcji (A\u2013M) lub chc\u0105 rozpocz\u0105\u0107 przygod\u0119 z mark\u0105 Labubu. Seria <strong data-start=\"1738\" data-end=\"1754\">Pin for Love<\/strong> to nie tylko figurki \u2013 to <strong data-start=\"1781\" data-end=\"1840\">miniaturowa narracja w formie obiekt\u00f3w kolekcjonerskich<\/strong>.<\/p>","protected":false},"featured_media":210609,"template":"","meta":{"_acf_changed":false,"_yoast_wpseo_focuskw":"Labubu The Monsters Pin for Love Series (N-Z)","_yoast_wpseo_title":"","_yoast_wpseo_metadesc":""},"pwb-brand":[1110,1195],"product_brand":[],"product_cat":[23,1107,975],"product_tag":[1008,1009],"class_list":{"0":"post-210607","1":"product","2":"type-product","3":"status-publish","4":"has-post-thumbnail","6":"pwb-brand-labubu","7":"pwb-brand-popmart","8":"product_cat-akcesoria","9":"product_cat-figurki-labubu","10":"product_cat-wszystkie-akcesoria","11":"product_tag-kobieta","12":"product_tag-mezczyzna","13":"pa_rozmiar-ubrania-one-size-2","15":"first","16":"instock","17":"taxable","18":"shipping-taxable","19":"purchasable","20":"product-type-variable"},"acf":[],"yoast_head":"<!-- This site is optimized with the Yoast SEO plugin v27.3 - https:\/\/yoast.com\/product\/yoast-seo-wordpress\/ -->\n<title>Labubu The Monsters Pin for Love Series (N-Z) - SHEZAMME<\/title>\n<meta name=\"description\" content=\"Labubu The Monsters Pin for Love Series (N-Z) | Luksusowe i autentyczne przedmioty w jednym miejscu. B\u0105d\u017a na bie\u017c\u0105co i sprawd\u017a nasz\u0105 ofert\u0119 ju\u017c teraz\" \/>\n<meta name=\"robots\" content=\"index, follow, max-snippet:-1, max-image-preview:large, max-video-preview:-1\" \/>\n<link rel=\"canonical\" href=\"https:\/\/shezamme.com\/en\/sklep\/accesories\/all-accesories\/labubu-the-monsters-pin-for-love-series-n-z\/\" \/>\n<meta property=\"og:locale\" content=\"en_US\" \/>\n<meta property=\"og:type\" content=\"article\" \/>\n<meta property=\"og:title\" content=\"Labubu The Monsters Pin for Love Series (N-Z) - SHEZAMME\" \/>\n<meta property=\"og:description\" content=\"Labubu The Monsters Pin for Love Series (N-Z) | Luksusowe i autentyczne przedmioty w jednym miejscu. B\u0105d\u017a na bie\u017c\u0105co i sprawd\u017a nasz\u0105 ofert\u0119 ju\u017c teraz\" \/>\n<meta property=\"og:url\" content=\"https:\/\/shezamme.com\/en\/sklep\/accesories\/all-accesories\/labubu-the-monsters-pin-for-love-series-n-z\/\" \/>\n<meta property=\"og:site_name\" content=\"SHEZAMME - Yeezy, Jordan, Supreme i inne oryginalne rzeczy\" \/>\n<meta property=\"article:publisher\" content=\"https:\/\/www.facebook.com\/SHEZAMME\/\" \/>\n<meta property=\"article:modified_time\" content=\"2025-10-07T16:58:39+00:00\" \/>\n<meta property=\"og:image\" content=\"https:\/\/shezamme.com\/wp-content\/uploads\/2025\/10\/Labubu-The-Monsters-Pin-for-Love-Series-N-Z.webp\" \/>\n\t<meta property=\"og:image:width\" content=\"1080\" \/>\n\t<meta property=\"og:image:height\" content=\"1080\" \/>\n\t<meta property=\"og:image:type\" content=\"image\/webp\" \/>\n<meta name=\"twitter:card\" content=\"summary_large_image\" \/>\n<meta name=\"twitter:site\" content=\"@SHEZAMME\" \/>\n<meta name=\"twitter:label1\" content=\"Est. reading time\" \/>\n\t<meta name=\"twitter:data1\" content=\"1 minute\" \/>\n<script type=\"application\/ld+json\" class=\"yoast-schema-graph\">{\"@context\":\"https:\\\/\\\/schema.org\",\"@graph\":[{\"@type\":\"WebPage\",\"@id\":\"https:\\\/\\\/shezamme.com\\\/sklep\\\/akcesoria\\\/wszystkie-akcesoria\\\/labubu-the-monsters-pin-for-love-series-n-z\\\/\",\"url\":\"https:\\\/\\\/shezamme.com\\\/sklep\\\/akcesoria\\\/wszystkie-akcesoria\\\/labubu-the-monsters-pin-for-love-series-n-z\\\/\",\"name\":\"Labubu The Monsters Pin for Love Series (N-Z) - SHEZAMME\",\"isPartOf\":{\"@id\":\"https:\\\/\\\/shezamme.com\\\/#website\"},\"primaryImageOfPage\":{\"@id\":\"https:\\\/\\\/shezamme.com\\\/sklep\\\/akcesoria\\\/wszystkie-akcesoria\\\/labubu-the-monsters-pin-for-love-series-n-z\\\/#primaryimage\"},\"image\":{\"@id\":\"https:\\\/\\\/shezamme.com\\\/sklep\\\/akcesoria\\\/wszystkie-akcesoria\\\/labubu-the-monsters-pin-for-love-series-n-z\\\/#primaryimage\"},\"thumbnailUrl\":\"https:\\\/\\\/shezamme.com\\\/wp-content\\\/uploads\\\/2025\\\/10\\\/Labubu-The-Monsters-Pin-for-Love-Series-N-Z.webp\",\"datePublished\":\"2025-10-07T16:58:38+00:00\",\"dateModified\":\"2025-10-07T16:58:39+00:00\",\"description\":\"Labubu The Monsters Pin for Love Series (N-Z) | Luksusowe i autentyczne przedmioty w jednym miejscu. B\u0105d\u017a na bie\u017c\u0105co i sprawd\u017a nasz\u0105 ofert\u0119 ju\u017c teraz\",\"breadcrumb\":{\"@id\":\"https:\\\/\\\/shezamme.com\\\/sklep\\\/akcesoria\\\/wszystkie-akcesoria\\\/labubu-the-monsters-pin-for-love-series-n-z\\\/#breadcrumb\"},\"inLanguage\":\"en-US\",\"potentialAction\":[{\"@type\":\"ReadAction\",\"target\":[\"https:\\\/\\\/shezamme.com\\\/sklep\\\/akcesoria\\\/wszystkie-akcesoria\\\/labubu-the-monsters-pin-for-love-series-n-z\\\/\"]}]},{\"@type\":\"ImageObject\",\"inLanguage\":\"en-US\",\"@id\":\"https:\\\/\\\/shezamme.com\\\/sklep\\\/akcesoria\\\/wszystkie-akcesoria\\\/labubu-the-monsters-pin-for-love-series-n-z\\\/#primaryimage\",\"url\":\"https:\\\/\\\/shezamme.com\\\/wp-content\\\/uploads\\\/2025\\\/10\\\/Labubu-The-Monsters-Pin-for-Love-Series-N-Z.webp\",\"contentUrl\":\"https:\\\/\\\/shezamme.com\\\/wp-content\\\/uploads\\\/2025\\\/10\\\/Labubu-The-Monsters-Pin-for-Love-Series-N-Z.webp\",\"width\":1080,\"height\":1080,\"caption\":\"Labubu The Monsters Pin for Love Series (N-Z)\"},{\"@type\":\"BreadcrumbList\",\"@id\":\"https:\\\/\\\/shezamme.com\\\/sklep\\\/akcesoria\\\/wszystkie-akcesoria\\\/labubu-the-monsters-pin-for-love-series-n-z\\\/#breadcrumb\",\"itemListElement\":[{\"@type\":\"ListItem\",\"position\":1,\"name\":\"Strona g\u0142\u00f3wna\",\"item\":\"https:\\\/\\\/shezamme.com\\\/\"},{\"@type\":\"ListItem\",\"position\":2,\"name\":\"Sklep\",\"item\":\"https:\\\/\\\/shezamme.com\\\/en\\\/sklep\\\/\"},{\"@type\":\"ListItem\",\"position\":3,\"name\":\"Labubu The Monsters Pin for Love Series (N-Z)\"}]},{\"@type\":\"WebSite\",\"@id\":\"https:\\\/\\\/shezamme.com\\\/#website\",\"url\":\"https:\\\/\\\/shezamme.com\\\/\",\"name\":\"SHEZAMME - Sneakersy, Streetwear i luksusowe marki\",\"description\":\"Oryginalne i ekskluzywne przedmioty w jednym miejscu. Sprawd\u017a nasze produkty ju\u017c teraz i b\u0105d\u017a na bie\u017c\u0105co z wszystkimi premierami.\",\"publisher\":{\"@id\":\"https:\\\/\\\/shezamme.com\\\/#organization\"},\"potentialAction\":[{\"@type\":\"SearchAction\",\"target\":{\"@type\":\"EntryPoint\",\"urlTemplate\":\"https:\\\/\\\/shezamme.com\\\/?s={search_term_string}\"},\"query-input\":{\"@type\":\"PropertyValueSpecification\",\"valueRequired\":true,\"valueName\":\"search_term_string\"}}],\"inLanguage\":\"en-US\"},{\"@type\":\"Organization\",\"@id\":\"https:\\\/\\\/shezamme.com\\\/#organization\",\"name\":\"SHEZAMME - Sneakersy, Streetwear i luksusowe marki\",\"url\":\"https:\\\/\\\/shezamme.com\\\/\",\"logo\":{\"@type\":\"ImageObject\",\"inLanguage\":\"en-US\",\"@id\":\"https:\\\/\\\/shezamme.com\\\/#\\\/schema\\\/logo\\\/image\\\/\",\"url\":\"https:\\\/\\\/shezamme.com\\\/wp-content\\\/uploads\\\/2023\\\/02\\\/0x0.png\",\"contentUrl\":\"https:\\\/\\\/shezamme.com\\\/wp-content\\\/uploads\\\/2023\\\/02\\\/0x0.png\",\"width\":2000,\"height\":2000,\"caption\":\"SHEZAMME - Sneakersy, Streetwear i luksusowe marki\"},\"image\":{\"@id\":\"https:\\\/\\\/shezamme.com\\\/#\\\/schema\\\/logo\\\/image\\\/\"},\"sameAs\":[\"https:\\\/\\\/www.facebook.com\\\/SHEZAMME\\\/\",\"https:\\\/\\\/x.com\\\/SHEZAMME\",\"https:\\\/\\\/www.instagram.com\\\/shezamme\\\/\",\"https:\\\/\\\/www.youtube.com\\\/channel\\\/UCsTJxi_9fODHdO_1bmJbqvQ\",\"https:\\\/\\\/www.tiktok.com\\\/shezamme.com\"]}]}<\/script>\n<!-- \/ Yoast SEO plugin. -->","yoast_head_json":{"title":"Labubu The Monsters Pin for Love Series (N-Z) - SHEZAMME","description":"Labubu The Monsters Pin for Love Series (N-Z) | Luksusowe i autentyczne przedmioty w jednym miejscu. B\u0105d\u017a na bie\u017c\u0105co i sprawd\u017a nasz\u0105 ofert\u0119 ju\u017c teraz","robots":{"index":"index","follow":"follow","max-snippet":"max-snippet:-1","max-image-preview":"max-image-preview:large","max-video-preview":"max-video-preview:-1"},"canonical":"https:\/\/shezamme.com\/en\/sklep\/accesories\/all-accesories\/labubu-the-monsters-pin-for-love-series-n-z\/","og_locale":"en_US","og_type":"article","og_title":"Labubu The Monsters Pin for Love Series (N-Z) - SHEZAMME","og_description":"Labubu The Monsters Pin for Love Series (N-Z) | Luksusowe i autentyczne przedmioty w jednym miejscu. B\u0105d\u017a na bie\u017c\u0105co i sprawd\u017a nasz\u0105 ofert\u0119 ju\u017c teraz","og_url":"https:\/\/shezamme.com\/en\/sklep\/accesories\/all-accesories\/labubu-the-monsters-pin-for-love-series-n-z\/","og_site_name":"SHEZAMME - Yeezy, Jordan, Supreme i inne oryginalne rzeczy","article_publisher":"https:\/\/www.facebook.com\/SHEZAMME\/","article_modified_time":"2025-10-07T16:58:39+00:00","og_image":[{"width":1080,"height":1080,"url":"https:\/\/shezamme.com\/wp-content\/uploads\/2025\/10\/Labubu-The-Monsters-Pin-for-Love-Series-N-Z.webp","type":"image\/webp"}],"twitter_card":"summary_large_image","twitter_site":"@SHEZAMME","twitter_misc":{"Est. reading time":"1 minute"},"schema":{"@context":"https:\/\/schema.org","@graph":[{"@type":"WebPage","@id":"https:\/\/shezamme.com\/sklep\/akcesoria\/wszystkie-akcesoria\/labubu-the-monsters-pin-for-love-series-n-z\/","url":"https:\/\/shezamme.com\/sklep\/akcesoria\/wszystkie-akcesoria\/labubu-the-monsters-pin-for-love-series-n-z\/","name":"Labubu The Monsters Pin for Love Series (N-Z) - SHEZAMME","isPartOf":{"@id":"https:\/\/shezamme.com\/#website"},"primaryImageOfPage":{"@id":"https:\/\/shezamme.com\/sklep\/akcesoria\/wszystkie-akcesoria\/labubu-the-monsters-pin-for-love-series-n-z\/#primaryimage"},"image":{"@id":"https:\/\/shezamme.com\/sklep\/akcesoria\/wszystkie-akcesoria\/labubu-the-monsters-pin-for-love-series-n-z\/#primaryimage"},"thumbnailUrl":"https:\/\/shezamme.com\/wp-content\/uploads\/2025\/10\/Labubu-The-Monsters-Pin-for-Love-Series-N-Z.webp","datePublished":"2025-10-07T16:58:38+00:00","dateModified":"2025-10-07T16:58:39+00:00","description":"Labubu The Monsters Pin for Love Series (N-Z) | Luksusowe i autentyczne przedmioty w jednym miejscu. B\u0105d\u017a na bie\u017c\u0105co i sprawd\u017a nasz\u0105 ofert\u0119 ju\u017c teraz","breadcrumb":{"@id":"https:\/\/shezamme.com\/sklep\/akcesoria\/wszystkie-akcesoria\/labubu-the-monsters-pin-for-love-series-n-z\/#breadcrumb"},"inLanguage":"en-US","potentialAction":[{"@type":"ReadAction","target":["https:\/\/shezamme.com\/sklep\/akcesoria\/wszystkie-akcesoria\/labubu-the-monsters-pin-for-love-series-n-z\/"]}]},{"@type":"ImageObject","inLanguage":"en-US","@id":"https:\/\/shezamme.com\/sklep\/akcesoria\/wszystkie-akcesoria\/labubu-the-monsters-pin-for-love-series-n-z\/#primaryimage","url":"https:\/\/shezamme.com\/wp-content\/uploads\/2025\/10\/Labubu-The-Monsters-Pin-for-Love-Series-N-Z.webp","contentUrl":"https:\/\/shezamme.com\/wp-content\/uploads\/2025\/10\/Labubu-The-Monsters-Pin-for-Love-Series-N-Z.webp","width":1080,"height":1080,"caption":"Labubu The Monsters Pin for Love Series (N-Z)"},{"@type":"BreadcrumbList","@id":"https:\/\/shezamme.com\/sklep\/akcesoria\/wszystkie-akcesoria\/labubu-the-monsters-pin-for-love-series-n-z\/#breadcrumb","itemListElement":[{"@type":"ListItem","position":1,"name":"Strona g\u0142\u00f3wna","item":"https:\/\/shezamme.com\/"},{"@type":"ListItem","position":2,"name":"Sklep","item":"https:\/\/shezamme.com\/en\/sklep\/"},{"@type":"ListItem","position":3,"name":"Labubu The Monsters Pin for Love Series (N-Z)"}]},{"@type":"WebSite","@id":"https:\/\/shezamme.com\/#website","url":"https:\/\/shezamme.com\/","name":"SHEZAMME - Sneakers, Streetwear and luxury brands","description":"Original and exclusive items in one place. Check out our products now and stay up to date with all launches.","publisher":{"@id":"https:\/\/shezamme.com\/#organization"},"potentialAction":[{"@type":"SearchAction","target":{"@type":"EntryPoint","urlTemplate":"https:\/\/shezamme.com\/?s={search_term_string}"},"query-input":{"@type":"PropertyValueSpecification","valueRequired":true,"valueName":"search_term_string"}}],"inLanguage":"en-US"},{"@type":"Organization","@id":"https:\/\/shezamme.com\/#organization","name":"SHEZAMME - Sneakers, Streetwear and luxury brands","url":"https:\/\/shezamme.com\/","logo":{"@type":"ImageObject","inLanguage":"en-US","@id":"https:\/\/shezamme.com\/#\/schema\/logo\/image\/","url":"https:\/\/shezamme.com\/wp-content\/uploads\/2023\/02\/0x0.png","contentUrl":"https:\/\/shezamme.com\/wp-content\/uploads\/2023\/02\/0x0.png","width":2000,"height":2000,"caption":"SHEZAMME - Sneakersy, Streetwear i luksusowe marki"},"image":{"@id":"https:\/\/shezamme.com\/#\/schema\/logo\/image\/"},"sameAs":["https:\/\/www.facebook.com\/SHEZAMME\/","https:\/\/x.com\/SHEZAMME","https:\/\/www.instagram.com\/shezamme\/","https:\/\/www.youtube.com\/channel\/UCsTJxi_9fODHdO_1bmJbqvQ","https:\/\/www.tiktok.com\/shezamme.com"]}]}},"brands":[{"id":1110,"name":"Labubu","slug":"labubu"},{"id":1195,"name":"Popmart","slug":"popmart"}],"_links":{"self":[{"href":"https:\/\/shezamme.com\/en\/wp-json\/wp\/v2\/product\/210607","targetHints":{"allow":["GET"]}}],"collection":[{"href":"https:\/\/shezamme.com\/en\/wp-json\/wp\/v2\/product"}],"about":[{"href":"https:\/\/shezamme.com\/en\/wp-json\/wp\/v2\/types\/product"}],"wp:featuredmedia":[{"embeddable":true,"href":"https:\/\/shezamme.com\/en\/wp-json\/wp\/v2\/media\/210609"}],"wp:attachment":[{"href":"https:\/\/shezamme.com\/en\/wp-json\/wp\/v2\/media?parent=210607"}],"wp:term":[{"taxonomy":"pwb-brand","embeddable":true,"href":"https:\/\/shezamme.com\/en\/wp-json\/wp\/v2\/pwb-brand?post=210607"},{"taxonomy":"product_brand","embeddable":true,"href":"https:\/\/shezamme.com\/en\/wp-json\/wp\/v2\/product_brand?post=210607"},{"taxonomy":"product_cat","embeddable":true,"href":"https:\/\/shezamme.com\/en\/wp-json\/wp\/v2\/product_cat?post=210607"},{"taxonomy":"product_tag","embeddable":true,"href":"https:\/\/shezamme.com\/en\/wp-json\/wp\/v2\/product_tag?post=210607"}],"curies":[{"name":"wp","href":"https:\/\/api.w.org\/{rel}","templated":true}]}}