{"id":210606,"date":"2025-10-07T18:58:34","date_gmt":"2025-10-07T16:58:34","guid":{"rendered":"https:\/\/shezamme.com\/?post_type=product&#038;p=210606"},"modified":"2025-10-07T18:58:35","modified_gmt":"2025-10-07T16:58:35","slug":"labubu-the-monsters-pin-for-love-series-a-m","status":"publish","type":"product","link":"https:\/\/shezamme.com\/en\/sklep\/akcesoria\/wszystkie-akcesoria\/labubu-the-monsters-pin-for-love-series-a-m\/","title":{"rendered":"Labubu The Monsters Pin for Love Series (A-M)"},"content":{"rendered":"<h2 data-start=\"392\" data-end=\"457\">Limitowana seria figurek Labubu The Monsters \u2013 Pin for Love<\/h2>\n<p data-start=\"458\" data-end=\"771\"><strong data-start=\"458\" data-end=\"508\">Labubu The Monsters: Pin for Love Series (A\u2013M)<\/strong> to kolekcjonerski zestaw figurek stworzony przez <strong data-start=\"558\" data-end=\"573\">Kasing Lung<\/strong> i wydany przez <strong data-start=\"589\" data-end=\"601\">POP MART<\/strong>. Ka\u017cda z 13 postaci (oznaczonych od <strong data-start=\"638\" data-end=\"648\">A do M<\/strong>) przedstawia charakterystyczn\u0105 dla Labubu ekspresj\u0119, styl graficzny i miniaturowe detale, tworz\u0105c sp\u00f3jn\u0105, zamkni\u0119t\u0105 seri\u0119.<\/p>\n<h2 data-start=\"773\" data-end=\"833\">Figurki wykonane z trwa\u0142ego tworzywa kolekcjonerskiego<\/h2>\n<p data-start=\"834\" data-end=\"1120\">Ka\u017cda z figurek w serii zosta\u0142a wykonana z <strong data-start=\"877\" data-end=\"909\">wysokiej jako\u015bci PVC lub ABS<\/strong>, z dba\u0142o\u015bci\u0105 o detale \u2013 od faktury a\u017c po wyko\u0144czenie powierzchni. <strong data-start=\"976\" data-end=\"1010\">Matowe i p\u00f3\u0142po\u0142yskowe elementy<\/strong> urozmaicaj\u0105 wizualnie ka\u017cd\u0105 posta\u0107. Ka\u017cda figura mierzy oko\u0142o <strong data-start=\"1073\" data-end=\"1093\">6\u20139 cm wysoko\u015bci<\/strong>, w zale\u017cno\u015bci od projektu.<\/p>\n<h2 data-start=\"1122\" data-end=\"1168\">Estetyka Labubu z motywem \u201cPin for Love\u201d<\/h2>\n<p data-start=\"1169\" data-end=\"1531\">Seria utrzymana jest w stylistyce <strong data-start=\"1203\" data-end=\"1232\">nostalgiczno-emocjonalnej<\/strong>, z motywem \u201emi\u0142osnego przypi\u0119cia\u201d \u2013 ka\u017cdy Labubu prezentuje inny charakter, pozy i symbole, nawi\u0105zuj\u0105ce do relacji i emocji. <strong data-start=\"1358\" data-end=\"1373\">Kolorystyka<\/strong> poszczeg\u00f3lnych figurek jest zr\u00f3\u017cnicowana, ale utrzymana w jednej estetycznej linii \u2013 dominuj\u0105 kolory pastelowe, blade czerwienie, fiolety i przygaszone tony.<\/p>\n<h2 data-start=\"1533\" data-end=\"1562\">Pakiet pe\u0142nej serii A\u2013M<\/h2>\n<p data-start=\"1563\" data-end=\"1859\">Prezentowany zestaw zawiera <strong data-start=\"1591\" data-end=\"1642\">pe\u0142n\u0105 kolekcj\u0119 13 r\u00f3\u017cnych figurek (A, B, C \u2026 M)<\/strong> \u2013 bez powt\u00f3rze\u0144. Taka forma pozwala na <strong data-start=\"1682\" data-end=\"1746\">kompletne zebranie ca\u0142ej serii bez ryzyka losowego trafienia<\/strong> (w odr\u00f3\u017cnieniu od blind box\u00f3w). Ka\u017cda figura zapakowana jest w <strong data-start=\"1810\" data-end=\"1858\">indywidualne pude\u0142ko z oznaczeniem literowym<\/strong>.<\/p>","protected":false},"excerpt":{"rendered":"<p data-start=\"1861\" data-end=\"1937\"><strong>Blindbox oznacza, \u017ce nie wiadomo jak\u0105 figurk\u0119 trafisz! Figurki s\u0105 oryginalne. Sprzeda\u017c tyczy si\u0119 1 sztuki figurki!<\/strong><\/p>\n<h2 data-start=\"1861\" data-end=\"1937\">Labubu Pin for Love \u2013 dla kolekcjoner\u00f3w i fan\u00f3w estetyki Kasinga Lunga<\/h2>\n<p data-start=\"1938\" data-end=\"2245\">Ten zestaw to propozycja dla os\u00f3b, kt\u00f3re poszukuj\u0105 <strong data-start=\"1989\" data-end=\"2035\">sp\u00f3jnej, zamkni\u0119tej serii kolekcjonerskiej<\/strong> z wyrazistym stylem wizualnym i emocjonalnym przekazem. Labubu w edycji Pin for Love to nie tylko figurki do ekspozycji, ale r\u00f3wnie\u017c <strong data-start=\"2169\" data-end=\"2192\">elementy narracyjne<\/strong>, kt\u00f3re wpisuj\u0105 si\u0119 w szersze uniwersum The Monsters.<\/p>","protected":false},"featured_media":210608,"template":"","meta":{"_acf_changed":false,"_yoast_wpseo_focuskw":"Labubu The Monsters Pin for Love Series (A-M)","_yoast_wpseo_title":"","_yoast_wpseo_metadesc":""},"pwb-brand":[1110,1195],"product_brand":[],"product_cat":[23,1107,975],"product_tag":[1008,1009],"class_list":{"0":"post-210606","1":"product","2":"type-product","3":"status-publish","4":"has-post-thumbnail","6":"pwb-brand-labubu","7":"pwb-brand-popmart","8":"product_cat-akcesoria","9":"product_cat-figurki-labubu","10":"product_cat-wszystkie-akcesoria","11":"product_tag-kobieta","12":"product_tag-mezczyzna","13":"pa_rozmiar-ubrania-one-size-2","15":"first","16":"instock","17":"taxable","18":"shipping-taxable","19":"purchasable","20":"product-type-variable"},"acf":[],"yoast_head":"<!-- This site is optimized with the Yoast SEO plugin v27.3 - https:\/\/yoast.com\/product\/yoast-seo-wordpress\/ -->\n<title>Labubu The Monsters Pin for Love Series (A-M) - SHEZAMME<\/title>\n<meta name=\"description\" content=\"Labubu The Monsters Pin for Love Series (A-M) | Luksusowe i autentyczne przedmioty w jednym miejscu. B\u0105d\u017a na bie\u017c\u0105co i sprawd\u017a nasz\u0105 ofert\u0119 ju\u017c teraz\" \/>\n<meta name=\"robots\" content=\"index, follow, max-snippet:-1, max-image-preview:large, max-video-preview:-1\" \/>\n<link rel=\"canonical\" href=\"https:\/\/shezamme.com\/en\/sklep\/accesories\/all-accesories\/labubu-the-monsters-pin-for-love-series-a-m\/\" \/>\n<meta property=\"og:locale\" content=\"en_US\" \/>\n<meta property=\"og:type\" content=\"article\" \/>\n<meta property=\"og:title\" content=\"Labubu The Monsters Pin for Love Series (A-M) - SHEZAMME\" \/>\n<meta property=\"og:description\" content=\"Labubu The Monsters Pin for Love Series (A-M) | Luksusowe i autentyczne przedmioty w jednym miejscu. B\u0105d\u017a na bie\u017c\u0105co i sprawd\u017a nasz\u0105 ofert\u0119 ju\u017c teraz\" \/>\n<meta property=\"og:url\" content=\"https:\/\/shezamme.com\/en\/sklep\/accesories\/all-accesories\/labubu-the-monsters-pin-for-love-series-a-m\/\" \/>\n<meta property=\"og:site_name\" content=\"SHEZAMME - Yeezy, Jordan, Supreme i inne oryginalne rzeczy\" \/>\n<meta property=\"article:publisher\" content=\"https:\/\/www.facebook.com\/SHEZAMME\/\" \/>\n<meta property=\"article:modified_time\" content=\"2025-10-07T16:58:35+00:00\" \/>\n<meta property=\"og:image\" content=\"https:\/\/shezamme.com\/wp-content\/uploads\/2025\/10\/Labubu-The-Monsters-Pin-for-Love-Series-A-M.webp\" \/>\n\t<meta property=\"og:image:width\" content=\"1080\" \/>\n\t<meta property=\"og:image:height\" content=\"1080\" \/>\n\t<meta property=\"og:image:type\" content=\"image\/webp\" \/>\n<meta name=\"twitter:card\" content=\"summary_large_image\" \/>\n<meta name=\"twitter:site\" content=\"@SHEZAMME\" \/>\n<meta name=\"twitter:label1\" content=\"Est. reading time\" \/>\n\t<meta name=\"twitter:data1\" content=\"1 minute\" \/>\n<script type=\"application\/ld+json\" class=\"yoast-schema-graph\">{\"@context\":\"https:\\\/\\\/schema.org\",\"@graph\":[{\"@type\":\"WebPage\",\"@id\":\"https:\\\/\\\/shezamme.com\\\/sklep\\\/akcesoria\\\/wszystkie-akcesoria\\\/labubu-the-monsters-pin-for-love-series-a-m\\\/\",\"url\":\"https:\\\/\\\/shezamme.com\\\/sklep\\\/akcesoria\\\/wszystkie-akcesoria\\\/labubu-the-monsters-pin-for-love-series-a-m\\\/\",\"name\":\"Labubu The Monsters Pin for Love Series (A-M) - SHEZAMME\",\"isPartOf\":{\"@id\":\"https:\\\/\\\/shezamme.com\\\/#website\"},\"primaryImageOfPage\":{\"@id\":\"https:\\\/\\\/shezamme.com\\\/sklep\\\/akcesoria\\\/wszystkie-akcesoria\\\/labubu-the-monsters-pin-for-love-series-a-m\\\/#primaryimage\"},\"image\":{\"@id\":\"https:\\\/\\\/shezamme.com\\\/sklep\\\/akcesoria\\\/wszystkie-akcesoria\\\/labubu-the-monsters-pin-for-love-series-a-m\\\/#primaryimage\"},\"thumbnailUrl\":\"https:\\\/\\\/shezamme.com\\\/wp-content\\\/uploads\\\/2025\\\/10\\\/Labubu-The-Monsters-Pin-for-Love-Series-A-M.webp\",\"datePublished\":\"2025-10-07T16:58:34+00:00\",\"dateModified\":\"2025-10-07T16:58:35+00:00\",\"description\":\"Labubu The Monsters Pin for Love Series (A-M) | Luksusowe i autentyczne przedmioty w jednym miejscu. B\u0105d\u017a na bie\u017c\u0105co i sprawd\u017a nasz\u0105 ofert\u0119 ju\u017c teraz\",\"breadcrumb\":{\"@id\":\"https:\\\/\\\/shezamme.com\\\/sklep\\\/akcesoria\\\/wszystkie-akcesoria\\\/labubu-the-monsters-pin-for-love-series-a-m\\\/#breadcrumb\"},\"inLanguage\":\"en-US\",\"potentialAction\":[{\"@type\":\"ReadAction\",\"target\":[\"https:\\\/\\\/shezamme.com\\\/sklep\\\/akcesoria\\\/wszystkie-akcesoria\\\/labubu-the-monsters-pin-for-love-series-a-m\\\/\"]}]},{\"@type\":\"ImageObject\",\"inLanguage\":\"en-US\",\"@id\":\"https:\\\/\\\/shezamme.com\\\/sklep\\\/akcesoria\\\/wszystkie-akcesoria\\\/labubu-the-monsters-pin-for-love-series-a-m\\\/#primaryimage\",\"url\":\"https:\\\/\\\/shezamme.com\\\/wp-content\\\/uploads\\\/2025\\\/10\\\/Labubu-The-Monsters-Pin-for-Love-Series-A-M.webp\",\"contentUrl\":\"https:\\\/\\\/shezamme.com\\\/wp-content\\\/uploads\\\/2025\\\/10\\\/Labubu-The-Monsters-Pin-for-Love-Series-A-M.webp\",\"width\":1080,\"height\":1080,\"caption\":\"Labubu The Monsters Pin for Love Series (A-M)\"},{\"@type\":\"BreadcrumbList\",\"@id\":\"https:\\\/\\\/shezamme.com\\\/sklep\\\/akcesoria\\\/wszystkie-akcesoria\\\/labubu-the-monsters-pin-for-love-series-a-m\\\/#breadcrumb\",\"itemListElement\":[{\"@type\":\"ListItem\",\"position\":1,\"name\":\"Strona g\u0142\u00f3wna\",\"item\":\"https:\\\/\\\/shezamme.com\\\/\"},{\"@type\":\"ListItem\",\"position\":2,\"name\":\"Sklep\",\"item\":\"https:\\\/\\\/shezamme.com\\\/en\\\/sklep\\\/\"},{\"@type\":\"ListItem\",\"position\":3,\"name\":\"Labubu The Monsters Pin for Love Series (A-M)\"}]},{\"@type\":\"WebSite\",\"@id\":\"https:\\\/\\\/shezamme.com\\\/#website\",\"url\":\"https:\\\/\\\/shezamme.com\\\/\",\"name\":\"SHEZAMME - Sneakersy, Streetwear i luksusowe marki\",\"description\":\"Oryginalne i ekskluzywne przedmioty w jednym miejscu. Sprawd\u017a nasze produkty ju\u017c teraz i b\u0105d\u017a na bie\u017c\u0105co z wszystkimi premierami.\",\"publisher\":{\"@id\":\"https:\\\/\\\/shezamme.com\\\/#organization\"},\"potentialAction\":[{\"@type\":\"SearchAction\",\"target\":{\"@type\":\"EntryPoint\",\"urlTemplate\":\"https:\\\/\\\/shezamme.com\\\/?s={search_term_string}\"},\"query-input\":{\"@type\":\"PropertyValueSpecification\",\"valueRequired\":true,\"valueName\":\"search_term_string\"}}],\"inLanguage\":\"en-US\"},{\"@type\":\"Organization\",\"@id\":\"https:\\\/\\\/shezamme.com\\\/#organization\",\"name\":\"SHEZAMME - Sneakersy, Streetwear i luksusowe marki\",\"url\":\"https:\\\/\\\/shezamme.com\\\/\",\"logo\":{\"@type\":\"ImageObject\",\"inLanguage\":\"en-US\",\"@id\":\"https:\\\/\\\/shezamme.com\\\/#\\\/schema\\\/logo\\\/image\\\/\",\"url\":\"https:\\\/\\\/shezamme.com\\\/wp-content\\\/uploads\\\/2023\\\/02\\\/0x0.png\",\"contentUrl\":\"https:\\\/\\\/shezamme.com\\\/wp-content\\\/uploads\\\/2023\\\/02\\\/0x0.png\",\"width\":2000,\"height\":2000,\"caption\":\"SHEZAMME - Sneakersy, Streetwear i luksusowe marki\"},\"image\":{\"@id\":\"https:\\\/\\\/shezamme.com\\\/#\\\/schema\\\/logo\\\/image\\\/\"},\"sameAs\":[\"https:\\\/\\\/www.facebook.com\\\/SHEZAMME\\\/\",\"https:\\\/\\\/x.com\\\/SHEZAMME\",\"https:\\\/\\\/www.instagram.com\\\/shezamme\\\/\",\"https:\\\/\\\/www.youtube.com\\\/channel\\\/UCsTJxi_9fODHdO_1bmJbqvQ\",\"https:\\\/\\\/www.tiktok.com\\\/shezamme.com\"]}]}<\/script>\n<!-- \/ Yoast SEO plugin. -->","yoast_head_json":{"title":"Labubu The Monsters Pin for Love Series (A-M) - SHEZAMME","description":"Labubu The Monsters Pin for Love Series (A-M) | Luksusowe i autentyczne przedmioty w jednym miejscu. B\u0105d\u017a na bie\u017c\u0105co i sprawd\u017a nasz\u0105 ofert\u0119 ju\u017c teraz","robots":{"index":"index","follow":"follow","max-snippet":"max-snippet:-1","max-image-preview":"max-image-preview:large","max-video-preview":"max-video-preview:-1"},"canonical":"https:\/\/shezamme.com\/en\/sklep\/accesories\/all-accesories\/labubu-the-monsters-pin-for-love-series-a-m\/","og_locale":"en_US","og_type":"article","og_title":"Labubu The Monsters Pin for Love Series (A-M) - SHEZAMME","og_description":"Labubu The Monsters Pin for Love Series (A-M) | Luksusowe i autentyczne przedmioty w jednym miejscu. B\u0105d\u017a na bie\u017c\u0105co i sprawd\u017a nasz\u0105 ofert\u0119 ju\u017c teraz","og_url":"https:\/\/shezamme.com\/en\/sklep\/accesories\/all-accesories\/labubu-the-monsters-pin-for-love-series-a-m\/","og_site_name":"SHEZAMME - Yeezy, Jordan, Supreme i inne oryginalne rzeczy","article_publisher":"https:\/\/www.facebook.com\/SHEZAMME\/","article_modified_time":"2025-10-07T16:58:35+00:00","og_image":[{"width":1080,"height":1080,"url":"https:\/\/shezamme.com\/wp-content\/uploads\/2025\/10\/Labubu-The-Monsters-Pin-for-Love-Series-A-M.webp","type":"image\/webp"}],"twitter_card":"summary_large_image","twitter_site":"@SHEZAMME","twitter_misc":{"Est. reading time":"1 minute"},"schema":{"@context":"https:\/\/schema.org","@graph":[{"@type":"WebPage","@id":"https:\/\/shezamme.com\/sklep\/akcesoria\/wszystkie-akcesoria\/labubu-the-monsters-pin-for-love-series-a-m\/","url":"https:\/\/shezamme.com\/sklep\/akcesoria\/wszystkie-akcesoria\/labubu-the-monsters-pin-for-love-series-a-m\/","name":"Labubu The Monsters Pin for Love Series (A-M) - SHEZAMME","isPartOf":{"@id":"https:\/\/shezamme.com\/#website"},"primaryImageOfPage":{"@id":"https:\/\/shezamme.com\/sklep\/akcesoria\/wszystkie-akcesoria\/labubu-the-monsters-pin-for-love-series-a-m\/#primaryimage"},"image":{"@id":"https:\/\/shezamme.com\/sklep\/akcesoria\/wszystkie-akcesoria\/labubu-the-monsters-pin-for-love-series-a-m\/#primaryimage"},"thumbnailUrl":"https:\/\/shezamme.com\/wp-content\/uploads\/2025\/10\/Labubu-The-Monsters-Pin-for-Love-Series-A-M.webp","datePublished":"2025-10-07T16:58:34+00:00","dateModified":"2025-10-07T16:58:35+00:00","description":"Labubu The Monsters Pin for Love Series (A-M) | Luksusowe i autentyczne przedmioty w jednym miejscu. B\u0105d\u017a na bie\u017c\u0105co i sprawd\u017a nasz\u0105 ofert\u0119 ju\u017c teraz","breadcrumb":{"@id":"https:\/\/shezamme.com\/sklep\/akcesoria\/wszystkie-akcesoria\/labubu-the-monsters-pin-for-love-series-a-m\/#breadcrumb"},"inLanguage":"en-US","potentialAction":[{"@type":"ReadAction","target":["https:\/\/shezamme.com\/sklep\/akcesoria\/wszystkie-akcesoria\/labubu-the-monsters-pin-for-love-series-a-m\/"]}]},{"@type":"ImageObject","inLanguage":"en-US","@id":"https:\/\/shezamme.com\/sklep\/akcesoria\/wszystkie-akcesoria\/labubu-the-monsters-pin-for-love-series-a-m\/#primaryimage","url":"https:\/\/shezamme.com\/wp-content\/uploads\/2025\/10\/Labubu-The-Monsters-Pin-for-Love-Series-A-M.webp","contentUrl":"https:\/\/shezamme.com\/wp-content\/uploads\/2025\/10\/Labubu-The-Monsters-Pin-for-Love-Series-A-M.webp","width":1080,"height":1080,"caption":"Labubu The Monsters Pin for Love Series (A-M)"},{"@type":"BreadcrumbList","@id":"https:\/\/shezamme.com\/sklep\/akcesoria\/wszystkie-akcesoria\/labubu-the-monsters-pin-for-love-series-a-m\/#breadcrumb","itemListElement":[{"@type":"ListItem","position":1,"name":"Strona g\u0142\u00f3wna","item":"https:\/\/shezamme.com\/"},{"@type":"ListItem","position":2,"name":"Sklep","item":"https:\/\/shezamme.com\/en\/sklep\/"},{"@type":"ListItem","position":3,"name":"Labubu The Monsters Pin for Love Series (A-M)"}]},{"@type":"WebSite","@id":"https:\/\/shezamme.com\/#website","url":"https:\/\/shezamme.com\/","name":"SHEZAMME - Sneakers, Streetwear and luxury brands","description":"Original and exclusive items in one place. Check out our products now and stay up to date with all launches.","publisher":{"@id":"https:\/\/shezamme.com\/#organization"},"potentialAction":[{"@type":"SearchAction","target":{"@type":"EntryPoint","urlTemplate":"https:\/\/shezamme.com\/?s={search_term_string}"},"query-input":{"@type":"PropertyValueSpecification","valueRequired":true,"valueName":"search_term_string"}}],"inLanguage":"en-US"},{"@type":"Organization","@id":"https:\/\/shezamme.com\/#organization","name":"SHEZAMME - Sneakers, Streetwear and luxury brands","url":"https:\/\/shezamme.com\/","logo":{"@type":"ImageObject","inLanguage":"en-US","@id":"https:\/\/shezamme.com\/#\/schema\/logo\/image\/","url":"https:\/\/shezamme.com\/wp-content\/uploads\/2023\/02\/0x0.png","contentUrl":"https:\/\/shezamme.com\/wp-content\/uploads\/2023\/02\/0x0.png","width":2000,"height":2000,"caption":"SHEZAMME - Sneakersy, Streetwear i luksusowe marki"},"image":{"@id":"https:\/\/shezamme.com\/#\/schema\/logo\/image\/"},"sameAs":["https:\/\/www.facebook.com\/SHEZAMME\/","https:\/\/x.com\/SHEZAMME","https:\/\/www.instagram.com\/shezamme\/","https:\/\/www.youtube.com\/channel\/UCsTJxi_9fODHdO_1bmJbqvQ","https:\/\/www.tiktok.com\/shezamme.com"]}]}},"brands":[{"id":1110,"name":"Labubu","slug":"labubu"},{"id":1195,"name":"Popmart","slug":"popmart"}],"_links":{"self":[{"href":"https:\/\/shezamme.com\/en\/wp-json\/wp\/v2\/product\/210606","targetHints":{"allow":["GET"]}}],"collection":[{"href":"https:\/\/shezamme.com\/en\/wp-json\/wp\/v2\/product"}],"about":[{"href":"https:\/\/shezamme.com\/en\/wp-json\/wp\/v2\/types\/product"}],"wp:featuredmedia":[{"embeddable":true,"href":"https:\/\/shezamme.com\/en\/wp-json\/wp\/v2\/media\/210608"}],"wp:attachment":[{"href":"https:\/\/shezamme.com\/en\/wp-json\/wp\/v2\/media?parent=210606"}],"wp:term":[{"taxonomy":"pwb-brand","embeddable":true,"href":"https:\/\/shezamme.com\/en\/wp-json\/wp\/v2\/pwb-brand?post=210606"},{"taxonomy":"product_brand","embeddable":true,"href":"https:\/\/shezamme.com\/en\/wp-json\/wp\/v2\/product_brand?post=210606"},{"taxonomy":"product_cat","embeddable":true,"href":"https:\/\/shezamme.com\/en\/wp-json\/wp\/v2\/product_cat?post=210606"},{"taxonomy":"product_tag","embeddable":true,"href":"https:\/\/shezamme.com\/en\/wp-json\/wp\/v2\/product_tag?post=210606"}],"curies":[{"name":"wp","href":"https:\/\/api.w.org\/{rel}","templated":true}]}}