{"id":20527,"date":"2023-01-13T12:40:06","date_gmt":"2023-01-13T11:40:06","guid":{"rendered":"https:\/\/shezamme.com\/?post_type=product&#038;p=20527"},"modified":"2025-03-17T23:11:46","modified_gmt":"2025-03-17T22:11:46","slug":"nike-sb-dunk-low-pro-why-so-sad","status":"publish","type":"product","link":"https:\/\/shezamme.com\/en\/sklep\/buty\/dunk\/buty-nike-dunk-sb\/nike-sb-dunk-low-pro-why-so-sad\/","title":{"rendered":"Nike SB Dunk Low Pro Why So Sad?"},"content":{"rendered":"<h2 data-start=\"0\" data-end=\"65\">Sneakersy z przes\u0142aniem \u2013 Nike SB Dunk Low Pro \u201eWhy So Sad?\u201d<\/h2>\n<p data-start=\"67\" data-end=\"358\">Nike SB Dunk Low Pro \u201eWhy So Sad?\u201d to wyj\u0105tkowa edycja powsta\u0142a w ramach kampanii promuj\u0105cej \u015bwiadomo\u015b\u0107 zdrowia psychicznego. Subtelna, ale wyrazista kolorystyka \u0142\u0105czy odcienie niebieskiego, granatu i czerwieni, a haftowany motyw ptaka na pi\u0119cie symbolizuje drog\u0119 do lepszego samopoczucia.<\/p>\n<h2 data-start=\"360\" data-end=\"404\">Komfort i trwa\u0142o\u015b\u0107 w klasycznym wydaniu<\/h2>\n<p data-start=\"406\" data-end=\"717\" data-is-last-node=\"\" data-is-only-node=\"\">Cholewka wykonana z po\u0142\u0105czenia sk\u00f3ry naturalnej i zamszu zapewnia trwa\u0142o\u015b\u0107 oraz stylowy wygl\u0105d. Amortyzacja Zoom Air w wk\u0142adce dba o wygod\u0119, a gumowa podeszwa gwarantuje doskona\u0142\u0105 przyczepno\u015b\u0107 \u2013 zar\u00f3wno na desce, jak i na co dzie\u0144. To nie tylko sneakersy, ale te\u017c wa\u017cny manifest spo\u0142eczny w \u015bwiecie streetwearu.<\/p>","protected":false},"excerpt":{"rendered":"<h2 data-start=\"0\" data-end=\"30\">Styl z wa\u017cnym przes\u0142aniem<\/h2>\n<p data-start=\"32\" data-end=\"426\" data-is-last-node=\"\" data-is-only-node=\"\">Nike SB Dunk Low Pro \u201eWhy So Sad?\u201d to nie tylko sneakersy, ale tak\u017ce symbol wsparcia dla zdrowia psychicznego. Cholewka z po\u0142\u0105czenia sk\u00f3ry naturalnej i zamszu w odcieniach niebieskiego i granatu nadaje im unikalny charakter, a haftowany motyw ptaka na pi\u0119cie podkre\u015bla ich przes\u0142anie. Dzi\u0119ki amortyzacji Zoom Air i gumowej podeszwie model ten \u0142\u0105czy wygod\u0119, trwa\u0142o\u015b\u0107 i g\u0142\u0119bszy przekaz spo\u0142eczny.<\/p>","protected":false},"featured_media":20528,"template":"","meta":{"_acf_changed":false},"pwb-brand":[756],"product_brand":[],"product_cat":[16,105,943],"product_tag":[1008,1009],"class_list":{"0":"post-20527","1":"product","2":"type-product","3":"status-publish","4":"has-post-thumbnail","6":"pwb-brand-nike","7":"product_cat-buty","8":"product_cat-dunk","9":"product_cat-buty-nike-dunk-sb","10":"product_tag-kobieta","11":"product_tag-mezczyzna","13":"first","14":"onbackorder","15":"taxable","16":"shipping-taxable","17":"purchasable","18":"product-type-variable","19":"has-default-attributes"},"acf":[],"yoast_head":"<!-- This site is optimized with the Yoast SEO plugin v27.2 - https:\/\/yoast.com\/product\/yoast-seo-wordpress\/ -->\n<title>Nike SB Dunk Low Pro Why So Sad? - SHEZAMME<\/title>\n<meta name=\"description\" content=\"Nike SB Dunk Low Pro Why So Sad? | Luksusowe i autentyczne przedmioty w jednym miejscu. B\u0105d\u017a na bie\u017c\u0105co i sprawd\u017a nasz\u0105 ofert\u0119 ju\u017c teraz\" \/>\n<meta name=\"robots\" content=\"index, follow, max-snippet:-1, max-image-preview:large, max-video-preview:-1\" \/>\n<link rel=\"canonical\" href=\"https:\/\/shezamme.com\/en\/sklep\/sneakers-2\/dunk\/nike-dunk-low\/nike-sb-dunk-low-pro-why-so-sad\/\" \/>\n<meta property=\"og:locale\" content=\"en_US\" \/>\n<meta property=\"og:type\" content=\"article\" \/>\n<meta property=\"og:title\" content=\"Nike SB Dunk Low Pro Why So Sad? - SHEZAMME\" \/>\n<meta property=\"og:description\" content=\"Nike SB Dunk Low Pro Why So Sad? | Luksusowe i autentyczne przedmioty w jednym miejscu. B\u0105d\u017a na bie\u017c\u0105co i sprawd\u017a nasz\u0105 ofert\u0119 ju\u017c teraz\" \/>\n<meta property=\"og:url\" content=\"https:\/\/shezamme.com\/en\/sklep\/sneakers-2\/dunk\/nike-dunk-low\/nike-sb-dunk-low-pro-why-so-sad\/\" \/>\n<meta property=\"og:site_name\" content=\"SHEZAMME - Yeezy, Jordan, Supreme i inne oryginalne rzeczy\" \/>\n<meta property=\"article:publisher\" content=\"https:\/\/www.facebook.com\/SHEZAMME\/\" \/>\n<meta property=\"article:modified_time\" content=\"2025-03-17T22:11:46+00:00\" \/>\n<meta property=\"og:image\" content=\"https:\/\/shezamme.com\/wp-content\/uploads\/2023\/01\/IMG_5554.jpg\" \/>\n\t<meta property=\"og:image:width\" content=\"1170\" \/>\n\t<meta property=\"og:image:height\" content=\"1150\" \/>\n\t<meta property=\"og:image:type\" content=\"image\/jpeg\" \/>\n<meta name=\"twitter:card\" content=\"summary_large_image\" \/>\n<meta name=\"twitter:site\" content=\"@SHEZAMME\" \/>\n<meta name=\"twitter:label1\" content=\"Est. reading time\" \/>\n\t<meta name=\"twitter:data1\" content=\"1 minute\" \/>\n<script type=\"application\/ld+json\" class=\"yoast-schema-graph\">{\"@context\":\"https:\/\/schema.org\",\"@graph\":[{\"@type\":\"WebPage\",\"@id\":\"https:\/\/shezamme.com\/sklep\/buty\/dunk\/nike-dunk-low\/nike-sb-dunk-low-pro-why-so-sad\/\",\"url\":\"https:\/\/shezamme.com\/sklep\/buty\/dunk\/nike-dunk-low\/nike-sb-dunk-low-pro-why-so-sad\/\",\"name\":\"Nike SB Dunk Low Pro Why So Sad? - SHEZAMME\",\"isPartOf\":{\"@id\":\"https:\/\/shezamme.com\/#website\"},\"primaryImageOfPage\":{\"@id\":\"https:\/\/shezamme.com\/sklep\/buty\/dunk\/nike-dunk-low\/nike-sb-dunk-low-pro-why-so-sad\/#primaryimage\"},\"image\":{\"@id\":\"https:\/\/shezamme.com\/sklep\/buty\/dunk\/nike-dunk-low\/nike-sb-dunk-low-pro-why-so-sad\/#primaryimage\"},\"thumbnailUrl\":\"https:\/\/shezamme.com\/wp-content\/uploads\/2023\/01\/IMG_5554.jpg\",\"datePublished\":\"2023-01-13T11:40:06+00:00\",\"dateModified\":\"2025-03-17T22:11:46+00:00\",\"description\":\"Nike SB Dunk Low Pro Why So Sad? | Luksusowe i autentyczne przedmioty w jednym miejscu. B\u0105d\u017a na bie\u017c\u0105co i sprawd\u017a nasz\u0105 ofert\u0119 ju\u017c teraz\",\"breadcrumb\":{\"@id\":\"https:\/\/shezamme.com\/sklep\/buty\/dunk\/nike-dunk-low\/nike-sb-dunk-low-pro-why-so-sad\/#breadcrumb\"},\"inLanguage\":\"en-US\",\"potentialAction\":[{\"@type\":\"ReadAction\",\"target\":[\"https:\/\/shezamme.com\/sklep\/buty\/dunk\/nike-dunk-low\/nike-sb-dunk-low-pro-why-so-sad\/\"]}]},{\"@type\":\"ImageObject\",\"inLanguage\":\"en-US\",\"@id\":\"https:\/\/shezamme.com\/sklep\/buty\/dunk\/nike-dunk-low\/nike-sb-dunk-low-pro-why-so-sad\/#primaryimage\",\"url\":\"https:\/\/shezamme.com\/wp-content\/uploads\/2023\/01\/IMG_5554.jpg\",\"contentUrl\":\"https:\/\/shezamme.com\/wp-content\/uploads\/2023\/01\/IMG_5554.jpg\",\"width\":1170,\"height\":1150,\"caption\":\"Nike SB Dunk Low Pro Why So Sad?\"},{\"@type\":\"BreadcrumbList\",\"@id\":\"https:\/\/shezamme.com\/sklep\/buty\/dunk\/nike-dunk-low\/nike-sb-dunk-low-pro-why-so-sad\/#breadcrumb\",\"itemListElement\":[{\"@type\":\"ListItem\",\"position\":1,\"name\":\"Strona g\u0142\u00f3wna\",\"item\":\"https:\/\/shezamme.com\/\"},{\"@type\":\"ListItem\",\"position\":2,\"name\":\"Sklep\",\"item\":\"https:\/\/shezamme.com\/sklep\/\"},{\"@type\":\"ListItem\",\"position\":3,\"name\":\"Nike SB Dunk Low Pro Why So Sad?\"}]},{\"@type\":\"WebSite\",\"@id\":\"https:\/\/shezamme.com\/#website\",\"url\":\"https:\/\/shezamme.com\/\",\"name\":\"SHEZAMME - Sneakersy, Streetwear i luksusowe marki\",\"description\":\"Oryginalne i ekskluzywne przedmioty w jednym miejscu. Sprawd\u017a nasze produkty ju\u017c teraz i b\u0105d\u017a na bie\u017c\u0105co z wszystkimi premierami.\",\"publisher\":{\"@id\":\"https:\/\/shezamme.com\/#organization\"},\"potentialAction\":[{\"@type\":\"SearchAction\",\"target\":{\"@type\":\"EntryPoint\",\"urlTemplate\":\"https:\/\/shezamme.com\/?s={search_term_string}\"},\"query-input\":{\"@type\":\"PropertyValueSpecification\",\"valueRequired\":true,\"valueName\":\"search_term_string\"}}],\"inLanguage\":\"en-US\"},{\"@type\":\"Organization\",\"@id\":\"https:\/\/shezamme.com\/#organization\",\"name\":\"SHEZAMME - Sneakersy, Streetwear i luksusowe marki\",\"url\":\"https:\/\/shezamme.com\/\",\"logo\":{\"@type\":\"ImageObject\",\"inLanguage\":\"en-US\",\"@id\":\"https:\/\/shezamme.com\/#\/schema\/logo\/image\/\",\"url\":\"https:\/\/shezamme.com\/wp-content\/uploads\/2023\/02\/0x0.png\",\"contentUrl\":\"https:\/\/shezamme.com\/wp-content\/uploads\/2023\/02\/0x0.png\",\"width\":2000,\"height\":2000,\"caption\":\"SHEZAMME - Sneakersy, Streetwear i luksusowe marki\"},\"image\":{\"@id\":\"https:\/\/shezamme.com\/#\/schema\/logo\/image\/\"},\"sameAs\":[\"https:\/\/www.facebook.com\/SHEZAMME\/\",\"https:\/\/x.com\/SHEZAMME\",\"https:\/\/www.instagram.com\/shezamme\/\",\"https:\/\/www.youtube.com\/channel\/UCsTJxi_9fODHdO_1bmJbqvQ\",\"https:\/\/www.tiktok.com\/shezamme.com\"]}]}<\/script>\n<!-- \/ Yoast SEO plugin. -->","yoast_head_json":{"title":"Nike SB Dunk Low Pro Why So Sad? - SHEZAMME","description":"Nike SB Dunk Low Pro Why So Sad? | Luksusowe i autentyczne przedmioty w jednym miejscu. B\u0105d\u017a na bie\u017c\u0105co i sprawd\u017a nasz\u0105 ofert\u0119 ju\u017c teraz","robots":{"index":"index","follow":"follow","max-snippet":"max-snippet:-1","max-image-preview":"max-image-preview:large","max-video-preview":"max-video-preview:-1"},"canonical":"https:\/\/shezamme.com\/en\/sklep\/sneakers-2\/dunk\/nike-dunk-low\/nike-sb-dunk-low-pro-why-so-sad\/","og_locale":"en_US","og_type":"article","og_title":"Nike SB Dunk Low Pro Why So Sad? - SHEZAMME","og_description":"Nike SB Dunk Low Pro Why So Sad? | Luksusowe i autentyczne przedmioty w jednym miejscu. B\u0105d\u017a na bie\u017c\u0105co i sprawd\u017a nasz\u0105 ofert\u0119 ju\u017c teraz","og_url":"https:\/\/shezamme.com\/en\/sklep\/sneakers-2\/dunk\/nike-dunk-low\/nike-sb-dunk-low-pro-why-so-sad\/","og_site_name":"SHEZAMME - Yeezy, Jordan, Supreme i inne oryginalne rzeczy","article_publisher":"https:\/\/www.facebook.com\/SHEZAMME\/","article_modified_time":"2025-03-17T22:11:46+00:00","og_image":[{"width":1170,"height":1150,"url":"https:\/\/shezamme.com\/wp-content\/uploads\/2023\/01\/IMG_5554.jpg","type":"image\/jpeg"}],"twitter_card":"summary_large_image","twitter_site":"@SHEZAMME","twitter_misc":{"Est. reading time":"1 minute"},"schema":{"@context":"https:\/\/schema.org","@graph":[{"@type":"WebPage","@id":"https:\/\/shezamme.com\/sklep\/buty\/dunk\/nike-dunk-low\/nike-sb-dunk-low-pro-why-so-sad\/","url":"https:\/\/shezamme.com\/sklep\/buty\/dunk\/nike-dunk-low\/nike-sb-dunk-low-pro-why-so-sad\/","name":"Nike SB Dunk Low Pro Why So Sad? - SHEZAMME","isPartOf":{"@id":"https:\/\/shezamme.com\/#website"},"primaryImageOfPage":{"@id":"https:\/\/shezamme.com\/sklep\/buty\/dunk\/nike-dunk-low\/nike-sb-dunk-low-pro-why-so-sad\/#primaryimage"},"image":{"@id":"https:\/\/shezamme.com\/sklep\/buty\/dunk\/nike-dunk-low\/nike-sb-dunk-low-pro-why-so-sad\/#primaryimage"},"thumbnailUrl":"https:\/\/shezamme.com\/wp-content\/uploads\/2023\/01\/IMG_5554.jpg","datePublished":"2023-01-13T11:40:06+00:00","dateModified":"2025-03-17T22:11:46+00:00","description":"Nike SB Dunk Low Pro Why So Sad? | Luksusowe i autentyczne przedmioty w jednym miejscu. B\u0105d\u017a na bie\u017c\u0105co i sprawd\u017a nasz\u0105 ofert\u0119 ju\u017c teraz","breadcrumb":{"@id":"https:\/\/shezamme.com\/sklep\/buty\/dunk\/nike-dunk-low\/nike-sb-dunk-low-pro-why-so-sad\/#breadcrumb"},"inLanguage":"en-US","potentialAction":[{"@type":"ReadAction","target":["https:\/\/shezamme.com\/sklep\/buty\/dunk\/nike-dunk-low\/nike-sb-dunk-low-pro-why-so-sad\/"]}]},{"@type":"ImageObject","inLanguage":"en-US","@id":"https:\/\/shezamme.com\/sklep\/buty\/dunk\/nike-dunk-low\/nike-sb-dunk-low-pro-why-so-sad\/#primaryimage","url":"https:\/\/shezamme.com\/wp-content\/uploads\/2023\/01\/IMG_5554.jpg","contentUrl":"https:\/\/shezamme.com\/wp-content\/uploads\/2023\/01\/IMG_5554.jpg","width":1170,"height":1150,"caption":"Nike SB Dunk Low Pro Why So Sad?"},{"@type":"BreadcrumbList","@id":"https:\/\/shezamme.com\/sklep\/buty\/dunk\/nike-dunk-low\/nike-sb-dunk-low-pro-why-so-sad\/#breadcrumb","itemListElement":[{"@type":"ListItem","position":1,"name":"Strona g\u0142\u00f3wna","item":"https:\/\/shezamme.com\/"},{"@type":"ListItem","position":2,"name":"Sklep","item":"https:\/\/shezamme.com\/sklep\/"},{"@type":"ListItem","position":3,"name":"Nike SB Dunk Low Pro Why So Sad?"}]},{"@type":"WebSite","@id":"https:\/\/shezamme.com\/#website","url":"https:\/\/shezamme.com\/","name":"SHEZAMME - Sneakers, Streetwear and luxury brands","description":"Original and exclusive items in one place. Check out our products now and stay up to date with all launches.","publisher":{"@id":"https:\/\/shezamme.com\/#organization"},"potentialAction":[{"@type":"SearchAction","target":{"@type":"EntryPoint","urlTemplate":"https:\/\/shezamme.com\/?s={search_term_string}"},"query-input":{"@type":"PropertyValueSpecification","valueRequired":true,"valueName":"search_term_string"}}],"inLanguage":"en-US"},{"@type":"Organization","@id":"https:\/\/shezamme.com\/#organization","name":"SHEZAMME - Sneakers, Streetwear and luxury brands","url":"https:\/\/shezamme.com\/","logo":{"@type":"ImageObject","inLanguage":"en-US","@id":"https:\/\/shezamme.com\/#\/schema\/logo\/image\/","url":"https:\/\/shezamme.com\/wp-content\/uploads\/2023\/02\/0x0.png","contentUrl":"https:\/\/shezamme.com\/wp-content\/uploads\/2023\/02\/0x0.png","width":2000,"height":2000,"caption":"SHEZAMME - Sneakersy, Streetwear i luksusowe marki"},"image":{"@id":"https:\/\/shezamme.com\/#\/schema\/logo\/image\/"},"sameAs":["https:\/\/www.facebook.com\/SHEZAMME\/","https:\/\/x.com\/SHEZAMME","https:\/\/www.instagram.com\/shezamme\/","https:\/\/www.youtube.com\/channel\/UCsTJxi_9fODHdO_1bmJbqvQ","https:\/\/www.tiktok.com\/shezamme.com"]}]}},"brands":[{"id":756,"name":"Nike","slug":"nike"}],"_links":{"self":[{"href":"https:\/\/shezamme.com\/en\/wp-json\/wp\/v2\/product\/20527","targetHints":{"allow":["GET"]}}],"collection":[{"href":"https:\/\/shezamme.com\/en\/wp-json\/wp\/v2\/product"}],"about":[{"href":"https:\/\/shezamme.com\/en\/wp-json\/wp\/v2\/types\/product"}],"wp:featuredmedia":[{"embeddable":true,"href":"https:\/\/shezamme.com\/en\/wp-json\/wp\/v2\/media\/20528"}],"wp:attachment":[{"href":"https:\/\/shezamme.com\/en\/wp-json\/wp\/v2\/media?parent=20527"}],"wp:term":[{"taxonomy":"pwb-brand","embeddable":true,"href":"https:\/\/shezamme.com\/en\/wp-json\/wp\/v2\/pwb-brand?post=20527"},{"taxonomy":"product_brand","embeddable":true,"href":"https:\/\/shezamme.com\/en\/wp-json\/wp\/v2\/product_brand?post=20527"},{"taxonomy":"product_cat","embeddable":true,"href":"https:\/\/shezamme.com\/en\/wp-json\/wp\/v2\/product_cat?post=20527"},{"taxonomy":"product_tag","embeddable":true,"href":"https:\/\/shezamme.com\/en\/wp-json\/wp\/v2\/product_tag?post=20527"}],"curies":[{"name":"wp","href":"https:\/\/api.w.org\/{rel}","templated":true}]}}